{"id":1534,"date":"2023-10-25T13:51:28","date_gmt":"2023-10-25T13:51:28","guid":{"rendered":"https:\/\/chemuza.org\/de\/erbium\/"},"modified":"2023-10-25T13:51:28","modified_gmt":"2023-10-25T13:51:28","slug":"erbium","status":"publish","type":"page","link":"https:\/\/chemuza.org\/de\/erbium\/","title":{"rendered":"Erbium"},"content":{"rendered":"<p>Zu den Seltenerdmetallen geh\u00f6rt Erbium, das aufgrund seiner strukturellen Zusammensetzung sehr formbare Eigenschaften aufweist. Es wird mit anderen Elementen wie Vanadium kombiniert, um die Formel zu verbessern und in verschiedenen Anwendungen in der metallurgischen, nuklearen und elektronischen Technologieindustrie einzusetzen.<\/p>\n<h2> <strong>Was ist Erbium?<\/strong><\/h2>\n<p> Es ist ein chemisch weiches Verbundmetall mit gl\u00e4nzender silberner Farbe und seinen h\u00e4ufig verwendeten Salzen ist rosa. Erbium kommt in den meisten Mineralien, die seltene Erden enthalten, insbesondere Euxenit und Xenotim, in einem Anteil von 2,2 ppm vor. Seine Eigenschaften variieren je nach Menge und Art der enthaltenen Verunreinigungen, au\u00dferdem kann sich sein Magnetismus durch Temperatur\u00e4nderungen ver\u00e4ndern.<\/p>\n<h2> <strong>Erbium-Symbol<\/strong><\/h2>\n<p> <span class=\"content-chemical-element\" style=\"float: left;width: 65px;height: 65px;border: 3px solid #666; display:flex;\n    justify-content: center;align-items: center;margin-right: 15px;\"><span style=\"font-size: 38px;\">Das<\/span><\/span> Wort Erbium stammt vom Namen einer schwedischen Stadt namens Ytterby, in der gro\u00dfe Vorkommen dieses Metalls entdeckt wurden.<\/p>\n<h2> <strong>Eigenschaften von Erbium<\/strong><\/h2>\n<p> Erbium weist wie andere Lanthanoide Absorptionsbanden in der sichtbaren Kategorie im nahen Infrarot und Ultraviolett auf. Dar\u00fcber hinaus zeichnet es sich gegen\u00fcber den anderen Elementen seiner Gruppe durch seine langsame Oxidation aus. Dar\u00fcber hinaus verf\u00fcgt es \u00fcber folgende Funktionen:<\/p>\n<ul>\n<li> <strong>Zustand<\/strong> : Weich, formbar.<\/li>\n<li> <strong>Farbe<\/strong> : Gl\u00e4nzendes Silber und seine rosa Salze.<\/li>\n<li> <strong>L\u00f6slichkeit<\/strong> : In Wasser und Minerals\u00e4uren.<\/li>\n<li> <strong>Toxizit\u00e4t<\/strong> : M\u00e4\u00dfig.<\/li>\n<li> <strong>Reaktivit\u00e4t<\/strong> : Beh\u00e4lt die Stabilit\u00e4t bei Raumtemperatur.<\/li>\n<li> <strong>Struktur<\/strong> : Kristallin, sechseckig.<\/li>\n<li> <strong>Zusammensetzung<\/strong> : Es hat 68 Elektronen.<\/li>\n<\/ul>\n<h2> <strong>Chemische und physikalische Eigenschaften von Erbium<\/strong><\/h2>\n<ol>\n<li> <strong>Ordnungszahl<\/strong> : 68<\/li>\n<li> <strong>Zeitraum<\/strong> : 6<\/li>\n<li> <strong>Block<\/strong> : f<\/li>\n<li> <strong>Gruppe<\/strong> : Lanthanide<\/li>\n<li> <strong>Kovalenter Radius (\u00c5):<\/strong> 1,57<\/li>\n<li> <strong>Dichte:<\/strong> 9,05 (g\/ml)<\/li>\n<li> <strong>Siedepunkt:<\/strong> 2900 \u00b0C<\/li>\n<li> <strong>Schmelzpunkt:<\/strong> 1497\u00b0C<\/li>\n<li> <strong>Atomradius:<\/strong> 1,75 A<\/li>\n<li> <strong>Ionenradius:<\/strong> 0,96<\/li>\n<li> <strong>Elektronegativit\u00e4t:<\/strong> 1,2<\/li>\n<li> <strong>Oxidationsstufe:<\/strong> 3<\/li>\n<li> <strong>Elektronen pro Schicht:<\/strong> 2, 8, 18, 30, 8, 2<\/li>\n<li> <strong>Elektronische Konfiguration:<\/strong> [Xe] 4f <sup>12<\/sup> 5d <sup>0<\/sup> 6s <sup>2<\/sup><\/li>\n<li> <strong>Erstes Ionisationspotential eV:<\/strong> 589,3 KJ\/mol<\/li>\n<li> <strong>W\u00e4rmeleitf\u00e4higkeit:<\/strong> 15 W\/ (m *K)<\/li>\n<li> <strong>Elektrische Leitf\u00e4higkeit:<\/strong> 1,16 * 10 (6)A \/ (V* m)<\/li>\n<li> <strong>Atommasse (g\/mol):<\/strong> 167,26<\/li>\n<li> <strong>Schmelzw\u00e4rme:<\/strong> 19,9 KJ\/mol<\/li>\n<li> <strong>Oxid:<\/strong> Basisch.<\/li>\n<\/ol>\n<h2> <strong>Herkunft von Erbium<\/strong><\/h2>\n<p> In den Ytterby-Minen in Schweden wurde das Element Erbium erstmals durch chemische Trennungsprozesse des Minerals Gadolinit entdeckt. Diese Entdeckung machte der Chemiker Carl Gustaf Mosander im Jahr 1843. Er trennte drei Elemente, die er Itira, Terbia und Erbia nannte. Allerdings hatte er zun\u00e4chst gro\u00dfe Verwirrung mit den letzten beiden Gegenst\u00e4nden, da es f\u00fcr ihn schwierig war festzustellen, dass die beiden unterschiedliche Eigenschaften hatten.<\/p>\n<p> 1934 gelang es den deutschen Chemikern Heinrich Bommer und Wilhelm Klemm erstmals, reines Erbium zu gewinnen. Durch die Reduktion von wasserfreiem Erbiumchlorid zu Kaliumdampf.<\/p>\n<h2> <strong>Wof\u00fcr wird Erbium verwendet?<\/strong><\/h2>\n<p> Dieses Metalloid hat eine gro\u00dfe F\u00e4higkeit zur Formbarkeit und zum Legieren mit anderen Elementen, weshalb es f\u00fcr verschiedene industrielle und technologische Zwecke verwendet wird, wie zum Beispiel:<\/p>\n<ul>\n<li> Die Stabilit\u00e4t des Metalloids sorgt f\u00fcr eine ideale Neutronend\u00e4mpfung f\u00fcr Kernreaktionen in Reaktorsteuerst\u00e4ben.<\/li>\n<li> Die hohe W\u00e4rmekapazit\u00e4t von Erbiumlegierungen wird in kryogenen K\u00fchlschr\u00e4nken mit Temperaturen von fl\u00fcssigem Helium genutzt.<\/li>\n<li> Golddotiertes Erbium erzeugt ein magnetisches Kalorimeter, das in hochaufl\u00f6senden Teilchendetektorsensoren in Technik und Physik verwendet wird.<\/li>\n<li> Die Legierung aus Silizium und Erbium in optischen Verst\u00e4rkern und Laserfasern.<\/li>\n<li> In der Medizin wird es als Laser zur Entfernung bestimmter gutartiger Hautl\u00e4sionen, Knochen- und Zahnbehandlungen eingesetzt.<\/li>\n<li> Ytterbium-Erbium-Laser mit h\u00f6herem Widerstand zum Schneiden von Schwei\u00dfn\u00e4hten.<\/li>\n<li> Es dient dazu, die Formbarkeit von Vanadium zu erleichtern.<\/li>\n<\/ul>\n<h2> <strong>Erbium: Verwendungen und Anwendungen in Farbe<\/strong><\/h2>\n<p> Es hat dekorative Anwendungen, wenn es im Oxidationszustand vorliegt. Die Kationen +3 und Er3 bilden in Wasser und seinen festen Salzen eine rosa L\u00f6sung. Daher wird dieses Erbiumoxid zum F\u00e4rben von Porzellan und verschiedenen Kristallen oder Gl\u00e4sern verwendet. Dar\u00fcber hinaus wird dieser Ton als Farbstoff f\u00fcr Emails und Lacke verwendet. Es wird auch als fotografischer Filter, in Fernsehern, Sonnenbrillen, Leuchtstofflampen und in Schmuck verwendet.<\/p>\n<h2> <strong>Woher kommt Erbium?<\/strong><\/h2>\n<p> Dieses Metalloid kommt in der Natur nicht in reiner Form vor, sondern in Mineralien, die mit anderen Seltenerdelementen angereichert sind. Genauer gesagt kommt es in Gallodinit, Euxenit, Xenotime, Bastnasit und Monazit vor. Derzeit wird die Trennung des Metalloids durch ein Ionenaustauschverfahren erreicht. Die L\u00e4nder, die Erbium gewinnen, sind China, die Vereinigten Staaten, Indien und Australien.<\/p>\n<p> Kurz gesagt, Erbium ist ein Oxid, das in der Lanthanoidgruppe des Periodensystems vorkommt. Aufgrund seiner physikalischen und chemischen Eigenschaften ist dieses Metalloid ein Hauptbestandteil bei der Herstellung von Kernreaktoren und in der metallurgischen Industrie und verleiht vielen Emails und Glaswaren Farbe.<\/p>\n","protected":false},"excerpt":{"rendered":"<p>Zu den Seltenerdmetallen geh\u00f6rt Erbium, das aufgrund seiner strukturellen Zusammensetzung sehr formbare Eigenschaften aufweist. Es wird mit anderen Elementen wie Vanadium kombiniert, um die Formel zu verbessern und in verschiedenen Anwendungen in der metallurgischen, nuklearen und elektronischen Technologieindustrie einzusetzen. Was ist Erbium? Es ist ein chemisch weiches Verbundmetall mit gl\u00e4nzender silberner Farbe und seinen h\u00e4ufig &#8230; <a title=\"Erbium\" class=\"read-more\" href=\"https:\/\/chemuza.org\/de\/erbium\/\" aria-label=\"Mehr zu Erbium\">Mehr lesen<\/a><\/p>\n","protected":false},"author":1,"featured_media":0,"parent":0,"menu_order":0,"comment_status":"closed","ping_status":"closed","template":"","meta":{"footnotes":""},"class_list":["post-1534","page","type-page","status-publish"],"yoast_head":"<!-- This site is optimized with the Yoast SEO plugin v21.4 - https:\/\/yoast.com\/wordpress\/plugins\/seo\/ -->\n<title>Erbium - Chemuza<\/title>\n<meta name=\"robots\" content=\"index, follow, max-snippet:-1, max-image-preview:large, max-video-preview:-1\" \/>\n<link rel=\"canonical\" href=\"https:\/\/chemuza.org\/de\/erbium\/\" \/>\n<meta property=\"og:locale\" content=\"de_DE\" \/>\n<meta property=\"og:type\" content=\"article\" \/>\n<meta property=\"og:title\" content=\"Erbium - Chemuza\" \/>\n<meta property=\"og:description\" content=\"Zu den Seltenerdmetallen geh\u00f6rt Erbium, das aufgrund seiner strukturellen Zusammensetzung sehr formbare Eigenschaften aufweist. Es wird mit anderen Elementen wie Vanadium kombiniert, um die Formel zu verbessern und in verschiedenen Anwendungen in der metallurgischen, nuklearen und elektronischen Technologieindustrie einzusetzen. Was ist Erbium? Es ist ein chemisch weiches Verbundmetall mit gl\u00e4nzender silberner Farbe und seinen h\u00e4ufig ... Mehr lesen\" \/>\n<meta property=\"og:url\" content=\"https:\/\/chemuza.org\/de\/erbium\/\" \/>\n<meta property=\"og:site_name\" content=\"Chemuza\" \/>\n<meta name=\"twitter:card\" content=\"summary_large_image\" \/>\n<meta name=\"twitter:label1\" content=\"Gesch\u00e4tzte Lesezeit\" \/>\n\t<meta name=\"twitter:data1\" content=\"3\u00a0Minuten\" \/>\n<script type=\"application\/ld+json\" class=\"yoast-schema-graph\">{\"@context\":\"https:\/\/schema.org\",\"@graph\":[{\"@type\":\"WebPage\",\"@id\":\"https:\/\/chemuza.org\/de\/erbium\/\",\"url\":\"https:\/\/chemuza.org\/de\/erbium\/\",\"name\":\"Erbium - Chemuza\",\"isPartOf\":{\"@id\":\"https:\/\/chemuza.org\/de\/#website\"},\"datePublished\":\"2023-10-25T13:51:28+00:00\",\"dateModified\":\"2023-10-25T13:51:28+00:00\",\"breadcrumb\":{\"@id\":\"https:\/\/chemuza.org\/de\/erbium\/#breadcrumb\"},\"inLanguage\":\"de\",\"potentialAction\":[{\"@type\":\"ReadAction\",\"target\":[\"https:\/\/chemuza.org\/de\/erbium\/\"]}]},{\"@type\":\"BreadcrumbList\",\"@id\":\"https:\/\/chemuza.org\/de\/erbium\/#breadcrumb\",\"itemListElement\":[{\"@type\":\"ListItem\",\"position\":1,\"name\":\"Heim\",\"item\":\"https:\/\/chemuza.org\/de\/\"},{\"@type\":\"ListItem\",\"position\":2,\"name\":\"Erbium\"}]},{\"@type\":\"WebSite\",\"@id\":\"https:\/\/chemuza.org\/de\/#website\",\"url\":\"https:\/\/chemuza.org\/de\/\",\"name\":\"Chemuza\",\"description\":\"Ihr Tor zur chemischen Entdeckung\",\"publisher\":{\"@id\":\"https:\/\/chemuza.org\/de\/#organization\"},\"potentialAction\":[{\"@type\":\"SearchAction\",\"target\":{\"@type\":\"EntryPoint\",\"urlTemplate\":\"https:\/\/chemuza.org\/de\/?s={search_term_string}\"},\"query-input\":\"required name=search_term_string\"}],\"inLanguage\":\"de\"},{\"@type\":\"Organization\",\"@id\":\"https:\/\/chemuza.org\/de\/#organization\",\"name\":\"Chemuza\",\"url\":\"https:\/\/chemuza.org\/de\/\",\"logo\":{\"@type\":\"ImageObject\",\"inLanguage\":\"de\",\"@id\":\"https:\/\/chemuza.org\/de\/#\/schema\/logo\/image\/\",\"url\":\"https:\/\/chemuza.org\/de\/wp-content\/uploads\/2023\/10\/chemuza-logo.png\",\"contentUrl\":\"https:\/\/chemuza.org\/de\/wp-content\/uploads\/2023\/10\/chemuza-logo.png\",\"width\":387,\"height\":70,\"caption\":\"Chemuza\"},\"image\":{\"@id\":\"https:\/\/chemuza.org\/de\/#\/schema\/logo\/image\/\"}}]}<\/script>\n<!-- \/ Yoast SEO plugin. -->","yoast_head_json":{"title":"Erbium - Chemuza","robots":{"index":"index","follow":"follow","max-snippet":"max-snippet:-1","max-image-preview":"max-image-preview:large","max-video-preview":"max-video-preview:-1"},"canonical":"https:\/\/chemuza.org\/de\/erbium\/","og_locale":"de_DE","og_type":"article","og_title":"Erbium - Chemuza","og_description":"Zu den Seltenerdmetallen geh\u00f6rt Erbium, das aufgrund seiner strukturellen Zusammensetzung sehr formbare Eigenschaften aufweist. Es wird mit anderen Elementen wie Vanadium kombiniert, um die Formel zu verbessern und in verschiedenen Anwendungen in der metallurgischen, nuklearen und elektronischen Technologieindustrie einzusetzen. Was ist Erbium? Es ist ein chemisch weiches Verbundmetall mit gl\u00e4nzender silberner Farbe und seinen h\u00e4ufig ... Mehr lesen","og_url":"https:\/\/chemuza.org\/de\/erbium\/","og_site_name":"Chemuza","twitter_card":"summary_large_image","twitter_misc":{"Gesch\u00e4tzte Lesezeit":"3\u00a0Minuten"},"schema":{"@context":"https:\/\/schema.org","@graph":[{"@type":"WebPage","@id":"https:\/\/chemuza.org\/de\/erbium\/","url":"https:\/\/chemuza.org\/de\/erbium\/","name":"Erbium - Chemuza","isPartOf":{"@id":"https:\/\/chemuza.org\/de\/#website"},"datePublished":"2023-10-25T13:51:28+00:00","dateModified":"2023-10-25T13:51:28+00:00","breadcrumb":{"@id":"https:\/\/chemuza.org\/de\/erbium\/#breadcrumb"},"inLanguage":"de","potentialAction":[{"@type":"ReadAction","target":["https:\/\/chemuza.org\/de\/erbium\/"]}]},{"@type":"BreadcrumbList","@id":"https:\/\/chemuza.org\/de\/erbium\/#breadcrumb","itemListElement":[{"@type":"ListItem","position":1,"name":"Heim","item":"https:\/\/chemuza.org\/de\/"},{"@type":"ListItem","position":2,"name":"Erbium"}]},{"@type":"WebSite","@id":"https:\/\/chemuza.org\/de\/#website","url":"https:\/\/chemuza.org\/de\/","name":"Chemuza","description":"Ihr Tor zur chemischen Entdeckung","publisher":{"@id":"https:\/\/chemuza.org\/de\/#organization"},"potentialAction":[{"@type":"SearchAction","target":{"@type":"EntryPoint","urlTemplate":"https:\/\/chemuza.org\/de\/?s={search_term_string}"},"query-input":"required name=search_term_string"}],"inLanguage":"de"},{"@type":"Organization","@id":"https:\/\/chemuza.org\/de\/#organization","name":"Chemuza","url":"https:\/\/chemuza.org\/de\/","logo":{"@type":"ImageObject","inLanguage":"de","@id":"https:\/\/chemuza.org\/de\/#\/schema\/logo\/image\/","url":"https:\/\/chemuza.org\/de\/wp-content\/uploads\/2023\/10\/chemuza-logo.png","contentUrl":"https:\/\/chemuza.org\/de\/wp-content\/uploads\/2023\/10\/chemuza-logo.png","width":387,"height":70,"caption":"Chemuza"},"image":{"@id":"https:\/\/chemuza.org\/de\/#\/schema\/logo\/image\/"}}]}},"yoast_meta":{"yoast_wpseo_title":"","yoast_wpseo_metadesc":"","yoast_wpseo_canonical":""},"_links":{"self":[{"href":"https:\/\/chemuza.org\/de\/wp-json\/wp\/v2\/pages\/1534","targetHints":{"allow":["GET"]}}],"collection":[{"href":"https:\/\/chemuza.org\/de\/wp-json\/wp\/v2\/pages"}],"about":[{"href":"https:\/\/chemuza.org\/de\/wp-json\/wp\/v2\/types\/page"}],"author":[{"embeddable":true,"href":"https:\/\/chemuza.org\/de\/wp-json\/wp\/v2\/users\/1"}],"replies":[{"embeddable":true,"href":"https:\/\/chemuza.org\/de\/wp-json\/wp\/v2\/comments?post=1534"}],"version-history":[{"count":1,"href":"https:\/\/chemuza.org\/de\/wp-json\/wp\/v2\/pages\/1534\/revisions"}],"predecessor-version":[{"id":1625,"href":"https:\/\/chemuza.org\/de\/wp-json\/wp\/v2\/pages\/1534\/revisions\/1625"}],"wp:attachment":[{"href":"https:\/\/chemuza.org\/de\/wp-json\/wp\/v2\/media?parent=1534"}],"curies":[{"name":"wp","href":"https:\/\/api.w.org\/{rel}","templated":true}]}}