{"id":1533,"date":"2023-10-25T13:51:27","date_gmt":"2023-10-25T13:51:27","guid":{"rendered":"https:\/\/chemuza.org\/de\/dysprosium\/"},"modified":"2023-10-25T13:51:27","modified_gmt":"2023-10-25T13:51:27","slug":"dysprosium","status":"publish","type":"page","link":"https:\/\/chemuza.org\/de\/dysprosium\/","title":{"rendered":"Dysprosium"},"content":{"rendered":"<p>Dieses \u00dcbergangsmetall geh\u00f6rt zur Gruppe der Seltenerdelemente, wir k\u00f6nnen auch erw\u00e4hnen, dass es aus 7 Isotopen besteht. Ebenso ist Dysprosium ein Metalloid, das nicht isoliert in der Erde vorkommt, sondern zusammen mit anderen vorhandenen Lanthanoiden. Nachfolgend werden die wichtigsten Merkmale, Eigenschaften und Einsatzm\u00f6glichkeiten beschrieben.<\/p>\n<h2> <strong>Was ist Dysprosium?<\/strong><\/h2>\n<p> Es handelt sich um ein metallisch-silbrig gl\u00e4nzendes Metall, das bei Zimmertemperatur gelagert werden kann, in Minerals\u00e4uren jedoch problemlos l\u00f6slich ist. Ebenso erm\u00f6glicht seine lockere Struktur eine Handhabung ohne Funkenbildung bei der Verwendung eines Prozessors.<\/p>\n<h3> <strong>Dysprosium-Symbol<\/strong><\/h3>\n<p> <span class=\"content-chemical-element\" style=\"float: left;width: 65px;height: 65px;border: 3px solid #666; display:flex;\n    justify-content: center;align-items: center;margin-right: 15px;\"><span style=\"font-size: 38px;\">Dy<\/span><\/span> Sein Name kommt vom griechischen <em>dysprositos,<\/em> dessen Bedeutung <em>schwer zu verstehen ist.<\/em> Dies ist auf den strengen Prozess zur\u00fcckzuf\u00fchren, der bei der Extraktion dieses Metalloids erforderlich ist, da f\u00fcr seine Aufl\u00f6sung eine Reihe von Chemikalien verwendet werden m\u00fcssen.<\/p>\n<h2> <strong>Eigenschaften von Dysprosium<\/strong><\/h2>\n<p> Seine Ordnungszahl im Periodensystem betr\u00e4gt 66 und alle seine Verbindungen sind paramagnetisch. Dazu geh\u00f6ren Jodid, Bromid, Chlorid und Fluorid. Dar\u00fcber hinaus verf\u00fcgt es \u00fcber weitere bemerkenswerte Eigenschaften:<\/p>\n<ul>\n<li> <strong>Zustand:<\/strong> Stark, aber leicht zu schneiden.<\/li>\n<li> <strong>Farbe:<\/strong> Silberwei\u00df.<\/li>\n<li> <strong>Geschmack und Geruch:<\/strong> Unangenehmer und leichter Geruch.<\/li>\n<li> <strong>L\u00f6slichkeit:<\/strong> Es ist in Minerals\u00e4uren l\u00f6slich.<\/li>\n<li> <strong>Toxizit\u00e4t:<\/strong> Mild. Bei unsachgem\u00e4\u00dfer Handhabung kann es giftig sein.<\/li>\n<li> <strong>Reaktivit\u00e4t:<\/strong> Es ist bei hohen Temperaturen reaktiv.<\/li>\n<li> <strong>Struktur:<\/strong> Pulver, hergestellt aus seltenem Sand.<\/li>\n<li> <strong>Zusammensetzung:<\/strong> Besteht aus 56 Elektronen, verteilt in 6er-Schichten.<\/li>\n<\/ul>\n<h2> <strong>Chemische und physikalische Eigenschaften von Dysprosium<\/strong><\/h2>\n<ol>\n<li> <strong>Ordnungszahl:<\/strong> 66<\/li>\n<li> <strong>Zeitraum:<\/strong> 6<\/li>\n<li> <strong>Block:<\/strong> F<\/li>\n<li> <strong>Gruppe:<\/strong> 3<\/li>\n<li> <strong>Dichte:<\/strong> 8551 kg\/m\u00b3<\/li>\n<li> <strong>Atomradius:<\/strong> 228 Uhr<\/li>\n<li> <strong>Durchschnittlicher Radius:<\/strong> 175h<\/li>\n<li> <strong>Spezifische W\u00e4rme:<\/strong> 170 J\/(kg K)<\/li>\n<li> <strong>Elektronische Konfiguration:<\/strong> [Xe] 4f <sup>10<\/sup> 6s <sup>2<\/sup><\/li>\n<li> <strong>Atommasse (g\/mol)<\/strong> : 162.500(1)u<\/li>\n<li> <strong>Siedepunkt:<\/strong> 2840 K (2207 \u00b0C)<\/li>\n<li> <strong>Schmelzpunkt:<\/strong> 1680 K (1407 \u00b0C)<\/li>\n<li> <strong>Elektronen pro Schicht:<\/strong> 2, 8, 18, 28, 8, 2.<\/li>\n<li> <strong>Elektronegativit\u00e4t:<\/strong> 1,22 (Pauling)<\/li>\n<li> <strong>Oxidationsstufe:<\/strong> 3 (niedrig basisch)<\/li>\n<li> <strong>Erstes Ionisierungspotential eV:<\/strong> 573,0 kJ\/mol<\/li>\n<li> <strong>W\u00e4rmeleitf\u00e4higkeit:<\/strong> 10,7 W\/(m*K)20.<\/li>\n<li> <strong>Elektrische Leitf\u00e4higkeit:<\/strong> 1,08 \u00d7 106 m-1 \u03a9-1<\/li>\n<\/ol>\n<h2> <strong>Ursprung von Dysprosium<\/strong><\/h2>\n<p> Es wurde 1886 vom franz\u00f6sischen Chemiker Paul \u00c9mile Lecoq de Boisbaudran entdeckt. Als er eines Tages Holmiumoxid manipulierte, gelang es ihm, Dysprosiumoxid zu gewinnen, indem er es in einer S\u00e4ure aufl\u00f6ste und Ammoniak hinzuf\u00fcgte.<\/p>\n<p> Es hei\u00dft jedoch, dass es diesem ber\u00fchmten Chemiker erst beim 30. Versuch gelang, Dysprosium zu gewinnen, das sich deutlicher von den anderen Elementen, mit denen er besch\u00e4ftigt war, unterschied. Erst 1950 gelang es dem Fachmann Frank Spedding von der Iowa State University, es mithilfe ionisierter Austauschtechniken rein zu finden.<\/p>\n<h2> <strong>Wof\u00fcr wird Dysprosium verwendet?<\/strong><\/h2>\n<p> Aufgrund seiner thermischen Neutronenfilterwirkung wird es h\u00e4ufig zusammen mit anderen Elementen wie Vanadium als Rohstoff in Laserkomponenten verwendet. Aufgrund seiner Fusionskapazit\u00e4t ist es auch f\u00fcr die Herstellung nuklearer Steuerst\u00e4be wertvoll. Eine weitere h\u00e4ufige Verwendung ist die Herstellung von CDs, Lampen, Fernsehger\u00e4ten und Glaswaren.<\/p>\n<p> Andererseits wird es bei der Entwicklung von Steuerst\u00e4ben f\u00fcr Kernreaktoren verwendet, da sich diese beim Mischen von Nickel mit diesem Element bei Beschuss weder ausdehnen noch zusammenziehen. Dar\u00fcber hinaus wird es zur Untersuchung chemischer Reaktionen eingesetzt, da es zusammen mit Cadmium Infrarotstrahlung verursacht.<\/p>\n<h2> <strong>Die negativen Auswirkungen von Dysprosium auf die Gesundheit<\/strong><\/h2>\n<p> Es gilt als seltenes Element, das nat\u00fcrlicherweise in geringen Mengen vorkommt. Im Laufe der Jahre wurde es jedoch immer h\u00e4ufiger bei bestimmten Kristallpolierarbeiten eingesetzt, beispielsweise bei der Katalysatorentwicklung. Aus diesem Grund ist seine negative Wirkung in Umgebungen vorhanden, in denen es h\u00e4ufig verwendet wird. Denn sein \u00fcberm\u00e4\u00dfiges Vorkommen kann eine Gefahr f\u00fcr die Leber darstellen, indem es Ablagerungen im K\u00f6rper bildet und Lungenembolien verursacht.<\/p>\n<h2> <strong>Auswirkungen von Dysprosium auf die Umwelt<\/strong><\/h2>\n<p> Manchmal gelangt dieses Metall in die Umwelt, wenn es bei der Herstellung von Ger\u00e4ten und in der \u00d6lindustrie verwendet wird. Ebenso kann es im Boden aufgenommen werden, wenn die Ger\u00e4te, die es enthalten, entsorgt werden.<\/p>\n<p> Wenn diese Art der Anreicherung von Dysprosium in der Umwelt auftritt, ist es sch\u00e4dlich f\u00fcr alle Lebewesen und sogar f\u00fcr die Erde. Bei Meerestieren sch\u00e4digt dies ihre Zellmembranen und beeintr\u00e4chtigt daher das Nervensystem im Allgemeinen und sogar die effektive Fortpflanzung dieser Tiere.<\/p>\n<p> Schlie\u00dflich ist Dysprosium ein interessantes Element, das bei der Herstellung von Glas, Fernsehern und Lampen verwendet wird. Es kommt in der Natur selten vor, muss aber verantwortungsvoll genutzt werden, da es sonst in Verbindung mit Gasen und Feuchtigkeit giftig ist.<\/p>\n","protected":false},"excerpt":{"rendered":"<p>Dieses \u00dcbergangsmetall geh\u00f6rt zur Gruppe der Seltenerdelemente, wir k\u00f6nnen auch erw\u00e4hnen, dass es aus 7 Isotopen besteht. Ebenso ist Dysprosium ein Metalloid, das nicht isoliert in der Erde vorkommt, sondern zusammen mit anderen vorhandenen Lanthanoiden. Nachfolgend werden die wichtigsten Merkmale, Eigenschaften und Einsatzm\u00f6glichkeiten beschrieben. Was ist Dysprosium? Es handelt sich um ein metallisch-silbrig gl\u00e4nzendes Metall, &#8230; <a title=\"Dysprosium\" class=\"read-more\" href=\"https:\/\/chemuza.org\/de\/dysprosium\/\" aria-label=\"Mehr zu Dysprosium\">Mehr lesen<\/a><\/p>\n","protected":false},"author":1,"featured_media":0,"parent":0,"menu_order":0,"comment_status":"closed","ping_status":"closed","template":"","meta":{"footnotes":""},"class_list":["post-1533","page","type-page","status-publish"],"yoast_head":"<!-- This site is optimized with the Yoast SEO plugin v21.4 - https:\/\/yoast.com\/wordpress\/plugins\/seo\/ -->\n<title>Dysprosium - Chemuza<\/title>\n<meta name=\"robots\" content=\"index, follow, max-snippet:-1, max-image-preview:large, max-video-preview:-1\" \/>\n<link rel=\"canonical\" href=\"https:\/\/chemuza.org\/de\/dysprosium\/\" \/>\n<meta property=\"og:locale\" content=\"de_DE\" \/>\n<meta property=\"og:type\" content=\"article\" \/>\n<meta property=\"og:title\" content=\"Dysprosium - Chemuza\" \/>\n<meta property=\"og:description\" content=\"Dieses \u00dcbergangsmetall geh\u00f6rt zur Gruppe der Seltenerdelemente, wir k\u00f6nnen auch erw\u00e4hnen, dass es aus 7 Isotopen besteht. Ebenso ist Dysprosium ein Metalloid, das nicht isoliert in der Erde vorkommt, sondern zusammen mit anderen vorhandenen Lanthanoiden. Nachfolgend werden die wichtigsten Merkmale, Eigenschaften und Einsatzm\u00f6glichkeiten beschrieben. Was ist Dysprosium? Es handelt sich um ein metallisch-silbrig gl\u00e4nzendes Metall, ... Mehr lesen\" \/>\n<meta property=\"og:url\" content=\"https:\/\/chemuza.org\/de\/dysprosium\/\" \/>\n<meta property=\"og:site_name\" content=\"Chemuza\" \/>\n<meta name=\"twitter:card\" content=\"summary_large_image\" \/>\n<meta name=\"twitter:label1\" content=\"Gesch\u00e4tzte Lesezeit\" \/>\n\t<meta name=\"twitter:data1\" content=\"3\u00a0Minuten\" \/>\n<script type=\"application\/ld+json\" class=\"yoast-schema-graph\">{\"@context\":\"https:\/\/schema.org\",\"@graph\":[{\"@type\":\"WebPage\",\"@id\":\"https:\/\/chemuza.org\/de\/dysprosium\/\",\"url\":\"https:\/\/chemuza.org\/de\/dysprosium\/\",\"name\":\"Dysprosium - Chemuza\",\"isPartOf\":{\"@id\":\"https:\/\/chemuza.org\/de\/#website\"},\"datePublished\":\"2023-10-25T13:51:27+00:00\",\"dateModified\":\"2023-10-25T13:51:27+00:00\",\"breadcrumb\":{\"@id\":\"https:\/\/chemuza.org\/de\/dysprosium\/#breadcrumb\"},\"inLanguage\":\"de\",\"potentialAction\":[{\"@type\":\"ReadAction\",\"target\":[\"https:\/\/chemuza.org\/de\/dysprosium\/\"]}]},{\"@type\":\"BreadcrumbList\",\"@id\":\"https:\/\/chemuza.org\/de\/dysprosium\/#breadcrumb\",\"itemListElement\":[{\"@type\":\"ListItem\",\"position\":1,\"name\":\"Heim\",\"item\":\"https:\/\/chemuza.org\/de\/\"},{\"@type\":\"ListItem\",\"position\":2,\"name\":\"Dysprosium\"}]},{\"@type\":\"WebSite\",\"@id\":\"https:\/\/chemuza.org\/de\/#website\",\"url\":\"https:\/\/chemuza.org\/de\/\",\"name\":\"Chemuza\",\"description\":\"Ihr Tor zur chemischen Entdeckung\",\"publisher\":{\"@id\":\"https:\/\/chemuza.org\/de\/#organization\"},\"potentialAction\":[{\"@type\":\"SearchAction\",\"target\":{\"@type\":\"EntryPoint\",\"urlTemplate\":\"https:\/\/chemuza.org\/de\/?s={search_term_string}\"},\"query-input\":\"required name=search_term_string\"}],\"inLanguage\":\"de\"},{\"@type\":\"Organization\",\"@id\":\"https:\/\/chemuza.org\/de\/#organization\",\"name\":\"Chemuza\",\"url\":\"https:\/\/chemuza.org\/de\/\",\"logo\":{\"@type\":\"ImageObject\",\"inLanguage\":\"de\",\"@id\":\"https:\/\/chemuza.org\/de\/#\/schema\/logo\/image\/\",\"url\":\"https:\/\/chemuza.org\/de\/wp-content\/uploads\/2023\/10\/chemuza-logo.png\",\"contentUrl\":\"https:\/\/chemuza.org\/de\/wp-content\/uploads\/2023\/10\/chemuza-logo.png\",\"width\":387,\"height\":70,\"caption\":\"Chemuza\"},\"image\":{\"@id\":\"https:\/\/chemuza.org\/de\/#\/schema\/logo\/image\/\"}}]}<\/script>\n<!-- \/ Yoast SEO plugin. -->","yoast_head_json":{"title":"Dysprosium - Chemuza","robots":{"index":"index","follow":"follow","max-snippet":"max-snippet:-1","max-image-preview":"max-image-preview:large","max-video-preview":"max-video-preview:-1"},"canonical":"https:\/\/chemuza.org\/de\/dysprosium\/","og_locale":"de_DE","og_type":"article","og_title":"Dysprosium - Chemuza","og_description":"Dieses \u00dcbergangsmetall geh\u00f6rt zur Gruppe der Seltenerdelemente, wir k\u00f6nnen auch erw\u00e4hnen, dass es aus 7 Isotopen besteht. Ebenso ist Dysprosium ein Metalloid, das nicht isoliert in der Erde vorkommt, sondern zusammen mit anderen vorhandenen Lanthanoiden. Nachfolgend werden die wichtigsten Merkmale, Eigenschaften und Einsatzm\u00f6glichkeiten beschrieben. Was ist Dysprosium? Es handelt sich um ein metallisch-silbrig gl\u00e4nzendes Metall, ... Mehr lesen","og_url":"https:\/\/chemuza.org\/de\/dysprosium\/","og_site_name":"Chemuza","twitter_card":"summary_large_image","twitter_misc":{"Gesch\u00e4tzte Lesezeit":"3\u00a0Minuten"},"schema":{"@context":"https:\/\/schema.org","@graph":[{"@type":"WebPage","@id":"https:\/\/chemuza.org\/de\/dysprosium\/","url":"https:\/\/chemuza.org\/de\/dysprosium\/","name":"Dysprosium - Chemuza","isPartOf":{"@id":"https:\/\/chemuza.org\/de\/#website"},"datePublished":"2023-10-25T13:51:27+00:00","dateModified":"2023-10-25T13:51:27+00:00","breadcrumb":{"@id":"https:\/\/chemuza.org\/de\/dysprosium\/#breadcrumb"},"inLanguage":"de","potentialAction":[{"@type":"ReadAction","target":["https:\/\/chemuza.org\/de\/dysprosium\/"]}]},{"@type":"BreadcrumbList","@id":"https:\/\/chemuza.org\/de\/dysprosium\/#breadcrumb","itemListElement":[{"@type":"ListItem","position":1,"name":"Heim","item":"https:\/\/chemuza.org\/de\/"},{"@type":"ListItem","position":2,"name":"Dysprosium"}]},{"@type":"WebSite","@id":"https:\/\/chemuza.org\/de\/#website","url":"https:\/\/chemuza.org\/de\/","name":"Chemuza","description":"Ihr Tor zur chemischen Entdeckung","publisher":{"@id":"https:\/\/chemuza.org\/de\/#organization"},"potentialAction":[{"@type":"SearchAction","target":{"@type":"EntryPoint","urlTemplate":"https:\/\/chemuza.org\/de\/?s={search_term_string}"},"query-input":"required name=search_term_string"}],"inLanguage":"de"},{"@type":"Organization","@id":"https:\/\/chemuza.org\/de\/#organization","name":"Chemuza","url":"https:\/\/chemuza.org\/de\/","logo":{"@type":"ImageObject","inLanguage":"de","@id":"https:\/\/chemuza.org\/de\/#\/schema\/logo\/image\/","url":"https:\/\/chemuza.org\/de\/wp-content\/uploads\/2023\/10\/chemuza-logo.png","contentUrl":"https:\/\/chemuza.org\/de\/wp-content\/uploads\/2023\/10\/chemuza-logo.png","width":387,"height":70,"caption":"Chemuza"},"image":{"@id":"https:\/\/chemuza.org\/de\/#\/schema\/logo\/image\/"}}]}},"yoast_meta":{"yoast_wpseo_title":"","yoast_wpseo_metadesc":"","yoast_wpseo_canonical":""},"_links":{"self":[{"href":"https:\/\/chemuza.org\/de\/wp-json\/wp\/v2\/pages\/1533","targetHints":{"allow":["GET"]}}],"collection":[{"href":"https:\/\/chemuza.org\/de\/wp-json\/wp\/v2\/pages"}],"about":[{"href":"https:\/\/chemuza.org\/de\/wp-json\/wp\/v2\/types\/page"}],"author":[{"embeddable":true,"href":"https:\/\/chemuza.org\/de\/wp-json\/wp\/v2\/users\/1"}],"replies":[{"embeddable":true,"href":"https:\/\/chemuza.org\/de\/wp-json\/wp\/v2\/comments?post=1533"}],"version-history":[{"count":1,"href":"https:\/\/chemuza.org\/de\/wp-json\/wp\/v2\/pages\/1533\/revisions"}],"predecessor-version":[{"id":1621,"href":"https:\/\/chemuza.org\/de\/wp-json\/wp\/v2\/pages\/1533\/revisions\/1621"}],"wp:attachment":[{"href":"https:\/\/chemuza.org\/de\/wp-json\/wp\/v2\/media?parent=1533"}],"curies":[{"name":"wp","href":"https:\/\/api.w.org\/{rel}","templated":true}]}}