{"id":1532,"date":"2023-07-14T05:59:12","date_gmt":"2023-07-14T05:59:12","guid":{"rendered":"https:\/\/chemuza.org\/de\/terbium\/"},"modified":"2023-07-14T05:59:12","modified_gmt":"2023-07-14T05:59:12","slug":"terbium","status":"publish","type":"page","link":"https:\/\/chemuza.org\/de\/terbium\/","title":{"rendered":"Terbium"},"content":{"rendered":"<p>Dieses Metalloid hat die Ordnungszahl 65 im Periodensystem. Dar\u00fcber hinaus ist bekannt, dass es sich um ein internes \u00dcbergangsmaterial handelt und es nachweislich aus seltenen Erden in Oxidform stammt. Seine Konzentration in der Erdkruste betr\u00e4gt 0,09 ppm. Als n\u00e4chstes erfahren Sie etwas mehr \u00fcber die chemischen Fakten von Terbium.<\/p>\n<h2> <strong>Was ist Terbium?<\/strong><\/h2>\n<p> Es ist ein festes Element von wei\u00dfer Farbe mit silbernen Reflexen, das jedoch nach der Aufl\u00f6sung farblos wird. Ebenso ist dieses Material in seiner Gesamtheit duktil oder formbar, es ist kein eigenst\u00e4ndiges Material, sondern kommt zusammen mit anderen Lanthanidenelementen vor. Au\u00dferdem reagiert es langsam in hei\u00dfem Wasser.<\/p>\n<h3> <strong>Terbium-Symbol<\/strong><\/h3>\n<p> <span class=\"content-chemical-element\" style=\"float: left;width: 65px;height: 65px;border: 3px solid #666; display:flex;\n    justify-content: center;align-items: center;margin-right: 15px;\"><span style=\"font-size: 38px;\">Tb<\/span><\/span> Sein Name stammt von der schwedischen Stadt <em>Ytterby<\/em> , wo es erstmals von Mosander, einem Chemiker, gesehen wurde, der es entdeckte und seine Studie entwickelte. In dieser Untersuchung wurde Terbium als schwaches Strukturelement beschrieben, das mit einem scharfen Gegenstand geschnitten werden kann.<\/p>\n<h2> <strong>Eigenschaften von Terbium<\/strong><\/h2>\n<p> Eine seiner Besonderheiten besteht darin, dass es lange Zeit der Luft ausgesetzt werden kann und bei Raumtemperatur stabil bleibt. Seine wei\u00dfe Farbe mit silbernen Reflexen verwandelt sich bei Oxidation in ein intensives Braun. Weitere wichtige Funktionen sind:<\/p>\n<ul>\n<li> <strong>Zustand<\/strong> : Feste und gespr\u00fchte Textur.<\/li>\n<li> <strong>Farbe<\/strong> : Erscheint zwischen Wei\u00df und Silber.<\/li>\n<li> <strong>Geschmack und Geruch<\/strong> : Bitter und ohne spezifischen Geruch.<\/li>\n<li> <strong>L\u00f6slichkeit<\/strong> : Es ist in definierten S\u00e4uren l\u00f6slich.<\/li>\n<li> <strong>Toxizit\u00e4t<\/strong> : M\u00e4\u00dfig bei regelm\u00e4\u00dfiger Anwendung.<\/li>\n<li> <strong>Reaktivit\u00e4t<\/strong> : Es reagiert im Allgemeinen mit Sauerstoff und S\u00e4uren.<\/li>\n<li> <strong>Struktur<\/strong> : Sechseckig kristallin.<\/li>\n<li> <strong>Zusammensetzung<\/strong> : Die Atomstruktur von Terbium besteht aus 65 Protonen und 65 Elektronen.<\/li>\n<\/ul>\n<h2> <strong>Chemische und physikalische Eigenschaften von Terbium<\/strong><\/h2>\n<ol>\n<li> <strong>Ordnungszahl<\/strong> : 65<\/li>\n<li> <strong>Zeitraum<\/strong> : 6<\/li>\n<li> <strong>Block<\/strong> : F<\/li>\n<li> <strong>Gruppe<\/strong> : 3<\/li>\n<li> <strong>Dichte:<\/strong> 8219 kg\/m\u00b3<\/li>\n<li> <strong>Schmelzpunkt:<\/strong> 1356\u00b0C<\/li>\n<li> <strong>Atomradius:<\/strong> 1,80<\/li>\n<li> <strong>Durchschnittlicher Radius:<\/strong> 175h<\/li>\n<li> <strong>Elektronegativit\u00e4t:<\/strong> 1,2<\/li>\n<li> <strong>Oxidationsstufe:<\/strong> +3<\/li>\n<li> <strong>Oxid:<\/strong> Leicht basisch.<\/li>\n<li> <strong>Spezifische W\u00e4rme:<\/strong> 10,8 kJ\/mol<\/li>\n<li> <strong>Elektronische Konfiguration:<\/strong> [Xe] 4f <sup>9<\/sup> 6s <sup>2<\/sup><\/li>\n<li> <strong>Atommasse (g\/mol):<\/strong> 158,924 u<\/li>\n<li> <strong>Elektronen pro Schale:<\/strong> 2, 8, 18, 27, 8, 2<\/li>\n<li> <strong>Erstes Ionisationspotential eV:<\/strong> 6,76 kJ\/mol<\/li>\n<li> <strong>W\u00e4rmeleitf\u00e4higkeit:<\/strong> 11,1 W\/(K\u00b7m)<\/li>\n<li> <strong>Elektrische Leitf\u00e4higkeit:<\/strong> 0,889 \u00d7 106S\/m<\/li>\n<li> <strong>Kovalenter Radius (\u00c5):<\/strong> 1,59 Uhr<\/li>\n<li> <strong>Siedepunkt:<\/strong> 2800\u00b0C<\/li>\n<\/ol>\n<h2> <strong>Herkunft von Terbium<\/strong><\/h2>\n<p> Es wurde 1843 vom Schweden Carl Gustaf Mosander in Form eines im Mineral Yttrium vorhandenen R\u00fcckstands entdeckt. Seine Identifizierung geht auf die Stadt Ytterby in Schweden zur\u00fcck, wo es erstmals entdeckt wurde. Es dauerte jedoch bis 1905, bis Georges Urbain es durch die Anwendung verschiedener Techniken f\u00fcr diesen Prozess auf reine Weise trennte. Terbium ist ein Metall, das in Elementen wie Silber und Quecksilber vorkommt.<\/p>\n<h2> <strong>Wof\u00fcr wird Terbium verwendet?<\/strong><\/h2>\n<p> Es wird verwendet, um die Bestandteile von Mineralien wie Wolfram oder Kalziumfluorid zu verf\u00e4lschen, die zur Durchf\u00fchrung verschiedener Verfahren oder zur Herstellung verwendet werden. Ebenso ist seine Verwendung mit Oxosulfat eine der Hauptanwendungen bei radiologischen Aktivit\u00e4ten. Dar\u00fcber hinaus verf\u00fcgt es \u00fcber weitere Dienstprogramme:<\/p>\n<ul>\n<li> Bei der Entwicklung elektronischer Materie dank ihrer Verbindung mit Zirkoniumoxid.<\/li>\n<li> Als stabilisierendes Glas bei der Herstellung brennbarer Materialien bei hohen Temperaturen.<\/li>\n<li> Dank der Verwendung seines Oxids und seiner gr\u00fcnen Leuchtstoffe ist es sehr n\u00fctzlich bei der Herstellung von Leuchtstofflampen und -r\u00f6hren zur \u00dcbertragung von Bildern auf Fernsehbildschirmen.<\/li>\n<li> Zusammen mit Natriumborat ist es ideal zur Erzeugung von Laserlicht guter Qualit\u00e4t und ausreichender Reichweite.<\/li>\n<li> Aufgrund der darin enthaltenen Komponenten eignet es sich hervorragend f\u00fcr magnetische Konstruktionen.<\/li>\n<li> Wird f\u00fcr Hochleistungsmagnete unter Verwendung von Bor und Metall verwendet.<\/li>\n<\/ul>\n<h2> <strong>Wie bekomme ich Terbium?<\/strong><\/h2>\n<p> Es kann in bestimmten Mineralien wie Monazit, Gadolinit und Auxenid nachgewiesen werden, selbst wenn sie nur 15 % dieses Metalloids enthalten. Diese Metallverbindung ist vor allem im S\u00fcden Chinas gefragt. Andererseits ergaben verschiedene Studien im Jahr 2011, dass es im Meeresboden ganz in der N\u00e4he von Hawaii erhebliche Reserven dieses Metalls gibt, wo es eine Reihe idealer Lagerst\u00e4tten f\u00fcr seine Produktion gibt.<\/p>\n<h2> <strong>Bedeutung der Terbiumproduktion<\/strong><\/h2>\n<p> Dieses Metalloid ist auf industrieller Ebene von gro\u00dfer Bedeutung, da es zusammen mit anderen Elementen in verschiedenen Produktionsprozessen verwendet wird. Mitte 2012 wurde ein Bericht ver\u00f6ffentlicht, in dem Terbium aufgrund seiner geringen Konzentration als eines der Metalle identifiziert wurde, bei denen das Risiko besteht, dass es von der Erdoberfl\u00e4che verschwindet. Seine Verwendung zum Polieren von Kristallen und zur Herstellung von Katalysatoren nimmt jedoch t\u00e4glich zu.<\/p>\n<p> Zusammenfassend l\u00e4sst sich sagen, dass Terbium ein bekanntes Metall ist, das f\u00fcr verschiedene Prozesse auf industrieller Ebene von entscheidender Bedeutung ist. Der Zugang und die Verf\u00fcgbarkeit dieses Metalls sind jedoch selten, was weltweit Anlass zur Sorge gibt.<\/p>\n","protected":false},"excerpt":{"rendered":"<p>Dieses Metalloid hat die Ordnungszahl 65 im Periodensystem. Dar\u00fcber hinaus ist bekannt, dass es sich um ein internes \u00dcbergangsmaterial handelt und es nachweislich aus seltenen Erden in Oxidform stammt. Seine Konzentration in der Erdkruste betr\u00e4gt 0,09 ppm. Als n\u00e4chstes erfahren Sie etwas mehr \u00fcber die chemischen Fakten von Terbium. Was ist Terbium? Es ist ein &#8230; <a title=\"Terbium\" class=\"read-more\" href=\"https:\/\/chemuza.org\/de\/terbium\/\" aria-label=\"Mehr zu Terbium\">Mehr lesen<\/a><\/p>\n","protected":false},"author":1,"featured_media":0,"parent":0,"menu_order":0,"comment_status":"closed","ping_status":"closed","template":"","meta":{"footnotes":""},"class_list":["post-1532","page","type-page","status-publish"],"yoast_head":"<!-- This site is optimized with the Yoast SEO plugin v21.4 - https:\/\/yoast.com\/wordpress\/plugins\/seo\/ -->\n<title>Terbium - Chemuza<\/title>\n<meta name=\"robots\" content=\"index, follow, max-snippet:-1, max-image-preview:large, max-video-preview:-1\" \/>\n<link rel=\"canonical\" href=\"https:\/\/chemuza.org\/de\/terbium\/\" \/>\n<meta property=\"og:locale\" content=\"de_DE\" \/>\n<meta property=\"og:type\" content=\"article\" \/>\n<meta property=\"og:title\" content=\"Terbium - Chemuza\" \/>\n<meta property=\"og:description\" content=\"Dieses Metalloid hat die Ordnungszahl 65 im Periodensystem. Dar\u00fcber hinaus ist bekannt, dass es sich um ein internes \u00dcbergangsmaterial handelt und es nachweislich aus seltenen Erden in Oxidform stammt. Seine Konzentration in der Erdkruste betr\u00e4gt 0,09 ppm. Als n\u00e4chstes erfahren Sie etwas mehr \u00fcber die chemischen Fakten von Terbium. Was ist Terbium? Es ist ein ... Mehr lesen\" \/>\n<meta property=\"og:url\" content=\"https:\/\/chemuza.org\/de\/terbium\/\" \/>\n<meta property=\"og:site_name\" content=\"Chemuza\" \/>\n<meta name=\"twitter:card\" content=\"summary_large_image\" \/>\n<meta name=\"twitter:label1\" content=\"Gesch\u00e4tzte Lesezeit\" \/>\n\t<meta name=\"twitter:data1\" content=\"4\u00a0Minuten\" \/>\n<script type=\"application\/ld+json\" class=\"yoast-schema-graph\">{\"@context\":\"https:\/\/schema.org\",\"@graph\":[{\"@type\":\"WebPage\",\"@id\":\"https:\/\/chemuza.org\/de\/terbium\/\",\"url\":\"https:\/\/chemuza.org\/de\/terbium\/\",\"name\":\"Terbium - Chemuza\",\"isPartOf\":{\"@id\":\"https:\/\/chemuza.org\/de\/#website\"},\"datePublished\":\"2023-07-14T05:59:12+00:00\",\"dateModified\":\"2023-07-14T05:59:12+00:00\",\"breadcrumb\":{\"@id\":\"https:\/\/chemuza.org\/de\/terbium\/#breadcrumb\"},\"inLanguage\":\"de\",\"potentialAction\":[{\"@type\":\"ReadAction\",\"target\":[\"https:\/\/chemuza.org\/de\/terbium\/\"]}]},{\"@type\":\"BreadcrumbList\",\"@id\":\"https:\/\/chemuza.org\/de\/terbium\/#breadcrumb\",\"itemListElement\":[{\"@type\":\"ListItem\",\"position\":1,\"name\":\"Heim\",\"item\":\"https:\/\/chemuza.org\/de\/\"},{\"@type\":\"ListItem\",\"position\":2,\"name\":\"Terbium\"}]},{\"@type\":\"WebSite\",\"@id\":\"https:\/\/chemuza.org\/de\/#website\",\"url\":\"https:\/\/chemuza.org\/de\/\",\"name\":\"Chemuza\",\"description\":\"Ihr Tor zur chemischen Entdeckung\",\"publisher\":{\"@id\":\"https:\/\/chemuza.org\/de\/#organization\"},\"potentialAction\":[{\"@type\":\"SearchAction\",\"target\":{\"@type\":\"EntryPoint\",\"urlTemplate\":\"https:\/\/chemuza.org\/de\/?s={search_term_string}\"},\"query-input\":\"required name=search_term_string\"}],\"inLanguage\":\"de\"},{\"@type\":\"Organization\",\"@id\":\"https:\/\/chemuza.org\/de\/#organization\",\"name\":\"Chemuza\",\"url\":\"https:\/\/chemuza.org\/de\/\",\"logo\":{\"@type\":\"ImageObject\",\"inLanguage\":\"de\",\"@id\":\"https:\/\/chemuza.org\/de\/#\/schema\/logo\/image\/\",\"url\":\"https:\/\/chemuza.org\/de\/wp-content\/uploads\/2023\/10\/chemuza-logo.png\",\"contentUrl\":\"https:\/\/chemuza.org\/de\/wp-content\/uploads\/2023\/10\/chemuza-logo.png\",\"width\":387,\"height\":70,\"caption\":\"Chemuza\"},\"image\":{\"@id\":\"https:\/\/chemuza.org\/de\/#\/schema\/logo\/image\/\"}}]}<\/script>\n<!-- \/ Yoast SEO plugin. -->","yoast_head_json":{"title":"Terbium - Chemuza","robots":{"index":"index","follow":"follow","max-snippet":"max-snippet:-1","max-image-preview":"max-image-preview:large","max-video-preview":"max-video-preview:-1"},"canonical":"https:\/\/chemuza.org\/de\/terbium\/","og_locale":"de_DE","og_type":"article","og_title":"Terbium - Chemuza","og_description":"Dieses Metalloid hat die Ordnungszahl 65 im Periodensystem. Dar\u00fcber hinaus ist bekannt, dass es sich um ein internes \u00dcbergangsmaterial handelt und es nachweislich aus seltenen Erden in Oxidform stammt. Seine Konzentration in der Erdkruste betr\u00e4gt 0,09 ppm. Als n\u00e4chstes erfahren Sie etwas mehr \u00fcber die chemischen Fakten von Terbium. Was ist Terbium? Es ist ein ... Mehr lesen","og_url":"https:\/\/chemuza.org\/de\/terbium\/","og_site_name":"Chemuza","twitter_card":"summary_large_image","twitter_misc":{"Gesch\u00e4tzte Lesezeit":"4\u00a0Minuten"},"schema":{"@context":"https:\/\/schema.org","@graph":[{"@type":"WebPage","@id":"https:\/\/chemuza.org\/de\/terbium\/","url":"https:\/\/chemuza.org\/de\/terbium\/","name":"Terbium - Chemuza","isPartOf":{"@id":"https:\/\/chemuza.org\/de\/#website"},"datePublished":"2023-07-14T05:59:12+00:00","dateModified":"2023-07-14T05:59:12+00:00","breadcrumb":{"@id":"https:\/\/chemuza.org\/de\/terbium\/#breadcrumb"},"inLanguage":"de","potentialAction":[{"@type":"ReadAction","target":["https:\/\/chemuza.org\/de\/terbium\/"]}]},{"@type":"BreadcrumbList","@id":"https:\/\/chemuza.org\/de\/terbium\/#breadcrumb","itemListElement":[{"@type":"ListItem","position":1,"name":"Heim","item":"https:\/\/chemuza.org\/de\/"},{"@type":"ListItem","position":2,"name":"Terbium"}]},{"@type":"WebSite","@id":"https:\/\/chemuza.org\/de\/#website","url":"https:\/\/chemuza.org\/de\/","name":"Chemuza","description":"Ihr Tor zur chemischen Entdeckung","publisher":{"@id":"https:\/\/chemuza.org\/de\/#organization"},"potentialAction":[{"@type":"SearchAction","target":{"@type":"EntryPoint","urlTemplate":"https:\/\/chemuza.org\/de\/?s={search_term_string}"},"query-input":"required name=search_term_string"}],"inLanguage":"de"},{"@type":"Organization","@id":"https:\/\/chemuza.org\/de\/#organization","name":"Chemuza","url":"https:\/\/chemuza.org\/de\/","logo":{"@type":"ImageObject","inLanguage":"de","@id":"https:\/\/chemuza.org\/de\/#\/schema\/logo\/image\/","url":"https:\/\/chemuza.org\/de\/wp-content\/uploads\/2023\/10\/chemuza-logo.png","contentUrl":"https:\/\/chemuza.org\/de\/wp-content\/uploads\/2023\/10\/chemuza-logo.png","width":387,"height":70,"caption":"Chemuza"},"image":{"@id":"https:\/\/chemuza.org\/de\/#\/schema\/logo\/image\/"}}]}},"yoast_meta":{"yoast_wpseo_title":"","yoast_wpseo_metadesc":"","yoast_wpseo_canonical":""},"_links":{"self":[{"href":"https:\/\/chemuza.org\/de\/wp-json\/wp\/v2\/pages\/1532","targetHints":{"allow":["GET"]}}],"collection":[{"href":"https:\/\/chemuza.org\/de\/wp-json\/wp\/v2\/pages"}],"about":[{"href":"https:\/\/chemuza.org\/de\/wp-json\/wp\/v2\/types\/page"}],"author":[{"embeddable":true,"href":"https:\/\/chemuza.org\/de\/wp-json\/wp\/v2\/users\/1"}],"replies":[{"embeddable":true,"href":"https:\/\/chemuza.org\/de\/wp-json\/wp\/v2\/comments?post=1532"}],"version-history":[{"count":0,"href":"https:\/\/chemuza.org\/de\/wp-json\/wp\/v2\/pages\/1532\/revisions"}],"wp:attachment":[{"href":"https:\/\/chemuza.org\/de\/wp-json\/wp\/v2\/media?parent=1532"}],"curies":[{"name":"wp","href":"https:\/\/api.w.org\/{rel}","templated":true}]}}