{"id":1531,"date":"2023-10-25T13:51:27","date_gmt":"2023-10-25T13:51:27","guid":{"rendered":"https:\/\/chemuza.org\/de\/gadolinium\/"},"modified":"2023-10-25T13:51:27","modified_gmt":"2023-10-25T13:51:27","slug":"gadolinium","status":"publish","type":"page","link":"https:\/\/chemuza.org\/de\/gadolinium\/","title":{"rendered":"Gadolinium"},"content":{"rendered":"<p>Gadolinium ist eines der seltenen Metalloide, die in der Natur in Mischung mit anderen Mineralien wie Gadolinit und Didymium vorkommen. Seine Gewinnung boomt heute, da es Eigenschaften enth\u00e4lt, die im Nuklearbereich, in der Medizin und in der Elektronik verwendet werden. Entdecken Sie alles \u00fcber dieses nat\u00fcrliche Element.<\/p>\n<h2> <strong>Was ist Gadolinium?<\/strong><\/h2>\n<p> Dieses chemische Element geh\u00f6rt zur Gruppe der Lanthaniden oder Seltenerdelemente im Periodensystem. In seinem nat\u00fcrlichen Zustand ist es fest, weich, formbar, duktil und hat eine silberwei\u00dfe Farbe. Es kommt in der Erdkruste in einer Menge von 7,7 ppm vor und hat eine gr\u00f6\u00dfere F\u00e4higkeit, Protonen anzuziehen. Dar\u00fcber hinaus \u00fcbt es bei hohen Temperaturen eine starke paramagnetische Wirkung aus und verh\u00e4lt sich bei niedrigen Temperaturen wie ein Ferromagnet.<\/p>\n<h3> <strong>Gadolinium-Symbol<\/strong><\/h3>\n<p> <span class=\"content-chemical-element\" style=\"float: left;width: 65px;height: 65px;border: 3px solid #666; display:flex;\n    justify-content: center;align-items: center;margin-right: 15px;\"><span style=\"font-size: 38px;\">Gd<\/span><\/span> ist nach Gadolinit benannt, einem Mineral, das der finnische Chemiker und Geologe Johan Gadolin schon viel fr\u00fcher entdeckt hatte. Allerdings gelang die Trennung zwischen Metall und Mineral erstmals dem franz\u00f6sischen Chemiker Paul \u00c9mile Lecoq de Boisbaudran.<\/p>\n<h2> <strong>Eigenschaften von Gadolinium<\/strong><\/h2>\n<p> Es handelt sich um ein internes \u00dcbergangsoxid, das im Allgemeinen im dreiwertigen Zustand (Gd3) vorkommt. Aufgrund seiner ferromagnetischen Eigenschaften geh\u00f6rt Gadolinium zur Gruppe der Elemente, die Magnete bilden. Dar\u00fcber hinaus weist dieses Metalloid weitere bemerkenswerte Eigenschaften auf:<\/p>\n<ul>\n<li> <strong>Zustand<\/strong> : Fest und polykristallin.<\/li>\n<li> <strong>Farbe<\/strong> : Silberwei\u00df und in Salzen farblos.<\/li>\n<li> <strong>L\u00f6slichkeit<\/strong> : In S\u00e4uren ist es l\u00f6slich.<\/li>\n<li> <strong>Toxizit\u00e4t<\/strong> : Es ist in seinem nat\u00fcrlichen Zustand sehr giftig.<\/li>\n<li> <strong>Reaktivit\u00e4t<\/strong> : Reagiert mit Wasser und Sauerstoff, zeigt an trockener Luft keine Ver\u00e4nderungen. Bei Feuchtigkeit bildet es eine Oxidschicht.<\/li>\n<li> <strong>Struktur<\/strong> : Kristallin und kompakt sechseckig.<\/li>\n<li> <strong>Zusammensetzung<\/strong> : Es hat 64 Elektronen, die auf 6 Schalen verteilt sind.<\/li>\n<\/ul>\n<h2> <strong>Chemische und physikalische Eigenschaften von Gadolinium<\/strong><\/h2>\n<ol>\n<li> <strong>Ordnungszahl<\/strong> : 64<\/li>\n<li> <strong>Zeitraum<\/strong> : 6<\/li>\n<li> <strong>Blockieren<\/strong> :f<\/li>\n<li> <strong>Gruppe<\/strong> : 3<\/li>\n<li> <strong>Dichte:<\/strong> 7,89<\/li>\n<li> <strong>Schmelzpunkt:<\/strong> 1312\u00b0C<\/li>\n<li> <strong>Atomradius:<\/strong> 1,79<\/li>\n<li> <strong>Durchschnittlicher Radius:<\/strong> 188h<\/li>\n<li> <strong>Elektronegativit\u00e4t:<\/strong> 1,20<\/li>\n<li> <strong>Oxidationsstufe:<\/strong> 3<\/li>\n<li> <strong>Rost:<\/strong> Etwas einfach.<\/li>\n<li> <strong>Kovalenter Radius (\u00c5):<\/strong> 1,61<\/li>\n<li> <strong>Elektronen pro Schicht:<\/strong> 2, 8, 18, 25, 9, 2<\/li>\n<li> <strong>Elektronische Konfiguration:<\/strong> [Xe]4f <sup>7<\/sup> 5d <sup>1<\/sup> 6s <sup>2<\/sup><\/li>\n<li> <strong>Erstes Ionisationspotential eV:<\/strong> 6,20<\/li>\n<li> <strong>W\u00e4rmeleitf\u00e4higkeit:<\/strong> 10,6 W\/(Km)<\/li>\n<li> <strong>Atommasse (g\/mol):<\/strong> 157,25<\/li>\n<li> <strong>Spezifische W\u00e4rme:<\/strong> 230 J\/(K-Kg)<\/li>\n<li> <strong>Siedepunkt:<\/strong> 3000 \u00b0C<\/li>\n<li> <strong>Elektrische Leitf\u00e4higkeit:<\/strong> 0,736 \u00b7 106 S\/m<\/li>\n<\/ol>\n<h2> <strong>Herkunft von Gadolinium<\/strong><\/h2>\n<p> Es war der Chemiker Jean Charles Galissard de Marignac, der Gadolinium erstmals 1880 in den Erzen Didyme und Gadolinit in Genf entdeckte. Mit spektroskopischen Mitteln beobachtete er es als wei\u00dfliches Oxid des Minerals Samarskit, woraufhin er es Y von Samarskit nannte.<\/p>\n<p> Der franz\u00f6sische Chemiker Paul \u00c9mile Lecoq de Bisbaudran gelang jedoch 1886 die Trennung zwischen dem Metall und dem Mineral Gadolinia. Daher erhielt es den Namen Gadolinium. Von da an begann man, dieses mittelschwere Metall abzubauen, haupts\u00e4chlich in der Ytterby-Mine in Stockholm, obwohl diese nat\u00fcrliche Ressource in dieser Gegend derzeit ersch\u00f6pft ist.<\/p>\n<p> Heute wird dieses Metalloid durch Reduktion von Calciumfluorid mit wasserfreiem Gadolinium gewonnen. Es wird aus den Mineralien Gadolinit, Didyme, Bastnasit und insbesondere Monacit in L\u00e4ndern wie China, den Vereinigten Staaten und Schweden gewonnen.<\/p>\n<h2> <strong>Wof\u00fcr wird Gadolinium verwendet?<\/strong><\/h2>\n<p> Es gibt viele Verwendungsm\u00f6glichkeiten f\u00fcr Gadolinium, die wichtigsten sind Verbindungen zur Herstellung von R\u00f6hren f\u00fcr Farbfernseher und Gadolinium-Yttrium f\u00fcr Mikrowellenanwendungen. Dar\u00fcber hinaus wird dieses Metalloid zur Herstellung von CDs verwendet. Die Kombination von Gadolinium mit Ethylsulfat wird verwendet, um Verst\u00e4rkern und professionellen Audiosystemen eine gr\u00f6\u00dfere Amplitude zu verleihen.<\/p>\n<p> Dar\u00fcber hinaus werden aufgrund seiner ferromagnetischen Eigenschaften Teile f\u00fcr Kernreaktoren, magnetische K\u00fchlung, die Eisenbahnindustrie, Hybridtechnologie und fortschrittliche Elektronik gebaut.<\/p>\n<h2> <strong>Gadolinium-Kontrastmittel im MRT<\/strong><\/h2>\n<p> Gadolinium verf\u00fcgt \u00fcber ungerade Elektronen, die in der N\u00e4he seines Molek\u00fcls die Intensit\u00e4t des Magnetfelds entwickeln. Auf diese Weise wird die Relaxationszeit der n\u00e4chstgelegenen Protonen verk\u00fcrzt, um eine Erh\u00f6hung der Signalintensit\u00e4t zwischen vaskul\u00e4rem und nicht-vaskul\u00e4rem Gewebe zu bewirken. Dar\u00fcber hinaus werden Gadoliniuml\u00f6sungen als intraven\u00f6ses Kontrastmittel zur Bildverbesserung in der Magnetresonanztomographie eingesetzt.<\/p>\n<h2> <strong>Nebenwirkungen von Gadolinium<\/strong><\/h2>\n<p> Die Verwendung von Gadolinium-Kontrastmittel f\u00fcr die MRT hat bei manchen Menschen zu systemischer oder nephrogener Fibrose gef\u00fchrt. Die Symptome sind eine Verdickung der Organe, der Haut und des Gewebes bei Patienten mit Nierenversagen oder Leberproblemen.<\/p>\n<p> Dar\u00fcber hinaus ist das Metalloid am Arbeitsplatz, an dem es gewonnen wird, und in den Industrien, die es als Rohstoff verwenden, sehr gesundheitssch\u00e4dlich. Denn Gase und Feuchtigkeit k\u00f6nnen leicht eingeatmet werden. Eine hohe Schadstoffbelastung beim Menschen kann eine Lungenembolie oder schwere Lebersch\u00e4den verursachen.<\/p>\n<p> Andererseits gelangt dieses Metall bei der Gewinnung oder beim Wegwerfen elektronischer Ger\u00e4te, wenn diese ihre Nutzungsdauer verloren haben, in die Gew\u00e4sser von Fl\u00fcssen, Meeren und in die Umwelt. Dies f\u00fchrt bei Menschen und Tieren zum Verzehr von Gadolinium, was zu St\u00f6rungen der Hirnnervenfunktionen und der Fortpflanzung f\u00fchrt.<\/p>\n<p> Zusammenfassend l\u00e4sst sich sagen, dass Gadolinium ein mittelschweres Metall aus der Lanthanoidgruppe des Periodensystems mit einem hohen Gehalt an ferromagnetischen Eigenschaften ist, das in den Bereichen Technologie, Elektronik, Nukleartechnik und Medizin eingesetzt wird.<\/p>\n","protected":false},"excerpt":{"rendered":"<p>Gadolinium ist eines der seltenen Metalloide, die in der Natur in Mischung mit anderen Mineralien wie Gadolinit und Didymium vorkommen. Seine Gewinnung boomt heute, da es Eigenschaften enth\u00e4lt, die im Nuklearbereich, in der Medizin und in der Elektronik verwendet werden. Entdecken Sie alles \u00fcber dieses nat\u00fcrliche Element. Was ist Gadolinium? Dieses chemische Element geh\u00f6rt zur &#8230; <a title=\"Gadolinium\" class=\"read-more\" href=\"https:\/\/chemuza.org\/de\/gadolinium\/\" aria-label=\"Mehr zu Gadolinium\">Mehr lesen<\/a><\/p>\n","protected":false},"author":1,"featured_media":0,"parent":0,"menu_order":0,"comment_status":"closed","ping_status":"closed","template":"","meta":{"footnotes":""},"class_list":["post-1531","page","type-page","status-publish"],"yoast_head":"<!-- This site is optimized with the Yoast SEO plugin v21.4 - https:\/\/yoast.com\/wordpress\/plugins\/seo\/ -->\n<title>Gadolinium - Chemuza<\/title>\n<meta name=\"robots\" content=\"index, follow, max-snippet:-1, max-image-preview:large, max-video-preview:-1\" \/>\n<link rel=\"canonical\" href=\"https:\/\/chemuza.org\/de\/gadolinium\/\" \/>\n<meta property=\"og:locale\" content=\"de_DE\" \/>\n<meta property=\"og:type\" content=\"article\" \/>\n<meta property=\"og:title\" content=\"Gadolinium - Chemuza\" \/>\n<meta property=\"og:description\" content=\"Gadolinium ist eines der seltenen Metalloide, die in der Natur in Mischung mit anderen Mineralien wie Gadolinit und Didymium vorkommen. Seine Gewinnung boomt heute, da es Eigenschaften enth\u00e4lt, die im Nuklearbereich, in der Medizin und in der Elektronik verwendet werden. Entdecken Sie alles \u00fcber dieses nat\u00fcrliche Element. Was ist Gadolinium? Dieses chemische Element geh\u00f6rt zur ... Mehr lesen\" \/>\n<meta property=\"og:url\" content=\"https:\/\/chemuza.org\/de\/gadolinium\/\" \/>\n<meta property=\"og:site_name\" content=\"Chemuza\" \/>\n<meta name=\"twitter:card\" content=\"summary_large_image\" \/>\n<meta name=\"twitter:label1\" content=\"Gesch\u00e4tzte Lesezeit\" \/>\n\t<meta name=\"twitter:data1\" content=\"4\u00a0Minuten\" \/>\n<script type=\"application\/ld+json\" class=\"yoast-schema-graph\">{\"@context\":\"https:\/\/schema.org\",\"@graph\":[{\"@type\":\"WebPage\",\"@id\":\"https:\/\/chemuza.org\/de\/gadolinium\/\",\"url\":\"https:\/\/chemuza.org\/de\/gadolinium\/\",\"name\":\"Gadolinium - Chemuza\",\"isPartOf\":{\"@id\":\"https:\/\/chemuza.org\/de\/#website\"},\"datePublished\":\"2023-10-25T13:51:27+00:00\",\"dateModified\":\"2023-10-25T13:51:27+00:00\",\"breadcrumb\":{\"@id\":\"https:\/\/chemuza.org\/de\/gadolinium\/#breadcrumb\"},\"inLanguage\":\"de\",\"potentialAction\":[{\"@type\":\"ReadAction\",\"target\":[\"https:\/\/chemuza.org\/de\/gadolinium\/\"]}]},{\"@type\":\"BreadcrumbList\",\"@id\":\"https:\/\/chemuza.org\/de\/gadolinium\/#breadcrumb\",\"itemListElement\":[{\"@type\":\"ListItem\",\"position\":1,\"name\":\"Heim\",\"item\":\"https:\/\/chemuza.org\/de\/\"},{\"@type\":\"ListItem\",\"position\":2,\"name\":\"Gadolinium\"}]},{\"@type\":\"WebSite\",\"@id\":\"https:\/\/chemuza.org\/de\/#website\",\"url\":\"https:\/\/chemuza.org\/de\/\",\"name\":\"Chemuza\",\"description\":\"Ihr Tor zur chemischen Entdeckung\",\"publisher\":{\"@id\":\"https:\/\/chemuza.org\/de\/#organization\"},\"potentialAction\":[{\"@type\":\"SearchAction\",\"target\":{\"@type\":\"EntryPoint\",\"urlTemplate\":\"https:\/\/chemuza.org\/de\/?s={search_term_string}\"},\"query-input\":\"required name=search_term_string\"}],\"inLanguage\":\"de\"},{\"@type\":\"Organization\",\"@id\":\"https:\/\/chemuza.org\/de\/#organization\",\"name\":\"Chemuza\",\"url\":\"https:\/\/chemuza.org\/de\/\",\"logo\":{\"@type\":\"ImageObject\",\"inLanguage\":\"de\",\"@id\":\"https:\/\/chemuza.org\/de\/#\/schema\/logo\/image\/\",\"url\":\"https:\/\/chemuza.org\/de\/wp-content\/uploads\/2023\/10\/chemuza-logo.png\",\"contentUrl\":\"https:\/\/chemuza.org\/de\/wp-content\/uploads\/2023\/10\/chemuza-logo.png\",\"width\":387,\"height\":70,\"caption\":\"Chemuza\"},\"image\":{\"@id\":\"https:\/\/chemuza.org\/de\/#\/schema\/logo\/image\/\"}}]}<\/script>\n<!-- \/ Yoast SEO plugin. -->","yoast_head_json":{"title":"Gadolinium - Chemuza","robots":{"index":"index","follow":"follow","max-snippet":"max-snippet:-1","max-image-preview":"max-image-preview:large","max-video-preview":"max-video-preview:-1"},"canonical":"https:\/\/chemuza.org\/de\/gadolinium\/","og_locale":"de_DE","og_type":"article","og_title":"Gadolinium - Chemuza","og_description":"Gadolinium ist eines der seltenen Metalloide, die in der Natur in Mischung mit anderen Mineralien wie Gadolinit und Didymium vorkommen. Seine Gewinnung boomt heute, da es Eigenschaften enth\u00e4lt, die im Nuklearbereich, in der Medizin und in der Elektronik verwendet werden. Entdecken Sie alles \u00fcber dieses nat\u00fcrliche Element. Was ist Gadolinium? Dieses chemische Element geh\u00f6rt zur ... Mehr lesen","og_url":"https:\/\/chemuza.org\/de\/gadolinium\/","og_site_name":"Chemuza","twitter_card":"summary_large_image","twitter_misc":{"Gesch\u00e4tzte Lesezeit":"4\u00a0Minuten"},"schema":{"@context":"https:\/\/schema.org","@graph":[{"@type":"WebPage","@id":"https:\/\/chemuza.org\/de\/gadolinium\/","url":"https:\/\/chemuza.org\/de\/gadolinium\/","name":"Gadolinium - Chemuza","isPartOf":{"@id":"https:\/\/chemuza.org\/de\/#website"},"datePublished":"2023-10-25T13:51:27+00:00","dateModified":"2023-10-25T13:51:27+00:00","breadcrumb":{"@id":"https:\/\/chemuza.org\/de\/gadolinium\/#breadcrumb"},"inLanguage":"de","potentialAction":[{"@type":"ReadAction","target":["https:\/\/chemuza.org\/de\/gadolinium\/"]}]},{"@type":"BreadcrumbList","@id":"https:\/\/chemuza.org\/de\/gadolinium\/#breadcrumb","itemListElement":[{"@type":"ListItem","position":1,"name":"Heim","item":"https:\/\/chemuza.org\/de\/"},{"@type":"ListItem","position":2,"name":"Gadolinium"}]},{"@type":"WebSite","@id":"https:\/\/chemuza.org\/de\/#website","url":"https:\/\/chemuza.org\/de\/","name":"Chemuza","description":"Ihr Tor zur chemischen Entdeckung","publisher":{"@id":"https:\/\/chemuza.org\/de\/#organization"},"potentialAction":[{"@type":"SearchAction","target":{"@type":"EntryPoint","urlTemplate":"https:\/\/chemuza.org\/de\/?s={search_term_string}"},"query-input":"required name=search_term_string"}],"inLanguage":"de"},{"@type":"Organization","@id":"https:\/\/chemuza.org\/de\/#organization","name":"Chemuza","url":"https:\/\/chemuza.org\/de\/","logo":{"@type":"ImageObject","inLanguage":"de","@id":"https:\/\/chemuza.org\/de\/#\/schema\/logo\/image\/","url":"https:\/\/chemuza.org\/de\/wp-content\/uploads\/2023\/10\/chemuza-logo.png","contentUrl":"https:\/\/chemuza.org\/de\/wp-content\/uploads\/2023\/10\/chemuza-logo.png","width":387,"height":70,"caption":"Chemuza"},"image":{"@id":"https:\/\/chemuza.org\/de\/#\/schema\/logo\/image\/"}}]}},"yoast_meta":{"yoast_wpseo_title":"","yoast_wpseo_metadesc":"","yoast_wpseo_canonical":""},"_links":{"self":[{"href":"https:\/\/chemuza.org\/de\/wp-json\/wp\/v2\/pages\/1531","targetHints":{"allow":["GET"]}}],"collection":[{"href":"https:\/\/chemuza.org\/de\/wp-json\/wp\/v2\/pages"}],"about":[{"href":"https:\/\/chemuza.org\/de\/wp-json\/wp\/v2\/types\/page"}],"author":[{"embeddable":true,"href":"https:\/\/chemuza.org\/de\/wp-json\/wp\/v2\/users\/1"}],"replies":[{"embeddable":true,"href":"https:\/\/chemuza.org\/de\/wp-json\/wp\/v2\/comments?post=1531"}],"version-history":[{"count":1,"href":"https:\/\/chemuza.org\/de\/wp-json\/wp\/v2\/pages\/1531\/revisions"}],"predecessor-version":[{"id":1632,"href":"https:\/\/chemuza.org\/de\/wp-json\/wp\/v2\/pages\/1531\/revisions\/1632"}],"wp:attachment":[{"href":"https:\/\/chemuza.org\/de\/wp-json\/wp\/v2\/media?parent=1531"}],"curies":[{"name":"wp","href":"https:\/\/api.w.org\/{rel}","templated":true}]}}