{"id":1528,"date":"2023-07-14T07:32:29","date_gmt":"2023-07-14T07:32:29","guid":{"rendered":"https:\/\/chemuza.org\/de\/versprochen\/"},"modified":"2023-07-14T07:32:29","modified_gmt":"2023-07-14T07:32:29","slug":"versprochen","status":"publish","type":"page","link":"https:\/\/chemuza.org\/de\/versprochen\/","title":{"rendered":"Versprechen"},"content":{"rendered":"<p>Es ist \u00e4u\u00dferst selten und kommt nicht im Erdmantel vor, kommt jedoch im riesigen Sternbild Andromeda reichlich vor. Aus diesem Grund wird es k\u00fcnstlich durch die Spaltung zweier Elemente hergestellt. Um die Zusammensetzung des Promethiummetalls besser zu verstehen, stellt dieser Artikel die wichtigsten Konzepte vor, die Sie verstehen m\u00fcssen.<\/p>\n<h2> <strong>Was ist Promethium?<\/strong><\/h2>\n<p> Promethium findet sich im Feld Nummer 61 des Periodensystems und wurde vor etwa 75 Jahren als synthetischer \u00dcbergangsmetallbestandteil bezeichnet. Nun, das passt sowohl zur Aktiniden-Kategorie als auch zur Lanthaniden-Reihe.<\/p>\n<h3> <strong>Promethium-Symbol<\/strong><\/h3>\n<p> <span class=\"content-chemical-element\" style=\"float: left;width: 65px;height: 65px;border: 3px solid #666; display:flex;\n    justify-content: center;align-items: center;margin-right: 15px;\"><span style=\"font-size: 38px;\">Pm<\/span><\/span> Sein Adjektiv leitet sich vom griechischen Begriff prometheus ab, der sich als Name eines mythologischen Titanen herausstellt. Der griechischen Mythologie zufolge plante Prometheus eine hinterh\u00e4ltige List, um den G\u00f6ttern das Feuer zu stehlen und es dann den Menschen zu zeigen. Das Metall strahlt ein einzigartiges Leuchten aus, das dem in der griechischen Fabel erw\u00e4hnten Feuer \u00e4hnelt. Es wird angenommen, dass dies der Grund f\u00fcr die Wahl dieses Namens ist.<\/p>\n<h2> <strong>Eigenschaften von Promethium<\/strong><\/h2>\n<p> Da es sich um eine radioaktive Komponente und einen moderaten Betastrahler handelt, zeichnet es sich durch die Lichtbestrahlung aus, der es ausgesetzt ist. Dieser kann einen wei\u00dflich-blauen Farbton annehmen und im Dunkeln hellgr\u00fcn werden. Weitere bemerkenswerte Merkmale sind:<\/p>\n<ul>\n<li> <strong>Zustand:<\/strong> Es ist ein fester Artikel, aber im Vergleich zu den anderen Artikeln in seiner Gruppe ist er etwas weich. <strong>&nbsp;<\/strong><\/li>\n<li> <strong>Farbe:<\/strong> Wei\u00dflich-blaues Aussehen mit silbrigen Bereichen, obwohl es im Dunkeln einen gr\u00fcnlichen Schimmer ausstrahlt.<\/li>\n<li> <strong>Toxizit\u00e4t:<\/strong> m\u00e4\u00dfig. Es erzeugt giftigen radioaktiven Abfall und muss daher mit Vorsicht gehandhabt werden.<\/li>\n<li> <strong>Reaktivit\u00e4t:<\/strong> Es wird als das reaktivste Element \u00fcberhaupt bezeichnet.<\/li>\n<li> <strong>Radioaktivit\u00e4t:<\/strong> Jedes der bekannten Isotope dieses Metalloids ist radioaktiv.<\/li>\n<li> <strong>Struktur:<\/strong> Es hat eine sechseckige Kristallanordnung.<\/li>\n<li> <strong>Zusammensetzung:<\/strong> Seine atomare Konformation besteht aus 61 Elektronen und der gleichen Anzahl Protonen.<\/li>\n<\/ul>\n<h2> <strong>Chemische und physikalische Eigenschaften von Promethium<\/strong><\/h2>\n<ol>\n<li> <strong>Ordnungszahl<\/strong> : 61<\/li>\n<li> <strong>Zeitraum<\/strong> : 6<\/li>\n<li> <strong>Block<\/strong> : F<\/li>\n<li> <strong>Gruppe<\/strong> : 3<\/li>\n<li> <strong>Kovalenter Radius (\u00c5):<\/strong> Keine Daten<\/li>\n<li> <strong>Atommasse (g\/mol):<\/strong> 147 u<\/li>\n<li> <strong>Dichte:<\/strong> 7264 kg\/m\u00b3<\/li>\n<li> <strong>Siedepunkt:<\/strong> 3273<strong> <\/strong>\u00b0C<\/li>\n<li> <strong>Schmelzpunkt:<\/strong> 1373<strong> <\/strong>\u00b0C<\/li>\n<li> <strong>Atomradius:<\/strong> 145<\/li>\n<li> <strong>Durchschnittlicher Radius:<\/strong> 185h<\/li>\n<li> <strong>Spezifische W\u00e4rme:<\/strong> 180 J \/ (K kg)<\/li>\n<li> <strong>Elektronen pro Schicht:<\/strong> 2, 8, 18, 23, 8, 2<\/li>\n<li> <strong>Elektronische Konfiguration:<\/strong> Xe]4f <sup>5<\/sup> 6s <sup>2<\/sup><\/li>\n<li> <strong>Erstes Ionisationspotential eV:<\/strong> 540 kJ\/mol<\/li>\n<li> <strong>W\u00e4rmeleitf\u00e4higkeit:<\/strong> 17,9 W \/ (K\u00b7m)<\/li>\n<li> <strong>Elektronegativit\u00e4t:<\/strong> 1,13<\/li>\n<li> <strong>Oxidationsstufe:<\/strong> +3<\/li>\n<li> <strong>Rost:<\/strong> Etwas einfach<\/li>\n<li> <strong>Elektrische Leitf\u00e4higkeit:<\/strong> Keine Daten<\/li>\n<\/ol>\n<h2> <strong>Ursprung von Promethium<\/strong><\/h2>\n<p> Die Existenz des Elements wurde 1902 von Bohuslav Brauner vorhergesagt. Mehr als ein Jahrzehnt sp\u00e4ter, 1914, wurde dieses Ereignis vom Physiker Henry Moseley best\u00e4tigt. Die durchgef\u00fchrten Untersuchungen zur Gewinnung der Komponente an Land blieben jedoch erfolglos.<\/p>\n<p> Einige Zeit sp\u00e4ter, 1941, wurde an der Ohio University eine Reihe radioaktiver Verbindungen entdeckt, darunter das Element Promethium. Die Richtigkeit der Ergebnisse konnte jedoch aufgrund der enormen Schwierigkeit, sie von anderen Komponenten zu isolieren, nicht best\u00e4tigt werden.<\/p>\n<p> Es waren schlie\u00dflich Charles Corywell, Lawrence Glendenin und der ber\u00fchmteste Jacob Marinsky, die 1944 einen kleinen Beweis f\u00fcr die Existenz des Elements liefern konnten. Und 1946 meldeten sie ihre Entdeckung in den Clinton Laboratories in Tennessee an, nachdem es ihnen gelungen war, sie zu isolieren, nachdem sie die Nebenprodukte untersucht hatten, die bei der Uranspaltung anfielen.<\/p>\n<h2> <strong>Wof\u00fcr wird Promethium verwendet?<\/strong><\/h2>\n<p> Die Verwendung dieses Metalloids betrifft die nukleare und industrielle Ebene. Branchen, in denen seine Anwendungen aufgrund seiner radioaktiven Eigenschaften von gro\u00dfem Wert sind. Daher sind die Hauptanwendungen von Promethium:<\/p>\n<ul>\n<li> Dient als mobile R\u00f6ntgenquelle und wird in thermoelektrischen Radioisotopenproduzenten eingesetzt. Die gewonnene Energie wiederum ist f\u00fcr die Kommunikation mit U-Booten bestimmt.<\/li>\n<li> Es versorgt mehrere Raumsonden und Satelliten mit Hilfsenergie.<\/li>\n<li> Viele Herzschrittmacher bestehen aus dieser Metallkomponente. Mit der Energie, die nur ein kleiner Teil davon erzeugt, k\u00f6nnen Sie diese Ger\u00e4te sogar ein ganzes Jahrzehnt lang betreiben.<\/li>\n<li> Es wird haupts\u00e4chlich als Betaquelle verwendet, insbesondere f\u00fcr Dickenmessger\u00e4te verschiedener Verbindungen und Materialien.<\/li>\n<li> Es wird als leistungsstarke Batterie verwendet, die sich ideal f\u00fcr den Kernantrieb oder die Traktion eignet.<\/li>\n<\/ul>\n<h2> <strong>Wo kommt Promethium vor und wie wird es hergestellt?<\/strong><\/h2>\n<p> Es ist das einzige Metall der Kategorie der Lanthanoide, das in der Natur nicht vorkommt. Tats\u00e4chlich kommt es nur im Sternenspektrum des Sternbildes Andromeda vor. Was seine Gewinnung und Produktion betrifft, ist es \u00fcblich, dass es aus den Nebenprodukten des Zerfalls von Uran oder Plutonium gewonnen wird. Dar\u00fcber hinaus kann es durch Beschuss oder Beschuss von Neodym 146 mit Neutronen erzeugt werden.<\/p>\n<p> Zusammenfassend l\u00e4sst sich sagen, dass dieses spezielle synthetische Element nur im Weltraum vorkommt und daher k\u00fcnstlich hergestellt wird. Andererseits ist Promethium das reaktivste Metall und am schwierigsten zu isolieren. Was seine N\u00fctzlichkeit im Nuklearsektor betrifft, wird es als Betaquelle und zum Antrieb von Raumsonden und Satelliten verwendet.<\/p>\n","protected":false},"excerpt":{"rendered":"<p>Es ist \u00e4u\u00dferst selten und kommt nicht im Erdmantel vor, kommt jedoch im riesigen Sternbild Andromeda reichlich vor. Aus diesem Grund wird es k\u00fcnstlich durch die Spaltung zweier Elemente hergestellt. Um die Zusammensetzung des Promethiummetalls besser zu verstehen, stellt dieser Artikel die wichtigsten Konzepte vor, die Sie verstehen m\u00fcssen. Was ist Promethium? Promethium findet sich &#8230; <a title=\"Versprechen\" class=\"read-more\" href=\"https:\/\/chemuza.org\/de\/versprochen\/\" aria-label=\"Mehr zu Versprechen\">Mehr lesen<\/a><\/p>\n","protected":false},"author":1,"featured_media":0,"parent":0,"menu_order":0,"comment_status":"closed","ping_status":"closed","template":"","meta":{"footnotes":""},"class_list":["post-1528","page","type-page","status-publish"],"yoast_head":"<!-- This site is optimized with the Yoast SEO plugin v21.4 - https:\/\/yoast.com\/wordpress\/plugins\/seo\/ -->\n<title>Versprechen - Chemuza<\/title>\n<meta name=\"robots\" content=\"index, follow, max-snippet:-1, max-image-preview:large, max-video-preview:-1\" \/>\n<link rel=\"canonical\" href=\"https:\/\/chemuza.org\/de\/versprochen\/\" \/>\n<meta property=\"og:locale\" content=\"de_DE\" \/>\n<meta property=\"og:type\" content=\"article\" \/>\n<meta property=\"og:title\" content=\"Versprechen - Chemuza\" \/>\n<meta property=\"og:description\" content=\"Es ist \u00e4u\u00dferst selten und kommt nicht im Erdmantel vor, kommt jedoch im riesigen Sternbild Andromeda reichlich vor. Aus diesem Grund wird es k\u00fcnstlich durch die Spaltung zweier Elemente hergestellt. Um die Zusammensetzung des Promethiummetalls besser zu verstehen, stellt dieser Artikel die wichtigsten Konzepte vor, die Sie verstehen m\u00fcssen. Was ist Promethium? Promethium findet sich ... Mehr lesen\" \/>\n<meta property=\"og:url\" content=\"https:\/\/chemuza.org\/de\/versprochen\/\" \/>\n<meta property=\"og:site_name\" content=\"Chemuza\" \/>\n<meta name=\"twitter:card\" content=\"summary_large_image\" \/>\n<meta name=\"twitter:label1\" content=\"Gesch\u00e4tzte Lesezeit\" \/>\n\t<meta name=\"twitter:data1\" content=\"4\u00a0Minuten\" \/>\n<script type=\"application\/ld+json\" class=\"yoast-schema-graph\">{\"@context\":\"https:\/\/schema.org\",\"@graph\":[{\"@type\":\"WebPage\",\"@id\":\"https:\/\/chemuza.org\/de\/versprochen\/\",\"url\":\"https:\/\/chemuza.org\/de\/versprochen\/\",\"name\":\"Versprechen - Chemuza\",\"isPartOf\":{\"@id\":\"https:\/\/chemuza.org\/de\/#website\"},\"datePublished\":\"2023-07-14T07:32:29+00:00\",\"dateModified\":\"2023-07-14T07:32:29+00:00\",\"breadcrumb\":{\"@id\":\"https:\/\/chemuza.org\/de\/versprochen\/#breadcrumb\"},\"inLanguage\":\"de\",\"potentialAction\":[{\"@type\":\"ReadAction\",\"target\":[\"https:\/\/chemuza.org\/de\/versprochen\/\"]}]},{\"@type\":\"BreadcrumbList\",\"@id\":\"https:\/\/chemuza.org\/de\/versprochen\/#breadcrumb\",\"itemListElement\":[{\"@type\":\"ListItem\",\"position\":1,\"name\":\"Heim\",\"item\":\"https:\/\/chemuza.org\/de\/\"},{\"@type\":\"ListItem\",\"position\":2,\"name\":\"Versprechen\"}]},{\"@type\":\"WebSite\",\"@id\":\"https:\/\/chemuza.org\/de\/#website\",\"url\":\"https:\/\/chemuza.org\/de\/\",\"name\":\"Chemuza\",\"description\":\"Ihr Tor zur chemischen Entdeckung\",\"publisher\":{\"@id\":\"https:\/\/chemuza.org\/de\/#organization\"},\"potentialAction\":[{\"@type\":\"SearchAction\",\"target\":{\"@type\":\"EntryPoint\",\"urlTemplate\":\"https:\/\/chemuza.org\/de\/?s={search_term_string}\"},\"query-input\":\"required name=search_term_string\"}],\"inLanguage\":\"de\"},{\"@type\":\"Organization\",\"@id\":\"https:\/\/chemuza.org\/de\/#organization\",\"name\":\"Chemuza\",\"url\":\"https:\/\/chemuza.org\/de\/\",\"logo\":{\"@type\":\"ImageObject\",\"inLanguage\":\"de\",\"@id\":\"https:\/\/chemuza.org\/de\/#\/schema\/logo\/image\/\",\"url\":\"https:\/\/chemuza.org\/de\/wp-content\/uploads\/2023\/10\/chemuza-logo.png\",\"contentUrl\":\"https:\/\/chemuza.org\/de\/wp-content\/uploads\/2023\/10\/chemuza-logo.png\",\"width\":387,\"height\":70,\"caption\":\"Chemuza\"},\"image\":{\"@id\":\"https:\/\/chemuza.org\/de\/#\/schema\/logo\/image\/\"}}]}<\/script>\n<!-- \/ Yoast SEO plugin. -->","yoast_head_json":{"title":"Versprechen - Chemuza","robots":{"index":"index","follow":"follow","max-snippet":"max-snippet:-1","max-image-preview":"max-image-preview:large","max-video-preview":"max-video-preview:-1"},"canonical":"https:\/\/chemuza.org\/de\/versprochen\/","og_locale":"de_DE","og_type":"article","og_title":"Versprechen - Chemuza","og_description":"Es ist \u00e4u\u00dferst selten und kommt nicht im Erdmantel vor, kommt jedoch im riesigen Sternbild Andromeda reichlich vor. Aus diesem Grund wird es k\u00fcnstlich durch die Spaltung zweier Elemente hergestellt. Um die Zusammensetzung des Promethiummetalls besser zu verstehen, stellt dieser Artikel die wichtigsten Konzepte vor, die Sie verstehen m\u00fcssen. Was ist Promethium? Promethium findet sich ... Mehr lesen","og_url":"https:\/\/chemuza.org\/de\/versprochen\/","og_site_name":"Chemuza","twitter_card":"summary_large_image","twitter_misc":{"Gesch\u00e4tzte Lesezeit":"4\u00a0Minuten"},"schema":{"@context":"https:\/\/schema.org","@graph":[{"@type":"WebPage","@id":"https:\/\/chemuza.org\/de\/versprochen\/","url":"https:\/\/chemuza.org\/de\/versprochen\/","name":"Versprechen - Chemuza","isPartOf":{"@id":"https:\/\/chemuza.org\/de\/#website"},"datePublished":"2023-07-14T07:32:29+00:00","dateModified":"2023-07-14T07:32:29+00:00","breadcrumb":{"@id":"https:\/\/chemuza.org\/de\/versprochen\/#breadcrumb"},"inLanguage":"de","potentialAction":[{"@type":"ReadAction","target":["https:\/\/chemuza.org\/de\/versprochen\/"]}]},{"@type":"BreadcrumbList","@id":"https:\/\/chemuza.org\/de\/versprochen\/#breadcrumb","itemListElement":[{"@type":"ListItem","position":1,"name":"Heim","item":"https:\/\/chemuza.org\/de\/"},{"@type":"ListItem","position":2,"name":"Versprechen"}]},{"@type":"WebSite","@id":"https:\/\/chemuza.org\/de\/#website","url":"https:\/\/chemuza.org\/de\/","name":"Chemuza","description":"Ihr Tor zur chemischen Entdeckung","publisher":{"@id":"https:\/\/chemuza.org\/de\/#organization"},"potentialAction":[{"@type":"SearchAction","target":{"@type":"EntryPoint","urlTemplate":"https:\/\/chemuza.org\/de\/?s={search_term_string}"},"query-input":"required name=search_term_string"}],"inLanguage":"de"},{"@type":"Organization","@id":"https:\/\/chemuza.org\/de\/#organization","name":"Chemuza","url":"https:\/\/chemuza.org\/de\/","logo":{"@type":"ImageObject","inLanguage":"de","@id":"https:\/\/chemuza.org\/de\/#\/schema\/logo\/image\/","url":"https:\/\/chemuza.org\/de\/wp-content\/uploads\/2023\/10\/chemuza-logo.png","contentUrl":"https:\/\/chemuza.org\/de\/wp-content\/uploads\/2023\/10\/chemuza-logo.png","width":387,"height":70,"caption":"Chemuza"},"image":{"@id":"https:\/\/chemuza.org\/de\/#\/schema\/logo\/image\/"}}]}},"yoast_meta":{"yoast_wpseo_title":"","yoast_wpseo_metadesc":"","yoast_wpseo_canonical":""},"_links":{"self":[{"href":"https:\/\/chemuza.org\/de\/wp-json\/wp\/v2\/pages\/1528","targetHints":{"allow":["GET"]}}],"collection":[{"href":"https:\/\/chemuza.org\/de\/wp-json\/wp\/v2\/pages"}],"about":[{"href":"https:\/\/chemuza.org\/de\/wp-json\/wp\/v2\/types\/page"}],"author":[{"embeddable":true,"href":"https:\/\/chemuza.org\/de\/wp-json\/wp\/v2\/users\/1"}],"replies":[{"embeddable":true,"href":"https:\/\/chemuza.org\/de\/wp-json\/wp\/v2\/comments?post=1528"}],"version-history":[{"count":0,"href":"https:\/\/chemuza.org\/de\/wp-json\/wp\/v2\/pages\/1528\/revisions"}],"wp:attachment":[{"href":"https:\/\/chemuza.org\/de\/wp-json\/wp\/v2\/media?parent=1528"}],"curies":[{"name":"wp","href":"https:\/\/api.w.org\/{rel}","templated":true}]}}