{"id":1527,"date":"2023-10-25T13:51:26","date_gmt":"2023-10-25T13:51:26","guid":{"rendered":"https:\/\/chemuza.org\/de\/casium\/"},"modified":"2023-10-25T13:51:26","modified_gmt":"2023-10-25T13:51:26","slug":"casium","status":"publish","type":"page","link":"https:\/\/chemuza.org\/de\/casium\/","title":{"rendered":"C\u00e4sium"},"content":{"rendered":"<p>Aufgrund seiner hohen Reaktivit\u00e4t ist C\u00e4sium in den Mineralien Pollucit und Lepidolit, in Staub und Gesteinen in minimalen Konzentrationen vorhanden. In einem stabilen nat\u00fcrlichen Zustand kommt es nur mit seinem Isotop 133 vor. Dar\u00fcber hinaus werden seine Verbindungen in der Elektronik-, Chemie-, Medizin- und Elektrobranche sehr gesch\u00e4tzt. Wir informieren Sie in diesem Artikel \u00fcber seine Eigenschaften, Verwendungsm\u00f6glichkeiten und weitere Aspekte.<\/p>\n<h2> <strong>Was ist C\u00e4sium?<\/strong><\/h2>\n<p> Es ist ein Alkalimetall der Gruppe 1 mit der Ordnungszahl 55 im Periodensystem. Es ist das schwerste der alkalischen Elemente und zeichnet sich durch die Bildung anorganischer Verbindungen aus. Dar\u00fcber hinaus ist es ein gl\u00e4nzendes silbriges Wei\u00df, das in Gegenwart feuchter Luft schnell oxidiert.<\/p>\n<h3> <strong>C\u00e4sium-Symbol<\/strong><\/h3>\n<p> <span class=\"content-chemical-element\" style=\"float: left;width: 65px;height: 65px;border: 3px solid #666; display:flex;\n    justify-content: center;align-items: center;margin-right: 15px;\"><span style=\"font-size: 38px;\">Cs<\/span><\/span> Sein Name kommt vom lateinischen <em>caesius<\/em> , was blauer Himmel bedeutet. Es erh\u00e4lt diesen Namen, weil es bei seiner Entdeckung zwei blaue spektroskopische Linien in einer Mineralwasserprobe reflektierte.<\/p>\n<h2> <strong>Eigenschaften von C\u00e4sium<\/strong><\/h2>\n<p> Es handelt sich um ein sehr weiches Schwermetall mit niedrigem Schmelzpunkt. Es geh\u00f6rt zu den reaktivsten Alkalien seiner Gruppe, es ist pyrophor, also in feuchter Luft entz\u00fcndlich. Dar\u00fcber hinaus reagiert es bei hohen Temperaturen mit Wasserstoff unter Bildung von Wasserstoffverbindungen. Weitere Funktionen sind unten aufgef\u00fchrt:<\/p>\n<ul>\n<li> <strong>Zustand<\/strong> : Fest und fl\u00fcssig bei niedriger Temperatur.<\/li>\n<li> <strong>Geschmack und Geruch<\/strong> : Es ist geruchlos und ohne charakteristischen Geschmack.<\/li>\n<li> <strong>Zusammensetzung<\/strong> : Bestehend aus 55 Elektronen und Protonen, 78 Neutronen. Im Kern haben Elektronen das Energieniveau 6.<\/li>\n<li> <strong>Toxizit\u00e4t<\/strong> : M\u00e4\u00dfig. Eine \u00fcberm\u00e4\u00dfige Einwirkung dieses Elements f\u00fchrt jedoch zu Verdauungskrankheiten, Blutungen und zum Tod.<\/li>\n<li> <strong>Reaktivit\u00e4t:<\/strong> Hoch, es reagiert heftig mit Wasser, wo es C\u00e4siumhydroxid, mit Halogenen, Eis, Kohlenmonoxid und Ammoniak bildet.<\/li>\n<li> <strong>L\u00f6slichkeit<\/strong> : Das Element und seine Verbindungen sind in Wasser l\u00f6slich.<\/li>\n<li> <strong>Kristallisation<\/strong> : Kubisch, zentriert auf den ganzen K\u00f6rper.<\/li>\n<li> <strong>Leitf\u00e4higkeit<\/strong> : Bietet eine gute elektrische Leitf\u00e4higkeit.<\/li>\n<\/ul>\n<h2> <strong>Chemische und physikalische Eigenschaften von C\u00e4sium<\/strong><\/h2>\n<ol>\n<li> <strong>Ordnungszahl<\/strong> : 55<\/li>\n<li> <strong>Zeitraum<\/strong> : 6<\/li>\n<li> <strong>Block<\/strong> : S<\/li>\n<li> <strong>Gruppe<\/strong> : 1<\/li>\n<li> <strong>Oxidationsstufe<\/strong> : 1<\/li>\n<li> <strong>Ionisierungsenergie:<\/strong> 375,7<\/li>\n<li> <strong>Rost:<\/strong> Stark<\/li>\n<li> <strong>Atommasse (g\/mol):<\/strong> 132,90545<strong> <\/strong>Gold<\/li>\n<li> <strong>Dichte:<\/strong> 1879 kg\/m3<\/li>\n<li> <strong>Siedepunkt:<\/strong> 671<strong> <\/strong>\u00b0C<\/li>\n<li> <strong>Schmelzpunkt:<\/strong> 28<strong> <\/strong>\u00b0C<\/li>\n<li> <strong>Kovalenter Radius:<\/strong> 225 Uhr<\/li>\n<li> <strong>Atomradius:<\/strong> 298 Uhr<\/li>\n<li> <strong>Durchschnittlicher Radius:<\/strong> 260h<\/li>\n<li> <strong>Elektronegativit\u00e4t:<\/strong> 0,79<\/li>\n<li> <strong>Spezifische W\u00e4rme:<\/strong> 240 J \/ (K kg)<\/li>\n<li> <strong>Elektronische Konfiguration:<\/strong> [Xe] 6s1<\/li>\n<li> <strong>Elektronen pro Schicht:<\/strong> 2, 8, 18, 18, 8,<strong> <\/strong>1<\/li>\n<li> <strong>W\u00e4rmeleitf\u00e4higkeit:<\/strong> 35,9 W\/(Km)<\/li>\n<li> <strong>Elektrische Leitf\u00e4higkeit:<\/strong> 4,89 x 106 S\/m<\/li>\n<\/ol>\n<h2> <strong>Herkunft von C\u00e4sium<\/strong><\/h2>\n<p> Dieses Element wurde 1860 von Gustav Kirchhoff und Robert Bunsen mit einem Spektroskop entdeckt. Auf dem Ger\u00e4t spiegelten sich 2 leuchtend blaue Linien, bei denen es sich um zwei Metallsalze handelte. Bunsen gelang es, sie mit Mineralwasser zu isolieren, jedoch nicht mit dem Element im metallischen Zustand. Erst 1862 isolierte Carl Setterberg es durch Elektrolyse mit C\u00e4siumcyanid.<\/p>\n<h2> <strong>Wof\u00fcr wird C\u00e4sium verwendet?<\/strong><\/h2>\n<p> Es wird zur Herstellung von Fotozellen, Szintillationsz\u00e4hlern, milit\u00e4rischen Infrarotlampen, spektrografischen Ger\u00e4ten sowie optischen und Detektionsger\u00e4ten verwendet. Es wird bei der Herstellung von Kristallen und Keramik sowie als Absorptionsmittel in Kohlendioxid-Reinigungsanlagen verwendet. Weitere Verwendungsm\u00f6glichkeiten sind:<\/p>\n<h3> <strong>Medizin<\/strong><\/h3>\n<p> C\u00e4sium-137 wird bei der Strahlentherapie von Krebs in einem Verfahren namens Brachytherapie eingesetzt. Das verwendete Material besteht aus K\u00fcgelchen, die Patienten mit Tumoren eingesetzt werden und keine Nebenwirkungen aufweisen. Dar\u00fcber hinaus werden Salze des Elements als topisches Antischockmittel nach der Verabreichung arsenhaltiger Arzneimittel eingesetzt.<\/p>\n<h3> <strong>Wissenschaft<\/strong><\/h3>\n<p> Im wissenschaftlichen Bereich wird dieses Element bei der Entwicklung von Atomuhren verwendet, die f\u00fcr die Zeitmessung auf der Grundlage der Energie von C\u00e4sium-133-Atomen verantwortlich sind. Dar\u00fcber hinaus wird es zur Angabe der Einheiten des Internationalen Systems oder SI verwendet, das aus 7 Ma\u00dfskalen besteht. . .<\/p>\n<h3> <strong>Industriell<\/strong><\/h3>\n<p> In thermonischen Generatoren wird der Dampf des Elements zur Umwandlung von W\u00e4rme in elektrische Energie geringer Leistung genutzt. Weitere Eigenschaften von C\u00e4sium werden bei der Kalibrierung von Magnetometern genutzt, die die St\u00e4rke eines Magnetfelds messen.<\/p>\n<h2> <strong>Wo kommt C\u00e4sium vor?<\/strong><\/h2>\n<p> Es wird mit Mineralien vermischt in einem Anteil von 7 ppm in die Umwelt abgegeben. In seiner metallischen Form kommt es in der Erdkruste nicht h\u00e4ufig vor, kleine reine Proben stammen jedoch aus Erosion und Gesteinen. Dar\u00fcber hinaus wird das Element beim Abbau und Zerkleinern von Mineralien in die Luft, den Boden und das Wasser freigesetzt. In seiner radioaktiven Form kommt es in der Natur durch Kernkraftwerke, Waffendetonationen und nukleare Unf\u00e4lle vor.<\/p>\n<h2> <strong>Wie wird C\u00e4sium gewonnen?<\/strong><\/h2>\n<p> Es wird aus seiner Hauptverbindung Pollucit durch Verdauung dieses Minerals in starken S\u00e4uren gewonnen. Am h\u00e4ufigsten werden Salzs\u00e4ure, Bromwasserstoffs\u00e4ure, Fluorwasserstoffs\u00e4ure und Schwefels\u00e4ure verwendet. Dabei kommen alkalische Zersetzungs- und Direktreduktionsverfahren zum Einsatz. Abschlie\u00dfend wird eine C\u00e4siumcyanid-Elektrolyse angewendet, um das reine Metall zu erhalten.<\/p>\n<p> Zusammenfassend l\u00e4sst sich sagen, dass sich dieses Alkalimetall durch seinen schweren Charakter auszeichnet und das reaktivste seiner Gruppe ist. Aufgrund seines niedrigen Schmelzpunkts und seiner Leitf\u00e4higkeit erstreckt sich der Einsatzbereich von C\u00e4sium auch auf den medizinischen und wissenschaftlichen Bereich.<\/p>\n","protected":false},"excerpt":{"rendered":"<p>Aufgrund seiner hohen Reaktivit\u00e4t ist C\u00e4sium in den Mineralien Pollucit und Lepidolit, in Staub und Gesteinen in minimalen Konzentrationen vorhanden. In einem stabilen nat\u00fcrlichen Zustand kommt es nur mit seinem Isotop 133 vor. Dar\u00fcber hinaus werden seine Verbindungen in der Elektronik-, Chemie-, Medizin- und Elektrobranche sehr gesch\u00e4tzt. Wir informieren Sie in diesem Artikel \u00fcber seine &#8230; <a title=\"C\u00e4sium\" class=\"read-more\" href=\"https:\/\/chemuza.org\/de\/casium\/\" aria-label=\"Mehr zu C\u00e4sium\">Mehr lesen<\/a><\/p>\n","protected":false},"author":1,"featured_media":0,"parent":0,"menu_order":0,"comment_status":"closed","ping_status":"closed","template":"","meta":{"footnotes":""},"class_list":["post-1527","page","type-page","status-publish"],"yoast_head":"<!-- This site is optimized with the Yoast SEO plugin v21.4 - https:\/\/yoast.com\/wordpress\/plugins\/seo\/ -->\n<title>C\u00e4sium - Chemuza<\/title>\n<meta name=\"robots\" content=\"index, follow, max-snippet:-1, max-image-preview:large, max-video-preview:-1\" \/>\n<link rel=\"canonical\" href=\"https:\/\/chemuza.org\/de\/casium\/\" \/>\n<meta property=\"og:locale\" content=\"de_DE\" \/>\n<meta property=\"og:type\" content=\"article\" \/>\n<meta property=\"og:title\" content=\"C\u00e4sium - Chemuza\" \/>\n<meta property=\"og:description\" content=\"Aufgrund seiner hohen Reaktivit\u00e4t ist C\u00e4sium in den Mineralien Pollucit und Lepidolit, in Staub und Gesteinen in minimalen Konzentrationen vorhanden. In einem stabilen nat\u00fcrlichen Zustand kommt es nur mit seinem Isotop 133 vor. Dar\u00fcber hinaus werden seine Verbindungen in der Elektronik-, Chemie-, Medizin- und Elektrobranche sehr gesch\u00e4tzt. Wir informieren Sie in diesem Artikel \u00fcber seine ... Mehr lesen\" \/>\n<meta property=\"og:url\" content=\"https:\/\/chemuza.org\/de\/casium\/\" \/>\n<meta property=\"og:site_name\" content=\"Chemuza\" \/>\n<meta name=\"twitter:card\" content=\"summary_large_image\" \/>\n<meta name=\"twitter:label1\" content=\"Gesch\u00e4tzte Lesezeit\" \/>\n\t<meta name=\"twitter:data1\" content=\"4\u00a0Minuten\" \/>\n<script type=\"application\/ld+json\" class=\"yoast-schema-graph\">{\"@context\":\"https:\/\/schema.org\",\"@graph\":[{\"@type\":\"WebPage\",\"@id\":\"https:\/\/chemuza.org\/de\/casium\/\",\"url\":\"https:\/\/chemuza.org\/de\/casium\/\",\"name\":\"C\u00e4sium - Chemuza\",\"isPartOf\":{\"@id\":\"https:\/\/chemuza.org\/de\/#website\"},\"datePublished\":\"2023-10-25T13:51:26+00:00\",\"dateModified\":\"2023-10-25T13:51:26+00:00\",\"breadcrumb\":{\"@id\":\"https:\/\/chemuza.org\/de\/casium\/#breadcrumb\"},\"inLanguage\":\"de\",\"potentialAction\":[{\"@type\":\"ReadAction\",\"target\":[\"https:\/\/chemuza.org\/de\/casium\/\"]}]},{\"@type\":\"BreadcrumbList\",\"@id\":\"https:\/\/chemuza.org\/de\/casium\/#breadcrumb\",\"itemListElement\":[{\"@type\":\"ListItem\",\"position\":1,\"name\":\"Heim\",\"item\":\"https:\/\/chemuza.org\/de\/\"},{\"@type\":\"ListItem\",\"position\":2,\"name\":\"C\u00e4sium\"}]},{\"@type\":\"WebSite\",\"@id\":\"https:\/\/chemuza.org\/de\/#website\",\"url\":\"https:\/\/chemuza.org\/de\/\",\"name\":\"Chemuza\",\"description\":\"Ihr Tor zur chemischen Entdeckung\",\"publisher\":{\"@id\":\"https:\/\/chemuza.org\/de\/#organization\"},\"potentialAction\":[{\"@type\":\"SearchAction\",\"target\":{\"@type\":\"EntryPoint\",\"urlTemplate\":\"https:\/\/chemuza.org\/de\/?s={search_term_string}\"},\"query-input\":\"required name=search_term_string\"}],\"inLanguage\":\"de\"},{\"@type\":\"Organization\",\"@id\":\"https:\/\/chemuza.org\/de\/#organization\",\"name\":\"Chemuza\",\"url\":\"https:\/\/chemuza.org\/de\/\",\"logo\":{\"@type\":\"ImageObject\",\"inLanguage\":\"de\",\"@id\":\"https:\/\/chemuza.org\/de\/#\/schema\/logo\/image\/\",\"url\":\"https:\/\/chemuza.org\/de\/wp-content\/uploads\/2023\/10\/chemuza-logo.png\",\"contentUrl\":\"https:\/\/chemuza.org\/de\/wp-content\/uploads\/2023\/10\/chemuza-logo.png\",\"width\":387,\"height\":70,\"caption\":\"Chemuza\"},\"image\":{\"@id\":\"https:\/\/chemuza.org\/de\/#\/schema\/logo\/image\/\"}}]}<\/script>\n<!-- \/ Yoast SEO plugin. -->","yoast_head_json":{"title":"C\u00e4sium - Chemuza","robots":{"index":"index","follow":"follow","max-snippet":"max-snippet:-1","max-image-preview":"max-image-preview:large","max-video-preview":"max-video-preview:-1"},"canonical":"https:\/\/chemuza.org\/de\/casium\/","og_locale":"de_DE","og_type":"article","og_title":"C\u00e4sium - Chemuza","og_description":"Aufgrund seiner hohen Reaktivit\u00e4t ist C\u00e4sium in den Mineralien Pollucit und Lepidolit, in Staub und Gesteinen in minimalen Konzentrationen vorhanden. In einem stabilen nat\u00fcrlichen Zustand kommt es nur mit seinem Isotop 133 vor. Dar\u00fcber hinaus werden seine Verbindungen in der Elektronik-, Chemie-, Medizin- und Elektrobranche sehr gesch\u00e4tzt. Wir informieren Sie in diesem Artikel \u00fcber seine ... Mehr lesen","og_url":"https:\/\/chemuza.org\/de\/casium\/","og_site_name":"Chemuza","twitter_card":"summary_large_image","twitter_misc":{"Gesch\u00e4tzte Lesezeit":"4\u00a0Minuten"},"schema":{"@context":"https:\/\/schema.org","@graph":[{"@type":"WebPage","@id":"https:\/\/chemuza.org\/de\/casium\/","url":"https:\/\/chemuza.org\/de\/casium\/","name":"C\u00e4sium - Chemuza","isPartOf":{"@id":"https:\/\/chemuza.org\/de\/#website"},"datePublished":"2023-10-25T13:51:26+00:00","dateModified":"2023-10-25T13:51:26+00:00","breadcrumb":{"@id":"https:\/\/chemuza.org\/de\/casium\/#breadcrumb"},"inLanguage":"de","potentialAction":[{"@type":"ReadAction","target":["https:\/\/chemuza.org\/de\/casium\/"]}]},{"@type":"BreadcrumbList","@id":"https:\/\/chemuza.org\/de\/casium\/#breadcrumb","itemListElement":[{"@type":"ListItem","position":1,"name":"Heim","item":"https:\/\/chemuza.org\/de\/"},{"@type":"ListItem","position":2,"name":"C\u00e4sium"}]},{"@type":"WebSite","@id":"https:\/\/chemuza.org\/de\/#website","url":"https:\/\/chemuza.org\/de\/","name":"Chemuza","description":"Ihr Tor zur chemischen Entdeckung","publisher":{"@id":"https:\/\/chemuza.org\/de\/#organization"},"potentialAction":[{"@type":"SearchAction","target":{"@type":"EntryPoint","urlTemplate":"https:\/\/chemuza.org\/de\/?s={search_term_string}"},"query-input":"required name=search_term_string"}],"inLanguage":"de"},{"@type":"Organization","@id":"https:\/\/chemuza.org\/de\/#organization","name":"Chemuza","url":"https:\/\/chemuza.org\/de\/","logo":{"@type":"ImageObject","inLanguage":"de","@id":"https:\/\/chemuza.org\/de\/#\/schema\/logo\/image\/","url":"https:\/\/chemuza.org\/de\/wp-content\/uploads\/2023\/10\/chemuza-logo.png","contentUrl":"https:\/\/chemuza.org\/de\/wp-content\/uploads\/2023\/10\/chemuza-logo.png","width":387,"height":70,"caption":"Chemuza"},"image":{"@id":"https:\/\/chemuza.org\/de\/#\/schema\/logo\/image\/"}}]}},"yoast_meta":{"yoast_wpseo_title":"","yoast_wpseo_metadesc":"","yoast_wpseo_canonical":""},"_links":{"self":[{"href":"https:\/\/chemuza.org\/de\/wp-json\/wp\/v2\/pages\/1527","targetHints":{"allow":["GET"]}}],"collection":[{"href":"https:\/\/chemuza.org\/de\/wp-json\/wp\/v2\/pages"}],"about":[{"href":"https:\/\/chemuza.org\/de\/wp-json\/wp\/v2\/types\/page"}],"author":[{"embeddable":true,"href":"https:\/\/chemuza.org\/de\/wp-json\/wp\/v2\/users\/1"}],"replies":[{"embeddable":true,"href":"https:\/\/chemuza.org\/de\/wp-json\/wp\/v2\/comments?post=1527"}],"version-history":[{"count":1,"href":"https:\/\/chemuza.org\/de\/wp-json\/wp\/v2\/pages\/1527\/revisions"}],"predecessor-version":[{"id":1614,"href":"https:\/\/chemuza.org\/de\/wp-json\/wp\/v2\/pages\/1527\/revisions\/1614"}],"wp:attachment":[{"href":"https:\/\/chemuza.org\/de\/wp-json\/wp\/v2\/media?parent=1527"}],"curies":[{"name":"wp","href":"https:\/\/api.w.org\/{rel}","templated":true}]}}