{"id":1526,"date":"2023-10-25T13:51:19","date_gmt":"2023-10-25T13:51:19","guid":{"rendered":"https:\/\/chemuza.org\/de\/jod\/"},"modified":"2023-10-25T13:51:19","modified_gmt":"2023-10-25T13:51:19","slug":"jod","status":"publish","type":"page","link":"https:\/\/chemuza.org\/de\/jod\/","title":{"rendered":"Jod"},"content":{"rendered":"<p>Jod ist ein chemisches Element, das in Luft, Boden und Meerwasser vorkommt. Es kommt auch in Meteoriten, Sternen und der Sonne vor. Es wird dank der in Algen und im Meer vorkommenden Jodide sowie in Form von Jodaten aus Salpeternitraten gewonnen. In geringen Mengen ist es lebenswichtig, wie Sie hier sehen k\u00f6nnen.<\/p>\n<h2> <strong>Was ist Jod?<\/strong><\/h2>\n<p> Es geh\u00f6rt zur Gruppe 17 der Halogene des Periodensystems und ist ein ganz besonderes Element. Die Farbe von Jod ist ein gl\u00e4nzendes bl\u00e4uliches Schwarz, es ist nicht metallisch und in seinem nat\u00fcrlichen Zustand ist es fest, obwohl es eine gasf\u00f6rmige sowie rosa und violette Farbe annehmen kann. In Wasser l\u00f6st es sich nur schwer auf, mit anderen Verbindungen wie Tetrachlorkohlenstoff, Schwefelkohlenstoff oder Chloroform l\u00f6st es sich jedoch schnell auf.<\/p>\n<h3> <strong>Jod-Symbol<\/strong><\/h3>\n<p> <span class=\"content-chemical-element\" style=\"float: left;width: 65px;height: 65px;border: 3px solid #666; display:flex;\n    justify-content: center;align-items: center;margin-right: 15px;\"><span style=\"font-size: 38px;\">I<\/span><\/span> Seine Ordnungszahl betr\u00e4gt 53 und seine Atommasse betr\u00e4gt 126,904. Unter den Halogenen ist es das schwerste. Es ist nicht metallisch und es sind 37 Jodisotope bekannt, aber nur 127 sind stabil.<\/p>\n<h2> <strong>Eigenschaften von Jod<\/strong><\/h2>\n<p> Wie andere Halogene ist es in der Lage, gro\u00dfe Molek\u00fcle zu bilden. Es ist jedoch das am wenigsten reaktive der Gruppe und weist metallische Eigenschaften auf. Einige der Eigenschaften von Jod sind:<\/p>\n<ul>\n<li> <strong>Chemische Reaktivit\u00e4t:<\/strong> Bei chemischen Reaktionen in der Atmosph\u00e4re k\u00f6nnen auf nat\u00fcrliche Weise radioaktive Isotope entstehen.<\/li>\n<li> <strong>L\u00f6slichkeit<\/strong> : In Wasser schwer l\u00f6slich und in einer w\u00e4ssrigen L\u00f6sung von Kaliumiodid leicht l\u00f6slich.<\/li>\n<li> <strong>Geschmack:<\/strong> Metallisch.<\/li>\n<li> <strong>Zustand<\/strong> : Sein nat\u00fcrlicher Zustand ist fest, aber es kann sich in Gas verwandeln.<\/li>\n<\/ul>\n<h2> <strong>Chemische und physikalische Eigenschaften von Jod<\/strong><\/h2>\n<ol>\n<li> <strong>Ordnungszahl<\/strong> : 53<\/li>\n<li> <strong>Zeitraum:<\/strong> 5<\/li>\n<li> <strong>Block:<\/strong> S<\/li>\n<li> <strong>Schmelzpunkt:<\/strong> 386,85 K<\/li>\n<li> <strong>Siedepunkt:<\/strong> 457,4 K<\/li>\n<li> <strong>Dichte:<\/strong> 4930 kg\/m\u00b3<\/li>\n<li> <strong>Spezifische W\u00e4rme:<\/strong> 145 J<\/li>\n<li> <strong>Kovalenter Radius (\u00c5):<\/strong> 133<\/li>\n<li> <strong>Atomradius:<\/strong> 115<\/li>\n<li> <strong>Elektronegativit\u00e4t:<\/strong> 2,66<\/li>\n<li> <strong>Elektrische Leitf\u00e4higkeit:<\/strong> 8,0 x 10 <sup>-8<\/sup> S\/m<\/li>\n<li> <strong>W\u00e4rmeleitf\u00e4higkeit:<\/strong> 0,449 W<\/li>\n<li> <strong>Elektronische Konfiguration:<\/strong> [Kr]4d <sup>10<\/sup> 5s <sup>2<\/sup> 5p <sup>5<\/sup><\/li>\n<li> <strong>Verdampfungsenthalpie:<\/strong> 20.752 kJ\/mol<\/li>\n<li> <strong>Schmelzenthalpie:<\/strong> 7.824 Kj\/mol<\/li>\n<li> <strong>Oxidationsstufe:<\/strong> -1, 1, 3, 5, 7<\/li>\n<\/ol>\n<h2> <strong>Herkunft von Jod<\/strong><\/h2>\n<p> Es wurde 1811 von Bernard Courtois in Algenasche entdeckt. Dieser franz\u00f6sische Chemiker isolierte als erster Jod und fand dieses Element zuf\u00e4llig, als er versuchte, bestimmte Kalium- und Natriumverbindungen aus der Asche bestimmter Meeresalgenarten zu isolieren. Als er der Asche \u00fcberm\u00e4\u00dfig viel Schwefels\u00e4ure hinzuf\u00fcgte, bemerkte er die Bildung von Jod aus violetten Gasen. Dar\u00fcber hinaus leitet sich der Name des Elements vom griechischen Wort <em>\u201eiodes\u201c<\/em> ab, was \u201eviolett\u201c bedeutet, da die Schattierungen der Gase violett waren.<\/p>\n<h2> <strong>Wof\u00fcr wird Jod verwendet?<\/strong><\/h2>\n<p> Jod ist im medizinischen Bereich sehr n\u00fctzlich, insbesondere zur Bek\u00e4mpfung von Infektionen. Ebenso ist es f\u00fcr den Menschen lebensnotwendig und wird auch in der Industrie eingesetzt.<\/p>\n<h3> <strong>Industrie<\/strong><\/h3>\n<p> Jodhaltige Biozide werden h\u00e4ufig zur Herstellung von Farben und Klebstoffen sowie zur Behandlung von Holz und Metallbearbeitungsfl\u00fcssigkeiten verwendet. Es ist auch bei der Herstellung der Polarisation von LCD- und LED-Folien von entscheidender Bedeutung, die eine der Komponenten von Fernsehern, Telefonen und Monitoren sind.<\/p>\n<h3> <strong>Pharmazeutischer Bereich<\/strong><\/h3>\n<p> In diesem Bereich dient es als Antiseptikum, Antibiotika, Kortikosteroide und Herz-Kreislauf-Medikamente sowie als Rohstoff f\u00fcr R\u00f6ntgenkontrast. Dar\u00fcber hinaus wird es zur Reinigung von Wasser verwendet. Tats\u00e4chlich gibt es auf dem Markt Jodtabletten, die dem Wasser zugesetzt werden, um sch\u00e4dliche Stoffe f\u00fcr den menschlichen K\u00f6rper zu eliminieren.<\/p>\n<h3> <strong>Medizin<\/strong><\/h3>\n<p> Das Isotop Jod-131 mit einer Halbwertszeit von 8 Tagen wird zur Behandlung bestimmter Schilddr\u00fcsenerkrankungen eingesetzt. Dar\u00fcber hinaus ist Jodtinktur ein hervorragendes Sterilisationsmittel, weshalb sie zur Wundheilung eingesetzt wird. Au\u00dferdem hilft es, Giftstoffe aus dem K\u00f6rper zu entfernen und das Blut zu reinigen.<\/p>\n<p> Andererseits verhindert Jod w\u00e4hrend der Schwangerschaft, dass sich der F\u00f6tus verformt. Reduziert Reizungen und Entz\u00fcndungen im Intimbereich der Frau und reduziert den Vaginalausfluss, insbesondere wenn dieser auf chronische Candidiasis zur\u00fcckzuf\u00fchren ist. Dar\u00fcber hinaus bek\u00e4mpft es bakterielle Infektionen wie Bindehautentz\u00fcndungen und lindert Husten und Erk\u00e4ltungen.<\/p>\n<h2> <strong>Jodhaltige Lebensmittel<\/strong><\/h2>\n<p> Da der menschliche K\u00f6rper kein Jod produziert, ist es wichtig, es \u00fcber die Nahrung aufzunehmen, die wir in die Ern\u00e4hrung aufnehmen m\u00fcssen. Der Mangel an diesem Element kann kontraproduktiv f\u00fcr die Gesundheit sein. Daher sind bestimmte jodreiche Lebensmittel:<\/p>\n<ul>\n<li> Milch, K\u00e4se, Joghurt, Eier.<\/li>\n<li> Meeresfische, Schalentiere, Muscheln, Austern, Garnelen.<\/li>\n<li> Huhn.<\/li>\n<li> Jodiertes Salz.<\/li>\n<li> Blaubeeren, Erdbeeren, \u00c4pfel, Erdn\u00fcsse.<\/li>\n<li> Gr\u00fctze.<\/li>\n<li> Knoblauch, Spinat, Brokkoli, Kartoffeln.<\/li>\n<\/ul>\n<p> Zusammenfassend l\u00e4sst sich sagen, dass Jod oder Jod ein Element des auf der Erde vorkommenden Periodensystems ist, das f\u00fcr den Menschen lebenswichtig ist. Dar\u00fcber hinaus gibt es zahlreiche Anwendungen sowohl in der Medizin als auch in der Industrie.<\/p>\n","protected":false},"excerpt":{"rendered":"<p>Jod ist ein chemisches Element, das in Luft, Boden und Meerwasser vorkommt. Es kommt auch in Meteoriten, Sternen und der Sonne vor. Es wird dank der in Algen und im Meer vorkommenden Jodide sowie in Form von Jodaten aus Salpeternitraten gewonnen. In geringen Mengen ist es lebenswichtig, wie Sie hier sehen k\u00f6nnen. Was ist Jod? &#8230; <a title=\"Jod\" class=\"read-more\" href=\"https:\/\/chemuza.org\/de\/jod\/\" aria-label=\"Mehr zu Jod\">Mehr lesen<\/a><\/p>\n","protected":false},"author":1,"featured_media":0,"parent":0,"menu_order":0,"comment_status":"closed","ping_status":"closed","template":"","meta":{"footnotes":""},"class_list":["post-1526","page","type-page","status-publish"],"yoast_head":"<!-- This site is optimized with the Yoast SEO plugin v21.4 - https:\/\/yoast.com\/wordpress\/plugins\/seo\/ -->\n<title>Jod - Chemuza<\/title>\n<meta name=\"robots\" content=\"index, follow, max-snippet:-1, max-image-preview:large, max-video-preview:-1\" \/>\n<link rel=\"canonical\" href=\"https:\/\/chemuza.org\/de\/jod\/\" \/>\n<meta property=\"og:locale\" content=\"de_DE\" \/>\n<meta property=\"og:type\" content=\"article\" \/>\n<meta property=\"og:title\" content=\"Jod - Chemuza\" \/>\n<meta property=\"og:description\" content=\"Jod ist ein chemisches Element, das in Luft, Boden und Meerwasser vorkommt. Es kommt auch in Meteoriten, Sternen und der Sonne vor. Es wird dank der in Algen und im Meer vorkommenden Jodide sowie in Form von Jodaten aus Salpeternitraten gewonnen. In geringen Mengen ist es lebenswichtig, wie Sie hier sehen k\u00f6nnen. Was ist Jod? ... Mehr lesen\" \/>\n<meta property=\"og:url\" content=\"https:\/\/chemuza.org\/de\/jod\/\" \/>\n<meta property=\"og:site_name\" content=\"Chemuza\" \/>\n<meta name=\"twitter:card\" content=\"summary_large_image\" \/>\n<meta name=\"twitter:label1\" content=\"Gesch\u00e4tzte Lesezeit\" \/>\n\t<meta name=\"twitter:data1\" content=\"4\u00a0Minuten\" \/>\n<script type=\"application\/ld+json\" class=\"yoast-schema-graph\">{\"@context\":\"https:\/\/schema.org\",\"@graph\":[{\"@type\":\"WebPage\",\"@id\":\"https:\/\/chemuza.org\/de\/jod\/\",\"url\":\"https:\/\/chemuza.org\/de\/jod\/\",\"name\":\"Jod - Chemuza\",\"isPartOf\":{\"@id\":\"https:\/\/chemuza.org\/de\/#website\"},\"datePublished\":\"2023-10-25T13:51:19+00:00\",\"dateModified\":\"2023-10-25T13:51:19+00:00\",\"breadcrumb\":{\"@id\":\"https:\/\/chemuza.org\/de\/jod\/#breadcrumb\"},\"inLanguage\":\"de\",\"potentialAction\":[{\"@type\":\"ReadAction\",\"target\":[\"https:\/\/chemuza.org\/de\/jod\/\"]}]},{\"@type\":\"BreadcrumbList\",\"@id\":\"https:\/\/chemuza.org\/de\/jod\/#breadcrumb\",\"itemListElement\":[{\"@type\":\"ListItem\",\"position\":1,\"name\":\"Heim\",\"item\":\"https:\/\/chemuza.org\/de\/\"},{\"@type\":\"ListItem\",\"position\":2,\"name\":\"Jod\"}]},{\"@type\":\"WebSite\",\"@id\":\"https:\/\/chemuza.org\/de\/#website\",\"url\":\"https:\/\/chemuza.org\/de\/\",\"name\":\"Chemuza\",\"description\":\"Ihr Tor zur chemischen Entdeckung\",\"publisher\":{\"@id\":\"https:\/\/chemuza.org\/de\/#organization\"},\"potentialAction\":[{\"@type\":\"SearchAction\",\"target\":{\"@type\":\"EntryPoint\",\"urlTemplate\":\"https:\/\/chemuza.org\/de\/?s={search_term_string}\"},\"query-input\":\"required name=search_term_string\"}],\"inLanguage\":\"de\"},{\"@type\":\"Organization\",\"@id\":\"https:\/\/chemuza.org\/de\/#organization\",\"name\":\"Chemuza\",\"url\":\"https:\/\/chemuza.org\/de\/\",\"logo\":{\"@type\":\"ImageObject\",\"inLanguage\":\"de\",\"@id\":\"https:\/\/chemuza.org\/de\/#\/schema\/logo\/image\/\",\"url\":\"https:\/\/chemuza.org\/de\/wp-content\/uploads\/2023\/10\/chemuza-logo.png\",\"contentUrl\":\"https:\/\/chemuza.org\/de\/wp-content\/uploads\/2023\/10\/chemuza-logo.png\",\"width\":387,\"height\":70,\"caption\":\"Chemuza\"},\"image\":{\"@id\":\"https:\/\/chemuza.org\/de\/#\/schema\/logo\/image\/\"}}]}<\/script>\n<!-- \/ Yoast SEO plugin. -->","yoast_head_json":{"title":"Jod - Chemuza","robots":{"index":"index","follow":"follow","max-snippet":"max-snippet:-1","max-image-preview":"max-image-preview:large","max-video-preview":"max-video-preview:-1"},"canonical":"https:\/\/chemuza.org\/de\/jod\/","og_locale":"de_DE","og_type":"article","og_title":"Jod - Chemuza","og_description":"Jod ist ein chemisches Element, das in Luft, Boden und Meerwasser vorkommt. Es kommt auch in Meteoriten, Sternen und der Sonne vor. Es wird dank der in Algen und im Meer vorkommenden Jodide sowie in Form von Jodaten aus Salpeternitraten gewonnen. In geringen Mengen ist es lebenswichtig, wie Sie hier sehen k\u00f6nnen. Was ist Jod? ... Mehr lesen","og_url":"https:\/\/chemuza.org\/de\/jod\/","og_site_name":"Chemuza","twitter_card":"summary_large_image","twitter_misc":{"Gesch\u00e4tzte Lesezeit":"4\u00a0Minuten"},"schema":{"@context":"https:\/\/schema.org","@graph":[{"@type":"WebPage","@id":"https:\/\/chemuza.org\/de\/jod\/","url":"https:\/\/chemuza.org\/de\/jod\/","name":"Jod - Chemuza","isPartOf":{"@id":"https:\/\/chemuza.org\/de\/#website"},"datePublished":"2023-10-25T13:51:19+00:00","dateModified":"2023-10-25T13:51:19+00:00","breadcrumb":{"@id":"https:\/\/chemuza.org\/de\/jod\/#breadcrumb"},"inLanguage":"de","potentialAction":[{"@type":"ReadAction","target":["https:\/\/chemuza.org\/de\/jod\/"]}]},{"@type":"BreadcrumbList","@id":"https:\/\/chemuza.org\/de\/jod\/#breadcrumb","itemListElement":[{"@type":"ListItem","position":1,"name":"Heim","item":"https:\/\/chemuza.org\/de\/"},{"@type":"ListItem","position":2,"name":"Jod"}]},{"@type":"WebSite","@id":"https:\/\/chemuza.org\/de\/#website","url":"https:\/\/chemuza.org\/de\/","name":"Chemuza","description":"Ihr Tor zur chemischen Entdeckung","publisher":{"@id":"https:\/\/chemuza.org\/de\/#organization"},"potentialAction":[{"@type":"SearchAction","target":{"@type":"EntryPoint","urlTemplate":"https:\/\/chemuza.org\/de\/?s={search_term_string}"},"query-input":"required name=search_term_string"}],"inLanguage":"de"},{"@type":"Organization","@id":"https:\/\/chemuza.org\/de\/#organization","name":"Chemuza","url":"https:\/\/chemuza.org\/de\/","logo":{"@type":"ImageObject","inLanguage":"de","@id":"https:\/\/chemuza.org\/de\/#\/schema\/logo\/image\/","url":"https:\/\/chemuza.org\/de\/wp-content\/uploads\/2023\/10\/chemuza-logo.png","contentUrl":"https:\/\/chemuza.org\/de\/wp-content\/uploads\/2023\/10\/chemuza-logo.png","width":387,"height":70,"caption":"Chemuza"},"image":{"@id":"https:\/\/chemuza.org\/de\/#\/schema\/logo\/image\/"}}]}},"yoast_meta":{"yoast_wpseo_title":"","yoast_wpseo_metadesc":"","yoast_wpseo_canonical":""},"_links":{"self":[{"href":"https:\/\/chemuza.org\/de\/wp-json\/wp\/v2\/pages\/1526","targetHints":{"allow":["GET"]}}],"collection":[{"href":"https:\/\/chemuza.org\/de\/wp-json\/wp\/v2\/pages"}],"about":[{"href":"https:\/\/chemuza.org\/de\/wp-json\/wp\/v2\/types\/page"}],"author":[{"embeddable":true,"href":"https:\/\/chemuza.org\/de\/wp-json\/wp\/v2\/users\/1"}],"replies":[{"embeddable":true,"href":"https:\/\/chemuza.org\/de\/wp-json\/wp\/v2\/comments?post=1526"}],"version-history":[{"count":1,"href":"https:\/\/chemuza.org\/de\/wp-json\/wp\/v2\/pages\/1526\/revisions"}],"predecessor-version":[{"id":1640,"href":"https:\/\/chemuza.org\/de\/wp-json\/wp\/v2\/pages\/1526\/revisions\/1640"}],"wp:attachment":[{"href":"https:\/\/chemuza.org\/de\/wp-json\/wp\/v2\/media?parent=1526"}],"curies":[{"name":"wp","href":"https:\/\/api.w.org\/{rel}","templated":true}]}}