{"id":1525,"date":"2023-07-14T08:29:47","date_gmt":"2023-07-14T08:29:47","guid":{"rendered":"https:\/\/chemuza.org\/de\/xenon\/"},"modified":"2023-07-14T08:29:47","modified_gmt":"2023-07-14T08:29:47","slug":"xenon","status":"publish","type":"page","link":"https:\/\/chemuza.org\/de\/xenon\/","title":{"rendered":"Xenon"},"content":{"rendered":"<p>Xenon kommt in Spuren in der Erdatmosph\u00e4re vor, kommt aber auch in gasf\u00f6rmiger Form in bestimmten Mineralquellen und in Meteoriten vor. F\u00fcr den Menschen gilt es als erstickendes Gas, obwohl es nicht giftig ist. Luft ist die kommerzielle Quelle dieses Elements. Entdecken Sie unten seine Eigenschaften, Anwendungen und Eigenschaften.<\/p>\n<h2> <strong>Was ist Xenon?<\/strong><\/h2>\n<p> Es ist eines der chemischen Elemente im Periodensystem und gilt als schweres Gas. Ungef\u00e4hr ein Liter Xenon wiegt 5.842 Gramm. Es ist das einzige Edelgas, das bei Raumtemperatur stabile chemische Verbindungen wie Xenontetrafluorid, Xenonhexafluorid und Natriumperxenat bilden kann.<\/p>\n<h3> <strong>Xenon-Symbol<\/strong><\/h3>\n<p> <span class=\"content-chemical-element\" style=\"float: left;width: 65px;height: 65px;border: 3px solid #666; display:flex;\n    justify-content: center;align-items: center;margin-right: 15px;\"><span style=\"font-size: 38px;\">Xe<\/span><\/span> Dieses Element befindet sich in der Gruppe 18 des Periodensystems mit einer Atommasse von 131.293 und der Ordnungszahl 54. Es hat neun stabile und 20 instabile Isotope.<\/p>\n<h2> <strong>Eigenschaften von Xenon<\/strong><\/h2>\n<p> Es hat einige Eigenschaften mit den \u00fcbrigen Edelgasen gemeinsam, z. B. hat es keine Wertigkeit, ist sehr schwer und hat weder Farbe noch Geruch. Dar\u00fcber hinaus ist es in der Lage, blaues Licht auszusenden, wenn es in eine R\u00f6hre eingeschlossen und einem elektrischen Schlag ausgesetzt wird. Weitere Eigenschaften von Xenon:<\/p>\n<ul>\n<li> <strong>Chemische Reaktivit\u00e4t<\/strong> : Unter normalen Bedingungen weist es eine sehr geringe Reaktivit\u00e4t auf.<\/li>\n<li> <strong>Aussehen<\/strong> : Es ist farblos und geruchlos.<\/li>\n<li> <strong>Zustand<\/strong> : Sein nat\u00fcrlicher Zustand ist nichtmagnetisches Gas.<\/li>\n<li> <strong>Struktur<\/strong> : Kubisch, auf den Fl\u00e4chen zentriert.<\/li>\n<\/ul>\n<h2> <strong>Chemische und physikalische Eigenschaften von Xenon<\/strong><\/h2>\n<ol>\n<li> <strong>Ordnungszahl<\/strong> : 54<\/li>\n<li> <strong>Chemische Reihe:<\/strong> Edelgase<\/li>\n<li> <strong>Zeitraum:<\/strong> 5<\/li>\n<li> <strong>Block:<\/strong> S<\/li>\n<li> <strong>Dichte:<\/strong> 5,9 kg\/m\u00b3<\/li>\n<li> <strong>Spezifische W\u00e4rme:<\/strong> 158 J<\/li>\n<li> <strong>Kovalenter Radius (\u00c5):<\/strong> 130<\/li>\n<li> <strong>Atomradius:<\/strong> 108<\/li>\n<li> <strong>Elektronegativit\u00e4t:<\/strong> 2,6<\/li>\n<li> <strong>Oxidationsstufe:<\/strong> 0<\/li>\n<li> <strong>Schmelzpunkt:<\/strong> 161,4 K<\/li>\n<li> <strong>Siedepunkt:<\/strong> 165,1 K<\/li>\n<li> <strong>Schallgeschwindigkeit:<\/strong> 1090 m\/s bei 293,15 K<\/li>\n<li> <strong>Schmelzenthalpie:<\/strong> 2.297 Kj\/mol<\/li>\n<li> <strong>Verdampfungsenthalpie:<\/strong> 12.636 kJ\/mol<\/li>\n<li> <strong>Elektronische Konfiguration:<\/strong> [Kr] 5s <sup>2<\/sup> 4d <sup>10<\/sup> 5p <sup>6<\/sup><\/li>\n<li> <strong>Atommasse (g\/mol):<\/strong> 131.293<\/li>\n<\/ol>\n<h2> <strong>Ursprung von Xenon<\/strong><\/h2>\n<p> Der Name leitet sich vom griechischen Wort <em>xenos<\/em> ab, das eine seltsame Bedeutung hat und das erste synthetisierte Gas war. Es wurde 1898 von den britischen Chemikern Morris Travers und William Ramsay entdeckt, als sie R\u00fcckst\u00e4nde nach der Verdampfung fl\u00fcssiger Luftbestandteile erhielten.<\/p>\n<h2> <strong>Wof\u00fcr wird Xenon verwendet?<\/strong><\/h2>\n<p> Dieses Gas wird zur Herstellung elektrolumineszierender Ger\u00e4te wie Blitzlichter, Bakterizide und elektronische R\u00f6hren verwendet. Ebenso werden in Lampen Rubinlaser eingesetzt, die koh\u00e4rentes Licht erzeugen. Entdecken Sie weitere Anwendungen dieses Inertgases:<\/p>\n<h3> <strong>Gas<\/strong><\/h3>\n<p> Im gasf\u00f6rmigen Zustand ist es einer der Bestandteile von Xenonlampen, denn wenn es einer elektrischen Entladung ausgesetzt wird, erzeugt es eine Art tageslicht\u00e4hnliches Licht. Dar\u00fcber hinaus wird es eingesetzt, um das Risiko von Explosionen im Zusammenhang mit chemischen Antrieben zu minimieren. Dar\u00fcber hinaus zum Bef\u00fcllen von Radio- und Fernsehr\u00f6hren sowie in Kernkraftwerken.<\/p>\n<h3> <strong>Kraftstoff und Industrie<\/strong><\/h3>\n<p> Als Treibstoff eignet es sich ideal f\u00fcr elektrische Antriebssysteme in der Raumfahrt. Dar\u00fcber hinaus wird es bei der Herstellung von Fahrzeugscheinwerfern sowie in Fotokopierern und Druckern als Versiegelungsmittel f\u00fcr die Folie verwendet.<\/p>\n<h3> <strong>Fl\u00fcssig<\/strong><\/h3>\n<p> Im fl\u00fcssigen Zustand wird es als L\u00f6sungsmittel bei chemischen Reaktionen und der Infrarotspektroskopie verwendet. Es wird auch in Sonden und Blasenkammern von Kernkraftwerken eingesetzt.<\/p>\n<h3> <strong>An\u00e4sthetische und medizinische Gase<\/strong><\/h3>\n<p> Im Jahr 1951 wurde Xenon als An\u00e4sthetikum identifiziert. Bei Verabreichung mit 30 % Sauerstoff kann es eine starke An\u00e4sthesie erzeugen, ist jedoch nicht f\u00fcr die Anwendung beim Menschen zugelassen. Es ist im K\u00f6rpergewebe und im Blut unl\u00f6slich, was eine schnelle Induktion und schnelle Genesung beeinflusst.<\/p>\n<p> Dar\u00fcber hinaus wird es in einigen Ger\u00e4ten zur Erstellung medizinischer Bilder wie R\u00f6ntgen- und MRT-Aufnahmen verwendet. Dar\u00fcber hinaus wird es in bestimmten Medikamenten zur Behandlung bestimmter Krebsarten eingesetzt. Andererseits wird es in der Augenheilkunde f\u00fcr Lasertherapien und in der Dermatologie zur Beseitigung von Hautl\u00e4sionen eingesetzt.<\/p>\n<h3> <strong>Xenonlichter<\/strong><\/h3>\n<p> Xenongas erfreut sich bei der Herstellung von Autoscheinwerfern gro\u00dfer Beliebtheit, auch wenn die Kosten hoch sind. Diese Arten von Leuchten bestehen aus einem Glaskolben mit Xenongas im Inneren anstelle eines Gl\u00fchfadens. Das Ergebnis ist eine leistungsstarke Beleuchtung mit geringem Stromverbrauch, perfekt f\u00fcr Fahrten bei Nebel.<\/p>\n<p> Kurz gesagt ist Xenon ein Edelgas, das zusammen mit anderen Gasen Teil des Periodensystems ist. Es kommt in geringen Spuren in Meteoriten und Mineralien vor und kann durch Fl\u00fcssigluftextraktion kommerziell gewonnen werden. Obwohl es nicht sehr reaktiv ist, kann es chemische Verbindungen bilden.<\/p>\n","protected":false},"excerpt":{"rendered":"<p>Xenon kommt in Spuren in der Erdatmosph\u00e4re vor, kommt aber auch in gasf\u00f6rmiger Form in bestimmten Mineralquellen und in Meteoriten vor. F\u00fcr den Menschen gilt es als erstickendes Gas, obwohl es nicht giftig ist. Luft ist die kommerzielle Quelle dieses Elements. Entdecken Sie unten seine Eigenschaften, Anwendungen und Eigenschaften. Was ist Xenon? Es ist eines &#8230; <a title=\"Xenon\" class=\"read-more\" href=\"https:\/\/chemuza.org\/de\/xenon\/\" aria-label=\"Mehr zu Xenon\">Mehr lesen<\/a><\/p>\n","protected":false},"author":1,"featured_media":0,"parent":0,"menu_order":0,"comment_status":"closed","ping_status":"closed","template":"","meta":{"footnotes":""},"class_list":["post-1525","page","type-page","status-publish"],"yoast_head":"<!-- This site is optimized with the Yoast SEO plugin v21.4 - https:\/\/yoast.com\/wordpress\/plugins\/seo\/ -->\n<title>Xenon - Chemuza<\/title>\n<meta name=\"robots\" content=\"index, follow, max-snippet:-1, max-image-preview:large, max-video-preview:-1\" \/>\n<link rel=\"canonical\" href=\"https:\/\/chemuza.org\/de\/xenon\/\" \/>\n<meta property=\"og:locale\" content=\"de_DE\" \/>\n<meta property=\"og:type\" content=\"article\" \/>\n<meta property=\"og:title\" content=\"Xenon - Chemuza\" \/>\n<meta property=\"og:description\" content=\"Xenon kommt in Spuren in der Erdatmosph\u00e4re vor, kommt aber auch in gasf\u00f6rmiger Form in bestimmten Mineralquellen und in Meteoriten vor. F\u00fcr den Menschen gilt es als erstickendes Gas, obwohl es nicht giftig ist. Luft ist die kommerzielle Quelle dieses Elements. Entdecken Sie unten seine Eigenschaften, Anwendungen und Eigenschaften. Was ist Xenon? Es ist eines ... Mehr lesen\" \/>\n<meta property=\"og:url\" content=\"https:\/\/chemuza.org\/de\/xenon\/\" \/>\n<meta property=\"og:site_name\" content=\"Chemuza\" \/>\n<meta name=\"twitter:card\" content=\"summary_large_image\" \/>\n<meta name=\"twitter:label1\" content=\"Gesch\u00e4tzte Lesezeit\" \/>\n\t<meta name=\"twitter:data1\" content=\"3\u00a0Minuten\" \/>\n<script type=\"application\/ld+json\" class=\"yoast-schema-graph\">{\"@context\":\"https:\/\/schema.org\",\"@graph\":[{\"@type\":\"WebPage\",\"@id\":\"https:\/\/chemuza.org\/de\/xenon\/\",\"url\":\"https:\/\/chemuza.org\/de\/xenon\/\",\"name\":\"Xenon - Chemuza\",\"isPartOf\":{\"@id\":\"https:\/\/chemuza.org\/de\/#website\"},\"datePublished\":\"2023-07-14T08:29:47+00:00\",\"dateModified\":\"2023-07-14T08:29:47+00:00\",\"breadcrumb\":{\"@id\":\"https:\/\/chemuza.org\/de\/xenon\/#breadcrumb\"},\"inLanguage\":\"de\",\"potentialAction\":[{\"@type\":\"ReadAction\",\"target\":[\"https:\/\/chemuza.org\/de\/xenon\/\"]}]},{\"@type\":\"BreadcrumbList\",\"@id\":\"https:\/\/chemuza.org\/de\/xenon\/#breadcrumb\",\"itemListElement\":[{\"@type\":\"ListItem\",\"position\":1,\"name\":\"Heim\",\"item\":\"https:\/\/chemuza.org\/de\/\"},{\"@type\":\"ListItem\",\"position\":2,\"name\":\"Xenon\"}]},{\"@type\":\"WebSite\",\"@id\":\"https:\/\/chemuza.org\/de\/#website\",\"url\":\"https:\/\/chemuza.org\/de\/\",\"name\":\"Chemuza\",\"description\":\"Ihr Tor zur chemischen Entdeckung\",\"publisher\":{\"@id\":\"https:\/\/chemuza.org\/de\/#organization\"},\"potentialAction\":[{\"@type\":\"SearchAction\",\"target\":{\"@type\":\"EntryPoint\",\"urlTemplate\":\"https:\/\/chemuza.org\/de\/?s={search_term_string}\"},\"query-input\":\"required name=search_term_string\"}],\"inLanguage\":\"de\"},{\"@type\":\"Organization\",\"@id\":\"https:\/\/chemuza.org\/de\/#organization\",\"name\":\"Chemuza\",\"url\":\"https:\/\/chemuza.org\/de\/\",\"logo\":{\"@type\":\"ImageObject\",\"inLanguage\":\"de\",\"@id\":\"https:\/\/chemuza.org\/de\/#\/schema\/logo\/image\/\",\"url\":\"https:\/\/chemuza.org\/de\/wp-content\/uploads\/2023\/10\/chemuza-logo.png\",\"contentUrl\":\"https:\/\/chemuza.org\/de\/wp-content\/uploads\/2023\/10\/chemuza-logo.png\",\"width\":387,\"height\":70,\"caption\":\"Chemuza\"},\"image\":{\"@id\":\"https:\/\/chemuza.org\/de\/#\/schema\/logo\/image\/\"}}]}<\/script>\n<!-- \/ Yoast SEO plugin. -->","yoast_head_json":{"title":"Xenon - Chemuza","robots":{"index":"index","follow":"follow","max-snippet":"max-snippet:-1","max-image-preview":"max-image-preview:large","max-video-preview":"max-video-preview:-1"},"canonical":"https:\/\/chemuza.org\/de\/xenon\/","og_locale":"de_DE","og_type":"article","og_title":"Xenon - Chemuza","og_description":"Xenon kommt in Spuren in der Erdatmosph\u00e4re vor, kommt aber auch in gasf\u00f6rmiger Form in bestimmten Mineralquellen und in Meteoriten vor. F\u00fcr den Menschen gilt es als erstickendes Gas, obwohl es nicht giftig ist. Luft ist die kommerzielle Quelle dieses Elements. Entdecken Sie unten seine Eigenschaften, Anwendungen und Eigenschaften. Was ist Xenon? Es ist eines ... Mehr lesen","og_url":"https:\/\/chemuza.org\/de\/xenon\/","og_site_name":"Chemuza","twitter_card":"summary_large_image","twitter_misc":{"Gesch\u00e4tzte Lesezeit":"3\u00a0Minuten"},"schema":{"@context":"https:\/\/schema.org","@graph":[{"@type":"WebPage","@id":"https:\/\/chemuza.org\/de\/xenon\/","url":"https:\/\/chemuza.org\/de\/xenon\/","name":"Xenon - Chemuza","isPartOf":{"@id":"https:\/\/chemuza.org\/de\/#website"},"datePublished":"2023-07-14T08:29:47+00:00","dateModified":"2023-07-14T08:29:47+00:00","breadcrumb":{"@id":"https:\/\/chemuza.org\/de\/xenon\/#breadcrumb"},"inLanguage":"de","potentialAction":[{"@type":"ReadAction","target":["https:\/\/chemuza.org\/de\/xenon\/"]}]},{"@type":"BreadcrumbList","@id":"https:\/\/chemuza.org\/de\/xenon\/#breadcrumb","itemListElement":[{"@type":"ListItem","position":1,"name":"Heim","item":"https:\/\/chemuza.org\/de\/"},{"@type":"ListItem","position":2,"name":"Xenon"}]},{"@type":"WebSite","@id":"https:\/\/chemuza.org\/de\/#website","url":"https:\/\/chemuza.org\/de\/","name":"Chemuza","description":"Ihr Tor zur chemischen Entdeckung","publisher":{"@id":"https:\/\/chemuza.org\/de\/#organization"},"potentialAction":[{"@type":"SearchAction","target":{"@type":"EntryPoint","urlTemplate":"https:\/\/chemuza.org\/de\/?s={search_term_string}"},"query-input":"required name=search_term_string"}],"inLanguage":"de"},{"@type":"Organization","@id":"https:\/\/chemuza.org\/de\/#organization","name":"Chemuza","url":"https:\/\/chemuza.org\/de\/","logo":{"@type":"ImageObject","inLanguage":"de","@id":"https:\/\/chemuza.org\/de\/#\/schema\/logo\/image\/","url":"https:\/\/chemuza.org\/de\/wp-content\/uploads\/2023\/10\/chemuza-logo.png","contentUrl":"https:\/\/chemuza.org\/de\/wp-content\/uploads\/2023\/10\/chemuza-logo.png","width":387,"height":70,"caption":"Chemuza"},"image":{"@id":"https:\/\/chemuza.org\/de\/#\/schema\/logo\/image\/"}}]}},"yoast_meta":{"yoast_wpseo_title":"","yoast_wpseo_metadesc":"","yoast_wpseo_canonical":""},"_links":{"self":[{"href":"https:\/\/chemuza.org\/de\/wp-json\/wp\/v2\/pages\/1525","targetHints":{"allow":["GET"]}}],"collection":[{"href":"https:\/\/chemuza.org\/de\/wp-json\/wp\/v2\/pages"}],"about":[{"href":"https:\/\/chemuza.org\/de\/wp-json\/wp\/v2\/types\/page"}],"author":[{"embeddable":true,"href":"https:\/\/chemuza.org\/de\/wp-json\/wp\/v2\/users\/1"}],"replies":[{"embeddable":true,"href":"https:\/\/chemuza.org\/de\/wp-json\/wp\/v2\/comments?post=1525"}],"version-history":[{"count":0,"href":"https:\/\/chemuza.org\/de\/wp-json\/wp\/v2\/pages\/1525\/revisions"}],"wp:attachment":[{"href":"https:\/\/chemuza.org\/de\/wp-json\/wp\/v2\/media?parent=1525"}],"curies":[{"name":"wp","href":"https:\/\/api.w.org\/{rel}","templated":true}]}}