{"id":1523,"date":"2023-07-14T09:34:11","date_gmt":"2023-07-14T09:34:11","guid":{"rendered":"https:\/\/chemuza.org\/de\/praseodym\/"},"modified":"2023-07-14T09:34:11","modified_gmt":"2023-07-14T09:34:11","slug":"praseodym","status":"publish","type":"page","link":"https:\/\/chemuza.org\/de\/praseodym\/","title":{"rendered":"Praseodym"},"content":{"rendered":"<p>Praseodym ist eines der seltenen Elemente im Periodensystem, da es als Element selten ist und nur in zwei Arten von Mineralien vorkommt. Es wird unter anderem in Leuchtstofflampen, Glas- und Farbfernsehern, beim Glaspolieren und in der Katalysatorherstellung eingesetzt. Schauen Sie sich andere Verwendungsm\u00f6glichkeiten an und finden Sie heraus, was dieses Metall mit seinen Eigenschaften und Eigenschaften mit sich bringt.<\/p>\n<h2> <strong>Was ist Praseodym?<\/strong><\/h2>\n<p> Es ist ein weiches gelblich-silbrig-wei\u00dfes metallisches Element. An der Luft reagiert es sehr langsam mit Sauerstoff und bildet ein gr\u00fcnes Oxid, das es nicht vor Oxidation sch\u00fctzt. Im Vergleich zu anderen seltenen Metallen ist es korrosionsbest\u00e4ndiger in der Luft.<\/p>\n<p> Es hat nur ein stabiles Isotop, <sup>141<\/sup> Pr, 38 Radioisotope sind bekannt, die l\u00e4ngsten davon sind <sup>143<\/sup> Pr und <sup>142<\/sup> Pr, mit einer Lebensdauer von etwas mehr als 13 Tagen. Dar\u00fcber hinaus umfassen einige seiner Verbindungen Chloride, Bromide, Oxide, Iodide, Selenide, Fluoride, Sulfide, Nitride und Tellurverbindungen.<\/p>\n<h3> <strong>Praseodym-Symbol<\/strong><\/h3>\n<p> <span class=\"content-chemical-element\" style=\"float: left;width: 65px;height: 65px;border: 3px solid #666; display:flex;\n    justify-content: center;align-items: center;margin-right: 15px;\"><span style=\"font-size: 38px;\">Pr<\/span><\/span> Als chemisches Element geh\u00f6rt es zur Gruppe der Lanthaniden oder besser bekannt als Seltenerdelemente, die in Oxidform vorliegen. Seine Ordnungszahl betr\u00e4gt 59 und sein Atomgewicht betr\u00e4gt 140,907.<\/p>\n<h2> <strong>Eigenschaften von Praseodym<\/strong><\/h2>\n<p> Dieses Metall ist an der Luft korrosionsbest\u00e4ndiger als Lanthan, Neodym, Europium und Cer. Es ist ein guter Strom- und W\u00e4rmeleiter und weist weitere Eigenschaften auf, die hier zusammengefasst sind:<\/p>\n<ul>\n<li> <strong>Reaktivit\u00e4t:<\/strong> Wasser reagiert unter Bildung von Wasserstoff, was bei trockener Luft nicht der Fall ist.<\/li>\n<li> <strong>Aussehen<\/strong> : Es ist glatt und silbrig.<\/li>\n<li> <strong>Zustand<\/strong> : Solide.<\/li>\n<li> <strong>Magnetismus<\/strong> : Bei allen Temperaturen \u00fcber 1 K ist es paramagnetisch.<\/li>\n<li> <strong>Struktur<\/strong> : Bei Raumtemperatur ist es doppelt hexagonal und bei Temperaturen \u00fcber 560 \u00b0C ist es zentriert kubisch.<\/li>\n<\/ul>\n<h2> <strong>Chemische und physikalische Eigenschaften von Praseodym<\/strong><\/h2>\n<ol>\n<li> <strong>Ordnungszahl<\/strong> : 59<\/li>\n<li> <strong>Atommasse:<\/strong> 140,90765 u<\/li>\n<li> <strong>Zeitraum:<\/strong> 6<\/li>\n<li> <strong>Block:<\/strong> f<\/li>\n<li> <strong>Kovalenter Radius (\u00c5):<\/strong> 165<\/li>\n<li> <strong>Atomradius:<\/strong> 247<\/li>\n<li> <strong>Elektronegativit\u00e4t:<\/strong> 1,13<\/li>\n<li> <strong>Dichte:<\/strong> 6640 kg\/m\u00b3<\/li>\n<li> <strong>Schmelzenthalpie:<\/strong> 6,89 Kj\/mol<\/li>\n<li> <strong>Oxidationsstufe:<\/strong> 3<\/li>\n<li> <strong>Schmelzpunkt:<\/strong> 1204K<\/li>\n<li> <strong>Siedepunkt:<\/strong> 3793 K<\/li>\n<li> <strong>Elektronische Konfiguration:<\/strong> [Xe] 6s <sup>2<\/sup> 4f <sup>3<\/sup><\/li>\n<li> <strong>Schallgeschwindigkeit:<\/strong> 2280 m\/s bei 293,15 K<\/li>\n<li> <strong>Dampfdruck:<\/strong> 1,333224 \u00b7 10 <sup>-6<\/sup> Pa bei 1070 K<\/li>\n<li> <strong>Verdampfungsenthalpie:<\/strong> 269,8 kJ\/mol<\/li>\n<li> <strong>Elektrische Leitf\u00e4higkeit:<\/strong> 1,48 \u00b7 10 <sup>6<\/sup> S\/m<\/li>\n<li> <strong>W\u00e4rmeleitf\u00e4higkeit:<\/strong> 12,5 W<\/li>\n<\/ol>\n<h2> <strong>Ursprung von Praseodym<\/strong><\/h2>\n<p> Der Name kommt von den griechischen W\u00f6rtern <em>prasios<\/em> <em>didymos<\/em> , was gr\u00fcne Zwillinge bedeutet, wie es bei Neodym entdeckt wurde. Im Jahr 1841 extrahierte der schwedische Chemiker Carl Gustaf Mosander ein Element namens Didyma, obwohl immer angenommen wurde, dass es kein reines Element sei. Doch 1885 entdeckte der \u00f6sterreichische Chemiker Carl Auer von Welsbach, dass er Didymium in einfachere Substanzen zerlegen konnte. Obwohl es viele Jahre dauerte, entwickelte er eine Methode, die ihm dabei half, Didymium in zwei verschiedene Elemente zu spalten, darunter Praseodym.<\/p>\n<h2> <strong>Wof\u00fcr wird Praseodym verwendet?<\/strong><\/h2>\n<p> Da es sich um ein seltenes Element handelt, kommt es im menschlichen Leben kaum vor. Tats\u00e4chlich ist die nutzbare biologische Nutzung nicht bekannt. Die gr\u00f6\u00dfte Verwendung findet es heute in der Luftfahrtindustrie. Dieses Metall bildet mit Magnesium eine Legierung und ergibt ein hochfestes Metall, das sich perfekt f\u00fcr Flugzeugmotoren eignet. Entdecken Sie weitere Anwendungen des Elements:<\/p>\n<ul>\n<li> Daraus wird Feuerstein f\u00fcr Feuerzeuge und Kohlebogenlampen hergestellt, die Aufnahmestudios und Projektoren beleuchten.<\/li>\n<li> Es wird zur Signalverst\u00e4rkung verwendet, dieses Element wird Glasfaserkabeln hinzugef\u00fcgt.<\/li>\n<li> Didymiumglas, dessen Hauptbestandteil Praseodym ist, ist ein Farbstoff, der zur Herstellung von Schutzbrillen f\u00fcr Glasbl\u00e4ser verwendet wird.<\/li>\n<li> Seine Verbindungen eignen sich zum Gelbf\u00e4rben von Glas und Emaille.<\/li>\n<li> Mit Zirkonoxid imitieren sie den Edelstein Peridot.<\/li>\n<li> Mit Nickel legiert, ergibt es einen magnetokalorischen Effekt, der es erm\u00f6glicht, bis auf ein Tausendstel Grad an den absoluten Nullpunkt heranzukommen.<\/li>\n<\/ul>\n<h2> <strong>Praseodym und Gesundheit<\/strong><\/h2>\n<p> Die Gefahr dieses Elements besteht im Einatmen seiner Gase in industriellen Arbeitsumgebungen. In diesen F\u00e4llen kann es zu einer Lungenembolie und Lebersch\u00e4den kommen. Andererseits ist die Belastung zu Hause dank Leuchtstofflampen und Glas minimal.<\/p>\n<h2> <strong>Wo kommt Praseodym vor?<\/strong><\/h2>\n<p> In der Erdkruste kommt es in geringen Mengen unter Mineralien wie Bastnasit und Monazit vor. Es gelangt auch durch die Erd\u00f6lindustrie und durch die Entsorgung defekter Haushaltsger\u00e4te in die Umwelt. Dar\u00fcber hinaus befinden sich die wichtigsten Praseodym-Abbaugebiete in den Vereinigten Staaten, China, Sri Lanka, Australien und Brasilien.<\/p>\n<p> Kurz gesagt ist Praseodym ein chemisches Element des Periodensystems, das in geringen Anteilen in der Erdkruste vorkommt. Es kann durch moderne Extraktionstechniken gewonnen werden, beispielsweise durch den Einsatz von L\u00f6sungsmittelverbindungen und Ionenaustausch.<\/p>\n","protected":false},"excerpt":{"rendered":"<p>Praseodym ist eines der seltenen Elemente im Periodensystem, da es als Element selten ist und nur in zwei Arten von Mineralien vorkommt. Es wird unter anderem in Leuchtstofflampen, Glas- und Farbfernsehern, beim Glaspolieren und in der Katalysatorherstellung eingesetzt. Schauen Sie sich andere Verwendungsm\u00f6glichkeiten an und finden Sie heraus, was dieses Metall mit seinen Eigenschaften und &#8230; <a title=\"Praseodym\" class=\"read-more\" href=\"https:\/\/chemuza.org\/de\/praseodym\/\" aria-label=\"Mehr zu Praseodym\">Mehr lesen<\/a><\/p>\n","protected":false},"author":1,"featured_media":0,"parent":0,"menu_order":0,"comment_status":"closed","ping_status":"closed","template":"","meta":{"footnotes":""},"class_list":["post-1523","page","type-page","status-publish"],"yoast_head":"<!-- This site is optimized with the Yoast SEO plugin v21.4 - https:\/\/yoast.com\/wordpress\/plugins\/seo\/ -->\n<title>Praseodym \u2013 Chemuza<\/title>\n<meta name=\"robots\" content=\"index, follow, max-snippet:-1, max-image-preview:large, max-video-preview:-1\" \/>\n<link rel=\"canonical\" href=\"https:\/\/chemuza.org\/de\/praseodym\/\" \/>\n<meta property=\"og:locale\" content=\"de_DE\" \/>\n<meta property=\"og:type\" content=\"article\" \/>\n<meta property=\"og:title\" content=\"Praseodym \u2013 Chemuza\" \/>\n<meta property=\"og:description\" content=\"Praseodym ist eines der seltenen Elemente im Periodensystem, da es als Element selten ist und nur in zwei Arten von Mineralien vorkommt. Es wird unter anderem in Leuchtstofflampen, Glas- und Farbfernsehern, beim Glaspolieren und in der Katalysatorherstellung eingesetzt. Schauen Sie sich andere Verwendungsm\u00f6glichkeiten an und finden Sie heraus, was dieses Metall mit seinen Eigenschaften und ... Mehr lesen\" \/>\n<meta property=\"og:url\" content=\"https:\/\/chemuza.org\/de\/praseodym\/\" \/>\n<meta property=\"og:site_name\" content=\"Chemuza\" \/>\n<meta name=\"twitter:card\" content=\"summary_large_image\" \/>\n<meta name=\"twitter:label1\" content=\"Gesch\u00e4tzte Lesezeit\" \/>\n\t<meta name=\"twitter:data1\" content=\"3\u00a0Minuten\" \/>\n<script type=\"application\/ld+json\" class=\"yoast-schema-graph\">{\"@context\":\"https:\/\/schema.org\",\"@graph\":[{\"@type\":\"WebPage\",\"@id\":\"https:\/\/chemuza.org\/de\/praseodym\/\",\"url\":\"https:\/\/chemuza.org\/de\/praseodym\/\",\"name\":\"Praseodym \u2013 Chemuza\",\"isPartOf\":{\"@id\":\"https:\/\/chemuza.org\/de\/#website\"},\"datePublished\":\"2023-07-14T09:34:11+00:00\",\"dateModified\":\"2023-07-14T09:34:11+00:00\",\"breadcrumb\":{\"@id\":\"https:\/\/chemuza.org\/de\/praseodym\/#breadcrumb\"},\"inLanguage\":\"de\",\"potentialAction\":[{\"@type\":\"ReadAction\",\"target\":[\"https:\/\/chemuza.org\/de\/praseodym\/\"]}]},{\"@type\":\"BreadcrumbList\",\"@id\":\"https:\/\/chemuza.org\/de\/praseodym\/#breadcrumb\",\"itemListElement\":[{\"@type\":\"ListItem\",\"position\":1,\"name\":\"Heim\",\"item\":\"https:\/\/chemuza.org\/de\/\"},{\"@type\":\"ListItem\",\"position\":2,\"name\":\"Praseodym\"}]},{\"@type\":\"WebSite\",\"@id\":\"https:\/\/chemuza.org\/de\/#website\",\"url\":\"https:\/\/chemuza.org\/de\/\",\"name\":\"Chemuza\",\"description\":\"Ihr Tor zur chemischen Entdeckung\",\"publisher\":{\"@id\":\"https:\/\/chemuza.org\/de\/#organization\"},\"potentialAction\":[{\"@type\":\"SearchAction\",\"target\":{\"@type\":\"EntryPoint\",\"urlTemplate\":\"https:\/\/chemuza.org\/de\/?s={search_term_string}\"},\"query-input\":\"required name=search_term_string\"}],\"inLanguage\":\"de\"},{\"@type\":\"Organization\",\"@id\":\"https:\/\/chemuza.org\/de\/#organization\",\"name\":\"Chemuza\",\"url\":\"https:\/\/chemuza.org\/de\/\",\"logo\":{\"@type\":\"ImageObject\",\"inLanguage\":\"de\",\"@id\":\"https:\/\/chemuza.org\/de\/#\/schema\/logo\/image\/\",\"url\":\"https:\/\/chemuza.org\/de\/wp-content\/uploads\/2023\/10\/chemuza-logo.png\",\"contentUrl\":\"https:\/\/chemuza.org\/de\/wp-content\/uploads\/2023\/10\/chemuza-logo.png\",\"width\":387,\"height\":70,\"caption\":\"Chemuza\"},\"image\":{\"@id\":\"https:\/\/chemuza.org\/de\/#\/schema\/logo\/image\/\"}}]}<\/script>\n<!-- \/ Yoast SEO plugin. -->","yoast_head_json":{"title":"Praseodym \u2013 Chemuza","robots":{"index":"index","follow":"follow","max-snippet":"max-snippet:-1","max-image-preview":"max-image-preview:large","max-video-preview":"max-video-preview:-1"},"canonical":"https:\/\/chemuza.org\/de\/praseodym\/","og_locale":"de_DE","og_type":"article","og_title":"Praseodym \u2013 Chemuza","og_description":"Praseodym ist eines der seltenen Elemente im Periodensystem, da es als Element selten ist und nur in zwei Arten von Mineralien vorkommt. Es wird unter anderem in Leuchtstofflampen, Glas- und Farbfernsehern, beim Glaspolieren und in der Katalysatorherstellung eingesetzt. Schauen Sie sich andere Verwendungsm\u00f6glichkeiten an und finden Sie heraus, was dieses Metall mit seinen Eigenschaften und ... Mehr lesen","og_url":"https:\/\/chemuza.org\/de\/praseodym\/","og_site_name":"Chemuza","twitter_card":"summary_large_image","twitter_misc":{"Gesch\u00e4tzte Lesezeit":"3\u00a0Minuten"},"schema":{"@context":"https:\/\/schema.org","@graph":[{"@type":"WebPage","@id":"https:\/\/chemuza.org\/de\/praseodym\/","url":"https:\/\/chemuza.org\/de\/praseodym\/","name":"Praseodym \u2013 Chemuza","isPartOf":{"@id":"https:\/\/chemuza.org\/de\/#website"},"datePublished":"2023-07-14T09:34:11+00:00","dateModified":"2023-07-14T09:34:11+00:00","breadcrumb":{"@id":"https:\/\/chemuza.org\/de\/praseodym\/#breadcrumb"},"inLanguage":"de","potentialAction":[{"@type":"ReadAction","target":["https:\/\/chemuza.org\/de\/praseodym\/"]}]},{"@type":"BreadcrumbList","@id":"https:\/\/chemuza.org\/de\/praseodym\/#breadcrumb","itemListElement":[{"@type":"ListItem","position":1,"name":"Heim","item":"https:\/\/chemuza.org\/de\/"},{"@type":"ListItem","position":2,"name":"Praseodym"}]},{"@type":"WebSite","@id":"https:\/\/chemuza.org\/de\/#website","url":"https:\/\/chemuza.org\/de\/","name":"Chemuza","description":"Ihr Tor zur chemischen Entdeckung","publisher":{"@id":"https:\/\/chemuza.org\/de\/#organization"},"potentialAction":[{"@type":"SearchAction","target":{"@type":"EntryPoint","urlTemplate":"https:\/\/chemuza.org\/de\/?s={search_term_string}"},"query-input":"required name=search_term_string"}],"inLanguage":"de"},{"@type":"Organization","@id":"https:\/\/chemuza.org\/de\/#organization","name":"Chemuza","url":"https:\/\/chemuza.org\/de\/","logo":{"@type":"ImageObject","inLanguage":"de","@id":"https:\/\/chemuza.org\/de\/#\/schema\/logo\/image\/","url":"https:\/\/chemuza.org\/de\/wp-content\/uploads\/2023\/10\/chemuza-logo.png","contentUrl":"https:\/\/chemuza.org\/de\/wp-content\/uploads\/2023\/10\/chemuza-logo.png","width":387,"height":70,"caption":"Chemuza"},"image":{"@id":"https:\/\/chemuza.org\/de\/#\/schema\/logo\/image\/"}}]}},"yoast_meta":{"yoast_wpseo_title":"","yoast_wpseo_metadesc":"","yoast_wpseo_canonical":""},"_links":{"self":[{"href":"https:\/\/chemuza.org\/de\/wp-json\/wp\/v2\/pages\/1523","targetHints":{"allow":["GET"]}}],"collection":[{"href":"https:\/\/chemuza.org\/de\/wp-json\/wp\/v2\/pages"}],"about":[{"href":"https:\/\/chemuza.org\/de\/wp-json\/wp\/v2\/types\/page"}],"author":[{"embeddable":true,"href":"https:\/\/chemuza.org\/de\/wp-json\/wp\/v2\/users\/1"}],"replies":[{"embeddable":true,"href":"https:\/\/chemuza.org\/de\/wp-json\/wp\/v2\/comments?post=1523"}],"version-history":[{"count":0,"href":"https:\/\/chemuza.org\/de\/wp-json\/wp\/v2\/pages\/1523\/revisions"}],"wp:attachment":[{"href":"https:\/\/chemuza.org\/de\/wp-json\/wp\/v2\/media?parent=1523"}],"curies":[{"name":"wp","href":"https:\/\/api.w.org\/{rel}","templated":true}]}}