{"id":1522,"date":"2023-10-25T13:51:18","date_gmt":"2023-10-25T13:51:18","guid":{"rendered":"https:\/\/chemuza.org\/de\/cer\/"},"modified":"2023-10-25T13:51:18","modified_gmt":"2023-10-25T13:51:18","slug":"cer","status":"publish","type":"page","link":"https:\/\/chemuza.org\/de\/cer\/","title":{"rendered":"Cer"},"content":{"rendered":"<p>Cer macht 0,0046 % der Erdkruste aus und ist in Mineralien wie Monazit, Cerit und Bastnasit verteilt. Es wird in verschiedenen Industrie- und Umweltanwendungen eingesetzt, beispielsweise zur Reduzierung der Umweltverschmutzung. Seine Hauptanwendungsgebiete sind die Herstellung von Katalysatoren, Fahrzeugabgasreduzierern, Fensterreinigern und Pigmenten. Erfahren Sie daher in diesem Beitrag mehr \u00fcber seine chemischen und physikalischen Eigenschaften.<\/p>\n<h2> <strong>Was ist Cer?<\/strong><\/h2>\n<p> Als chemisches Element ist es ein Metall, das zu den Lanthanoiden des Periodensystems geh\u00f6rt. Es hat eine gl\u00e4nzende graue Farbe, \u00e4hnlich wie Stahl, und befindet sich neben Lanthan, markiert mit der Ordnungszahl 58. Es zeichnet sich durch seine Duktilit\u00e4t und Formbarkeit aus, es oxidiert an der Luft und wird r\u00f6tlich, au\u00dferdem ist es leicht entflammbar.<\/p>\n<h3> <strong>Cer-Symbol<\/strong><\/h3>\n<p> <span class=\"content-chemical-element\" style=\"float: left;width: 65px;height: 65px;border: 3px solid #666; display:flex;\n    justify-content: center;align-items: center;margin-right: 15px;\"><span style=\"font-size: 38px;\">Dieser<\/span><\/span> Name leitet sich vom Planeten Ceres ab, der 1801, zwei Jahre vor der Entdeckung des Minerals, entdeckt wurde. Sowohl das Element als auch der Planet sind nach der r\u00f6mischen Landwirtschaftsg\u00f6ttin Ceres benannt.<\/p>\n<h2> <strong>Eigenschaften von Cer<\/strong><\/h2>\n<p> Das Element Cer befindet sich in der Gruppe 3 des Periodensystems unter dem Symbol Ce. Es ist ein hartes, reichlich vorhandenes Lanthanid, das in Gegenwart von Luft seine Farbe \u00e4ndert. Dar\u00fcber hinaus ist es ein pyrophores Metall, das leicht brennt und in der Lage ist, vierwertige Verbindungen oder stabile vierwertige Verbindungen zu bilden. Zu den verschiedenen Funktionalit\u00e4ten z\u00e4hlen au\u00dferdem:<\/p>\n<ul>\n<li> <strong>Zustand<\/strong> : Massiv, hart und schwer.<\/li>\n<li> <strong>Geschmack und Geruch<\/strong> : Sehr bitter, metallisch und geruchlos.<\/li>\n<li> <strong>Allotropie<\/strong> : Es gibt 4 allotrope Formen, die je nach Temperatur variieren.<\/li>\n<li> <strong>Zusammensetzung<\/strong> : Sein Kern besteht aus 58 Protonen und Elektronen mit 81 Neutronen.<\/li>\n<li> <strong>Toxizit\u00e4t<\/strong> : Gering, aber die Exposition gegen\u00fcber dem Staubelement in gro\u00dfen Mengen beeintr\u00e4chtigt das Lungensystem.<\/li>\n<li> <strong>Reaktivit\u00e4t<\/strong> : Hoch, reagiert mit Wasser, Luft und verd\u00fcnnten S\u00e4uren.<\/li>\n<li> <strong>L\u00f6slichkeit<\/strong> : Es ist wasserl\u00f6slich. Bei der Bildung von Verbindungen ist es jedoch unl\u00f6slich.<\/li>\n<li> <strong>Kristallisation<\/strong> : Sie variiert je nach Temperatur und kann kubisch auf K\u00f6rper und Gesicht konzentriert sein.<\/li>\n<li> <strong>Leitf\u00e4higkeit<\/strong> : Gut, da Strom und W\u00e4rme stabil verteilt werden.<\/li>\n<\/ul>\n<h2> <strong>Chemische und physikalische Eigenschaften von Cer<\/strong><\/h2>\n<ol>\n<li> <strong>Ordnungszahl<\/strong> : 58<\/li>\n<li> <strong>Zeitraum<\/strong> : 6<\/li>\n<li> <strong>Block<\/strong> : F<\/li>\n<li> <strong>Gruppe<\/strong> : 3<\/li>\n<li> <strong>Oxid:<\/strong> Basisch<\/li>\n<li> <strong>Dichte:<\/strong> 6689 kg\/m3<\/li>\n<li> <strong>Oxidationsstufe<\/strong> : 3,4<\/li>\n<li> <strong>Schmelzpunkt:<\/strong> 798\u00b0C<\/li>\n<li> <strong>Elektronische Konfiguration:<\/strong> [Xe] 4f15d16s2<\/li>\n<li> <strong>Ionisierungsenergie:<\/strong> 534,4<\/li>\n<li> <strong>Atommasse (g\/mol):<\/strong> 140&nbsp;116<strong> <\/strong>Gold<\/li>\n<li> <strong>Elektronen pro Schicht:<\/strong> 2, 8, 18, 19, 9, 2<\/li>\n<li> <strong>Atomradius:<\/strong> 185h<\/li>\n<li> <strong>Elektronegativit\u00e4t:<\/strong> 1,12<\/li>\n<li> <strong>Spezifische W\u00e4rme:<\/strong> 190 J \/ (K kg)<\/li>\n<li> <strong>Siedepunkt:<\/strong> 3426\u00b0C<\/li>\n<li> <strong>W\u00e4rmeleitf\u00e4higkeit:<\/strong> 11,4 W\/(Km)<\/li>\n<li> <strong>Elektrische Leitf\u00e4higkeit:<\/strong> 1,15,106 S\/m<\/li>\n<\/ol>\n<h2> <strong>Herkunft von Cer<\/strong><\/h2>\n<p> Im Jahr 1803 entdeckten die Chemiker J\u00f6ns Jacob Berzelius und Martin Heinrich Klaproth dieses Metall w\u00e4hrend ihrer Forschungen im schwedischen Bastn\u00e4s. Sie fanden es in Form eines Oxids, das sie Cer nannten. Dann isolierten sie es 1875 in einer Eisenmine, wo sie seine H\u00e4rte und seinen schweren Charakter als Teil seiner chemischen Eigenschaften f\u00fcr industrielle Anwendungen feststellten.<\/p>\n<h2> <strong>Wof\u00fcr wird Cer verwendet?<\/strong><\/h2>\n<p> Es wird bei der Herstellung von Metalllegierungen mit Neodym und Lanthan verwendet. Dies erm\u00f6glicht eine gr\u00f6\u00dfere Formbarkeit und Festigkeit, die in Wolframelektrodenlegierungen f\u00fcr verschiedene Schwei\u00dfarbeiten verwendet werden kann. Weitere Verwendungsm\u00f6glichkeiten sind:<\/p>\n<h3> <strong>Blitz<\/strong><\/h3>\n<p> Es wird in der Kohlebogenbeleuchtung f\u00fcr die Filmindustrie eingesetzt. Dar\u00fcber hinaus wird es als Leuchtstoff bei der Herstellung von Leuchtstofflampen und Farbfernsehern verwendet.<\/p>\n<h3> <strong>Metallurgie<\/strong><\/h3>\n<p> Aufgrund seiner hervorragenden elektrischen Leitf\u00e4higkeit wird das Element als Stabilisator f\u00fcr Elektroden und Legierungen im metallurgischen Bereich eingesetzt. Erh\u00f6ht seine Festigkeit und Haltbarkeit.<\/p>\n<h3> <strong>Glas und Kristalle<\/strong><\/h3>\n<p> Ceroxid wird beim Polieren hochwertiger optischer Basen als Glasbleichmittel verwendet. Dar\u00fcber hinaus erzeugt es in Verbindung mit Thoriumoxid einen hellen wei\u00dfen Lichtstrahl, der verhindert, dass die Glasplatten des Fernsehers dunkler werden.<\/p>\n<h3> <strong>Umfeld<\/strong><\/h3>\n<p> Seine Ceroxidverbindung wird als katalytischer Transformator verwendet, der die Kohlenmonoxidemissionen von Fahrzeugen reduziert. Seine Funktion besteht darin, alle Partikel zu beseitigen, um die Verschmutzung zu stoppen.<\/p>\n<h3> <strong>medizinischen Bereich<\/strong><\/h3>\n<p> In Oxalatform wird es in Medikamenten gegen \u00dcbelkeit und Erbrechen eingesetzt. Aufgrund seiner systemischen und antiseptischen Eigenschaften wird es au\u00dferdem zur Behandlung von Verbrennungen dritten Grades eingesetzt.<\/p>\n<h2> <strong>Ceroxid<\/strong><\/h2>\n<p> Es handelt sich um eine Verbindung zur Entfernung von Kratzern und Defekten aus Glas oder Kristallen. Je nach Dicke und Qualit\u00e4t kann es die Oberfl\u00e4che und das Aussehen von Glas verbessern. Dar\u00fcber hinaus wirkt es als stark abrasives Mittel, das LCD-Bildschirme, Windschutzscheiben, dekorative Glasst\u00fccke, Schmuck und Festplatten poliert.<\/p>\n<p> Zusammenfassend ist Cer ein formbares und duktiles Lanthanid mit einer stabilen chemischen Zusammensetzung. Es ist an trockener Luft entflammbar und seine Verbindungen eignen sich hervorragend zur Herstellung stabiler Metalllegierungen.<\/p>\n","protected":false},"excerpt":{"rendered":"<p>Cer macht 0,0046 % der Erdkruste aus und ist in Mineralien wie Monazit, Cerit und Bastnasit verteilt. Es wird in verschiedenen Industrie- und Umweltanwendungen eingesetzt, beispielsweise zur Reduzierung der Umweltverschmutzung. Seine Hauptanwendungsgebiete sind die Herstellung von Katalysatoren, Fahrzeugabgasreduzierern, Fensterreinigern und Pigmenten. Erfahren Sie daher in diesem Beitrag mehr \u00fcber seine chemischen und physikalischen Eigenschaften. Was &#8230; <a title=\"Cer\" class=\"read-more\" href=\"https:\/\/chemuza.org\/de\/cer\/\" aria-label=\"Mehr zu Cer\">Mehr lesen<\/a><\/p>\n","protected":false},"author":1,"featured_media":0,"parent":0,"menu_order":0,"comment_status":"closed","ping_status":"closed","template":"","meta":{"footnotes":""},"class_list":["post-1522","page","type-page","status-publish"],"yoast_head":"<!-- This site is optimized with the Yoast SEO plugin v21.4 - https:\/\/yoast.com\/wordpress\/plugins\/seo\/ -->\n<title>Cer - Chemuza<\/title>\n<meta name=\"robots\" content=\"index, follow, max-snippet:-1, max-image-preview:large, max-video-preview:-1\" \/>\n<link rel=\"canonical\" href=\"https:\/\/chemuza.org\/de\/cer\/\" \/>\n<meta property=\"og:locale\" content=\"de_DE\" \/>\n<meta property=\"og:type\" content=\"article\" \/>\n<meta property=\"og:title\" content=\"Cer - Chemuza\" \/>\n<meta property=\"og:description\" content=\"Cer macht 0,0046 % der Erdkruste aus und ist in Mineralien wie Monazit, Cerit und Bastnasit verteilt. Es wird in verschiedenen Industrie- und Umweltanwendungen eingesetzt, beispielsweise zur Reduzierung der Umweltverschmutzung. Seine Hauptanwendungsgebiete sind die Herstellung von Katalysatoren, Fahrzeugabgasreduzierern, Fensterreinigern und Pigmenten. Erfahren Sie daher in diesem Beitrag mehr \u00fcber seine chemischen und physikalischen Eigenschaften. Was ... Mehr lesen\" \/>\n<meta property=\"og:url\" content=\"https:\/\/chemuza.org\/de\/cer\/\" \/>\n<meta property=\"og:site_name\" content=\"Chemuza\" \/>\n<meta name=\"twitter:card\" content=\"summary_large_image\" \/>\n<meta name=\"twitter:label1\" content=\"Gesch\u00e4tzte Lesezeit\" \/>\n\t<meta name=\"twitter:data1\" content=\"4\u00a0Minuten\" \/>\n<script type=\"application\/ld+json\" class=\"yoast-schema-graph\">{\"@context\":\"https:\/\/schema.org\",\"@graph\":[{\"@type\":\"WebPage\",\"@id\":\"https:\/\/chemuza.org\/de\/cer\/\",\"url\":\"https:\/\/chemuza.org\/de\/cer\/\",\"name\":\"Cer - Chemuza\",\"isPartOf\":{\"@id\":\"https:\/\/chemuza.org\/de\/#website\"},\"datePublished\":\"2023-10-25T13:51:18+00:00\",\"dateModified\":\"2023-10-25T13:51:18+00:00\",\"breadcrumb\":{\"@id\":\"https:\/\/chemuza.org\/de\/cer\/#breadcrumb\"},\"inLanguage\":\"de\",\"potentialAction\":[{\"@type\":\"ReadAction\",\"target\":[\"https:\/\/chemuza.org\/de\/cer\/\"]}]},{\"@type\":\"BreadcrumbList\",\"@id\":\"https:\/\/chemuza.org\/de\/cer\/#breadcrumb\",\"itemListElement\":[{\"@type\":\"ListItem\",\"position\":1,\"name\":\"Heim\",\"item\":\"https:\/\/chemuza.org\/de\/\"},{\"@type\":\"ListItem\",\"position\":2,\"name\":\"Cer\"}]},{\"@type\":\"WebSite\",\"@id\":\"https:\/\/chemuza.org\/de\/#website\",\"url\":\"https:\/\/chemuza.org\/de\/\",\"name\":\"Chemuza\",\"description\":\"Ihr Tor zur chemischen Entdeckung\",\"publisher\":{\"@id\":\"https:\/\/chemuza.org\/de\/#organization\"},\"potentialAction\":[{\"@type\":\"SearchAction\",\"target\":{\"@type\":\"EntryPoint\",\"urlTemplate\":\"https:\/\/chemuza.org\/de\/?s={search_term_string}\"},\"query-input\":\"required name=search_term_string\"}],\"inLanguage\":\"de\"},{\"@type\":\"Organization\",\"@id\":\"https:\/\/chemuza.org\/de\/#organization\",\"name\":\"Chemuza\",\"url\":\"https:\/\/chemuza.org\/de\/\",\"logo\":{\"@type\":\"ImageObject\",\"inLanguage\":\"de\",\"@id\":\"https:\/\/chemuza.org\/de\/#\/schema\/logo\/image\/\",\"url\":\"https:\/\/chemuza.org\/de\/wp-content\/uploads\/2023\/10\/chemuza-logo.png\",\"contentUrl\":\"https:\/\/chemuza.org\/de\/wp-content\/uploads\/2023\/10\/chemuza-logo.png\",\"width\":387,\"height\":70,\"caption\":\"Chemuza\"},\"image\":{\"@id\":\"https:\/\/chemuza.org\/de\/#\/schema\/logo\/image\/\"}}]}<\/script>\n<!-- \/ Yoast SEO plugin. -->","yoast_head_json":{"title":"Cer - Chemuza","robots":{"index":"index","follow":"follow","max-snippet":"max-snippet:-1","max-image-preview":"max-image-preview:large","max-video-preview":"max-video-preview:-1"},"canonical":"https:\/\/chemuza.org\/de\/cer\/","og_locale":"de_DE","og_type":"article","og_title":"Cer - Chemuza","og_description":"Cer macht 0,0046 % der Erdkruste aus und ist in Mineralien wie Monazit, Cerit und Bastnasit verteilt. Es wird in verschiedenen Industrie- und Umweltanwendungen eingesetzt, beispielsweise zur Reduzierung der Umweltverschmutzung. Seine Hauptanwendungsgebiete sind die Herstellung von Katalysatoren, Fahrzeugabgasreduzierern, Fensterreinigern und Pigmenten. Erfahren Sie daher in diesem Beitrag mehr \u00fcber seine chemischen und physikalischen Eigenschaften. Was ... Mehr lesen","og_url":"https:\/\/chemuza.org\/de\/cer\/","og_site_name":"Chemuza","twitter_card":"summary_large_image","twitter_misc":{"Gesch\u00e4tzte Lesezeit":"4\u00a0Minuten"},"schema":{"@context":"https:\/\/schema.org","@graph":[{"@type":"WebPage","@id":"https:\/\/chemuza.org\/de\/cer\/","url":"https:\/\/chemuza.org\/de\/cer\/","name":"Cer - Chemuza","isPartOf":{"@id":"https:\/\/chemuza.org\/de\/#website"},"datePublished":"2023-10-25T13:51:18+00:00","dateModified":"2023-10-25T13:51:18+00:00","breadcrumb":{"@id":"https:\/\/chemuza.org\/de\/cer\/#breadcrumb"},"inLanguage":"de","potentialAction":[{"@type":"ReadAction","target":["https:\/\/chemuza.org\/de\/cer\/"]}]},{"@type":"BreadcrumbList","@id":"https:\/\/chemuza.org\/de\/cer\/#breadcrumb","itemListElement":[{"@type":"ListItem","position":1,"name":"Heim","item":"https:\/\/chemuza.org\/de\/"},{"@type":"ListItem","position":2,"name":"Cer"}]},{"@type":"WebSite","@id":"https:\/\/chemuza.org\/de\/#website","url":"https:\/\/chemuza.org\/de\/","name":"Chemuza","description":"Ihr Tor zur chemischen Entdeckung","publisher":{"@id":"https:\/\/chemuza.org\/de\/#organization"},"potentialAction":[{"@type":"SearchAction","target":{"@type":"EntryPoint","urlTemplate":"https:\/\/chemuza.org\/de\/?s={search_term_string}"},"query-input":"required name=search_term_string"}],"inLanguage":"de"},{"@type":"Organization","@id":"https:\/\/chemuza.org\/de\/#organization","name":"Chemuza","url":"https:\/\/chemuza.org\/de\/","logo":{"@type":"ImageObject","inLanguage":"de","@id":"https:\/\/chemuza.org\/de\/#\/schema\/logo\/image\/","url":"https:\/\/chemuza.org\/de\/wp-content\/uploads\/2023\/10\/chemuza-logo.png","contentUrl":"https:\/\/chemuza.org\/de\/wp-content\/uploads\/2023\/10\/chemuza-logo.png","width":387,"height":70,"caption":"Chemuza"},"image":{"@id":"https:\/\/chemuza.org\/de\/#\/schema\/logo\/image\/"}}]}},"yoast_meta":{"yoast_wpseo_title":"","yoast_wpseo_metadesc":"","yoast_wpseo_canonical":""},"_links":{"self":[{"href":"https:\/\/chemuza.org\/de\/wp-json\/wp\/v2\/pages\/1522","targetHints":{"allow":["GET"]}}],"collection":[{"href":"https:\/\/chemuza.org\/de\/wp-json\/wp\/v2\/pages"}],"about":[{"href":"https:\/\/chemuza.org\/de\/wp-json\/wp\/v2\/types\/page"}],"author":[{"embeddable":true,"href":"https:\/\/chemuza.org\/de\/wp-json\/wp\/v2\/users\/1"}],"replies":[{"embeddable":true,"href":"https:\/\/chemuza.org\/de\/wp-json\/wp\/v2\/comments?post=1522"}],"version-history":[{"count":1,"href":"https:\/\/chemuza.org\/de\/wp-json\/wp\/v2\/pages\/1522\/revisions"}],"predecessor-version":[{"id":1615,"href":"https:\/\/chemuza.org\/de\/wp-json\/wp\/v2\/pages\/1522\/revisions\/1615"}],"wp:attachment":[{"href":"https:\/\/chemuza.org\/de\/wp-json\/wp\/v2\/media?parent=1522"}],"curies":[{"name":"wp","href":"https:\/\/api.w.org\/{rel}","templated":true}]}}