{"id":1520,"date":"2023-10-25T13:51:13","date_gmt":"2023-10-25T13:51:13","guid":{"rendered":"https:\/\/chemuza.org\/de\/barium\/"},"modified":"2023-10-25T13:51:13","modified_gmt":"2023-10-25T13:51:13","slug":"barium","status":"publish","type":"page","link":"https:\/\/chemuza.org\/de\/barium\/","title":{"rendered":"Barium"},"content":{"rendered":"<p>Barium ist in der Erdkruste in einer Menge von 0,04 % verteilt und belegt angesichts seines geringen nat\u00fcrlichen Vorkommens den 18. Platz. Seine Verbindungen werden durch Extraktion und Umwandlung seiner beiden Hauptverbindungen Baryt und Witherit gewonnen. Schauen Sie sich unten weitere Funktionen und Apps an.<\/p>\n<h2> <strong>Was ist Barium?<\/strong><\/h2>\n<p> Es ist ein Erdalkalimetall mit der Ordnungszahl 56 im Periodensystem. Es ist sehr reaktiv, hat eine Atommasse von 137,34 und eine wei\u00dflich-silberne Farbe. Seine Pr\u00e4senz in der Umwelt ist gering, sodass es nur in festen Verbindungen, Staub und Kristallen vorkommt. Dar\u00fcber hinaus kommt es in Nahrungsmitteln und Trinkwasser nahezu nicht vor.<\/p>\n<h3> <strong>Barium-Symbol<\/strong><\/h3>\n<p> <span class=\"content-chemical-element\" style=\"float: left;width: 65px;height: 65px;border: 3px solid #666; display:flex;\n    justify-content: center;align-items: center;margin-right: 15px;\"><span style=\"font-size: 38px;\">Ba<\/span><\/span> Sein Name kommt vom griechischen \u201ebarys\u201c oder \u201eschwer\u201c. Es wurde erstmals von Sir Humphrey Davy durch Elektrolyse von Baryt gewonnen, was in reinem Zustand zu einer hohen Dichte f\u00fchrte, daher der Name.<\/p>\n<h2> <strong>Eigenschaften von Barium<\/strong><\/h2>\n<p> Das Element Barium befindet sich in der Gruppe 2 des Periodensystems, es ist duktil, das hei\u00dft, es oxidiert leicht in Gegenwart von Luft und reagiert schnell mit Wasser. Dar\u00fcber hinaus ist es chemisch sehr aktiv, da es mit Nichtmetallen unter Bildung von Verbindungen interagiert. Erfahren Sie mehr \u00fcber seine Zusammensetzung:<\/p>\n<ul>\n<li> <strong>Zustand<\/strong> : Solide.<\/li>\n<li> <strong>Farbe<\/strong> : Wei\u00dfsilber.<\/li>\n<li> <strong>Geschmack und Geruch<\/strong> : Bitter metallisch, sehr unangenehm und geruchlos.<\/li>\n<li> <strong>Zusammensetzung<\/strong> : Es besteht aus 57 Protonen und Elektronen mit 81 Neutronen.<\/li>\n<li> <strong>Toxizit\u00e4t<\/strong> : Hoch, kann schwere Gesundheitssch\u00e4den verursachen.<\/li>\n<li> <strong>Reaktivit\u00e4t<\/strong> : Hoch, bei Kontakt mit Wasser oder Alkohol entsteht Wasserstoffgas.<\/li>\n<li> <strong>L\u00f6slichkeit<\/strong> : L\u00f6slich in Wasser.<\/li>\n<li> <strong>Kristallisation<\/strong> : Kubisch, auf K\u00f6rperteile zentriert.<\/li>\n<li> <strong>Leitf\u00e4higkeit<\/strong> : Gut, sowohl elektrisch als auch thermisch.<\/li>\n<\/ul>\n<h2> <strong>Chemische und physikalische Eigenschaften von Barium<\/strong><\/h2>\n<ol>\n<li> <strong>Ordnungszahl<\/strong> : 56<\/li>\n<li> <strong>Zeitraum<\/strong> : 6<\/li>\n<li> <strong>Block<\/strong> : S<\/li>\n<li> <strong>Gruppe<\/strong> : 2<\/li>\n<li> <strong>Oxidationsstufe<\/strong> : 2<\/li>\n<li> <strong>Kovalenter Radius (\u00c5):<\/strong> 198<strong> <\/strong>Nachmittag<\/li>\n<li> <strong>Spezifische W\u00e4rme:<\/strong> 204 J \/ (K kg)<\/li>\n<li> <strong>Ionisierungsenergie:<\/strong> 502,9<\/li>\n<li> <strong>Atommasse (g\/mol):<\/strong> 137,34u<\/li>\n<li> <strong>Dichte:<\/strong> 3620 kg\/m3<\/li>\n<li> <strong>Siedepunkt:<\/strong> 1845<strong> <\/strong>\u00b0C<\/li>\n<li> <strong>Schmelzpunkt:<\/strong> 727<strong> <\/strong>\u00b0C<\/li>\n<li> <strong>Atomradius:<\/strong> 253 Uhr<\/li>\n<li> <strong>Durchschnittlicher Radius:<\/strong> 215h<\/li>\n<li> <strong>Elektronen pro Schale:<\/strong> 2, 8, 18, 8, 2<\/li>\n<li> <strong>Elektronegativit\u00e4t:<\/strong> 0,89 <strong>&nbsp;<\/strong><\/li>\n<li> <strong>Elektronische Konfiguration:<\/strong> [Xe] 6s2<\/li>\n<li> <strong>W\u00e4rmeleitf\u00e4higkeit:<\/strong> 18,4 W\/(Km)<\/li>\n<li> <strong>Elektrische Leitf\u00e4higkeit:<\/strong> 3106 S\/m<\/li>\n<\/ol>\n<h2> <strong>Herkunft von Barium<\/strong><\/h2>\n<p> Das Element Barium und seine Mineralien waren bereits im Mittelalter in Italien in Form von Steinen bekannt. Es wurde wegen seiner phosphoreszierenden Eigenschaften verwendet, da es beim Erhitzen farbiges Licht abgibt. Sp\u00e4ter, im Jahr 1774, bemerkte Carl Scheele, dass Baryt eine weitere Verbindung enthielt, die er nicht in reinem Zustand isolieren konnte, sodass er nur deren Oxid erhielt.<\/p>\n<p> Schlie\u00dflich gelang es Sir Humphry Davy im Jahr 1808, das Element durch Elektrolyse mit geschmolzenen Salzen zu finden. Nur so wurde eine reine Probe gewonnen, die es erm\u00f6glichte, ihre Erdalkalieigenschaften festzustellen.<\/p>\n<h2> <strong>Wof\u00fcr wird Barium verwendet?<\/strong><\/h2>\n<p> Dieses Metall ist sehr reaktiv und kommt in seinem nat\u00fcrlichen Zustand selten in gro\u00dfen Mengen vor. Dennoch werden mit seinen Verbindungen Farbpigmente hergestellt, der Sauerstoff aus elektrischen Ventilen minimiert und gr\u00fcne Flammen erzeugt. Weitere Anwendungen sind im Folgenden aufgef\u00fchrt:<\/p>\n<h3> <strong>\u00d6lquelle<\/strong><\/h3>\n<p> Bariumoxid wird in verschiedenen Teilen als Schlamm beim Bohren von \u00d6lquellen verwendet. Ziel ist es, die Dichte des Schlamms zu erh\u00f6hen und den Brennstoff zu schonen.<\/p>\n<h3> <strong>Elektrische Leiter<\/strong><\/h3>\n<p> Im metallischen Zustand wird es zur Abdeckung von Leitungen und Leitern elektrischer Ger\u00e4te verwendet. Dar\u00fcber hinaus wird es in Z\u00fcndmechanismen von Autos verwendet, die den Strompegel regulieren.<\/p>\n<h3> <strong>Pyrotechnik<\/strong><\/h3>\n<p> Da Bariumnitrat explosive Eigenschaften hat, wird es bei der Herstellung von Feuerwerksk\u00f6rpern und k\u00fcnstlichem Licht verwendet. Obwohl es an der Luft schnell oxidiert und seine Farbe \u00e4ndert, wird es bei der Herstellung phosphoreszierender Beleuchtung verwendet.<\/p>\n<h3> <strong>Giftbestandteil<\/strong><\/h3>\n<p> Die Verbindung Bariumcarbonat wird zur Herstellung von Rattengift verwendet. Aufgrund seiner hohen Toxizit\u00e4t eliminiert es das Nagetier wenige Sekunden nach der Einnahme.<\/p>\n<h3> <strong>Elektrodenherstellung<\/strong><\/h3>\n<p> Bei der Herstellung negativer Elektroden werden Bariumsulfat und Lignin, ein organisches Polymer, verwendet. Dadurch erf\u00fcllt es die Funktion eines Expanders in Blei-S\u00e4ure-Batterien.<\/p>\n<h3> <strong>Radiologie<\/strong><\/h3>\n<p> Die Bariumsulfatverbindung wird aufgrund ihrer hohen Opazit\u00e4t zur Beschichtung von R\u00f6ntgenr\u00e4umen verwendet. Dar\u00fcber hinaus erzeugt es aufgrund seiner Wasserl\u00f6slichkeit Kontraste im R\u00f6ntgenbild und erm\u00f6glicht die pr\u00e4zise Darstellung von Anomalien.<\/p>\n<h2> <strong>Was ist Bariumchlorid?<\/strong><\/h2>\n<p> Es handelt sich um eine anorganische Verbindung mit der Formel BaCl2 vom Typ eines giftigen l\u00f6slichen Salzes, das sich bei Feuereinwirkung bl\u00e4ulich verf\u00e4rbt. In der Industrie genie\u00dft es einen hohen Stellenwert, da es als Solereiniger in Chlor-Alkali-Anlagen eingesetzt wird. Dar\u00fcber hinaus wird es als Stahlh\u00e4rter und zur Bildung von Salzen bei W\u00e4rmebehandlungen verwendet.<\/p>\n<p> Zusammenfassend l\u00e4sst sich sagen, dass dieses Erdalkalimetall sehr radioaktiv ist, weshalb es in seinem nat\u00fcrlichen Zustand selten vorkommt. Es verf\u00fcgt \u00fcber eine hervorragende thermische und elektrische Leitf\u00e4higkeit und eignet sich perfekt f\u00fcr verschiedene Anwendungen im industriellen, chemischen und medizinischen Bereich.<\/p>\n","protected":false},"excerpt":{"rendered":"<p>Barium ist in der Erdkruste in einer Menge von 0,04 % verteilt und belegt angesichts seines geringen nat\u00fcrlichen Vorkommens den 18. Platz. Seine Verbindungen werden durch Extraktion und Umwandlung seiner beiden Hauptverbindungen Baryt und Witherit gewonnen. Schauen Sie sich unten weitere Funktionen und Apps an. Was ist Barium? Es ist ein Erdalkalimetall mit der Ordnungszahl &#8230; <a title=\"Barium\" class=\"read-more\" href=\"https:\/\/chemuza.org\/de\/barium\/\" aria-label=\"Mehr zu Barium\">Mehr lesen<\/a><\/p>\n","protected":false},"author":1,"featured_media":0,"parent":0,"menu_order":0,"comment_status":"closed","ping_status":"closed","template":"","meta":{"footnotes":""},"class_list":["post-1520","page","type-page","status-publish"],"yoast_head":"<!-- This site is optimized with the Yoast SEO plugin v21.4 - https:\/\/yoast.com\/wordpress\/plugins\/seo\/ -->\n<title>Barium - Chemuza<\/title>\n<meta name=\"robots\" content=\"index, follow, max-snippet:-1, max-image-preview:large, max-video-preview:-1\" \/>\n<link rel=\"canonical\" href=\"https:\/\/chemuza.org\/de\/barium\/\" \/>\n<meta property=\"og:locale\" content=\"de_DE\" \/>\n<meta property=\"og:type\" content=\"article\" \/>\n<meta property=\"og:title\" content=\"Barium - Chemuza\" \/>\n<meta property=\"og:description\" content=\"Barium ist in der Erdkruste in einer Menge von 0,04 % verteilt und belegt angesichts seines geringen nat\u00fcrlichen Vorkommens den 18. Platz. Seine Verbindungen werden durch Extraktion und Umwandlung seiner beiden Hauptverbindungen Baryt und Witherit gewonnen. Schauen Sie sich unten weitere Funktionen und Apps an. Was ist Barium? Es ist ein Erdalkalimetall mit der Ordnungszahl ... Mehr lesen\" \/>\n<meta property=\"og:url\" content=\"https:\/\/chemuza.org\/de\/barium\/\" \/>\n<meta property=\"og:site_name\" content=\"Chemuza\" \/>\n<meta name=\"twitter:card\" content=\"summary_large_image\" \/>\n<meta name=\"twitter:label1\" content=\"Gesch\u00e4tzte Lesezeit\" \/>\n\t<meta name=\"twitter:data1\" content=\"4\u00a0Minuten\" \/>\n<script type=\"application\/ld+json\" class=\"yoast-schema-graph\">{\"@context\":\"https:\/\/schema.org\",\"@graph\":[{\"@type\":\"WebPage\",\"@id\":\"https:\/\/chemuza.org\/de\/barium\/\",\"url\":\"https:\/\/chemuza.org\/de\/barium\/\",\"name\":\"Barium - Chemuza\",\"isPartOf\":{\"@id\":\"https:\/\/chemuza.org\/de\/#website\"},\"datePublished\":\"2023-10-25T13:51:13+00:00\",\"dateModified\":\"2023-10-25T13:51:13+00:00\",\"breadcrumb\":{\"@id\":\"https:\/\/chemuza.org\/de\/barium\/#breadcrumb\"},\"inLanguage\":\"de\",\"potentialAction\":[{\"@type\":\"ReadAction\",\"target\":[\"https:\/\/chemuza.org\/de\/barium\/\"]}]},{\"@type\":\"BreadcrumbList\",\"@id\":\"https:\/\/chemuza.org\/de\/barium\/#breadcrumb\",\"itemListElement\":[{\"@type\":\"ListItem\",\"position\":1,\"name\":\"Heim\",\"item\":\"https:\/\/chemuza.org\/de\/\"},{\"@type\":\"ListItem\",\"position\":2,\"name\":\"Barium\"}]},{\"@type\":\"WebSite\",\"@id\":\"https:\/\/chemuza.org\/de\/#website\",\"url\":\"https:\/\/chemuza.org\/de\/\",\"name\":\"Chemuza\",\"description\":\"Ihr Tor zur chemischen Entdeckung\",\"publisher\":{\"@id\":\"https:\/\/chemuza.org\/de\/#organization\"},\"potentialAction\":[{\"@type\":\"SearchAction\",\"target\":{\"@type\":\"EntryPoint\",\"urlTemplate\":\"https:\/\/chemuza.org\/de\/?s={search_term_string}\"},\"query-input\":\"required name=search_term_string\"}],\"inLanguage\":\"de\"},{\"@type\":\"Organization\",\"@id\":\"https:\/\/chemuza.org\/de\/#organization\",\"name\":\"Chemuza\",\"url\":\"https:\/\/chemuza.org\/de\/\",\"logo\":{\"@type\":\"ImageObject\",\"inLanguage\":\"de\",\"@id\":\"https:\/\/chemuza.org\/de\/#\/schema\/logo\/image\/\",\"url\":\"https:\/\/chemuza.org\/de\/wp-content\/uploads\/2023\/10\/chemuza-logo.png\",\"contentUrl\":\"https:\/\/chemuza.org\/de\/wp-content\/uploads\/2023\/10\/chemuza-logo.png\",\"width\":387,\"height\":70,\"caption\":\"Chemuza\"},\"image\":{\"@id\":\"https:\/\/chemuza.org\/de\/#\/schema\/logo\/image\/\"}}]}<\/script>\n<!-- \/ Yoast SEO plugin. -->","yoast_head_json":{"title":"Barium - Chemuza","robots":{"index":"index","follow":"follow","max-snippet":"max-snippet:-1","max-image-preview":"max-image-preview:large","max-video-preview":"max-video-preview:-1"},"canonical":"https:\/\/chemuza.org\/de\/barium\/","og_locale":"de_DE","og_type":"article","og_title":"Barium - Chemuza","og_description":"Barium ist in der Erdkruste in einer Menge von 0,04 % verteilt und belegt angesichts seines geringen nat\u00fcrlichen Vorkommens den 18. Platz. Seine Verbindungen werden durch Extraktion und Umwandlung seiner beiden Hauptverbindungen Baryt und Witherit gewonnen. Schauen Sie sich unten weitere Funktionen und Apps an. Was ist Barium? Es ist ein Erdalkalimetall mit der Ordnungszahl ... Mehr lesen","og_url":"https:\/\/chemuza.org\/de\/barium\/","og_site_name":"Chemuza","twitter_card":"summary_large_image","twitter_misc":{"Gesch\u00e4tzte Lesezeit":"4\u00a0Minuten"},"schema":{"@context":"https:\/\/schema.org","@graph":[{"@type":"WebPage","@id":"https:\/\/chemuza.org\/de\/barium\/","url":"https:\/\/chemuza.org\/de\/barium\/","name":"Barium - Chemuza","isPartOf":{"@id":"https:\/\/chemuza.org\/de\/#website"},"datePublished":"2023-10-25T13:51:13+00:00","dateModified":"2023-10-25T13:51:13+00:00","breadcrumb":{"@id":"https:\/\/chemuza.org\/de\/barium\/#breadcrumb"},"inLanguage":"de","potentialAction":[{"@type":"ReadAction","target":["https:\/\/chemuza.org\/de\/barium\/"]}]},{"@type":"BreadcrumbList","@id":"https:\/\/chemuza.org\/de\/barium\/#breadcrumb","itemListElement":[{"@type":"ListItem","position":1,"name":"Heim","item":"https:\/\/chemuza.org\/de\/"},{"@type":"ListItem","position":2,"name":"Barium"}]},{"@type":"WebSite","@id":"https:\/\/chemuza.org\/de\/#website","url":"https:\/\/chemuza.org\/de\/","name":"Chemuza","description":"Ihr Tor zur chemischen Entdeckung","publisher":{"@id":"https:\/\/chemuza.org\/de\/#organization"},"potentialAction":[{"@type":"SearchAction","target":{"@type":"EntryPoint","urlTemplate":"https:\/\/chemuza.org\/de\/?s={search_term_string}"},"query-input":"required name=search_term_string"}],"inLanguage":"de"},{"@type":"Organization","@id":"https:\/\/chemuza.org\/de\/#organization","name":"Chemuza","url":"https:\/\/chemuza.org\/de\/","logo":{"@type":"ImageObject","inLanguage":"de","@id":"https:\/\/chemuza.org\/de\/#\/schema\/logo\/image\/","url":"https:\/\/chemuza.org\/de\/wp-content\/uploads\/2023\/10\/chemuza-logo.png","contentUrl":"https:\/\/chemuza.org\/de\/wp-content\/uploads\/2023\/10\/chemuza-logo.png","width":387,"height":70,"caption":"Chemuza"},"image":{"@id":"https:\/\/chemuza.org\/de\/#\/schema\/logo\/image\/"}}]}},"yoast_meta":{"yoast_wpseo_title":"","yoast_wpseo_metadesc":"","yoast_wpseo_canonical":""},"_links":{"self":[{"href":"https:\/\/chemuza.org\/de\/wp-json\/wp\/v2\/pages\/1520","targetHints":{"allow":["GET"]}}],"collection":[{"href":"https:\/\/chemuza.org\/de\/wp-json\/wp\/v2\/pages"}],"about":[{"href":"https:\/\/chemuza.org\/de\/wp-json\/wp\/v2\/types\/page"}],"author":[{"embeddable":true,"href":"https:\/\/chemuza.org\/de\/wp-json\/wp\/v2\/users\/1"}],"replies":[{"embeddable":true,"href":"https:\/\/chemuza.org\/de\/wp-json\/wp\/v2\/comments?post=1520"}],"version-history":[{"count":1,"href":"https:\/\/chemuza.org\/de\/wp-json\/wp\/v2\/pages\/1520\/revisions"}],"predecessor-version":[{"id":1608,"href":"https:\/\/chemuza.org\/de\/wp-json\/wp\/v2\/pages\/1520\/revisions\/1608"}],"wp:attachment":[{"href":"https:\/\/chemuza.org\/de\/wp-json\/wp\/v2\/media?parent=1520"}],"curies":[{"name":"wp","href":"https:\/\/api.w.org\/{rel}","templated":true}]}}