{"id":1519,"date":"2023-07-14T10:56:18","date_gmt":"2023-07-14T10:56:18","guid":{"rendered":"https:\/\/chemuza.org\/de\/tellur\/"},"modified":"2023-07-14T10:56:18","modified_gmt":"2023-07-14T10:56:18","slug":"tellur","status":"publish","type":"page","link":"https:\/\/chemuza.org\/de\/tellur\/","title":{"rendered":"Tellur"},"content":{"rendered":"<p>Tellur ist eines der seltensten Elemente auf der Erde und kommt zusammen mit Selen, Sauerstoff, Polonium und Schwefel vor. Dies kann mithilfe der feinen Pulver bestimmter tellurischer Goldmineralien isoliert werden. Dar\u00fcber hinaus ist es in Form von grafischem Tellurid oder Nagiagit erh\u00e4ltlich. Weitere Formen sind Altait, Coloradoit, Gold- und Silbertellurid.<\/p>\n<h2> <strong>Was ist Tellur?<\/strong><\/h2>\n<p> Es ist ein Element des Periodensystems, das innerhalb der Halbmetalle angesiedelt ist. Es sind zwei allotrope Formen davon bekannt, eine ist kristallin, silberwei\u00df und hat ein spezifisches Gewicht von 6,24. Die andere Form ist die amorphe Kastanie, die ein spezifisches Gewicht von 6,015 hat. Dar\u00fcber hinaus ist es spr\u00f6de und erscheint meist als dunkelgraues Pulver.<\/p>\n<p> Beim Verbrennen an der Luft entsteht eine blaugr\u00fcne Flamme und es entsteht Tellurdioxid. Es kann in Nitrits\u00e4ure gel\u00f6st werden, in Salzs\u00e4ure oder Wasser wird es jedoch nicht angegriffen. Dar\u00fcber hinaus weist es sowohl metallische als auch nichtmetallische Eigenschaften auf.<\/p>\n<h3> <strong>Tellur-Symbol<\/strong><\/h3>\n<p> <span class=\"content-chemical-element\" style=\"float: left;width: 65px;height: 65px;border: 3px solid #666; display:flex;\n    justify-content: center;align-items: center;margin-right: 15px;\"><span style=\"font-size: 38px;\">Te<\/span><\/span> Es ist ein chemisches Element in Gruppe 16, Periode 5 des Periodensystems. Das Atomgewicht betr\u00e4gt 127,60 und die Ordnungszahl 52. Es sind 29 Isotope bekannt, von denen 8 in der Natur vorkommen, drei davon sind radioaktiv. Zu seinen Verbindungen geh\u00f6ren unter anderem Tellurwasserstoff, Tellurtrioxid, Tellurtetrachlorid und Tellurdioxid.<\/p>\n<h2> <strong>Eigenschaften von Tellur<\/strong><\/h2>\n<p> Tellur ist relativ stabil und in Salzs\u00e4ure und Wasser unl\u00f6slich, wird jedoch in K\u00f6nigswasser und Salpeters\u00e4ure l\u00f6slich. Dar\u00fcber hinaus kann es mit \u00fcbersch\u00fcssigem Chlor reagieren und eine Verbindung namens Telluriddichlorid oder Telluridtetrachlorid bilden. Zu den weiteren wichtigen Merkmalen z\u00e4hlen:<\/p>\n<ul>\n<li> <strong>Zustand<\/strong> : Tellur ist in seinem nat\u00fcrlichen Zustand fest.<\/li>\n<li> <strong>Geschmack und Geruch<\/strong> : Obwohl es keinen besonderen Geruch hat, hat es bei der Verstoffwechselung durch den K\u00f6rper einen Knoblauchgeruch und einen metallischen Geschmack.<\/li>\n<li> <strong>Struktur<\/strong> : Es ist ein Polymer, das aus zickzackf\u00f6rmigen Atomketten besteht.<\/li>\n<li> <strong>Elektrische Leitf\u00e4higkeit:<\/strong> H\u00e4ngt von der Atomausrichtung ab und weist eine h\u00f6here Leitf\u00e4higkeit auf, die bei Lichteinwirkung zunimmt.<\/li>\n<\/ul>\n<h2> <strong>Chemische und physikalische Eigenschaften von Tellur<\/strong><\/h2>\n<ol>\n<li> <strong>Ordnungszahl<\/strong> : 52<\/li>\n<li> <strong>Zeitraum:<\/strong> 5<\/li>\n<li> <strong>Block:<\/strong> S<\/li>\n<li> <strong>Kovalenter Radius (\u00c5):<\/strong> 135<\/li>\n<li> <strong>Atomradius:<\/strong> 123<\/li>\n<li> <strong>Elektronegativit\u00e4t:<\/strong> 2.1<\/li>\n<li> <strong>Atommasse (g\/mol):<\/strong> 127,6<\/li>\n<li> <strong>Dichte:<\/strong> 6240 kg\/m\u00b3<\/li>\n<li> <strong>Schmelzenthalpie:<\/strong> 17,49 Kj\/mol<\/li>\n<li> <strong>Oxidationsstufe:<\/strong> +2, 4, 6<\/li>\n<li> <strong>Schmelzpunkt:<\/strong> 722,66 K<\/li>\n<li> <strong>Siedepunkt:<\/strong> 1261 K<\/li>\n<li> <strong>Schallgeschwindigkeit:<\/strong> 2610<strong> <\/strong>m\/s 293,15K<\/li>\n<li> <strong>Dampfdruck:<\/strong> 23,1 Pa bei 272,65 K<\/li>\n<li> <strong>Elektronische Konfiguration:<\/strong> [Kr] 4d <sup>10<\/sup> 5s <sup>2<\/sup> 5p <sup>41<\/sup><\/li>\n<li> <strong>Verdampfungsenthalpie:<\/strong> 52,55 kJ\/mol<\/li>\n<\/ol>\n<h2> <strong>Ursprung von Tellur<\/strong><\/h2>\n<p> Der Name Tellurium oder Tellurium kommt vom lateinischen <em>tellus<\/em> , was Erde bedeutet, als Hommage an die G\u00f6ttin Tellus. Dieses Element wurde 1782 vom \u00f6sterreichischen Bergbauingenieur Franz Joseph M\u00fcller von Reichenstein entdeckt. Er war neugierig auf ein Element, das er in einer Mine fand und das einen unglaublichen metallischen Glanz ausstrahlte. Zuerst dachte er, es sei Antimon.<\/p>\n<p> Nachdem er es jedoch etwa drei Jahre lang analysiert hatte, bemerkte er, dass es sich um etwas Neues handelte. Er beobachtete auch, dass es beim Erhitzen einen roten Rauch abgab, der beim Mischen mit Wasser schwarz wurde, und nannte es deshalb paradoxes Gold. Doch erst 1798 gab ihm der deutsche Chemiker Martin Heinrich Klaproth den Namen Tellur.<\/p>\n<h2> <strong>Wof\u00fcr wird Tellur verwendet?<\/strong><\/h2>\n<p> Zun\u00e4chst wurde es als Politur in der Galvanisierung als Glasf\u00e4rbemittel verwendet. Dar\u00fcber hinaus wird es als Zusatz zu Blei verwendet, um dessen Korrosionsbest\u00e4ndigkeit und Haltbarkeit zu verbessern. Dar\u00fcber hinaus f\u00f6rdert seine Legierung mit Eisen die K\u00fchlung f\u00fcr die Spektroskopie. Weitere Anwendungen dieses Elements sind:<\/p>\n<h3> <strong>Industrie<\/strong><\/h3>\n<p> Aufgrund seiner leitf\u00e4higen Eigenschaften wird es bei der Herstellung thermoelektrischer Ger\u00e4te und CDs verwendet. Es wird auch verwendet, um die Bearbeitbarkeit von Stahl und Kupfer zu verbessern. Es wird verwendet, um Gummi zu vulkanisieren und ihn dadurch hitzebest\u00e4ndiger zu machen. Ebenso dienen Tellurverbindungen als Pigmente zur Herstellung von Keramik und erh\u00f6hen die optische Brechung von Gl\u00e4sern, die in optischen Fasern f\u00fcr die Telekommunikation verwendet werden.<\/p>\n<h3> <strong>Medizin<\/strong><\/h3>\n<p> Kaliumtellurat wird zur Behandlung von \u00fcberm\u00e4\u00dfigem Nachtschwei\u00df bei Patienten mit Tuberkulose eingesetzt. Es wurde auch zur Behandlung von Schilddr\u00fcsenerkrankungen eingesetzt. Andererseits hilft Tellurite-Agar bei der Identifizierung von Corynebacterium diphtheriae, einem pathogenen Bakterium, das f\u00fcr Diphtherie verantwortlich ist.<\/p>\n<p> Zusammenfassend l\u00e4sst sich sagen, dass Tellur zur Gruppe der Metalloide geh\u00f6rt und in der Natur in einem nichtmagnetischen festen Zustand vorkommt. Dar\u00fcber hinaus macht es etwa 10 % der auf der Erdoberfl\u00e4che vorkommenden magmatischen Gesteine aus.<\/p>\n","protected":false},"excerpt":{"rendered":"<p>Tellur ist eines der seltensten Elemente auf der Erde und kommt zusammen mit Selen, Sauerstoff, Polonium und Schwefel vor. Dies kann mithilfe der feinen Pulver bestimmter tellurischer Goldmineralien isoliert werden. Dar\u00fcber hinaus ist es in Form von grafischem Tellurid oder Nagiagit erh\u00e4ltlich. Weitere Formen sind Altait, Coloradoit, Gold- und Silbertellurid. Was ist Tellur? Es ist &#8230; <a title=\"Tellur\" class=\"read-more\" href=\"https:\/\/chemuza.org\/de\/tellur\/\" aria-label=\"Mehr zu Tellur\">Mehr lesen<\/a><\/p>\n","protected":false},"author":1,"featured_media":0,"parent":0,"menu_order":0,"comment_status":"closed","ping_status":"closed","template":"","meta":{"footnotes":""},"class_list":["post-1519","page","type-page","status-publish"],"yoast_head":"<!-- This site is optimized with the Yoast SEO plugin v21.4 - https:\/\/yoast.com\/wordpress\/plugins\/seo\/ -->\n<title>Tellur - Chemuza<\/title>\n<meta name=\"robots\" content=\"index, follow, max-snippet:-1, max-image-preview:large, max-video-preview:-1\" \/>\n<link rel=\"canonical\" href=\"https:\/\/chemuza.org\/de\/tellur\/\" \/>\n<meta property=\"og:locale\" content=\"de_DE\" \/>\n<meta property=\"og:type\" content=\"article\" \/>\n<meta property=\"og:title\" content=\"Tellur - Chemuza\" \/>\n<meta property=\"og:description\" content=\"Tellur ist eines der seltensten Elemente auf der Erde und kommt zusammen mit Selen, Sauerstoff, Polonium und Schwefel vor. Dies kann mithilfe der feinen Pulver bestimmter tellurischer Goldmineralien isoliert werden. Dar\u00fcber hinaus ist es in Form von grafischem Tellurid oder Nagiagit erh\u00e4ltlich. Weitere Formen sind Altait, Coloradoit, Gold- und Silbertellurid. Was ist Tellur? Es ist ... Mehr lesen\" \/>\n<meta property=\"og:url\" content=\"https:\/\/chemuza.org\/de\/tellur\/\" \/>\n<meta property=\"og:site_name\" content=\"Chemuza\" \/>\n<meta name=\"twitter:card\" content=\"summary_large_image\" \/>\n<meta name=\"twitter:label1\" content=\"Gesch\u00e4tzte Lesezeit\" \/>\n\t<meta name=\"twitter:data1\" content=\"3\u00a0Minuten\" \/>\n<script type=\"application\/ld+json\" class=\"yoast-schema-graph\">{\"@context\":\"https:\/\/schema.org\",\"@graph\":[{\"@type\":\"WebPage\",\"@id\":\"https:\/\/chemuza.org\/de\/tellur\/\",\"url\":\"https:\/\/chemuza.org\/de\/tellur\/\",\"name\":\"Tellur - Chemuza\",\"isPartOf\":{\"@id\":\"https:\/\/chemuza.org\/de\/#website\"},\"datePublished\":\"2023-07-14T10:56:18+00:00\",\"dateModified\":\"2023-07-14T10:56:18+00:00\",\"breadcrumb\":{\"@id\":\"https:\/\/chemuza.org\/de\/tellur\/#breadcrumb\"},\"inLanguage\":\"de\",\"potentialAction\":[{\"@type\":\"ReadAction\",\"target\":[\"https:\/\/chemuza.org\/de\/tellur\/\"]}]},{\"@type\":\"BreadcrumbList\",\"@id\":\"https:\/\/chemuza.org\/de\/tellur\/#breadcrumb\",\"itemListElement\":[{\"@type\":\"ListItem\",\"position\":1,\"name\":\"Heim\",\"item\":\"https:\/\/chemuza.org\/de\/\"},{\"@type\":\"ListItem\",\"position\":2,\"name\":\"Tellur\"}]},{\"@type\":\"WebSite\",\"@id\":\"https:\/\/chemuza.org\/de\/#website\",\"url\":\"https:\/\/chemuza.org\/de\/\",\"name\":\"Chemuza\",\"description\":\"Ihr Tor zur chemischen Entdeckung\",\"publisher\":{\"@id\":\"https:\/\/chemuza.org\/de\/#organization\"},\"potentialAction\":[{\"@type\":\"SearchAction\",\"target\":{\"@type\":\"EntryPoint\",\"urlTemplate\":\"https:\/\/chemuza.org\/de\/?s={search_term_string}\"},\"query-input\":\"required name=search_term_string\"}],\"inLanguage\":\"de\"},{\"@type\":\"Organization\",\"@id\":\"https:\/\/chemuza.org\/de\/#organization\",\"name\":\"Chemuza\",\"url\":\"https:\/\/chemuza.org\/de\/\",\"logo\":{\"@type\":\"ImageObject\",\"inLanguage\":\"de\",\"@id\":\"https:\/\/chemuza.org\/de\/#\/schema\/logo\/image\/\",\"url\":\"https:\/\/chemuza.org\/de\/wp-content\/uploads\/2023\/10\/chemuza-logo.png\",\"contentUrl\":\"https:\/\/chemuza.org\/de\/wp-content\/uploads\/2023\/10\/chemuza-logo.png\",\"width\":387,\"height\":70,\"caption\":\"Chemuza\"},\"image\":{\"@id\":\"https:\/\/chemuza.org\/de\/#\/schema\/logo\/image\/\"}}]}<\/script>\n<!-- \/ Yoast SEO plugin. -->","yoast_head_json":{"title":"Tellur - Chemuza","robots":{"index":"index","follow":"follow","max-snippet":"max-snippet:-1","max-image-preview":"max-image-preview:large","max-video-preview":"max-video-preview:-1"},"canonical":"https:\/\/chemuza.org\/de\/tellur\/","og_locale":"de_DE","og_type":"article","og_title":"Tellur - Chemuza","og_description":"Tellur ist eines der seltensten Elemente auf der Erde und kommt zusammen mit Selen, Sauerstoff, Polonium und Schwefel vor. Dies kann mithilfe der feinen Pulver bestimmter tellurischer Goldmineralien isoliert werden. Dar\u00fcber hinaus ist es in Form von grafischem Tellurid oder Nagiagit erh\u00e4ltlich. Weitere Formen sind Altait, Coloradoit, Gold- und Silbertellurid. Was ist Tellur? Es ist ... Mehr lesen","og_url":"https:\/\/chemuza.org\/de\/tellur\/","og_site_name":"Chemuza","twitter_card":"summary_large_image","twitter_misc":{"Gesch\u00e4tzte Lesezeit":"3\u00a0Minuten"},"schema":{"@context":"https:\/\/schema.org","@graph":[{"@type":"WebPage","@id":"https:\/\/chemuza.org\/de\/tellur\/","url":"https:\/\/chemuza.org\/de\/tellur\/","name":"Tellur - Chemuza","isPartOf":{"@id":"https:\/\/chemuza.org\/de\/#website"},"datePublished":"2023-07-14T10:56:18+00:00","dateModified":"2023-07-14T10:56:18+00:00","breadcrumb":{"@id":"https:\/\/chemuza.org\/de\/tellur\/#breadcrumb"},"inLanguage":"de","potentialAction":[{"@type":"ReadAction","target":["https:\/\/chemuza.org\/de\/tellur\/"]}]},{"@type":"BreadcrumbList","@id":"https:\/\/chemuza.org\/de\/tellur\/#breadcrumb","itemListElement":[{"@type":"ListItem","position":1,"name":"Heim","item":"https:\/\/chemuza.org\/de\/"},{"@type":"ListItem","position":2,"name":"Tellur"}]},{"@type":"WebSite","@id":"https:\/\/chemuza.org\/de\/#website","url":"https:\/\/chemuza.org\/de\/","name":"Chemuza","description":"Ihr Tor zur chemischen Entdeckung","publisher":{"@id":"https:\/\/chemuza.org\/de\/#organization"},"potentialAction":[{"@type":"SearchAction","target":{"@type":"EntryPoint","urlTemplate":"https:\/\/chemuza.org\/de\/?s={search_term_string}"},"query-input":"required name=search_term_string"}],"inLanguage":"de"},{"@type":"Organization","@id":"https:\/\/chemuza.org\/de\/#organization","name":"Chemuza","url":"https:\/\/chemuza.org\/de\/","logo":{"@type":"ImageObject","inLanguage":"de","@id":"https:\/\/chemuza.org\/de\/#\/schema\/logo\/image\/","url":"https:\/\/chemuza.org\/de\/wp-content\/uploads\/2023\/10\/chemuza-logo.png","contentUrl":"https:\/\/chemuza.org\/de\/wp-content\/uploads\/2023\/10\/chemuza-logo.png","width":387,"height":70,"caption":"Chemuza"},"image":{"@id":"https:\/\/chemuza.org\/de\/#\/schema\/logo\/image\/"}}]}},"yoast_meta":{"yoast_wpseo_title":"","yoast_wpseo_metadesc":"","yoast_wpseo_canonical":""},"_links":{"self":[{"href":"https:\/\/chemuza.org\/de\/wp-json\/wp\/v2\/pages\/1519","targetHints":{"allow":["GET"]}}],"collection":[{"href":"https:\/\/chemuza.org\/de\/wp-json\/wp\/v2\/pages"}],"about":[{"href":"https:\/\/chemuza.org\/de\/wp-json\/wp\/v2\/types\/page"}],"author":[{"embeddable":true,"href":"https:\/\/chemuza.org\/de\/wp-json\/wp\/v2\/users\/1"}],"replies":[{"embeddable":true,"href":"https:\/\/chemuza.org\/de\/wp-json\/wp\/v2\/comments?post=1519"}],"version-history":[{"count":0,"href":"https:\/\/chemuza.org\/de\/wp-json\/wp\/v2\/pages\/1519\/revisions"}],"wp:attachment":[{"href":"https:\/\/chemuza.org\/de\/wp-json\/wp\/v2\/media?parent=1519"}],"curies":[{"name":"wp","href":"https:\/\/api.w.org\/{rel}","templated":true}]}}