{"id":1517,"date":"2023-07-14T11:46:58","date_gmt":"2023-07-14T11:46:58","guid":{"rendered":"https:\/\/chemuza.org\/de\/zinn\/"},"modified":"2023-07-14T11:46:58","modified_gmt":"2023-07-14T11:46:58","slug":"zinn","status":"publish","type":"page","link":"https:\/\/chemuza.org\/de\/zinn\/","title":{"rendered":"Zinn"},"content":{"rendered":"<p>Wussten Sie, dass Oscar-Statuetten mit gl\u00e4nzenden Elementen \u00fcberzogen sind und aus Zinn, einer Legierung aus Zinn und anderen Metallen, bestehen? Dar\u00fcber hinaus wurden alte Eisen- oder Stahlk\u00e4sten mit diesem Element abgedeckt, um sie vor Rost zu sch\u00fctzen. Heutzutage gibt es aufgrund seiner Vielseitigkeit viele Anwendungsm\u00f6glichkeiten, die Sie hier entdecken k\u00f6nnen.<\/p>\n<h2> <strong>Was ist Zinn?<\/strong><\/h2>\n<p> Es handelt sich um ein Post-\u00dcbergangsmetall, das je nach allotroper Variante wei\u00df oder grau sein kann. Es ist formbar, bei Raumtemperatur oxidierbar, korrosionsbest\u00e4ndig und wird zur Beschichtung anderer Metalle verwendet. Es kommt h\u00e4ufig in mehreren Legierungen vor und \u00e4hnelt Blei und Germanium. Wenn andererseits eine Stange des Elements gebogen wird, entsteht ein Ger\u00e4usch, das als Zinnelementschrei bekannt ist.<\/p>\n<h3> <strong>Zinnsymbol<\/strong><\/h3>\n<p> <span class=\"content-chemical-element\" style=\"float: left;width: 65px;height: 65px;border: 3px solid #666; display:flex;\n    justify-content: center;align-items: center;margin-right: 15px;\"><span style=\"font-size: 38px;\">Sn<\/span><\/span> entspricht einer Abk\u00fcrzung des lateinischen Wortes <em>Stannum<\/em> und wiederum des altkeltischen Begriffs <em>Stagnum<\/em> , der mit dem Element verwandt war. Es erh\u00e4lt diesen Namen, weil es den Menschen seit der Antike bekannt ist.<\/p>\n<h2> <strong>Eigenschaften von Zinn<\/strong><\/h2>\n<p> Zu den Eigenschaften von Zinn geh\u00f6ren eine H\u00e4rte von 1,5 auf der Mohs-Skala, eine metallische Textur und die Eigenschaft, in Gegenwart von Sauerstoff ein Katalysator zu sein. Dar\u00fcber hinaus ist es geruchlos, weich, glatt, hat wei\u00dfliche Silbert\u00f6ne und enth\u00e4lt 9 stabile Isotope. Dar\u00fcber hinaus besteht es auf atomarer Ebene aus 69 Neutronen, 50 Protonen und 50 Elektronen. Weitere Elementdaten sind:<\/p>\n<ul>\n<li> <strong>Allotrope Formen:<\/strong> Es gibt zwei Varianten, wei\u00df und grau.<\/li>\n<li> <strong>Chemische Reaktivit\u00e4t<\/strong> : Best\u00e4ndig gegen Korrosion durch Luft und Wasser bei Raumtemperatur. Es wird im Allgemeinen durch S\u00e4uren und Basen angegriffen.<\/li>\n<li> <strong>Schmelzpunkt<\/strong> : Enth\u00e4lt den niedrigsten Schmelzpunkt in Gruppe 14 des Periodensystems.<\/li>\n<li> <strong>Zustand<\/strong> : Solide.<\/li>\n<li> <strong>Ver\u00e4nderungen<\/strong> : Wenn die Temperatur unter 13,2 \u00b0C liegt, verf\u00e4rbt es sich spontan von wei\u00df zu grau, ein Ph\u00e4nomen, das als Zinnpest bezeichnet wird.<\/li>\n<li> <strong>Kristallstruktur<\/strong> : Wei\u00df ist tetragonal, w\u00e4hrend Grau eine kubische Struktur bildet.<\/li>\n<li> <strong>Formbarkeit<\/strong> : Grau ist spr\u00f6de, w\u00e4hrend Wei\u00df formbar und duktil ist und daher kaltgewalzt und gesponnen werden kann.<\/li>\n<li> <strong>Magnetische Ordnung<\/strong> : Wei\u00df ist paramagnetisch, w\u00e4hrend Grau diamagnetisch ist.<\/li>\n<li> <strong>Leitf\u00e4higkeit<\/strong> : Bei Temperaturen unter -269,28 \u00b0C ist es ein Supraleiter. Wei\u00df fungiert als elektrischer Leiter und Grau ist ein Halbleiter.<\/li>\n<\/ul>\n<h2> <strong>Chemische und physikalische Eigenschaften von Zinn<\/strong><\/h2>\n<ol>\n<li> <strong>Ordnungszahl<\/strong> : 50<\/li>\n<li> <strong>Oxidationsstufen<\/strong> : +4,2<\/li>\n<li> <strong>Dichte<\/strong> : 7365 kg\/m\u00b3<\/li>\n<li> <strong>Oxid<\/strong> : Amphoter<\/li>\n<li> <strong>Spezifische W\u00e4rme<\/strong> : 228 J\/(K-kg)<\/li>\n<li> <strong>Elektronen pro Ebene<\/strong> : 2, 8, 18, 18, 4<\/li>\n<li> <strong>Schmelzpunkt<\/strong> : 232 \u00b0C (505,08 K)<\/li>\n<li> <strong>Schallgeschwindigkeit<\/strong> : 2500 m\/s bei 293,15 K<\/li>\n<li> <strong>Siedepunkt<\/strong> : 2602 \u00b0C (2875 K)<\/li>\n<li> <strong>Verdampfungsenthalpie<\/strong> : 295,8 kJ\/mol<\/li>\n<li> <strong>Elektronische Konfiguration<\/strong> : [Kr]4d <sup>10<\/sup> 5s <sup>2<\/sup> 5p <sup>2<\/sup><\/li>\n<li> <strong>Kovalenter Radius (\u00c5)<\/strong> : 180 Uhr<\/li>\n<li> <strong>Atommasse (g\/mol)<\/strong> : 118.710 u<\/li>\n<li> <strong>Fusionsenthalpie<\/strong> : 7.029 kJ\/mol<\/li>\n<li> <strong>Atomradius (\u00c5)<\/strong> : 145 pm (Bohr-Radius)<\/li>\n<li> <strong>Erstes Ionisierungspotential (eV)<\/strong> : 708,6 kJ\/mol<\/li>\n<li> <strong>Elektronegativit\u00e4t<\/strong> : 1,96 (Pauling-Skala)<\/li>\n<\/ol>\n<h2> <strong>Herkunft von Zinn<\/strong><\/h2>\n<p> Es ist nicht genau bekannt, wer Zinn entdeckt hat, da es sich um ein seit der Antike bekanntes Metall handelt. Einige gehen jedoch davon aus, dass das ungef\u00e4hre Datum seiner Entdeckung im Jahr 2000 v. Chr. liegt, und zwar zwischen Fundorten im Nahen Osten und auf dem Balkan.<\/p>\n<p> Laut der Geschichte von Zinn gehen die ersten Ausbeutungen seiner Vorkommen auf das Jahr 3000 v. Chr. zur\u00fcck. Dar\u00fcber hinaus wurde entdeckt, dass die ersten Artefakte des Elements 2 % Arsen enthielten. Dies verleiht ihm eine gr\u00f6\u00dfere H\u00e4rte, eine niedrigere Schmelztemperatur und offensichtliche Toxizit\u00e4t. Daher wurde die Hauptquelle durch das Mineral Kassiterit ersetzt.<\/p>\n<p> Ebenso wurde es mit Kupfer legiert, um das Material Bronze zu bilden, was den Beginn der bl\u00fchenden Bronzezeit markierte, da diese neue Legierung perfekt f\u00fcr die Herstellung von Langstreckenwaffen und praktischen Werkzeugen geeignet war. Ebenso begannen H\u00e4ndler, dieses Metall in ganz Europa und \u00c4gypten zu vertreiben.<\/p>\n<h2> <strong>Wof\u00fcr wird Zinn verwendet?<\/strong><\/h2>\n<p> Derzeit werden Legierungen und Lote f\u00fcr elektronische Schaltkreise am h\u00e4ufigsten verwendet. Es gibt jedoch auch andere Bereiche, die von seinen Eigenschaften profitieren, wie zum Beispiel:<\/p>\n<ul>\n<li> Reduzieren Sie die Zerbrechlichkeit von Glas.<\/li>\n<li> Schutzelement f\u00fcr andere Metalle wie Eisen oder Stahl, die zur Herstellung von Dosen verwendet werden.<\/li>\n<li> Seine Verbindungen werden f\u00fcr Farbstoffe, Pigmente, Fungizide und Zahnpasten verwendet.<\/li>\n<li> Wird beim Weichl\u00f6ten verwendet, wenn es mit Blei legiert ist.<\/li>\n<li> Durch die Legierung von Zinn und Kupfer entsteht Bronze.<\/li>\n<li> In Verbindung mit Blei bildet es die Schichten der R\u00f6hren der verschiedenen Musikorgeln.<\/li>\n<li> Es wird in der Keramikindustrie zur Herstellung von Keramikglasuren verwendet.<\/li>\n<li> Es wird als Verschlussh\u00fclle in Weinflaschenverschl\u00fcssen verwendet.<\/li>\n<\/ul>\n<h2> <strong>Wo kommt Zinn vor?<\/strong><\/h2>\n<p> Es ist ein wichtiges Produkt in der Provinz Yunna in China, Devon, Malaysia und Cornwall in England. Dar\u00fcber hinaus erreicht die Bergbauproduktion L\u00e4nder wie Deutschland, Portugal, Frankreich, die Tschechische Republik, Italien, Spanien, S\u00fcdafrika, Syrien, \u00c4gypten und den Iran.<\/p>\n<p> Zusammenfassend l\u00e4sst sich sagen, dass Zinn ein formbares, duktiles, korrosionsbest\u00e4ndiges, weiches und geruchloses Metall mit metallischer Textur ist, das in Gegenwart von Sauerstoff als Katalysator wirkt. Dar\u00fcber hinaus weist es zwei allotrope Formen auf, wei\u00df und grau, und bei einer Temperatur unter 13,2 \u00b0C \u00e4ndert sich seine Farbe, was als Zinnpest bezeichnet wird.<\/p>\n","protected":false},"excerpt":{"rendered":"<p>Wussten Sie, dass Oscar-Statuetten mit gl\u00e4nzenden Elementen \u00fcberzogen sind und aus Zinn, einer Legierung aus Zinn und anderen Metallen, bestehen? Dar\u00fcber hinaus wurden alte Eisen- oder Stahlk\u00e4sten mit diesem Element abgedeckt, um sie vor Rost zu sch\u00fctzen. Heutzutage gibt es aufgrund seiner Vielseitigkeit viele Anwendungsm\u00f6glichkeiten, die Sie hier entdecken k\u00f6nnen. Was ist Zinn? Es handelt &#8230; <a title=\"Zinn\" class=\"read-more\" href=\"https:\/\/chemuza.org\/de\/zinn\/\" aria-label=\"Mehr zu Zinn\">Mehr lesen<\/a><\/p>\n","protected":false},"author":1,"featured_media":0,"parent":0,"menu_order":0,"comment_status":"closed","ping_status":"closed","template":"","meta":{"footnotes":""},"class_list":["post-1517","page","type-page","status-publish"],"yoast_head":"<!-- This site is optimized with the Yoast SEO plugin v21.4 - https:\/\/yoast.com\/wordpress\/plugins\/seo\/ -->\n<title>Zinn - Chemuza<\/title>\n<meta name=\"robots\" content=\"index, follow, max-snippet:-1, max-image-preview:large, max-video-preview:-1\" \/>\n<link rel=\"canonical\" href=\"https:\/\/chemuza.org\/de\/zinn\/\" \/>\n<meta property=\"og:locale\" content=\"de_DE\" \/>\n<meta property=\"og:type\" content=\"article\" \/>\n<meta property=\"og:title\" content=\"Zinn - Chemuza\" \/>\n<meta property=\"og:description\" content=\"Wussten Sie, dass Oscar-Statuetten mit gl\u00e4nzenden Elementen \u00fcberzogen sind und aus Zinn, einer Legierung aus Zinn und anderen Metallen, bestehen? Dar\u00fcber hinaus wurden alte Eisen- oder Stahlk\u00e4sten mit diesem Element abgedeckt, um sie vor Rost zu sch\u00fctzen. Heutzutage gibt es aufgrund seiner Vielseitigkeit viele Anwendungsm\u00f6glichkeiten, die Sie hier entdecken k\u00f6nnen. Was ist Zinn? Es handelt ... Mehr lesen\" \/>\n<meta property=\"og:url\" content=\"https:\/\/chemuza.org\/de\/zinn\/\" \/>\n<meta property=\"og:site_name\" content=\"Chemuza\" \/>\n<meta name=\"twitter:card\" content=\"summary_large_image\" \/>\n<meta name=\"twitter:label1\" content=\"Gesch\u00e4tzte Lesezeit\" \/>\n\t<meta name=\"twitter:data1\" content=\"4\u00a0Minuten\" \/>\n<script type=\"application\/ld+json\" class=\"yoast-schema-graph\">{\"@context\":\"https:\/\/schema.org\",\"@graph\":[{\"@type\":\"WebPage\",\"@id\":\"https:\/\/chemuza.org\/de\/zinn\/\",\"url\":\"https:\/\/chemuza.org\/de\/zinn\/\",\"name\":\"Zinn - Chemuza\",\"isPartOf\":{\"@id\":\"https:\/\/chemuza.org\/de\/#website\"},\"datePublished\":\"2023-07-14T11:46:58+00:00\",\"dateModified\":\"2023-07-14T11:46:58+00:00\",\"breadcrumb\":{\"@id\":\"https:\/\/chemuza.org\/de\/zinn\/#breadcrumb\"},\"inLanguage\":\"de\",\"potentialAction\":[{\"@type\":\"ReadAction\",\"target\":[\"https:\/\/chemuza.org\/de\/zinn\/\"]}]},{\"@type\":\"BreadcrumbList\",\"@id\":\"https:\/\/chemuza.org\/de\/zinn\/#breadcrumb\",\"itemListElement\":[{\"@type\":\"ListItem\",\"position\":1,\"name\":\"Heim\",\"item\":\"https:\/\/chemuza.org\/de\/\"},{\"@type\":\"ListItem\",\"position\":2,\"name\":\"Zinn\"}]},{\"@type\":\"WebSite\",\"@id\":\"https:\/\/chemuza.org\/de\/#website\",\"url\":\"https:\/\/chemuza.org\/de\/\",\"name\":\"Chemuza\",\"description\":\"Ihr Tor zur chemischen Entdeckung\",\"publisher\":{\"@id\":\"https:\/\/chemuza.org\/de\/#organization\"},\"potentialAction\":[{\"@type\":\"SearchAction\",\"target\":{\"@type\":\"EntryPoint\",\"urlTemplate\":\"https:\/\/chemuza.org\/de\/?s={search_term_string}\"},\"query-input\":\"required name=search_term_string\"}],\"inLanguage\":\"de\"},{\"@type\":\"Organization\",\"@id\":\"https:\/\/chemuza.org\/de\/#organization\",\"name\":\"Chemuza\",\"url\":\"https:\/\/chemuza.org\/de\/\",\"logo\":{\"@type\":\"ImageObject\",\"inLanguage\":\"de\",\"@id\":\"https:\/\/chemuza.org\/de\/#\/schema\/logo\/image\/\",\"url\":\"https:\/\/chemuza.org\/de\/wp-content\/uploads\/2023\/10\/chemuza-logo.png\",\"contentUrl\":\"https:\/\/chemuza.org\/de\/wp-content\/uploads\/2023\/10\/chemuza-logo.png\",\"width\":387,\"height\":70,\"caption\":\"Chemuza\"},\"image\":{\"@id\":\"https:\/\/chemuza.org\/de\/#\/schema\/logo\/image\/\"}}]}<\/script>\n<!-- \/ Yoast SEO plugin. -->","yoast_head_json":{"title":"Zinn - Chemuza","robots":{"index":"index","follow":"follow","max-snippet":"max-snippet:-1","max-image-preview":"max-image-preview:large","max-video-preview":"max-video-preview:-1"},"canonical":"https:\/\/chemuza.org\/de\/zinn\/","og_locale":"de_DE","og_type":"article","og_title":"Zinn - Chemuza","og_description":"Wussten Sie, dass Oscar-Statuetten mit gl\u00e4nzenden Elementen \u00fcberzogen sind und aus Zinn, einer Legierung aus Zinn und anderen Metallen, bestehen? Dar\u00fcber hinaus wurden alte Eisen- oder Stahlk\u00e4sten mit diesem Element abgedeckt, um sie vor Rost zu sch\u00fctzen. Heutzutage gibt es aufgrund seiner Vielseitigkeit viele Anwendungsm\u00f6glichkeiten, die Sie hier entdecken k\u00f6nnen. Was ist Zinn? Es handelt ... Mehr lesen","og_url":"https:\/\/chemuza.org\/de\/zinn\/","og_site_name":"Chemuza","twitter_card":"summary_large_image","twitter_misc":{"Gesch\u00e4tzte Lesezeit":"4\u00a0Minuten"},"schema":{"@context":"https:\/\/schema.org","@graph":[{"@type":"WebPage","@id":"https:\/\/chemuza.org\/de\/zinn\/","url":"https:\/\/chemuza.org\/de\/zinn\/","name":"Zinn - Chemuza","isPartOf":{"@id":"https:\/\/chemuza.org\/de\/#website"},"datePublished":"2023-07-14T11:46:58+00:00","dateModified":"2023-07-14T11:46:58+00:00","breadcrumb":{"@id":"https:\/\/chemuza.org\/de\/zinn\/#breadcrumb"},"inLanguage":"de","potentialAction":[{"@type":"ReadAction","target":["https:\/\/chemuza.org\/de\/zinn\/"]}]},{"@type":"BreadcrumbList","@id":"https:\/\/chemuza.org\/de\/zinn\/#breadcrumb","itemListElement":[{"@type":"ListItem","position":1,"name":"Heim","item":"https:\/\/chemuza.org\/de\/"},{"@type":"ListItem","position":2,"name":"Zinn"}]},{"@type":"WebSite","@id":"https:\/\/chemuza.org\/de\/#website","url":"https:\/\/chemuza.org\/de\/","name":"Chemuza","description":"Ihr Tor zur chemischen Entdeckung","publisher":{"@id":"https:\/\/chemuza.org\/de\/#organization"},"potentialAction":[{"@type":"SearchAction","target":{"@type":"EntryPoint","urlTemplate":"https:\/\/chemuza.org\/de\/?s={search_term_string}"},"query-input":"required name=search_term_string"}],"inLanguage":"de"},{"@type":"Organization","@id":"https:\/\/chemuza.org\/de\/#organization","name":"Chemuza","url":"https:\/\/chemuza.org\/de\/","logo":{"@type":"ImageObject","inLanguage":"de","@id":"https:\/\/chemuza.org\/de\/#\/schema\/logo\/image\/","url":"https:\/\/chemuza.org\/de\/wp-content\/uploads\/2023\/10\/chemuza-logo.png","contentUrl":"https:\/\/chemuza.org\/de\/wp-content\/uploads\/2023\/10\/chemuza-logo.png","width":387,"height":70,"caption":"Chemuza"},"image":{"@id":"https:\/\/chemuza.org\/de\/#\/schema\/logo\/image\/"}}]}},"yoast_meta":{"yoast_wpseo_title":"","yoast_wpseo_metadesc":"","yoast_wpseo_canonical":""},"_links":{"self":[{"href":"https:\/\/chemuza.org\/de\/wp-json\/wp\/v2\/pages\/1517","targetHints":{"allow":["GET"]}}],"collection":[{"href":"https:\/\/chemuza.org\/de\/wp-json\/wp\/v2\/pages"}],"about":[{"href":"https:\/\/chemuza.org\/de\/wp-json\/wp\/v2\/types\/page"}],"author":[{"embeddable":true,"href":"https:\/\/chemuza.org\/de\/wp-json\/wp\/v2\/users\/1"}],"replies":[{"embeddable":true,"href":"https:\/\/chemuza.org\/de\/wp-json\/wp\/v2\/comments?post=1517"}],"version-history":[{"count":0,"href":"https:\/\/chemuza.org\/de\/wp-json\/wp\/v2\/pages\/1517\/revisions"}],"wp:attachment":[{"href":"https:\/\/chemuza.org\/de\/wp-json\/wp\/v2\/media?parent=1517"}],"curies":[{"name":"wp","href":"https:\/\/api.w.org\/{rel}","templated":true}]}}