{"id":1516,"date":"2023-07-14T12:02:00","date_gmt":"2023-07-14T12:02:00","guid":{"rendered":"https:\/\/chemuza.org\/de\/indisch\/"},"modified":"2023-07-14T12:02:00","modified_gmt":"2023-07-14T12:02:00","slug":"indisch","status":"publish","type":"page","link":"https:\/\/chemuza.org\/de\/indisch\/","title":{"rendered":"Indisch"},"content":{"rendered":"<p>Wussten Sie, dass die indische Komponente Teil des Bildschirms Ihres elektronischen Ger\u00e4ts ist? Dar\u00fcber hinaus wurde es im Zweiten Weltkrieg einst zur Beschichtung von Flugzeugtriebwerken verwendet. Bleiben Sie und erfahren Sie mehr \u00fcber diese chemische Verbindung, wer sie entdeckt hat und welche Eigenschaften sie hat.<\/p>\n<h2> <strong>Was ist indisch?<\/strong><\/h2>\n<p> Es handelt sich um ein weiches Post\u00fcbergangsmetall mit gl\u00e4nzendem silberwei\u00dfem Aussehen, das beim Biegen einen charakteristischen Klang von sich gibt. Das chemische Element Indium ist formbar und kommt in der Erdkruste selten vor. Es hat chemische \u00c4hnlichkeiten mit Aluminium und Gallium, \u00e4hnelt jedoch eher Zink. Einer seiner Hauptvorteile besteht darin, dass es f\u00fcr den Menschen ungef\u00e4hrlich ist.<\/p>\n<h3> <strong>Indisches Symbol<\/strong><\/h3>\n<p> <span class=\"content-chemical-element\" style=\"float: left;width: 65px;height: 65px;border: 3px solid #666; display:flex;\n    justify-content: center;align-items: center;margin-right: 15px;\"><span style=\"font-size: 38px;\">Das<\/span><\/span> Symbol des indischen Elements ist eine Verk\u00fcrzung seines Namens, der vom Wort indigo und wiederum vom lateinischen <em>indicum<\/em> stammt, dessen urspr\u00fcngliche Bedeutung Indien ist. Der Name stammt von zwei Chemikern, die in seinem Atomspektrum eine helle Indigolinie beobachteten.<\/p>\n<h2> <strong>Indische Eigenschaften<\/strong><\/h2>\n<p> Es kann in eine Fl\u00fcssigkeit umgewandelt werden, wenn es im Bereich von 2000 K liegt, einem Zustand, in dem sich ein d\u00fcnner Film auf dem Glas bildet. Andererseits erzeugt es beim Erhitzen eine helle und farbenfrohe Indigoflamme. Dar\u00fcber hinaus ist es in hei\u00dfem Wasser und Salzwasser unl\u00f6slich und seine Verbindungen sind Reduktionsmittel. Weitere Artikelmerkmale:<\/p>\n<ul>\n<li> <strong>Chemische Reaktivit\u00e4t<\/strong> : Es l\u00f6st sich in S\u00e4uren unter Bildung von Salzen auf, l\u00f6st sich jedoch im Allgemeinen nicht in alkalischen L\u00f6sungen. Es reagiert direkt mit Sauerstoff, Schwefel und Halogenen.<\/li>\n<li> <strong>Schmelzen und Sieden<\/strong> : Zwischen diesen beiden Punkten liegt ein gro\u00dfer Temperaturunterschied.<\/li>\n<li> <strong>Status<\/strong> : Die normale Aggregationsphase ist solide.<\/li>\n<li> <strong>Elektrische Leitf\u00e4higkeit<\/strong> : Sie ist im Allgemeinen besser als die elektrische Leitf\u00e4higkeit von Eisen.<\/li>\n<li> <strong>Kristallstruktur<\/strong> : Seine Atome vereinigen sich zu einer metallischen Bindung, die in einer tetragonalen Struktur mit Mittelpunkt im Zentrum angeordnet ist.<\/li>\n<li> <strong>Magnetische Ordnung<\/strong> : Es ist diamagnetisch.<\/li>\n<li> <strong>Formbarkeit<\/strong> : Es hat plastische Eigenschaften.<\/li>\n<li> <strong>Zerbrechlichkeit<\/strong> : Es ist so weich, dass es mit dem Fingernagel zerrissen, auf einem Blatt Papier abgekratzt, mit einem Messer geschnitten und sogar gekaut und mit den Z\u00e4hnen verformt werden kann.<\/li>\n<li> <strong>H\u00e4rte<\/strong> : 1,5 gem\u00e4\u00df der Mohs-Skala, etwas h\u00e4rter als Talk.<\/li>\n<li> <strong>Oxidverbindung<\/strong> : Obwohl es ein amphoteres Element ist, verh\u00e4lt es sich im Allgemeinen wie eine Base.<\/li>\n<\/ul>\n<h2> <strong>Chemische und physikalische Eigenschaften von Indium<\/strong><\/h2>\n<ol>\n<li> <strong>Ordnungszahl<\/strong> : 49<\/li>\n<li> <strong>Schmelzpunkt<\/strong> : 157 \u00b0C (429,75 K)<\/li>\n<li> <strong>Verdampfungsenthalpie<\/strong> : 231,5 kJ\/mol<\/li>\n<li> <strong>Kovalenter Radius (\u00c5)<\/strong> : 144 Uhr<\/li>\n<li> <strong>Elektronische Konfiguration<\/strong> : [Kr]4d <sup>10<\/sup> 5s <sup>2<\/sup> 5p <sup>1<\/sup><\/li>\n<li> <strong>Siedepunkt<\/strong> : 2072 \u00b0C (2345 K)<\/li>\n<li> <strong>Atommasse (g\/mol)<\/strong> : 114,818 u<\/li>\n<li> <strong>Fusionsenthalpie<\/strong> : 3.263 kJ\/mol<\/li>\n<li> <strong>Dichte<\/strong> : 7310 kg\/m\u00b3<\/li>\n<li> <strong>Oxid<\/strong> : Amphoter<\/li>\n<li> <strong>Spezifische W\u00e4rme<\/strong> : 233 J\/(K-kg)<\/li>\n<li> <strong>Oxidationsstufen<\/strong> : +3<\/li>\n<li> <strong>Atomradius (\u00c5)<\/strong> : 156 pm (Bohr-Radius)<\/li>\n<li> <strong>Schallgeschwindigkeit<\/strong> : 1215 m\/s bei 293,15 K<\/li>\n<li> <strong>Erstes Ionisationspotential (eV)<\/strong> : 558,3 kJ\/mol<\/li>\n<li> <strong>Elektronegativit\u00e4t<\/strong> : 1,78 (Pauling-Skala)<\/li>\n<li> <strong>Elektronen pro Ebene<\/strong> : 2, 8, 18, 18, 3<\/li>\n<\/ol>\n<h2> <strong>Herkunft des Indischen<\/strong><\/h2>\n<p> Um herauszufinden, wer das indische Element entdeckt hat, trafen wir 1863 auf den Chemiker Ferdinand Reich. Diese Entdeckung wurde in der N\u00e4he von Sachsen gemacht, als er nach Spuren von Thallium in Zinkmineralien suchte. Nach R\u00f6sten des Minerals, Entfernen des Schwefels, Absorption in Salzs\u00e4ure und Verdampfen des Zinkchlorids wurde ein strohfarbener Niederschlag erhalten.<\/p>\n<p> In der Geschichte des Elements Indium wird erw\u00e4hnt, dass Reich nach der Entdeckung in Zusammenarbeit mit seinem Chemikerkollegen Hieronymus Theodor Richter eine spektroskopische Analyse durchf\u00fchrte. Letzterer war es, der die bl\u00e4uliche Linie im Atomspektrum beobachtete, eine Eigenschaft, die mit keinem anderen Element \u00fcbereinstimmte.<\/p>\n<p> Die beiden Chemiker w\u00e4hlten ihren Namen aufgrund der Vielfalt der Flammen von tiefblau bis indigo, die beim Verbrennen ihrer Verbindungen ausgingen. Sp\u00e4ter, nach unz\u00e4hligen Versuchen, es auszuf\u00e4llen und zu reinigen, wurde 1864 eine Probe durch Elektrolyse seiner Salze isoliert.<\/p>\n<h2> <strong>Wozu dient der Indianer?<\/strong><\/h2>\n<p> Es handelt sich um ein Metall, das in verschiedenen Anwendungen eingesetzt wird, beispielsweise f\u00fcr Legierungen, Lote und in der Elektronikindustrie. Seine Hauptanwendung fand w\u00e4hrend der SGM statt, und nach den 1980er Jahren gewann es an Popularit\u00e4t, seit es in LCD-Displays eingesetzt wurde. Weitere Verwendungen des indischen Elements sind:<\/p>\n<ul>\n<li> Stellen Sie Legierungen mit niedrigen Schmelzpunkten her, beispielsweise die fl\u00fcssige Legierung aus 24 % Indium und 76 % Gallium bei 20 \u00b0C.<\/li>\n<li> Erstellen Sie Germaniumtransistoren, Fotoleiter, Gleichrichter und Thermistoren.<\/li>\n<li> Sein Oxid wird zur Herstellung von Elektrolumineszenzplatten verwendet.<\/li>\n<li> Es neigt dazu, sich auf anderen Metallen abzulagern und auf Glas zu verdampfen, um einen korrosionsbest\u00e4ndigen Spiegel zu bilden.<\/li>\n<li> Zur Herstellung transparenter Elektroden auf Touchscreens wie Tablets oder Smartphones.<\/li>\n<\/ul>\n<p> Zusammenfassend ist Indium ein formbares, weiches, amphoteres Post-\u00dcbergangsmetall, das leicht zu schmelzen ist. Es ist ein diamagnetisches Element, ein elektrischer Leiter, ein L\u00f6sungsmittel in S\u00e4uren, aber unl\u00f6slich in hei\u00dfem, salzigem und alkalischem Wasser. Dar\u00fcber hinaus bildet es eine tiefblaue Flamme oder Paste, ist Zink ebenb\u00fcrtig und stellt f\u00fcr den Menschen keine Gefahr dar.<\/p>\n","protected":false},"excerpt":{"rendered":"<p>Wussten Sie, dass die indische Komponente Teil des Bildschirms Ihres elektronischen Ger\u00e4ts ist? Dar\u00fcber hinaus wurde es im Zweiten Weltkrieg einst zur Beschichtung von Flugzeugtriebwerken verwendet. Bleiben Sie und erfahren Sie mehr \u00fcber diese chemische Verbindung, wer sie entdeckt hat und welche Eigenschaften sie hat. Was ist indisch? Es handelt sich um ein weiches Post\u00fcbergangsmetall &#8230; <a title=\"Indisch\" class=\"read-more\" href=\"https:\/\/chemuza.org\/de\/indisch\/\" aria-label=\"Mehr zu Indisch\">Mehr lesen<\/a><\/p>\n","protected":false},"author":1,"featured_media":0,"parent":0,"menu_order":0,"comment_status":"closed","ping_status":"closed","template":"","meta":{"footnotes":""},"class_list":["post-1516","page","type-page","status-publish"],"yoast_head":"<!-- This site is optimized with the Yoast SEO plugin v21.4 - https:\/\/yoast.com\/wordpress\/plugins\/seo\/ -->\n<title>Indisch - Chemuza<\/title>\n<meta name=\"robots\" content=\"index, follow, max-snippet:-1, max-image-preview:large, max-video-preview:-1\" \/>\n<link rel=\"canonical\" href=\"https:\/\/chemuza.org\/de\/indisch\/\" \/>\n<meta property=\"og:locale\" content=\"de_DE\" \/>\n<meta property=\"og:type\" content=\"article\" \/>\n<meta property=\"og:title\" content=\"Indisch - Chemuza\" \/>\n<meta property=\"og:description\" content=\"Wussten Sie, dass die indische Komponente Teil des Bildschirms Ihres elektronischen Ger\u00e4ts ist? Dar\u00fcber hinaus wurde es im Zweiten Weltkrieg einst zur Beschichtung von Flugzeugtriebwerken verwendet. Bleiben Sie und erfahren Sie mehr \u00fcber diese chemische Verbindung, wer sie entdeckt hat und welche Eigenschaften sie hat. Was ist indisch? Es handelt sich um ein weiches Post\u00fcbergangsmetall ... Mehr lesen\" \/>\n<meta property=\"og:url\" content=\"https:\/\/chemuza.org\/de\/indisch\/\" \/>\n<meta property=\"og:site_name\" content=\"Chemuza\" \/>\n<meta name=\"twitter:card\" content=\"summary_large_image\" \/>\n<meta name=\"twitter:label1\" content=\"Gesch\u00e4tzte Lesezeit\" \/>\n\t<meta name=\"twitter:data1\" content=\"4\u00a0Minuten\" \/>\n<script type=\"application\/ld+json\" class=\"yoast-schema-graph\">{\"@context\":\"https:\/\/schema.org\",\"@graph\":[{\"@type\":\"WebPage\",\"@id\":\"https:\/\/chemuza.org\/de\/indisch\/\",\"url\":\"https:\/\/chemuza.org\/de\/indisch\/\",\"name\":\"Indisch - Chemuza\",\"isPartOf\":{\"@id\":\"https:\/\/chemuza.org\/de\/#website\"},\"datePublished\":\"2023-07-14T12:02:00+00:00\",\"dateModified\":\"2023-07-14T12:02:00+00:00\",\"breadcrumb\":{\"@id\":\"https:\/\/chemuza.org\/de\/indisch\/#breadcrumb\"},\"inLanguage\":\"de\",\"potentialAction\":[{\"@type\":\"ReadAction\",\"target\":[\"https:\/\/chemuza.org\/de\/indisch\/\"]}]},{\"@type\":\"BreadcrumbList\",\"@id\":\"https:\/\/chemuza.org\/de\/indisch\/#breadcrumb\",\"itemListElement\":[{\"@type\":\"ListItem\",\"position\":1,\"name\":\"Heim\",\"item\":\"https:\/\/chemuza.org\/de\/\"},{\"@type\":\"ListItem\",\"position\":2,\"name\":\"Indisch\"}]},{\"@type\":\"WebSite\",\"@id\":\"https:\/\/chemuza.org\/de\/#website\",\"url\":\"https:\/\/chemuza.org\/de\/\",\"name\":\"Chemuza\",\"description\":\"Ihr Tor zur chemischen Entdeckung\",\"publisher\":{\"@id\":\"https:\/\/chemuza.org\/de\/#organization\"},\"potentialAction\":[{\"@type\":\"SearchAction\",\"target\":{\"@type\":\"EntryPoint\",\"urlTemplate\":\"https:\/\/chemuza.org\/de\/?s={search_term_string}\"},\"query-input\":\"required name=search_term_string\"}],\"inLanguage\":\"de\"},{\"@type\":\"Organization\",\"@id\":\"https:\/\/chemuza.org\/de\/#organization\",\"name\":\"Chemuza\",\"url\":\"https:\/\/chemuza.org\/de\/\",\"logo\":{\"@type\":\"ImageObject\",\"inLanguage\":\"de\",\"@id\":\"https:\/\/chemuza.org\/de\/#\/schema\/logo\/image\/\",\"url\":\"https:\/\/chemuza.org\/de\/wp-content\/uploads\/2023\/10\/chemuza-logo.png\",\"contentUrl\":\"https:\/\/chemuza.org\/de\/wp-content\/uploads\/2023\/10\/chemuza-logo.png\",\"width\":387,\"height\":70,\"caption\":\"Chemuza\"},\"image\":{\"@id\":\"https:\/\/chemuza.org\/de\/#\/schema\/logo\/image\/\"}}]}<\/script>\n<!-- \/ Yoast SEO plugin. -->","yoast_head_json":{"title":"Indisch - Chemuza","robots":{"index":"index","follow":"follow","max-snippet":"max-snippet:-1","max-image-preview":"max-image-preview:large","max-video-preview":"max-video-preview:-1"},"canonical":"https:\/\/chemuza.org\/de\/indisch\/","og_locale":"de_DE","og_type":"article","og_title":"Indisch - Chemuza","og_description":"Wussten Sie, dass die indische Komponente Teil des Bildschirms Ihres elektronischen Ger\u00e4ts ist? Dar\u00fcber hinaus wurde es im Zweiten Weltkrieg einst zur Beschichtung von Flugzeugtriebwerken verwendet. Bleiben Sie und erfahren Sie mehr \u00fcber diese chemische Verbindung, wer sie entdeckt hat und welche Eigenschaften sie hat. Was ist indisch? Es handelt sich um ein weiches Post\u00fcbergangsmetall ... Mehr lesen","og_url":"https:\/\/chemuza.org\/de\/indisch\/","og_site_name":"Chemuza","twitter_card":"summary_large_image","twitter_misc":{"Gesch\u00e4tzte Lesezeit":"4\u00a0Minuten"},"schema":{"@context":"https:\/\/schema.org","@graph":[{"@type":"WebPage","@id":"https:\/\/chemuza.org\/de\/indisch\/","url":"https:\/\/chemuza.org\/de\/indisch\/","name":"Indisch - Chemuza","isPartOf":{"@id":"https:\/\/chemuza.org\/de\/#website"},"datePublished":"2023-07-14T12:02:00+00:00","dateModified":"2023-07-14T12:02:00+00:00","breadcrumb":{"@id":"https:\/\/chemuza.org\/de\/indisch\/#breadcrumb"},"inLanguage":"de","potentialAction":[{"@type":"ReadAction","target":["https:\/\/chemuza.org\/de\/indisch\/"]}]},{"@type":"BreadcrumbList","@id":"https:\/\/chemuza.org\/de\/indisch\/#breadcrumb","itemListElement":[{"@type":"ListItem","position":1,"name":"Heim","item":"https:\/\/chemuza.org\/de\/"},{"@type":"ListItem","position":2,"name":"Indisch"}]},{"@type":"WebSite","@id":"https:\/\/chemuza.org\/de\/#website","url":"https:\/\/chemuza.org\/de\/","name":"Chemuza","description":"Ihr Tor zur chemischen Entdeckung","publisher":{"@id":"https:\/\/chemuza.org\/de\/#organization"},"potentialAction":[{"@type":"SearchAction","target":{"@type":"EntryPoint","urlTemplate":"https:\/\/chemuza.org\/de\/?s={search_term_string}"},"query-input":"required name=search_term_string"}],"inLanguage":"de"},{"@type":"Organization","@id":"https:\/\/chemuza.org\/de\/#organization","name":"Chemuza","url":"https:\/\/chemuza.org\/de\/","logo":{"@type":"ImageObject","inLanguage":"de","@id":"https:\/\/chemuza.org\/de\/#\/schema\/logo\/image\/","url":"https:\/\/chemuza.org\/de\/wp-content\/uploads\/2023\/10\/chemuza-logo.png","contentUrl":"https:\/\/chemuza.org\/de\/wp-content\/uploads\/2023\/10\/chemuza-logo.png","width":387,"height":70,"caption":"Chemuza"},"image":{"@id":"https:\/\/chemuza.org\/de\/#\/schema\/logo\/image\/"}}]}},"yoast_meta":{"yoast_wpseo_title":"","yoast_wpseo_metadesc":"","yoast_wpseo_canonical":""},"_links":{"self":[{"href":"https:\/\/chemuza.org\/de\/wp-json\/wp\/v2\/pages\/1516","targetHints":{"allow":["GET"]}}],"collection":[{"href":"https:\/\/chemuza.org\/de\/wp-json\/wp\/v2\/pages"}],"about":[{"href":"https:\/\/chemuza.org\/de\/wp-json\/wp\/v2\/types\/page"}],"author":[{"embeddable":true,"href":"https:\/\/chemuza.org\/de\/wp-json\/wp\/v2\/users\/1"}],"replies":[{"embeddable":true,"href":"https:\/\/chemuza.org\/de\/wp-json\/wp\/v2\/comments?post=1516"}],"version-history":[{"count":0,"href":"https:\/\/chemuza.org\/de\/wp-json\/wp\/v2\/pages\/1516\/revisions"}],"wp:attachment":[{"href":"https:\/\/chemuza.org\/de\/wp-json\/wp\/v2\/media?parent=1516"}],"curies":[{"name":"wp","href":"https:\/\/api.w.org\/{rel}","templated":true}]}}