{"id":1515,"date":"2023-10-25T13:51:11","date_gmt":"2023-10-25T13:51:11","guid":{"rendered":"https:\/\/chemuza.org\/de\/cadmium\/"},"modified":"2023-10-25T13:51:11","modified_gmt":"2023-10-25T13:51:11","slug":"cadmium","status":"publish","type":"page","link":"https:\/\/chemuza.org\/de\/cadmium\/","title":{"rendered":"Cadmium"},"content":{"rendered":"<p>Cadmium kommt in der Erdkruste, vermischt mit Mineralien, Gesteinen, B\u00f6den und im Wasser vor. Ein anderer Teil des Elements bewegt sich durch vulkanische Aktivit\u00e4t, Br\u00e4nde und Industrieabf\u00e4lle durch die Atmosph\u00e4re. Da es in seinem nat\u00fcrlichen Zustand nicht sehr h\u00e4ufig vorkommt, wird es durch die Herstellung von Metallen wie Blei, Kupfer und Zink gewonnen. Erfahren Sie mehr \u00fcber dieses Metall im folgenden Eintrag.<\/p>\n<h2> <strong>Was ist Cadmium?<\/strong><\/h2>\n<p> Als chemisches Element ist es ein \u00dcbergangsmetall mit der Ordnungszahl 48 im Periodensystem. Es ist schwer, giftig, weich, hat eine bl\u00e4ulich-wei\u00dfe Farbe und einen niedrigen Schmelzpunkt, ideal f\u00fcr die Herstellung von Nickellegierungen, Loten und Batterien.<\/p>\n<h3> <strong>Cadmium-Symbol<\/strong><\/h3>\n<p> <span class=\"content-chemical-element\" style=\"float: left;width: 65px;height: 65px;border: 3px solid #666; display:flex;\n    justify-content: center;align-items: center;margin-right: 15px;\"><span style=\"font-size: 38px;\">Cd<\/span><\/span> Der Name kommt vom griechischen <em>kadmeia<\/em> und bedeutet Calamin oder Unreinheit. Es erh\u00e4lt diesen Namen, weil das Element in Spuren von Zinkcarbonat vorkam, was die Farbe dieser Verbindung ver\u00e4nderte, eine Wirkung, die in reinem Zustand nicht auftrat.<\/p>\n<h2> <strong>Eigenschaften von Cadmium<\/strong><\/h2>\n<p> Das Element Cadmium ist ein weiches, duktiles Metall und befindet sich in der 12. Gruppe des Periodensystems unter dem Symbol Cd. Es hat die F\u00e4higkeit, seinen Farbton zu \u00e4ndern, wenn es hohen Temperaturen ausgesetzt wird. Dar\u00fcber hinaus erm\u00f6glicht W\u00e4rme den \u00dcbergang in Fl\u00fcssigkeit und Gas. Weitere Eigenschaften sind unten aufgef\u00fchrt:<\/p>\n<ul>\n<li> <strong>Zustand<\/strong> : Solide und schwer.<\/li>\n<li> <strong>Formbarkeit:<\/strong> hoch, was die Herstellung d\u00fcnner Platten des Elements f\u00fcr verschiedene industrielle Anwendungen erm\u00f6glicht.<\/li>\n<li> <strong>Geschmack und Geruch<\/strong> : Metallisch und hat keinen charakteristischen Geruch.<\/li>\n<li> <strong>Zusammensetzung:<\/strong> Es hat 48 Elektronen und Protonen mit 64 Neutronen.<\/li>\n<li> <strong>Toxizit\u00e4t<\/strong> : Es ist hoch und gilt als das giftigste Metall in der Erdkruste.<\/li>\n<li> <strong>Reaktivit\u00e4t<\/strong> : Gegen S\u00e4uren und Sauerstoff ist es hoch. Dar\u00fcber hinaus ist es bei hohen Temperaturen brennbar, wodurch Cadmiumoxid entsteht.<\/li>\n<li> <strong>Struktur<\/strong> : Nach dem Abk\u00fchlen ist es kristallin und bildet oktaedrische Figuren.<\/li>\n<li> <strong>L\u00f6slichkeit<\/strong> : Es ist in Wasser unl\u00f6slich. Wenn es sich jedoch mit anderen Elementen verbindet, ist es l\u00f6slich und transportiert sich schnell in Wasser.<\/li>\n<\/ul>\n<h2> <strong>Chemische und physikalische Eigenschaften von Cadmium<\/strong><\/h2>\n<ol>\n<li> <strong>Ordnungszahl<\/strong> : 48<\/li>\n<li> <strong>Zeitraum<\/strong> : 5<\/li>\n<li> <strong>Block<\/strong> : D<\/li>\n<li> <strong>Gruppe<\/strong> : 12<\/li>\n<li> <strong>Oxidationsstufe<\/strong> : +1,+2<\/li>\n<li> <strong>Kovalenter Radius (\u00c5):<\/strong> 148 Uhr<\/li>\n<li> <strong>Durchschnittlicher Radius:<\/strong> 155h<\/li>\n<li> <strong>Dichte:<\/strong> 8650 kg\/m3<\/li>\n<li> <strong>Elektronische Konfiguration:<\/strong> [Kr] 4d10 5s2<\/li>\n<li> <strong>Atommasse (g\/mol):<\/strong> 112,411 u<\/li>\n<li> <strong>Elektronen pro Schale:<\/strong> 2, 8, 18, 18, 2<\/li>\n<li> <strong>Erstes Ionisationspotential:<\/strong> (eV): 867,8<\/li>\n<li> <strong>Siedepunkt:<\/strong> 768<strong> <\/strong>\u00b0C<\/li>\n<li> <strong>Schmelzpunkt:<\/strong> 321<strong> <\/strong>\u00b0C<\/li>\n<li> <strong>Atomradius:<\/strong> 161h<\/li>\n<li> <strong>Elektronegativit\u00e4t:<\/strong> 1,69<\/li>\n<li> <strong>Spezifische W\u00e4rme:<\/strong> 233 J \/ (K kg)<\/li>\n<li> <strong>W\u00e4rmeleitf\u00e4higkeit:<\/strong> 96,8 W\/(Km)<\/li>\n<\/ol>\n<h2> <strong>Herkunft von Cadmium<\/strong><\/h2>\n<p> Das chemische Element Cadmium wurde 1817 von Friedrich Strohmeyer in Deutschland entdeckt. Er erhielt es als unreinen R\u00fcckstand in einer Zinkcarbonatprobe. Er bemerkte, dass sich der Ton der Verbindung ver\u00e4nderte, wenn sie Hitze ausgesetzt wurde. Er f\u00fchrte daher einige Experimente durch, um es durch R\u00f6sten und Reduzieren von Schwefel zu isolieren. Sp\u00e4ter bemerkte er seine toxischen und metallischen Eigenschaften, so dass es heute in gro\u00dfem Umfang im chemischen Bereich eingesetzt werden kann.<\/p>\n<h2> <strong>Wof\u00fcr wird Cadmium verwendet?<\/strong><\/h2>\n<p> Dieses Element ist korrosionsbest\u00e4ndig, hat einen niedrigen Schmelzpunkt und eine hohe Duktilit\u00e4t. Diese Gr\u00fcnde erm\u00f6glichen den Einsatz bei der Batterieherstellung, bei der Metallbeschichtung und bei der Herstellung elektrischer Leiter. Weitere Verwendungszwecke von Cadmium sind:<\/p>\n<ul>\n<li> Konstruktion aus Niedertemperaturlegierungen mit minimalem Reibungskoeffizienten und hoher Best\u00e4ndigkeit gegen instabile Reaktionen.<\/li>\n<li> Herstellung von Brandschutzmeldern mit Sicherungen, die bei hohen Temperaturen ausl\u00f6sen.<\/li>\n<li> Herstellung von Steuerst\u00e4ben im Neutronenfluss von Atomreaktoren.<\/li>\n<li> Cadmiumhydroxidverbindung wird bei der Galvanisierung und der Herstellung von Elektroden in Nickel-Cadmium-Batterien verwendet.<\/li>\n<li> Es wird zur Herstellung von Emails, Pigmenten in Glas und als Hydrierungskatalysator verwendet.<\/li>\n<li> Seine Cadmiumstearat-Verbindung dient als Stabilisator in PVC-Materialien gegen die Einwirkung von Licht und Witterungseinfl\u00fcssen.<\/li>\n<li> Es wird in der Pyrotechnik verwendet, um Feuerwerksk\u00f6rpern Farbe zu verleihen.<\/li>\n<li> Cadmiumsulfat wird im medizinischen Bereich als Adstringens eingesetzt.<\/li>\n<\/ul>\n<h2> <strong>Wie wird Cadmium gewonnen?<\/strong><\/h2>\n<p> Es entsteht bei der Gewinnung von Zink als Nebenprodukt von Kupfer und Blei, das einen Anteil von 0,50 % des Elements enth\u00e4lt. Nach dem Erhitzen erscheinen die beiden Elemente als Oxid, das zu Kohlenstoff reduziert wird, wodurch das Metall freigesetzt wird. Anschlie\u00dfend wird es fraktioniert destilliert, um eine v\u00f6llig reine Probe zu erhalten.<\/p>\n<h2> <strong>Cadmiumtoxizit\u00e4t<\/strong><\/h2>\n<p> Es f\u00e4llt in die Kategorie der krebserregenden Stoffe f\u00fcr den Menschen. Heutzutage hat der Mensch die Verwendung von Metallen erh\u00f6ht, daher sind die Risiken einer Toxizit\u00e4t t\u00e4glich vorhanden. Es kann weite Strecken durch die Luft zur\u00fccklegen und Menschen, die Tabak rauchen oder in der Metallindustrie arbeiten, sind seiner Inhalation direkt ausgesetzt.<\/p>\n<p> Zusammenfassend l\u00e4sst sich sagen, dass Cadmium ein sehr schweres und giftiges \u00dcbergangselement f\u00fcr die Umwelt ist. Es ist duktil und formbar und hat einen niedrigen Schmelzpunkt, wodurch es in verschiedenen thermischen und nuklearen Legierungen verwendet werden kann.<\/p>\n","protected":false},"excerpt":{"rendered":"<p>Cadmium kommt in der Erdkruste, vermischt mit Mineralien, Gesteinen, B\u00f6den und im Wasser vor. Ein anderer Teil des Elements bewegt sich durch vulkanische Aktivit\u00e4t, Br\u00e4nde und Industrieabf\u00e4lle durch die Atmosph\u00e4re. Da es in seinem nat\u00fcrlichen Zustand nicht sehr h\u00e4ufig vorkommt, wird es durch die Herstellung von Metallen wie Blei, Kupfer und Zink gewonnen. Erfahren Sie &#8230; <a title=\"Cadmium\" class=\"read-more\" href=\"https:\/\/chemuza.org\/de\/cadmium\/\" aria-label=\"Mehr zu Cadmium\">Mehr lesen<\/a><\/p>\n","protected":false},"author":1,"featured_media":0,"parent":0,"menu_order":0,"comment_status":"closed","ping_status":"closed","template":"","meta":{"footnotes":""},"class_list":["post-1515","page","type-page","status-publish"],"yoast_head":"<!-- This site is optimized with the Yoast SEO plugin v21.4 - https:\/\/yoast.com\/wordpress\/plugins\/seo\/ -->\n<title>Cadmium - Chemuza<\/title>\n<meta name=\"robots\" content=\"index, follow, max-snippet:-1, max-image-preview:large, max-video-preview:-1\" \/>\n<link rel=\"canonical\" href=\"https:\/\/chemuza.org\/de\/cadmium\/\" \/>\n<meta property=\"og:locale\" content=\"de_DE\" \/>\n<meta property=\"og:type\" content=\"article\" \/>\n<meta property=\"og:title\" content=\"Cadmium - Chemuza\" \/>\n<meta property=\"og:description\" content=\"Cadmium kommt in der Erdkruste, vermischt mit Mineralien, Gesteinen, B\u00f6den und im Wasser vor. Ein anderer Teil des Elements bewegt sich durch vulkanische Aktivit\u00e4t, Br\u00e4nde und Industrieabf\u00e4lle durch die Atmosph\u00e4re. Da es in seinem nat\u00fcrlichen Zustand nicht sehr h\u00e4ufig vorkommt, wird es durch die Herstellung von Metallen wie Blei, Kupfer und Zink gewonnen. Erfahren Sie ... Mehr lesen\" \/>\n<meta property=\"og:url\" content=\"https:\/\/chemuza.org\/de\/cadmium\/\" \/>\n<meta property=\"og:site_name\" content=\"Chemuza\" \/>\n<meta name=\"twitter:card\" content=\"summary_large_image\" \/>\n<meta name=\"twitter:label1\" content=\"Gesch\u00e4tzte Lesezeit\" \/>\n\t<meta name=\"twitter:data1\" content=\"4\u00a0Minuten\" \/>\n<script type=\"application\/ld+json\" class=\"yoast-schema-graph\">{\"@context\":\"https:\/\/schema.org\",\"@graph\":[{\"@type\":\"WebPage\",\"@id\":\"https:\/\/chemuza.org\/de\/cadmium\/\",\"url\":\"https:\/\/chemuza.org\/de\/cadmium\/\",\"name\":\"Cadmium - Chemuza\",\"isPartOf\":{\"@id\":\"https:\/\/chemuza.org\/de\/#website\"},\"datePublished\":\"2023-10-25T13:51:11+00:00\",\"dateModified\":\"2023-10-25T13:51:11+00:00\",\"breadcrumb\":{\"@id\":\"https:\/\/chemuza.org\/de\/cadmium\/#breadcrumb\"},\"inLanguage\":\"de\",\"potentialAction\":[{\"@type\":\"ReadAction\",\"target\":[\"https:\/\/chemuza.org\/de\/cadmium\/\"]}]},{\"@type\":\"BreadcrumbList\",\"@id\":\"https:\/\/chemuza.org\/de\/cadmium\/#breadcrumb\",\"itemListElement\":[{\"@type\":\"ListItem\",\"position\":1,\"name\":\"Heim\",\"item\":\"https:\/\/chemuza.org\/de\/\"},{\"@type\":\"ListItem\",\"position\":2,\"name\":\"Cadmium\"}]},{\"@type\":\"WebSite\",\"@id\":\"https:\/\/chemuza.org\/de\/#website\",\"url\":\"https:\/\/chemuza.org\/de\/\",\"name\":\"Chemuza\",\"description\":\"Ihr Tor zur chemischen Entdeckung\",\"publisher\":{\"@id\":\"https:\/\/chemuza.org\/de\/#organization\"},\"potentialAction\":[{\"@type\":\"SearchAction\",\"target\":{\"@type\":\"EntryPoint\",\"urlTemplate\":\"https:\/\/chemuza.org\/de\/?s={search_term_string}\"},\"query-input\":\"required name=search_term_string\"}],\"inLanguage\":\"de\"},{\"@type\":\"Organization\",\"@id\":\"https:\/\/chemuza.org\/de\/#organization\",\"name\":\"Chemuza\",\"url\":\"https:\/\/chemuza.org\/de\/\",\"logo\":{\"@type\":\"ImageObject\",\"inLanguage\":\"de\",\"@id\":\"https:\/\/chemuza.org\/de\/#\/schema\/logo\/image\/\",\"url\":\"https:\/\/chemuza.org\/de\/wp-content\/uploads\/2023\/10\/chemuza-logo.png\",\"contentUrl\":\"https:\/\/chemuza.org\/de\/wp-content\/uploads\/2023\/10\/chemuza-logo.png\",\"width\":387,\"height\":70,\"caption\":\"Chemuza\"},\"image\":{\"@id\":\"https:\/\/chemuza.org\/de\/#\/schema\/logo\/image\/\"}}]}<\/script>\n<!-- \/ Yoast SEO plugin. -->","yoast_head_json":{"title":"Cadmium - Chemuza","robots":{"index":"index","follow":"follow","max-snippet":"max-snippet:-1","max-image-preview":"max-image-preview:large","max-video-preview":"max-video-preview:-1"},"canonical":"https:\/\/chemuza.org\/de\/cadmium\/","og_locale":"de_DE","og_type":"article","og_title":"Cadmium - Chemuza","og_description":"Cadmium kommt in der Erdkruste, vermischt mit Mineralien, Gesteinen, B\u00f6den und im Wasser vor. Ein anderer Teil des Elements bewegt sich durch vulkanische Aktivit\u00e4t, Br\u00e4nde und Industrieabf\u00e4lle durch die Atmosph\u00e4re. Da es in seinem nat\u00fcrlichen Zustand nicht sehr h\u00e4ufig vorkommt, wird es durch die Herstellung von Metallen wie Blei, Kupfer und Zink gewonnen. Erfahren Sie ... Mehr lesen","og_url":"https:\/\/chemuza.org\/de\/cadmium\/","og_site_name":"Chemuza","twitter_card":"summary_large_image","twitter_misc":{"Gesch\u00e4tzte Lesezeit":"4\u00a0Minuten"},"schema":{"@context":"https:\/\/schema.org","@graph":[{"@type":"WebPage","@id":"https:\/\/chemuza.org\/de\/cadmium\/","url":"https:\/\/chemuza.org\/de\/cadmium\/","name":"Cadmium - Chemuza","isPartOf":{"@id":"https:\/\/chemuza.org\/de\/#website"},"datePublished":"2023-10-25T13:51:11+00:00","dateModified":"2023-10-25T13:51:11+00:00","breadcrumb":{"@id":"https:\/\/chemuza.org\/de\/cadmium\/#breadcrumb"},"inLanguage":"de","potentialAction":[{"@type":"ReadAction","target":["https:\/\/chemuza.org\/de\/cadmium\/"]}]},{"@type":"BreadcrumbList","@id":"https:\/\/chemuza.org\/de\/cadmium\/#breadcrumb","itemListElement":[{"@type":"ListItem","position":1,"name":"Heim","item":"https:\/\/chemuza.org\/de\/"},{"@type":"ListItem","position":2,"name":"Cadmium"}]},{"@type":"WebSite","@id":"https:\/\/chemuza.org\/de\/#website","url":"https:\/\/chemuza.org\/de\/","name":"Chemuza","description":"Ihr Tor zur chemischen Entdeckung","publisher":{"@id":"https:\/\/chemuza.org\/de\/#organization"},"potentialAction":[{"@type":"SearchAction","target":{"@type":"EntryPoint","urlTemplate":"https:\/\/chemuza.org\/de\/?s={search_term_string}"},"query-input":"required name=search_term_string"}],"inLanguage":"de"},{"@type":"Organization","@id":"https:\/\/chemuza.org\/de\/#organization","name":"Chemuza","url":"https:\/\/chemuza.org\/de\/","logo":{"@type":"ImageObject","inLanguage":"de","@id":"https:\/\/chemuza.org\/de\/#\/schema\/logo\/image\/","url":"https:\/\/chemuza.org\/de\/wp-content\/uploads\/2023\/10\/chemuza-logo.png","contentUrl":"https:\/\/chemuza.org\/de\/wp-content\/uploads\/2023\/10\/chemuza-logo.png","width":387,"height":70,"caption":"Chemuza"},"image":{"@id":"https:\/\/chemuza.org\/de\/#\/schema\/logo\/image\/"}}]}},"yoast_meta":{"yoast_wpseo_title":"","yoast_wpseo_metadesc":"","yoast_wpseo_canonical":""},"_links":{"self":[{"href":"https:\/\/chemuza.org\/de\/wp-json\/wp\/v2\/pages\/1515","targetHints":{"allow":["GET"]}}],"collection":[{"href":"https:\/\/chemuza.org\/de\/wp-json\/wp\/v2\/pages"}],"about":[{"href":"https:\/\/chemuza.org\/de\/wp-json\/wp\/v2\/types\/page"}],"author":[{"embeddable":true,"href":"https:\/\/chemuza.org\/de\/wp-json\/wp\/v2\/users\/1"}],"replies":[{"embeddable":true,"href":"https:\/\/chemuza.org\/de\/wp-json\/wp\/v2\/comments?post=1515"}],"version-history":[{"count":1,"href":"https:\/\/chemuza.org\/de\/wp-json\/wp\/v2\/pages\/1515\/revisions"}],"predecessor-version":[{"id":1613,"href":"https:\/\/chemuza.org\/de\/wp-json\/wp\/v2\/pages\/1515\/revisions\/1613"}],"wp:attachment":[{"href":"https:\/\/chemuza.org\/de\/wp-json\/wp\/v2\/media?parent=1515"}],"curies":[{"name":"wp","href":"https:\/\/api.w.org\/{rel}","templated":true}]}}