{"id":1514,"date":"2023-10-25T13:51:11","date_gmt":"2023-10-25T13:51:11","guid":{"rendered":"https:\/\/chemuza.org\/de\/geld\/"},"modified":"2023-10-25T13:51:11","modified_gmt":"2023-10-25T13:51:11","slug":"geld","status":"publish","type":"page","link":"https:\/\/chemuza.org\/de\/geld\/","title":{"rendered":"Geld"},"content":{"rendered":"<p>Silber ist eines der sieben bekanntesten Metalle der Welt. Obwohl es selten vorkommt, kommt es in der Natur als freies Element oder zusammen mit anderen Metallen vor. Der gr\u00f6\u00dfte Teil davon kommt jedoch in Mineralien vor, die Metallverbindungen enthalten. In der Vergangenheit wurde es zur Herstellung von Kriegswaffen und sp\u00e4ter zur Herstellung von Schmuck und Gebrauchsgegenst\u00e4nden verwendet. Erfahren Sie alles, was Sie \u00fcber dieses chemische Element wissen m\u00fcssen.<\/p>\n<h2> <strong>Was ist Geld?<\/strong><\/h2>\n<p> Es ist ein Element des Periodensystems und geh\u00f6rt zu den \u00dcbergangsmetallen. Seine Farbe ist metallisch wei\u00df und l\u00e4sst sich problemlos mit anderen Metallen au\u00dfer Kobalt, Eisen oder Nickel kombinieren. Es ist formbar und duktil, aber nicht so gut wie Gold.<\/p>\n<p> Einige seiner Verbindungen sind Silberchlorid, Silberiodid, Silberbromid und Silbercarbonat. Es ist in Gegenwart von Luft und Wasser stabil, w\u00e4hrend es anl\u00e4uft, wenn es Schwefelwasserstoff, Ozon oder Schwefel ausgesetzt wird.<\/p>\n<h3> <strong>Geldsymbol<\/strong><\/h3>\n<p> <span class=\"content-chemical-element\" style=\"float: left;width: 65px;height: 65px;border: 3px solid #666; display:flex;\n    justify-content: center;align-items: center;margin-right: 15px;\"><span style=\"font-size: 38px;\">Ag<\/span><\/span> befindet sich in der 11. Gruppe des Periodensystems mit der Ordnungszahl 47 und einer Atommasse von 107,84. Es hat zwei stabile Isotope, Ag 107 und Ag 109, die weniger h\u00e4ufig vorkommen als das erste. Dar\u00fcber hinaus gibt es 28 instabile Isotope mit Halbwertszeiten von etwa 29 bis 41.<\/p>\n<h2> <strong>Eigenschaften von Geld<\/strong><\/h2>\n<p> In reinem Zustand weist es eine gute thermische und elektrische Leitf\u00e4higkeit auf und z\u00e4hlt in seiner chemischen Form zu den Edel- und Schwermetallen. Aus kommerzieller Sicht handelt es sich jedoch um ein Edelmetall. Weitere Merkmale stechen hervor:<\/p>\n<ul>\n<li> <strong>Glanz:<\/strong> Von allen Metallen ist es das brillanteste.<\/li>\n<li> <strong>H\u00e4rte:<\/strong> M\u00e4\u00dfig weich, allerdings etwas h\u00e4rter als Gold.<\/li>\n<li> <strong>Magnetismus<\/strong> : Schwach.<\/li>\n<li> <strong>Struktur:<\/strong> Oktaeder, isometrisch, kubisch und auf ihren Fl\u00e4chen zentriert.<\/li>\n<li> <strong>Zustand<\/strong> : In nat\u00fcrlicher Form ist es solide.<\/li>\n<\/ul>\n<h2> <strong>Chemische und physikalische Eigenschaften von Silber<\/strong><\/h2>\n<ol>\n<li> <strong>Ordnungszahl<\/strong> : 47<\/li>\n<li> <strong>Zeitraum:<\/strong> 5<\/li>\n<li> <strong>Block:<\/strong> d<\/li>\n<li> <strong>Kovalenter Radius (\u00c5):<\/strong> 153<\/li>\n<li> <strong>Atomradius:<\/strong> 165<\/li>\n<li> <strong>Schmelzenthalpie:<\/strong> 11,3 Kj\/mol<\/li>\n<li> <strong>Schmelzpunkt:<\/strong> 1234,93 K<\/li>\n<li> <strong>Siedepunkt:<\/strong> 2435 K<\/li>\n<li> <strong>Elektronische Konfiguration:<\/strong> [Kr] 5s <sup>1<\/sup> 4d <sup>10<\/sup><\/li>\n<li> <strong>Verdampfungsenthalpie:<\/strong> 250,58 kJ\/mol<\/li>\n<li> <strong>Schallgeschwindigkeit:<\/strong> 2600 m\/s bei 293,15 K<\/li>\n<li> <strong>Dampfdruck:<\/strong> 0,34 Pa bei 1234 K<\/li>\n<li> <strong>Dichte:<\/strong> 10490 kg\/m\u00b3<\/li>\n<li> <strong>W\u00e4rmeleitf\u00e4higkeit:<\/strong> 429 W<\/li>\n<li> <strong>Elektrische Leitf\u00e4higkeit:<\/strong> 63 x 10 <sup>6<\/sup><\/li>\n<li> <strong>Spezifische W\u00e4rme:<\/strong> 232 J<\/li>\n<\/ol>\n<h2> <strong>Herkunft des Geldes<\/strong><\/h2>\n<p> Es wird angenommen, dass Zivilisationen wie die \u00c4gypter dieses Element, das zur Herstellung von Haushaltsgegenst\u00e4nden verwendet wurde, sehr sch\u00e4tzten. Sp\u00e4ter verwendeten die Griechen dieses Material zur Herstellung ihrer Kriegsinstrumente. W\u00e4hrend der Kolonialzeit wurden Silberminen in Zacatecas in Mexiko sowie in Potos\u00ed in Bolivien und Paramillos de Uspallata in Argentinien entdeckt.<\/p>\n<p> Der Name dieses Metalls geht auf eine Weiterentwicklung des Adjektivs plattus zur\u00fcck, das aus dem mittelalterlichen Latein stammt und breit, abgeflacht bedeutet. ALSO. Die R\u00f6mer nannten es Argentum, was von einem lateinischen Wort f\u00fcr Silber stammt.<\/p>\n<h2> <strong>Wof\u00fcr ist das Geld?<\/strong><\/h2>\n<p> Silber war f\u00fcr industrielle Zwecke, in der Chemie, in der Fotografie und auch in der Goldschmiedekunst sehr n\u00fctzlich. Hier sind einige der beliebtesten Anwendungen:<\/p>\n<h3> <strong>Industrie<\/strong><strong><\/strong><\/h3>\n<p> Alle elektrischen Generatoren f\u00fcr Diesel- und Elektrolokomotiven verwenden 2,5 cm dicke Kontakte aus reinem Silber. Aufgrund seiner guten Leitf\u00e4higkeit wird es f\u00fcr Computertastaturen und geschlossene Schaltkreise verwendet. Es wird auch in Elektrobatterien mit gro\u00dfer Kapazit\u00e4t verwendet.<\/p>\n<p> Aufgrund seiner guten thermischen und elektrischen Leitf\u00e4higkeit wird es zur Herstellung von Solarmodulen verwendet. In Pastenform ist es in der Lage, die Sonnenstrahlen einzufangen und in Photovoltaikenergie umzuwandeln. Dar\u00fcber hinaus stellen sie daraus Klingenwaffen wie Schwerter, Pfeilspitzen und Speere her. Schlie\u00dflich wird es seit Jahren zur Herstellung von Geschirr, Spiegeln, Bettw\u00e4sche, Glas und M\u00fcnzen verwendet.<\/p>\n<h3> <strong>Alltagsleben<\/strong><\/h3>\n<p> Das Chlorid dieses Metalls wird in der Kosmetikindustrie zur Herstellung von Deodorants verwendet, da es schlechte Ger\u00fcche verhindert und das Wachstum von Bakterien verz\u00f6gert. Dar\u00fcber hinaus reinigt ionisiertes Silber Wasser und ist in Waschmitteln n\u00fctzlich, da es Keime bek\u00e4mpft.<\/p>\n<h3> <strong>Medizin<\/strong><\/h3>\n<p> Im medizinischen Bereich wird Silbernitrat als Bakterizid, Antiseptikum und auch zur Entfernung von Warzen eingesetzt. Au\u00dferdem erm\u00f6glichen seine Legierungen die Herstellung von Dentalteilen.<\/p>\n<h2> <strong>Wie erkennt man Geld?<\/strong><\/h2>\n<p> Um seine Echtheit zu \u00fcberpr\u00fcfen, k\u00f6nnen Sie auf einige nichtwissenschaftliche Methoden zur\u00fcckgreifen, die zeigen, ob es sich um einen Originalgegenstand aus Silber handelt, wie zum Beispiel:<\/p>\n<ul>\n<li> Es hat keinen \u00fcberm\u00e4\u00dfigen Glanz.<\/li>\n<li> F\u00fcgen Sie ein paar Tropfen Bleichmittel hinzu und wenn es anf\u00e4ngt zu oxidieren, ist es Silber.<\/li>\n<li> Lassen Sie das Lied los und pr\u00fcfen Sie, ob der Klang dem einer Glocke \u00e4hnelt.<\/li>\n<li> Verwenden Sie einen Magneten, um zu sehen, ob er auf dem Objekt gleitet. Wenn Sie mitmachen, haben Sie es mit einer billigen Nachahmung zu tun.<\/li>\n<\/ul>\n<p> Zusammenfassend l\u00e4sst sich sagen, dass Silber ein \u00dcbergangsmetall ist, das in freier Form in der Natur vorkommt. Seine Farbe ist metallisch wei\u00df, wird aber nach dem Polieren gl\u00e4nzend. In seinem nat\u00fcrlichen festen Zustand ist es ein wertvolles Material, das h\u00e4ufig in Schmuck, Medizin und Industrie verwendet wird.<\/p>\n","protected":false},"excerpt":{"rendered":"<p>Silber ist eines der sieben bekanntesten Metalle der Welt. Obwohl es selten vorkommt, kommt es in der Natur als freies Element oder zusammen mit anderen Metallen vor. Der gr\u00f6\u00dfte Teil davon kommt jedoch in Mineralien vor, die Metallverbindungen enthalten. In der Vergangenheit wurde es zur Herstellung von Kriegswaffen und sp\u00e4ter zur Herstellung von Schmuck und &#8230; <a title=\"Geld\" class=\"read-more\" href=\"https:\/\/chemuza.org\/de\/geld\/\" aria-label=\"Mehr zu Geld\">Mehr lesen<\/a><\/p>\n","protected":false},"author":1,"featured_media":0,"parent":0,"menu_order":0,"comment_status":"closed","ping_status":"closed","template":"","meta":{"footnotes":""},"class_list":["post-1514","page","type-page","status-publish"],"yoast_head":"<!-- This site is optimized with the Yoast SEO plugin v21.4 - https:\/\/yoast.com\/wordpress\/plugins\/seo\/ -->\n<title>Silber - Chemuza<\/title>\n<meta name=\"robots\" content=\"index, follow, max-snippet:-1, max-image-preview:large, max-video-preview:-1\" \/>\n<link rel=\"canonical\" href=\"https:\/\/chemuza.org\/de\/geld\/\" \/>\n<meta property=\"og:locale\" content=\"de_DE\" \/>\n<meta property=\"og:type\" content=\"article\" \/>\n<meta property=\"og:title\" content=\"Silber - Chemuza\" \/>\n<meta property=\"og:description\" content=\"Silber ist eines der sieben bekanntesten Metalle der Welt. Obwohl es selten vorkommt, kommt es in der Natur als freies Element oder zusammen mit anderen Metallen vor. Der gr\u00f6\u00dfte Teil davon kommt jedoch in Mineralien vor, die Metallverbindungen enthalten. In der Vergangenheit wurde es zur Herstellung von Kriegswaffen und sp\u00e4ter zur Herstellung von Schmuck und ... Mehr lesen\" \/>\n<meta property=\"og:url\" content=\"https:\/\/chemuza.org\/de\/geld\/\" \/>\n<meta property=\"og:site_name\" content=\"Chemuza\" \/>\n<meta name=\"twitter:card\" content=\"summary_large_image\" \/>\n<meta name=\"twitter:label1\" content=\"Gesch\u00e4tzte Lesezeit\" \/>\n\t<meta name=\"twitter:data1\" content=\"4\u00a0Minuten\" \/>\n<script type=\"application\/ld+json\" class=\"yoast-schema-graph\">{\"@context\":\"https:\/\/schema.org\",\"@graph\":[{\"@type\":\"WebPage\",\"@id\":\"https:\/\/chemuza.org\/de\/geld\/\",\"url\":\"https:\/\/chemuza.org\/de\/geld\/\",\"name\":\"Silber - Chemuza\",\"isPartOf\":{\"@id\":\"https:\/\/chemuza.org\/de\/#website\"},\"datePublished\":\"2023-10-25T13:51:11+00:00\",\"dateModified\":\"2023-10-25T13:51:11+00:00\",\"breadcrumb\":{\"@id\":\"https:\/\/chemuza.org\/de\/geld\/#breadcrumb\"},\"inLanguage\":\"de\",\"potentialAction\":[{\"@type\":\"ReadAction\",\"target\":[\"https:\/\/chemuza.org\/de\/geld\/\"]}]},{\"@type\":\"BreadcrumbList\",\"@id\":\"https:\/\/chemuza.org\/de\/geld\/#breadcrumb\",\"itemListElement\":[{\"@type\":\"ListItem\",\"position\":1,\"name\":\"Heim\",\"item\":\"https:\/\/chemuza.org\/de\/\"},{\"@type\":\"ListItem\",\"position\":2,\"name\":\"Geld\"}]},{\"@type\":\"WebSite\",\"@id\":\"https:\/\/chemuza.org\/de\/#website\",\"url\":\"https:\/\/chemuza.org\/de\/\",\"name\":\"Chemuza\",\"description\":\"Ihr Tor zur chemischen Entdeckung\",\"publisher\":{\"@id\":\"https:\/\/chemuza.org\/de\/#organization\"},\"potentialAction\":[{\"@type\":\"SearchAction\",\"target\":{\"@type\":\"EntryPoint\",\"urlTemplate\":\"https:\/\/chemuza.org\/de\/?s={search_term_string}\"},\"query-input\":\"required name=search_term_string\"}],\"inLanguage\":\"de\"},{\"@type\":\"Organization\",\"@id\":\"https:\/\/chemuza.org\/de\/#organization\",\"name\":\"Chemuza\",\"url\":\"https:\/\/chemuza.org\/de\/\",\"logo\":{\"@type\":\"ImageObject\",\"inLanguage\":\"de\",\"@id\":\"https:\/\/chemuza.org\/de\/#\/schema\/logo\/image\/\",\"url\":\"https:\/\/chemuza.org\/de\/wp-content\/uploads\/2023\/10\/chemuza-logo.png\",\"contentUrl\":\"https:\/\/chemuza.org\/de\/wp-content\/uploads\/2023\/10\/chemuza-logo.png\",\"width\":387,\"height\":70,\"caption\":\"Chemuza\"},\"image\":{\"@id\":\"https:\/\/chemuza.org\/de\/#\/schema\/logo\/image\/\"}}]}<\/script>\n<!-- \/ Yoast SEO plugin. -->","yoast_head_json":{"title":"Silber - Chemuza","robots":{"index":"index","follow":"follow","max-snippet":"max-snippet:-1","max-image-preview":"max-image-preview:large","max-video-preview":"max-video-preview:-1"},"canonical":"https:\/\/chemuza.org\/de\/geld\/","og_locale":"de_DE","og_type":"article","og_title":"Silber - Chemuza","og_description":"Silber ist eines der sieben bekanntesten Metalle der Welt. Obwohl es selten vorkommt, kommt es in der Natur als freies Element oder zusammen mit anderen Metallen vor. Der gr\u00f6\u00dfte Teil davon kommt jedoch in Mineralien vor, die Metallverbindungen enthalten. In der Vergangenheit wurde es zur Herstellung von Kriegswaffen und sp\u00e4ter zur Herstellung von Schmuck und ... Mehr lesen","og_url":"https:\/\/chemuza.org\/de\/geld\/","og_site_name":"Chemuza","twitter_card":"summary_large_image","twitter_misc":{"Gesch\u00e4tzte Lesezeit":"4\u00a0Minuten"},"schema":{"@context":"https:\/\/schema.org","@graph":[{"@type":"WebPage","@id":"https:\/\/chemuza.org\/de\/geld\/","url":"https:\/\/chemuza.org\/de\/geld\/","name":"Silber - Chemuza","isPartOf":{"@id":"https:\/\/chemuza.org\/de\/#website"},"datePublished":"2023-10-25T13:51:11+00:00","dateModified":"2023-10-25T13:51:11+00:00","breadcrumb":{"@id":"https:\/\/chemuza.org\/de\/geld\/#breadcrumb"},"inLanguage":"de","potentialAction":[{"@type":"ReadAction","target":["https:\/\/chemuza.org\/de\/geld\/"]}]},{"@type":"BreadcrumbList","@id":"https:\/\/chemuza.org\/de\/geld\/#breadcrumb","itemListElement":[{"@type":"ListItem","position":1,"name":"Heim","item":"https:\/\/chemuza.org\/de\/"},{"@type":"ListItem","position":2,"name":"Geld"}]},{"@type":"WebSite","@id":"https:\/\/chemuza.org\/de\/#website","url":"https:\/\/chemuza.org\/de\/","name":"Chemuza","description":"Ihr Tor zur chemischen Entdeckung","publisher":{"@id":"https:\/\/chemuza.org\/de\/#organization"},"potentialAction":[{"@type":"SearchAction","target":{"@type":"EntryPoint","urlTemplate":"https:\/\/chemuza.org\/de\/?s={search_term_string}"},"query-input":"required name=search_term_string"}],"inLanguage":"de"},{"@type":"Organization","@id":"https:\/\/chemuza.org\/de\/#organization","name":"Chemuza","url":"https:\/\/chemuza.org\/de\/","logo":{"@type":"ImageObject","inLanguage":"de","@id":"https:\/\/chemuza.org\/de\/#\/schema\/logo\/image\/","url":"https:\/\/chemuza.org\/de\/wp-content\/uploads\/2023\/10\/chemuza-logo.png","contentUrl":"https:\/\/chemuza.org\/de\/wp-content\/uploads\/2023\/10\/chemuza-logo.png","width":387,"height":70,"caption":"Chemuza"},"image":{"@id":"https:\/\/chemuza.org\/de\/#\/schema\/logo\/image\/"}}]}},"yoast_meta":{"yoast_wpseo_title":"","yoast_wpseo_metadesc":"","yoast_wpseo_canonical":""},"_links":{"self":[{"href":"https:\/\/chemuza.org\/de\/wp-json\/wp\/v2\/pages\/1514","targetHints":{"allow":["GET"]}}],"collection":[{"href":"https:\/\/chemuza.org\/de\/wp-json\/wp\/v2\/pages"}],"about":[{"href":"https:\/\/chemuza.org\/de\/wp-json\/wp\/v2\/types\/page"}],"author":[{"embeddable":true,"href":"https:\/\/chemuza.org\/de\/wp-json\/wp\/v2\/users\/1"}],"replies":[{"embeddable":true,"href":"https:\/\/chemuza.org\/de\/wp-json\/wp\/v2\/comments?post=1514"}],"version-history":[{"count":1,"href":"https:\/\/chemuza.org\/de\/wp-json\/wp\/v2\/pages\/1514\/revisions"}],"predecessor-version":[{"id":1634,"href":"https:\/\/chemuza.org\/de\/wp-json\/wp\/v2\/pages\/1514\/revisions\/1634"}],"wp:attachment":[{"href":"https:\/\/chemuza.org\/de\/wp-json\/wp\/v2\/media?parent=1514"}],"curies":[{"name":"wp","href":"https:\/\/api.w.org\/{rel}","templated":true}]}}