{"id":1513,"date":"2023-07-14T13:16:56","date_gmt":"2023-07-14T13:16:56","guid":{"rendered":"https:\/\/chemuza.org\/de\/palladium\/"},"modified":"2023-07-14T13:16:56","modified_gmt":"2023-07-14T13:16:56","slug":"palladium","status":"publish","type":"page","link":"https:\/\/chemuza.org\/de\/palladium\/","title":{"rendered":"Palladium"},"content":{"rendered":"<p>Wussten Sie, dass Palladium eine internationale Standardcodierung zur Kennzeichnung seiner Verwendung in Schmuck hat? Zus\u00e4tzlich zu dieser Anwendung wird es in Katalysatoren, in der Zahnmedizin, in der Medizin, in Uhren, in Flugzeugz\u00fcndkerzen und in elektronischen Produkten eingesetzt. Kennen Sie also alle Eigenschaften und Eigenschaften dieses Elements.<\/p>\n<h2> <strong>Was ist Palladium?<\/strong><\/h2>\n<p> Es handelt sich um ein seltenes \u00dcbergangsmetall, das eine solche \u00c4hnlichkeit mit Platin aufweist, weshalb es zu Verwechslungen kommen kann. Das Element Palladium ist duktil, weich, formbar, silberwei\u00df, kommt in der Erdkruste nicht sehr h\u00e4ufig vor und ist korrosionsbest\u00e4ndig.<\/p>\n<h3> <strong>Palladium-Symbol<\/strong><\/h3>\n<p> <span class=\"content-chemical-element\" style=\"float: left;width: 65px;height: 65px;border: 3px solid #666; display:flex;\n    justify-content: center;align-items: center;margin-right: 15px;\"><span style=\"font-size: 38px;\">Pd<\/span><\/span> Das Symbol Palladium ist eine Abk\u00fcrzung des lateinischen Wortes <em>Palladium<\/em> und zugleich des Ausdrucks <em>Pallas<\/em> . Es ist nach dem Asteroiden Pallas benannt, der zwei Monate vor dem Element entdeckt wurde, und auch zu Ehren der griechischen G\u00f6ttin Pallas von Athen. Dar\u00fcber hinaus wurde das wissenschaftliche Suffix <em>ium hinzugef\u00fcgt,<\/em> das sich auf chemische Elemente bezieht.<\/p>\n<h2> <strong>Eigenschaften von Palladium<\/strong><\/h2>\n<p> Bei Raumtemperatur ist dieses chemische Element best\u00e4ndig gegen Phosphor-, Fluss-, Perchlor-, Salz- und Essigs\u00e4ure. Ebenso oxidiert es nicht in Gegenwart von Luft und bildet auch keine d\u00fcnne gr\u00fcnliche Oxidschicht. Es ist ein guter elektrischer und thermischer Leiter. Dar\u00fcber hinaus enth\u00e4lt es atomar 60 Neutronen, 46 Elektronen und 46 Protonen. Weitere bemerkenswerte Merkmale sind:<\/p>\n<ul>\n<li> <strong>Chemische Reaktivit\u00e4t:<\/strong> L\u00f6st sich in K\u00f6nigswasser, Schwefels\u00e4ure und Salpeters\u00e4ure. Bei Raumtemperatur nimmt es enorme Mengen an molekularem Wasserstoff auf.<\/li>\n<li> <strong>Schmelzpunkt<\/strong> : Enth\u00e4lt den niedrigsten Schmelzpunkt der Platingruppe, n\u00e4mlich 1555 \u00b0C.<\/li>\n<li> <strong>Dichte:<\/strong> Mit 12023 kg\/m\u00b3 ist es das Element mit der geringsten Dichte unter allen D-Block-Metallen.<\/li>\n<li> <strong>Zustand<\/strong> : Bei normalen Temperaturen und Dr\u00fccken befindet es sich in einem festen Zustand.<\/li>\n<li> <strong>Ver\u00e4nderungen<\/strong> : Wenn es Wasserstoff aufnimmt, nimmt es bis zum 900-fachen seines eigenen Volumens auf, eine Eigenschaft, die seine Gr\u00f6\u00dfe verst\u00e4rkt.<\/li>\n<li> <strong>Temperatur<\/strong> : Wenn es auf \u00fcber 80 \u00b0C erhitzt wird, bildet es ein leichtes, undurchsichtiges, haftendes Oxid, das nicht rei\u00dft oder sich abl\u00f6st.<\/li>\n<li> <strong>Organoleptische Eigenschaften<\/strong> : Es hat einen hellen silbrig-wei\u00dfen Ton, eine metallische Textur, ist aber geruchlos.<\/li>\n<li> <strong>Formbarkeit<\/strong> : Es ist hervorragend formbar, ohne dass es hohen Temperaturen ausgesetzt werden muss.<\/li>\n<li> <strong>H\u00e4rte<\/strong> : 4,75 auf der Mohs-Skala.<\/li>\n<li> <strong>Magnetische Ordnung<\/strong> : Es hat nichtmagnetische Eigenschaften, da es ein Edelmetall ist.<\/li>\n<\/ul>\n<h2> <strong>Chemische und physikalische Eigenschaften von Palladium<\/strong><\/h2>\n<ol>\n<li> <strong>Ordnungszahl<\/strong> : 46<\/li>\n<li> <strong>Kovalenter Radius (\u00c5)<\/strong> : 131 Uhr<\/li>\n<li> <strong>Schmelzenthalpie<\/strong> : 17,6 kJ\/mol<\/li>\n<li> <strong>Oxid<\/strong> : Leicht basisch<\/li>\n<li> <strong>Verdampfungsenthalpie<\/strong> : 357 kJ\/mol<\/li>\n<li> <strong>Oxidationsstufen<\/strong> : 0, +1, +2, +4, +6<\/li>\n<li> <strong>Elektronische Konfiguration<\/strong> : [Kr]4d <sup>10<\/sup><\/li>\n<li> <strong>Siedepunkt<\/strong> : 2963 \u00b0C (3236 K)<\/li>\n<li> <strong>Schallgeschwindigkeit<\/strong> : 3070 m\/s bei 293,15 K<\/li>\n<li> <strong>Atommasse (g\/mol)<\/strong> : 106,42 u<\/li>\n<li> <strong>Schmelzpunkt<\/strong> : 1555 \u00b0C (1828,05 K)<\/li>\n<li> <strong>Atomradius (\u00c5)<\/strong> : 137 Uhr (Bohr-Radius)<\/li>\n<li> <strong>Erstes Ionisierungspotential (eV)<\/strong> : 804,4 kJ\/mol<\/li>\n<li> <strong>Dichte<\/strong> : 12023 kg\/m\u00b3<\/li>\n<li> <strong>Elektronen pro Ebene<\/strong> : 2, 8, 18, 18<\/li>\n<li> <strong>Spezifische W\u00e4rme<\/strong> : 244 J\/(K-kg)<\/li>\n<li> <strong>Elektronegativit\u00e4t<\/strong> : 2,20 (Pauling-Skala)<\/li>\n<\/ol>\n<h2> <strong>Herkunft von Palladium<\/strong><\/h2>\n<p> Es gibt Spuren seiner Verwendung in pr\u00e4kolumbianischen Zivilisationen, wo es neben Gold und Silber als Edelmetall galt. Der Titel des Entdeckers des Palladiums wird jedoch William Hyde Wollaston zugeschrieben. Im Jahr 1803 gelang es diesem Chemiker, es aus einem anderen Mineral zu isolieren und es nach dem k\u00fcrzlich entdeckten Asteroiden Pallas zu benennen.<\/p>\n<p> Der Geschichte von Palladium zufolge erlangte es von diesem Zeitpunkt an einen festen Platz in der wissenschaftlichen Gemeinschaft. Allerdings verf\u00fcgten sie zu diesem Zeitpunkt nicht \u00fcber die notwendigen Techniken f\u00fcr ihre Trennung. Sp\u00e4ter wurden neue Raffinationsmethoden entwickelt, um die Platinelemente richtig zu verarbeiten und zu extrahieren.<\/p>\n<h2> <strong>Wof\u00fcr wird Palladium verwendet?<\/strong><\/h2>\n<p> Eine der Anwendungen von Palladium besteht darin, es mit anderen Metallen zu legieren, um leitf\u00e4hige Komponenten und Kondensatoren herzustellen und es als L\u00f6tmaterial in der Elektronikindustrie zu verwenden. Aufgrund seiner Absorptionsf\u00e4higkeit wird es au\u00dferdem h\u00e4ufig zur Herstellung von Luftreinigern und Gasdetektoren verwendet. Schauen Sie sich andere Verwendungsm\u00f6glichkeiten f\u00fcr diesen Artikel an:<\/p>\n<ul>\n<li> Es wird bei der Herstellung von Kleidung, Schmuck und Edellegierungen verwendet, beispielsweise Wei\u00dfgold, das in der Schmuckindustrie einen hohen Wert hat.<\/li>\n<li> Es wird typischerweise als Legierungsmittel bei der Herstellung von Teilen verwendet, die korrosiven Umgebungen ausgesetzt sind.<\/li>\n<li> In der Pharmaindustrie dient es als Katalysator, da es bei der Bildung von Hydrierungs- und Dehydrierungsreaktionen hilft.<\/li>\n<li> Im Dentalbereich wird es zur Herstellung von Dentalkomponenten und kieferorthop\u00e4dischen Teilen eingesetzt.<\/li>\n<li> Legierungen des Elements mit verschiedenen Metallen werden zur Herstellung von Z\u00fcndkerzen, Federn, Filtern, Zierelementen und Stabilisatoren verwendet.<\/li>\n<li> Aufgrund seiner hohen Festigkeit wird es h\u00e4ufig bei der Herstellung chirurgischer Teile verwendet.<\/li>\n<\/ul>\n<p> Zusammenfassend ist Palladium ein \u00e4u\u00dferst duktiles, formbares, weiches, silberwei\u00dfes \u00dcbergangsmetallelement mit geringer H\u00e4ufigkeit. Obwohl es gro\u00dfe Mengen molekularen Wasserstoffs absorbiert, oxidiert es an der Luft nicht. Andererseits wird es in so unterschiedlichen Bereichen wie Zahnmedizin, Schmuck, Medizin, Uhrmacherei und Pharmazie eingesetzt.<\/p>\n","protected":false},"excerpt":{"rendered":"<p>Wussten Sie, dass Palladium eine internationale Standardcodierung zur Kennzeichnung seiner Verwendung in Schmuck hat? Zus\u00e4tzlich zu dieser Anwendung wird es in Katalysatoren, in der Zahnmedizin, in der Medizin, in Uhren, in Flugzeugz\u00fcndkerzen und in elektronischen Produkten eingesetzt. Kennen Sie also alle Eigenschaften und Eigenschaften dieses Elements. Was ist Palladium? Es handelt sich um ein seltenes &#8230; <a title=\"Palladium\" class=\"read-more\" href=\"https:\/\/chemuza.org\/de\/palladium\/\" aria-label=\"Mehr zu Palladium\">Mehr lesen<\/a><\/p>\n","protected":false},"author":1,"featured_media":0,"parent":0,"menu_order":0,"comment_status":"closed","ping_status":"closed","template":"","meta":{"footnotes":""},"class_list":["post-1513","page","type-page","status-publish"],"yoast_head":"<!-- This site is optimized with the Yoast SEO plugin v21.4 - https:\/\/yoast.com\/wordpress\/plugins\/seo\/ -->\n<title>Palladium - Chemuza<\/title>\n<meta name=\"robots\" content=\"index, follow, max-snippet:-1, max-image-preview:large, max-video-preview:-1\" \/>\n<link rel=\"canonical\" href=\"https:\/\/chemuza.org\/de\/palladium\/\" \/>\n<meta property=\"og:locale\" content=\"de_DE\" \/>\n<meta property=\"og:type\" content=\"article\" \/>\n<meta property=\"og:title\" content=\"Palladium - Chemuza\" \/>\n<meta property=\"og:description\" content=\"Wussten Sie, dass Palladium eine internationale Standardcodierung zur Kennzeichnung seiner Verwendung in Schmuck hat? Zus\u00e4tzlich zu dieser Anwendung wird es in Katalysatoren, in der Zahnmedizin, in der Medizin, in Uhren, in Flugzeugz\u00fcndkerzen und in elektronischen Produkten eingesetzt. Kennen Sie also alle Eigenschaften und Eigenschaften dieses Elements. Was ist Palladium? Es handelt sich um ein seltenes ... Mehr lesen\" \/>\n<meta property=\"og:url\" content=\"https:\/\/chemuza.org\/de\/palladium\/\" \/>\n<meta property=\"og:site_name\" content=\"Chemuza\" \/>\n<meta name=\"twitter:card\" content=\"summary_large_image\" \/>\n<meta name=\"twitter:label1\" content=\"Gesch\u00e4tzte Lesezeit\" \/>\n\t<meta name=\"twitter:data1\" content=\"4\u00a0Minuten\" \/>\n<script type=\"application\/ld+json\" class=\"yoast-schema-graph\">{\"@context\":\"https:\/\/schema.org\",\"@graph\":[{\"@type\":\"WebPage\",\"@id\":\"https:\/\/chemuza.org\/de\/palladium\/\",\"url\":\"https:\/\/chemuza.org\/de\/palladium\/\",\"name\":\"Palladium - Chemuza\",\"isPartOf\":{\"@id\":\"https:\/\/chemuza.org\/de\/#website\"},\"datePublished\":\"2023-07-14T13:16:56+00:00\",\"dateModified\":\"2023-07-14T13:16:56+00:00\",\"breadcrumb\":{\"@id\":\"https:\/\/chemuza.org\/de\/palladium\/#breadcrumb\"},\"inLanguage\":\"de\",\"potentialAction\":[{\"@type\":\"ReadAction\",\"target\":[\"https:\/\/chemuza.org\/de\/palladium\/\"]}]},{\"@type\":\"BreadcrumbList\",\"@id\":\"https:\/\/chemuza.org\/de\/palladium\/#breadcrumb\",\"itemListElement\":[{\"@type\":\"ListItem\",\"position\":1,\"name\":\"Heim\",\"item\":\"https:\/\/chemuza.org\/de\/\"},{\"@type\":\"ListItem\",\"position\":2,\"name\":\"Palladium\"}]},{\"@type\":\"WebSite\",\"@id\":\"https:\/\/chemuza.org\/de\/#website\",\"url\":\"https:\/\/chemuza.org\/de\/\",\"name\":\"Chemuza\",\"description\":\"Ihr Tor zur chemischen Entdeckung\",\"publisher\":{\"@id\":\"https:\/\/chemuza.org\/de\/#organization\"},\"potentialAction\":[{\"@type\":\"SearchAction\",\"target\":{\"@type\":\"EntryPoint\",\"urlTemplate\":\"https:\/\/chemuza.org\/de\/?s={search_term_string}\"},\"query-input\":\"required name=search_term_string\"}],\"inLanguage\":\"de\"},{\"@type\":\"Organization\",\"@id\":\"https:\/\/chemuza.org\/de\/#organization\",\"name\":\"Chemuza\",\"url\":\"https:\/\/chemuza.org\/de\/\",\"logo\":{\"@type\":\"ImageObject\",\"inLanguage\":\"de\",\"@id\":\"https:\/\/chemuza.org\/de\/#\/schema\/logo\/image\/\",\"url\":\"https:\/\/chemuza.org\/de\/wp-content\/uploads\/2023\/10\/chemuza-logo.png\",\"contentUrl\":\"https:\/\/chemuza.org\/de\/wp-content\/uploads\/2023\/10\/chemuza-logo.png\",\"width\":387,\"height\":70,\"caption\":\"Chemuza\"},\"image\":{\"@id\":\"https:\/\/chemuza.org\/de\/#\/schema\/logo\/image\/\"}}]}<\/script>\n<!-- \/ Yoast SEO plugin. -->","yoast_head_json":{"title":"Palladium - Chemuza","robots":{"index":"index","follow":"follow","max-snippet":"max-snippet:-1","max-image-preview":"max-image-preview:large","max-video-preview":"max-video-preview:-1"},"canonical":"https:\/\/chemuza.org\/de\/palladium\/","og_locale":"de_DE","og_type":"article","og_title":"Palladium - Chemuza","og_description":"Wussten Sie, dass Palladium eine internationale Standardcodierung zur Kennzeichnung seiner Verwendung in Schmuck hat? Zus\u00e4tzlich zu dieser Anwendung wird es in Katalysatoren, in der Zahnmedizin, in der Medizin, in Uhren, in Flugzeugz\u00fcndkerzen und in elektronischen Produkten eingesetzt. Kennen Sie also alle Eigenschaften und Eigenschaften dieses Elements. Was ist Palladium? Es handelt sich um ein seltenes ... Mehr lesen","og_url":"https:\/\/chemuza.org\/de\/palladium\/","og_site_name":"Chemuza","twitter_card":"summary_large_image","twitter_misc":{"Gesch\u00e4tzte Lesezeit":"4\u00a0Minuten"},"schema":{"@context":"https:\/\/schema.org","@graph":[{"@type":"WebPage","@id":"https:\/\/chemuza.org\/de\/palladium\/","url":"https:\/\/chemuza.org\/de\/palladium\/","name":"Palladium - Chemuza","isPartOf":{"@id":"https:\/\/chemuza.org\/de\/#website"},"datePublished":"2023-07-14T13:16:56+00:00","dateModified":"2023-07-14T13:16:56+00:00","breadcrumb":{"@id":"https:\/\/chemuza.org\/de\/palladium\/#breadcrumb"},"inLanguage":"de","potentialAction":[{"@type":"ReadAction","target":["https:\/\/chemuza.org\/de\/palladium\/"]}]},{"@type":"BreadcrumbList","@id":"https:\/\/chemuza.org\/de\/palladium\/#breadcrumb","itemListElement":[{"@type":"ListItem","position":1,"name":"Heim","item":"https:\/\/chemuza.org\/de\/"},{"@type":"ListItem","position":2,"name":"Palladium"}]},{"@type":"WebSite","@id":"https:\/\/chemuza.org\/de\/#website","url":"https:\/\/chemuza.org\/de\/","name":"Chemuza","description":"Ihr Tor zur chemischen Entdeckung","publisher":{"@id":"https:\/\/chemuza.org\/de\/#organization"},"potentialAction":[{"@type":"SearchAction","target":{"@type":"EntryPoint","urlTemplate":"https:\/\/chemuza.org\/de\/?s={search_term_string}"},"query-input":"required name=search_term_string"}],"inLanguage":"de"},{"@type":"Organization","@id":"https:\/\/chemuza.org\/de\/#organization","name":"Chemuza","url":"https:\/\/chemuza.org\/de\/","logo":{"@type":"ImageObject","inLanguage":"de","@id":"https:\/\/chemuza.org\/de\/#\/schema\/logo\/image\/","url":"https:\/\/chemuza.org\/de\/wp-content\/uploads\/2023\/10\/chemuza-logo.png","contentUrl":"https:\/\/chemuza.org\/de\/wp-content\/uploads\/2023\/10\/chemuza-logo.png","width":387,"height":70,"caption":"Chemuza"},"image":{"@id":"https:\/\/chemuza.org\/de\/#\/schema\/logo\/image\/"}}]}},"yoast_meta":{"yoast_wpseo_title":"","yoast_wpseo_metadesc":"","yoast_wpseo_canonical":""},"_links":{"self":[{"href":"https:\/\/chemuza.org\/de\/wp-json\/wp\/v2\/pages\/1513","targetHints":{"allow":["GET"]}}],"collection":[{"href":"https:\/\/chemuza.org\/de\/wp-json\/wp\/v2\/pages"}],"about":[{"href":"https:\/\/chemuza.org\/de\/wp-json\/wp\/v2\/types\/page"}],"author":[{"embeddable":true,"href":"https:\/\/chemuza.org\/de\/wp-json\/wp\/v2\/users\/1"}],"replies":[{"embeddable":true,"href":"https:\/\/chemuza.org\/de\/wp-json\/wp\/v2\/comments?post=1513"}],"version-history":[{"count":0,"href":"https:\/\/chemuza.org\/de\/wp-json\/wp\/v2\/pages\/1513\/revisions"}],"wp:attachment":[{"href":"https:\/\/chemuza.org\/de\/wp-json\/wp\/v2\/media?parent=1513"}],"curies":[{"name":"wp","href":"https:\/\/api.w.org\/{rel}","templated":true}]}}