{"id":1512,"date":"2023-10-25T13:51:10","date_gmt":"2023-10-25T13:51:10","guid":{"rendered":"https:\/\/chemuza.org\/de\/germanium\/"},"modified":"2023-10-25T13:51:10","modified_gmt":"2023-10-25T13:51:10","slug":"germanium","status":"publish","type":"page","link":"https:\/\/chemuza.org\/de\/germanium\/","title":{"rendered":"Germanium"},"content":{"rendered":"<p>Germanium ist in der Erdkruste mit einer Rate von 6,7 ppm oder Teilen pro Million verteilt. In Teilen Europas und Nordamerikas findet man es h\u00e4ufig als Sulfide oder in den Mineralien Blei, Kupfer und Zink. Es zeichnet sich dadurch aus, dass es sich um ein Halbleitermetall mit unterschiedlichen Anwendungen in der Industrie handelt. Lernen Sie dieses Metalloid also etwas n\u00e4her kennen.<\/p>\n<h2> <strong>Was ist Germanium?<\/strong><\/h2>\n<p> Es ist ein chemisches Element, das Teil der Metalloide oder Halbmetalle des Periodensystems ist. Es befindet sich diagonal zwischen den Elementen und trennt Metalle von denen, die es nicht sind. Dar\u00fcber hinaus ist es ein harter, kristalliner, spr\u00f6der Feststoff von grauwei\u00dfer Farbe, der bei Raumtemperatur einen charakteristischen Glanz aufweist.<\/p>\n<h3> <strong>Germanium-Symbol<\/strong><\/h3>\n<p> <span class=\"content-chemical-element\" style=\"float: left;width: 65px;height: 65px;border: 3px solid #666; display:flex;\n    justify-content: center;align-items: center;margin-right: 15px;\"><span style=\"font-size: 38px;\">Ge<\/span><\/span> Sein Name leitet sich vom lateinischen <em>germania<\/em> ab, was Deutschland bedeutet, wo es entdeckt wurde. Seine Existenz wurde von Mendelejew im Periodensystem vermerkt. Sp\u00e4ter demonstrierte der Deutsche Winkler seine chemischen Eigenschaften und benannte es nach seinem Heimatland.<\/p>\n<h2> <strong>Eigenschaften von Germanium<\/strong><\/h2>\n<p> Das Element Germanium ist zweiwertig oder vierwertig, mit zwei oder mehr Wertigkeiten, je nach Verbindung. Es hat ein metallisches Aussehen und einen stabilen Schmelzpunkt, was es zu einem hervorragenden Halbleiter macht. Dar\u00fcber hinaus sind die weiteren Eigenschaften von Germanium:<\/p>\n<ul>\n<li> <strong>Zustand<\/strong> : Fest, aus rohen Kristallen gebildet.<\/li>\n<li> <strong>Farbe<\/strong> : Helles Grauwei\u00df.<\/li>\n<li> <strong>Geschmack und Geruch<\/strong> : Bitter und hat keinen besonderen Geruch.<\/li>\n<li> <strong>L\u00f6slichkeit<\/strong> : Es ist in Wasser, Sulfiden und Flusss\u00e4ure l\u00f6slich.<\/li>\n<li> <strong>Toxizit\u00e4t<\/strong> : Niedrig. Erst in gro\u00dfen Mengen wird es giftig.<\/li>\n<li> <strong>Reaktivit\u00e4t<\/strong> : Es ist reaktiv, wenn es \u00fcber 600 \u00b0C oxidiert wird und reagiert mit Halogeniden, Alkalien und Salpeters\u00e4ure.<\/li>\n<li> <strong>Struktur<\/strong> : Kristallin, rautenf\u00f6rmig.<\/li>\n<li> <strong>Zusammensetzung<\/strong> : Die Atomstruktur von Germanium besteht aus 32 Protonen und 32 Elektronen.<\/li>\n<\/ul>\n<h2> <strong>Chemische und physikalische Eigenschaften von Germanium<\/strong><\/h2>\n<ol>\n<li> <strong>Ordnungszahl<\/strong> : 32<\/li>\n<li> <strong>Zeitraum<\/strong> : 4<\/li>\n<li> <strong>Block<\/strong> : P<\/li>\n<li> <strong>Gruppe<\/strong> : 14<\/li>\n<li> <strong>Kovalenter Radius (\u00c5):<\/strong> 122 Uhr<\/li>\n<li> <strong>Elektronische Konfiguration:<\/strong> [Ar] 3d10 4 s\u00b2 4p2<\/li>\n<li> <strong>Atommasse (g\/mol):<\/strong> 72,64 u<\/li>\n<li> <strong>Dichte:<\/strong> 5323 kg\/m\u00b3<\/li>\n<li> <strong>Siedepunkt:<\/strong> 2820<strong> <\/strong>\u00b0C<\/li>\n<li> <strong>Schmelzpunkt:<\/strong> 938\u00b0C<\/li>\n<li> <strong>Atomradius:<\/strong> 125<\/li>\n<li> <strong>Durchschnittlicher Radius:<\/strong> 125h<\/li>\n<li> <strong>Elektronen pro Schale:<\/strong> 2, 8, 18, 4<\/li>\n<li> <strong>Elektronegativit\u00e4t:<\/strong> 2,01<\/li>\n<li> <strong>Spezifische W\u00e4rme:<\/strong> 320 J \/ (K kg)<\/li>\n<li> <strong>Oxid:<\/strong> Amphoter.<\/li>\n<li> <strong>Erstes Ionisationspotential eV:<\/strong> 762 kJ\/mol<\/li>\n<li> <strong>Oxidationsstufe:<\/strong> 4, 3, 2, 1, -1, -2, -3, -4<\/li>\n<li> <strong>W\u00e4rmeleitf\u00e4higkeit:<\/strong> 59,9 W\/(Km)<\/li>\n<li> <strong>Elektrische Leitf\u00e4higkeit:<\/strong> 1,45 S\/m<\/li>\n<\/ol>\n<h2> <strong>Herkunft von Germanium<\/strong><\/h2>\n<p> Das chemische Element Germanium wurde erstmals 1871 von Mendelejew entdeckt und er gab ihm aufgrund seiner \u00c4hnlichkeit mit diesem Element den Namen Eka-Silizium. Sp\u00e4ter, im Jahr 1886, best\u00e4tigte der Wissenschaftler Clemens Winkler seine chemischen Eigenschaften, indem er es aus einem Mineral namens Argyrodit in Deutschland isolierte. Es gelang ihm, eine reine Probe zu erhalten und sie in das Periodensystem einzutragen.<\/p>\n<h2> <strong>Wof\u00fcr wird Germanium verwendet?<\/strong><\/h2>\n<p> Obwohl Proben dieses Elements teuer sind, werden sie in der Chemie, Medizin und Industrie eingesetzt. Organische Germaniumverbindungen werden bei der Herstellung von Solarpaneelen und als Nachweismittel f\u00fcr radioaktive Objekte auf Flugh\u00e4fen eingesetzt. Dar\u00fcber hinaus wird es als Hauptkatalysator bei der Synthese von Polymeren verwendet. Dar\u00fcber hinaus gibt es weitere Verwendungsm\u00f6glichkeiten dieses Metalloids:<\/p>\n<ul>\n<li> Herstellung von optischen Fasern.<\/li>\n<li> Design von Verst\u00e4rkern und Radarger\u00e4ten f\u00fcr E-Gitarren.<\/li>\n<li> Siliziumgermanatlegierungen werden im Hochgeschwindigkeitsschaltungsdesign verwendet.<\/li>\n<li> Herstellung von Infrarotoptiken wie Metall, ideal f\u00fcr Nachtsicht- und Spektroskopmechanismen.<\/li>\n<li> Es wird bei der Herstellung von Linsen und Mikroskopen verwendet.<\/li>\n<li> Andere Arten von Legierungen des Elements werden in der Goldschmiedekunst zur Veredelung von Edelmetallen verwendet.<\/li>\n<li> Im chemischen Bereich wird es als H\u00e4rter f\u00fcr Zinn, Magnesium und Aluminium eingesetzt. Es wird auch zur Herstellung von Magneten verwendet.<\/li>\n<li> Im medizinischen Bereich wird es bei Chemotherapie-Behandlungen eingesetzt.<\/li>\n<\/ul>\n<h2> <strong>Wie wird Germanium gewonnen?<\/strong><\/h2>\n<p> In seinem nat\u00fcrlichen Zustand wird dieses Element aus Kupfer-, Silber- und Zinkvorkommen und dem Verbrennungsprozess von Kohle gewonnen. Dar\u00fcber hinaus wird es aus Mineralien wie Germanit, Garnierit und Argirodit gewonnen. Nach Erhalt einer reinen Probe wird diese durch destilliertes Tetrachlorid geleitet und mit Wasserstoff zur elementaren Form reduziert.<\/p>\n<h2> <strong>Germanium als Halbleiter<\/strong><\/h2>\n<p> In seinem nat\u00fcrlichen Zustand ist dieses Element im Vergleich zu Silizium ein Halbleiter schlechthin. Der Grund daf\u00fcr ist, dass es ab einer bestimmten Temperatur mehr Elektronen abgibt und dadurch eine h\u00f6here Leitf\u00e4higkeit erh\u00e4lt. Es gibt daher mehrere Anwendungen.<\/p>\n<p> Beispielsweise wird es in der Gammastrahlenspektroskopie eingesetzt, da es eine hohe Ordnungszahl mit perfekter Energieaufl\u00f6sung aufweist und die Wechselwirkung dieser Strahlen verst\u00e4rkt. Dar\u00fcber hinaus werden Germaniumhalbleiter bei der Herstellung von elektrischen Schaltkreisen, Leuchtdioden, Transistoren und Mikrochips verwendet.<\/p>\n<p> Kurz gesagt, dieses Metalloid ist fest, spr\u00f6de, gl\u00e4nzend und h\u00e4lt hohen Temperaturen stand. Es zeichnet sich durch seine Halbleitereigenschaften aus und wird daher in der Chemie, Medizin und Industrie eingesetzt.<\/p>\n","protected":false},"excerpt":{"rendered":"<p>Germanium ist in der Erdkruste mit einer Rate von 6,7 ppm oder Teilen pro Million verteilt. In Teilen Europas und Nordamerikas findet man es h\u00e4ufig als Sulfide oder in den Mineralien Blei, Kupfer und Zink. Es zeichnet sich dadurch aus, dass es sich um ein Halbleitermetall mit unterschiedlichen Anwendungen in der Industrie handelt. Lernen Sie &#8230; <a title=\"Germanium\" class=\"read-more\" href=\"https:\/\/chemuza.org\/de\/germanium\/\" aria-label=\"Mehr zu Germanium\">Mehr lesen<\/a><\/p>\n","protected":false},"author":1,"featured_media":0,"parent":0,"menu_order":0,"comment_status":"closed","ping_status":"closed","template":"","meta":{"footnotes":""},"class_list":["post-1512","page","type-page","status-publish"],"yoast_head":"<!-- This site is optimized with the Yoast SEO plugin v21.4 - https:\/\/yoast.com\/wordpress\/plugins\/seo\/ -->\n<title>Germanium - Chemuza<\/title>\n<meta name=\"robots\" content=\"index, follow, max-snippet:-1, max-image-preview:large, max-video-preview:-1\" \/>\n<link rel=\"canonical\" href=\"https:\/\/chemuza.org\/de\/germanium\/\" \/>\n<meta property=\"og:locale\" content=\"de_DE\" \/>\n<meta property=\"og:type\" content=\"article\" \/>\n<meta property=\"og:title\" content=\"Germanium - Chemuza\" \/>\n<meta property=\"og:description\" content=\"Germanium ist in der Erdkruste mit einer Rate von 6,7 ppm oder Teilen pro Million verteilt. In Teilen Europas und Nordamerikas findet man es h\u00e4ufig als Sulfide oder in den Mineralien Blei, Kupfer und Zink. Es zeichnet sich dadurch aus, dass es sich um ein Halbleitermetall mit unterschiedlichen Anwendungen in der Industrie handelt. Lernen Sie ... Mehr lesen\" \/>\n<meta property=\"og:url\" content=\"https:\/\/chemuza.org\/de\/germanium\/\" \/>\n<meta property=\"og:site_name\" content=\"Chemuza\" \/>\n<meta name=\"twitter:card\" content=\"summary_large_image\" \/>\n<meta name=\"twitter:label1\" content=\"Gesch\u00e4tzte Lesezeit\" \/>\n\t<meta name=\"twitter:data1\" content=\"4\u00a0Minuten\" \/>\n<script type=\"application\/ld+json\" class=\"yoast-schema-graph\">{\"@context\":\"https:\/\/schema.org\",\"@graph\":[{\"@type\":\"WebPage\",\"@id\":\"https:\/\/chemuza.org\/de\/germanium\/\",\"url\":\"https:\/\/chemuza.org\/de\/germanium\/\",\"name\":\"Germanium - Chemuza\",\"isPartOf\":{\"@id\":\"https:\/\/chemuza.org\/de\/#website\"},\"datePublished\":\"2023-10-25T13:51:10+00:00\",\"dateModified\":\"2023-10-25T13:51:10+00:00\",\"breadcrumb\":{\"@id\":\"https:\/\/chemuza.org\/de\/germanium\/#breadcrumb\"},\"inLanguage\":\"de\",\"potentialAction\":[{\"@type\":\"ReadAction\",\"target\":[\"https:\/\/chemuza.org\/de\/germanium\/\"]}]},{\"@type\":\"BreadcrumbList\",\"@id\":\"https:\/\/chemuza.org\/de\/germanium\/#breadcrumb\",\"itemListElement\":[{\"@type\":\"ListItem\",\"position\":1,\"name\":\"Heim\",\"item\":\"https:\/\/chemuza.org\/de\/\"},{\"@type\":\"ListItem\",\"position\":2,\"name\":\"Germanium\"}]},{\"@type\":\"WebSite\",\"@id\":\"https:\/\/chemuza.org\/de\/#website\",\"url\":\"https:\/\/chemuza.org\/de\/\",\"name\":\"Chemuza\",\"description\":\"Ihr Tor zur chemischen Entdeckung\",\"publisher\":{\"@id\":\"https:\/\/chemuza.org\/de\/#organization\"},\"potentialAction\":[{\"@type\":\"SearchAction\",\"target\":{\"@type\":\"EntryPoint\",\"urlTemplate\":\"https:\/\/chemuza.org\/de\/?s={search_term_string}\"},\"query-input\":\"required name=search_term_string\"}],\"inLanguage\":\"de\"},{\"@type\":\"Organization\",\"@id\":\"https:\/\/chemuza.org\/de\/#organization\",\"name\":\"Chemuza\",\"url\":\"https:\/\/chemuza.org\/de\/\",\"logo\":{\"@type\":\"ImageObject\",\"inLanguage\":\"de\",\"@id\":\"https:\/\/chemuza.org\/de\/#\/schema\/logo\/image\/\",\"url\":\"https:\/\/chemuza.org\/de\/wp-content\/uploads\/2023\/10\/chemuza-logo.png\",\"contentUrl\":\"https:\/\/chemuza.org\/de\/wp-content\/uploads\/2023\/10\/chemuza-logo.png\",\"width\":387,\"height\":70,\"caption\":\"Chemuza\"},\"image\":{\"@id\":\"https:\/\/chemuza.org\/de\/#\/schema\/logo\/image\/\"}}]}<\/script>\n<!-- \/ Yoast SEO plugin. -->","yoast_head_json":{"title":"Germanium - Chemuza","robots":{"index":"index","follow":"follow","max-snippet":"max-snippet:-1","max-image-preview":"max-image-preview:large","max-video-preview":"max-video-preview:-1"},"canonical":"https:\/\/chemuza.org\/de\/germanium\/","og_locale":"de_DE","og_type":"article","og_title":"Germanium - Chemuza","og_description":"Germanium ist in der Erdkruste mit einer Rate von 6,7 ppm oder Teilen pro Million verteilt. In Teilen Europas und Nordamerikas findet man es h\u00e4ufig als Sulfide oder in den Mineralien Blei, Kupfer und Zink. Es zeichnet sich dadurch aus, dass es sich um ein Halbleitermetall mit unterschiedlichen Anwendungen in der Industrie handelt. Lernen Sie ... Mehr lesen","og_url":"https:\/\/chemuza.org\/de\/germanium\/","og_site_name":"Chemuza","twitter_card":"summary_large_image","twitter_misc":{"Gesch\u00e4tzte Lesezeit":"4\u00a0Minuten"},"schema":{"@context":"https:\/\/schema.org","@graph":[{"@type":"WebPage","@id":"https:\/\/chemuza.org\/de\/germanium\/","url":"https:\/\/chemuza.org\/de\/germanium\/","name":"Germanium - Chemuza","isPartOf":{"@id":"https:\/\/chemuza.org\/de\/#website"},"datePublished":"2023-10-25T13:51:10+00:00","dateModified":"2023-10-25T13:51:10+00:00","breadcrumb":{"@id":"https:\/\/chemuza.org\/de\/germanium\/#breadcrumb"},"inLanguage":"de","potentialAction":[{"@type":"ReadAction","target":["https:\/\/chemuza.org\/de\/germanium\/"]}]},{"@type":"BreadcrumbList","@id":"https:\/\/chemuza.org\/de\/germanium\/#breadcrumb","itemListElement":[{"@type":"ListItem","position":1,"name":"Heim","item":"https:\/\/chemuza.org\/de\/"},{"@type":"ListItem","position":2,"name":"Germanium"}]},{"@type":"WebSite","@id":"https:\/\/chemuza.org\/de\/#website","url":"https:\/\/chemuza.org\/de\/","name":"Chemuza","description":"Ihr Tor zur chemischen Entdeckung","publisher":{"@id":"https:\/\/chemuza.org\/de\/#organization"},"potentialAction":[{"@type":"SearchAction","target":{"@type":"EntryPoint","urlTemplate":"https:\/\/chemuza.org\/de\/?s={search_term_string}"},"query-input":"required name=search_term_string"}],"inLanguage":"de"},{"@type":"Organization","@id":"https:\/\/chemuza.org\/de\/#organization","name":"Chemuza","url":"https:\/\/chemuza.org\/de\/","logo":{"@type":"ImageObject","inLanguage":"de","@id":"https:\/\/chemuza.org\/de\/#\/schema\/logo\/image\/","url":"https:\/\/chemuza.org\/de\/wp-content\/uploads\/2023\/10\/chemuza-logo.png","contentUrl":"https:\/\/chemuza.org\/de\/wp-content\/uploads\/2023\/10\/chemuza-logo.png","width":387,"height":70,"caption":"Chemuza"},"image":{"@id":"https:\/\/chemuza.org\/de\/#\/schema\/logo\/image\/"}}]}},"yoast_meta":{"yoast_wpseo_title":"","yoast_wpseo_metadesc":"","yoast_wpseo_canonical":""},"_links":{"self":[{"href":"https:\/\/chemuza.org\/de\/wp-json\/wp\/v2\/pages\/1512","targetHints":{"allow":["GET"]}}],"collection":[{"href":"https:\/\/chemuza.org\/de\/wp-json\/wp\/v2\/pages"}],"about":[{"href":"https:\/\/chemuza.org\/de\/wp-json\/wp\/v2\/types\/page"}],"author":[{"embeddable":true,"href":"https:\/\/chemuza.org\/de\/wp-json\/wp\/v2\/users\/1"}],"replies":[{"embeddable":true,"href":"https:\/\/chemuza.org\/de\/wp-json\/wp\/v2\/comments?post=1512"}],"version-history":[{"count":1,"href":"https:\/\/chemuza.org\/de\/wp-json\/wp\/v2\/pages\/1512\/revisions"}],"predecessor-version":[{"id":1635,"href":"https:\/\/chemuza.org\/de\/wp-json\/wp\/v2\/pages\/1512\/revisions\/1635"}],"wp:attachment":[{"href":"https:\/\/chemuza.org\/de\/wp-json\/wp\/v2\/media?parent=1512"}],"curies":[{"name":"wp","href":"https:\/\/api.w.org\/{rel}","templated":true}]}}