{"id":1511,"date":"2023-07-14T14:05:44","date_gmt":"2023-07-14T14:05:44","guid":{"rendered":"https:\/\/chemuza.org\/de\/rhodium\/"},"modified":"2023-07-14T14:05:44","modified_gmt":"2023-07-14T14:05:44","slug":"rhodium","status":"publish","type":"page","link":"https:\/\/chemuza.org\/de\/rhodium\/","title":{"rendered":"\u00dcberzogen mit rhodium"},"content":{"rendered":"<p>Derzeit gilt es als das teuerste Metall der Welt, denn laut dem Chemiekonzern Johnson kostet jede Unze 8.000 Dollar. Andererseits ist es ein sehr seltenes Element, es kommt in der Natur nicht in reinstem Zustand vor und seine Eigenschaften sind mit Platin verbunden. Entdecken Sie in diesem Artikel Rhodium, eines der Elemente, das wegen seiner Vorteile am meisten gesch\u00e4tzt wird.<\/p>\n<h2> <strong>Was ist Rhodium?<\/strong><\/h2>\n<p> Es ist ein edles \u00dcbergangsmetall, das sehr best\u00e4ndig gegen Oxidation, starke Basen und S\u00e4uren ist. Es hat einen silbrig-wei\u00dfen Farbton, gute Duktilit\u00e4t, Formbarkeit und Tr\u00e4gheit unter normalen Bedingungen. Dar\u00fcber hinaus ist es im Allgemeinen ein thermischer und elektrischer Leiter und verf\u00fcgt \u00fcber einen hohen Schmelzpunkt und eine stabile Mineralh\u00e4rte.<\/p>\n<h3> <strong>Rhodiniertes Symbol<\/strong><\/h3>\n<p> <span class=\"content-chemical-element\" style=\"float: left;width: 65px;height: 65px;border: 3px solid #666; display:flex;\n    justify-content: center;align-items: center;margin-right: 15px;\"><span style=\"font-size: 38px;\">Rh<\/span><\/span> Der Name kommt vom griechischen Wort <em>Rhodon<\/em> , ebenfalls vom lateinischen <em>Rhodium<\/em> , was <em>Rose<\/em> bedeutet. Es erh\u00e4lt diesen Namen, weil die Verbindungen, Salze oder L\u00f6sungen des chemischen Elements nach dem Aufl\u00f6sen in Wasser einen rosafarbenen Farbton aufweisen.<\/p>\n<h2> <strong>Eigenschaften von Rhodium<\/strong><\/h2>\n<p> Zu den Eigenschaften von Rhodium z\u00e4hlen seine Korrosions- und Oxidationsbest\u00e4ndigkeit, seine metallische Textur und seine Unl\u00f6slichkeit in Salpeters\u00e4ure. Dar\u00fcber hinaus ist es lichtreflektierend, geruchlos, weich und dehnbar. Ebenso hat es eine atomare Struktur aus 58 Neutronen, 45 Protonen und 45 Elektronen, zus\u00e4tzlich zu:<\/p>\n<ul>\n<li> <strong>Chemische Reaktivit\u00e4t<\/strong> : Kann als S\u00e4ure oder Base reagieren. Unter normalen Bedingungen oxidiert es kaum, reagiert jedoch bei Temperaturen \u00fcber 600 \u00b0C mit Sauerstoff und Fluor.<\/li>\n<li> <strong>Schmelzen und Sieden<\/strong> : Hoch, da sein Schmelzpunkt h\u00f6her ist als der von Kobalt.<\/li>\n<li> <strong>Farbe<\/strong> : Heller silbrig-wei\u00dflicher Ton, seine Verbindungen weisen eine r\u00f6tlich-rosa Farbe auf und die L\u00f6sungen haben rosafarbene T\u00f6ne.<\/li>\n<li> <strong>Zustand<\/strong> : Fest bei normalen Dr\u00fccken und Temperaturen.<\/li>\n<li> <strong>Dichte<\/strong> : Bei Raumtemperatur betr\u00e4gt sie 12,41 g\/ml, nach dem Schmelzen steigt sie jedoch auf 10,7 g\/ml.<\/li>\n<li> <strong>Ver\u00e4nderungen<\/strong> : Kaliumbisulfat, Schwefels\u00e4ure und K\u00f6nigswasser k\u00f6nnen es aufl\u00f6sen und eine rosafarbene L\u00f6sung bilden.<\/li>\n<li> <strong>Magnetische Ordnung<\/strong> : Es ist ein paramagnetisches Element.<\/li>\n<li> <strong>Formbarkeit<\/strong> : Durchschnittlich, da es bei heftigen St\u00f6\u00dfen bricht.<\/li>\n<li> <strong>Duktilit\u00e4t<\/strong> : Innerhalb der Platingruppe liegt es an dritter Stelle.<\/li>\n<li> <strong>H\u00e4rte<\/strong> : Nach der Mohs-Skala hat es eine H\u00e4rte von 6.<\/li>\n<\/ul>\n<h2> <strong>Chemische und physikalische Eigenschaften von Rhodium<\/strong><\/h2>\n<ol>\n<li> <strong>Ordnungszahl<\/strong> : 45<\/li>\n<li> <strong>Elektronegativit\u00e4t<\/strong> : 2,28<\/li>\n<li> <strong>Dichte (g\/ml)<\/strong> : 12450 kg\/m\u00b3<\/li>\n<li> <strong>Atomradius (\u00c5)<\/strong> : 134 Uhr<\/li>\n<li> <strong>Erstes Ionisierungspotential (eV)<\/strong> : 719,7 kJ\/mol<\/li>\n<li> <strong>Verdampfungsenthalpie<\/strong> : 493 kJ\/mol<\/li>\n<li> <strong>Elektronen pro Ebene<\/strong> : 2, 8, 18, 16, 1<\/li>\n<li> <strong>Siedepunkt<\/strong> : 3695\u00b0 C (3968 K)<\/li>\n<li> <strong>Schmelzpunkt<\/strong> : 1964 \u00b0C (2237 K)<\/li>\n<li> <strong>Atommasse (g\/mol)<\/strong> : 102,90550<\/li>\n<li> <strong>Schallgeschwindigkeit<\/strong> : 4700 m\/s bei 293,15 K<\/li>\n<li> <strong>Elektronische Konfiguration<\/strong> : [Kr] 5s <sup>1<\/sup> 4d <sup>8<\/sup><\/li>\n<li> <strong>Kovalenter Radius (\u00c5)<\/strong> : 142 Uhr<\/li>\n<li> <strong>Oxid<\/strong> : Amphoter<\/li>\n<li> <strong>Spezifische W\u00e4rme<\/strong> : 242 J\/(K-kg)<\/li>\n<li> <strong>Schmelzenthalpie<\/strong> : 21,5 kJ\/mol<\/li>\n<li> <strong>Oxidationsstufen<\/strong> : 6, 5, 4, 3, 2, 1, -1<\/li>\n<\/ol>\n<h2> <strong>Herkunft von Rhodium<\/strong><\/h2>\n<p> Der Geschichte des Rhodiums zufolge wurde es 1803 vom Engl\u00e4nder William H. Wollaston entdeckt, als er ein Platinmineral aus Peru analysierte. Dieser Chemiker beobachtete r\u00f6tliche Salze in den Mineralien, die er untersuchte, und einen Farbton, der von einem unbekannten Element ausging.<\/p>\n<p> Wollastons Experiment bestand darin, das Mineral Platin in eine konzentrierte Mischung aus Salpeter- und Salzs\u00e4ure, also K\u00f6nigswasser, zu tauchen. So gelang es ihm, den S\u00e4uregehalt der Mischung mit NaOH zu neutralisieren. Dank F\u00e4llungsreaktionen gelingt es schlie\u00dflich, Metallverbindungen zu trennen. Tats\u00e4chlich trennte er Platin in (NH <sub>4<\/sub> ) <sub>2<\/sub> [PtCl <sub>6<\/sub> ] und f\u00fcgte dann NH <sub>4<\/sub> Cl und verschiedene andere Metalle hinzu, die er mit metallischem Zink reduzierte. Er versucht, die schwammigsten Metalle mit HNO <sub>3<\/sub> aufzul\u00f6sen und so zwei neue Metalle zu erhalten, von denen eines als Rhodium identifiziert wird.<\/p>\n<h2> <strong>Wof\u00fcr wird Rhodium verwendet?<\/strong><\/h2>\n<p> Rhodium wird haupts\u00e4chlich als Legierung aus Platin und Palladium verwendet, die als H\u00e4rter wirkt. Dar\u00fcber hinaus wird es typischerweise als Katalysator bei Hydrierungsprozessen verwendet, da es die Katalyse von Kohlenwasserstoffen bewirkt. Weitere Anwendungen sind:<\/p>\n<ul>\n<li> Es wird als Verzinkung f\u00fcr Produkte verwendet, die Verschlei\u00df und Witterungseinfl\u00fcssen standhalten m\u00fcssen.<\/li>\n<li> Es wird in der Schmuckindustrie verwendet, um jedes St\u00fcck mit Wei\u00dfgold zu \u00fcberziehen, was als Rhodinierung bezeichnet wird.<\/li>\n<li> Es wird h\u00e4ufig zur Beschichtung verschiedener Arten von Spiegeln, Reflektoren, Kameras und R\u00f6ntgensystemen verwendet.<\/li>\n<li> Wird bei der Herstellung elektronischer Ger\u00e4te als langlebiges und leitf\u00e4higes Material verwendet.<\/li>\n<li> Es wird bei der Herstellung von Turbinen, Ofenteilen und anderen Elementen verwendet, die konstanten und hohen Temperaturen ausgesetzt werden m\u00fcssen.<\/li>\n<li> Herstellung von Teilen f\u00fcr Flugzeugmotoren, Z\u00fcndkerzen und Glasfaser.<\/li>\n<\/ul>\n<p> Zusammenfassend l\u00e4sst sich sagen, dass es sich um ein edles, duktiles, formbares, korrosionsbest\u00e4ndiges und inertes chemisches Element handelt, das zu den \u00dcbergangsmetallen geh\u00f6rt. Obwohl es einen silbrig-wei\u00dfen Farbton hat, weisen seine Verbindungen au\u00dferdem eine rosa Farbe auf, daher der Name. Seine bekannteste Anwendung ist der Einsatz von Goldschmieden, um St\u00fccke mit Wei\u00dfgold zu \u00fcberziehen.<\/p>\n","protected":false},"excerpt":{"rendered":"<p>Derzeit gilt es als das teuerste Metall der Welt, denn laut dem Chemiekonzern Johnson kostet jede Unze 8.000 Dollar. Andererseits ist es ein sehr seltenes Element, es kommt in der Natur nicht in reinstem Zustand vor und seine Eigenschaften sind mit Platin verbunden. Entdecken Sie in diesem Artikel Rhodium, eines der Elemente, das wegen seiner &#8230; <a title=\"\u00dcberzogen mit rhodium\" class=\"read-more\" href=\"https:\/\/chemuza.org\/de\/rhodium\/\" aria-label=\"Mehr zu \u00dcberzogen mit rhodium\">Mehr lesen<\/a><\/p>\n","protected":false},"author":1,"featured_media":0,"parent":0,"menu_order":0,"comment_status":"closed","ping_status":"closed","template":"","meta":{"footnotes":""},"class_list":["post-1511","page","type-page","status-publish"],"yoast_head":"<!-- This site is optimized with the Yoast SEO plugin v21.4 - https:\/\/yoast.com\/wordpress\/plugins\/seo\/ -->\n<title>Rhodiniert \u2013 Chemuza<\/title>\n<meta name=\"robots\" content=\"index, follow, max-snippet:-1, max-image-preview:large, max-video-preview:-1\" \/>\n<link rel=\"canonical\" href=\"https:\/\/chemuza.org\/de\/rhodium\/\" \/>\n<meta property=\"og:locale\" content=\"de_DE\" \/>\n<meta property=\"og:type\" content=\"article\" \/>\n<meta property=\"og:title\" content=\"Rhodiniert \u2013 Chemuza\" \/>\n<meta property=\"og:description\" content=\"Derzeit gilt es als das teuerste Metall der Welt, denn laut dem Chemiekonzern Johnson kostet jede Unze 8.000 Dollar. Andererseits ist es ein sehr seltenes Element, es kommt in der Natur nicht in reinstem Zustand vor und seine Eigenschaften sind mit Platin verbunden. Entdecken Sie in diesem Artikel Rhodium, eines der Elemente, das wegen seiner ... Mehr lesen\" \/>\n<meta property=\"og:url\" content=\"https:\/\/chemuza.org\/de\/rhodium\/\" \/>\n<meta property=\"og:site_name\" content=\"Chemuza\" \/>\n<meta name=\"twitter:card\" content=\"summary_large_image\" \/>\n<meta name=\"twitter:label1\" content=\"Gesch\u00e4tzte Lesezeit\" \/>\n\t<meta name=\"twitter:data1\" content=\"4\u00a0Minuten\" \/>\n<script type=\"application\/ld+json\" class=\"yoast-schema-graph\">{\"@context\":\"https:\/\/schema.org\",\"@graph\":[{\"@type\":\"WebPage\",\"@id\":\"https:\/\/chemuza.org\/de\/rhodium\/\",\"url\":\"https:\/\/chemuza.org\/de\/rhodium\/\",\"name\":\"Rhodiniert \u2013 Chemuza\",\"isPartOf\":{\"@id\":\"https:\/\/chemuza.org\/de\/#website\"},\"datePublished\":\"2023-07-14T14:05:44+00:00\",\"dateModified\":\"2023-07-14T14:05:44+00:00\",\"breadcrumb\":{\"@id\":\"https:\/\/chemuza.org\/de\/rhodium\/#breadcrumb\"},\"inLanguage\":\"de\",\"potentialAction\":[{\"@type\":\"ReadAction\",\"target\":[\"https:\/\/chemuza.org\/de\/rhodium\/\"]}]},{\"@type\":\"BreadcrumbList\",\"@id\":\"https:\/\/chemuza.org\/de\/rhodium\/#breadcrumb\",\"itemListElement\":[{\"@type\":\"ListItem\",\"position\":1,\"name\":\"Heim\",\"item\":\"https:\/\/chemuza.org\/de\/\"},{\"@type\":\"ListItem\",\"position\":2,\"name\":\"\u00dcberzogen mit rhodium\"}]},{\"@type\":\"WebSite\",\"@id\":\"https:\/\/chemuza.org\/de\/#website\",\"url\":\"https:\/\/chemuza.org\/de\/\",\"name\":\"Chemuza\",\"description\":\"Ihr Tor zur chemischen Entdeckung\",\"publisher\":{\"@id\":\"https:\/\/chemuza.org\/de\/#organization\"},\"potentialAction\":[{\"@type\":\"SearchAction\",\"target\":{\"@type\":\"EntryPoint\",\"urlTemplate\":\"https:\/\/chemuza.org\/de\/?s={search_term_string}\"},\"query-input\":\"required name=search_term_string\"}],\"inLanguage\":\"de\"},{\"@type\":\"Organization\",\"@id\":\"https:\/\/chemuza.org\/de\/#organization\",\"name\":\"Chemuza\",\"url\":\"https:\/\/chemuza.org\/de\/\",\"logo\":{\"@type\":\"ImageObject\",\"inLanguage\":\"de\",\"@id\":\"https:\/\/chemuza.org\/de\/#\/schema\/logo\/image\/\",\"url\":\"https:\/\/chemuza.org\/de\/wp-content\/uploads\/2023\/10\/chemuza-logo.png\",\"contentUrl\":\"https:\/\/chemuza.org\/de\/wp-content\/uploads\/2023\/10\/chemuza-logo.png\",\"width\":387,\"height\":70,\"caption\":\"Chemuza\"},\"image\":{\"@id\":\"https:\/\/chemuza.org\/de\/#\/schema\/logo\/image\/\"}}]}<\/script>\n<!-- \/ Yoast SEO plugin. -->","yoast_head_json":{"title":"Rhodiniert \u2013 Chemuza","robots":{"index":"index","follow":"follow","max-snippet":"max-snippet:-1","max-image-preview":"max-image-preview:large","max-video-preview":"max-video-preview:-1"},"canonical":"https:\/\/chemuza.org\/de\/rhodium\/","og_locale":"de_DE","og_type":"article","og_title":"Rhodiniert \u2013 Chemuza","og_description":"Derzeit gilt es als das teuerste Metall der Welt, denn laut dem Chemiekonzern Johnson kostet jede Unze 8.000 Dollar. Andererseits ist es ein sehr seltenes Element, es kommt in der Natur nicht in reinstem Zustand vor und seine Eigenschaften sind mit Platin verbunden. Entdecken Sie in diesem Artikel Rhodium, eines der Elemente, das wegen seiner ... Mehr lesen","og_url":"https:\/\/chemuza.org\/de\/rhodium\/","og_site_name":"Chemuza","twitter_card":"summary_large_image","twitter_misc":{"Gesch\u00e4tzte Lesezeit":"4\u00a0Minuten"},"schema":{"@context":"https:\/\/schema.org","@graph":[{"@type":"WebPage","@id":"https:\/\/chemuza.org\/de\/rhodium\/","url":"https:\/\/chemuza.org\/de\/rhodium\/","name":"Rhodiniert \u2013 Chemuza","isPartOf":{"@id":"https:\/\/chemuza.org\/de\/#website"},"datePublished":"2023-07-14T14:05:44+00:00","dateModified":"2023-07-14T14:05:44+00:00","breadcrumb":{"@id":"https:\/\/chemuza.org\/de\/rhodium\/#breadcrumb"},"inLanguage":"de","potentialAction":[{"@type":"ReadAction","target":["https:\/\/chemuza.org\/de\/rhodium\/"]}]},{"@type":"BreadcrumbList","@id":"https:\/\/chemuza.org\/de\/rhodium\/#breadcrumb","itemListElement":[{"@type":"ListItem","position":1,"name":"Heim","item":"https:\/\/chemuza.org\/de\/"},{"@type":"ListItem","position":2,"name":"\u00dcberzogen mit rhodium"}]},{"@type":"WebSite","@id":"https:\/\/chemuza.org\/de\/#website","url":"https:\/\/chemuza.org\/de\/","name":"Chemuza","description":"Ihr Tor zur chemischen Entdeckung","publisher":{"@id":"https:\/\/chemuza.org\/de\/#organization"},"potentialAction":[{"@type":"SearchAction","target":{"@type":"EntryPoint","urlTemplate":"https:\/\/chemuza.org\/de\/?s={search_term_string}"},"query-input":"required name=search_term_string"}],"inLanguage":"de"},{"@type":"Organization","@id":"https:\/\/chemuza.org\/de\/#organization","name":"Chemuza","url":"https:\/\/chemuza.org\/de\/","logo":{"@type":"ImageObject","inLanguage":"de","@id":"https:\/\/chemuza.org\/de\/#\/schema\/logo\/image\/","url":"https:\/\/chemuza.org\/de\/wp-content\/uploads\/2023\/10\/chemuza-logo.png","contentUrl":"https:\/\/chemuza.org\/de\/wp-content\/uploads\/2023\/10\/chemuza-logo.png","width":387,"height":70,"caption":"Chemuza"},"image":{"@id":"https:\/\/chemuza.org\/de\/#\/schema\/logo\/image\/"}}]}},"yoast_meta":{"yoast_wpseo_title":"","yoast_wpseo_metadesc":"","yoast_wpseo_canonical":""},"_links":{"self":[{"href":"https:\/\/chemuza.org\/de\/wp-json\/wp\/v2\/pages\/1511","targetHints":{"allow":["GET"]}}],"collection":[{"href":"https:\/\/chemuza.org\/de\/wp-json\/wp\/v2\/pages"}],"about":[{"href":"https:\/\/chemuza.org\/de\/wp-json\/wp\/v2\/types\/page"}],"author":[{"embeddable":true,"href":"https:\/\/chemuza.org\/de\/wp-json\/wp\/v2\/users\/1"}],"replies":[{"embeddable":true,"href":"https:\/\/chemuza.org\/de\/wp-json\/wp\/v2\/comments?post=1511"}],"version-history":[{"count":0,"href":"https:\/\/chemuza.org\/de\/wp-json\/wp\/v2\/pages\/1511\/revisions"}],"wp:attachment":[{"href":"https:\/\/chemuza.org\/de\/wp-json\/wp\/v2\/media?parent=1511"}],"curies":[{"name":"wp","href":"https:\/\/api.w.org\/{rel}","templated":true}]}}