{"id":1510,"date":"2023-07-14T14:44:08","date_gmt":"2023-07-14T14:44:08","guid":{"rendered":"https:\/\/chemuza.org\/de\/molybdan\/"},"modified":"2023-07-14T14:44:08","modified_gmt":"2023-07-14T14:44:08","slug":"molybdan","status":"publish","type":"page","link":"https:\/\/chemuza.org\/de\/molybdan\/","title":{"rendered":"Molybd\u00e4n"},"content":{"rendered":"<p>Als chemisches \u00dcbergangselement ist es einzigartig und erkennt seine wichtige Rolle f\u00fcr Lebewesen. Dar\u00fcber hinaus wird es \u00fcblicherweise f\u00fcr Legierungen, Strukturarbeiten sowie in der Automobil- und Luftfahrtindustrie verwendet. Erfahren Sie, was Molybd\u00e4n ist, welche Eigenschaften es hat und welche allgemeinen Anwendungen es hat.<\/p>\n<h2> <strong>Was ist Molybd\u00e4n?<\/strong><\/h2>\n<p> Es ist ein chemisches Element, das zur Reihe der \u00dcbergangsmetalle geh\u00f6rt. Es hat eine silberne Farbe, \u00e4hnliche chemische Eigenschaften wie Chrom, H\u00e4rte und ein hohes Energieniveau. Dar\u00fcber hinaus verf\u00fcgt es \u00fcber magnetische Eigenschaften, gute Leitf\u00e4higkeit und Korrosionsbest\u00e4ndigkeit. Es ist ein sehr h\u00e4ufig vorkommendes Metall auf dem Planeten Erde, kommt jedoch nie in reinem Zustand vor.<\/p>\n<h3> <strong>Molybd\u00e4n-Symbol<\/strong><\/h3>\n<p> <span class=\"content-chemical-element\" style=\"float: left;width: 65px;height: 65px;border: 3px solid #666; display:flex;\n    justify-content: center;align-items: center;margin-right: 15px;\"><span style=\"font-size: 38px;\">Mo<\/span><\/span> Vom lateinischen Wort <em>molybdaena<\/em> , Bezeichnung f\u00fcr Mineralien aus Blei. Dieser Ausdruck wiederum stammt aus dem Griechischen <em>molybdaina<\/em> , das sich vom Wort <em>molybdos<\/em> ableitet, was <em>\u201ewie Blei\u201c<\/em> bedeutet. Diese Etymologie erh\u00e4lt es, weil in der Antike Mineralien, die das Element Molybd\u00e4n enthielten, mit Bleimineralien verwechselt wurden.<\/p>\n<h2> <strong>Eigenschaften von Molybd\u00e4n<\/strong><\/h2>\n<p> Es zeichnet sich durch gute Haltbarkeit, Formbarkeit, Zugfestigkeit, hohe Bindungsenergie sowie hervorragende thermische und elektrische Leitf\u00e4higkeit aus. Gilt als hochschmelzendes Metall, da sein Schmelzpunkt h\u00f6her ist als der von Platin. Andererseits hat es 54 Neutronen, 42 Protonen und 42 Elektronen. Sehen Sie sich weitere Merkmale des Artikels an:<\/p>\n<ul>\n<li> <strong>Chemische Reaktivit\u00e4t<\/strong> : Reagiert bei 20 \u00b0C nicht mit Wasser oder Sauerstoff und bildet Vierfachbindungen.<\/li>\n<li> <strong>Schmelzen<\/strong> : Es hat den sechsth\u00f6chsten Schmelzpunkt aller chemischen Elemente.<\/li>\n<li> <strong>Zustand<\/strong> : In der Natur kommt es in festem Zustand vor.<\/li>\n<li> <strong>Kristallstruktur<\/strong> : Bei Atmosph\u00e4rendruck bilden seine Atome ein zentriertes kubisches Kristallsystem, bei h\u00f6heren Dr\u00fccken verdichten sie sich jedoch zu dichteren Strukturen.<\/li>\n<li> <strong>Organoleptische Eigenschaften<\/strong> : Es hat eine silbrig-wei\u00dflich-gr\u00e4uliche Farbe, eine glatte Textur und ist geruchlos.<\/li>\n<li> <strong>Temperatur<\/strong> : Best\u00e4ndig gegen hohe Temperaturen und hat einen niedrigen Dampfdruck.<\/li>\n<li> <strong>Oxidation<\/strong> : Bei Raumtemperatur oxidiert es nicht, bei Temperaturen \u00fcber 600 \u00b0C geschieht dies jedoch schnell.<\/li>\n<li> <strong>L\u00f6slichkeit in Wasser<\/strong> : Es weist eine geringe Wasserl\u00f6slichkeit auf, obwohl sein MoO <sub>4<\/sub> <sup>-2-<\/sup> Ion l\u00f6slich ist.<\/li>\n<li> <strong>Korrosionsbest\u00e4ndigkeit<\/strong> : Bei Raumtemperatur und bis zu 400 \u00b0C beh\u00e4lt es seine stabile Zusammensetzung und ist salzs\u00e4urebest\u00e4ndig.<\/li>\n<li> <strong>Volumen<\/strong> : Es weist eine W\u00e4rmeausdehnung oder einen Ausdehnungskoeffizienten von weniger als 5,04 x 10-6 (1\/K) auf.<\/li>\n<\/ul>\n<h2> <strong>Chemische und physikalische Eigenschaften von Molybd\u00e4n<\/strong><\/h2>\n<ol>\n<li> <strong>Ordnungszahl<\/strong> : 42<\/li>\n<li> <strong>Dichte (g\/ml)<\/strong> : 10280 kg\/m\u00b3<\/li>\n<li> <strong>Kovalenter Radius (\u00c5)<\/strong> : 154 Uhr<\/li>\n<li> <strong>Fusionsenthalpie<\/strong> : 32 kJ\/mol<\/li>\n<li> <strong>Elektronegativit\u00e4t<\/strong> : 2,16<\/li>\n<li> <strong>Spezifische W\u00e4rme<\/strong> : 250 J\/(K-kg)<\/li>\n<li> <strong>Atommasse (g\/mol)<\/strong> : 95,94<\/li>\n<li> <strong>H\u00e4rte<\/strong> : 5,5 (Mohs-Skala)<\/li>\n<li> <strong>Siedepunkt<\/strong> : 4639 \u00b0C (4912 K)<\/li>\n<li> <strong>Rost<\/strong> :<strong> <\/strong>starke S\u00e4ure<\/li>\n<li> <strong>Atomradius (\u00c5)<\/strong> : 190 Uhr<\/li>\n<li> <strong>Schmelzpunkt<\/strong> : 2623 \u00b0C (2896 K)<\/li>\n<li> <strong>Elektronische Konfiguration<\/strong> : [Kr]4d <sup>5<\/sup> 5s <sup>1<\/sup><\/li>\n<li> <strong>Oxidationsstufen<\/strong> : 2, 3, 4, 5, 6<\/li>\n<li> <strong>Verdampfungsenthalpie<\/strong> : 598 kJ\/mol<\/li>\n<li> <strong>Erstes Ionisierungspotential (eV)<\/strong> : 684,3 kJ\/mol<\/li>\n<li> <strong>Elektronen pro Ebene<\/strong> : 2, 8, 18, 13, 1<\/li>\n<\/ol>\n<h2> <strong>Herkunft von Molybd\u00e4n<\/strong><\/h2>\n<p> Es wird dem schwedischen Chemiker Carl Wilhelm Scheele im Jahr 1778 zugeschrieben, als er das Mineral Molybd\u00e4nit mit Salpeters\u00e4ure reagieren lie\u00df, bis eine Mischung saurer Eigenschaften entstand. Die resultierende Verbindung wurde als <em>Acidum<\/em> <em>molybdenae<\/em> bezeichnet, da das Element bis zum 18. Jahrhundert nur in Kohle oder Blei vorkam.<\/p>\n<p> Dann, vier Jahre nach seiner Entdeckung, im Jahr 1782, widmete sich der Chemiker Peter Jacob Hjelm der Isolierung durch Reduktion der vorherigen Verbindung mit Kohlenstoff. Die Eigenschaften von Molybd\u00e4n fanden jedoch ab dem 19. Jahrhundert eine verst\u00e4rkte kommerzielle und industrielle Nutzung, beispielsweise als Isoliermittel.<\/p>\n<h2> <strong>Wof\u00fcr wird Molybd\u00e4n verwendet?<\/strong><\/h2>\n<p> Aufgrund seiner hohen Festigkeit, perfekten Leitf\u00e4higkeit und mechanischen Eigenschaften wird es h\u00e4ufig bei der Herstellung von Elektrokabeln eingesetzt. Ebenso nutzt die \u00d6lindustrie ihre Verbindungen, um sie als Katalysator f\u00fcr bestimmte Prozesse einzusetzen. Entdecken Sie weitere Verwendungsm\u00f6glichkeiten dieses Metalls:<\/p>\n<ul>\n<li> Eine der Hauptfunktionen von Molybd\u00e4n liegt in seinen Legierungen, die bei der Konstruktion mechanischer Teile verwendet werden und dem Lauf der Zeit bei Verschlei\u00dfaktivit\u00e4ten oder korrosiven Umgebungen standhalten.<\/li>\n<li> Es wird in der Automobilindustrie bei der Herstellung von Motorteilen eingesetzt.<\/li>\n<li> Im Tiefbau als Zusatzstoff zu Beton, um den Auswirkungen von Schwefel zu widerstehen.<\/li>\n<li> Es wird zur Herstellung von Pigmenten bei der Herstellung von Farbstoffen, Lacken, Farbstoffen und Gummimischungen verwendet.<\/li>\n<li> Molybd\u00e4ndisulfid wird als Schmiermittel f\u00fcr Motoren verwendet.<\/li>\n<li> Die zur Herstellung von Edelstahl verwendeten Legierungen enthalten etwa 6 % des Elements.<\/li>\n<\/ul>\n<h2> <strong>Molybd\u00e4nverbindungen<\/strong><\/h2>\n<p> Die Hauptverbindungen, die dieses chemische Element bilden, sind Sulfide, Oxide und Komplexe. Unter ihnen werden am h\u00e4ufigsten Molybd\u00e4n(VI)-oxid, Molybd\u00e4ndisulfid und Molybd\u00e4ntrioxid verwendet. Ebenso Molybd\u00e4ncarbid und Molybd\u00e4n(II)-chlorid.<\/p>\n<p> Zusammenfassend geh\u00f6rt Molybd\u00e4n zu den \u00dcbergangsmetallen und zeichnet sich durch seine silbergraue Farbe, seine H\u00e4rte, seine Korrosionsbest\u00e4ndigkeit sowie seine thermische und elektrische Leitf\u00e4higkeit aus. Dar\u00fcber hinaus weist es eine gute Formbarkeit, schwierige Oxidation und Wasserl\u00f6slichkeit auf.<\/p>\n","protected":false},"excerpt":{"rendered":"<p>Als chemisches \u00dcbergangselement ist es einzigartig und erkennt seine wichtige Rolle f\u00fcr Lebewesen. Dar\u00fcber hinaus wird es \u00fcblicherweise f\u00fcr Legierungen, Strukturarbeiten sowie in der Automobil- und Luftfahrtindustrie verwendet. Erfahren Sie, was Molybd\u00e4n ist, welche Eigenschaften es hat und welche allgemeinen Anwendungen es hat. Was ist Molybd\u00e4n? Es ist ein chemisches Element, das zur Reihe der &#8230; <a title=\"Molybd\u00e4n\" class=\"read-more\" href=\"https:\/\/chemuza.org\/de\/molybdan\/\" aria-label=\"Mehr zu Molybd\u00e4n\">Mehr lesen<\/a><\/p>\n","protected":false},"author":1,"featured_media":0,"parent":0,"menu_order":0,"comment_status":"closed","ping_status":"closed","template":"","meta":{"footnotes":""},"class_list":["post-1510","page","type-page","status-publish"],"yoast_head":"<!-- This site is optimized with the Yoast SEO plugin v21.4 - https:\/\/yoast.com\/wordpress\/plugins\/seo\/ -->\n<title>Molybd\u00e4n - Chemuza<\/title>\n<meta name=\"robots\" content=\"index, follow, max-snippet:-1, max-image-preview:large, max-video-preview:-1\" \/>\n<link rel=\"canonical\" href=\"https:\/\/chemuza.org\/de\/molybdan\/\" \/>\n<meta property=\"og:locale\" content=\"de_DE\" \/>\n<meta property=\"og:type\" content=\"article\" \/>\n<meta property=\"og:title\" content=\"Molybd\u00e4n - Chemuza\" \/>\n<meta property=\"og:description\" content=\"Als chemisches \u00dcbergangselement ist es einzigartig und erkennt seine wichtige Rolle f\u00fcr Lebewesen. Dar\u00fcber hinaus wird es \u00fcblicherweise f\u00fcr Legierungen, Strukturarbeiten sowie in der Automobil- und Luftfahrtindustrie verwendet. Erfahren Sie, was Molybd\u00e4n ist, welche Eigenschaften es hat und welche allgemeinen Anwendungen es hat. Was ist Molybd\u00e4n? Es ist ein chemisches Element, das zur Reihe der ... Mehr lesen\" \/>\n<meta property=\"og:url\" content=\"https:\/\/chemuza.org\/de\/molybdan\/\" \/>\n<meta property=\"og:site_name\" content=\"Chemuza\" \/>\n<meta name=\"twitter:card\" content=\"summary_large_image\" \/>\n<meta name=\"twitter:label1\" content=\"Gesch\u00e4tzte Lesezeit\" \/>\n\t<meta name=\"twitter:data1\" content=\"4\u00a0Minuten\" \/>\n<script type=\"application\/ld+json\" class=\"yoast-schema-graph\">{\"@context\":\"https:\/\/schema.org\",\"@graph\":[{\"@type\":\"WebPage\",\"@id\":\"https:\/\/chemuza.org\/de\/molybdan\/\",\"url\":\"https:\/\/chemuza.org\/de\/molybdan\/\",\"name\":\"Molybd\u00e4n - Chemuza\",\"isPartOf\":{\"@id\":\"https:\/\/chemuza.org\/de\/#website\"},\"datePublished\":\"2023-07-14T14:44:08+00:00\",\"dateModified\":\"2023-07-14T14:44:08+00:00\",\"breadcrumb\":{\"@id\":\"https:\/\/chemuza.org\/de\/molybdan\/#breadcrumb\"},\"inLanguage\":\"de\",\"potentialAction\":[{\"@type\":\"ReadAction\",\"target\":[\"https:\/\/chemuza.org\/de\/molybdan\/\"]}]},{\"@type\":\"BreadcrumbList\",\"@id\":\"https:\/\/chemuza.org\/de\/molybdan\/#breadcrumb\",\"itemListElement\":[{\"@type\":\"ListItem\",\"position\":1,\"name\":\"Heim\",\"item\":\"https:\/\/chemuza.org\/de\/\"},{\"@type\":\"ListItem\",\"position\":2,\"name\":\"Molybd\u00e4n\"}]},{\"@type\":\"WebSite\",\"@id\":\"https:\/\/chemuza.org\/de\/#website\",\"url\":\"https:\/\/chemuza.org\/de\/\",\"name\":\"Chemuza\",\"description\":\"Ihr Tor zur chemischen Entdeckung\",\"publisher\":{\"@id\":\"https:\/\/chemuza.org\/de\/#organization\"},\"potentialAction\":[{\"@type\":\"SearchAction\",\"target\":{\"@type\":\"EntryPoint\",\"urlTemplate\":\"https:\/\/chemuza.org\/de\/?s={search_term_string}\"},\"query-input\":\"required name=search_term_string\"}],\"inLanguage\":\"de\"},{\"@type\":\"Organization\",\"@id\":\"https:\/\/chemuza.org\/de\/#organization\",\"name\":\"Chemuza\",\"url\":\"https:\/\/chemuza.org\/de\/\",\"logo\":{\"@type\":\"ImageObject\",\"inLanguage\":\"de\",\"@id\":\"https:\/\/chemuza.org\/de\/#\/schema\/logo\/image\/\",\"url\":\"https:\/\/chemuza.org\/de\/wp-content\/uploads\/2023\/10\/chemuza-logo.png\",\"contentUrl\":\"https:\/\/chemuza.org\/de\/wp-content\/uploads\/2023\/10\/chemuza-logo.png\",\"width\":387,\"height\":70,\"caption\":\"Chemuza\"},\"image\":{\"@id\":\"https:\/\/chemuza.org\/de\/#\/schema\/logo\/image\/\"}}]}<\/script>\n<!-- \/ Yoast SEO plugin. -->","yoast_head_json":{"title":"Molybd\u00e4n - Chemuza","robots":{"index":"index","follow":"follow","max-snippet":"max-snippet:-1","max-image-preview":"max-image-preview:large","max-video-preview":"max-video-preview:-1"},"canonical":"https:\/\/chemuza.org\/de\/molybdan\/","og_locale":"de_DE","og_type":"article","og_title":"Molybd\u00e4n - Chemuza","og_description":"Als chemisches \u00dcbergangselement ist es einzigartig und erkennt seine wichtige Rolle f\u00fcr Lebewesen. Dar\u00fcber hinaus wird es \u00fcblicherweise f\u00fcr Legierungen, Strukturarbeiten sowie in der Automobil- und Luftfahrtindustrie verwendet. Erfahren Sie, was Molybd\u00e4n ist, welche Eigenschaften es hat und welche allgemeinen Anwendungen es hat. Was ist Molybd\u00e4n? Es ist ein chemisches Element, das zur Reihe der ... Mehr lesen","og_url":"https:\/\/chemuza.org\/de\/molybdan\/","og_site_name":"Chemuza","twitter_card":"summary_large_image","twitter_misc":{"Gesch\u00e4tzte Lesezeit":"4\u00a0Minuten"},"schema":{"@context":"https:\/\/schema.org","@graph":[{"@type":"WebPage","@id":"https:\/\/chemuza.org\/de\/molybdan\/","url":"https:\/\/chemuza.org\/de\/molybdan\/","name":"Molybd\u00e4n - Chemuza","isPartOf":{"@id":"https:\/\/chemuza.org\/de\/#website"},"datePublished":"2023-07-14T14:44:08+00:00","dateModified":"2023-07-14T14:44:08+00:00","breadcrumb":{"@id":"https:\/\/chemuza.org\/de\/molybdan\/#breadcrumb"},"inLanguage":"de","potentialAction":[{"@type":"ReadAction","target":["https:\/\/chemuza.org\/de\/molybdan\/"]}]},{"@type":"BreadcrumbList","@id":"https:\/\/chemuza.org\/de\/molybdan\/#breadcrumb","itemListElement":[{"@type":"ListItem","position":1,"name":"Heim","item":"https:\/\/chemuza.org\/de\/"},{"@type":"ListItem","position":2,"name":"Molybd\u00e4n"}]},{"@type":"WebSite","@id":"https:\/\/chemuza.org\/de\/#website","url":"https:\/\/chemuza.org\/de\/","name":"Chemuza","description":"Ihr Tor zur chemischen Entdeckung","publisher":{"@id":"https:\/\/chemuza.org\/de\/#organization"},"potentialAction":[{"@type":"SearchAction","target":{"@type":"EntryPoint","urlTemplate":"https:\/\/chemuza.org\/de\/?s={search_term_string}"},"query-input":"required name=search_term_string"}],"inLanguage":"de"},{"@type":"Organization","@id":"https:\/\/chemuza.org\/de\/#organization","name":"Chemuza","url":"https:\/\/chemuza.org\/de\/","logo":{"@type":"ImageObject","inLanguage":"de","@id":"https:\/\/chemuza.org\/de\/#\/schema\/logo\/image\/","url":"https:\/\/chemuza.org\/de\/wp-content\/uploads\/2023\/10\/chemuza-logo.png","contentUrl":"https:\/\/chemuza.org\/de\/wp-content\/uploads\/2023\/10\/chemuza-logo.png","width":387,"height":70,"caption":"Chemuza"},"image":{"@id":"https:\/\/chemuza.org\/de\/#\/schema\/logo\/image\/"}}]}},"yoast_meta":{"yoast_wpseo_title":"","yoast_wpseo_metadesc":"","yoast_wpseo_canonical":""},"_links":{"self":[{"href":"https:\/\/chemuza.org\/de\/wp-json\/wp\/v2\/pages\/1510","targetHints":{"allow":["GET"]}}],"collection":[{"href":"https:\/\/chemuza.org\/de\/wp-json\/wp\/v2\/pages"}],"about":[{"href":"https:\/\/chemuza.org\/de\/wp-json\/wp\/v2\/types\/page"}],"author":[{"embeddable":true,"href":"https:\/\/chemuza.org\/de\/wp-json\/wp\/v2\/users\/1"}],"replies":[{"embeddable":true,"href":"https:\/\/chemuza.org\/de\/wp-json\/wp\/v2\/comments?post=1510"}],"version-history":[{"count":0,"href":"https:\/\/chemuza.org\/de\/wp-json\/wp\/v2\/pages\/1510\/revisions"}],"wp:attachment":[{"href":"https:\/\/chemuza.org\/de\/wp-json\/wp\/v2\/media?parent=1510"}],"curies":[{"name":"wp","href":"https:\/\/api.w.org\/{rel}","templated":true}]}}