{"id":1509,"date":"2023-07-14T15:02:53","date_gmt":"2023-07-14T15:02:53","guid":{"rendered":"https:\/\/chemuza.org\/de\/zirkonium\/"},"modified":"2023-07-14T15:02:53","modified_gmt":"2023-07-14T15:02:53","slug":"zirkonium","status":"publish","type":"page","link":"https:\/\/chemuza.org\/de\/zirkonium\/","title":{"rendered":"Zirkonium"},"content":{"rendered":"<p>Zirkonium ist ein Metall, das in silikatischen Gesteinen wie Granit vorkommt. Es wurde auch in Meteoriten, der Sonne und einigen Sternen vom Typ S nachgewiesen. Dar\u00fcber hinaus ist es in rund 140 Mineralien erh\u00e4ltlich, darunter Eudialit, Baddeleyit und Kosnarit. Dann entdecken Sie seinen Ursprung, seine Eigenschaften und seine aktuelle Verwendung.<\/p>\n<h2> <strong>Was ist Zirkonium?<\/strong><\/h2>\n<p> Es ist ein grauwei\u00dfes \u00dcbergangsmetall, gl\u00e4nzend, korrosionsbest\u00e4ndig, hart und sieht stahl\u00e4hnlich aus. Im Periodensystem finden Sie es oberhalb von Hafnium und unterhalb von Titan. Es hat 4 stabile Isotope und 1 Radioisotop mit langer Halbwertszeit. Aufgrund seiner pyrophoren Natur kann es leicht Feuer fangen. Es ist jedoch nicht giftig und gilt nicht als umweltsch\u00e4dlich.<\/p>\n<h3> <strong>Zirkonium-Symbol<\/strong><\/h3>\n<p> Der metallische <span class=\"content-chemical-element\" style=\"float: left;width: 65px;height: 65px;border: 3px solid #666; display:flex;\n    justify-content: center;align-items: center;margin-right: 15px;\"><span style=\"font-size: 38px;\">Zr<\/span><\/span> -Typ geh\u00f6rt zur Gruppe 4 mit der Ordnungszahl 40 und dem Atomgewicht 91,224. Die h\u00e4ufigsten Verbindungen sind Zirkoniumcarbid, Zirkoniumoxid, Zirkoniumchlorid, Zirkon und Zirkoniumiodid.<\/p>\n<h2> <strong>Eigenschaften von Zirkonium<\/strong><\/h2>\n<p> Dieses \u00dcbergangsmetall bildet eine d\u00fcnne, kompakte und inerte Oxidschicht. Es widersteht unter anderem Korrosion durch S\u00e4uren, Laugen und Salzwasser. Legierungen mit Zink werden unterhalb von 35 K magnetisch. Erfahren Sie mehr \u00fcber ihre Besonderheiten:<\/p>\n<ul>\n<li> <strong>Chemische Reaktivit\u00e4t<\/strong> : Es ist bei hohen Temperaturen sehr reaktiv.<\/li>\n<\/ul>\n<ul>\n<li> <strong>Formbarkeit<\/strong> : Es ist duktil und bearbeitbar, weshalb es leicht zu schmieden und zu walzen ist.<\/li>\n<li> <strong>Elektrische Leitf\u00e4higkeit:<\/strong> Sie kommt selten vor, da sie nur 4 % erreicht, ist aber ein guter W\u00e4rmeleiter.<\/li>\n<li> <strong>Schmelz- und Siedepunkte<\/strong> : Sie liegen etwas h\u00f6her als die von Titan.<\/li>\n<li> <strong>Ver\u00e4nderungen<\/strong> : Bei niedrigen Temperaturen ist seine Struktur kompakt und sechseckig.<\/li>\n<li> <strong>Zustand<\/strong> : Solide.<\/li>\n<\/ul>\n<h2> <strong>Chemische und physikalische Eigenschaften von Zirkonium<\/strong><\/h2>\n<ol>\n<li> <strong>Ordnungszahl<\/strong> : 40<\/li>\n<li> <strong>Kovalenter Radius (\u00c5):<\/strong> 148 Uhr<\/li>\n<li> <strong>Durchschnittlicher Radius:<\/strong> 155h<\/li>\n<li> <strong>Atomradius:<\/strong> 206 Uhr<\/li>\n<li> <strong>Elektronegativit\u00e4t:<\/strong> 1,33<\/li>\n<li> <strong>Dichte:<\/strong> 6,501 g\/ <sup>cm3<\/sup><\/li>\n<li> <strong>Schmelzenthalpie:<\/strong> 16,9 Kj\/mol<\/li>\n<li> <strong>Schmelzpunkt:<\/strong> 2128 K<\/li>\n<li> <strong>Elektronische Konfiguration:<\/strong> [Kr36] 4d <sup>2<\/sup> 5s <sup>2<\/sup><\/li>\n<li> <strong>Kristallstruktur:<\/strong> sechseckig<\/li>\n<li> <strong>Elektrische Leitf\u00e4higkeit:<\/strong> 2,36 \u00b7 10 <sup>6<\/sup> S\/m<\/li>\n<li> <strong>Verdampfungsenthalpie:<\/strong> 58,2 kJ\/mol<\/li>\n<li> <strong>Siedepunkt:<\/strong> 4644 K<\/li>\n<li> <strong>Schallgeschwindigkeit:<\/strong> 3800 m\/s bei 293,15 K<\/li>\n<li> <strong>Dampfdruck:<\/strong> 0,00168 Pa bei 2125 K<\/li>\n<\/ol>\n<h2> <strong>Herkunft von Zirkonium<\/strong><\/h2>\n<p> Der Name Zirkonium kommt vom persischen Wort zarg\u00fan, was goldene Farbe bedeutet. Dieser wird aus einem Stein namens Zirkon oder, wie er auch genannt wird, Hyazinthe oder Jerg\u00f3n gewonnen. Es wurde 1789 vom deutschen Chemiker Martin Heinrich Klaproth aus zwei in der Antike bekannten Steinen namens Zirkon und Baddeleyit entdeckt. Die Entdeckung erfolgte bei der Untersuchung eines Gef\u00e4\u00dfes aus Ceylon im Indischen Ozean und das neue Element erhielt den Namen Zirconia.<\/p>\n<p> Sp\u00e4ter, im Jahr 1824, machte sich ein schwedischer Chemiker namens Jons Jakov Berzelius daran, es in einem unreinen Zustand mit reduziertem Kaliumfluorid und Zirkonium zu isolieren. Also mischte er Kaliumfluorid, Zirkonium und Kalium und erhitzte sie in einem Eisenrohr. Nach Behandlung mit Wasser, Trocknen und Erhitzen in verd\u00fcnnter Salzs\u00e4ure wurde ein kohle\u00e4hnliches Pulver erhalten.<\/p>\n<h2> <strong>Wof\u00fcr wird Zirkonium verwendet?<\/strong><\/h2>\n<p> Als Strukturmaterial und Brennstoffh\u00fclle in Kernreaktoren werden spezielle Legierungen mit 1,5 % Zinn verwendet. Es wird auch zur Herstellung von Porzellan, Stahl und Refraktoren verwendet. Entdecken Sie auch weitere Anwendungen:<\/p>\n<h3> <strong>Medizin<\/strong><\/h3>\n<p> Die Legierung mit anderen Elementen dient der Erh\u00f6hung der Verschlei\u00dffestigkeit der Z\u00e4hne. Dar\u00fcber hinaus werden sie zur Wiederherstellung von Z\u00e4hnen verwendet, einschlie\u00dflich Zirkonium-Veneers. Lotionen und Cremes basieren auf Zirkoniumcarbonat, das die durch den Kontakt mit Giftefeu verursachten Symptome neutralisiert.<\/p>\n<h3> <strong>Konstruktion<\/strong><\/h3>\n<p> Wir stellen feuerfeste Materialien, Porzellan, Schrauben und Muttern her, die die Eigenschaften haben, Zugkr\u00e4ften und Verschlei\u00df standzuhalten.<\/p>\n<h3> <strong>Technologie<\/strong><\/h3>\n<p> Es eignet sich zur Auskleidung von Rohren in Kernkraftwerken, da es keine Neutronen absorbiert. Dar\u00fcber hinaus wird es zusammen mit anderen Elementen bei der Entwicklung supraleitender Magnete verwendet, die f\u00fcr den Betrieb von Teilchenbeschleunigern und Ger\u00e4ten zur Durchf\u00fchrung von Resonanzen unerl\u00e4sslich sind. Zirkonoxid h\u00e4lt hohen Temperaturen stand und verzieht sich nicht und verschlei\u00dft nicht. Aus diesem Grund wird es bei der Herstellung von Mikrowellenfiltern, Keramik und Ofenauskleidungen verwendet.<\/p>\n<h3> <strong>Alltagsleben<\/strong><\/h3>\n<p> Aufgrund seiner Widerstandsf\u00e4higkeit wird es zur Herstellung ganz besonderer Scheren und Messer verwendet, die auch im Laufe der Jahre nicht an Sch\u00e4rfe verlieren. Aufgrund seiner antimikrobiellen Eigenschaften wird es tats\u00e4chlich zum Verpacken verderblicher Lebensmittel verwendet, um diese l\u00e4nger frisch zu halten. Sogar Zirkonia ist ein k\u00fcnstlicher Edelstein namens Zirkon und imitiert Diamant. Es hat eine gro\u00dfe optische Attraktivit\u00e4t und ein hohes Ma\u00df an Lichtbrechung.<\/p>\n<p> Obwohl Zirkonium in der Natur nicht nat\u00fcrlich vorkommt, ist es Bestandteil verschiedener Mineralien. Dar\u00fcber hinaus sind alle seine Legierungen sowohl in der Medizin als auch in der Industrie und im t\u00e4glichen Leben von Vorteil.<\/p>\n","protected":false},"excerpt":{"rendered":"<p>Zirkonium ist ein Metall, das in silikatischen Gesteinen wie Granit vorkommt. Es wurde auch in Meteoriten, der Sonne und einigen Sternen vom Typ S nachgewiesen. Dar\u00fcber hinaus ist es in rund 140 Mineralien erh\u00e4ltlich, darunter Eudialit, Baddeleyit und Kosnarit. Dann entdecken Sie seinen Ursprung, seine Eigenschaften und seine aktuelle Verwendung. Was ist Zirkonium? Es ist &#8230; <a title=\"Zirkonium\" class=\"read-more\" href=\"https:\/\/chemuza.org\/de\/zirkonium\/\" aria-label=\"Mehr zu Zirkonium\">Mehr lesen<\/a><\/p>\n","protected":false},"author":1,"featured_media":0,"parent":0,"menu_order":0,"comment_status":"closed","ping_status":"closed","template":"","meta":{"footnotes":""},"class_list":["post-1509","page","type-page","status-publish"],"yoast_head":"<!-- This site is optimized with the Yoast SEO plugin v21.4 - https:\/\/yoast.com\/wordpress\/plugins\/seo\/ -->\n<title>Zirkonium - Chemuza<\/title>\n<meta name=\"robots\" content=\"index, follow, max-snippet:-1, max-image-preview:large, max-video-preview:-1\" \/>\n<link rel=\"canonical\" href=\"https:\/\/chemuza.org\/de\/zirkonium\/\" \/>\n<meta property=\"og:locale\" content=\"de_DE\" \/>\n<meta property=\"og:type\" content=\"article\" \/>\n<meta property=\"og:title\" content=\"Zirkonium - Chemuza\" \/>\n<meta property=\"og:description\" content=\"Zirkonium ist ein Metall, das in silikatischen Gesteinen wie Granit vorkommt. Es wurde auch in Meteoriten, der Sonne und einigen Sternen vom Typ S nachgewiesen. Dar\u00fcber hinaus ist es in rund 140 Mineralien erh\u00e4ltlich, darunter Eudialit, Baddeleyit und Kosnarit. Dann entdecken Sie seinen Ursprung, seine Eigenschaften und seine aktuelle Verwendung. Was ist Zirkonium? Es ist ... Mehr lesen\" \/>\n<meta property=\"og:url\" content=\"https:\/\/chemuza.org\/de\/zirkonium\/\" \/>\n<meta property=\"og:site_name\" content=\"Chemuza\" \/>\n<meta name=\"twitter:card\" content=\"summary_large_image\" \/>\n<meta name=\"twitter:label1\" content=\"Gesch\u00e4tzte Lesezeit\" \/>\n\t<meta name=\"twitter:data1\" content=\"4\u00a0Minuten\" \/>\n<script type=\"application\/ld+json\" class=\"yoast-schema-graph\">{\"@context\":\"https:\/\/schema.org\",\"@graph\":[{\"@type\":\"WebPage\",\"@id\":\"https:\/\/chemuza.org\/de\/zirkonium\/\",\"url\":\"https:\/\/chemuza.org\/de\/zirkonium\/\",\"name\":\"Zirkonium - Chemuza\",\"isPartOf\":{\"@id\":\"https:\/\/chemuza.org\/de\/#website\"},\"datePublished\":\"2023-07-14T15:02:53+00:00\",\"dateModified\":\"2023-07-14T15:02:53+00:00\",\"breadcrumb\":{\"@id\":\"https:\/\/chemuza.org\/de\/zirkonium\/#breadcrumb\"},\"inLanguage\":\"de\",\"potentialAction\":[{\"@type\":\"ReadAction\",\"target\":[\"https:\/\/chemuza.org\/de\/zirkonium\/\"]}]},{\"@type\":\"BreadcrumbList\",\"@id\":\"https:\/\/chemuza.org\/de\/zirkonium\/#breadcrumb\",\"itemListElement\":[{\"@type\":\"ListItem\",\"position\":1,\"name\":\"Heim\",\"item\":\"https:\/\/chemuza.org\/de\/\"},{\"@type\":\"ListItem\",\"position\":2,\"name\":\"Zirkonium\"}]},{\"@type\":\"WebSite\",\"@id\":\"https:\/\/chemuza.org\/de\/#website\",\"url\":\"https:\/\/chemuza.org\/de\/\",\"name\":\"Chemuza\",\"description\":\"Ihr Tor zur chemischen Entdeckung\",\"publisher\":{\"@id\":\"https:\/\/chemuza.org\/de\/#organization\"},\"potentialAction\":[{\"@type\":\"SearchAction\",\"target\":{\"@type\":\"EntryPoint\",\"urlTemplate\":\"https:\/\/chemuza.org\/de\/?s={search_term_string}\"},\"query-input\":\"required name=search_term_string\"}],\"inLanguage\":\"de\"},{\"@type\":\"Organization\",\"@id\":\"https:\/\/chemuza.org\/de\/#organization\",\"name\":\"Chemuza\",\"url\":\"https:\/\/chemuza.org\/de\/\",\"logo\":{\"@type\":\"ImageObject\",\"inLanguage\":\"de\",\"@id\":\"https:\/\/chemuza.org\/de\/#\/schema\/logo\/image\/\",\"url\":\"https:\/\/chemuza.org\/de\/wp-content\/uploads\/2023\/10\/chemuza-logo.png\",\"contentUrl\":\"https:\/\/chemuza.org\/de\/wp-content\/uploads\/2023\/10\/chemuza-logo.png\",\"width\":387,\"height\":70,\"caption\":\"Chemuza\"},\"image\":{\"@id\":\"https:\/\/chemuza.org\/de\/#\/schema\/logo\/image\/\"}}]}<\/script>\n<!-- \/ Yoast SEO plugin. -->","yoast_head_json":{"title":"Zirkonium - Chemuza","robots":{"index":"index","follow":"follow","max-snippet":"max-snippet:-1","max-image-preview":"max-image-preview:large","max-video-preview":"max-video-preview:-1"},"canonical":"https:\/\/chemuza.org\/de\/zirkonium\/","og_locale":"de_DE","og_type":"article","og_title":"Zirkonium - Chemuza","og_description":"Zirkonium ist ein Metall, das in silikatischen Gesteinen wie Granit vorkommt. Es wurde auch in Meteoriten, der Sonne und einigen Sternen vom Typ S nachgewiesen. Dar\u00fcber hinaus ist es in rund 140 Mineralien erh\u00e4ltlich, darunter Eudialit, Baddeleyit und Kosnarit. Dann entdecken Sie seinen Ursprung, seine Eigenschaften und seine aktuelle Verwendung. Was ist Zirkonium? Es ist ... Mehr lesen","og_url":"https:\/\/chemuza.org\/de\/zirkonium\/","og_site_name":"Chemuza","twitter_card":"summary_large_image","twitter_misc":{"Gesch\u00e4tzte Lesezeit":"4\u00a0Minuten"},"schema":{"@context":"https:\/\/schema.org","@graph":[{"@type":"WebPage","@id":"https:\/\/chemuza.org\/de\/zirkonium\/","url":"https:\/\/chemuza.org\/de\/zirkonium\/","name":"Zirkonium - Chemuza","isPartOf":{"@id":"https:\/\/chemuza.org\/de\/#website"},"datePublished":"2023-07-14T15:02:53+00:00","dateModified":"2023-07-14T15:02:53+00:00","breadcrumb":{"@id":"https:\/\/chemuza.org\/de\/zirkonium\/#breadcrumb"},"inLanguage":"de","potentialAction":[{"@type":"ReadAction","target":["https:\/\/chemuza.org\/de\/zirkonium\/"]}]},{"@type":"BreadcrumbList","@id":"https:\/\/chemuza.org\/de\/zirkonium\/#breadcrumb","itemListElement":[{"@type":"ListItem","position":1,"name":"Heim","item":"https:\/\/chemuza.org\/de\/"},{"@type":"ListItem","position":2,"name":"Zirkonium"}]},{"@type":"WebSite","@id":"https:\/\/chemuza.org\/de\/#website","url":"https:\/\/chemuza.org\/de\/","name":"Chemuza","description":"Ihr Tor zur chemischen Entdeckung","publisher":{"@id":"https:\/\/chemuza.org\/de\/#organization"},"potentialAction":[{"@type":"SearchAction","target":{"@type":"EntryPoint","urlTemplate":"https:\/\/chemuza.org\/de\/?s={search_term_string}"},"query-input":"required name=search_term_string"}],"inLanguage":"de"},{"@type":"Organization","@id":"https:\/\/chemuza.org\/de\/#organization","name":"Chemuza","url":"https:\/\/chemuza.org\/de\/","logo":{"@type":"ImageObject","inLanguage":"de","@id":"https:\/\/chemuza.org\/de\/#\/schema\/logo\/image\/","url":"https:\/\/chemuza.org\/de\/wp-content\/uploads\/2023\/10\/chemuza-logo.png","contentUrl":"https:\/\/chemuza.org\/de\/wp-content\/uploads\/2023\/10\/chemuza-logo.png","width":387,"height":70,"caption":"Chemuza"},"image":{"@id":"https:\/\/chemuza.org\/de\/#\/schema\/logo\/image\/"}}]}},"yoast_meta":{"yoast_wpseo_title":"","yoast_wpseo_metadesc":"","yoast_wpseo_canonical":""},"_links":{"self":[{"href":"https:\/\/chemuza.org\/de\/wp-json\/wp\/v2\/pages\/1509","targetHints":{"allow":["GET"]}}],"collection":[{"href":"https:\/\/chemuza.org\/de\/wp-json\/wp\/v2\/pages"}],"about":[{"href":"https:\/\/chemuza.org\/de\/wp-json\/wp\/v2\/types\/page"}],"author":[{"embeddable":true,"href":"https:\/\/chemuza.org\/de\/wp-json\/wp\/v2\/users\/1"}],"replies":[{"embeddable":true,"href":"https:\/\/chemuza.org\/de\/wp-json\/wp\/v2\/comments?post=1509"}],"version-history":[{"count":0,"href":"https:\/\/chemuza.org\/de\/wp-json\/wp\/v2\/pages\/1509\/revisions"}],"wp:attachment":[{"href":"https:\/\/chemuza.org\/de\/wp-json\/wp\/v2\/media?parent=1509"}],"curies":[{"name":"wp","href":"https:\/\/api.w.org\/{rel}","templated":true}]}}