{"id":1508,"date":"2023-07-14T15:27:54","date_gmt":"2023-07-14T15:27:54","guid":{"rendered":"https:\/\/chemuza.org\/de\/strontium\/"},"modified":"2023-07-14T15:27:54","modified_gmt":"2023-07-14T15:27:54","slug":"strontium","status":"publish","type":"page","link":"https:\/\/chemuza.org\/de\/strontium\/","title":{"rendered":"Strontium"},"content":{"rendered":"<p>Strontium ist eines der Metalle, die in seinem nat\u00fcrlichen Zustand auf der Erde in den geringsten Anteilen vorkommen. Es kommt h\u00e4ufiger vor, dass es als Verbindungen in Gesteinen, im Wasser, im Boden und sogar in Pulverform in der Luft vorkommt. Entdecken Sie einige seiner interessanten Anwendungen und die Rolle, die es im menschlichen K\u00f6rper spielt.<\/p>\n<h2> <strong>Was ist Strontium?<\/strong><\/h2>\n<p> Als chemisches Element ist es ein Erdalkalimetall des Periodensystems, von leuchtend silberner Farbe, weich, nicht sehr formbar und oxidiert leicht an der Luft. Dar\u00fcber hinaus hat es die Ordnungszahl 38 und ist in seinem gew\u00f6hnlichen Zustand eines der am wenigsten vorkommenden Erdalkalimetalle in der Natur.<\/p>\n<p> <strong>Strontium-Symbol<\/strong><\/p>\n<p> <span class=\"content-chemical-element\" style=\"float: left;width: 65px;height: 65px;border: 3px solid #666; display:flex;\n    justify-content: center;align-items: center;margin-right: 15px;\"><span style=\"font-size: 38px;\">Sr.<\/span><\/span> Sein Name stammt von einer schottischen Stadt namens Strontian, wo dieses Mineral gefunden wurde. Zu Ehren der besagten Stadt erhielt es den Namen Strontianite. Sp\u00e4ter, als es als chemisches Element entdeckt wurde, wurde es Strontium genannt.<\/p>\n<h2> <strong>Eigenschaften von Strontium<\/strong><\/h2>\n<p> Strontium ist im Periodensystem ein zweiwertiges Element oder eines, dessen Verbindungen zwei Wertigkeiten aufweisen. Es ist ein Salzmittel in einem geringeren Anteil als Kalzium. Wenn es in St\u00fccke gebrochen wird, oxidiert es au\u00dferdem durch die Anwesenheit von Luft und \u00e4ndert seinen Farbton in Gelb. Weitere Funktionen werden im Folgenden beschrieben:<\/p>\n<ul>\n<li> <strong>Zustand<\/strong> : Fest, aber da es salzig ist, liegt es in Pulverform vor.<\/li>\n<li> <strong>Farbe<\/strong> : Gl\u00e4nzendes Silber.<\/li>\n<li> <strong>Geschmack und Geruch<\/strong> : Es ist salzig und bitter, ohne einen charakteristischen Geruch zu haben.<\/li>\n<li> <strong>Allotropie:<\/strong> bildet drei allotrope Zust\u00e4nde <strong>.<\/strong><\/li>\n<li> <strong>Toxizit\u00e4t<\/strong> : Es ist gering, aber wenn es Verbindungen bildet, ist es sehr giftig, wie es bei Strontiumchromat der Fall ist.<\/li>\n<li> <strong>Reaktivit\u00e4t<\/strong> : Hoch, bei Kontakt mit Wasser reagiert es heftig und setzt Wasserstoff frei. In Pulverform ist es sehr fl\u00fcchtig, da es an der Luft entflammbar ist und purpurrote Salze bildet.<\/li>\n<li> <strong>Struktur<\/strong> : Kubisch an den Seiten.<\/li>\n<li> <strong>L\u00f6slichkeit<\/strong> : Abh\u00e4ngig von der Verbindung, die es bildet, ist es l\u00f6slich oder unl\u00f6slich.<\/li>\n<\/ul>\n<h2> <strong>Chemische und physikalische Eigenschaften von Strontium<\/strong><\/h2>\n<ol>\n<li> <strong>Ordnungszahl<\/strong> : 38<\/li>\n<li> <strong>Zeitraum<\/strong> : 5<\/li>\n<li> <strong>Block<\/strong> : S<\/li>\n<li> <strong>Gruppe<\/strong> : 2<\/li>\n<li> <strong>Oxidationsstufe<\/strong> : 2<\/li>\n<li> <strong>Kovalenter Radius (\u00c5):<\/strong> 195<strong> <\/strong>Nachmittag<\/li>\n<li> <strong>Durchschnittliches Radio:<\/strong> 22:30 Uhr<\/li>\n<li> <strong>Atommasse (g\/mol):<\/strong> 87,62 u<\/li>\n<li> <strong>Dichte:<\/strong> 2630 kg\/m\u00b3<\/li>\n<li> <strong>Siedepunkt:<\/strong> 1382\u00b0C<\/li>\n<li> <strong>Schmelzpunkt:<\/strong> 777<strong> <\/strong>\u00b0C<\/li>\n<li> <strong>Atomradius:<\/strong> 219 Uhr<\/li>\n<li> <strong>W\u00e4rmeleitf\u00e4higkeit:<\/strong> 35,3 W\/(Km)<\/li>\n<li> <strong>Erstes Ionisationspotential<\/strong> (eV): 5,73<\/li>\n<li> <strong>Elektronische Konfiguration:<\/strong> [Kr] 5 s\u00b2<\/li>\n<li> <strong>Elektronen pro Schale:<\/strong> 2, 8, 18, 8, 2<\/li>\n<li> <strong>Elektronegativit\u00e4t:<\/strong> 0,95<\/li>\n<li> <strong>Spezifische W\u00e4rme:<\/strong> 300 J \/ (K kg)<\/li>\n<\/ol>\n<h2> <strong>Ursprung von Strontium<\/strong><\/h2>\n<p> Die Geschichte von Strontium reicht bis ins Jahr 1790 zur\u00fcck, als Adair Crawford es als Mineral in den Bleiminen von Strontium, Schottland, entdeckte. Dann, im Jahr 1798, fanden die Chemiker Klaproth und Hope es in seinem nat\u00fcrlichen Zustand. Im Jahr 1808 war es jedoch Humphry Davy, der es durch Elektrolyse von Strontiumchlorid und Quecksilberoxid isolierte und ein reines Metall erhielt, das er als chemisches Element einstufte.<\/p>\n<h2> <strong>Wof\u00fcr wird Strontium verwendet?<\/strong><\/h2>\n<p> Es wird zur Herstellung von Legierungen mit anderen Metallen verwendet. Es wird als Zinkraffinierer bei der Entfernung von Blei verwendet, wodurch reine Verbindungen erhalten werden. Die 4 anderen Anwendungen des Elements sind:<\/p>\n<ul>\n<li> Pyrotechnik: Aufgrund seiner Entflammbarkeit in der Luft wird es zur Herstellung von Feuern und Wunderkerzen verwendet.<\/li>\n<li> Keramik: Verbindungen dieses Elements werden bei der Herstellung von Keramik, Glas und Leuchtstofflampen verwendet.<\/li>\n<li> Medikamente: Es wird in Behandlungen wie Radiomedikamenten gegen Krebs und Osteoporose eingesetzt.<\/li>\n<li> Magnete: Seine Verbindungen werden bei der Herstellung von Ferritmagneten verwendet.<\/li>\n<li> Goldschmiedekunst: Strontiumtitanat wird aufgrund seiner hohen Lichtbrechung als Edelstein verwendet.<\/li>\n<\/ul>\n<h2> <strong>Wo kommt Strontium vor?<\/strong><\/h2>\n<p> Es kommt in der Erdkruste in Form von Coelestin und Strontianit vor, in reinem Zustand kommt es selten vor. Dar\u00fcber hinaus wird es geografisch aus Minen in Mexiko, der T\u00fcrkei, dem Vereinigten K\u00f6nigreich und Spanien gewonnen, also L\u00e4ndern, die jedes Jahr etwa 14.000 Tonnen dieses Elements exportieren. Anschlie\u00dfend wird das Metall durch Elektrolyse von Kaliumchlorid und Reduktion von Strontiumoxid mit Aluminium im Vakuum gewonnen.<\/p>\n<h2> <strong>Strontium im menschlichen K\u00f6rper<\/strong><\/h2>\n<p> Dieses Element gelangt durch den Kontakt mit der Haut in den K\u00f6rper und gelangt nach und nach in den Blutkreislauf. Dort verteilt es sich leicht in die Zellen. Sein Verhalten im K\u00f6rper \u00e4hnelt dem von Kalzium, da es bei Erwachsenen im oberfl\u00e4chlichen Teil der Knochen haftet. Bei Kindern hat es jedoch die Funktion, das Knochenwachstum zu f\u00f6rdern.<\/p>\n<p> Zusammenfassend l\u00e4sst sich sagen, dass sich dieses Erdalkalimetall durch seine Toxizit\u00e4t und chemische Reaktivit\u00e4t auszeichnet. Im Vergleich zu anderen Alkalien ist es selten in seinem nat\u00fcrlichen Zustand zu finden, au\u00dfer in Form von Verbindungen wie Celestine und Strontianit. Es spielt im menschlichen K\u00f6rper eine grundlegende Rolle bei der Bildung gesunder Knochen.<\/p>\n","protected":false},"excerpt":{"rendered":"<p>Strontium ist eines der Metalle, die in seinem nat\u00fcrlichen Zustand auf der Erde in den geringsten Anteilen vorkommen. Es kommt h\u00e4ufiger vor, dass es als Verbindungen in Gesteinen, im Wasser, im Boden und sogar in Pulverform in der Luft vorkommt. Entdecken Sie einige seiner interessanten Anwendungen und die Rolle, die es im menschlichen K\u00f6rper spielt. &#8230; <a title=\"Strontium\" class=\"read-more\" href=\"https:\/\/chemuza.org\/de\/strontium\/\" aria-label=\"Mehr zu Strontium\">Mehr lesen<\/a><\/p>\n","protected":false},"author":1,"featured_media":0,"parent":0,"menu_order":0,"comment_status":"closed","ping_status":"closed","template":"","meta":{"footnotes":""},"class_list":["post-1508","page","type-page","status-publish"],"yoast_head":"<!-- This site is optimized with the Yoast SEO plugin v21.4 - https:\/\/yoast.com\/wordpress\/plugins\/seo\/ -->\n<title>Strontium - Chemuza<\/title>\n<meta name=\"robots\" content=\"index, follow, max-snippet:-1, max-image-preview:large, max-video-preview:-1\" \/>\n<link rel=\"canonical\" href=\"https:\/\/chemuza.org\/de\/strontium\/\" \/>\n<meta property=\"og:locale\" content=\"de_DE\" \/>\n<meta property=\"og:type\" content=\"article\" \/>\n<meta property=\"og:title\" content=\"Strontium - Chemuza\" \/>\n<meta property=\"og:description\" content=\"Strontium ist eines der Metalle, die in seinem nat\u00fcrlichen Zustand auf der Erde in den geringsten Anteilen vorkommen. Es kommt h\u00e4ufiger vor, dass es als Verbindungen in Gesteinen, im Wasser, im Boden und sogar in Pulverform in der Luft vorkommt. Entdecken Sie einige seiner interessanten Anwendungen und die Rolle, die es im menschlichen K\u00f6rper spielt. ... Mehr lesen\" \/>\n<meta property=\"og:url\" content=\"https:\/\/chemuza.org\/de\/strontium\/\" \/>\n<meta property=\"og:site_name\" content=\"Chemuza\" \/>\n<meta name=\"twitter:card\" content=\"summary_large_image\" \/>\n<meta name=\"twitter:label1\" content=\"Gesch\u00e4tzte Lesezeit\" \/>\n\t<meta name=\"twitter:data1\" content=\"4\u00a0Minuten\" \/>\n<script type=\"application\/ld+json\" class=\"yoast-schema-graph\">{\"@context\":\"https:\/\/schema.org\",\"@graph\":[{\"@type\":\"WebPage\",\"@id\":\"https:\/\/chemuza.org\/de\/strontium\/\",\"url\":\"https:\/\/chemuza.org\/de\/strontium\/\",\"name\":\"Strontium - Chemuza\",\"isPartOf\":{\"@id\":\"https:\/\/chemuza.org\/de\/#website\"},\"datePublished\":\"2023-07-14T15:27:54+00:00\",\"dateModified\":\"2023-07-14T15:27:54+00:00\",\"breadcrumb\":{\"@id\":\"https:\/\/chemuza.org\/de\/strontium\/#breadcrumb\"},\"inLanguage\":\"de\",\"potentialAction\":[{\"@type\":\"ReadAction\",\"target\":[\"https:\/\/chemuza.org\/de\/strontium\/\"]}]},{\"@type\":\"BreadcrumbList\",\"@id\":\"https:\/\/chemuza.org\/de\/strontium\/#breadcrumb\",\"itemListElement\":[{\"@type\":\"ListItem\",\"position\":1,\"name\":\"Heim\",\"item\":\"https:\/\/chemuza.org\/de\/\"},{\"@type\":\"ListItem\",\"position\":2,\"name\":\"Strontium\"}]},{\"@type\":\"WebSite\",\"@id\":\"https:\/\/chemuza.org\/de\/#website\",\"url\":\"https:\/\/chemuza.org\/de\/\",\"name\":\"Chemuza\",\"description\":\"Ihr Tor zur chemischen Entdeckung\",\"publisher\":{\"@id\":\"https:\/\/chemuza.org\/de\/#organization\"},\"potentialAction\":[{\"@type\":\"SearchAction\",\"target\":{\"@type\":\"EntryPoint\",\"urlTemplate\":\"https:\/\/chemuza.org\/de\/?s={search_term_string}\"},\"query-input\":\"required name=search_term_string\"}],\"inLanguage\":\"de\"},{\"@type\":\"Organization\",\"@id\":\"https:\/\/chemuza.org\/de\/#organization\",\"name\":\"Chemuza\",\"url\":\"https:\/\/chemuza.org\/de\/\",\"logo\":{\"@type\":\"ImageObject\",\"inLanguage\":\"de\",\"@id\":\"https:\/\/chemuza.org\/de\/#\/schema\/logo\/image\/\",\"url\":\"https:\/\/chemuza.org\/de\/wp-content\/uploads\/2023\/10\/chemuza-logo.png\",\"contentUrl\":\"https:\/\/chemuza.org\/de\/wp-content\/uploads\/2023\/10\/chemuza-logo.png\",\"width\":387,\"height\":70,\"caption\":\"Chemuza\"},\"image\":{\"@id\":\"https:\/\/chemuza.org\/de\/#\/schema\/logo\/image\/\"}}]}<\/script>\n<!-- \/ Yoast SEO plugin. -->","yoast_head_json":{"title":"Strontium - Chemuza","robots":{"index":"index","follow":"follow","max-snippet":"max-snippet:-1","max-image-preview":"max-image-preview:large","max-video-preview":"max-video-preview:-1"},"canonical":"https:\/\/chemuza.org\/de\/strontium\/","og_locale":"de_DE","og_type":"article","og_title":"Strontium - Chemuza","og_description":"Strontium ist eines der Metalle, die in seinem nat\u00fcrlichen Zustand auf der Erde in den geringsten Anteilen vorkommen. Es kommt h\u00e4ufiger vor, dass es als Verbindungen in Gesteinen, im Wasser, im Boden und sogar in Pulverform in der Luft vorkommt. Entdecken Sie einige seiner interessanten Anwendungen und die Rolle, die es im menschlichen K\u00f6rper spielt. ... Mehr lesen","og_url":"https:\/\/chemuza.org\/de\/strontium\/","og_site_name":"Chemuza","twitter_card":"summary_large_image","twitter_misc":{"Gesch\u00e4tzte Lesezeit":"4\u00a0Minuten"},"schema":{"@context":"https:\/\/schema.org","@graph":[{"@type":"WebPage","@id":"https:\/\/chemuza.org\/de\/strontium\/","url":"https:\/\/chemuza.org\/de\/strontium\/","name":"Strontium - Chemuza","isPartOf":{"@id":"https:\/\/chemuza.org\/de\/#website"},"datePublished":"2023-07-14T15:27:54+00:00","dateModified":"2023-07-14T15:27:54+00:00","breadcrumb":{"@id":"https:\/\/chemuza.org\/de\/strontium\/#breadcrumb"},"inLanguage":"de","potentialAction":[{"@type":"ReadAction","target":["https:\/\/chemuza.org\/de\/strontium\/"]}]},{"@type":"BreadcrumbList","@id":"https:\/\/chemuza.org\/de\/strontium\/#breadcrumb","itemListElement":[{"@type":"ListItem","position":1,"name":"Heim","item":"https:\/\/chemuza.org\/de\/"},{"@type":"ListItem","position":2,"name":"Strontium"}]},{"@type":"WebSite","@id":"https:\/\/chemuza.org\/de\/#website","url":"https:\/\/chemuza.org\/de\/","name":"Chemuza","description":"Ihr Tor zur chemischen Entdeckung","publisher":{"@id":"https:\/\/chemuza.org\/de\/#organization"},"potentialAction":[{"@type":"SearchAction","target":{"@type":"EntryPoint","urlTemplate":"https:\/\/chemuza.org\/de\/?s={search_term_string}"},"query-input":"required name=search_term_string"}],"inLanguage":"de"},{"@type":"Organization","@id":"https:\/\/chemuza.org\/de\/#organization","name":"Chemuza","url":"https:\/\/chemuza.org\/de\/","logo":{"@type":"ImageObject","inLanguage":"de","@id":"https:\/\/chemuza.org\/de\/#\/schema\/logo\/image\/","url":"https:\/\/chemuza.org\/de\/wp-content\/uploads\/2023\/10\/chemuza-logo.png","contentUrl":"https:\/\/chemuza.org\/de\/wp-content\/uploads\/2023\/10\/chemuza-logo.png","width":387,"height":70,"caption":"Chemuza"},"image":{"@id":"https:\/\/chemuza.org\/de\/#\/schema\/logo\/image\/"}}]}},"yoast_meta":{"yoast_wpseo_title":"","yoast_wpseo_metadesc":"","yoast_wpseo_canonical":""},"_links":{"self":[{"href":"https:\/\/chemuza.org\/de\/wp-json\/wp\/v2\/pages\/1508","targetHints":{"allow":["GET"]}}],"collection":[{"href":"https:\/\/chemuza.org\/de\/wp-json\/wp\/v2\/pages"}],"about":[{"href":"https:\/\/chemuza.org\/de\/wp-json\/wp\/v2\/types\/page"}],"author":[{"embeddable":true,"href":"https:\/\/chemuza.org\/de\/wp-json\/wp\/v2\/users\/1"}],"replies":[{"embeddable":true,"href":"https:\/\/chemuza.org\/de\/wp-json\/wp\/v2\/comments?post=1508"}],"version-history":[{"count":0,"href":"https:\/\/chemuza.org\/de\/wp-json\/wp\/v2\/pages\/1508\/revisions"}],"wp:attachment":[{"href":"https:\/\/chemuza.org\/de\/wp-json\/wp\/v2\/media?parent=1508"}],"curies":[{"name":"wp","href":"https:\/\/api.w.org\/{rel}","templated":true}]}}