{"id":1507,"date":"2023-07-14T15:43:12","date_gmt":"2023-07-14T15:43:12","guid":{"rendered":"https:\/\/chemuza.org\/de\/rubidium\/"},"modified":"2023-07-14T15:43:12","modified_gmt":"2023-07-14T15:43:12","slug":"rubidium","status":"publish","type":"page","link":"https:\/\/chemuza.org\/de\/rubidium\/","title":{"rendered":"Rubidium"},"content":{"rendered":"<p>Rubidium ist eines der in der Umwelt am h\u00e4ufigsten vorkommenden Elemente, genauer gesagt in der Erdkruste, wo es in Form von Oxiden anf\u00e4llt und in Mineralien wie Leucit, Pollucit und Zinwaldit umgewandelt wird. Es kommt auch in bestimmten Gesteinsarten wie Ton, Basalt oder Granit vor. Erfahren Sie mehr \u00fcber dieses Element, das Ihnen die Natur bietet.<\/p>\n<h2> <strong>Was ist Rubidium?<\/strong><\/h2>\n<p> Es ist eines der Alkalimetalle im Periodensystem, silberwei\u00df, weich und leicht. An der Luft kann es spontan mit gelblich-violetter Flamme brennen. Dar\u00fcber hinaus kann es mit Wasser oder Eis heftig reagieren und dabei Wasserstoff und Wasserstoffgas erzeugen. Dar\u00fcber hinaus verf\u00fcgt es auf der externen Energieebene \u00fcber ein Elektron, das verloren gehen kann, da es eine niedrige Ionisierungsenergie und eine geringe Elektronenaffinit\u00e4t aufweist.<\/p>\n<h3> <strong>Rubidium-Symbol<\/strong><\/h3>\n<p> <span class=\"content-chemical-element\" style=\"float: left;width: 65px;height: 65px;border: 3px solid #666; display:flex;\n    justify-content: center;align-items: center;margin-right: 15px;\"><span style=\"font-size: 38px;\">Rb<\/span><\/span> Sein Platz im Periodensystem ist die erste Gruppe mit einem Atomgewicht von 85,47 und einer Ordnungszahl von 37. Es ist reaktiv und hat einen relativ niedrigen Schmelzpunkt. Von diesem Metall sind 24 Isotope bekannt und in der Natur kommen nur zwei vor, n\u00e4mlich Rubidium 85 und Rb-87, die radioaktiv sind.<\/p>\n<h2> <strong>Eigenschaften von Rubidium<\/strong><\/h2>\n<p> Suchen Sie dieses Metall im Periodensystem in der ersten Spalte neben Natrium, Lithium und Kalium. Vom Aussehen her ist es sanft und tr\u00e4gt tats\u00e4chlich zum Stoffwechsel verschiedener Lebewesen bei. Die anderen Eigenschaften dieses alkalischen Elements sind:<\/p>\n<ul>\n<li> <strong>Chemische Reaktivit\u00e4t<\/strong> : Es ist sehr reaktiv, da es mit Luft, Wasser oder Eis brennen kann. Schon bei Temperaturen unter -100\u00b0C reagiert es heftig.<\/li>\n<li> <strong>Zustand<\/strong> : Solide.<\/li>\n<li> <strong>Dichte<\/strong> : Im Gegensatz zu anderen Metallen hat es eine gr\u00f6\u00dfere Dichte als Wasser und kann sinken.<\/li>\n<li> <strong>Temperatur<\/strong> : Bei Raumtemperatur wird es leicht fl\u00fcssig.<\/li>\n<\/ul>\n<h2> <strong>Chemische und physikalische Eigenschaften von Rubidium<\/strong><\/h2>\n<ol>\n<li> <strong>Ordnungszahl<\/strong> : 27<\/li>\n<li> <strong>Zeitraum:<\/strong> 5<\/li>\n<li> <strong>Block:<\/strong> s<\/li>\n<li> <strong>Kovalenter Radius (\u00c5):<\/strong> 211<\/li>\n<li> <strong>Valencia:<\/strong> 1<\/li>\n<li> <strong>Dichte:<\/strong> 1532 kg\/m\u00b3<\/li>\n<li> <strong>Atomradius:<\/strong> 265<\/li>\n<li> <strong>Elektronegativit\u00e4t:<\/strong> 0,82<\/li>\n<li> <strong>Atommasse (g\/mol):<\/strong> 85,4678<\/li>\n<li> <strong>Oxidationsstufe:<\/strong> +1<\/li>\n<li> <strong>Schmelzpunkt:<\/strong> 312,46<\/li>\n<li> <strong>Siedepunkt:<\/strong> 961<\/li>\n<li> <strong>Verdampfungsenthalpie:<\/strong> 72.216 kJ\/mol<\/li>\n<li> <strong>Schmelzenthalpie:<\/strong> 2,192 Kj\/mol<\/li>\n<li> <strong>Schallgeschwindigkeit:<\/strong> 1300 m\/s bei 293,15 K<\/li>\n<li> <strong>Dampfdruck:<\/strong> 1,56 \u00b7 10 <sup>-4<\/sup> Pa bei 312,6 K<\/li>\n<li> <strong>Elektronische Konfiguration:<\/strong> [Kr] 5s <sup>1<\/sup><\/li>\n<li> <strong>Erstes Ionisationspotential:<\/strong> 4,19<\/li>\n<\/ol>\n<h2> <strong>Ursprung von Rubidium<\/strong><\/h2>\n<p> Es wurde 1861 in Deutschland vom Physiker Gustav Kirchhoff und dem Chemiker Robert Bunsen entdeckt, als sie andere Mineralien mit einem Instrument analysierten. Als n\u00e4chstes unterschieden sie zwei Linien intensiver roter Farbe im Lepidolit, ein gemeinsames Merkmal von Rubidium. Aus diesem Grund gaben sie ihm den Namen <em>rubidius<\/em> , der von einem lateinischen Wort stammt, dessen Bedeutung dunkelrot ist.<\/p>\n<h2> <strong>Wof\u00fcr wird Rubidium verwendet?<\/strong><\/h2>\n<p> Die Verwendung dieses Metalls in Ionenmotoren f\u00fcr die Luft- und Raumfahrtindustrie wurde untersucht, da es leicht ionisiert werden kann. Dar\u00fcber hinaus wird es in Feuerwerksk\u00f6rpern verwendet, um ihm die violette Farbe zu verleihen. Dar\u00fcber hinaus gibt es noch andere Verwendungsm\u00f6glichkeiten:<\/p>\n<h3> <strong>biochemische Industrien<\/strong><strong><\/strong><\/h3>\n<p> Rubidiumchlorid ist n\u00fctzlich zur Stimulierung von Zellen und zum Einfangen von Desoxyribonukleins\u00e4ure. Dar\u00fcber hinaus kann es als Biomarker dabei helfen, Kalium zu ersetzen und den pH-Wert von Tumorzellen zu erh\u00f6hen, was einen Vorteil im Kampf gegen b\u00f6sartige Tumoren darstellt.<\/p>\n<h3> <strong>Medizin<\/strong><\/h3>\n<p> Alle Rubidium-Isotope sind in der Medizin n\u00fctzlich, da sie zur Anreicherung von Bildern, zur Lokalisierung von Hirntumoren und zur Beurteilung des Herzens adip\u00f6ser Patienten beitragen. Ebenso ist es wirksam bei der Behandlung von Epilepsie, der Positronenemissionstomographie und zur Trennung von Viren und Nukleins\u00e4uren durch Ultrazentrifugation. Es wird sogar behauptet, dass es als Medikament gegen Depressionen wirksam sein k\u00f6nnte.<\/p>\n<h3> <strong>Technologie<\/strong><\/h3>\n<p> Sein Einsatz in der Lasertechnologie tr\u00e4gt zur K\u00fchlung molekularer und atomarer Strukturen bei. Dar\u00fcber hinaus ist es in Vakuumr\u00f6hren in der Lage, Spuren gasf\u00f6rmiger R\u00fcckst\u00e4nde einzufangen. Es wird zur Herstellung spezieller Kristalle in der Telekommunikationsindustrie verwendet. Rubidium-Atomuhren werden auch hergestellt und in GPS-Navigationssystemen, Radiosendern, Fernsehger\u00e4ten und Mobiltelefonen verwendet.<\/p>\n<h2> <strong>In welchen Lebensmitteln kommt Rubidium vor?<\/strong><\/h2>\n<p> Dieses Mineral ist ein Spurenelement mit wichtigen ern\u00e4hrungsphysiologischen Eigenschaften. Dar\u00fcber hinaus ist es f\u00fcr den Menschen nicht giftig und kommt in bestimmten g\u00e4ngigen Lebensmitteln wie schwarzem Tee und Kaffee in guten Mengen vor. Dar\u00fcber hinaus finden Sie weitere Quellen, in denen Sie es finden:<\/p>\n<ul>\n<li> Nuss.<\/li>\n<li> Soja.<\/li>\n<li> Gem\u00fcse wie Spargel.<\/li>\n<li> Orangen, Gartentomaten und Kokosnuss.<\/li>\n<li> Huhn und Fisch.<\/li>\n<\/ul>\n<p> Zusammenfassend l\u00e4sst sich sagen, dass Rubidium ein Mineral ist, das im Periodensystem als \u00dcbergangsmetall bezeichnet wird. Aufgrund seiner Reaktivit\u00e4t kommt es in der Natur als Chlorid oder Oxid zusammen mit anderen Anionen und sogar in Kohlenstoffablagerungen vor. Bestimmte moderne Anwendungen stechen hervor, im medizinischen Bereich zur Diagnose von Tumoren und im technologischen Bereich. Schlie\u00dflich ist es leicht in verschiedenen Lebensmitteln erh\u00e4ltlich, da es ungiftig ist.<\/p>\n","protected":false},"excerpt":{"rendered":"<p>Rubidium ist eines der in der Umwelt am h\u00e4ufigsten vorkommenden Elemente, genauer gesagt in der Erdkruste, wo es in Form von Oxiden anf\u00e4llt und in Mineralien wie Leucit, Pollucit und Zinwaldit umgewandelt wird. Es kommt auch in bestimmten Gesteinsarten wie Ton, Basalt oder Granit vor. Erfahren Sie mehr \u00fcber dieses Element, das Ihnen die Natur &#8230; <a title=\"Rubidium\" class=\"read-more\" href=\"https:\/\/chemuza.org\/de\/rubidium\/\" aria-label=\"Mehr zu Rubidium\">Mehr lesen<\/a><\/p>\n","protected":false},"author":1,"featured_media":0,"parent":0,"menu_order":0,"comment_status":"closed","ping_status":"closed","template":"","meta":{"footnotes":""},"class_list":["post-1507","page","type-page","status-publish"],"yoast_head":"<!-- This site is optimized with the Yoast SEO plugin v21.4 - https:\/\/yoast.com\/wordpress\/plugins\/seo\/ -->\n<title>Rubidium - Chemuza<\/title>\n<meta name=\"robots\" content=\"index, follow, max-snippet:-1, max-image-preview:large, max-video-preview:-1\" \/>\n<link rel=\"canonical\" href=\"https:\/\/chemuza.org\/de\/rubidium\/\" \/>\n<meta property=\"og:locale\" content=\"de_DE\" \/>\n<meta property=\"og:type\" content=\"article\" \/>\n<meta property=\"og:title\" content=\"Rubidium - Chemuza\" \/>\n<meta property=\"og:description\" content=\"Rubidium ist eines der in der Umwelt am h\u00e4ufigsten vorkommenden Elemente, genauer gesagt in der Erdkruste, wo es in Form von Oxiden anf\u00e4llt und in Mineralien wie Leucit, Pollucit und Zinwaldit umgewandelt wird. Es kommt auch in bestimmten Gesteinsarten wie Ton, Basalt oder Granit vor. Erfahren Sie mehr \u00fcber dieses Element, das Ihnen die Natur ... Mehr lesen\" \/>\n<meta property=\"og:url\" content=\"https:\/\/chemuza.org\/de\/rubidium\/\" \/>\n<meta property=\"og:site_name\" content=\"Chemuza\" \/>\n<meta name=\"twitter:card\" content=\"summary_large_image\" \/>\n<meta name=\"twitter:label1\" content=\"Gesch\u00e4tzte Lesezeit\" \/>\n\t<meta name=\"twitter:data1\" content=\"4\u00a0Minuten\" \/>\n<script type=\"application\/ld+json\" class=\"yoast-schema-graph\">{\"@context\":\"https:\/\/schema.org\",\"@graph\":[{\"@type\":\"WebPage\",\"@id\":\"https:\/\/chemuza.org\/de\/rubidium\/\",\"url\":\"https:\/\/chemuza.org\/de\/rubidium\/\",\"name\":\"Rubidium - Chemuza\",\"isPartOf\":{\"@id\":\"https:\/\/chemuza.org\/de\/#website\"},\"datePublished\":\"2023-07-14T15:43:12+00:00\",\"dateModified\":\"2023-07-14T15:43:12+00:00\",\"breadcrumb\":{\"@id\":\"https:\/\/chemuza.org\/de\/rubidium\/#breadcrumb\"},\"inLanguage\":\"de\",\"potentialAction\":[{\"@type\":\"ReadAction\",\"target\":[\"https:\/\/chemuza.org\/de\/rubidium\/\"]}]},{\"@type\":\"BreadcrumbList\",\"@id\":\"https:\/\/chemuza.org\/de\/rubidium\/#breadcrumb\",\"itemListElement\":[{\"@type\":\"ListItem\",\"position\":1,\"name\":\"Heim\",\"item\":\"https:\/\/chemuza.org\/de\/\"},{\"@type\":\"ListItem\",\"position\":2,\"name\":\"Rubidium\"}]},{\"@type\":\"WebSite\",\"@id\":\"https:\/\/chemuza.org\/de\/#website\",\"url\":\"https:\/\/chemuza.org\/de\/\",\"name\":\"Chemuza\",\"description\":\"Ihr Tor zur chemischen Entdeckung\",\"publisher\":{\"@id\":\"https:\/\/chemuza.org\/de\/#organization\"},\"potentialAction\":[{\"@type\":\"SearchAction\",\"target\":{\"@type\":\"EntryPoint\",\"urlTemplate\":\"https:\/\/chemuza.org\/de\/?s={search_term_string}\"},\"query-input\":\"required name=search_term_string\"}],\"inLanguage\":\"de\"},{\"@type\":\"Organization\",\"@id\":\"https:\/\/chemuza.org\/de\/#organization\",\"name\":\"Chemuza\",\"url\":\"https:\/\/chemuza.org\/de\/\",\"logo\":{\"@type\":\"ImageObject\",\"inLanguage\":\"de\",\"@id\":\"https:\/\/chemuza.org\/de\/#\/schema\/logo\/image\/\",\"url\":\"https:\/\/chemuza.org\/de\/wp-content\/uploads\/2023\/10\/chemuza-logo.png\",\"contentUrl\":\"https:\/\/chemuza.org\/de\/wp-content\/uploads\/2023\/10\/chemuza-logo.png\",\"width\":387,\"height\":70,\"caption\":\"Chemuza\"},\"image\":{\"@id\":\"https:\/\/chemuza.org\/de\/#\/schema\/logo\/image\/\"}}]}<\/script>\n<!-- \/ Yoast SEO plugin. -->","yoast_head_json":{"title":"Rubidium - Chemuza","robots":{"index":"index","follow":"follow","max-snippet":"max-snippet:-1","max-image-preview":"max-image-preview:large","max-video-preview":"max-video-preview:-1"},"canonical":"https:\/\/chemuza.org\/de\/rubidium\/","og_locale":"de_DE","og_type":"article","og_title":"Rubidium - Chemuza","og_description":"Rubidium ist eines der in der Umwelt am h\u00e4ufigsten vorkommenden Elemente, genauer gesagt in der Erdkruste, wo es in Form von Oxiden anf\u00e4llt und in Mineralien wie Leucit, Pollucit und Zinwaldit umgewandelt wird. Es kommt auch in bestimmten Gesteinsarten wie Ton, Basalt oder Granit vor. Erfahren Sie mehr \u00fcber dieses Element, das Ihnen die Natur ... Mehr lesen","og_url":"https:\/\/chemuza.org\/de\/rubidium\/","og_site_name":"Chemuza","twitter_card":"summary_large_image","twitter_misc":{"Gesch\u00e4tzte Lesezeit":"4\u00a0Minuten"},"schema":{"@context":"https:\/\/schema.org","@graph":[{"@type":"WebPage","@id":"https:\/\/chemuza.org\/de\/rubidium\/","url":"https:\/\/chemuza.org\/de\/rubidium\/","name":"Rubidium - Chemuza","isPartOf":{"@id":"https:\/\/chemuza.org\/de\/#website"},"datePublished":"2023-07-14T15:43:12+00:00","dateModified":"2023-07-14T15:43:12+00:00","breadcrumb":{"@id":"https:\/\/chemuza.org\/de\/rubidium\/#breadcrumb"},"inLanguage":"de","potentialAction":[{"@type":"ReadAction","target":["https:\/\/chemuza.org\/de\/rubidium\/"]}]},{"@type":"BreadcrumbList","@id":"https:\/\/chemuza.org\/de\/rubidium\/#breadcrumb","itemListElement":[{"@type":"ListItem","position":1,"name":"Heim","item":"https:\/\/chemuza.org\/de\/"},{"@type":"ListItem","position":2,"name":"Rubidium"}]},{"@type":"WebSite","@id":"https:\/\/chemuza.org\/de\/#website","url":"https:\/\/chemuza.org\/de\/","name":"Chemuza","description":"Ihr Tor zur chemischen Entdeckung","publisher":{"@id":"https:\/\/chemuza.org\/de\/#organization"},"potentialAction":[{"@type":"SearchAction","target":{"@type":"EntryPoint","urlTemplate":"https:\/\/chemuza.org\/de\/?s={search_term_string}"},"query-input":"required name=search_term_string"}],"inLanguage":"de"},{"@type":"Organization","@id":"https:\/\/chemuza.org\/de\/#organization","name":"Chemuza","url":"https:\/\/chemuza.org\/de\/","logo":{"@type":"ImageObject","inLanguage":"de","@id":"https:\/\/chemuza.org\/de\/#\/schema\/logo\/image\/","url":"https:\/\/chemuza.org\/de\/wp-content\/uploads\/2023\/10\/chemuza-logo.png","contentUrl":"https:\/\/chemuza.org\/de\/wp-content\/uploads\/2023\/10\/chemuza-logo.png","width":387,"height":70,"caption":"Chemuza"},"image":{"@id":"https:\/\/chemuza.org\/de\/#\/schema\/logo\/image\/"}}]}},"yoast_meta":{"yoast_wpseo_title":"","yoast_wpseo_metadesc":"","yoast_wpseo_canonical":""},"_links":{"self":[{"href":"https:\/\/chemuza.org\/de\/wp-json\/wp\/v2\/pages\/1507","targetHints":{"allow":["GET"]}}],"collection":[{"href":"https:\/\/chemuza.org\/de\/wp-json\/wp\/v2\/pages"}],"about":[{"href":"https:\/\/chemuza.org\/de\/wp-json\/wp\/v2\/types\/page"}],"author":[{"embeddable":true,"href":"https:\/\/chemuza.org\/de\/wp-json\/wp\/v2\/users\/1"}],"replies":[{"embeddable":true,"href":"https:\/\/chemuza.org\/de\/wp-json\/wp\/v2\/comments?post=1507"}],"version-history":[{"count":0,"href":"https:\/\/chemuza.org\/de\/wp-json\/wp\/v2\/pages\/1507\/revisions"}],"wp:attachment":[{"href":"https:\/\/chemuza.org\/de\/wp-json\/wp\/v2\/media?parent=1507"}],"curies":[{"name":"wp","href":"https:\/\/api.w.org\/{rel}","templated":true}]}}