{"id":1505,"date":"2023-07-14T16:36:05","date_gmt":"2023-07-14T16:36:05","guid":{"rendered":"https:\/\/chemuza.org\/de\/ruthenium\/"},"modified":"2023-07-14T16:36:05","modified_gmt":"2023-07-14T16:36:05","slug":"ruthenium","status":"publish","type":"page","link":"https:\/\/chemuza.org\/de\/ruthenium\/","title":{"rendered":"Ruthenium"},"content":{"rendered":"<p>Ruthenium ist eines der seltensten Metalle der Erdkruste und kommt in der Natur im Rohzustand vor. Es wird jedoch mit anderen Metallen wie Platin und Mineralien wie Pyroxenit und Pentlandit, einem Sulfid aus Eisen und Nickel, in Verbindung gebracht. Es wird auch als Katalysator in bestimmten Platinlegierungen verwendet. Erfahren Sie, was es bedeutet, wof\u00fcr es verwendet wird und welche Eigenschaften es hat.<\/p>\n<h2> <strong>Was ist Ruthenium?<\/strong><\/h2>\n<p> Es ist ein hartes, spr\u00f6des, strahlend wei\u00dfes \u00dcbergangsmetall mit vier verschiedenen Kristallformen. Es l\u00e4sst sich in geschmolzenen Basen l\u00f6sen und wird bei Raumtemperatur nicht von S\u00e4uren angegriffen. Andererseits kann es bei hohen Temperaturen mit Wasserstoffen und Halogenen reagieren.<\/p>\n<h3> <strong>Ruthenium-Symbol<\/strong><\/h3>\n<p> <span class=\"content-chemical-element\" style=\"float: left;width: 65px;height: 65px;border: 3px solid #666; display:flex;\n    justify-content: center;align-items: center;margin-right: 15px;\"><span style=\"font-size: 38px;\">Ru<\/span><\/span> Es befindet sich in Gruppe 8 des Periodensystems mit der Ordnungszahl 44 und dem Atomgewicht 101,07. Seine Oxidationsstufen sind +2, +3, +4 und es kann Verbindungen geben, in denen die Oxidationsstufe 0 bis +8 betr\u00e4gt.<\/p>\n<h2> <strong>Eigenschaften von Ruthenium<\/strong><\/h2>\n<p> Dieses \u00dcbergangsmetall ist gegen die meisten S\u00e4uren best\u00e4ndig und selbst in der Chemie eines der seltensten. Einige der Hauptmerkmale, die es auszeichnen, sind:<\/p>\n<ul>\n<li> <strong>Magnetisch:<\/strong> Bei Raumtemperatur hat es ferromagnetische Eigenschaften.<\/li>\n<li> <strong>Formbarkeit:<\/strong> Bei hohen Temperaturen.<\/li>\n<li> <strong>H\u00e4rte:<\/strong> Es ist hart und sehr spr\u00f6de, weshalb es schwer motorisierbar ist.<\/li>\n<li> <strong>L\u00f6slichkeit:<\/strong> In S\u00e4uren ist es nicht l\u00f6slich, in Wasser jedoch l\u00f6slich.<\/li>\n<li> <strong>Zustand<\/strong> : Solide.<\/li>\n<\/ul>\n<h2> <strong>Chemische und physikalische Eigenschaften von Ruthenium<\/strong><\/h2>\n<ol>\n<li> <strong>Ordnungszahl<\/strong> : 44<\/li>\n<li> <strong>Valencia:<\/strong> 2, 3, 4, 6, 8<\/li>\n<li> <strong>Schmelzpunkt:<\/strong> 2607 K<\/li>\n<li> <strong>Siedepunkt:<\/strong> 4423 K<\/li>\n<li> <strong>Spezifische W\u00e4rme:<\/strong> 238 J<\/li>\n<li> <strong>Schmelzenthalpie:<\/strong> 24 Kj\/mol<\/li>\n<li> <strong>Dichte:<\/strong> 12370 kg\/m\u00b3<\/li>\n<li> <strong>Elektronegativit\u00e4t:<\/strong> 2,2<\/li>\n<li> <strong>Schallgeschwindigkeit:<\/strong> 5970 m\/s bei 293,15 K<\/li>\n<li> <strong>Atommasse (g\/mol):<\/strong> 101,07<\/li>\n<li> <strong>Kovalenter Radius (\u00c5):<\/strong> 126<\/li>\n<li> <strong>Kristallstruktur:<\/strong> sechseckig<\/li>\n<li> <strong>Dampfdruck:<\/strong> 1,4 Pa bei 2523 K<\/li>\n<li> <strong>Elektronische Konfiguration:<\/strong> [Kr] 4d <sup>7<\/sup> 5s <sup>1<\/sup><\/li>\n<li> <strong>Verdampfungsenthalpie:<\/strong> 505 kJ\/mol<\/li>\n<\/ol>\n<h2> <strong>Herkunft von Ruthenium<\/strong><\/h2>\n<p> Der Name kommt vom lateinischen Wort Ruthenia, was Russland bedeutet. Die Chemiker Gottfried Osann und Jons Berzelius h\u00e4tten dieses Metall 1827 beinahe entdeckt, als sie die R\u00fcckst\u00e4nde analysierten, die nach dem Aufl\u00f6sen einer Platinprobe mit K\u00f6nigswasser zur\u00fcckblieben. Gottfried glaubte, zu diesem Zeitpunkt drei neue Metalle gefunden zu haben und nannte eines davon Ruthenium. Doch erst 1844 erkannte der russische Chemiker Karl Ernst Claus, dass Platinoxid ein neues Metall enthielt, und extrahierte sechs Gramm davon.<\/p>\n<h2> <strong>Wof\u00fcr wird Ruthenium verwendet?<\/strong><\/h2>\n<p> Legierungen werden zusammen mit anderen Metallen f\u00fcr elektrische Kontakte und Chipwiderst\u00e4nde verwendet. Dar\u00fcber hinaus wird es als Katalysator in verschiedenen Prozessen eingesetzt und es ist m\u00f6glich, es in Form einer Legierung in Titan einzuarbeiten, um es korrosionsbest\u00e4ndiger zu machen. Zu den weiteren Apps geh\u00f6ren au\u00dferdem:<\/p>\n<h3> <strong>Elektronik- und Chemieindustrie<\/strong><\/h3>\n<p> Rutheniumbleche werden durch Galvanisierung auf Metallelektroden aufgebracht. Dar\u00fcber hinaus wird Rutheniumoxid bei der Formulierung von Chlor und in Katalysatoren zur Herstellung von Essigs\u00e4ure und Ammoniak verwendet. Andererseits finden die Verbindungen ihre Anwendung in Solarzellen, um elektrische Energie zu gewinnen. Rutheniumnitrid fungiert als Elektrode in Lithium- und Ionenbatterien.<\/p>\n<p> Aus diesem Metall werden Transistoren f\u00fcr Metallt\u00fcren, Elektrodenschichten und zum Verzinken von Teilen hergestellt. Dar\u00fcber hinaus verf\u00fcgt Dampf \u00fcber ferromagnetische Eigenschaften, die zur Bildung einer d\u00fcnnen Schicht auf Festplatten genutzt werden. Schlie\u00dflich wird dieses Metall zur Herstellung von F\u00fcllfederhaltern verwendet.<\/p>\n<p> <strong>Medizin<\/strong><\/p>\n<p> Die Beta-Dissektion des 106-Isotops dieses Metalls wird zur Durchf\u00fchrung einer Strahlentherapie eingesetzt, mit dem Ziel, Augentumore zu erkennen und Aderhautkrebs zu diagnostizieren. Zur Bestimmung des Calcitoninspiegels im Blut eignet sich dieses Metall hervorragend zur Diagnose und Behandlung von Schilddr\u00fcsenerkrankungen. Dar\u00fcber hinaus ist es wirksam bei der Behandlung parasit\u00e4rer Erkrankungen und seine Legierungen werden als Implantatmaterial f\u00fcr Zahnarztpraxen verwendet.<\/p>\n<h3> <strong>Juwelier<\/strong><\/h3>\n<p> Da es sich um ein gl\u00e4nzendes und \u00e4u\u00dferst hartes Metall handelt, wird es h\u00e4ufig zur Beschichtung von Silberschmuck verwendet. Ziel ist es, das St\u00fcck vor Kratzern oder Oxidation zu sch\u00fctzen und ihm eine nat\u00fcrliche Form zu verleihen.<\/p>\n<h2> <strong>Wo kommt Ruthenium vor?<\/strong><\/h2>\n<p> Es kommt in der Natur und in anderen Metallen wie Anduoit und Pentlandit frei vor. Interessanterweise kann es aus ungenutztem Kernbrennstoff gewonnen werden, die Isotope enthalten jedoch Radioaktivit\u00e4t. In diesen F\u00e4llen muss es mindestens zehn Jahre gelagert werden, um es sicher verwenden zu k\u00f6nnen.<\/p>\n<p> Kurz gesagt, Ruthenium ist ein relativ seltenes \u00dcbergangsmetall, das in der Natur vorkommt. Es wird sowohl in der chemischen Industrie als auch in der Medizin eingesetzt; Dar\u00fcber hinaus sind einige seiner Verbindungen, wie zum Beispiel Oxid, fl\u00fcchtig und giftig.<\/p>\n","protected":false},"excerpt":{"rendered":"<p>Ruthenium ist eines der seltensten Metalle der Erdkruste und kommt in der Natur im Rohzustand vor. Es wird jedoch mit anderen Metallen wie Platin und Mineralien wie Pyroxenit und Pentlandit, einem Sulfid aus Eisen und Nickel, in Verbindung gebracht. Es wird auch als Katalysator in bestimmten Platinlegierungen verwendet. Erfahren Sie, was es bedeutet, wof\u00fcr es &#8230; <a title=\"Ruthenium\" class=\"read-more\" href=\"https:\/\/chemuza.org\/de\/ruthenium\/\" aria-label=\"Mehr zu Ruthenium\">Mehr lesen<\/a><\/p>\n","protected":false},"author":1,"featured_media":0,"parent":0,"menu_order":0,"comment_status":"closed","ping_status":"closed","template":"","meta":{"footnotes":""},"class_list":["post-1505","page","type-page","status-publish"],"yoast_head":"<!-- This site is optimized with the Yoast SEO plugin v21.4 - https:\/\/yoast.com\/wordpress\/plugins\/seo\/ -->\n<title>Ruthenium - Chemuza<\/title>\n<meta name=\"robots\" content=\"index, follow, max-snippet:-1, max-image-preview:large, max-video-preview:-1\" \/>\n<link rel=\"canonical\" href=\"https:\/\/chemuza.org\/de\/ruthenium\/\" \/>\n<meta property=\"og:locale\" content=\"de_DE\" \/>\n<meta property=\"og:type\" content=\"article\" \/>\n<meta property=\"og:title\" content=\"Ruthenium - Chemuza\" \/>\n<meta property=\"og:description\" content=\"Ruthenium ist eines der seltensten Metalle der Erdkruste und kommt in der Natur im Rohzustand vor. Es wird jedoch mit anderen Metallen wie Platin und Mineralien wie Pyroxenit und Pentlandit, einem Sulfid aus Eisen und Nickel, in Verbindung gebracht. Es wird auch als Katalysator in bestimmten Platinlegierungen verwendet. Erfahren Sie, was es bedeutet, wof\u00fcr es ... Mehr lesen\" \/>\n<meta property=\"og:url\" content=\"https:\/\/chemuza.org\/de\/ruthenium\/\" \/>\n<meta property=\"og:site_name\" content=\"Chemuza\" \/>\n<meta name=\"twitter:card\" content=\"summary_large_image\" \/>\n<meta name=\"twitter:label1\" content=\"Gesch\u00e4tzte Lesezeit\" \/>\n\t<meta name=\"twitter:data1\" content=\"3\u00a0Minuten\" \/>\n<script type=\"application\/ld+json\" class=\"yoast-schema-graph\">{\"@context\":\"https:\/\/schema.org\",\"@graph\":[{\"@type\":\"WebPage\",\"@id\":\"https:\/\/chemuza.org\/de\/ruthenium\/\",\"url\":\"https:\/\/chemuza.org\/de\/ruthenium\/\",\"name\":\"Ruthenium - Chemuza\",\"isPartOf\":{\"@id\":\"https:\/\/chemuza.org\/de\/#website\"},\"datePublished\":\"2023-07-14T16:36:05+00:00\",\"dateModified\":\"2023-07-14T16:36:05+00:00\",\"breadcrumb\":{\"@id\":\"https:\/\/chemuza.org\/de\/ruthenium\/#breadcrumb\"},\"inLanguage\":\"de\",\"potentialAction\":[{\"@type\":\"ReadAction\",\"target\":[\"https:\/\/chemuza.org\/de\/ruthenium\/\"]}]},{\"@type\":\"BreadcrumbList\",\"@id\":\"https:\/\/chemuza.org\/de\/ruthenium\/#breadcrumb\",\"itemListElement\":[{\"@type\":\"ListItem\",\"position\":1,\"name\":\"Heim\",\"item\":\"https:\/\/chemuza.org\/de\/\"},{\"@type\":\"ListItem\",\"position\":2,\"name\":\"Ruthenium\"}]},{\"@type\":\"WebSite\",\"@id\":\"https:\/\/chemuza.org\/de\/#website\",\"url\":\"https:\/\/chemuza.org\/de\/\",\"name\":\"Chemuza\",\"description\":\"Ihr Tor zur chemischen Entdeckung\",\"publisher\":{\"@id\":\"https:\/\/chemuza.org\/de\/#organization\"},\"potentialAction\":[{\"@type\":\"SearchAction\",\"target\":{\"@type\":\"EntryPoint\",\"urlTemplate\":\"https:\/\/chemuza.org\/de\/?s={search_term_string}\"},\"query-input\":\"required name=search_term_string\"}],\"inLanguage\":\"de\"},{\"@type\":\"Organization\",\"@id\":\"https:\/\/chemuza.org\/de\/#organization\",\"name\":\"Chemuza\",\"url\":\"https:\/\/chemuza.org\/de\/\",\"logo\":{\"@type\":\"ImageObject\",\"inLanguage\":\"de\",\"@id\":\"https:\/\/chemuza.org\/de\/#\/schema\/logo\/image\/\",\"url\":\"https:\/\/chemuza.org\/de\/wp-content\/uploads\/2023\/10\/chemuza-logo.png\",\"contentUrl\":\"https:\/\/chemuza.org\/de\/wp-content\/uploads\/2023\/10\/chemuza-logo.png\",\"width\":387,\"height\":70,\"caption\":\"Chemuza\"},\"image\":{\"@id\":\"https:\/\/chemuza.org\/de\/#\/schema\/logo\/image\/\"}}]}<\/script>\n<!-- \/ Yoast SEO plugin. -->","yoast_head_json":{"title":"Ruthenium - Chemuza","robots":{"index":"index","follow":"follow","max-snippet":"max-snippet:-1","max-image-preview":"max-image-preview:large","max-video-preview":"max-video-preview:-1"},"canonical":"https:\/\/chemuza.org\/de\/ruthenium\/","og_locale":"de_DE","og_type":"article","og_title":"Ruthenium - Chemuza","og_description":"Ruthenium ist eines der seltensten Metalle der Erdkruste und kommt in der Natur im Rohzustand vor. Es wird jedoch mit anderen Metallen wie Platin und Mineralien wie Pyroxenit und Pentlandit, einem Sulfid aus Eisen und Nickel, in Verbindung gebracht. Es wird auch als Katalysator in bestimmten Platinlegierungen verwendet. Erfahren Sie, was es bedeutet, wof\u00fcr es ... Mehr lesen","og_url":"https:\/\/chemuza.org\/de\/ruthenium\/","og_site_name":"Chemuza","twitter_card":"summary_large_image","twitter_misc":{"Gesch\u00e4tzte Lesezeit":"3\u00a0Minuten"},"schema":{"@context":"https:\/\/schema.org","@graph":[{"@type":"WebPage","@id":"https:\/\/chemuza.org\/de\/ruthenium\/","url":"https:\/\/chemuza.org\/de\/ruthenium\/","name":"Ruthenium - Chemuza","isPartOf":{"@id":"https:\/\/chemuza.org\/de\/#website"},"datePublished":"2023-07-14T16:36:05+00:00","dateModified":"2023-07-14T16:36:05+00:00","breadcrumb":{"@id":"https:\/\/chemuza.org\/de\/ruthenium\/#breadcrumb"},"inLanguage":"de","potentialAction":[{"@type":"ReadAction","target":["https:\/\/chemuza.org\/de\/ruthenium\/"]}]},{"@type":"BreadcrumbList","@id":"https:\/\/chemuza.org\/de\/ruthenium\/#breadcrumb","itemListElement":[{"@type":"ListItem","position":1,"name":"Heim","item":"https:\/\/chemuza.org\/de\/"},{"@type":"ListItem","position":2,"name":"Ruthenium"}]},{"@type":"WebSite","@id":"https:\/\/chemuza.org\/de\/#website","url":"https:\/\/chemuza.org\/de\/","name":"Chemuza","description":"Ihr Tor zur chemischen Entdeckung","publisher":{"@id":"https:\/\/chemuza.org\/de\/#organization"},"potentialAction":[{"@type":"SearchAction","target":{"@type":"EntryPoint","urlTemplate":"https:\/\/chemuza.org\/de\/?s={search_term_string}"},"query-input":"required name=search_term_string"}],"inLanguage":"de"},{"@type":"Organization","@id":"https:\/\/chemuza.org\/de\/#organization","name":"Chemuza","url":"https:\/\/chemuza.org\/de\/","logo":{"@type":"ImageObject","inLanguage":"de","@id":"https:\/\/chemuza.org\/de\/#\/schema\/logo\/image\/","url":"https:\/\/chemuza.org\/de\/wp-content\/uploads\/2023\/10\/chemuza-logo.png","contentUrl":"https:\/\/chemuza.org\/de\/wp-content\/uploads\/2023\/10\/chemuza-logo.png","width":387,"height":70,"caption":"Chemuza"},"image":{"@id":"https:\/\/chemuza.org\/de\/#\/schema\/logo\/image\/"}}]}},"yoast_meta":{"yoast_wpseo_title":"","yoast_wpseo_metadesc":"","yoast_wpseo_canonical":""},"_links":{"self":[{"href":"https:\/\/chemuza.org\/de\/wp-json\/wp\/v2\/pages\/1505","targetHints":{"allow":["GET"]}}],"collection":[{"href":"https:\/\/chemuza.org\/de\/wp-json\/wp\/v2\/pages"}],"about":[{"href":"https:\/\/chemuza.org\/de\/wp-json\/wp\/v2\/types\/page"}],"author":[{"embeddable":true,"href":"https:\/\/chemuza.org\/de\/wp-json\/wp\/v2\/users\/1"}],"replies":[{"embeddable":true,"href":"https:\/\/chemuza.org\/de\/wp-json\/wp\/v2\/comments?post=1505"}],"version-history":[{"count":0,"href":"https:\/\/chemuza.org\/de\/wp-json\/wp\/v2\/pages\/1505\/revisions"}],"wp:attachment":[{"href":"https:\/\/chemuza.org\/de\/wp-json\/wp\/v2\/media?parent=1505"}],"curies":[{"name":"wp","href":"https:\/\/api.w.org\/{rel}","templated":true}]}}