{"id":1504,"date":"2023-07-14T17:07:48","date_gmt":"2023-07-14T17:07:48","guid":{"rendered":"https:\/\/chemuza.org\/de\/yttrium\/"},"modified":"2023-07-14T17:07:48","modified_gmt":"2023-07-14T17:07:48","slug":"yttrium","status":"publish","type":"page","link":"https:\/\/chemuza.org\/de\/yttrium\/","title":{"rendered":"Yttrium"},"content":{"rendered":"<p>Wussten Sie, dass Mondbodenproben von Weltraummissionen gro\u00dfe Mengen Yttrium enthalten? Auch in der Erdkruste wird dieses chemische Element im Allgemeinen durch Ionenaustausch aus magmatischen Gesteinen gewonnen. Andererseits gibt es unterschiedliche Anwendungen f\u00fcr die Metallurgie und andere Industriezweige. Entdecken Sie unten seine Definition, seine Eigenschaften, seinen Ursprung und wof\u00fcr es verwendet wird.<\/p>\n<h2> <strong>Was ist Yttrium?<\/strong><\/h2>\n<p> Es ist ein Element, das f\u00fcr seine gute Formbarkeit, Duktilit\u00e4t, Reaktivit\u00e4t und Oxidation an der Luft bekannt ist. Es ist ein gl\u00e4nzendes, silbrig-wei\u00dfes \u00dcbergangsmetall, das normalerweise in seltenen Erden enthalten ist. Dar\u00fcber hinaus weisen seine chemischen Eigenschaften \u00c4hnlichkeiten mit denen von Lanthanoiden auf. Es befindet sich daher in der Gruppe IIIB, oberhalb von Lanthan.<\/p>\n<h3> <strong>Yttrium-Symbol<\/strong><\/h3>\n<p> <span class=\"content-chemical-element\" style=\"float: left;width: 65px;height: 65px;border: 3px solid #666; display:flex;\n    justify-content: center;align-items: center;margin-right: 15px;\"><span style=\"font-size: 38px;\">Y<\/span><\/span> Das urspr\u00fcngliche Symbol f\u00fcr das chemische Element Yttrium, das in den ersten Periodensystemen auftauchte, war Yt. Sp\u00e4ter wurde es zu Ehren der schwedischen Kleinstadt Ytterby, in der es entdeckt wurde, durch das heutige ersetzt. Dar\u00fcber hinaus wurden auch andere Metalle nach diesem Ort benannt, beispielsweise Terbium, Erbium und Ytterbium.<\/p>\n<h2> <strong>Eigenschaften von Yttrium<\/strong><\/h2>\n<p> Es hat eine Atommasse von 88,90 amu, eine hexagonale Kristallstruktur und eine Oxidationszahl von +3. Es ist ein guter W\u00e4rme- und Stromleiter und weist in der Legierung mit Aluminium eine hohe H\u00e4rte auf. Schauen Sie sich andere Eigenschaften dieses Metalls an:<\/p>\n<ul>\n<li> <strong>Chemische Reaktivit\u00e4t<\/strong> : Unter bestimmten Bedingungen ist es sehr reaktiv.<\/li>\n<li> <strong>Schmelzen und Kochen<\/strong> : Hoch.<\/li>\n<li> <strong>Duktilit\u00e4t<\/strong> : Es kann sich verformen, ohne zu brechen, bis es F\u00e4den oder Gewinde erh\u00e4lt.<\/li>\n<li> <strong>Zustand<\/strong> : Bei Raumtemperatur ist es im Normalzustand fest.<\/li>\n<li> <strong>Ver\u00e4nderungen<\/strong> : Brennt \u00fcber 326,85 \u00b0C.<\/li>\n<li> <strong>Farbe<\/strong> : Wei\u00df mit gl\u00e4nzenden Silbert\u00f6nen.<\/li>\n<li> <strong>Temperatur<\/strong> : Metallsp\u00e4ne und Staub entz\u00fcnden sich im Allgemeinen bei 20 \u00b0C.<\/li>\n<li> <strong>Formbarkeit<\/strong> : Es hat die Besonderheit, d\u00fcnne Platten zu formen.<\/li>\n<li> <strong>Stabilit\u00e4t<\/strong> : Es ist an der Luft bei Temperaturen unter 400 \u00b0C ziemlich stabil, obwohl es fein verteilt ist, ist es im Allgemeinen instabil.<\/li>\n<li> <strong>Dichte<\/strong> : Es ist ein sehr leichtes Element.<\/li>\n<\/ul>\n<h2> <strong>Chemische und physikalische Eigenschaften von Yttrium<\/strong><\/h2>\n<ol>\n<li> <strong>Ordnungszahl<\/strong> : 39<\/li>\n<li> <strong>Dichte (g\/ml)<\/strong> : 4472 kg\/m\u00b3<\/li>\n<li> <strong>Spezifische W\u00e4rme<\/strong> : 300 J\/(K-kg)<\/li>\n<li> <strong>Kovalenter Radius (\u00c5)<\/strong> : 162 Uhr<\/li>\n<li> <strong>Elektronen pro Ebene<\/strong> : 2, 8, 18, 9, 2<\/li>\n<li> <strong>Siedepunkt<\/strong> : 3336\u00b0 C (3609 K)<\/li>\n<li> <strong>Erstes Ionisierungspotential (eV)<\/strong> : 600 kJ\/mol<\/li>\n<li> <strong>Schallgeschwindigkeit<\/strong> : 3300 m\/s bei 293,15 K<\/li>\n<li> <strong>Elektronische Konfiguration<\/strong> : [Kr]4d <sup>1<\/sup> 5s <sup>2<\/sup><\/li>\n<li> <strong>Verdampfungsenthalpie<\/strong> : 363 kJ\/mol<\/li>\n<li> <strong>Schmelzpunkt<\/strong> : 1526\u00b0C (1799K)<\/li>\n<li> <strong>Atommasse (g\/mol)<\/strong> : 88,90585<\/li>\n<li> <strong>Oxid<\/strong> : schwache Base<\/li>\n<li> <strong>Schmelzenthalpie<\/strong> : 11,4 kJ\/mol<\/li>\n<li> <strong>Atomradius (\u00c5)<\/strong> : 212 Uhr<\/li>\n<li> <strong>Elektronegativit\u00e4t<\/strong> : 1,22<\/li>\n<li> <strong>Oxidationsstufen<\/strong> : 3<\/li>\n<\/ol>\n<h2> <strong>Herkunft von Yttrium<\/strong><\/h2>\n<p> F\u00fcr diese Entdeckung ist der finnische Chemiker Johan Gadolin im Jahr 1794 verantwortlich. Diese Entdeckung erfolgte in der ber\u00fchmten Mine von Ytterby, einer Stadt in Schweden, im Mineral Yttria. Sp\u00e4ter wurde es 1828 dank des Deutschen Friedrich W\u00f6hler mit durchschlagendem Erfolg isoliert.<\/p>\n<p> Laut der Geschichte von Yttrium war dieses chemische Element das erste isolierte Seltene Erden. Sp\u00e4ter gelang es ihnen, aus den in der Ytterby-Mine gef\u00f6rderten Mineralien andere Elemente wie Scandium zu synthetisieren. Dar\u00fcber hinaus wurden mehrere Elemente mit demselben Yttriumoxid-Mineral synthetisiert.<\/p>\n<h2> <strong>Wof\u00fcr wird Yttrium verwendet?<\/strong><\/h2>\n<p> Heutzutage wird dieses Element in verschiedenen Anwendungen wie Rost und Metall verwendet. Beispielsweise wird es in der metallurgischen Industrie kommerziell zur Herstellung von Legierungen verwendet. Tats\u00e4chlich nehmen die Einsatzm\u00f6glichkeiten aufgrund seiner Eigenschaften und Bedingungen zu, wie zum Beispiel:<\/p>\n<ul>\n<li> Yttriumoxid wird zur Herstellung synthetischer Granate verwendet, einer idealen Verbindung f\u00fcr Mikrowellenfilter und die \u00dcbertragung akustischer Energie.<\/li>\n<li> An Aluminium oder Gadolinium gebundenes Yttriumoxid hat magnetische Eigenschaften und eine Mineralh\u00e4rte von 8,5 auf der Mohs-Skala und wird h\u00e4ufig als Edelstein verwendet.<\/li>\n<li> Geringe Mengen werden verwendet, um Molybd\u00e4n-, Chrom-, Titan- und Zirkoniumk\u00f6rner zu reduzieren.<\/li>\n<li> Es fungiert als Katalysator bei der Polymerisation von Ethylen.<\/li>\n<li> Es wird als Komponente in R\u00f6ntgenverst\u00e4rkerschirmen verwendet.<\/li>\n<li> Es wird Li-Ionen-Batterien von Elektromotorr\u00e4dern zugesetzt und verbessert so deren Ladegeschwindigkeit und Nutzzyklen.<\/li>\n<li> Die transparente Yttralox-Keramik wird aus Yttriumoxid f\u00fcr Linsen hergestellt, die gegen hohe Temperaturen, Laser, Infrarotfenster und Hochleistungslampen best\u00e4ndig sind.<\/li>\n<li> Sein Oxid wird in Glas verwendet, um ihm Festigkeit zu verleihen.<\/li>\n<li> Wird als Bestandteil von Phosphor zur Erzeugung von rotem Licht in Fernseh-Kathodenstrahlr\u00f6hren verwendet.<\/li>\n<li> Nickel-Superlegierungen in Flugzeugturbinen werden h\u00e4ufig in geringen Mengen zugesetzt.<\/li>\n<\/ul>\n<h2> <strong>Wo kommt Yttrium vor?<\/strong><\/h2>\n<p> Es ist das am h\u00e4ufigsten vorkommende Seltene Erden auf der Erde, seine Gewinnung ist jedoch recht schwierig. Es kommt jedoch in Schweden, Gr\u00f6nland, Japan, Colorado und Norwegen vor. Dar\u00fcber hinaus findet man die Eigenschaften dieses Elements normalerweise in Mineralien wie Nuevita, Fergusonit und Bastnasit.<\/p>\n<p> Zusammenfassend l\u00e4sst sich sagen, dass Yttrium ein leichtes, duktiles, formbares und reaktives chemisches Element ist. Es kann Strom und W\u00e4rme leiten und bei Raumtemperatur leuchten. Es geh\u00f6rt zu den \u00dcbergangsmetallen und weist \u00c4hnlichkeiten mit seltenen Erden auf.<\/p>\n","protected":false},"excerpt":{"rendered":"<p>Wussten Sie, dass Mondbodenproben von Weltraummissionen gro\u00dfe Mengen Yttrium enthalten? Auch in der Erdkruste wird dieses chemische Element im Allgemeinen durch Ionenaustausch aus magmatischen Gesteinen gewonnen. Andererseits gibt es unterschiedliche Anwendungen f\u00fcr die Metallurgie und andere Industriezweige. Entdecken Sie unten seine Definition, seine Eigenschaften, seinen Ursprung und wof\u00fcr es verwendet wird. Was ist Yttrium? Es &#8230; <a title=\"Yttrium\" class=\"read-more\" href=\"https:\/\/chemuza.org\/de\/yttrium\/\" aria-label=\"Mehr zu Yttrium\">Mehr lesen<\/a><\/p>\n","protected":false},"author":1,"featured_media":0,"parent":0,"menu_order":0,"comment_status":"closed","ping_status":"closed","template":"","meta":{"footnotes":""},"class_list":["post-1504","page","type-page","status-publish"],"yoast_head":"<!-- This site is optimized with the Yoast SEO plugin v21.4 - https:\/\/yoast.com\/wordpress\/plugins\/seo\/ -->\n<title>Yttrium - Chemuza<\/title>\n<meta name=\"robots\" content=\"index, follow, max-snippet:-1, max-image-preview:large, max-video-preview:-1\" \/>\n<link rel=\"canonical\" href=\"https:\/\/chemuza.org\/de\/yttrium\/\" \/>\n<meta property=\"og:locale\" content=\"de_DE\" \/>\n<meta property=\"og:type\" content=\"article\" \/>\n<meta property=\"og:title\" content=\"Yttrium - Chemuza\" \/>\n<meta property=\"og:description\" content=\"Wussten Sie, dass Mondbodenproben von Weltraummissionen gro\u00dfe Mengen Yttrium enthalten? Auch in der Erdkruste wird dieses chemische Element im Allgemeinen durch Ionenaustausch aus magmatischen Gesteinen gewonnen. Andererseits gibt es unterschiedliche Anwendungen f\u00fcr die Metallurgie und andere Industriezweige. Entdecken Sie unten seine Definition, seine Eigenschaften, seinen Ursprung und wof\u00fcr es verwendet wird. Was ist Yttrium? Es ... Mehr lesen\" \/>\n<meta property=\"og:url\" content=\"https:\/\/chemuza.org\/de\/yttrium\/\" \/>\n<meta property=\"og:site_name\" content=\"Chemuza\" \/>\n<meta name=\"twitter:card\" content=\"summary_large_image\" \/>\n<meta name=\"twitter:label1\" content=\"Gesch\u00e4tzte Lesezeit\" \/>\n\t<meta name=\"twitter:data1\" content=\"4\u00a0Minuten\" \/>\n<script type=\"application\/ld+json\" class=\"yoast-schema-graph\">{\"@context\":\"https:\/\/schema.org\",\"@graph\":[{\"@type\":\"WebPage\",\"@id\":\"https:\/\/chemuza.org\/de\/yttrium\/\",\"url\":\"https:\/\/chemuza.org\/de\/yttrium\/\",\"name\":\"Yttrium - Chemuza\",\"isPartOf\":{\"@id\":\"https:\/\/chemuza.org\/de\/#website\"},\"datePublished\":\"2023-07-14T17:07:48+00:00\",\"dateModified\":\"2023-07-14T17:07:48+00:00\",\"breadcrumb\":{\"@id\":\"https:\/\/chemuza.org\/de\/yttrium\/#breadcrumb\"},\"inLanguage\":\"de\",\"potentialAction\":[{\"@type\":\"ReadAction\",\"target\":[\"https:\/\/chemuza.org\/de\/yttrium\/\"]}]},{\"@type\":\"BreadcrumbList\",\"@id\":\"https:\/\/chemuza.org\/de\/yttrium\/#breadcrumb\",\"itemListElement\":[{\"@type\":\"ListItem\",\"position\":1,\"name\":\"Heim\",\"item\":\"https:\/\/chemuza.org\/de\/\"},{\"@type\":\"ListItem\",\"position\":2,\"name\":\"Yttrium\"}]},{\"@type\":\"WebSite\",\"@id\":\"https:\/\/chemuza.org\/de\/#website\",\"url\":\"https:\/\/chemuza.org\/de\/\",\"name\":\"Chemuza\",\"description\":\"Ihr Tor zur chemischen Entdeckung\",\"publisher\":{\"@id\":\"https:\/\/chemuza.org\/de\/#organization\"},\"potentialAction\":[{\"@type\":\"SearchAction\",\"target\":{\"@type\":\"EntryPoint\",\"urlTemplate\":\"https:\/\/chemuza.org\/de\/?s={search_term_string}\"},\"query-input\":\"required name=search_term_string\"}],\"inLanguage\":\"de\"},{\"@type\":\"Organization\",\"@id\":\"https:\/\/chemuza.org\/de\/#organization\",\"name\":\"Chemuza\",\"url\":\"https:\/\/chemuza.org\/de\/\",\"logo\":{\"@type\":\"ImageObject\",\"inLanguage\":\"de\",\"@id\":\"https:\/\/chemuza.org\/de\/#\/schema\/logo\/image\/\",\"url\":\"https:\/\/chemuza.org\/de\/wp-content\/uploads\/2023\/10\/chemuza-logo.png\",\"contentUrl\":\"https:\/\/chemuza.org\/de\/wp-content\/uploads\/2023\/10\/chemuza-logo.png\",\"width\":387,\"height\":70,\"caption\":\"Chemuza\"},\"image\":{\"@id\":\"https:\/\/chemuza.org\/de\/#\/schema\/logo\/image\/\"}}]}<\/script>\n<!-- \/ Yoast SEO plugin. -->","yoast_head_json":{"title":"Yttrium - Chemuza","robots":{"index":"index","follow":"follow","max-snippet":"max-snippet:-1","max-image-preview":"max-image-preview:large","max-video-preview":"max-video-preview:-1"},"canonical":"https:\/\/chemuza.org\/de\/yttrium\/","og_locale":"de_DE","og_type":"article","og_title":"Yttrium - Chemuza","og_description":"Wussten Sie, dass Mondbodenproben von Weltraummissionen gro\u00dfe Mengen Yttrium enthalten? Auch in der Erdkruste wird dieses chemische Element im Allgemeinen durch Ionenaustausch aus magmatischen Gesteinen gewonnen. Andererseits gibt es unterschiedliche Anwendungen f\u00fcr die Metallurgie und andere Industriezweige. Entdecken Sie unten seine Definition, seine Eigenschaften, seinen Ursprung und wof\u00fcr es verwendet wird. Was ist Yttrium? Es ... Mehr lesen","og_url":"https:\/\/chemuza.org\/de\/yttrium\/","og_site_name":"Chemuza","twitter_card":"summary_large_image","twitter_misc":{"Gesch\u00e4tzte Lesezeit":"4\u00a0Minuten"},"schema":{"@context":"https:\/\/schema.org","@graph":[{"@type":"WebPage","@id":"https:\/\/chemuza.org\/de\/yttrium\/","url":"https:\/\/chemuza.org\/de\/yttrium\/","name":"Yttrium - Chemuza","isPartOf":{"@id":"https:\/\/chemuza.org\/de\/#website"},"datePublished":"2023-07-14T17:07:48+00:00","dateModified":"2023-07-14T17:07:48+00:00","breadcrumb":{"@id":"https:\/\/chemuza.org\/de\/yttrium\/#breadcrumb"},"inLanguage":"de","potentialAction":[{"@type":"ReadAction","target":["https:\/\/chemuza.org\/de\/yttrium\/"]}]},{"@type":"BreadcrumbList","@id":"https:\/\/chemuza.org\/de\/yttrium\/#breadcrumb","itemListElement":[{"@type":"ListItem","position":1,"name":"Heim","item":"https:\/\/chemuza.org\/de\/"},{"@type":"ListItem","position":2,"name":"Yttrium"}]},{"@type":"WebSite","@id":"https:\/\/chemuza.org\/de\/#website","url":"https:\/\/chemuza.org\/de\/","name":"Chemuza","description":"Ihr Tor zur chemischen Entdeckung","publisher":{"@id":"https:\/\/chemuza.org\/de\/#organization"},"potentialAction":[{"@type":"SearchAction","target":{"@type":"EntryPoint","urlTemplate":"https:\/\/chemuza.org\/de\/?s={search_term_string}"},"query-input":"required name=search_term_string"}],"inLanguage":"de"},{"@type":"Organization","@id":"https:\/\/chemuza.org\/de\/#organization","name":"Chemuza","url":"https:\/\/chemuza.org\/de\/","logo":{"@type":"ImageObject","inLanguage":"de","@id":"https:\/\/chemuza.org\/de\/#\/schema\/logo\/image\/","url":"https:\/\/chemuza.org\/de\/wp-content\/uploads\/2023\/10\/chemuza-logo.png","contentUrl":"https:\/\/chemuza.org\/de\/wp-content\/uploads\/2023\/10\/chemuza-logo.png","width":387,"height":70,"caption":"Chemuza"},"image":{"@id":"https:\/\/chemuza.org\/de\/#\/schema\/logo\/image\/"}}]}},"yoast_meta":{"yoast_wpseo_title":"","yoast_wpseo_metadesc":"","yoast_wpseo_canonical":""},"_links":{"self":[{"href":"https:\/\/chemuza.org\/de\/wp-json\/wp\/v2\/pages\/1504","targetHints":{"allow":["GET"]}}],"collection":[{"href":"https:\/\/chemuza.org\/de\/wp-json\/wp\/v2\/pages"}],"about":[{"href":"https:\/\/chemuza.org\/de\/wp-json\/wp\/v2\/types\/page"}],"author":[{"embeddable":true,"href":"https:\/\/chemuza.org\/de\/wp-json\/wp\/v2\/users\/1"}],"replies":[{"embeddable":true,"href":"https:\/\/chemuza.org\/de\/wp-json\/wp\/v2\/comments?post=1504"}],"version-history":[{"count":0,"href":"https:\/\/chemuza.org\/de\/wp-json\/wp\/v2\/pages\/1504\/revisions"}],"wp:attachment":[{"href":"https:\/\/chemuza.org\/de\/wp-json\/wp\/v2\/media?parent=1504"}],"curies":[{"name":"wp","href":"https:\/\/api.w.org\/{rel}","templated":true}]}}