{"id":1503,"date":"2023-07-14T17:14:44","date_gmt":"2023-07-14T17:14:44","guid":{"rendered":"https:\/\/chemuza.org\/de\/krypton\/"},"modified":"2023-07-14T17:14:44","modified_gmt":"2023-07-14T17:14:44","slug":"krypton","status":"publish","type":"page","link":"https:\/\/chemuza.org\/de\/krypton\/","title":{"rendered":"Krypton"},"content":{"rendered":"<p>Wussten Sie, dass etwa 1 ppm Luft oder 0,0001 % der Erdatmosph\u00e4re das Element Krypton enth\u00e4lt? Allerdings ist dies meist nicht so einfach zu erreichen. Dar\u00fcber hinaus hat es dank seiner Eigenschaften zur Entwicklung von Studien zur Kernfusion beigetragen. Erfahren Sie unten, was es ist, welche Eigenschaften es hat und wie es verwendet werden kann.<\/p>\n<h2> <strong>Was ist Krypton oder Krypton?<\/strong><\/h2>\n<p> Krypton ist ein Edelgas, das im Gegensatz zu anderen Elementen der Gruppe 18 bei Anregung in einem elektrischen Feld ein wei\u00dfgl\u00fchendes Licht aussendet. Tats\u00e4chlich strahlt es sein eigenes gelbgr\u00fcnes und rotoranges Licht oder Spektrum aus. Seine feste Struktur ist wei\u00df, in gasf\u00f6rmiger Form ist es jedoch im Allgemeinen farblos, geschmacks- und geruchlos. Dar\u00fcber hinaus ist es einatomig, weist eine sehr geringe Reaktivit\u00e4t auf und ist dreimal dichter als Luft.<\/p>\n<h3> <strong>Krypton-Symbol<\/strong><\/h3>\n<p> <span class=\"content-chemical-element\" style=\"float: left;width: 65px;height: 65px;border: 3px solid #666; display:flex;\n    justify-content: center;align-items: center;margin-right: 15px;\"><span style=\"font-size: 38px;\">Kr<\/span><\/span> Das Symbol f\u00fcr Krypton kommt vom griechischen Wort <em>kryptos<\/em> , was \u201e <em>verborgen\u201c bedeutet.<\/em> Das Gas erh\u00e4lt diesen Namen aufgrund seiner extrem geringen Pr\u00e4senz, so dass es als verborgen, verborgen oder verborgen galt. Das liegt auch daran, dass es schwierig war, ihn zu isolieren.<\/p>\n<h2> <strong>Eigenschaften von Krypton<\/strong><\/h2>\n<p> Zu den Eigenschaften von Krypton z\u00e4hlen seine geringe Wasserl\u00f6slichkeit, seine Dichte von 2,413 g\/cm\u00b3 am Siedepunkt und seine Schwierigkeit, seine Atome zu polarisieren. Es weist wie die \u00fcbrigen Edelgase eine kubisch-fl\u00e4chenzentrierte Kristallstruktur auf. Weitere Daten pr\u00fcfen:<\/p>\n<ul>\n<li> <strong>Chemische Reaktivit\u00e4t<\/strong> : Notwendig zur Bildung von Verbindungen, 6 stabilen Isotopen und 17 Radioisotopen.<\/li>\n<li> <strong>Farbe<\/strong> : Im gasf\u00f6rmigen Zustand ist es farblos, im festen Zustand jedoch wei\u00df.<\/li>\n<li> <strong>Schmelzen und Sieden<\/strong> : Es kann bei -157 \u00b0C kristallisieren, erfordert jedoch eine Temperatur von etwa -273,15 \u00b0C, um in einen fl\u00fcssigen Zustand zu kondensieren.<\/li>\n<li> <strong>Zustand<\/strong> : Im Allgemeinen ist die gew\u00f6hnliche Phase gasf\u00f6rmig.<\/li>\n<li> <strong>Ver\u00e4nderungen<\/strong> : Sinkt die Temperatur, vereinigen sich seine Atome langsam, bis sie einen wei\u00dfen Kristall bilden. Sie k\u00f6nnen sogar in Clathraten, Netzwerken aus Wassermolek\u00fclen, festgehalten werden.<\/li>\n<li> <strong>Temperatur<\/strong> : Bei einer Temperatur von -189,15\u00b0 C zeigt es einen Druck von 1 kPa an.<\/li>\n<li> <strong>Elektronegativit\u00e4t<\/strong> : Es ist das erste Edelgas, das einen Elektronegativit\u00e4tswert auf der Pauling-Skala erh\u00e4lt.<\/li>\n<li> <strong>Magnetische Ordnung<\/strong> : Es ist diamagnetisch.<\/li>\n<li> <strong>Kritischer Punkt<\/strong> : 209,48 K<\/li>\n<li> <strong>Oxidationsindex<\/strong> : Obwohl seine Atome neutral sind, kann es Elektronen verlieren, indem es Bindungen mit Fluor, dem elektronegativsten Element, eingeht.<\/li>\n<\/ul>\n<h2> <strong>Chemische und physikalische Eigenschaften von Krypton<\/strong><\/h2>\n<ol>\n<li> <strong>Ordnungszahl<\/strong> : 36<\/li>\n<li> <strong>Kovalenter Radius (\u00c5)<\/strong> : 230 Uhr<\/li>\n<li> <strong>Spezifische W\u00e4rme<\/strong> : 248 J\/(K-kg)<\/li>\n<li> <strong>Atommasse (g\/mol)<\/strong> : 83,80<\/li>\n<li> <strong>Verdampfungsenthalpie<\/strong> : 9.029 kJ\/mol<\/li>\n<li> <strong>Oxidationsstufen<\/strong> : Nein<\/li>\n<li> <strong>Schmelzpunkt<\/strong> : \u2212157 \u00b0C (115,79 K)<\/li>\n<li> <strong>Fusionsenthalpie<\/strong> : 1.638 kJ\/mol<\/li>\n<li> <strong>Rust<\/strong> : Nein<\/li>\n<li> <strong>Elektronen pro Ebene<\/strong> : 2, 8, 18, 8<\/li>\n<li> <strong>Atomradius (\u00c5)<\/strong> : 88 Uhr<\/li>\n<li> <strong>Elektronegativit\u00e4t<\/strong> : 3,00<\/li>\n<li> <strong>Dichte (g\/ml)<\/strong> : (273 K) 3.708 kg\/m <sup>3<\/sup><\/li>\n<li> <strong>Siedepunkt<\/strong> : \u2212153 \u00b0C (119,93 K)<\/li>\n<li> <strong>Erstes Ionisierungspotential (eV)<\/strong> : 1350,8 kJ\/mol<\/li>\n<li> <strong>Elektronische Konfiguration<\/strong> : [Ar]3d <sup>10<\/sup> 4s <sup>2<\/sup> 4p <sup>6<\/sup><\/li>\n<li> <strong>Schallgeschwindigkeit<\/strong> : 1120 m\/s bei 293,15 K<\/li>\n<\/ol>\n<h2> <strong>Ursprung von Krypton<\/strong><\/h2>\n<p> Es wurde am 30. Mai 1898 vom Chemiker Sir William Ramsay zusammen mit seinem Assistenten Morris W. Travers entdeckt. Diese beiden Briten verfl\u00fcssigten die Luft und f\u00fchrten dann eine fraktionierte Destillation durch. Auf diese Weise erlangten sie durch \u00fcberm\u00e4\u00dfiges Erhitzen der fl\u00fcssigen Luft und Verdampfen des gr\u00f6\u00dften Teils der Probe die Eigenschaften des betreffenden Gases.<\/p>\n<h2> <strong>Wof\u00fcr wird Krypton verwendet?<\/strong><\/h2>\n<p> Es gibt viele Anwendungen, zum Beispiel wird es in Ger\u00e4ten oder Ger\u00e4ten verwendet, die f\u00fcr die Beleuchtung hergestellt werden, wie z. B. Hochgeschwindigkeitsblitzlampen. Ebenso wird sein wei\u00dfes Licht in Gasr\u00f6hren verwendet, um den Neoneffekt zu erzeugen. Beachten Sie andere Verwendungsm\u00f6glichkeiten dieses Gases:<\/p>\n<ul>\n<li> Wei\u00dfes Licht aus dem chemischen Element Krypton wird auf Flugh\u00e4fen als Sofortblitz f\u00fcr Landebahnen verwendet.<\/li>\n<li> Es wird Argon-Leuchtstofflampen zugesetzt, um deren Lebensdauer zu verl\u00e4ngern, ihre Helligkeit zu erh\u00f6hen und ihre Kosten zu erh\u00f6hen.<\/li>\n<li> In hochaufl\u00f6senden Projektoren f\u00fcr Lichtshows oder Laser.<\/li>\n<li> Es wird bei der Herstellung von Ultraviolettstrahlungslasern f\u00fcr die medizinische Chirurgie, die Fotolithographie, die Kernfusionsforschung, die Modifikation fester Verbindungen und die Mikrobearbeitung von Materialien verwendet.<\/li>\n<li> In der Medizin als An\u00e4sthesie, Herzanomalie-Detektor, Magnetresonanztomograph und R\u00f6ntgenabsorber.<\/li>\n<\/ul>\n<h2> <strong>Woher kommt Krypton?<\/strong><\/h2>\n<p> Es ist ein Gas, das in der gesamten Erdatmosph\u00e4re vorhanden ist und aus dem es aufgrund des Gravitationsfeldes nicht entweichen kann. Dar\u00fcber hinaus kommt es zwischen vulkanischen Gasen, Geysiren, hei\u00dfen Quellen, Erdgasvorkommen und einigen Mineralien vor, jedoch in geringen Mengen. Es wird durch Verfl\u00fcssigung und fraktionierte Destillation aus der Luft gewonnen. Eine andere Methode ist die Kernfusion von Uran und Plutonium.<\/p>\n<p> Zusammenfassend l\u00e4sst sich sagen, dass Krypton f\u00fcr sein interessantes gr\u00fcnes Farbspektrum bekannt ist, obwohl es ein gasf\u00f6rmiges chemisches Element ist, also farb-, geruchs- und geschmacklos. Dar\u00fcber hinaus weist es eine geringe Reaktivit\u00e4t, eine dreimal h\u00f6here Dichte als Luft und ein wei\u00dfes Aussehen im festen Zustand auf.<\/p>\n","protected":false},"excerpt":{"rendered":"<p>Wussten Sie, dass etwa 1 ppm Luft oder 0,0001 % der Erdatmosph\u00e4re das Element Krypton enth\u00e4lt? Allerdings ist dies meist nicht so einfach zu erreichen. Dar\u00fcber hinaus hat es dank seiner Eigenschaften zur Entwicklung von Studien zur Kernfusion beigetragen. Erfahren Sie unten, was es ist, welche Eigenschaften es hat und wie es verwendet werden kann. &#8230; <a title=\"Krypton\" class=\"read-more\" href=\"https:\/\/chemuza.org\/de\/krypton\/\" aria-label=\"Mehr zu Krypton\">Mehr lesen<\/a><\/p>\n","protected":false},"author":1,"featured_media":0,"parent":0,"menu_order":0,"comment_status":"closed","ping_status":"closed","template":"","meta":{"footnotes":""},"class_list":["post-1503","page","type-page","status-publish"],"yoast_head":"<!-- This site is optimized with the Yoast SEO plugin v21.4 - https:\/\/yoast.com\/wordpress\/plugins\/seo\/ -->\n<title>Krypton - Chemuza<\/title>\n<meta name=\"robots\" content=\"index, follow, max-snippet:-1, max-image-preview:large, max-video-preview:-1\" \/>\n<link rel=\"canonical\" href=\"https:\/\/chemuza.org\/de\/krypton\/\" \/>\n<meta property=\"og:locale\" content=\"de_DE\" \/>\n<meta property=\"og:type\" content=\"article\" \/>\n<meta property=\"og:title\" content=\"Krypton - Chemuza\" \/>\n<meta property=\"og:description\" content=\"Wussten Sie, dass etwa 1 ppm Luft oder 0,0001 % der Erdatmosph\u00e4re das Element Krypton enth\u00e4lt? Allerdings ist dies meist nicht so einfach zu erreichen. Dar\u00fcber hinaus hat es dank seiner Eigenschaften zur Entwicklung von Studien zur Kernfusion beigetragen. Erfahren Sie unten, was es ist, welche Eigenschaften es hat und wie es verwendet werden kann. ... Mehr lesen\" \/>\n<meta property=\"og:url\" content=\"https:\/\/chemuza.org\/de\/krypton\/\" \/>\n<meta property=\"og:site_name\" content=\"Chemuza\" \/>\n<meta name=\"twitter:card\" content=\"summary_large_image\" \/>\n<meta name=\"twitter:label1\" content=\"Gesch\u00e4tzte Lesezeit\" \/>\n\t<meta name=\"twitter:data1\" content=\"4\u00a0Minuten\" \/>\n<script type=\"application\/ld+json\" class=\"yoast-schema-graph\">{\"@context\":\"https:\/\/schema.org\",\"@graph\":[{\"@type\":\"WebPage\",\"@id\":\"https:\/\/chemuza.org\/de\/krypton\/\",\"url\":\"https:\/\/chemuza.org\/de\/krypton\/\",\"name\":\"Krypton - Chemuza\",\"isPartOf\":{\"@id\":\"https:\/\/chemuza.org\/de\/#website\"},\"datePublished\":\"2023-07-14T17:14:44+00:00\",\"dateModified\":\"2023-07-14T17:14:44+00:00\",\"breadcrumb\":{\"@id\":\"https:\/\/chemuza.org\/de\/krypton\/#breadcrumb\"},\"inLanguage\":\"de\",\"potentialAction\":[{\"@type\":\"ReadAction\",\"target\":[\"https:\/\/chemuza.org\/de\/krypton\/\"]}]},{\"@type\":\"BreadcrumbList\",\"@id\":\"https:\/\/chemuza.org\/de\/krypton\/#breadcrumb\",\"itemListElement\":[{\"@type\":\"ListItem\",\"position\":1,\"name\":\"Heim\",\"item\":\"https:\/\/chemuza.org\/de\/\"},{\"@type\":\"ListItem\",\"position\":2,\"name\":\"Krypton\"}]},{\"@type\":\"WebSite\",\"@id\":\"https:\/\/chemuza.org\/de\/#website\",\"url\":\"https:\/\/chemuza.org\/de\/\",\"name\":\"Chemuza\",\"description\":\"Ihr Tor zur chemischen Entdeckung\",\"publisher\":{\"@id\":\"https:\/\/chemuza.org\/de\/#organization\"},\"potentialAction\":[{\"@type\":\"SearchAction\",\"target\":{\"@type\":\"EntryPoint\",\"urlTemplate\":\"https:\/\/chemuza.org\/de\/?s={search_term_string}\"},\"query-input\":\"required name=search_term_string\"}],\"inLanguage\":\"de\"},{\"@type\":\"Organization\",\"@id\":\"https:\/\/chemuza.org\/de\/#organization\",\"name\":\"Chemuza\",\"url\":\"https:\/\/chemuza.org\/de\/\",\"logo\":{\"@type\":\"ImageObject\",\"inLanguage\":\"de\",\"@id\":\"https:\/\/chemuza.org\/de\/#\/schema\/logo\/image\/\",\"url\":\"https:\/\/chemuza.org\/de\/wp-content\/uploads\/2023\/10\/chemuza-logo.png\",\"contentUrl\":\"https:\/\/chemuza.org\/de\/wp-content\/uploads\/2023\/10\/chemuza-logo.png\",\"width\":387,\"height\":70,\"caption\":\"Chemuza\"},\"image\":{\"@id\":\"https:\/\/chemuza.org\/de\/#\/schema\/logo\/image\/\"}}]}<\/script>\n<!-- \/ Yoast SEO plugin. -->","yoast_head_json":{"title":"Krypton - Chemuza","robots":{"index":"index","follow":"follow","max-snippet":"max-snippet:-1","max-image-preview":"max-image-preview:large","max-video-preview":"max-video-preview:-1"},"canonical":"https:\/\/chemuza.org\/de\/krypton\/","og_locale":"de_DE","og_type":"article","og_title":"Krypton - Chemuza","og_description":"Wussten Sie, dass etwa 1 ppm Luft oder 0,0001 % der Erdatmosph\u00e4re das Element Krypton enth\u00e4lt? Allerdings ist dies meist nicht so einfach zu erreichen. Dar\u00fcber hinaus hat es dank seiner Eigenschaften zur Entwicklung von Studien zur Kernfusion beigetragen. Erfahren Sie unten, was es ist, welche Eigenschaften es hat und wie es verwendet werden kann. ... Mehr lesen","og_url":"https:\/\/chemuza.org\/de\/krypton\/","og_site_name":"Chemuza","twitter_card":"summary_large_image","twitter_misc":{"Gesch\u00e4tzte Lesezeit":"4\u00a0Minuten"},"schema":{"@context":"https:\/\/schema.org","@graph":[{"@type":"WebPage","@id":"https:\/\/chemuza.org\/de\/krypton\/","url":"https:\/\/chemuza.org\/de\/krypton\/","name":"Krypton - Chemuza","isPartOf":{"@id":"https:\/\/chemuza.org\/de\/#website"},"datePublished":"2023-07-14T17:14:44+00:00","dateModified":"2023-07-14T17:14:44+00:00","breadcrumb":{"@id":"https:\/\/chemuza.org\/de\/krypton\/#breadcrumb"},"inLanguage":"de","potentialAction":[{"@type":"ReadAction","target":["https:\/\/chemuza.org\/de\/krypton\/"]}]},{"@type":"BreadcrumbList","@id":"https:\/\/chemuza.org\/de\/krypton\/#breadcrumb","itemListElement":[{"@type":"ListItem","position":1,"name":"Heim","item":"https:\/\/chemuza.org\/de\/"},{"@type":"ListItem","position":2,"name":"Krypton"}]},{"@type":"WebSite","@id":"https:\/\/chemuza.org\/de\/#website","url":"https:\/\/chemuza.org\/de\/","name":"Chemuza","description":"Ihr Tor zur chemischen Entdeckung","publisher":{"@id":"https:\/\/chemuza.org\/de\/#organization"},"potentialAction":[{"@type":"SearchAction","target":{"@type":"EntryPoint","urlTemplate":"https:\/\/chemuza.org\/de\/?s={search_term_string}"},"query-input":"required name=search_term_string"}],"inLanguage":"de"},{"@type":"Organization","@id":"https:\/\/chemuza.org\/de\/#organization","name":"Chemuza","url":"https:\/\/chemuza.org\/de\/","logo":{"@type":"ImageObject","inLanguage":"de","@id":"https:\/\/chemuza.org\/de\/#\/schema\/logo\/image\/","url":"https:\/\/chemuza.org\/de\/wp-content\/uploads\/2023\/10\/chemuza-logo.png","contentUrl":"https:\/\/chemuza.org\/de\/wp-content\/uploads\/2023\/10\/chemuza-logo.png","width":387,"height":70,"caption":"Chemuza"},"image":{"@id":"https:\/\/chemuza.org\/de\/#\/schema\/logo\/image\/"}}]}},"yoast_meta":{"yoast_wpseo_title":"","yoast_wpseo_metadesc":"","yoast_wpseo_canonical":""},"_links":{"self":[{"href":"https:\/\/chemuza.org\/de\/wp-json\/wp\/v2\/pages\/1503","targetHints":{"allow":["GET"]}}],"collection":[{"href":"https:\/\/chemuza.org\/de\/wp-json\/wp\/v2\/pages"}],"about":[{"href":"https:\/\/chemuza.org\/de\/wp-json\/wp\/v2\/types\/page"}],"author":[{"embeddable":true,"href":"https:\/\/chemuza.org\/de\/wp-json\/wp\/v2\/users\/1"}],"replies":[{"embeddable":true,"href":"https:\/\/chemuza.org\/de\/wp-json\/wp\/v2\/comments?post=1503"}],"version-history":[{"count":0,"href":"https:\/\/chemuza.org\/de\/wp-json\/wp\/v2\/pages\/1503\/revisions"}],"wp:attachment":[{"href":"https:\/\/chemuza.org\/de\/wp-json\/wp\/v2\/media?parent=1503"}],"curies":[{"name":"wp","href":"https:\/\/api.w.org\/{rel}","templated":true}]}}