{"id":1501,"date":"2023-10-25T13:51:12","date_gmt":"2023-10-25T13:51:12","guid":{"rendered":"https:\/\/chemuza.org\/de\/arsen\/"},"modified":"2023-10-25T13:51:12","modified_gmt":"2023-10-25T13:51:12","slug":"arsen","status":"publish","type":"page","link":"https:\/\/chemuza.org\/de\/arsen\/","title":{"rendered":"Arsen"},"content":{"rendered":"<p>Arsen ist ein weit verbreitetes Element und Mineral in der Natur. Seine Hauptquellen sind Wasser, Boden, Nahrung und Luft. Es ist stark, ohne sich zu verschlechtern, und verbindet sich in seiner nat\u00fcrlichen Form mit anderen Mineralien zu Verbindungen, die in der Industrie weit verbreitet sind. Nachfolgend finden Sie die Funktionen, Verwendungsm\u00f6glichkeiten und mehr.<\/p>\n<h2> <strong>Was ist Arsen?<\/strong><\/h2>\n<p> Es ist ein chemisches Element, das zur Familie der Metalloide oder Halbmetalle des Periodensystems geh\u00f6rt. Es hat eine hellgraue Farbe mit der Ordnungszahl 33 und ist aufgrund seiner hohen Toxizit\u00e4t in der Lage, giftige Verbindungen zu bilden. Dar\u00fcber hinaus liegt es in festem Zustand in Form von Sulfiden vor, die bei der Herstellung von Kristallen zur Entfernung von Verunreinigungen und bei der Produktion giftiger Gase verwendet werden.<\/p>\n<h3> <strong>Arsen-Symbol<\/strong><\/h3>\n<p> <span class=\"content-chemical-element\" style=\"float: left;width: 65px;height: 65px;border: 3px solid #666; display:flex;\n    justify-content: center;align-items: center;margin-right: 15px;\"><span style=\"font-size: 38px;\">Denn<\/span><\/span> der Name kommt vom persischen zarnikh, gelbem Orpiment und dem griechischen arsenikon, was m\u00e4nnlich bedeutet. In der Antike wurde es als gelbes Pigment verwendet, das die Griechen mit dem m\u00e4nnlichen Geschlecht in Verbindung brachten, daher der Name. Dar\u00fcber hinaus gaben ihm die R\u00f6mer aufgrund seines intensiven gelben Farbtons den Namen Orpimente.<\/p>\n<h2> <strong>Eigenschaften von Arsen<\/strong><\/h2>\n<p> Es ist ein Metalloid, weil es Eigenschaften aufweist, die zwischen \u00dcbergangsmetallen und Nichtmetallen liegen. Es befindet sich in Periode 4 und Gruppe 15 des Periodensystems unter dem Symbol As. Die anderen Eigenschaften von Arsen sind:<\/p>\n<ul>\n<li> <strong>Zustand<\/strong> : Gew\u00f6hnlich solide.<\/li>\n<li> <strong>Farbe<\/strong> : Metallic-Grau.<\/li>\n<li> <strong>Geschmack und Geruch<\/strong> : Es hat keinen ausgepr\u00e4gten Geschmack, aber sein Geruch \u00e4hnelt dem von Knoblauch.<\/li>\n<li> <strong>Allotropie:<\/strong> Pr\u00e4sentiert drei allotrope Zust\u00e4nde: Grau, Gelb und Schwarz. In diesen drei Facetten leitet es Strom, W\u00e4rme und bildet beim Verdampfen Gase.<\/li>\n<li> <strong>Toxizit\u00e4t<\/strong> : Variiert je nach den gebildeten Verbindungen, je nachdem, ob es sich um organische, hochgiftige, anorganische oder Arsinverbindungen handelt.<\/li>\n<li> <strong>Reaktivit\u00e4t<\/strong> : Sehr heftig, insbesondere mit Halogenen und starken Oxidationsmitteln, bis hin zur Entstehung von Br\u00e4nden.<\/li>\n<li> <strong>Struktur<\/strong> : Variiert je nach allotroper Form. Grau und Gelb sind rhomboedrisch und Schwarz ist sechseckig.<\/li>\n<li> <strong>L\u00f6slichkeit<\/strong> : Arsen ist in Wasser unl\u00f6slich, l\u00f6st sich jedoch leicht in starken S\u00e4uren.<\/li>\n<\/ul>\n<h2> <strong>Chemische und physikalische Eigenschaften von Arsen<\/strong><\/h2>\n<ol>\n<li> <strong>Ordnungszahl<\/strong> : 33<\/li>\n<li> <strong>Zeitraum<\/strong> : 4<\/li>\n<li> <strong>Blockieren<\/strong> \ud83d\ude1b<\/li>\n<li> <strong>Gruppe<\/strong> : 15<\/li>\n<li> <strong>Oxidationsstufe<\/strong> : +3, -3, 5<\/li>\n<li> <strong>Kovalenter Radius (\u00c5):<\/strong> 13:19 Uhr<\/li>\n<li> <strong>Ionenradius:<\/strong> 0,47<\/li>\n<li> <strong>Durchschnittlicher Radius:<\/strong> 13:15 Uhr<\/li>\n<li> <strong>Dichte:<\/strong> 5,72 kg\/m3<\/li>\n<li> <strong>Erstes Ionisationspotential<\/strong> (eV): 10.08 <strong>&nbsp;<\/strong><\/li>\n<li> <strong>Siedepunkt:<\/strong> 613\u00b0C<\/li>\n<li> <strong>Schmelzpunkt:<\/strong> 817\u00b0C<\/li>\n<li> <strong>Atomradius:<\/strong> 13:39 Uhr<\/li>\n<li> <strong>Elektronen pro Schale:<\/strong> 2, 8, 18 <strong>,<\/strong> 5<\/li>\n<li> <strong>Elektronegativit\u00e4t:<\/strong> 2.1<\/li>\n<li> <strong>Spezifische W\u00e4rme:<\/strong> 330 J \/ (K kg)<\/li>\n<li> <strong>Elektronische Konfiguration:<\/strong> [Ar] 3d104s24p3<\/li>\n<li> <strong>Atommasse (g\/mol):<\/strong> 74,922u<\/li>\n<li> <strong>W\u00e4rmeleitf\u00e4higkeit:<\/strong> 50 W \/ (Km)<\/li>\n<\/ol>\n<h2> <strong>Herkunft von Arsen<\/strong><\/h2>\n<p> Dieses Element stammt aus der Zeit vor Christus, da es in der \u00e4gyptischen Kultur bekannt war und als metallischer Farbstoff verwendet wurde. Dar\u00fcber hinaus erhielt es im 4. Jahrhundert den Namen Arsen, aufgrund seiner gelben, gold\u00e4hnlichen Farbe. Sp\u00e4ter, im Jahr 1250, wurde es dank des deutschen Chemikers Alberto Magno entdeckt, der es als Element und Mineral klassifizierte. Im Jahr 1633 war es jedoch Brandt, der es eingehend untersuchte und es schaffte, es zu isolieren und Verbindungen zu bilden.<\/p>\n<h2> <strong>Wof\u00fcr wird Arsen verwendet?<\/strong><\/h2>\n<p> Anwendungen von Arsen erstrecken sich auf die Herstellung von Kupfer- und Bleilegierungen, Pigmenten, Textilien, Metallklebstoffen sowie auf die Papier- und Glasverarbeitung. Dar\u00fcber hinaus wird es in der Ledergerbung, der additiven Fertigung, Pharmazeutika und Pestiziden eingesetzt. Weitere h\u00e4ufige Verwendungszwecke sind:<\/p>\n<ul>\n<li> Zur Holzkonservierung werden Blei- und Chromarsenatverbindungen eingesetzt.<\/li>\n<li> Galliumarsenid wird als Halbleiter in elektrischen Schaltkreisen verwendet.<\/li>\n<li> Arsen wird beim Bau von LEDs und Laserdioden verwendet.<\/li>\n<li> Es wird zur Herstellung starker Gifte und Herbizide verwendet.<\/li>\n<li> Es wird zur Dekoration von Glas und Kristallen verwendet.<\/li>\n<li> Es ist ein Wirkstoff in Lebensmitteln tierischen Ursprungs zur Vorbeugung von Krankheiten.<\/li>\n<li> Es wird in geringen Mengen zur Behandlung von Krebserkrankungen vom Typ Leuk\u00e4mie eingesetzt.<\/li>\n<li> Es wird zur Herstellung medizinischer L\u00f6sungen gegen Psoriasis verwendet.<\/li>\n<\/ul>\n<h2> <strong>Welche Wirkung hat Arsen im menschlichen K\u00f6rper?<\/strong><\/h2>\n<p> Es ist bekannt, dass dieses chemische Element in geringen Konzentrationen in bestimmten Lebensmitteln und im Wasser vorhanden ist. Eine hohe und l\u00e4ngere Exposition kann jedoch gesundheitssch\u00e4dlich sein. Man kann ohne \u00dcbertreibung sagen, dass es schwere Hautl\u00e4sionen, Krebs, Diabetes, Neurotoxizit\u00e4t und Herz-Kreislauf-Erkrankungen verursacht. Weitere Auswirkungen einer Arsenvergiftung sind:<\/p>\n<ul>\n<li> Reizung von Magen und Darm.<\/li>\n<li> Verminderte Bildung roter und wei\u00dfer Blutk\u00f6rperchen.<\/li>\n<li> Dies wirkt sich auf die Haut aus und f\u00fchrt zu Hautausschl\u00e4gen.<\/li>\n<li> Dies f\u00fchrt zu Unfruchtbarkeit und Abtreibungen.<\/li>\n<li> Verursacht Hirnsch\u00e4den bei Frauen und M\u00e4nnern.<\/li>\n<li> Im anorganischen Zustand sch\u00e4digt es die menschliche DNA.<\/li>\n<li> Schw\u00e4cht das Immunsystem gegen Infektionen.<\/li>\n<li> Dies wirkt sich erheblich auf das Nervensystem aus.<\/li>\n<\/ul>\n<p> Zusammenfassend l\u00e4sst sich sagen, dass dieses Element ein starkes Metalloid ist, das bei der Verbindungsbildung drei allotrope Formen aufweist. Es enth\u00e4lt ein hohes Ma\u00df an Toxizit\u00e4t, die bei der Herstellung von Giften und Pestiziden verwendet wird. Es muss jedoch mit Vorsicht angewendet werden, da es f\u00fcr den Menschen gef\u00e4hrlich ist.<\/p>\n","protected":false},"excerpt":{"rendered":"<p>Arsen ist ein weit verbreitetes Element und Mineral in der Natur. Seine Hauptquellen sind Wasser, Boden, Nahrung und Luft. Es ist stark, ohne sich zu verschlechtern, und verbindet sich in seiner nat\u00fcrlichen Form mit anderen Mineralien zu Verbindungen, die in der Industrie weit verbreitet sind. Nachfolgend finden Sie die Funktionen, Verwendungsm\u00f6glichkeiten und mehr. Was ist &#8230; <a title=\"Arsen\" class=\"read-more\" href=\"https:\/\/chemuza.org\/de\/arsen\/\" aria-label=\"Mehr zu Arsen\">Mehr lesen<\/a><\/p>\n","protected":false},"author":1,"featured_media":0,"parent":0,"menu_order":0,"comment_status":"closed","ping_status":"closed","template":"","meta":{"footnotes":""},"class_list":["post-1501","page","type-page","status-publish"],"yoast_head":"<!-- This site is optimized with the Yoast SEO plugin v21.4 - https:\/\/yoast.com\/wordpress\/plugins\/seo\/ -->\n<title>Arsen - Chemuza<\/title>\n<meta name=\"robots\" content=\"index, follow, max-snippet:-1, max-image-preview:large, max-video-preview:-1\" \/>\n<link rel=\"canonical\" href=\"https:\/\/chemuza.org\/de\/arsen\/\" \/>\n<meta property=\"og:locale\" content=\"de_DE\" \/>\n<meta property=\"og:type\" content=\"article\" \/>\n<meta property=\"og:title\" content=\"Arsen - Chemuza\" \/>\n<meta property=\"og:description\" content=\"Arsen ist ein weit verbreitetes Element und Mineral in der Natur. Seine Hauptquellen sind Wasser, Boden, Nahrung und Luft. Es ist stark, ohne sich zu verschlechtern, und verbindet sich in seiner nat\u00fcrlichen Form mit anderen Mineralien zu Verbindungen, die in der Industrie weit verbreitet sind. Nachfolgend finden Sie die Funktionen, Verwendungsm\u00f6glichkeiten und mehr. Was ist ... Mehr lesen\" \/>\n<meta property=\"og:url\" content=\"https:\/\/chemuza.org\/de\/arsen\/\" \/>\n<meta property=\"og:site_name\" content=\"Chemuza\" \/>\n<meta name=\"twitter:card\" content=\"summary_large_image\" \/>\n<meta name=\"twitter:label1\" content=\"Gesch\u00e4tzte Lesezeit\" \/>\n\t<meta name=\"twitter:data1\" content=\"4\u00a0Minuten\" \/>\n<script type=\"application\/ld+json\" class=\"yoast-schema-graph\">{\"@context\":\"https:\/\/schema.org\",\"@graph\":[{\"@type\":\"WebPage\",\"@id\":\"https:\/\/chemuza.org\/de\/arsen\/\",\"url\":\"https:\/\/chemuza.org\/de\/arsen\/\",\"name\":\"Arsen - Chemuza\",\"isPartOf\":{\"@id\":\"https:\/\/chemuza.org\/de\/#website\"},\"datePublished\":\"2023-10-25T13:51:12+00:00\",\"dateModified\":\"2023-10-25T13:51:12+00:00\",\"breadcrumb\":{\"@id\":\"https:\/\/chemuza.org\/de\/arsen\/#breadcrumb\"},\"inLanguage\":\"de\",\"potentialAction\":[{\"@type\":\"ReadAction\",\"target\":[\"https:\/\/chemuza.org\/de\/arsen\/\"]}]},{\"@type\":\"BreadcrumbList\",\"@id\":\"https:\/\/chemuza.org\/de\/arsen\/#breadcrumb\",\"itemListElement\":[{\"@type\":\"ListItem\",\"position\":1,\"name\":\"Heim\",\"item\":\"https:\/\/chemuza.org\/de\/\"},{\"@type\":\"ListItem\",\"position\":2,\"name\":\"Arsen\"}]},{\"@type\":\"WebSite\",\"@id\":\"https:\/\/chemuza.org\/de\/#website\",\"url\":\"https:\/\/chemuza.org\/de\/\",\"name\":\"Chemuza\",\"description\":\"Ihr Tor zur chemischen Entdeckung\",\"publisher\":{\"@id\":\"https:\/\/chemuza.org\/de\/#organization\"},\"potentialAction\":[{\"@type\":\"SearchAction\",\"target\":{\"@type\":\"EntryPoint\",\"urlTemplate\":\"https:\/\/chemuza.org\/de\/?s={search_term_string}\"},\"query-input\":\"required name=search_term_string\"}],\"inLanguage\":\"de\"},{\"@type\":\"Organization\",\"@id\":\"https:\/\/chemuza.org\/de\/#organization\",\"name\":\"Chemuza\",\"url\":\"https:\/\/chemuza.org\/de\/\",\"logo\":{\"@type\":\"ImageObject\",\"inLanguage\":\"de\",\"@id\":\"https:\/\/chemuza.org\/de\/#\/schema\/logo\/image\/\",\"url\":\"https:\/\/chemuza.org\/de\/wp-content\/uploads\/2023\/10\/chemuza-logo.png\",\"contentUrl\":\"https:\/\/chemuza.org\/de\/wp-content\/uploads\/2023\/10\/chemuza-logo.png\",\"width\":387,\"height\":70,\"caption\":\"Chemuza\"},\"image\":{\"@id\":\"https:\/\/chemuza.org\/de\/#\/schema\/logo\/image\/\"}}]}<\/script>\n<!-- \/ Yoast SEO plugin. -->","yoast_head_json":{"title":"Arsen - Chemuza","robots":{"index":"index","follow":"follow","max-snippet":"max-snippet:-1","max-image-preview":"max-image-preview:large","max-video-preview":"max-video-preview:-1"},"canonical":"https:\/\/chemuza.org\/de\/arsen\/","og_locale":"de_DE","og_type":"article","og_title":"Arsen - Chemuza","og_description":"Arsen ist ein weit verbreitetes Element und Mineral in der Natur. Seine Hauptquellen sind Wasser, Boden, Nahrung und Luft. Es ist stark, ohne sich zu verschlechtern, und verbindet sich in seiner nat\u00fcrlichen Form mit anderen Mineralien zu Verbindungen, die in der Industrie weit verbreitet sind. Nachfolgend finden Sie die Funktionen, Verwendungsm\u00f6glichkeiten und mehr. Was ist ... Mehr lesen","og_url":"https:\/\/chemuza.org\/de\/arsen\/","og_site_name":"Chemuza","twitter_card":"summary_large_image","twitter_misc":{"Gesch\u00e4tzte Lesezeit":"4\u00a0Minuten"},"schema":{"@context":"https:\/\/schema.org","@graph":[{"@type":"WebPage","@id":"https:\/\/chemuza.org\/de\/arsen\/","url":"https:\/\/chemuza.org\/de\/arsen\/","name":"Arsen - Chemuza","isPartOf":{"@id":"https:\/\/chemuza.org\/de\/#website"},"datePublished":"2023-10-25T13:51:12+00:00","dateModified":"2023-10-25T13:51:12+00:00","breadcrumb":{"@id":"https:\/\/chemuza.org\/de\/arsen\/#breadcrumb"},"inLanguage":"de","potentialAction":[{"@type":"ReadAction","target":["https:\/\/chemuza.org\/de\/arsen\/"]}]},{"@type":"BreadcrumbList","@id":"https:\/\/chemuza.org\/de\/arsen\/#breadcrumb","itemListElement":[{"@type":"ListItem","position":1,"name":"Heim","item":"https:\/\/chemuza.org\/de\/"},{"@type":"ListItem","position":2,"name":"Arsen"}]},{"@type":"WebSite","@id":"https:\/\/chemuza.org\/de\/#website","url":"https:\/\/chemuza.org\/de\/","name":"Chemuza","description":"Ihr Tor zur chemischen Entdeckung","publisher":{"@id":"https:\/\/chemuza.org\/de\/#organization"},"potentialAction":[{"@type":"SearchAction","target":{"@type":"EntryPoint","urlTemplate":"https:\/\/chemuza.org\/de\/?s={search_term_string}"},"query-input":"required name=search_term_string"}],"inLanguage":"de"},{"@type":"Organization","@id":"https:\/\/chemuza.org\/de\/#organization","name":"Chemuza","url":"https:\/\/chemuza.org\/de\/","logo":{"@type":"ImageObject","inLanguage":"de","@id":"https:\/\/chemuza.org\/de\/#\/schema\/logo\/image\/","url":"https:\/\/chemuza.org\/de\/wp-content\/uploads\/2023\/10\/chemuza-logo.png","contentUrl":"https:\/\/chemuza.org\/de\/wp-content\/uploads\/2023\/10\/chemuza-logo.png","width":387,"height":70,"caption":"Chemuza"},"image":{"@id":"https:\/\/chemuza.org\/de\/#\/schema\/logo\/image\/"}}]}},"yoast_meta":{"yoast_wpseo_title":"","yoast_wpseo_metadesc":"","yoast_wpseo_canonical":""},"_links":{"self":[{"href":"https:\/\/chemuza.org\/de\/wp-json\/wp\/v2\/pages\/1501","targetHints":{"allow":["GET"]}}],"collection":[{"href":"https:\/\/chemuza.org\/de\/wp-json\/wp\/v2\/pages"}],"about":[{"href":"https:\/\/chemuza.org\/de\/wp-json\/wp\/v2\/types\/page"}],"author":[{"embeddable":true,"href":"https:\/\/chemuza.org\/de\/wp-json\/wp\/v2\/users\/1"}],"replies":[{"embeddable":true,"href":"https:\/\/chemuza.org\/de\/wp-json\/wp\/v2\/comments?post=1501"}],"version-history":[{"count":1,"href":"https:\/\/chemuza.org\/de\/wp-json\/wp\/v2\/pages\/1501\/revisions"}],"predecessor-version":[{"id":1606,"href":"https:\/\/chemuza.org\/de\/wp-json\/wp\/v2\/pages\/1501\/revisions\/1606"}],"wp:attachment":[{"href":"https:\/\/chemuza.org\/de\/wp-json\/wp\/v2\/media?parent=1501"}],"curies":[{"name":"wp","href":"https:\/\/api.w.org\/{rel}","templated":true}]}}