{"id":1500,"date":"2023-07-14T18:28:00","date_gmt":"2023-07-14T18:28:00","guid":{"rendered":"https:\/\/chemuza.org\/de\/technetium\/"},"modified":"2023-07-14T18:28:00","modified_gmt":"2023-07-14T18:28:00","slug":"technetium","status":"publish","type":"page","link":"https:\/\/chemuza.org\/de\/technetium\/","title":{"rendered":"Technetium"},"content":{"rendered":"<p>Von allen Metallen im Periodensystem gilt Technetium als das erste k\u00fcnstlich hergestellte Element. Eine weitere interessante Tatsache ist, dass es nat\u00fcrlicherweise in geringen Konzentrationen in Asteroiden und Sternen vorkommt. Andererseits stehen einige seiner modernen Anwendungen im Zusammenhang mit der Kernfusion. Entdecken Sie weitere Aspekte dieses silbrigen, kristallinen chemischen Elements.<\/p>\n<h2> <strong>Was ist Technetium?<\/strong><\/h2>\n<p> Es ist das leichteste Element im Periodensystem und kann kurzlebige Gammastrahlen aussenden. Bei Kontakt mit feuchter Luft beschl\u00e4gt es leicht. Auch in Fl\u00fcssigkeiten l\u00e4sst es sich in Form von K\u00f6nigswasser, Schwefels\u00e4ure und Salpeters\u00e4ure leicht l\u00f6sen.<\/p>\n<h3> <strong>Technetium-Symbol<\/strong><\/h3>\n<p> <span class=\"content-chemical-element\" style=\"float: left;width: 65px;height: 65px;border: 3px solid #666; display:flex;\n    justify-content: center;align-items: center;margin-right: 15px;\"><span style=\"font-size: 38px;\">Tc<\/span><\/span> Es geh\u00f6rt zur Gruppe 7 der \u00dcbergangsmetalle. Seine Ordnungszahl betr\u00e4gt 43, sein Schmelzpunkt betr\u00e4gt 2430 K und sein Siedepunkt betr\u00e4gt 4538 K. Seine h\u00e4ufigsten Verbindungen sind Technetiumheptafluorid, Technetiumdioxid, Technetiumheptahydrid und Technetiumheptaodid.<\/p>\n<h2> <strong>Eigenschaften von Technetium<\/strong><\/h2>\n<p> Da es keine stabilen Isotope hat, ist es in der Natur sehr schwer zu finden. Im Periodensystem steht es zwischen Rhenium und Mangan. Bei Einatmen k\u00f6nnte es Lungenkrebs verursachen. Dar\u00fcber hinaus zeichnet es sich aus durch:<\/p>\n<ul>\n<li> <strong>Chemische Reaktivit\u00e4t<\/strong> : Es ist ein reaktives Metall, dessen Aussehen Platin \u00e4hnelt.<\/li>\n<li> <strong>Magnetismus<\/strong> : Obwohl es nicht magnetisch ist, ist seine metallische Form in gewisser Weise paramagnetisch: Das bedeutet, dass seine beiden Pole mit Magnetfeldern ausgerichtet sind.<\/li>\n<li> <strong>L\u00f6slichkeit<\/strong> : In Salpeters\u00e4ure, K\u00f6nigswasser und Schwefels\u00e4ure ist es l\u00f6slich, in Salzs\u00e4ure jedoch nicht.<\/li>\n<\/ul>\n<ul>\n<li> <strong>Zustand<\/strong> : Es ist solide, in seinem nat\u00fcrlichen Zustand.<\/li>\n<li> <strong>Struktur<\/strong> : Sechseckig und kompakt.<\/li>\n<\/ul>\n<h2> <strong>Chemische und physikalische Eigenschaften von Technetium<\/strong><\/h2>\n<ol>\n<li> <strong>Ordnungszahl<\/strong> : 43<\/li>\n<li> <strong>Gruppe:<\/strong> 7<\/li>\n<li> <strong>Block:<\/strong> d<\/li>\n<li> <strong>Kovalenter Radius:<\/strong> 156 Uhr<\/li>\n<li> <strong>Atomradius:<\/strong> 183 Uhr<\/li>\n<li> <strong>Durchschnittlicher Radius:<\/strong> 135h<\/li>\n<li> <strong>Schmelzenthalpie:<\/strong> 24 Kj\/mol<\/li>\n<li> <strong>Elektronegativit\u00e4t:<\/strong> 1,9<\/li>\n<li> <strong>Atommasse (g\/mol):<\/strong> 98,9063 <sup>1<\/sup><\/li>\n<li> <strong>Verdampfungsenthalpie:<\/strong> 660 kJ\/mol<\/li>\n<li> <strong>Elektronische Konfiguration:<\/strong> [Kr] 4d <sup>5<\/sup> 5s <sup>2<\/sup><\/li>\n<li> <strong>Dampfdruck:<\/strong> 0,0229 Pa bei 2473 K<\/li>\n<li> <strong>Kristallstruktur:<\/strong> sechseckig<\/li>\n<li> <strong>Dichte:<\/strong> 11500 kg\/m\u00b3<\/li>\n<li> <strong>Elektronen pro Ebene:<\/strong> 2, 8, 18, 14, 1<\/li>\n<\/ol>\n<h2> <strong>Ursprung von Technetium<\/strong><\/h2>\n<p> Es wurde 1937 offiziell entdeckt, als der italienische Chemiker und Mineraloge Carlos Perrier und der mit dem Nobelpreis ausgezeichnete italienische Physiker Emilio Segr\u00e9 an der Universit\u00e4t von Palermo auf Sizilien ein Experiment durchf\u00fchrten. Mit einiger M\u00fche isolierten sie drei verschiedene Zerfallsperioden, 90, 80 und 50 Tage, die zu Isotopen geh\u00f6rten<sup> <\/sup><sup>95<\/sup> Tc und <sup>97<\/sup> Metall.<\/p>\n<p> Die Universit\u00e4t von Palermo wollte es Panormio nennen, da der lateinische Name von Palermo Panormus war. Die Forscher entschieden sich jedoch, <em>Technetos<\/em> hinzuzuf\u00fcgen, ein griechisches Wort mit der Bedeutung \u201ek\u00fcnstlich\u201c, da es das erste vom Menschen k\u00fcnstlich gewonnene Element ist.<\/p>\n<h2> <strong>Wof\u00fcr wird Technetium verwendet?<\/strong><\/h2>\n<p> Es wird in verschiedenen Stahllegierungen verwendet, die den Vorteil haben, verschlei\u00dffest zu sein. Seine Verwendung bleibt jedoch sehr begrenzt, da es radioaktiv ist und der Grad seiner Handhabung kontrolliert werden muss. Es ist jedoch in den folgenden Bereichen n\u00fctzlich:<\/p>\n<h3> <strong>Nuklearmedizin<\/strong><\/h3>\n<p> Metastabiles Technetium 99 wird in der Nuklearmedizin am h\u00e4ufigsten als radioaktiver Tracer verwendet. Dar\u00fcber hinaus kann es in Kombination mit einer Zinnverbindung an Erythrozyten binden und zur Lokalisierung bestimmter St\u00f6rungen des Kreislaufsystems eingesetzt werden. Au\u00dferdem wird es zur Erkennung von Verdauungsblutungen eingesetzt. Ebenso kann es zusammen mit Pyrophosphaten an Kalziumablagerungen in gesch\u00e4digten Herzmuskeln haften, was bei der Erkennung von Sch\u00e4den nach einem Herzinfarkt wirksam ist.<\/p>\n<h3> <strong>Industrie<\/strong><\/h3>\n<p> Eine seiner Eigenschaften besteht darin, dass Technetium 99m durch die Emission von Betateilchen zerfallen kann, ohne dass niederenergetische Gammastrahlen vorhanden sind. Es ist daher sehr n\u00fctzlich f\u00fcr die Kalibrierung wissenschaftlicher Ger\u00e4te. Dar\u00fcber hinaus wird es trotz seiner hohen Reaktivit\u00e4t als Katalysator eingesetzt. Durch die Verwendung von Anionen ist es au\u00dferdem ein Korrosionsschutzmittel, was es ideal f\u00fcr den Einsatz in Siedewasserreaktoren macht.<\/p>\n<h2> <strong>Wo kommt Technetium vor?<\/strong><\/h2>\n<p> Im Jahr 1999 berechnete David Curtis, dass ein Kilogramm Uran etwa 1 ng enth\u00e4lt. Technetium. Dar\u00fcber hinaus wurde dieses Element durch Auswertungen des Lichtspektrums gro\u00dfer roter Sterne der Typen M, N und S erreicht. Da es sich jedoch um ein instabiles Metall handelt, kommen nat\u00fcrlicherweise nur wenige Spuren davon in der Erdkruste vor, die das Produkt der spontanen Spaltung mit Uran sind.<\/p>\n<p> Zusammenfassend l\u00e4sst sich sagen, dass Technetium das einzige Element ist, das von Menschenhand k\u00fcnstlich hergestellt wurde. Die meisten seiner Anwendungen betreffen den Bereich der Nuklearmedizin. Dar\u00fcber hinaus ist Vorsicht geboten, da die Exposition gesundheitssch\u00e4dlich ist.<\/p>\n","protected":false},"excerpt":{"rendered":"<p>Von allen Metallen im Periodensystem gilt Technetium als das erste k\u00fcnstlich hergestellte Element. Eine weitere interessante Tatsache ist, dass es nat\u00fcrlicherweise in geringen Konzentrationen in Asteroiden und Sternen vorkommt. Andererseits stehen einige seiner modernen Anwendungen im Zusammenhang mit der Kernfusion. Entdecken Sie weitere Aspekte dieses silbrigen, kristallinen chemischen Elements. Was ist Technetium? Es ist das &#8230; <a title=\"Technetium\" class=\"read-more\" href=\"https:\/\/chemuza.org\/de\/technetium\/\" aria-label=\"Mehr zu Technetium\">Mehr lesen<\/a><\/p>\n","protected":false},"author":1,"featured_media":0,"parent":0,"menu_order":0,"comment_status":"closed","ping_status":"closed","template":"","meta":{"footnotes":""},"class_list":["post-1500","page","type-page","status-publish"],"yoast_head":"<!-- This site is optimized with the Yoast SEO plugin v21.4 - https:\/\/yoast.com\/wordpress\/plugins\/seo\/ -->\n<title>Technetium - Chemuza<\/title>\n<meta name=\"robots\" content=\"index, follow, max-snippet:-1, max-image-preview:large, max-video-preview:-1\" \/>\n<link rel=\"canonical\" href=\"https:\/\/chemuza.org\/de\/technetium\/\" \/>\n<meta property=\"og:locale\" content=\"de_DE\" \/>\n<meta property=\"og:type\" content=\"article\" \/>\n<meta property=\"og:title\" content=\"Technetium - Chemuza\" \/>\n<meta property=\"og:description\" content=\"Von allen Metallen im Periodensystem gilt Technetium als das erste k\u00fcnstlich hergestellte Element. Eine weitere interessante Tatsache ist, dass es nat\u00fcrlicherweise in geringen Konzentrationen in Asteroiden und Sternen vorkommt. Andererseits stehen einige seiner modernen Anwendungen im Zusammenhang mit der Kernfusion. Entdecken Sie weitere Aspekte dieses silbrigen, kristallinen chemischen Elements. Was ist Technetium? Es ist das ... Mehr lesen\" \/>\n<meta property=\"og:url\" content=\"https:\/\/chemuza.org\/de\/technetium\/\" \/>\n<meta property=\"og:site_name\" content=\"Chemuza\" \/>\n<meta name=\"twitter:card\" content=\"summary_large_image\" \/>\n<meta name=\"twitter:label1\" content=\"Gesch\u00e4tzte Lesezeit\" \/>\n\t<meta name=\"twitter:data1\" content=\"3\u00a0Minuten\" \/>\n<script type=\"application\/ld+json\" class=\"yoast-schema-graph\">{\"@context\":\"https:\/\/schema.org\",\"@graph\":[{\"@type\":\"WebPage\",\"@id\":\"https:\/\/chemuza.org\/de\/technetium\/\",\"url\":\"https:\/\/chemuza.org\/de\/technetium\/\",\"name\":\"Technetium - Chemuza\",\"isPartOf\":{\"@id\":\"https:\/\/chemuza.org\/de\/#website\"},\"datePublished\":\"2023-07-14T18:28:00+00:00\",\"dateModified\":\"2023-07-14T18:28:00+00:00\",\"breadcrumb\":{\"@id\":\"https:\/\/chemuza.org\/de\/technetium\/#breadcrumb\"},\"inLanguage\":\"de\",\"potentialAction\":[{\"@type\":\"ReadAction\",\"target\":[\"https:\/\/chemuza.org\/de\/technetium\/\"]}]},{\"@type\":\"BreadcrumbList\",\"@id\":\"https:\/\/chemuza.org\/de\/technetium\/#breadcrumb\",\"itemListElement\":[{\"@type\":\"ListItem\",\"position\":1,\"name\":\"Heim\",\"item\":\"https:\/\/chemuza.org\/de\/\"},{\"@type\":\"ListItem\",\"position\":2,\"name\":\"Technetium\"}]},{\"@type\":\"WebSite\",\"@id\":\"https:\/\/chemuza.org\/de\/#website\",\"url\":\"https:\/\/chemuza.org\/de\/\",\"name\":\"Chemuza\",\"description\":\"Ihr Tor zur chemischen Entdeckung\",\"publisher\":{\"@id\":\"https:\/\/chemuza.org\/de\/#organization\"},\"potentialAction\":[{\"@type\":\"SearchAction\",\"target\":{\"@type\":\"EntryPoint\",\"urlTemplate\":\"https:\/\/chemuza.org\/de\/?s={search_term_string}\"},\"query-input\":\"required name=search_term_string\"}],\"inLanguage\":\"de\"},{\"@type\":\"Organization\",\"@id\":\"https:\/\/chemuza.org\/de\/#organization\",\"name\":\"Chemuza\",\"url\":\"https:\/\/chemuza.org\/de\/\",\"logo\":{\"@type\":\"ImageObject\",\"inLanguage\":\"de\",\"@id\":\"https:\/\/chemuza.org\/de\/#\/schema\/logo\/image\/\",\"url\":\"https:\/\/chemuza.org\/de\/wp-content\/uploads\/2023\/10\/chemuza-logo.png\",\"contentUrl\":\"https:\/\/chemuza.org\/de\/wp-content\/uploads\/2023\/10\/chemuza-logo.png\",\"width\":387,\"height\":70,\"caption\":\"Chemuza\"},\"image\":{\"@id\":\"https:\/\/chemuza.org\/de\/#\/schema\/logo\/image\/\"}}]}<\/script>\n<!-- \/ Yoast SEO plugin. -->","yoast_head_json":{"title":"Technetium - Chemuza","robots":{"index":"index","follow":"follow","max-snippet":"max-snippet:-1","max-image-preview":"max-image-preview:large","max-video-preview":"max-video-preview:-1"},"canonical":"https:\/\/chemuza.org\/de\/technetium\/","og_locale":"de_DE","og_type":"article","og_title":"Technetium - Chemuza","og_description":"Von allen Metallen im Periodensystem gilt Technetium als das erste k\u00fcnstlich hergestellte Element. Eine weitere interessante Tatsache ist, dass es nat\u00fcrlicherweise in geringen Konzentrationen in Asteroiden und Sternen vorkommt. Andererseits stehen einige seiner modernen Anwendungen im Zusammenhang mit der Kernfusion. Entdecken Sie weitere Aspekte dieses silbrigen, kristallinen chemischen Elements. Was ist Technetium? Es ist das ... Mehr lesen","og_url":"https:\/\/chemuza.org\/de\/technetium\/","og_site_name":"Chemuza","twitter_card":"summary_large_image","twitter_misc":{"Gesch\u00e4tzte Lesezeit":"3\u00a0Minuten"},"schema":{"@context":"https:\/\/schema.org","@graph":[{"@type":"WebPage","@id":"https:\/\/chemuza.org\/de\/technetium\/","url":"https:\/\/chemuza.org\/de\/technetium\/","name":"Technetium - Chemuza","isPartOf":{"@id":"https:\/\/chemuza.org\/de\/#website"},"datePublished":"2023-07-14T18:28:00+00:00","dateModified":"2023-07-14T18:28:00+00:00","breadcrumb":{"@id":"https:\/\/chemuza.org\/de\/technetium\/#breadcrumb"},"inLanguage":"de","potentialAction":[{"@type":"ReadAction","target":["https:\/\/chemuza.org\/de\/technetium\/"]}]},{"@type":"BreadcrumbList","@id":"https:\/\/chemuza.org\/de\/technetium\/#breadcrumb","itemListElement":[{"@type":"ListItem","position":1,"name":"Heim","item":"https:\/\/chemuza.org\/de\/"},{"@type":"ListItem","position":2,"name":"Technetium"}]},{"@type":"WebSite","@id":"https:\/\/chemuza.org\/de\/#website","url":"https:\/\/chemuza.org\/de\/","name":"Chemuza","description":"Ihr Tor zur chemischen Entdeckung","publisher":{"@id":"https:\/\/chemuza.org\/de\/#organization"},"potentialAction":[{"@type":"SearchAction","target":{"@type":"EntryPoint","urlTemplate":"https:\/\/chemuza.org\/de\/?s={search_term_string}"},"query-input":"required name=search_term_string"}],"inLanguage":"de"},{"@type":"Organization","@id":"https:\/\/chemuza.org\/de\/#organization","name":"Chemuza","url":"https:\/\/chemuza.org\/de\/","logo":{"@type":"ImageObject","inLanguage":"de","@id":"https:\/\/chemuza.org\/de\/#\/schema\/logo\/image\/","url":"https:\/\/chemuza.org\/de\/wp-content\/uploads\/2023\/10\/chemuza-logo.png","contentUrl":"https:\/\/chemuza.org\/de\/wp-content\/uploads\/2023\/10\/chemuza-logo.png","width":387,"height":70,"caption":"Chemuza"},"image":{"@id":"https:\/\/chemuza.org\/de\/#\/schema\/logo\/image\/"}}]}},"yoast_meta":{"yoast_wpseo_title":"","yoast_wpseo_metadesc":"","yoast_wpseo_canonical":""},"_links":{"self":[{"href":"https:\/\/chemuza.org\/de\/wp-json\/wp\/v2\/pages\/1500","targetHints":{"allow":["GET"]}}],"collection":[{"href":"https:\/\/chemuza.org\/de\/wp-json\/wp\/v2\/pages"}],"about":[{"href":"https:\/\/chemuza.org\/de\/wp-json\/wp\/v2\/types\/page"}],"author":[{"embeddable":true,"href":"https:\/\/chemuza.org\/de\/wp-json\/wp\/v2\/users\/1"}],"replies":[{"embeddable":true,"href":"https:\/\/chemuza.org\/de\/wp-json\/wp\/v2\/comments?post=1500"}],"version-history":[{"count":0,"href":"https:\/\/chemuza.org\/de\/wp-json\/wp\/v2\/pages\/1500\/revisions"}],"wp:attachment":[{"href":"https:\/\/chemuza.org\/de\/wp-json\/wp\/v2\/media?parent=1500"}],"curies":[{"name":"wp","href":"https:\/\/api.w.org\/{rel}","templated":true}]}}