{"id":1499,"date":"2023-07-14T18:54:41","date_gmt":"2023-07-14T18:54:41","guid":{"rendered":"https:\/\/chemuza.org\/de\/niob\/"},"modified":"2023-07-14T18:54:41","modified_gmt":"2023-07-14T18:54:41","slug":"niob","status":"publish","type":"page","link":"https:\/\/chemuza.org\/de\/niob\/","title":{"rendered":"Niob"},"content":{"rendered":"<p>Eine interessante Anwendung von Niob ist die Verwendung als Schmuckelement, da es schillernde Farbt\u00f6ne in wundersch\u00f6nen Rot-, Blau-, Gold- und Gr\u00fcnt\u00f6nen annehmen kann. Ebenso wird es unter anderem h\u00e4ufig in der petrochemischen, metallurgischen, Luft- und Raumfahrt- und Glasindustrie eingesetzt. Entdecken Sie, wie seine vorteilhaften physikalischen und chemischen Eigenschaften es zu einem sehr vielseitigen Element machen.<\/p>\n<h2> <strong>Was ist Niob?<\/strong><\/h2>\n<p> Das chemische Element Niob, auch Columbium genannt, ist ein weiches, duktiles und formbares \u00dcbergangsmetall, best\u00e4ndig gegen Korrosion und hohe Temperaturen. Dar\u00fcber hinaus handelt es sich um einen wei\u00dflich-grauen elektrischen Supraleiter.<\/p>\n<h3> <strong>Niob-Symbol<\/strong><\/h3>\n<p> <span class=\"content-chemical-element\" style=\"float: left;width: 65px;height: 65px;border: 3px solid #666; display:flex;\n    justify-content: center;align-items: center;margin-right: 15px;\"><span style=\"font-size: 38px;\">Nb:<\/span><\/span> Das Symbol von Niobium leitet sich aus der griechischen Mythologie mit dem Wort <em>Niobe<\/em> ab, dessen Bedeutung <em>\u201eTochter des Tantalus\u201c<\/em> ist. Der Name <em>Niobium<\/em> wurde benannt, als es aus dem Element Tantalit isoliert wurde, zu Ehren der Tochter des griechischen K\u00f6nigs Tantalos, der Heldin der Tr\u00e4nen. Da einige das Metall jedoch immer noch Columbio nennen, \u00fcbernimmt es die Cb-Symbologie.<\/p>\n<h2> <strong>Eigenschaften von Niob<\/strong><\/h2>\n<p> Es zeichnet sich durch eine hohe Korrosions- und S\u00e4urebest\u00e4ndigkeit aus. Allerdings wird es im Allgemeinen durch Oxidationsmittel, Laugen und Flusss\u00e4ure angegriffen. Es k\u00f6nnen auch dielektrische Oxidschichten entstehen. Andererseits erzeugt seine Oxidationszahl +5 Tartrat, Fluorid, Peroxid und Oxalat. Weitere Besonderheiten sind:<\/p>\n<ul>\n<li> <strong>Chemische Reaktivit\u00e4t<\/strong> : Reagiert typischerweise mit Kohlenstoff, Sauerstoff, Stickstoff, Halogenen und Schwefel.<\/li>\n<li> <strong>L\u00f6slichkeit<\/strong> : In der geschmolzenen Phase ist es mit Eisen mischbar, in Wasser jedoch nicht l\u00f6slich.<\/li>\n<li> <strong>Schmelzen und Sieden<\/strong> : Obwohl es einen hohen Schmelzpunkt hat, weist es im Vergleich zu anderen Metallen eine geringe Dichte auf.<\/li>\n<li> <strong>Duktilit\u00e4t<\/strong> : Es l\u00e4sst sich leicht zu F\u00e4den verformen, wird jedoch bei Dehnung widerstandsf\u00e4hig und hart, ohne spr\u00f6de zu sein.<\/li>\n<li> <strong>Zustand<\/strong> : Sein gew\u00f6hnlicher Aggregatzustand ist fest.<\/li>\n<li> <strong>Farbe<\/strong> : Es erscheint gl\u00e4nzend, silbrig und metallisch, bei Raumtemperatur weist das Metall jedoch einen bl\u00e4ulichen Farbton auf.<\/li>\n<li> <strong>Supraleiter<\/strong> : Es ist ein perfekter elektrischer Leiter, da es dem Durchgang von elektrischem Strom gut widersteht.<\/li>\n<li> <strong>Kristallstruktur<\/strong> : Die Struktur ist kubisch zentriert, was bedeutet, dass 8 seiner Atome einen W\u00fcrfel bilden und sich darin ein einzelnes Atom befindet.<\/li>\n<li> <strong>Temperatur<\/strong> : Es h\u00e4lt hohen Temperaturen sehr gut stand, ohne sich zu zersetzen oder zu schmelzen.<\/li>\n<li> <strong>Magnetische Ordnung<\/strong> : Es ist ein paramagnetisches Element.<\/li>\n<\/ul>\n<h2> <strong>Chemische und physikalische Eigenschaften von Niob<\/strong><\/h2>\n<ol>\n<li> <strong>Ordnungszahl<\/strong> : 41<\/li>\n<li> <strong>Atomradius (\u00c5)<\/strong> : 198 Uhr<\/li>\n<li> <strong>Dichte (g\/ml)<\/strong> : 8570 kg\/m\u00b3<\/li>\n<li> <strong>Kovalenter Radius (\u00c5)<\/strong> : 137 Uhr<\/li>\n<li> <strong>Siedepunkt<\/strong> : 4744 \u00b0C (5017 K)<\/li>\n<li> <strong>Erstes Ionisierungspotential (eV)<\/strong> : 652,1 kJ\/mol<\/li>\n<li> <strong>Schallgeschwindigkeit<\/strong> : 3480 m\/s bei 293,15 K<\/li>\n<li> <strong>Schmelzpunkt<\/strong> : 2477 \u00b0C (2750 K)<\/li>\n<li> <strong>Oxidationsstufen<\/strong> : +5, +3, +2, +4<\/li>\n<li> <strong>Elektronische Konfiguration<\/strong> : [Kr]4d <sup>4<\/sup> 5s <sup>1<\/sup><\/li>\n<li> <strong>Atommasse (g\/mol)<\/strong> : 92,90638<\/li>\n<li> <strong>Verdampfungsenthalpie<\/strong> : 696,6 kJ\/mol<\/li>\n<li> <strong>Elektronegativit\u00e4t<\/strong> : 1,6<\/li>\n<li> <strong>Oxid<\/strong> : Leicht sauer<\/li>\n<li> <strong>Spezifische W\u00e4rme<\/strong> : 265 J\/(K-kg)<\/li>\n<li> <strong>Schmelzenthalpie<\/strong> : 26,4 kJ\/mol<\/li>\n<li> <strong>Elektronen pro Ebene<\/strong> : 2, 8, 18, 12, 1<\/li>\n<\/ol>\n<h2> <strong>Ursprung von Niob<\/strong><\/h2>\n<p> Laut der Geschichte von Niob entdeckte John Winthrop im Jahr 1734 in Massachusetts, USA, ein seltsames Mineral. Anschlie\u00dfend bereitete er sich darauf vor, es auf britisches Territorium zu schicken, wo es im Laufe des Jahres vom Chemiker Charles Hatchett freigelegt, untersucht und untersucht wurde. 1801. Nach zahlreichen Beobachtungen und Analysen gaben ihm die Engl\u00e4nder dann den Namen <em>Columbio<\/em> und wurden so zum Entdecker von Niob. Sp\u00e4ter verglich der Physiker William Hyde Wollaston es 1809 mit anderen Elementen und kam f\u00e4lschlicherweise zu dem Schluss, dass Columbium und Tantal dasselbe seien.<\/p>\n<p> Sp\u00e4ter arbeitete der deutsche Chemiker Heinrich Rose im Jahr 1844 mit Kolumbit und Tantalit und trennte jede Probe in saure Formen, die er Niobs\u00e4ure nannte. Anschlie\u00dfend gelang es dem Schweizer Jean Charles de Marignac, metallisches Niob durch Erhitzen mit Chlorid zu isolieren. 1949 wurde dann der offizielle Name angenommen.<\/p>\n<h2> <strong>Wof\u00fcr wird Niob verwendet?<\/strong><\/h2>\n<p> Sein Haupteinsatzgebiet ist die Herstellung von Stahl, da es zum Verbinden von Verbindungen mit dem Ziel eingesetzt wird, die Festigkeit und Best\u00e4ndigkeit gegen hohe Temperaturen und Korrosion zu erh\u00f6hen. Ebenso wird die Niob-Stahl-Legierung unter anderem in der Chemie-, Luft- und Raumfahrt- und Automobilindustrie eingesetzt. Entdecken Sie weitere Apps:<\/p>\n<ul>\n<li> Supraleitende Magnete: In einer Legierung aus Titan, Zinn und Aluminium wird das Element zu Draht extrudiert und gegossen, um supraleitende Magnete zu bilden.<\/li>\n<li> Glaslinsen und -schirme: Das Glas ist mit einem feinen Metallpulver beschichtet, um das Licht zu streuen, ohne es einzuengen oder zu absorbieren, und um eine gr\u00f6\u00dfere Widerstandsf\u00e4higkeit gegen Reflexionen zu erreichen.<\/li>\n<li> Teilchenbeschleuniger: Einige Elektronenbeschleuniger enthalten Kammern, die aus dem legierten oder reinen Element Niob geformt sind.<\/li>\n<li> Natriumdampflampen: Im Metallsockel dieser Lampen wird eine Niob-Zirkonium-Legierung verwendet.<\/li>\n<li> M\u00fcnzen: Aufgrund seiner F\u00e4higkeit, die Farbe zu \u00e4ndern, wird es bei der Herstellung von Bimetallm\u00fcnzen verwendet.<\/li>\n<li> Schmuck: Wenn es erhitzt oder durch ein elektrisches Feld geleitet wird, erh\u00e4lt es wundersch\u00f6ne Farbt\u00f6ne, aus denen Broschen, Creolen, Ohrringe, Ohrstecker und Anstecknadeln entstehen.<\/li>\n<\/ul>\n<p> Zusammenfassend ist Niob ein korrosionsbest\u00e4ndiges, formbares, duktiles, weiches Eisen\u00fcbergangsmetall, das hohen Temperaturen standh\u00e4lt. Dar\u00fcber hinaus reagiert es mit Sauerstoff, Kohlenstoff, Schwefel, Halogenen und Stickstoff. Ebenso ist es ein paramagnetisches Element, ein elektrischer Supraleiter und in Wasser unl\u00f6slich.<\/p>\n","protected":false},"excerpt":{"rendered":"<p>Eine interessante Anwendung von Niob ist die Verwendung als Schmuckelement, da es schillernde Farbt\u00f6ne in wundersch\u00f6nen Rot-, Blau-, Gold- und Gr\u00fcnt\u00f6nen annehmen kann. Ebenso wird es unter anderem h\u00e4ufig in der petrochemischen, metallurgischen, Luft- und Raumfahrt- und Glasindustrie eingesetzt. Entdecken Sie, wie seine vorteilhaften physikalischen und chemischen Eigenschaften es zu einem sehr vielseitigen Element machen. &#8230; <a title=\"Niob\" class=\"read-more\" href=\"https:\/\/chemuza.org\/de\/niob\/\" aria-label=\"Mehr zu Niob\">Mehr lesen<\/a><\/p>\n","protected":false},"author":1,"featured_media":0,"parent":0,"menu_order":0,"comment_status":"closed","ping_status":"closed","template":"","meta":{"footnotes":""},"class_list":["post-1499","page","type-page","status-publish"],"yoast_head":"<!-- This site is optimized with the Yoast SEO plugin v21.4 - https:\/\/yoast.com\/wordpress\/plugins\/seo\/ -->\n<title>Niob - Chemuza<\/title>\n<meta name=\"robots\" content=\"index, follow, max-snippet:-1, max-image-preview:large, max-video-preview:-1\" \/>\n<link rel=\"canonical\" href=\"https:\/\/chemuza.org\/de\/niob\/\" \/>\n<meta property=\"og:locale\" content=\"de_DE\" \/>\n<meta property=\"og:type\" content=\"article\" \/>\n<meta property=\"og:title\" content=\"Niob - Chemuza\" \/>\n<meta property=\"og:description\" content=\"Eine interessante Anwendung von Niob ist die Verwendung als Schmuckelement, da es schillernde Farbt\u00f6ne in wundersch\u00f6nen Rot-, Blau-, Gold- und Gr\u00fcnt\u00f6nen annehmen kann. Ebenso wird es unter anderem h\u00e4ufig in der petrochemischen, metallurgischen, Luft- und Raumfahrt- und Glasindustrie eingesetzt. Entdecken Sie, wie seine vorteilhaften physikalischen und chemischen Eigenschaften es zu einem sehr vielseitigen Element machen. ... Mehr lesen\" \/>\n<meta property=\"og:url\" content=\"https:\/\/chemuza.org\/de\/niob\/\" \/>\n<meta property=\"og:site_name\" content=\"Chemuza\" \/>\n<meta name=\"twitter:card\" content=\"summary_large_image\" \/>\n<meta name=\"twitter:label1\" content=\"Gesch\u00e4tzte Lesezeit\" \/>\n\t<meta name=\"twitter:data1\" content=\"4\u00a0Minuten\" \/>\n<script type=\"application\/ld+json\" class=\"yoast-schema-graph\">{\"@context\":\"https:\/\/schema.org\",\"@graph\":[{\"@type\":\"WebPage\",\"@id\":\"https:\/\/chemuza.org\/de\/niob\/\",\"url\":\"https:\/\/chemuza.org\/de\/niob\/\",\"name\":\"Niob - Chemuza\",\"isPartOf\":{\"@id\":\"https:\/\/chemuza.org\/de\/#website\"},\"datePublished\":\"2023-07-14T18:54:41+00:00\",\"dateModified\":\"2023-07-14T18:54:41+00:00\",\"breadcrumb\":{\"@id\":\"https:\/\/chemuza.org\/de\/niob\/#breadcrumb\"},\"inLanguage\":\"de\",\"potentialAction\":[{\"@type\":\"ReadAction\",\"target\":[\"https:\/\/chemuza.org\/de\/niob\/\"]}]},{\"@type\":\"BreadcrumbList\",\"@id\":\"https:\/\/chemuza.org\/de\/niob\/#breadcrumb\",\"itemListElement\":[{\"@type\":\"ListItem\",\"position\":1,\"name\":\"Heim\",\"item\":\"https:\/\/chemuza.org\/de\/\"},{\"@type\":\"ListItem\",\"position\":2,\"name\":\"Niob\"}]},{\"@type\":\"WebSite\",\"@id\":\"https:\/\/chemuza.org\/de\/#website\",\"url\":\"https:\/\/chemuza.org\/de\/\",\"name\":\"Chemuza\",\"description\":\"Ihr Tor zur chemischen Entdeckung\",\"publisher\":{\"@id\":\"https:\/\/chemuza.org\/de\/#organization\"},\"potentialAction\":[{\"@type\":\"SearchAction\",\"target\":{\"@type\":\"EntryPoint\",\"urlTemplate\":\"https:\/\/chemuza.org\/de\/?s={search_term_string}\"},\"query-input\":\"required name=search_term_string\"}],\"inLanguage\":\"de\"},{\"@type\":\"Organization\",\"@id\":\"https:\/\/chemuza.org\/de\/#organization\",\"name\":\"Chemuza\",\"url\":\"https:\/\/chemuza.org\/de\/\",\"logo\":{\"@type\":\"ImageObject\",\"inLanguage\":\"de\",\"@id\":\"https:\/\/chemuza.org\/de\/#\/schema\/logo\/image\/\",\"url\":\"https:\/\/chemuza.org\/de\/wp-content\/uploads\/2023\/10\/chemuza-logo.png\",\"contentUrl\":\"https:\/\/chemuza.org\/de\/wp-content\/uploads\/2023\/10\/chemuza-logo.png\",\"width\":387,\"height\":70,\"caption\":\"Chemuza\"},\"image\":{\"@id\":\"https:\/\/chemuza.org\/de\/#\/schema\/logo\/image\/\"}}]}<\/script>\n<!-- \/ Yoast SEO plugin. -->","yoast_head_json":{"title":"Niob - Chemuza","robots":{"index":"index","follow":"follow","max-snippet":"max-snippet:-1","max-image-preview":"max-image-preview:large","max-video-preview":"max-video-preview:-1"},"canonical":"https:\/\/chemuza.org\/de\/niob\/","og_locale":"de_DE","og_type":"article","og_title":"Niob - Chemuza","og_description":"Eine interessante Anwendung von Niob ist die Verwendung als Schmuckelement, da es schillernde Farbt\u00f6ne in wundersch\u00f6nen Rot-, Blau-, Gold- und Gr\u00fcnt\u00f6nen annehmen kann. Ebenso wird es unter anderem h\u00e4ufig in der petrochemischen, metallurgischen, Luft- und Raumfahrt- und Glasindustrie eingesetzt. Entdecken Sie, wie seine vorteilhaften physikalischen und chemischen Eigenschaften es zu einem sehr vielseitigen Element machen. ... Mehr lesen","og_url":"https:\/\/chemuza.org\/de\/niob\/","og_site_name":"Chemuza","twitter_card":"summary_large_image","twitter_misc":{"Gesch\u00e4tzte Lesezeit":"4\u00a0Minuten"},"schema":{"@context":"https:\/\/schema.org","@graph":[{"@type":"WebPage","@id":"https:\/\/chemuza.org\/de\/niob\/","url":"https:\/\/chemuza.org\/de\/niob\/","name":"Niob - Chemuza","isPartOf":{"@id":"https:\/\/chemuza.org\/de\/#website"},"datePublished":"2023-07-14T18:54:41+00:00","dateModified":"2023-07-14T18:54:41+00:00","breadcrumb":{"@id":"https:\/\/chemuza.org\/de\/niob\/#breadcrumb"},"inLanguage":"de","potentialAction":[{"@type":"ReadAction","target":["https:\/\/chemuza.org\/de\/niob\/"]}]},{"@type":"BreadcrumbList","@id":"https:\/\/chemuza.org\/de\/niob\/#breadcrumb","itemListElement":[{"@type":"ListItem","position":1,"name":"Heim","item":"https:\/\/chemuza.org\/de\/"},{"@type":"ListItem","position":2,"name":"Niob"}]},{"@type":"WebSite","@id":"https:\/\/chemuza.org\/de\/#website","url":"https:\/\/chemuza.org\/de\/","name":"Chemuza","description":"Ihr Tor zur chemischen Entdeckung","publisher":{"@id":"https:\/\/chemuza.org\/de\/#organization"},"potentialAction":[{"@type":"SearchAction","target":{"@type":"EntryPoint","urlTemplate":"https:\/\/chemuza.org\/de\/?s={search_term_string}"},"query-input":"required name=search_term_string"}],"inLanguage":"de"},{"@type":"Organization","@id":"https:\/\/chemuza.org\/de\/#organization","name":"Chemuza","url":"https:\/\/chemuza.org\/de\/","logo":{"@type":"ImageObject","inLanguage":"de","@id":"https:\/\/chemuza.org\/de\/#\/schema\/logo\/image\/","url":"https:\/\/chemuza.org\/de\/wp-content\/uploads\/2023\/10\/chemuza-logo.png","contentUrl":"https:\/\/chemuza.org\/de\/wp-content\/uploads\/2023\/10\/chemuza-logo.png","width":387,"height":70,"caption":"Chemuza"},"image":{"@id":"https:\/\/chemuza.org\/de\/#\/schema\/logo\/image\/"}}]}},"yoast_meta":{"yoast_wpseo_title":"","yoast_wpseo_metadesc":"","yoast_wpseo_canonical":""},"_links":{"self":[{"href":"https:\/\/chemuza.org\/de\/wp-json\/wp\/v2\/pages\/1499","targetHints":{"allow":["GET"]}}],"collection":[{"href":"https:\/\/chemuza.org\/de\/wp-json\/wp\/v2\/pages"}],"about":[{"href":"https:\/\/chemuza.org\/de\/wp-json\/wp\/v2\/types\/page"}],"author":[{"embeddable":true,"href":"https:\/\/chemuza.org\/de\/wp-json\/wp\/v2\/users\/1"}],"replies":[{"embeddable":true,"href":"https:\/\/chemuza.org\/de\/wp-json\/wp\/v2\/comments?post=1499"}],"version-history":[{"count":0,"href":"https:\/\/chemuza.org\/de\/wp-json\/wp\/v2\/pages\/1499\/revisions"}],"wp:attachment":[{"href":"https:\/\/chemuza.org\/de\/wp-json\/wp\/v2\/media?parent=1499"}],"curies":[{"name":"wp","href":"https:\/\/api.w.org\/{rel}","templated":true}]}}