{"id":1498,"date":"2023-10-25T13:51:12","date_gmt":"2023-10-25T13:51:12","guid":{"rendered":"https:\/\/chemuza.org\/de\/gallium\/"},"modified":"2023-10-25T13:51:12","modified_gmt":"2023-10-25T13:51:12","slug":"gallium","status":"publish","type":"page","link":"https:\/\/chemuza.org\/de\/gallium\/","title":{"rendered":"Gallium"},"content":{"rendered":"<p>Dieses Element ist in der Erdkruste nicht sehr verbreitet, es weist mehrere Oxidationsstufen auf und setzt mehrere Elektronen frei. Tats\u00e4chlich ist Gallium vielleicht das einzige Metall mit der Eigenschaft, in der Handfl\u00e4che zu schmelzen und einen metallisch-blauen Farbton anzunehmen. Erfahren Sie mehr \u00fcber dieses Element und seine chemischen Eigenschaften, die denen von Aluminium \u00e4hneln.<\/p>\n<h2> <strong>Was ist Gallium?<\/strong><\/h2>\n<p> Als chemisches Element ist es ein Metall der P-Block-Familie des Periodensystems. Es befindet sich in der N\u00e4he von Metalloiden, ist weich und hat einen sehr niedrigen Schmelzpunkt. Dar\u00fcber hinaus hat es die Ordnungszahl 31 und weist im festen Zustand eine sch\u00f6ne helle silberne oder wei\u00dfe Farbe auf, die h\u00e4ufig bei der Herstellung von Legierungen verwendet wird.<\/p>\n<h3> <strong>Gallium-Symbol<\/strong><\/h3>\n<p> Der Name <span class=\"content-chemical-element\" style=\"float: left;width: 65px;height: 65px;border: 3px solid #666; display:flex;\n    justify-content: center;align-items: center;margin-right: 15px;\"><span style=\"font-size: 38px;\">Ga<\/span><\/span> kommt vom lateinischen Gallia oder Gallus, dem alten Volk Frankreichs, was Hahn bedeutet. Es war die Residenz seines Entdeckers Paul-\u00c9mile Lecoq de Boisbraudran, der ihm aufgrund seiner seltenen chemischen Eigenschaften diesen Namen gab.<\/p>\n<h2> <strong>Eigenschaften von Gallium<\/strong><\/h2>\n<p> Es befindet sich in Gruppe 13, Periode 4 mit dem Symbol Ga im Periodensystem. Es hat eine glasartige Basis und ist eines der 4 Elemente, die in einen fl\u00fcssigen Zustand \u00fcbergehen und bei Raumtemperatur verbleiben k\u00f6nnen. Die anderen Eigenschaften von Gallium sind:<\/p>\n<ul>\n<li> <strong>Zustand<\/strong> : Fest, spr\u00f6de und fl\u00fcssig.<\/li>\n<li> <strong>Farbe<\/strong> : Helles Silber, aber wenn es fl\u00fcssig wird, ist es ein intensives metallisches Blau.<\/li>\n<li> <strong>Geschmack und Geruch<\/strong> : Adstringierend oder trocken, ohne ausgepr\u00e4gten Geruch.<\/li>\n<li> <strong>Toxizit\u00e4t<\/strong> : M\u00e4\u00dfig, da es leicht andere Metalle zerst\u00f6rt.<\/li>\n<li> <strong>Reaktivit\u00e4t<\/strong> : Bei Raumtemperatur gering, bei Oxidation jedoch hoch.<\/li>\n<li> <strong>Struktur<\/strong> : Es bildet orthorhombische Kristalle mit 8 Atomen auf seinen Fl\u00e4chen.<\/li>\n<li> <strong>L\u00f6slichkeit<\/strong> : Es ist wasserl\u00f6slich.<\/li>\n<\/ul>\n<h2> <strong>Chemische und physikalische Eigenschaften von Gallium<\/strong><\/h2>\n<ol>\n<li> <strong>Ordnungszahl<\/strong> : 31<\/li>\n<li> <strong>Zeitraum<\/strong> : 4<\/li>\n<li> <strong>Block<\/strong> : P<\/li>\n<li> <strong>Gruppe<\/strong> : 13<\/li>\n<li> <strong>Oxidationsstufe<\/strong> : 3<\/li>\n<li> <strong>Kovalenter Radius (\u00c5):<\/strong> 126<strong> <\/strong>Nachmittag<\/li>\n<li> <strong>Durchschnittlicher Radius:<\/strong> 130h<\/li>\n<li> <strong>Dichte:<\/strong> 5904 kg\/m3<\/li>\n<li> <strong>W\u00e4rmeleitf\u00e4higkeit:<\/strong> 40,6 W\/(Km)<\/li>\n<li> <strong>Elektronische Konfiguration:<\/strong> [Ar] 4 s\u00b2 3d10 4p1<\/li>\n<li> <strong>Atommasse (g\/mol):<\/strong> 69,723 u<\/li>\n<li> <strong>Erstes Ionisationspotential:<\/strong> (eV): 6,02 <strong>&nbsp;<\/strong><\/li>\n<li> <strong>Siedepunkt:<\/strong> 2204\u00b0C<\/li>\n<li> <strong>Schmelzpunkt:<\/strong> 30<strong> <\/strong>\u00b0C<\/li>\n<li> <strong>Atomradius:<\/strong> 136 Uhr<\/li>\n<li> <strong>Elektronen pro Schale:<\/strong> 2, 8, 18, 3<\/li>\n<li> <strong>Elektronegativit\u00e4t:<\/strong> 1,81<\/li>\n<li> <strong>Spezifische W\u00e4rme:<\/strong> 370 J \/ (K kg)<\/li>\n<\/ol>\n<h2> <strong>Herkunft von Gallium<\/strong><\/h2>\n<p> Mendeleev, der Sch\u00f6pfer des Periodensystems, stie\u00df auf dieses Element und stellte fest, dass es \u00e4hnliche Eigenschaften wie Aluminium hatte, und gab ihm den Namen Eka-Aluminium. Im Jahr 1875 entdeckte der franz\u00f6sische Chemiker Paul-\u00c9mile Lecoq de Boisbaudran es jedoch mithilfe von Spektroskopie oder zwei ultravioletten Linien, die das Element enth\u00fcllten. Anschlie\u00dfend isolierte er es durch Elektrolyse von Kaliumhydroxid und erhielt die erste nat\u00fcrliche Probe des chemischen Elements Gallium. Nachdem er seine chemischen Eigenschaften \u00fcberpr\u00fcft hatte, gab er ihm den Namen seines Landes, Gallia.<\/p>\n<h2> <strong>Wof\u00fcr wird Gallium verwendet?<\/strong><\/h2>\n<p> Gallium Build wird in verschiedenen Legierungen mit anderen Elementen des Periodensystems verwendet. Aufgrund ihres niedrigen Schmelzpunkts z\u00e4hlen ihre Verbindungen zu den Halbleitern und werden bei der Herstellung von LED-Anzeigedioden, Transistoren, Chips, Zellen und Blu-Ray-Playern verwendet. Die anderen Elemente dieses Elements sind:<\/p>\n<h3> <strong>Herstellung von Thermometern<\/strong><\/h3>\n<p> Die Galinstan-Legierung in ihrer fl\u00fcssigen Phase wird zum Ablesen der vom Thermometer angezeigten Temperatur verwendet. Dieser hat einen Schmelzpunkt von -18 \u00b0C, was eine genaue Temperaturmessung zur Messung des Fiebers erm\u00f6glicht.<\/p>\n<h3> <strong>Spiegelherstellung<\/strong><\/h3>\n<p> Legierungen sind im Allgemeinen nass und verteilen sich schnell in Porzellan- oder Glasmedien. Daher eignen sie sich zur Herstellung von Silberspiegeln, bei denen eine fl\u00fcssige Probe auf eine Oberfl\u00e4che gegossen wird.<\/p>\n<h3> <strong>Arzneimittelproduktion<\/strong><\/h3>\n<p> Gallium wird bei der Herstellung von Arzneimitteln zur Behandlung von durch Bakterien und Parasiten verursachten Infektionen verwendet. Seine anorganischen Salze werden auch zur Behandlung von Hyperkalz\u00e4mie und Knochenkrebs eingesetzt.<\/p>\n<h3> <strong>Katalysatorelement<\/strong><\/h3>\n<p> Katalysatoren sind f\u00fcr die Zerstreuung von Atomen anderer Metalle verantwortlich. Eines davon ist Gallium-Palladium, das bei der Umwandlung von Butan in sehr reaktive unges\u00e4ttigte Partikel verwendet wird, die f\u00fcr industrielle Prozesse unerl\u00e4sslich sind. In diesem Fall fungiert der Katalysator als Tr\u00e4ger f\u00fcr die Palladiumatome.<\/p>\n<h2> <strong>Wie bekomme ich Gallium?<\/strong><\/h2>\n<p> Dieses Element kommt in minimalen Mengen in Zink, Blei, Eisen, Aluminium und Germanium vor. In der Erdkruste kommt es zu 1 % in Verbindungen wie Bauxiten, Pyriten, Kohlenstoffen und Germaniten vor. Anschlie\u00dfend werden durch einen metallurgischen Prozess Spuren der vorherigen Metalle gewonnen, bei denen diese von Verunreinigungen und Sulfiden gereinigt werden, um eine saubere Probe zu erhalten.<\/p>\n<p> Sie wissen jetzt, dass Gallium in der Natur selten vorkommt und nur in Verbindung mit anderen Verbindungen und Elementen vorkommt. Sie zeichnen sich durch ihren festen und fl\u00fcssigen Zustand mit niedrigem Schmelzpunkt aus und eignen sich ideal f\u00fcr die Herstellung von Legierungen in verschiedenen Industriebereichen. Seine Toxizit\u00e4t ist m\u00e4\u00dfig, was zur Entwicklung von Medikamenten f\u00fchrt.<\/p>\n","protected":false},"excerpt":{"rendered":"<p>Dieses Element ist in der Erdkruste nicht sehr verbreitet, es weist mehrere Oxidationsstufen auf und setzt mehrere Elektronen frei. Tats\u00e4chlich ist Gallium vielleicht das einzige Metall mit der Eigenschaft, in der Handfl\u00e4che zu schmelzen und einen metallisch-blauen Farbton anzunehmen. Erfahren Sie mehr \u00fcber dieses Element und seine chemischen Eigenschaften, die denen von Aluminium \u00e4hneln. Was &#8230; <a title=\"Gallium\" class=\"read-more\" href=\"https:\/\/chemuza.org\/de\/gallium\/\" aria-label=\"Mehr zu Gallium\">Mehr lesen<\/a><\/p>\n","protected":false},"author":1,"featured_media":0,"parent":0,"menu_order":0,"comment_status":"closed","ping_status":"closed","template":"","meta":{"footnotes":""},"class_list":["post-1498","page","type-page","status-publish"],"yoast_head":"<!-- This site is optimized with the Yoast SEO plugin v21.4 - https:\/\/yoast.com\/wordpress\/plugins\/seo\/ -->\n<title>Gallium - Chemuza<\/title>\n<meta name=\"robots\" content=\"index, follow, max-snippet:-1, max-image-preview:large, max-video-preview:-1\" \/>\n<link rel=\"canonical\" href=\"https:\/\/chemuza.org\/de\/gallium\/\" \/>\n<meta property=\"og:locale\" content=\"de_DE\" \/>\n<meta property=\"og:type\" content=\"article\" \/>\n<meta property=\"og:title\" content=\"Gallium - Chemuza\" \/>\n<meta property=\"og:description\" content=\"Dieses Element ist in der Erdkruste nicht sehr verbreitet, es weist mehrere Oxidationsstufen auf und setzt mehrere Elektronen frei. Tats\u00e4chlich ist Gallium vielleicht das einzige Metall mit der Eigenschaft, in der Handfl\u00e4che zu schmelzen und einen metallisch-blauen Farbton anzunehmen. Erfahren Sie mehr \u00fcber dieses Element und seine chemischen Eigenschaften, die denen von Aluminium \u00e4hneln. Was ... Mehr lesen\" \/>\n<meta property=\"og:url\" content=\"https:\/\/chemuza.org\/de\/gallium\/\" \/>\n<meta property=\"og:site_name\" content=\"Chemuza\" \/>\n<meta name=\"twitter:card\" content=\"summary_large_image\" \/>\n<meta name=\"twitter:label1\" content=\"Gesch\u00e4tzte Lesezeit\" \/>\n\t<meta name=\"twitter:data1\" content=\"4\u00a0Minuten\" \/>\n<script type=\"application\/ld+json\" class=\"yoast-schema-graph\">{\"@context\":\"https:\/\/schema.org\",\"@graph\":[{\"@type\":\"WebPage\",\"@id\":\"https:\/\/chemuza.org\/de\/gallium\/\",\"url\":\"https:\/\/chemuza.org\/de\/gallium\/\",\"name\":\"Gallium - Chemuza\",\"isPartOf\":{\"@id\":\"https:\/\/chemuza.org\/de\/#website\"},\"datePublished\":\"2023-10-25T13:51:12+00:00\",\"dateModified\":\"2023-10-25T13:51:12+00:00\",\"breadcrumb\":{\"@id\":\"https:\/\/chemuza.org\/de\/gallium\/#breadcrumb\"},\"inLanguage\":\"de\",\"potentialAction\":[{\"@type\":\"ReadAction\",\"target\":[\"https:\/\/chemuza.org\/de\/gallium\/\"]}]},{\"@type\":\"BreadcrumbList\",\"@id\":\"https:\/\/chemuza.org\/de\/gallium\/#breadcrumb\",\"itemListElement\":[{\"@type\":\"ListItem\",\"position\":1,\"name\":\"Heim\",\"item\":\"https:\/\/chemuza.org\/de\/\"},{\"@type\":\"ListItem\",\"position\":2,\"name\":\"Gallium\"}]},{\"@type\":\"WebSite\",\"@id\":\"https:\/\/chemuza.org\/de\/#website\",\"url\":\"https:\/\/chemuza.org\/de\/\",\"name\":\"Chemuza\",\"description\":\"Ihr Tor zur chemischen Entdeckung\",\"publisher\":{\"@id\":\"https:\/\/chemuza.org\/de\/#organization\"},\"potentialAction\":[{\"@type\":\"SearchAction\",\"target\":{\"@type\":\"EntryPoint\",\"urlTemplate\":\"https:\/\/chemuza.org\/de\/?s={search_term_string}\"},\"query-input\":\"required name=search_term_string\"}],\"inLanguage\":\"de\"},{\"@type\":\"Organization\",\"@id\":\"https:\/\/chemuza.org\/de\/#organization\",\"name\":\"Chemuza\",\"url\":\"https:\/\/chemuza.org\/de\/\",\"logo\":{\"@type\":\"ImageObject\",\"inLanguage\":\"de\",\"@id\":\"https:\/\/chemuza.org\/de\/#\/schema\/logo\/image\/\",\"url\":\"https:\/\/chemuza.org\/de\/wp-content\/uploads\/2023\/10\/chemuza-logo.png\",\"contentUrl\":\"https:\/\/chemuza.org\/de\/wp-content\/uploads\/2023\/10\/chemuza-logo.png\",\"width\":387,\"height\":70,\"caption\":\"Chemuza\"},\"image\":{\"@id\":\"https:\/\/chemuza.org\/de\/#\/schema\/logo\/image\/\"}}]}<\/script>\n<!-- \/ Yoast SEO plugin. -->","yoast_head_json":{"title":"Gallium - Chemuza","robots":{"index":"index","follow":"follow","max-snippet":"max-snippet:-1","max-image-preview":"max-image-preview:large","max-video-preview":"max-video-preview:-1"},"canonical":"https:\/\/chemuza.org\/de\/gallium\/","og_locale":"de_DE","og_type":"article","og_title":"Gallium - Chemuza","og_description":"Dieses Element ist in der Erdkruste nicht sehr verbreitet, es weist mehrere Oxidationsstufen auf und setzt mehrere Elektronen frei. Tats\u00e4chlich ist Gallium vielleicht das einzige Metall mit der Eigenschaft, in der Handfl\u00e4che zu schmelzen und einen metallisch-blauen Farbton anzunehmen. Erfahren Sie mehr \u00fcber dieses Element und seine chemischen Eigenschaften, die denen von Aluminium \u00e4hneln. Was ... Mehr lesen","og_url":"https:\/\/chemuza.org\/de\/gallium\/","og_site_name":"Chemuza","twitter_card":"summary_large_image","twitter_misc":{"Gesch\u00e4tzte Lesezeit":"4\u00a0Minuten"},"schema":{"@context":"https:\/\/schema.org","@graph":[{"@type":"WebPage","@id":"https:\/\/chemuza.org\/de\/gallium\/","url":"https:\/\/chemuza.org\/de\/gallium\/","name":"Gallium - Chemuza","isPartOf":{"@id":"https:\/\/chemuza.org\/de\/#website"},"datePublished":"2023-10-25T13:51:12+00:00","dateModified":"2023-10-25T13:51:12+00:00","breadcrumb":{"@id":"https:\/\/chemuza.org\/de\/gallium\/#breadcrumb"},"inLanguage":"de","potentialAction":[{"@type":"ReadAction","target":["https:\/\/chemuza.org\/de\/gallium\/"]}]},{"@type":"BreadcrumbList","@id":"https:\/\/chemuza.org\/de\/gallium\/#breadcrumb","itemListElement":[{"@type":"ListItem","position":1,"name":"Heim","item":"https:\/\/chemuza.org\/de\/"},{"@type":"ListItem","position":2,"name":"Gallium"}]},{"@type":"WebSite","@id":"https:\/\/chemuza.org\/de\/#website","url":"https:\/\/chemuza.org\/de\/","name":"Chemuza","description":"Ihr Tor zur chemischen Entdeckung","publisher":{"@id":"https:\/\/chemuza.org\/de\/#organization"},"potentialAction":[{"@type":"SearchAction","target":{"@type":"EntryPoint","urlTemplate":"https:\/\/chemuza.org\/de\/?s={search_term_string}"},"query-input":"required name=search_term_string"}],"inLanguage":"de"},{"@type":"Organization","@id":"https:\/\/chemuza.org\/de\/#organization","name":"Chemuza","url":"https:\/\/chemuza.org\/de\/","logo":{"@type":"ImageObject","inLanguage":"de","@id":"https:\/\/chemuza.org\/de\/#\/schema\/logo\/image\/","url":"https:\/\/chemuza.org\/de\/wp-content\/uploads\/2023\/10\/chemuza-logo.png","contentUrl":"https:\/\/chemuza.org\/de\/wp-content\/uploads\/2023\/10\/chemuza-logo.png","width":387,"height":70,"caption":"Chemuza"},"image":{"@id":"https:\/\/chemuza.org\/de\/#\/schema\/logo\/image\/"}}]}},"yoast_meta":{"yoast_wpseo_title":"","yoast_wpseo_metadesc":"","yoast_wpseo_canonical":""},"_links":{"self":[{"href":"https:\/\/chemuza.org\/de\/wp-json\/wp\/v2\/pages\/1498","targetHints":{"allow":["GET"]}}],"collection":[{"href":"https:\/\/chemuza.org\/de\/wp-json\/wp\/v2\/pages"}],"about":[{"href":"https:\/\/chemuza.org\/de\/wp-json\/wp\/v2\/types\/page"}],"author":[{"embeddable":true,"href":"https:\/\/chemuza.org\/de\/wp-json\/wp\/v2\/users\/1"}],"replies":[{"embeddable":true,"href":"https:\/\/chemuza.org\/de\/wp-json\/wp\/v2\/comments?post=1498"}],"version-history":[{"count":1,"href":"https:\/\/chemuza.org\/de\/wp-json\/wp\/v2\/pages\/1498\/revisions"}],"predecessor-version":[{"id":1633,"href":"https:\/\/chemuza.org\/de\/wp-json\/wp\/v2\/pages\/1498\/revisions\/1633"}],"wp:attachment":[{"href":"https:\/\/chemuza.org\/de\/wp-json\/wp\/v2\/media?parent=1498"}],"curies":[{"name":"wp","href":"https:\/\/api.w.org\/{rel}","templated":true}]}}