{"id":1497,"date":"2023-07-14T19:36:02","date_gmt":"2023-07-14T19:36:02","guid":{"rendered":"https:\/\/chemuza.org\/de\/zink\/"},"modified":"2023-07-14T19:36:02","modified_gmt":"2023-07-14T19:36:02","slug":"zink","status":"publish","type":"page","link":"https:\/\/chemuza.org\/de\/zink\/","title":{"rendered":"Zink"},"content":{"rendered":"<p>Zink ist ein Element des Periodensystems und kommt nat\u00fcrlicherweise in Wasser, Boden, Gestein und Luft vor und ist f\u00fcr das Wohlbefinden aller Lebewesen von entscheidender Bedeutung. Dar\u00fcber hinaus spielt es in bestimmten Industrieprodukten und Anwendungen eine wichtige Rolle. Es wird auch zum Schutz von Stahl vor Korrosion und f\u00fcr andere Anwendungen verwendet, \u00fcber die Sie hier mehr erfahren k\u00f6nnen.<\/p>\n<h2> <strong>Was ist Zink?<\/strong><\/h2>\n<p> Es ist ein duktiles und formbares \u00dcbergangsmetall und sein reiner Zustand hat eine bl\u00e4ulich-wei\u00dfe Farbe, das an der Luft mit einer bl\u00e4ulich-gr\u00fcnen Flamme brennt. Trockene Luft kann es nicht angreifen, aber bei Feuchtigkeit bildet es eine oberfl\u00e4chliche Oxidschicht, die es isoliert und vor Korrosion sch\u00fctzt. Im kalten Zustand widersteht es einer plastischen Verformung, die im hei\u00dfen Zustand abnimmt, sodass es \u00fcber 100 \u00b0C gewalzt werden kann.<\/p>\n<h3> <strong>Zinksymbol<\/strong><\/h3>\n<p> <span class=\"content-chemical-element\" style=\"float: left;width: 65px;height: 65px;border: 3px solid #666; display:flex;\n    justify-content: center;align-items: center;margin-right: 15px;\"><span style=\"font-size: 38px;\">Zn<\/span><\/span> ist ein chemisches Element des Periodensystems der Gruppe 12, sein Atomgewicht betr\u00e4gt 65,37 und seine Ordnungszahl betr\u00e4gt 30. Es gibt 15 Zinkisotope, von denen 5 stabil sind.<\/p>\n<h2> <strong>Eigenschaften von Zink<\/strong><\/h2>\n<p> Kurioserweise wurde es schon lange vor seiner Entdeckung verwendet, denn in einigen Ruinen im fernen Siebenb\u00fcrgen wurde Messing mit 87 % Zink gefunden. Weitere Funktionen werden hier beschrieben:<\/p>\n<ul>\n<li> <strong>Chemische Reaktivit\u00e4t<\/strong> : Es ist reaktiv und hat 4 metastabile Zust\u00e4nde und radioaktive Isotope mit einer Dauer von 14 Stunden.<\/li>\n<li> <strong>L\u00f6slichkeit<\/strong> : Es ist in S\u00e4uren l\u00f6slich, die Wasserstoffatome freisetzen und Kationen bilden.<\/li>\n<li> <strong>Zustand<\/strong> : In der Natur ist der Zustand solide.<\/li>\n<li> <strong>Elektrische Leitf\u00e4higkeit:<\/strong> Es leitet Strom und W\u00e4rme.<\/li>\n<\/ul>\n<h2> <strong>Chemische und physikalische Eigenschaften von Zink<\/strong><\/h2>\n<ol>\n<li> <strong>Ordnungszahl<\/strong> : 30<\/li>\n<li> <strong>Zeitraum:<\/strong> 4<\/li>\n<li> <strong>Block:<\/strong> d<\/li>\n<li> <strong>Dichte:<\/strong> 7140<\/li>\n<li> <strong>Kovalenter Radius:<\/strong> 131<\/li>\n<li> <strong>Elektronen pro Ebene:<\/strong> 2,8,12,2<\/li>\n<li> <strong>Atomradius:<\/strong> 142<\/li>\n<li> <strong>Spezifische W\u00e4rme:<\/strong> 390 J<\/li>\n<li> <strong>Elektronegativit\u00e4t:<\/strong> 1,6<\/li>\n<li> <strong>Verdampfungsenthalpie:<\/strong> 115,3 kJ\/mol<\/li>\n<li> <strong>Schmelzpunkt:<\/strong> 692,68 K<\/li>\n<li> <strong>Siedepunkt:<\/strong> 1180 K<\/li>\n<li> <strong>Schmelzenthalpie:<\/strong> 7.322 Kj\/mol<\/li>\n<li> <strong>Schallgeschwindigkeit:<\/strong> 3700 m\/s bei 293,15 K<\/li>\n<li> <strong>Dampfdruck:<\/strong> 192,2 Pa bei 692,73 K<\/li>\n<li> <strong>Elektronische Konfiguration:<\/strong> [Ar]4s <sup>2<\/sup> 3d <sup>10<\/sup><\/li>\n<li> <strong>Elektrische Leitf\u00e4higkeit:<\/strong> 16,6 \u00b7 10 <sup>6<\/sup> S\/m<\/li>\n<\/ol>\n<h2> <strong>Herkunft von Zink<\/strong><\/h2>\n<p> Sein Name leitet sich vom deutschen Wort Zink ab, das sich auf eines der aus Messing abgeleiteten Metalle bezieht, das Ergebnis einer Legierung zwischen Kupfer und Zink. Au\u00dferdem kommt es vom deutschen Wort \u201ezinke\u201c, was \u201escharfe Spitze\u201c bedeutet, aufgrund der Form, die es hatte, als es in den Hoch\u00f6fen abgelagert wurde.<\/p>\n<p> Alle Zink- und Kupferh\u00fctten wurden auf Zypern entdeckt und sp\u00e4ter von den R\u00f6mern genutzt. Es wurde im 13. Jahrhundert in Indien metallisch durch Reduktion von Zinkcarbonat mit Holz gewonnen. Dann entdeckte Andreas Marggraf es 1746 in Europa wieder, indem er den Ma\u00dfstab mit Holzkohle verkleinerte.<\/p>\n<h2> <strong>Wof\u00fcr wird Zink verwendet?<\/strong><\/h2>\n<p> Seit der Antike wird es zur Herstellung von Teilen f\u00fcr Zierelemente verwendet. Heutzutage wird es in industriellen Prozessen sowie im Baugewerbe und in der Medizin eingesetzt, wie im Folgenden beschrieben:<\/p>\n<h3> <strong>Medizin und Kosmetik<\/strong><\/h3>\n<p> Zinkoxid wird verwendet, um Sch\u00e4den an der Epidermis zu verhindern, beschleunigt die Linderung von Entz\u00fcndungen und Wunden und haftet an der Hautoberfl\u00e4che, wodurch eine d\u00fcnne Schicht entsteht. Daher wird es in Deodorants, Lotionen, Dressings, Shampoos, Zahnpasten, Haut- und Fu\u00dfcremes verwendet. Dar\u00fcber hinaus ist es n\u00fctzlich f\u00fcr das reibungslose Funktionieren des K\u00f6rpers, da es Krankheiten wie Lungenentz\u00fcndung und Durchfall vorbeugt. Es ist sogar f\u00fcr die Knochenentwicklung bei S\u00e4uglingen unerl\u00e4sslich.<\/p>\n<h3> <strong>Industrielle Anwendungen<\/strong><\/h3>\n<p> Es wird zum Verzinken von Eisen oder Stahl verwendet, da seine Funktion darin besteht, die Korrosion von Metallen zu reduzieren. Dar\u00fcber hinaus wird es beim Bau von Well- und Glattblechen f\u00fcr D\u00e4cher, Rohre, Kan\u00e4le, Gesimse oder Tanks sowie zusammen mit anderen Metallen bei der Herstellung von Zierst\u00fccken verwendet.<\/p>\n<p> Dar\u00fcber hinaus wird es bei der Herstellung von wei\u00dfen \u00d6lfarben und zur Herstellung von Transparenz in Farben verwendet. Die Zinkanode wird verwendet, um die Korrosion von Metallteilen von Schiffen oder Wassertanks zu verhindern. Die Legierungen werden bei der Herstellung von Gussteilen f\u00fcr den Automobilsektor eingesetzt.<\/p>\n<h3> <strong>Luft-und Raumfahrtindustrie<\/strong><\/h3>\n<p> In der Luft- und Raumfahrt werden Batterien aufgrund ihrer hervorragenden Leistung in Gewichtseinheiten zur Herstellung von Raumkapseln und Raketen verwendet. Auch bei Laptop-Komponenten kommt es h\u00e4ufig vor.<\/p>\n<h2> <strong>Lebensmittel, die Zink enthalten<\/strong><\/h2>\n<p> Lebensmittel, die reich an Zink sind, sind:<\/p>\n<ul>\n<li> Kompletter Reis.<\/li>\n<li> Eier.<\/li>\n<li> Schalentiere wie Austern, Muscheln und Krabben.<\/li>\n<li> Mageres Fleisch und Schweinefleisch.<\/li>\n<li> K\u00fcrbisse.<\/li>\n<li> K\u00e4se.<\/li>\n<li> Wassermelonenkerne.<\/li>\n<li> Huhn und Truthahn.<\/li>\n<li> Erdn\u00fcsse.<\/li>\n<li> Haseln\u00fcsse und Mandeln.<\/li>\n<li> Dunkle Schokolade.<\/li>\n<\/ul>\n<p> Zusammenfassend l\u00e4sst sich sagen, dass Zink ein lebenswichtiges chemisches Element ist, das anderen Elementen wie Cadmium und Magnesium \u00e4hnelt. Es kommt am h\u00e4ufigsten in der Erdkruste vor und ist eines der 23 Elemente, nach denen die Industrie sucht, da es ein duktiles und formbares Metall ist.<\/p>\n","protected":false},"excerpt":{"rendered":"<p>Zink ist ein Element des Periodensystems und kommt nat\u00fcrlicherweise in Wasser, Boden, Gestein und Luft vor und ist f\u00fcr das Wohlbefinden aller Lebewesen von entscheidender Bedeutung. Dar\u00fcber hinaus spielt es in bestimmten Industrieprodukten und Anwendungen eine wichtige Rolle. Es wird auch zum Schutz von Stahl vor Korrosion und f\u00fcr andere Anwendungen verwendet, \u00fcber die Sie &#8230; <a title=\"Zink\" class=\"read-more\" href=\"https:\/\/chemuza.org\/de\/zink\/\" aria-label=\"Mehr zu Zink\">Mehr lesen<\/a><\/p>\n","protected":false},"author":1,"featured_media":0,"parent":0,"menu_order":0,"comment_status":"closed","ping_status":"closed","template":"","meta":{"footnotes":""},"class_list":["post-1497","page","type-page","status-publish"],"yoast_head":"<!-- This site is optimized with the Yoast SEO plugin v21.4 - https:\/\/yoast.com\/wordpress\/plugins\/seo\/ -->\n<title>Zink - Chemuza<\/title>\n<meta name=\"robots\" content=\"index, follow, max-snippet:-1, max-image-preview:large, max-video-preview:-1\" \/>\n<link rel=\"canonical\" href=\"https:\/\/chemuza.org\/de\/zink\/\" \/>\n<meta property=\"og:locale\" content=\"de_DE\" \/>\n<meta property=\"og:type\" content=\"article\" \/>\n<meta property=\"og:title\" content=\"Zink - Chemuza\" \/>\n<meta property=\"og:description\" content=\"Zink ist ein Element des Periodensystems und kommt nat\u00fcrlicherweise in Wasser, Boden, Gestein und Luft vor und ist f\u00fcr das Wohlbefinden aller Lebewesen von entscheidender Bedeutung. Dar\u00fcber hinaus spielt es in bestimmten Industrieprodukten und Anwendungen eine wichtige Rolle. Es wird auch zum Schutz von Stahl vor Korrosion und f\u00fcr andere Anwendungen verwendet, \u00fcber die Sie ... Mehr lesen\" \/>\n<meta property=\"og:url\" content=\"https:\/\/chemuza.org\/de\/zink\/\" \/>\n<meta property=\"og:site_name\" content=\"Chemuza\" \/>\n<meta name=\"twitter:card\" content=\"summary_large_image\" \/>\n<meta name=\"twitter:label1\" content=\"Gesch\u00e4tzte Lesezeit\" \/>\n\t<meta name=\"twitter:data1\" content=\"4\u00a0Minuten\" \/>\n<script type=\"application\/ld+json\" class=\"yoast-schema-graph\">{\"@context\":\"https:\/\/schema.org\",\"@graph\":[{\"@type\":\"WebPage\",\"@id\":\"https:\/\/chemuza.org\/de\/zink\/\",\"url\":\"https:\/\/chemuza.org\/de\/zink\/\",\"name\":\"Zink - Chemuza\",\"isPartOf\":{\"@id\":\"https:\/\/chemuza.org\/de\/#website\"},\"datePublished\":\"2023-07-14T19:36:02+00:00\",\"dateModified\":\"2023-07-14T19:36:02+00:00\",\"breadcrumb\":{\"@id\":\"https:\/\/chemuza.org\/de\/zink\/#breadcrumb\"},\"inLanguage\":\"de\",\"potentialAction\":[{\"@type\":\"ReadAction\",\"target\":[\"https:\/\/chemuza.org\/de\/zink\/\"]}]},{\"@type\":\"BreadcrumbList\",\"@id\":\"https:\/\/chemuza.org\/de\/zink\/#breadcrumb\",\"itemListElement\":[{\"@type\":\"ListItem\",\"position\":1,\"name\":\"Heim\",\"item\":\"https:\/\/chemuza.org\/de\/\"},{\"@type\":\"ListItem\",\"position\":2,\"name\":\"Zink\"}]},{\"@type\":\"WebSite\",\"@id\":\"https:\/\/chemuza.org\/de\/#website\",\"url\":\"https:\/\/chemuza.org\/de\/\",\"name\":\"Chemuza\",\"description\":\"Ihr Tor zur chemischen Entdeckung\",\"publisher\":{\"@id\":\"https:\/\/chemuza.org\/de\/#organization\"},\"potentialAction\":[{\"@type\":\"SearchAction\",\"target\":{\"@type\":\"EntryPoint\",\"urlTemplate\":\"https:\/\/chemuza.org\/de\/?s={search_term_string}\"},\"query-input\":\"required name=search_term_string\"}],\"inLanguage\":\"de\"},{\"@type\":\"Organization\",\"@id\":\"https:\/\/chemuza.org\/de\/#organization\",\"name\":\"Chemuza\",\"url\":\"https:\/\/chemuza.org\/de\/\",\"logo\":{\"@type\":\"ImageObject\",\"inLanguage\":\"de\",\"@id\":\"https:\/\/chemuza.org\/de\/#\/schema\/logo\/image\/\",\"url\":\"https:\/\/chemuza.org\/de\/wp-content\/uploads\/2023\/10\/chemuza-logo.png\",\"contentUrl\":\"https:\/\/chemuza.org\/de\/wp-content\/uploads\/2023\/10\/chemuza-logo.png\",\"width\":387,\"height\":70,\"caption\":\"Chemuza\"},\"image\":{\"@id\":\"https:\/\/chemuza.org\/de\/#\/schema\/logo\/image\/\"}}]}<\/script>\n<!-- \/ Yoast SEO plugin. -->","yoast_head_json":{"title":"Zink - Chemuza","robots":{"index":"index","follow":"follow","max-snippet":"max-snippet:-1","max-image-preview":"max-image-preview:large","max-video-preview":"max-video-preview:-1"},"canonical":"https:\/\/chemuza.org\/de\/zink\/","og_locale":"de_DE","og_type":"article","og_title":"Zink - Chemuza","og_description":"Zink ist ein Element des Periodensystems und kommt nat\u00fcrlicherweise in Wasser, Boden, Gestein und Luft vor und ist f\u00fcr das Wohlbefinden aller Lebewesen von entscheidender Bedeutung. Dar\u00fcber hinaus spielt es in bestimmten Industrieprodukten und Anwendungen eine wichtige Rolle. Es wird auch zum Schutz von Stahl vor Korrosion und f\u00fcr andere Anwendungen verwendet, \u00fcber die Sie ... Mehr lesen","og_url":"https:\/\/chemuza.org\/de\/zink\/","og_site_name":"Chemuza","twitter_card":"summary_large_image","twitter_misc":{"Gesch\u00e4tzte Lesezeit":"4\u00a0Minuten"},"schema":{"@context":"https:\/\/schema.org","@graph":[{"@type":"WebPage","@id":"https:\/\/chemuza.org\/de\/zink\/","url":"https:\/\/chemuza.org\/de\/zink\/","name":"Zink - Chemuza","isPartOf":{"@id":"https:\/\/chemuza.org\/de\/#website"},"datePublished":"2023-07-14T19:36:02+00:00","dateModified":"2023-07-14T19:36:02+00:00","breadcrumb":{"@id":"https:\/\/chemuza.org\/de\/zink\/#breadcrumb"},"inLanguage":"de","potentialAction":[{"@type":"ReadAction","target":["https:\/\/chemuza.org\/de\/zink\/"]}]},{"@type":"BreadcrumbList","@id":"https:\/\/chemuza.org\/de\/zink\/#breadcrumb","itemListElement":[{"@type":"ListItem","position":1,"name":"Heim","item":"https:\/\/chemuza.org\/de\/"},{"@type":"ListItem","position":2,"name":"Zink"}]},{"@type":"WebSite","@id":"https:\/\/chemuza.org\/de\/#website","url":"https:\/\/chemuza.org\/de\/","name":"Chemuza","description":"Ihr Tor zur chemischen Entdeckung","publisher":{"@id":"https:\/\/chemuza.org\/de\/#organization"},"potentialAction":[{"@type":"SearchAction","target":{"@type":"EntryPoint","urlTemplate":"https:\/\/chemuza.org\/de\/?s={search_term_string}"},"query-input":"required name=search_term_string"}],"inLanguage":"de"},{"@type":"Organization","@id":"https:\/\/chemuza.org\/de\/#organization","name":"Chemuza","url":"https:\/\/chemuza.org\/de\/","logo":{"@type":"ImageObject","inLanguage":"de","@id":"https:\/\/chemuza.org\/de\/#\/schema\/logo\/image\/","url":"https:\/\/chemuza.org\/de\/wp-content\/uploads\/2023\/10\/chemuza-logo.png","contentUrl":"https:\/\/chemuza.org\/de\/wp-content\/uploads\/2023\/10\/chemuza-logo.png","width":387,"height":70,"caption":"Chemuza"},"image":{"@id":"https:\/\/chemuza.org\/de\/#\/schema\/logo\/image\/"}}]}},"yoast_meta":{"yoast_wpseo_title":"","yoast_wpseo_metadesc":"","yoast_wpseo_canonical":""},"_links":{"self":[{"href":"https:\/\/chemuza.org\/de\/wp-json\/wp\/v2\/pages\/1497","targetHints":{"allow":["GET"]}}],"collection":[{"href":"https:\/\/chemuza.org\/de\/wp-json\/wp\/v2\/pages"}],"about":[{"href":"https:\/\/chemuza.org\/de\/wp-json\/wp\/v2\/types\/page"}],"author":[{"embeddable":true,"href":"https:\/\/chemuza.org\/de\/wp-json\/wp\/v2\/users\/1"}],"replies":[{"embeddable":true,"href":"https:\/\/chemuza.org\/de\/wp-json\/wp\/v2\/comments?post=1497"}],"version-history":[{"count":0,"href":"https:\/\/chemuza.org\/de\/wp-json\/wp\/v2\/pages\/1497\/revisions"}],"wp:attachment":[{"href":"https:\/\/chemuza.org\/de\/wp-json\/wp\/v2\/media?parent=1497"}],"curies":[{"name":"wp","href":"https:\/\/api.w.org\/{rel}","templated":true}]}}