{"id":1496,"date":"2023-10-25T13:51:16","date_gmt":"2023-10-25T13:51:16","guid":{"rendered":"https:\/\/chemuza.org\/de\/kobalt\/"},"modified":"2023-10-25T13:51:16","modified_gmt":"2023-10-25T13:51:16","slug":"kobalt","status":"publish","type":"page","link":"https:\/\/chemuza.org\/de\/kobalt\/","title":{"rendered":"Kobalt"},"content":{"rendered":"<p>Ein in der Natur weit verbreitetes Element mit einem Anteil von 0,001 %. Es kommt in magmatischen Gesteinen, Sternen, Meteoriten, S\u00fc\u00dfwasser, Pflanzen, Meeren und Tieren vor. Es ist in der Umwelt sehr stabil und oxidiert bei hohen Temperaturen und wird rot. Nachfolgend finden Sie eine kurze Beschreibung von Kobalt und allen Einzelheiten zu diesem Metall.<\/p>\n<h2> <strong>Was ist Kobalt?<\/strong><\/h2>\n<p> Es ist ein chemisches Element mit der Ordnungszahl 27 und geh\u00f6rt zu den \u00dcbergangsmetallen des Periodensystems. Sein Atomgewicht betr\u00e4gt 58,93 und es ist magnetisch mit geringer Duktilit\u00e4t und Festigkeit bei normalen Temperaturen. Dar\u00fcber hinaus verf\u00fcgt es \u00fcber ferromagnetische Eigenschaften, die es ihm erm\u00f6glichen, verschiedene Legierungen zu bilden, um die blaue Farbe von Glas, Farben und Emails zu erzeugen.<\/p>\n<h3> <strong>Kobalt-Symbol<\/strong><\/h3>\n<p> <span class=\"content-chemical-element\" style=\"float: left;width: 65px;height: 65px;border: 3px solid #666; display:flex;\n    justify-content: center;align-items: center;margin-right: 15px;\"><span style=\"font-size: 38px;\">Co<\/span><\/span> Der Name kommt vom deutschen Kobalt, was Elf bedeutet. Es erh\u00e4lt diesen Namen, weil die Bergleute es f\u00fcr ein Metall hielten, das Kobolde mit Silber und Nickel vermischten, um sie krank zu machen und aufgrund seiner Giftigkeit und Farbe Probleme bei der Gewinnung anderer Mineralien zu verursachen.<\/p>\n<h2> <strong>Eigenschaften von Kobalt<\/strong><\/h2>\n<p> Dieses Metall befindet sich in Gruppe 9 des Periodensystems. Es hat bl\u00e4ulich-wei\u00dfe ferromagnetische Eigenschaften mit hoher Spannungsfestigkeit. Dar\u00fcber hinaus ist es thermisch und hat eine gute elektrochemische Leitf\u00e4higkeit, genau wie Nickel und Eisen. Weitere Eigenschaften des Metalls sind:<\/p>\n<ul>\n<li> <strong>Zustand<\/strong> : Solide.<\/li>\n<li> <strong>Geschmack und Geruch<\/strong> : Metallisch, ohne charakteristischen Geruch.<\/li>\n<li> <strong>Zusammensetzung<\/strong> : Atommodell aus 32 Neutronen, 27 Protonen und 27 Elektronen.<\/li>\n<li> <strong>Struktur<\/strong> : Es hat zwei allotrope Formen, eine kristalline mit sechseckiger Geometrie und eine weitere kubische auf seinen Fl\u00e4chen.<\/li>\n<li> <strong>Best\u00e4ndigkeit<\/strong> : Hoch und best\u00e4ndig gegen Abnutzung durch Wasser oder Wind, ist jedoch schwach gegen\u00fcber Salpeter-, Salz- und Schwefels\u00e4ure.<\/li>\n<li> <strong>Toxizit\u00e4t<\/strong> : Es ist hoch und in Pulverform sehr entz\u00fcndlich.<\/li>\n<li> <strong>L\u00f6slichkeit<\/strong> : Abh\u00e4ngig von seinem pH-Wert ist es in Wasser l\u00f6slich.<\/li>\n<\/ul>\n<h2> <strong>Chemische und physikalische Eigenschaften von Kobalt<\/strong><\/h2>\n<ol>\n<li> <strong>Ordnungszahl<\/strong> : 27<\/li>\n<li> <strong>Zeitraum<\/strong> : 4<\/li>\n<li> <strong>Blockieren<\/strong> \ud83d\ude00<\/li>\n<li> <strong>Gruppe<\/strong> : 9<\/li>\n<li> <strong>Kovalenter Radius (\u00c5):<\/strong> 126<strong> <\/strong>Nachmittag<\/li>\n<li> <strong>Spezifische W\u00e4rme:<\/strong> 420 J \/ (K kg)<\/li>\n<li> <strong>Atommasse (g\/mol):<\/strong> 58,93<\/li>\n<li> <strong>Dichte:<\/strong> 8,9 kg\/m3<\/li>\n<li> <strong>Siedepunkt:<\/strong> 2900<strong> <\/strong>\u00b0C<\/li>\n<li> <strong>Schmelzpunkt:<\/strong> 1495\u00b0C<\/li>\n<li> <strong>Atomradius:<\/strong> 152h<\/li>\n<li> <strong>Durchschnittlicher Radius:<\/strong> 135h<\/li>\n<li> <strong>Oxidationsstufe:<\/strong> 5, 4, 3, 2, 1, -1<\/li>\n<li> <strong>Erstes Ionisationspotential eV:<\/strong> 7,90<\/li>\n<li> <strong>Elektronische Konfiguration:<\/strong> [Ar]3d74s2<\/li>\n<li> <strong>W\u00e4rmeleitf\u00e4higkeit:<\/strong> 0-100 C (W m-1 K-1)<\/li>\n<li> <strong>Elektronen pro Schale:<\/strong> 2, 8, 15, 2<\/li>\n<li> <strong>Elektronegativit\u00e4t:<\/strong> 1,8<\/li>\n<\/ol>\n<h2> <strong>Herkunft von Kobalt<\/strong><\/h2>\n<p> Dieses Metall stammt aus der Zeit vor Christus in persischen und \u00e4gyptischen Kulturen, wo es zur Herstellung von Figuren verwendet wurde. Es wurde 1730 von George Brandt als chemisches Element entdeckt, der durch ein Experiment zeigte, dass dieses Element Glas eine blaue Farbe verleiht.<\/p>\n<p> Nachdem seine Eigenschaften nachgewiesen waren, war es die erste metallische Verbindung, die in pr\u00e4historischen Zeiten entdeckt wurde, als andere Metalle noch nicht als Elemente bekannt waren.<\/p>\n<h2> <strong>Wof\u00fcr wird Kobalt verwendet?<\/strong><\/h2>\n<p> Die Gewinnung des Metalls wird im industriellen und metallurgischen Bereich bei der Herstellung von Legierungen verwendet. Diese verbessern die Leistung von Turbinen, Karbiden und Diamanten. Weitere Verwendungszwecke sind:<\/p>\n<h3> <strong>Legierungen<\/strong><\/h3>\n<p> Dabei handelt es sich um Gemische aus einem oder mehreren Elementen und solche aus Kobalt werden bei der Herstellung von Maschinen, Werkzeugen, Glasdichtungen und Dentalteilen verwendet. Dar\u00fcber hinaus wird die Mischung aus Kobalt und Nickel bei der Herstellung von Magnetb\u00e4ndern und Magneten verwendet. Andere sind f\u00fcr die Herstellung orthop\u00e4discher Implantate f\u00fcr Taille und Knie vorgesehen.<\/p>\n<h3> <strong>medizinischen Bereich<\/strong><\/h3>\n<p> Kobalt 60 wird in der Medizin zur Erzeugung von Gammastrahlen verwendet, ideal zur Behandlung von Krebstumoren. Dar\u00fcber hinaus ist es wirksam zur Sterilisation von medizinischen Ger\u00e4ten, Abf\u00e4llen, zur Lebensmittelreinigung, Strahlentherapie und zur Messung der Objektdichte.<\/p>\n<h3> <strong>Industriebereich<\/strong><\/h3>\n<p> Verbindungen dieses Elements werden bei der Herstellung von Emails, Glasfarben und Keramik verwendet. Es wird als Schutzmittel beim Beschichten von Schmuck verwendet, um Oxidation zu verhindern. Dar\u00fcber hinaus wird es im chemischen Bereich als homogener und heterogener Katalysator bei der Synthese von Kraftstoffen eingesetzt.<\/p>\n<h2> <strong>Wie wird Kobalt gewonnen?<\/strong><\/h2>\n<p> Die Gewinnung von Kobalt erfolgt durch die Trennung von Eisen, Kupfer und Nickel durch teilweises R\u00f6sten der Schwefelmaterialien. Im chemischen Prozess werden die anderen Metalle oxidiert und es bleibt ein sulfidhaltiger Rohstoff zur\u00fcck. Anschlie\u00dfend erfolgt die Auslaugung oder Extraktion des l\u00f6slichen Materials unter Einwirkung eines fl\u00fcssigen L\u00f6sungsmittels. Diese Technik trennt die Elemente nach und nach, bis Sie eine reine Probe des Elements erhalten.<\/p>\n<h2> <strong>Kobalthaltige Lebensmittel<\/strong><\/h2>\n<p> Diese Verbindung ist ein lebenswichtiges Spurenelement f\u00fcr den K\u00f6rper und den Zellstoffwechsel. Man findet es in Fisch, Leber, Fleisch, Getreide, Weizen, N\u00fcssen, Milch, Linsen, Zwiebeln, Reis und R\u00fcben. Es ist sogar ein wichtiger Bestandteil von Vitamin B12, das dem K\u00f6rper Vorteile bringt.<\/p>\n<p> Zusammenfassend ist es eines der st\u00e4rksten \u00dcbergangsmetalle und in der Lage, verschiedene Legierungen mit Anwendungen in der Metallurgie, Medizin und Elektronik zu bilden. Dar\u00fcber hinaus kommen die nat\u00fcrlichen Funktionen von Kobalt der Gesundheit und dem Immunsystem zugute.<\/p>\n","protected":false},"excerpt":{"rendered":"<p>Ein in der Natur weit verbreitetes Element mit einem Anteil von 0,001 %. Es kommt in magmatischen Gesteinen, Sternen, Meteoriten, S\u00fc\u00dfwasser, Pflanzen, Meeren und Tieren vor. Es ist in der Umwelt sehr stabil und oxidiert bei hohen Temperaturen und wird rot. Nachfolgend finden Sie eine kurze Beschreibung von Kobalt und allen Einzelheiten zu diesem Metall. &#8230; <a title=\"Kobalt\" class=\"read-more\" href=\"https:\/\/chemuza.org\/de\/kobalt\/\" aria-label=\"Mehr zu Kobalt\">Mehr lesen<\/a><\/p>\n","protected":false},"author":1,"featured_media":0,"parent":0,"menu_order":0,"comment_status":"closed","ping_status":"closed","template":"","meta":{"footnotes":""},"class_list":["post-1496","page","type-page","status-publish"],"yoast_head":"<!-- This site is optimized with the Yoast SEO plugin v21.4 - https:\/\/yoast.com\/wordpress\/plugins\/seo\/ -->\n<title>Kobalt - Chemuza<\/title>\n<meta name=\"robots\" content=\"index, follow, max-snippet:-1, max-image-preview:large, max-video-preview:-1\" \/>\n<link rel=\"canonical\" href=\"https:\/\/chemuza.org\/de\/kobalt\/\" \/>\n<meta property=\"og:locale\" content=\"de_DE\" \/>\n<meta property=\"og:type\" content=\"article\" \/>\n<meta property=\"og:title\" content=\"Kobalt - Chemuza\" \/>\n<meta property=\"og:description\" content=\"Ein in der Natur weit verbreitetes Element mit einem Anteil von 0,001 %. Es kommt in magmatischen Gesteinen, Sternen, Meteoriten, S\u00fc\u00dfwasser, Pflanzen, Meeren und Tieren vor. Es ist in der Umwelt sehr stabil und oxidiert bei hohen Temperaturen und wird rot. Nachfolgend finden Sie eine kurze Beschreibung von Kobalt und allen Einzelheiten zu diesem Metall. ... Mehr lesen\" \/>\n<meta property=\"og:url\" content=\"https:\/\/chemuza.org\/de\/kobalt\/\" \/>\n<meta property=\"og:site_name\" content=\"Chemuza\" \/>\n<meta name=\"twitter:card\" content=\"summary_large_image\" \/>\n<meta name=\"twitter:label1\" content=\"Gesch\u00e4tzte Lesezeit\" \/>\n\t<meta name=\"twitter:data1\" content=\"4\u00a0Minuten\" \/>\n<script type=\"application\/ld+json\" class=\"yoast-schema-graph\">{\"@context\":\"https:\/\/schema.org\",\"@graph\":[{\"@type\":\"WebPage\",\"@id\":\"https:\/\/chemuza.org\/de\/kobalt\/\",\"url\":\"https:\/\/chemuza.org\/de\/kobalt\/\",\"name\":\"Kobalt - Chemuza\",\"isPartOf\":{\"@id\":\"https:\/\/chemuza.org\/de\/#website\"},\"datePublished\":\"2023-10-25T13:51:16+00:00\",\"dateModified\":\"2023-10-25T13:51:16+00:00\",\"breadcrumb\":{\"@id\":\"https:\/\/chemuza.org\/de\/kobalt\/#breadcrumb\"},\"inLanguage\":\"de\",\"potentialAction\":[{\"@type\":\"ReadAction\",\"target\":[\"https:\/\/chemuza.org\/de\/kobalt\/\"]}]},{\"@type\":\"BreadcrumbList\",\"@id\":\"https:\/\/chemuza.org\/de\/kobalt\/#breadcrumb\",\"itemListElement\":[{\"@type\":\"ListItem\",\"position\":1,\"name\":\"Heim\",\"item\":\"https:\/\/chemuza.org\/de\/\"},{\"@type\":\"ListItem\",\"position\":2,\"name\":\"Kobalt\"}]},{\"@type\":\"WebSite\",\"@id\":\"https:\/\/chemuza.org\/de\/#website\",\"url\":\"https:\/\/chemuza.org\/de\/\",\"name\":\"Chemuza\",\"description\":\"Ihr Tor zur chemischen Entdeckung\",\"publisher\":{\"@id\":\"https:\/\/chemuza.org\/de\/#organization\"},\"potentialAction\":[{\"@type\":\"SearchAction\",\"target\":{\"@type\":\"EntryPoint\",\"urlTemplate\":\"https:\/\/chemuza.org\/de\/?s={search_term_string}\"},\"query-input\":\"required name=search_term_string\"}],\"inLanguage\":\"de\"},{\"@type\":\"Organization\",\"@id\":\"https:\/\/chemuza.org\/de\/#organization\",\"name\":\"Chemuza\",\"url\":\"https:\/\/chemuza.org\/de\/\",\"logo\":{\"@type\":\"ImageObject\",\"inLanguage\":\"de\",\"@id\":\"https:\/\/chemuza.org\/de\/#\/schema\/logo\/image\/\",\"url\":\"https:\/\/chemuza.org\/de\/wp-content\/uploads\/2023\/10\/chemuza-logo.png\",\"contentUrl\":\"https:\/\/chemuza.org\/de\/wp-content\/uploads\/2023\/10\/chemuza-logo.png\",\"width\":387,\"height\":70,\"caption\":\"Chemuza\"},\"image\":{\"@id\":\"https:\/\/chemuza.org\/de\/#\/schema\/logo\/image\/\"}}]}<\/script>\n<!-- \/ Yoast SEO plugin. -->","yoast_head_json":{"title":"Kobalt - Chemuza","robots":{"index":"index","follow":"follow","max-snippet":"max-snippet:-1","max-image-preview":"max-image-preview:large","max-video-preview":"max-video-preview:-1"},"canonical":"https:\/\/chemuza.org\/de\/kobalt\/","og_locale":"de_DE","og_type":"article","og_title":"Kobalt - Chemuza","og_description":"Ein in der Natur weit verbreitetes Element mit einem Anteil von 0,001 %. Es kommt in magmatischen Gesteinen, Sternen, Meteoriten, S\u00fc\u00dfwasser, Pflanzen, Meeren und Tieren vor. Es ist in der Umwelt sehr stabil und oxidiert bei hohen Temperaturen und wird rot. Nachfolgend finden Sie eine kurze Beschreibung von Kobalt und allen Einzelheiten zu diesem Metall. ... Mehr lesen","og_url":"https:\/\/chemuza.org\/de\/kobalt\/","og_site_name":"Chemuza","twitter_card":"summary_large_image","twitter_misc":{"Gesch\u00e4tzte Lesezeit":"4\u00a0Minuten"},"schema":{"@context":"https:\/\/schema.org","@graph":[{"@type":"WebPage","@id":"https:\/\/chemuza.org\/de\/kobalt\/","url":"https:\/\/chemuza.org\/de\/kobalt\/","name":"Kobalt - Chemuza","isPartOf":{"@id":"https:\/\/chemuza.org\/de\/#website"},"datePublished":"2023-10-25T13:51:16+00:00","dateModified":"2023-10-25T13:51:16+00:00","breadcrumb":{"@id":"https:\/\/chemuza.org\/de\/kobalt\/#breadcrumb"},"inLanguage":"de","potentialAction":[{"@type":"ReadAction","target":["https:\/\/chemuza.org\/de\/kobalt\/"]}]},{"@type":"BreadcrumbList","@id":"https:\/\/chemuza.org\/de\/kobalt\/#breadcrumb","itemListElement":[{"@type":"ListItem","position":1,"name":"Heim","item":"https:\/\/chemuza.org\/de\/"},{"@type":"ListItem","position":2,"name":"Kobalt"}]},{"@type":"WebSite","@id":"https:\/\/chemuza.org\/de\/#website","url":"https:\/\/chemuza.org\/de\/","name":"Chemuza","description":"Ihr Tor zur chemischen Entdeckung","publisher":{"@id":"https:\/\/chemuza.org\/de\/#organization"},"potentialAction":[{"@type":"SearchAction","target":{"@type":"EntryPoint","urlTemplate":"https:\/\/chemuza.org\/de\/?s={search_term_string}"},"query-input":"required name=search_term_string"}],"inLanguage":"de"},{"@type":"Organization","@id":"https:\/\/chemuza.org\/de\/#organization","name":"Chemuza","url":"https:\/\/chemuza.org\/de\/","logo":{"@type":"ImageObject","inLanguage":"de","@id":"https:\/\/chemuza.org\/de\/#\/schema\/logo\/image\/","url":"https:\/\/chemuza.org\/de\/wp-content\/uploads\/2023\/10\/chemuza-logo.png","contentUrl":"https:\/\/chemuza.org\/de\/wp-content\/uploads\/2023\/10\/chemuza-logo.png","width":387,"height":70,"caption":"Chemuza"},"image":{"@id":"https:\/\/chemuza.org\/de\/#\/schema\/logo\/image\/"}}]}},"yoast_meta":{"yoast_wpseo_title":"","yoast_wpseo_metadesc":"","yoast_wpseo_canonical":""},"_links":{"self":[{"href":"https:\/\/chemuza.org\/de\/wp-json\/wp\/v2\/pages\/1496","targetHints":{"allow":["GET"]}}],"collection":[{"href":"https:\/\/chemuza.org\/de\/wp-json\/wp\/v2\/pages"}],"about":[{"href":"https:\/\/chemuza.org\/de\/wp-json\/wp\/v2\/types\/page"}],"author":[{"embeddable":true,"href":"https:\/\/chemuza.org\/de\/wp-json\/wp\/v2\/users\/1"}],"replies":[{"embeddable":true,"href":"https:\/\/chemuza.org\/de\/wp-json\/wp\/v2\/comments?post=1496"}],"version-history":[{"count":1,"href":"https:\/\/chemuza.org\/de\/wp-json\/wp\/v2\/pages\/1496\/revisions"}],"predecessor-version":[{"id":1644,"href":"https:\/\/chemuza.org\/de\/wp-json\/wp\/v2\/pages\/1496\/revisions\/1644"}],"wp:attachment":[{"href":"https:\/\/chemuza.org\/de\/wp-json\/wp\/v2\/media?parent=1496"}],"curies":[{"name":"wp","href":"https:\/\/api.w.org\/{rel}","templated":true}]}}