{"id":1495,"date":"2023-07-14T20:41:58","date_gmt":"2023-07-14T20:41:58","guid":{"rendered":"https:\/\/chemuza.org\/de\/mangan\/"},"modified":"2023-07-14T20:41:58","modified_gmt":"2023-07-14T20:41:58","slug":"mangan","status":"publish","type":"page","link":"https:\/\/chemuza.org\/de\/mangan\/","title":{"rendered":"Mangan"},"content":{"rendered":"<p>Wussten Sie, dass mehr als 90 % Mangan in der Metallurgie und Stahlherstellung verwendet werden? Der Grund ist seine n\u00fctzliche chemische Reaktivit\u00e4t. Andererseits spielt es f\u00fcr lebende Organismen eine wesentliche Rolle, auch wenn es in der Natur nicht in reiner Form vorkommt. Informieren Sie sich unter anderem \u00fcber seine Geschichte, seine Eigenschaften, wer es entdeckt hat.<\/p>\n<h2> <strong>Was ist Mangan?<\/strong><\/h2>\n<p> Es ist ein eisen\u00e4hnliches \u00dcbergangsmetall, reaktiv, feuerfest und stark oxidierbar. Obwohl es hart ist, handelt es sich im Allgemeinen um ein zerbrechliches chemisches Element. Aufgrund der vielen Oxidationsstufen seiner Verbindungen kann es von anderen Elementen unterschieden werden. Andererseits kommt es in einer Vielzahl von Mineralien vor, am h\u00e4ufigsten sind Mangandioxid und Carbonat.<\/p>\n<h3> <strong>Mangan-Symbol<\/strong><\/h3>\n<p> <span class=\"content-chemical-element\" style=\"float: left;width: 65px;height: 65px;border: 3px solid #666; display:flex;\n    justify-content: center;align-items: center;margin-right: 15px;\"><span style=\"font-size: 38px;\">Mn<\/span><\/span> Diese Symbologie stammt von schwarzer Magnesia, dem heutigen Mineral Pyrolusit, das fr\u00fcher <em>Magnes<\/em> genannt wurde, weil es mit dem Stein Magnetit verwechselt wurde. Im 16. Jahrhundert f\u00fcgten Glasmacher dem Namen zwei \u201en\u201c hinzu und sp\u00e4ter erhielt er seinen heutigen Namen.<\/p>\n<h2> <strong>Eigenschaften von Mangan<\/strong><\/h2>\n<p> Es hat eine Atommasse von 54,93 g\/mol und eine Dichte von 7.430 kg\/m\u00b3 bei 20 \u00b0C. Dar\u00fcber hinaus hat das Element in seinem reinen Zustand vier allotrope Formen, von denen die bekanntesten Alpha und Gamma sind. Beachten Sie dann die weiteren Eigenschaften des Metalls:<\/p>\n<ul>\n<li> <strong>Chemische Reaktivit\u00e4t<\/strong> : Bei hohen Temperaturen reagiert es mit den meisten nichtmetallischen Elementen, Wasser, S\u00e4uren und Halogenen.<\/li>\n<li> <strong>Schmelzen und Kochen<\/strong> : Es hat hohe Schmelz- und Siedepunkte.<\/li>\n<li> <strong>Zustand<\/strong> : Bei Raumtemperatur ist es fest.<\/li>\n<li> <strong>Ver\u00e4nderungen<\/strong> : Es oxidiert und verbrennt an der Luft, w\u00e4hrend es mit feuchter Luft Oxide bildet.<\/li>\n<li> <strong>Farbe<\/strong> : In reinem Zustand ist es strahlend wei\u00df, aber seine Verbindungen sind bekannterma\u00dfen farbig.<\/li>\n<li> <strong>Textur<\/strong> : Kristallin und weich.<\/li>\n<li> <strong>Geruch<\/strong> : Es ist geruchlos.<\/li>\n<li> <strong>Temperatur<\/strong> : \u00c4ndert seine Kristallstruktur, wenn es klimatischen Ver\u00e4nderungen ausgesetzt wird.<\/li>\n<li> <strong>H\u00e4rte<\/strong> : 6 auf der Mohs-Skala, aber gleichzeitig ist es spr\u00f6de.<\/li>\n<li> <strong>Magnetische Ordnung<\/strong> : Es handelt sich im Allgemeinen nicht um ein ferromagnetisches Element, obwohl es sich bei besonderen Behandlungen \u00e4ndern kann.<\/li>\n<li> <strong>Zustand:<\/strong> Solide.<\/li>\n<\/ul>\n<h2> <strong>Chemische und physikalische Eigenschaften von Mangan<\/strong><\/h2>\n<ol>\n<li> <strong>Ordnungszahl<\/strong> : 25<\/li>\n<li> <strong>Dichte<\/strong> : 7430 kg\/m\u00b3<\/li>\n<li> <strong>Rost<\/strong> : Starke S\u00e4ure<\/li>\n<li> <strong>Kovalenter Radius (\u00c5)<\/strong> : 139 Uhr<\/li>\n<li> <strong>Elektronische Konfiguration<\/strong> : [Ar]3d <sup>5<\/sup> 4s <sup>2<\/sup><\/li>\n<li> <strong>Siedepunkt<\/strong> : 2061 \u00b0C (2334 K)<\/li>\n<li> <strong>Atommasse (g\/mol)<\/strong> : 54,938049 u<\/li>\n<li> <strong>Schmelzenthalpie<\/strong> : 12,05 kJ\/mol<\/li>\n<li> <strong>Schallgeschwindigkeit<\/strong> : 5150 m\/s bei 293,15 K<\/li>\n<li> <strong>Erstes Ionisierungspotential (eV)<\/strong> : 717,3 kJ\/mol<\/li>\n<li> <strong>Schmelzpunkt<\/strong> : 1246\u00b0C (1519K)<\/li>\n<li> <strong>Verdampfungsenthalpie<\/strong> : 226 kJ\/mol<\/li>\n<li> <strong>Atomradius (\u00c5)<\/strong> : 161 pm (Bohr-Radius)<\/li>\n<li> <strong>Spezifische W\u00e4rme<\/strong> : 480 J\/(K-kg)<\/li>\n<li> <strong>Oxidationsstufen<\/strong> : 7, 6, 4, 2, 3<\/li>\n<li> <strong>Elektronegativit\u00e4t<\/strong> : 1,55 (Pauling-Skala)<\/li>\n<li> <strong>Elektronen pro Ebene<\/strong> : 2, 8, 13, 2<\/li>\n<\/ol>\n<h2> <strong>Herkunft von Mangan<\/strong><\/h2>\n<p> Der Geschichte des Mangans zufolge verwendeten die \u00c4gypter und R\u00f6mer Verbindungen des Elements, um Glas zu verf\u00e4rben oder ihm Farbe zu verleihen. Dar\u00fcber hinaus wurden franz\u00f6sische H\u00f6hlenmalereien entdeckt, die \u00dcberreste des Elements enthalten. Auch in einigen Eisenminen der alten Spartaner, die dieses Material zum H\u00e4rten ihrer Schwerter verwendeten.<\/p>\n<p> Seine Entdeckung erfolgte sp\u00e4ter durch Carl Wilhem Scheele im Jahr 1771. Der offizielle Verdienst wird jedoch dem Chemiker Johan Gottlieb Gahn zugeschrieben, da er es 1774 isolieren konnte. Der Schwede f\u00fchrte die Reduktion des Manganoxids zu einem durch Element durch die Kombination mit Kohlenstoff.<\/p>\n<h2> <strong>Wof\u00fcr wird Mangan verwendet?<\/strong><\/h2>\n<p> Es ist ein Metall, das f\u00fcr chemische und metallurgische Anwendungen verwendet wird. Es stellt au\u00dferdem ein lebenswichtiges Element des menschlichen K\u00f6rpers dar, da es an der Bildung und Entwicklung von Knochengewebe beteiligt ist. Die anderen Verwendungsm\u00f6glichkeiten dieses Metalls betreffen:<\/p>\n<ul>\n<li> Reduziert Motorger\u00e4usche und erh\u00f6ht die Oktanzahl des Kraftstoffs.<\/li>\n<li> Es wird in der kosteng\u00fcnstigen Edelstahlherstellung eingesetzt.<\/li>\n<li> Im Allgemeinen wird es mit Aluminium legiert, um eine h\u00f6here Korrosionsbest\u00e4ndigkeit zu erreichen.<\/li>\n<li> In handels\u00fcblichen Einwegbatterien.<\/li>\n<li> Sein Oxid wird zur Oxidation von Benzylalkohol verwendet.<\/li>\n<li> Mangandioxid ist eine Verbindung, die zur Herstellung von Farben verwendet wird.<\/li>\n<li> Eine Verbindung des Elements wird verwendet, um der kontaminierenden Wirkung von Eisen im Glas entgegenzuwirken.<\/li>\n<li> Verschiedene Verbindungen k\u00f6nnen Keramik und Glas lackieren.<\/li>\n<li> Einige L\u00e4nder verwenden es als Rohstoff f\u00fcr die Herstellung von M\u00fcnzen.<\/li>\n<\/ul>\n<h2> <strong>Manganverbindungen<\/strong><\/h2>\n<p> Alle Verbindungen dieses chemischen Elements, mit Ausnahme von Permanganat, sind paramagnetisch. Mit anderen Worten: Sie werden vom Magnetfeld angezogen, weil sie ungepaarte Elektronen haben. Einige Beispiele sind:<\/p>\n<ul>\n<li> Manganoxid IV.<\/li>\n<li> Kaliummanganat.<\/li>\n<li> Kaliumpermanganat.<\/li>\n<li> Calciumpermanganat.<\/li>\n<li> Natriumpermanganat.<\/li>\n<\/ul>\n<p> Zusammenfassend ist Mangan ein reaktives, oxidierbares, feuerfestes, hartes und spr\u00f6des chemisches Element, das zu den \u00dcbergangsmetallen z\u00e4hlt. Obwohl es nicht in reiner Form vorkommt, kann es aus vielen Mineralien wie Pyrolusit gewonnen werden. Zu seinen Einsatzm\u00f6glichkeiten geh\u00f6ren au\u00dferdem die Vermeidung von Motorklopfen, die Herstellung von Einwegbatterien und billigerem Edelstahl.<\/p>\n","protected":false},"excerpt":{"rendered":"<p>Wussten Sie, dass mehr als 90 % Mangan in der Metallurgie und Stahlherstellung verwendet werden? Der Grund ist seine n\u00fctzliche chemische Reaktivit\u00e4t. Andererseits spielt es f\u00fcr lebende Organismen eine wesentliche Rolle, auch wenn es in der Natur nicht in reiner Form vorkommt. Informieren Sie sich unter anderem \u00fcber seine Geschichte, seine Eigenschaften, wer es entdeckt &#8230; <a title=\"Mangan\" class=\"read-more\" href=\"https:\/\/chemuza.org\/de\/mangan\/\" aria-label=\"Mehr zu Mangan\">Mehr lesen<\/a><\/p>\n","protected":false},"author":1,"featured_media":0,"parent":0,"menu_order":0,"comment_status":"closed","ping_status":"closed","template":"","meta":{"footnotes":""},"class_list":["post-1495","page","type-page","status-publish"],"yoast_head":"<!-- This site is optimized with the Yoast SEO plugin v21.4 - https:\/\/yoast.com\/wordpress\/plugins\/seo\/ -->\n<title>Mangan - Chemuza<\/title>\n<meta name=\"robots\" content=\"index, follow, max-snippet:-1, max-image-preview:large, max-video-preview:-1\" \/>\n<link rel=\"canonical\" href=\"https:\/\/chemuza.org\/de\/mangan\/\" \/>\n<meta property=\"og:locale\" content=\"de_DE\" \/>\n<meta property=\"og:type\" content=\"article\" \/>\n<meta property=\"og:title\" content=\"Mangan - Chemuza\" \/>\n<meta property=\"og:description\" content=\"Wussten Sie, dass mehr als 90 % Mangan in der Metallurgie und Stahlherstellung verwendet werden? Der Grund ist seine n\u00fctzliche chemische Reaktivit\u00e4t. Andererseits spielt es f\u00fcr lebende Organismen eine wesentliche Rolle, auch wenn es in der Natur nicht in reiner Form vorkommt. Informieren Sie sich unter anderem \u00fcber seine Geschichte, seine Eigenschaften, wer es entdeckt ... Mehr lesen\" \/>\n<meta property=\"og:url\" content=\"https:\/\/chemuza.org\/de\/mangan\/\" \/>\n<meta property=\"og:site_name\" content=\"Chemuza\" \/>\n<meta name=\"twitter:card\" content=\"summary_large_image\" \/>\n<meta name=\"twitter:label1\" content=\"Gesch\u00e4tzte Lesezeit\" \/>\n\t<meta name=\"twitter:data1\" content=\"4\u00a0Minuten\" \/>\n<script type=\"application\/ld+json\" class=\"yoast-schema-graph\">{\"@context\":\"https:\/\/schema.org\",\"@graph\":[{\"@type\":\"WebPage\",\"@id\":\"https:\/\/chemuza.org\/de\/mangan\/\",\"url\":\"https:\/\/chemuza.org\/de\/mangan\/\",\"name\":\"Mangan - Chemuza\",\"isPartOf\":{\"@id\":\"https:\/\/chemuza.org\/de\/#website\"},\"datePublished\":\"2023-07-14T20:41:58+00:00\",\"dateModified\":\"2023-07-14T20:41:58+00:00\",\"breadcrumb\":{\"@id\":\"https:\/\/chemuza.org\/de\/mangan\/#breadcrumb\"},\"inLanguage\":\"de\",\"potentialAction\":[{\"@type\":\"ReadAction\",\"target\":[\"https:\/\/chemuza.org\/de\/mangan\/\"]}]},{\"@type\":\"BreadcrumbList\",\"@id\":\"https:\/\/chemuza.org\/de\/mangan\/#breadcrumb\",\"itemListElement\":[{\"@type\":\"ListItem\",\"position\":1,\"name\":\"Heim\",\"item\":\"https:\/\/chemuza.org\/de\/\"},{\"@type\":\"ListItem\",\"position\":2,\"name\":\"Mangan\"}]},{\"@type\":\"WebSite\",\"@id\":\"https:\/\/chemuza.org\/de\/#website\",\"url\":\"https:\/\/chemuza.org\/de\/\",\"name\":\"Chemuza\",\"description\":\"Ihr Tor zur chemischen Entdeckung\",\"publisher\":{\"@id\":\"https:\/\/chemuza.org\/de\/#organization\"},\"potentialAction\":[{\"@type\":\"SearchAction\",\"target\":{\"@type\":\"EntryPoint\",\"urlTemplate\":\"https:\/\/chemuza.org\/de\/?s={search_term_string}\"},\"query-input\":\"required name=search_term_string\"}],\"inLanguage\":\"de\"},{\"@type\":\"Organization\",\"@id\":\"https:\/\/chemuza.org\/de\/#organization\",\"name\":\"Chemuza\",\"url\":\"https:\/\/chemuza.org\/de\/\",\"logo\":{\"@type\":\"ImageObject\",\"inLanguage\":\"de\",\"@id\":\"https:\/\/chemuza.org\/de\/#\/schema\/logo\/image\/\",\"url\":\"https:\/\/chemuza.org\/de\/wp-content\/uploads\/2023\/10\/chemuza-logo.png\",\"contentUrl\":\"https:\/\/chemuza.org\/de\/wp-content\/uploads\/2023\/10\/chemuza-logo.png\",\"width\":387,\"height\":70,\"caption\":\"Chemuza\"},\"image\":{\"@id\":\"https:\/\/chemuza.org\/de\/#\/schema\/logo\/image\/\"}}]}<\/script>\n<!-- \/ Yoast SEO plugin. -->","yoast_head_json":{"title":"Mangan - Chemuza","robots":{"index":"index","follow":"follow","max-snippet":"max-snippet:-1","max-image-preview":"max-image-preview:large","max-video-preview":"max-video-preview:-1"},"canonical":"https:\/\/chemuza.org\/de\/mangan\/","og_locale":"de_DE","og_type":"article","og_title":"Mangan - Chemuza","og_description":"Wussten Sie, dass mehr als 90 % Mangan in der Metallurgie und Stahlherstellung verwendet werden? Der Grund ist seine n\u00fctzliche chemische Reaktivit\u00e4t. Andererseits spielt es f\u00fcr lebende Organismen eine wesentliche Rolle, auch wenn es in der Natur nicht in reiner Form vorkommt. Informieren Sie sich unter anderem \u00fcber seine Geschichte, seine Eigenschaften, wer es entdeckt ... Mehr lesen","og_url":"https:\/\/chemuza.org\/de\/mangan\/","og_site_name":"Chemuza","twitter_card":"summary_large_image","twitter_misc":{"Gesch\u00e4tzte Lesezeit":"4\u00a0Minuten"},"schema":{"@context":"https:\/\/schema.org","@graph":[{"@type":"WebPage","@id":"https:\/\/chemuza.org\/de\/mangan\/","url":"https:\/\/chemuza.org\/de\/mangan\/","name":"Mangan - Chemuza","isPartOf":{"@id":"https:\/\/chemuza.org\/de\/#website"},"datePublished":"2023-07-14T20:41:58+00:00","dateModified":"2023-07-14T20:41:58+00:00","breadcrumb":{"@id":"https:\/\/chemuza.org\/de\/mangan\/#breadcrumb"},"inLanguage":"de","potentialAction":[{"@type":"ReadAction","target":["https:\/\/chemuza.org\/de\/mangan\/"]}]},{"@type":"BreadcrumbList","@id":"https:\/\/chemuza.org\/de\/mangan\/#breadcrumb","itemListElement":[{"@type":"ListItem","position":1,"name":"Heim","item":"https:\/\/chemuza.org\/de\/"},{"@type":"ListItem","position":2,"name":"Mangan"}]},{"@type":"WebSite","@id":"https:\/\/chemuza.org\/de\/#website","url":"https:\/\/chemuza.org\/de\/","name":"Chemuza","description":"Ihr Tor zur chemischen Entdeckung","publisher":{"@id":"https:\/\/chemuza.org\/de\/#organization"},"potentialAction":[{"@type":"SearchAction","target":{"@type":"EntryPoint","urlTemplate":"https:\/\/chemuza.org\/de\/?s={search_term_string}"},"query-input":"required name=search_term_string"}],"inLanguage":"de"},{"@type":"Organization","@id":"https:\/\/chemuza.org\/de\/#organization","name":"Chemuza","url":"https:\/\/chemuza.org\/de\/","logo":{"@type":"ImageObject","inLanguage":"de","@id":"https:\/\/chemuza.org\/de\/#\/schema\/logo\/image\/","url":"https:\/\/chemuza.org\/de\/wp-content\/uploads\/2023\/10\/chemuza-logo.png","contentUrl":"https:\/\/chemuza.org\/de\/wp-content\/uploads\/2023\/10\/chemuza-logo.png","width":387,"height":70,"caption":"Chemuza"},"image":{"@id":"https:\/\/chemuza.org\/de\/#\/schema\/logo\/image\/"}}]}},"yoast_meta":{"yoast_wpseo_title":"","yoast_wpseo_metadesc":"","yoast_wpseo_canonical":""},"_links":{"self":[{"href":"https:\/\/chemuza.org\/de\/wp-json\/wp\/v2\/pages\/1495","targetHints":{"allow":["GET"]}}],"collection":[{"href":"https:\/\/chemuza.org\/de\/wp-json\/wp\/v2\/pages"}],"about":[{"href":"https:\/\/chemuza.org\/de\/wp-json\/wp\/v2\/types\/page"}],"author":[{"embeddable":true,"href":"https:\/\/chemuza.org\/de\/wp-json\/wp\/v2\/users\/1"}],"replies":[{"embeddable":true,"href":"https:\/\/chemuza.org\/de\/wp-json\/wp\/v2\/comments?post=1495"}],"version-history":[{"count":0,"href":"https:\/\/chemuza.org\/de\/wp-json\/wp\/v2\/pages\/1495\/revisions"}],"wp:attachment":[{"href":"https:\/\/chemuza.org\/de\/wp-json\/wp\/v2\/media?parent=1495"}],"curies":[{"name":"wp","href":"https:\/\/api.w.org\/{rel}","templated":true}]}}