{"id":1494,"date":"2023-07-14T20:50:52","date_gmt":"2023-07-14T20:50:52","guid":{"rendered":"https:\/\/chemuza.org\/de\/titan\/"},"modified":"2023-07-14T20:50:52","modified_gmt":"2023-07-14T20:50:52","slug":"titan","status":"publish","type":"page","link":"https:\/\/chemuza.org\/de\/titan\/","title":{"rendered":"Titan"},"content":{"rendered":"<p>Titan ist das neunth\u00e4ufigste Element in der Erdkruste und kommt in verschiedenen nat\u00fcrlichen Gew\u00e4ssern und im Leben vor. Es kommt auch in den meisten magmatischen und sediment\u00e4ren Gesteinen vor. Seine Legierungen werden vielf\u00e4ltig eingesetzt, unter anderem in der modernen Luft- und Raumfahrtindustrie sowie in Anwendungen in Schmuck, Mobilger\u00e4ten und der Medizin. Erfahren Sie mehr dar\u00fcber, was dieses Element des Periodensystems bedeutet.<\/p>\n<h2> <strong>Was ist Titan?<\/strong><\/h2>\n<p> Es handelt sich um ein graues \u00dcbergangsmetall mit hoher H\u00e4rte und geringer Dichte. Im reinen Zustand kann Meerwasser oder Chlor es nicht angreifen, da es sehr widerstandsf\u00e4hig und fest wie Stahl ist. Sein Schmelzpunkt ist hoch, was bei geringer thermischer und elektrischer Leitf\u00e4higkeit n\u00fctzlich ist.<\/p>\n<h3> <strong>Titan-Symbol<\/strong><\/h3>\n<p> <span class=\"content-chemical-element\" style=\"float: left;width: 65px;height: 65px;border: 3px solid #666; display:flex;\n    justify-content: center;align-items: center;margin-right: 15px;\"><span style=\"font-size: 38px;\">Ti<\/span><\/span> Es befindet sich in der Gruppe 4 des Periodensystems mit der Ordnungszahl 22 und einem Gewicht von 47,90. Die h\u00e4ufigsten Verbindungen sind Titandioxid, Titantetrachlorid und Titantrichlorid. Dar\u00fcber hinaus gibt es zwei allotrope Formen und f\u00fcnf nat\u00fcrliche Isotope.<\/p>\n<h2> <strong>Eigenschaften von Titan<\/strong><\/h2>\n<p> Wie andere Metalle verbindet es sich zu Legierungen unter anderem mit Vanadium, Aluminium, Eisen und Molybd\u00e4n. Erfahren Sie mehr \u00fcber seine Besonderheiten als \u00dcbergangsmetall:<\/p>\n<ul>\n<li> <strong>Chemische Reaktivit\u00e4t<\/strong> : Hoch, da es zu brennen beginnt, bevor es den Schmelzpunkt erreicht.<\/li>\n<\/ul>\n<ul>\n<li> <strong>Schmelzpunkt<\/strong> : Da es hoch ist, wird es als feuerfestes Metall verwendet.<\/li>\n<li> <strong>Zustand<\/strong> : Solide und nat\u00fcrlich.<\/li>\n<li> <strong>Ver\u00e4nderungen<\/strong> : Bei niedrigen Temperaturen kristallisiert es in einer kompakten sechseckigen Form, bei hohem Klima erh\u00e4lt es jedoch eine kubische Form.<\/li>\n<li> <strong>Widerstand<\/strong> : Die Obergrenze liegt bei 538 \u00b0C und die Untergrenze bei -253 \u00b0C. Kurzzeitig kann es bis etwa 1100\u00b0C eingesetzt werden.<\/li>\n<\/ul>\n<h2> <strong>Chemische und physikalische Eigenschaften von Titan<\/strong><\/h2>\n<ol>\n<li> <strong>Ordnungszahl<\/strong> : 22<\/li>\n<li> <strong>Elektronegativit\u00e4t:<\/strong> 1,5<\/li>\n<li> <strong>Kovalenter Radius (\u00c5):<\/strong> 1,36<\/li>\n<li> <strong>Atommasse (g\/mol):<\/strong> 47,90<\/li>\n<li> <strong>Elektronische Konfiguration:<\/strong> [Ar] 3d <sup>2<\/sup> 4s <sup>2<\/sup><\/li>\n<li> <strong>Erstes Ionisationspotential (eV):<\/strong> 6,89<\/li>\n<li> <strong>Verdampfungsenthalpie:<\/strong> 421 kJ\/mol<\/li>\n<li> <strong>Schmelzenthalpie:<\/strong> 15,45 Kj\/mol<\/li>\n<li> <strong>Schmelzpunkt:<\/strong> 1668 <strong>&nbsp;<\/strong><\/li>\n<li> <strong>Schallgeschwindigkeit:<\/strong> 4140 m\/s bei 293,15 K<\/li>\n<li> <strong>Dampfdruck:<\/strong> 0,49 Pa bei 1933 K<\/li>\n<li> <strong>Kristallstruktur:<\/strong> sechseckig<\/li>\n<li> <strong>Siedepunkt:<\/strong> 3260<\/li>\n<li> <strong>Dichte von Titan:<\/strong> 4,51<\/li>\n<\/ol>\n<h2> <strong>Herkunft von Titan<\/strong><\/h2>\n<p> Der Name leitet sich vom lateinischen Wort \u201etitans\u201c ab, was m\u00f6glicherweise \u201eKinder der Erde\u201c bedeutet. Seine Entdeckung geht auf das Jahr 1791 durch den Pfarrer William Gregor zur\u00fcck. Dieser Mineraloge fand in einem Bach eine Art schwarzen Sand und beobachtete, dass er von einem Magneten angezogen wurde. Dann analysierte er es und entdeckte zwei Metalloxide, eines war Eisen und das andere wurde zu Titan, obwohl er es zu diesem Zeitpunkt nicht identifizieren konnte.<\/p>\n<p> Sp\u00e4ter, im Jahr 1795, arbeitete der Chemiker Martin Heinrich Klaproth mit einem Rutilmineral und stie\u00df auf dieses Metall <strong>,<\/strong> das er zu Ehren der Titanen der griechischen Mythologie Titan nannte.<\/p>\n<h2> <strong>Wof\u00fcr wird Titan verwendet?<\/strong><\/h2>\n<p> Es ist \u00fcblich, es in Edelstahllegierungen zu verwenden, um den Kohlenstoffgehalt zu reduzieren. Am h\u00e4ufigsten sind Eisen, Mangan, Vanadium, Kupfer und andere Metalle. Dar\u00fcber hinaus ist es in folgenden Bereichen zu finden:<\/p>\n<h3> <strong>Luft- und Raumfahrtindustrie<\/strong><\/h3>\n<p> Da es hohen Temperaturen standh\u00e4lt und sich nicht verformt, wird es bei der Herstellung von Schiffen, Raketen, Booten und Autopanzerungen verwendet. Es wird auch in Fahrwerken, Hydrauliksystemen und Abgaskan\u00e4len verwendet.<\/p>\n<h3> <strong>Medizin<\/strong><\/h3>\n<p> In diesem Bereich betreffen die Anwendungen Zahnimplantate und chirurgische Instrumente. Da es sich in die Knochen integriert, eignet es sich ideal f\u00fcr die Herstellung orthop\u00e4discher Teile. Es k\u00f6nnen auch Schrauben, N\u00e4gel, Rollst\u00fchle und Kr\u00fccken hergestellt werden.<\/p>\n<h3> <strong>Chemieindustrie<\/strong><\/h3>\n<p> Es wird in Ger\u00e4ten wie Tanks und W\u00e4rmetauschern verwendet. Aufgrund seiner H\u00e4rte wird es beim Bohren sowie in Stahl- und Metallurgieanwendungen eingesetzt. Dar\u00fcber hinaus wird es beim Ultraschallschwei\u00dfen, Sputtern, Wellenl\u00f6ten, Rauchschutz und irisierenden Gl\u00e4sern verwendet.<\/p>\n<h3> <strong>Zusatzstoffe und Pigmente<\/strong><\/h3>\n<p> Kohlendioxid<strong> <\/strong>Es wird verwendet, um Farben, Kunststoff und Zahnpasta eine wei\u00dfe Farbe zu verleihen. Es wird auch in Zement, Edelsteinen und Papier verwendet, um Angelruten H\u00e4rte zu verleihen und als Zutat in Sonnenschutzmitteln.<\/p>\n<h3> <strong>Juwelier<\/strong><\/h3>\n<p> Aufgrund seiner Haltbarkeit und seiner inerten Eigenschaften wird es als Legierung mit Gold zur Herstellung dieses Metalls verwendet. Au\u00dferdem wird es f\u00fcr die H\u00fcllen von Uhren, Skulpturen, M\u00f6beln und Dekorationsgegenst\u00e4nden verwendet. Da es au\u00dferdem verschiedene Farben annehmen kann, wird es h\u00e4ufig f\u00fcr Piercings verwendet.<\/p>\n<h3> <strong>Alltagsleben<\/strong><\/h3>\n<p> Es wird in vielen Sportger\u00e4ten wie Golfschl\u00e4gern, Tennisschl\u00e4gern, Fahrradrahmen und Lacrosse-Schl\u00e4gergriffen verwendet. Dar\u00fcber hinaus wird es in Brillengestellen, Taschenlampen, K\u00fcchenutensilien, zur Herstellung von Hufeisen und Laptoptaschen verwendet. Aufgrund seiner Korrosionsbest\u00e4ndigkeit wird es bei der Herstellung von Getriebewellen, W\u00e4rmetauschern in Entsalzungsanlagen, Tauchmessern, Haken und Angelschn\u00fcren verwendet. Kurz gesagt, Titan<strong> <\/strong>Es ist ein \u00dcbergangsmetall, das zur Gruppe 4 des Periodensystems geh\u00f6rt und in Erde, Wasser und Gesteinen vorkommt. Sein Einsatz ist sehr vielf\u00e4ltig in der chemischen Industrie, der Medizin f\u00fcr orthop\u00e4dische Ger\u00e4te und Alltagsgegenst\u00e4nden wie Sportartikeln.<\/p>\n","protected":false},"excerpt":{"rendered":"<p>Titan ist das neunth\u00e4ufigste Element in der Erdkruste und kommt in verschiedenen nat\u00fcrlichen Gew\u00e4ssern und im Leben vor. Es kommt auch in den meisten magmatischen und sediment\u00e4ren Gesteinen vor. Seine Legierungen werden vielf\u00e4ltig eingesetzt, unter anderem in der modernen Luft- und Raumfahrtindustrie sowie in Anwendungen in Schmuck, Mobilger\u00e4ten und der Medizin. Erfahren Sie mehr dar\u00fcber, &#8230; <a title=\"Titan\" class=\"read-more\" href=\"https:\/\/chemuza.org\/de\/titan\/\" aria-label=\"Mehr zu Titan\">Mehr lesen<\/a><\/p>\n","protected":false},"author":1,"featured_media":0,"parent":0,"menu_order":0,"comment_status":"closed","ping_status":"closed","template":"","meta":{"footnotes":""},"class_list":["post-1494","page","type-page","status-publish"],"yoast_head":"<!-- This site is optimized with the Yoast SEO plugin v21.4 - https:\/\/yoast.com\/wordpress\/plugins\/seo\/ -->\n<title>Titan - Chemuza<\/title>\n<meta name=\"robots\" content=\"index, follow, max-snippet:-1, max-image-preview:large, max-video-preview:-1\" \/>\n<link rel=\"canonical\" href=\"https:\/\/chemuza.org\/de\/titan\/\" \/>\n<meta property=\"og:locale\" content=\"de_DE\" \/>\n<meta property=\"og:type\" content=\"article\" \/>\n<meta property=\"og:title\" content=\"Titan - Chemuza\" \/>\n<meta property=\"og:description\" content=\"Titan ist das neunth\u00e4ufigste Element in der Erdkruste und kommt in verschiedenen nat\u00fcrlichen Gew\u00e4ssern und im Leben vor. Es kommt auch in den meisten magmatischen und sediment\u00e4ren Gesteinen vor. Seine Legierungen werden vielf\u00e4ltig eingesetzt, unter anderem in der modernen Luft- und Raumfahrtindustrie sowie in Anwendungen in Schmuck, Mobilger\u00e4ten und der Medizin. Erfahren Sie mehr dar\u00fcber, ... Mehr lesen\" \/>\n<meta property=\"og:url\" content=\"https:\/\/chemuza.org\/de\/titan\/\" \/>\n<meta property=\"og:site_name\" content=\"Chemuza\" \/>\n<meta name=\"twitter:card\" content=\"summary_large_image\" \/>\n<meta name=\"twitter:label1\" content=\"Gesch\u00e4tzte Lesezeit\" \/>\n\t<meta name=\"twitter:data1\" content=\"4\u00a0Minuten\" \/>\n<script type=\"application\/ld+json\" class=\"yoast-schema-graph\">{\"@context\":\"https:\/\/schema.org\",\"@graph\":[{\"@type\":\"WebPage\",\"@id\":\"https:\/\/chemuza.org\/de\/titan\/\",\"url\":\"https:\/\/chemuza.org\/de\/titan\/\",\"name\":\"Titan - Chemuza\",\"isPartOf\":{\"@id\":\"https:\/\/chemuza.org\/de\/#website\"},\"datePublished\":\"2023-07-14T20:50:52+00:00\",\"dateModified\":\"2023-07-14T20:50:52+00:00\",\"breadcrumb\":{\"@id\":\"https:\/\/chemuza.org\/de\/titan\/#breadcrumb\"},\"inLanguage\":\"de\",\"potentialAction\":[{\"@type\":\"ReadAction\",\"target\":[\"https:\/\/chemuza.org\/de\/titan\/\"]}]},{\"@type\":\"BreadcrumbList\",\"@id\":\"https:\/\/chemuza.org\/de\/titan\/#breadcrumb\",\"itemListElement\":[{\"@type\":\"ListItem\",\"position\":1,\"name\":\"Heim\",\"item\":\"https:\/\/chemuza.org\/de\/\"},{\"@type\":\"ListItem\",\"position\":2,\"name\":\"Titan\"}]},{\"@type\":\"WebSite\",\"@id\":\"https:\/\/chemuza.org\/de\/#website\",\"url\":\"https:\/\/chemuza.org\/de\/\",\"name\":\"Chemuza\",\"description\":\"Ihr Tor zur chemischen Entdeckung\",\"publisher\":{\"@id\":\"https:\/\/chemuza.org\/de\/#organization\"},\"potentialAction\":[{\"@type\":\"SearchAction\",\"target\":{\"@type\":\"EntryPoint\",\"urlTemplate\":\"https:\/\/chemuza.org\/de\/?s={search_term_string}\"},\"query-input\":\"required name=search_term_string\"}],\"inLanguage\":\"de\"},{\"@type\":\"Organization\",\"@id\":\"https:\/\/chemuza.org\/de\/#organization\",\"name\":\"Chemuza\",\"url\":\"https:\/\/chemuza.org\/de\/\",\"logo\":{\"@type\":\"ImageObject\",\"inLanguage\":\"de\",\"@id\":\"https:\/\/chemuza.org\/de\/#\/schema\/logo\/image\/\",\"url\":\"https:\/\/chemuza.org\/de\/wp-content\/uploads\/2023\/10\/chemuza-logo.png\",\"contentUrl\":\"https:\/\/chemuza.org\/de\/wp-content\/uploads\/2023\/10\/chemuza-logo.png\",\"width\":387,\"height\":70,\"caption\":\"Chemuza\"},\"image\":{\"@id\":\"https:\/\/chemuza.org\/de\/#\/schema\/logo\/image\/\"}}]}<\/script>\n<!-- \/ Yoast SEO plugin. -->","yoast_head_json":{"title":"Titan - Chemuza","robots":{"index":"index","follow":"follow","max-snippet":"max-snippet:-1","max-image-preview":"max-image-preview:large","max-video-preview":"max-video-preview:-1"},"canonical":"https:\/\/chemuza.org\/de\/titan\/","og_locale":"de_DE","og_type":"article","og_title":"Titan - Chemuza","og_description":"Titan ist das neunth\u00e4ufigste Element in der Erdkruste und kommt in verschiedenen nat\u00fcrlichen Gew\u00e4ssern und im Leben vor. Es kommt auch in den meisten magmatischen und sediment\u00e4ren Gesteinen vor. Seine Legierungen werden vielf\u00e4ltig eingesetzt, unter anderem in der modernen Luft- und Raumfahrtindustrie sowie in Anwendungen in Schmuck, Mobilger\u00e4ten und der Medizin. Erfahren Sie mehr dar\u00fcber, ... Mehr lesen","og_url":"https:\/\/chemuza.org\/de\/titan\/","og_site_name":"Chemuza","twitter_card":"summary_large_image","twitter_misc":{"Gesch\u00e4tzte Lesezeit":"4\u00a0Minuten"},"schema":{"@context":"https:\/\/schema.org","@graph":[{"@type":"WebPage","@id":"https:\/\/chemuza.org\/de\/titan\/","url":"https:\/\/chemuza.org\/de\/titan\/","name":"Titan - Chemuza","isPartOf":{"@id":"https:\/\/chemuza.org\/de\/#website"},"datePublished":"2023-07-14T20:50:52+00:00","dateModified":"2023-07-14T20:50:52+00:00","breadcrumb":{"@id":"https:\/\/chemuza.org\/de\/titan\/#breadcrumb"},"inLanguage":"de","potentialAction":[{"@type":"ReadAction","target":["https:\/\/chemuza.org\/de\/titan\/"]}]},{"@type":"BreadcrumbList","@id":"https:\/\/chemuza.org\/de\/titan\/#breadcrumb","itemListElement":[{"@type":"ListItem","position":1,"name":"Heim","item":"https:\/\/chemuza.org\/de\/"},{"@type":"ListItem","position":2,"name":"Titan"}]},{"@type":"WebSite","@id":"https:\/\/chemuza.org\/de\/#website","url":"https:\/\/chemuza.org\/de\/","name":"Chemuza","description":"Ihr Tor zur chemischen Entdeckung","publisher":{"@id":"https:\/\/chemuza.org\/de\/#organization"},"potentialAction":[{"@type":"SearchAction","target":{"@type":"EntryPoint","urlTemplate":"https:\/\/chemuza.org\/de\/?s={search_term_string}"},"query-input":"required name=search_term_string"}],"inLanguage":"de"},{"@type":"Organization","@id":"https:\/\/chemuza.org\/de\/#organization","name":"Chemuza","url":"https:\/\/chemuza.org\/de\/","logo":{"@type":"ImageObject","inLanguage":"de","@id":"https:\/\/chemuza.org\/de\/#\/schema\/logo\/image\/","url":"https:\/\/chemuza.org\/de\/wp-content\/uploads\/2023\/10\/chemuza-logo.png","contentUrl":"https:\/\/chemuza.org\/de\/wp-content\/uploads\/2023\/10\/chemuza-logo.png","width":387,"height":70,"caption":"Chemuza"},"image":{"@id":"https:\/\/chemuza.org\/de\/#\/schema\/logo\/image\/"}}]}},"yoast_meta":{"yoast_wpseo_title":"","yoast_wpseo_metadesc":"","yoast_wpseo_canonical":""},"_links":{"self":[{"href":"https:\/\/chemuza.org\/de\/wp-json\/wp\/v2\/pages\/1494","targetHints":{"allow":["GET"]}}],"collection":[{"href":"https:\/\/chemuza.org\/de\/wp-json\/wp\/v2\/pages"}],"about":[{"href":"https:\/\/chemuza.org\/de\/wp-json\/wp\/v2\/types\/page"}],"author":[{"embeddable":true,"href":"https:\/\/chemuza.org\/de\/wp-json\/wp\/v2\/users\/1"}],"replies":[{"embeddable":true,"href":"https:\/\/chemuza.org\/de\/wp-json\/wp\/v2\/comments?post=1494"}],"version-history":[{"count":0,"href":"https:\/\/chemuza.org\/de\/wp-json\/wp\/v2\/pages\/1494\/revisions"}],"wp:attachment":[{"href":"https:\/\/chemuza.org\/de\/wp-json\/wp\/v2\/media?parent=1494"}],"curies":[{"name":"wp","href":"https:\/\/api.w.org\/{rel}","templated":true}]}}