{"id":1492,"date":"2023-10-25T13:51:14","date_gmt":"2023-10-25T13:51:14","guid":{"rendered":"https:\/\/chemuza.org\/de\/chlor\/"},"modified":"2023-10-25T13:51:14","modified_gmt":"2023-10-25T13:51:14","slug":"chlor","status":"publish","type":"page","link":"https:\/\/chemuza.org\/de\/chlor\/","title":{"rendered":"Chlor"},"content":{"rendered":"<p>Chlor ist ein Halogenidgas, das bei hohen Temperaturen in der Umwelt vorkommt und als das zweitradioaktivste Element dieser Familie gilt. Es macht 0,045 % der Erdkruste aus und kann sich mit organischen Materialien und Metallen vermischen und verschiedene Verbindungen bilden. Dar\u00fcber hinaus kommt es in tierischen Geweben, Pflanzen, Wasser und Salzablagerungen vor. Erfahren Sie alles \u00fcber dieses Element.<\/p>\n<h2> <strong>Was ist Chlor?<\/strong><\/h2>\n<p> Es ist ein chemisches Element, das zu den Halogenen oder Salzen des Periodensystems geh\u00f6rt. Es ist ein giftiges Gas mit der Ordnungszahl 17, einer gr\u00fcnlich-gelben Farbe und einer Struktur aus zweiatomigen oder doppelten Molek\u00fclen. Dar\u00fcber hinaus ist es doppelt so dicht wie Luft und verstr\u00f6mt einen unangenehmen Geruch.<\/p>\n<h3> <strong>Chlorsymbol<\/strong><\/h3>\n<p> <span class=\"content-chemical-element\" style=\"float: left; width: 65px; height: 65px; border: 3px solid #666; display: flex; justify-content: center; align-items: center; margin-right: 15px;\"><span style=\"font-size: 38px;\">Cl<\/span><\/span> Sein Name kommt vom griechischen Chloros, dessen Bedeutung blassgr\u00fcn ist, was sich eindeutig auf die Farbe des Gases unter normalen Druck- und Temperaturbedingungen bezieht. Dieser Farbton wurde beobachtet, als der Chemiker Scheele Mangandioxid mit Salzs\u00e4ure umsetzte. Das Ergebnis war ein sehr erstickendes gr\u00fcnliches Gas.<\/p>\n<h2> <strong>Eigenschaften von Chlor<\/strong><\/h2>\n<p> Bei diesem chemischen Element handelt es sich um ein gelblich-gr\u00fcnes giftiges Gas, das aufgrund seiner hohen Reaktivit\u00e4t in der Natur nicht in reiner Form vorkommt. Es bildet Verbindungen wie Chlorite, Chlorate und Natriumchlorid und ist sogar im Meer gel\u00f6st. Weitere Merkmale dieses Elements sind:<\/p>\n<ul>\n<li> <strong>Zustand<\/strong> : Gasf\u00f6rmig, geht aber in einen fl\u00fcssigen Zustand \u00fcber und wird orange.<\/li>\n<li> <strong>Geschmack und Geruch<\/strong> : Es hat einen bitteren Geschmack mit einem sehr irritierenden Geruch.<\/li>\n<li> <strong>Zusammensetzung:<\/strong> Seine Molek\u00fcle sind zweiatomig oder doppelt und in ihrem Kern sehr aktiv.<\/li>\n<li> <strong>Struktur:<\/strong> Es ist orthorhombisch oder ringf\u00f6rmig.<\/li>\n<li> <strong>L\u00f6slichkeit<\/strong> : Es ist wasserl\u00f6slich.<\/li>\n<li> <strong>Toxizit\u00e4t<\/strong> : Sehr hoch, da es beim Verschlucken oder Einatmen gro\u00dfer Mengen zu Vergiftungen kommt.<\/li>\n<li> <strong>Reaktivit\u00e4t<\/strong> : Es wird chemisch mit anderen Elementen aktiviert. Au\u00dferdem kann es heftig und explosiv sein, wie es bei Wasserstoff der Fall ist.<\/li>\n<\/ul>\n<h2> <strong>Chemische und physikalische Eigenschaften von Chlor<\/strong><\/h2>\n<ol>\n<li> <strong>Ordnungszahl<\/strong> : 17<\/li>\n<li> <strong>Zeitraum<\/strong> : 3<\/li>\n<li> <strong>Blockieren<\/strong> \ud83d\ude1b<\/li>\n<li> <strong>Gruppe<\/strong> : 17<\/li>\n<li> <strong>Kovalenter Radius (\u00c5):<\/strong> 99 Uhr<\/li>\n<li> <strong>Elektronische Konfiguration:<\/strong> [Ne] 3 s\u00b2 3p4<\/li>\n<li> <strong>Atommasse (g\/mol):<\/strong> 34,453 u<\/li>\n<li> <strong>Dichte:<\/strong> 3.214 kg\/m3<\/li>\n<li> <strong>Siedepunkt:<\/strong> -34\u00b0C<\/li>\n<li> <strong>Schmelzpunkt:<\/strong> -102\u00b0C<\/li>\n<li> <strong>Atomradius:<\/strong> 79h<\/li>\n<li> <strong>Durchschnittlicher Radius:<\/strong> 22 Uhr<\/li>\n<li> <strong>Elektronen pro Schale:<\/strong> 2,7,8<\/li>\n<li> <strong>Elektronegativit\u00e4t:<\/strong> 3,16<\/li>\n<li> <strong>Oxidationsstufe:<\/strong> 1, 3, +5, 7<\/li>\n<li> <strong>Spezifische W\u00e4rme:<\/strong> 480 J \/ (K kg)<\/li>\n<li> <strong>Verdampfungsenthalpie:<\/strong> 10,2 kJ\/mol<\/li>\n<li> <strong>Erstes Ionisationspotential eV:<\/strong> 1251,2<\/li>\n<li> <strong>W\u00e4rmeleitf\u00e4higkeit:<\/strong> 0,0089 Wm-\u00b9K-\u00b9<\/li>\n<\/ol>\n<h2> <strong>Herkunft von Chlor<\/strong><\/h2>\n<p> Das Element wurde 1774 von Carl Wilhelm Scheele in gasf\u00f6rmigem Zustand entdeckt und er glaubte, es handele sich um eine mit Sauerstoff gebildete Verbindung. Der Chemiker bemerkte seine erstickende Wirkung und dass es Pflanzenpigmente verf\u00e4rbte. Sp\u00e4ter best\u00e4tigte der Wissenschaftler Claude Louis Berthollet die Eigenschaften von Chlor als Stoffbleichmittel, wenn es in Wasser gel\u00f6st wird.<\/p>\n<p> Sp\u00e4ter gelang es Wissenschaftlern wie L\u00e9onard Alban und Mathieu Vallet, das Element in einer Kaliumwasserl\u00f6sung aufzul\u00f6sen, um die Emission giftiger Gase zu minimieren. Schlie\u00dflich war es im Jahr 1810 der Chemiker Humphry Davy, der aufgrund seiner Kombinationen und Reaktionen zeigte, dass es sich um ein chemisches Element handelte. Es ist bekannt, dass Chlorgas im Ersten Weltkrieg als giftige Waffe eingesetzt wurde.<\/p>\n<h2> <strong>Wof\u00fcr wird Chlor verwendet?<\/strong><\/h2>\n<p> Es wird im industriellen Bereich zur Desinfektion und Reinigung von Wasser f\u00fcr den menschlichen Gebrauch mit hypochloriger S\u00e4ure eingesetzt. Dar\u00fcber hinaus gibt es weitere Verwendungsm\u00f6glichkeiten:<\/p>\n<ul>\n<li> Es wird bei der Herstellung von Farbstoffen, Textilien, Papier, Erd\u00f6lprodukten, Antiseptika, Medikamenten und Insektiziden verwendet.<\/li>\n<li> In industriellen Mengen wird es zur Herstellung von Gesundheitsprodukten, Desinfektionsmitteln, Chlortabletten und Bleichmitteln verwendet.<\/li>\n<li> Verbindungen wie Salzs\u00e4ure und Tetrachlorkohlenstoff werden zur Herstellung von Kunststoffen, K\u00e4ltemitteln und Treibmitteln verwendet.<\/li>\n<li> Aus diesem Element wird PVC oder Polyvinylchlorid synthetisiert.<\/li>\n<\/ul>\n<h2> <strong>10 Symptome einer Chlorvergiftung<\/strong><\/h2>\n<p> Es ist bekannt, dass dieses Element leichte bis schwere Verbrennungen der Dermis, der Augen und der Atemwege verursachen kann. Wenn der K\u00f6rper hohen oder l\u00e4ngeren Konzentrationen ausgesetzt wird, kommt es zu Lungen\u00f6demen und einer Schw\u00e4chung der Lungenfunktion bis hin zur chronischen Bronchitis. Weitere Vergiftungssymptome sind:<\/p>\n<ul>\n<li> Erweiterung der Pupillen, egal ob sehr gro\u00df oder klein.<\/li>\n<li> Ver\u00e4nderte Herzfrequenz.<\/li>\n<li> Akute Atemnot.<\/li>\n<li> Trockener Mund oder st\u00e4ndiger Speichelfluss.<\/li>\n<li> Magenschmerzen, begleitet von \u00dcbelkeit, Erbrechen und schwerem Stuhlgang.<\/li>\n<li> Hyperaktivit\u00e4t oder Schl\u00e4frigkeit.<\/li>\n<li> Verwirrung.<\/li>\n<li> Schwierigkeiten beim Sprechen.<\/li>\n<li> Unangenehmes Brennen im Mund.<\/li>\n<li> Entz\u00fcndung im Hals.<\/li>\n<\/ul>\n<p> Zusammenfassend zeichnet sich dieses Halogengas durch seine chemische Reaktivit\u00e4t und seine F\u00e4higkeit zur Bildung verschiedener Verbindungen aus. Aufgrund seiner antiseptischen Eigenschaften wird es in der Industrie h\u00e4ufig eingesetzt. Es sollte jedoch mit \u00e4u\u00dferster Vorsicht verwendet werden, da es durch den st\u00e4ndigen Kontakt mit dem Element gesundheitssch\u00e4dlich ist.<\/p>\n<h2> Weitere Informationen zu Chlor<\/h2>\n","protected":false},"excerpt":{"rendered":"<p>Chlor ist ein Halogenidgas, das bei hohen Temperaturen in der Umwelt vorkommt und als das zweitradioaktivste Element dieser Familie gilt. Es macht 0,045 % der Erdkruste aus und kann sich mit organischen Materialien und Metallen vermischen und verschiedene Verbindungen bilden. Dar\u00fcber hinaus kommt es in tierischen Geweben, Pflanzen, Wasser und Salzablagerungen vor. Erfahren Sie alles &#8230; <a title=\"Chlor\" class=\"read-more\" href=\"https:\/\/chemuza.org\/de\/chlor\/\" aria-label=\"Mehr zu Chlor\">Mehr lesen<\/a><\/p>\n","protected":false},"author":1,"featured_media":0,"parent":0,"menu_order":0,"comment_status":"closed","ping_status":"closed","template":"","meta":{"footnotes":""},"class_list":["post-1492","page","type-page","status-publish"],"yoast_head":"<!-- This site is optimized with the Yoast SEO plugin v21.4 - https:\/\/yoast.com\/wordpress\/plugins\/seo\/ -->\n<title>Chlor - Chemuza<\/title>\n<meta name=\"robots\" content=\"index, follow, max-snippet:-1, max-image-preview:large, max-video-preview:-1\" \/>\n<link rel=\"canonical\" href=\"https:\/\/chemuza.org\/de\/chlor\/\" \/>\n<meta property=\"og:locale\" content=\"de_DE\" \/>\n<meta property=\"og:type\" content=\"article\" \/>\n<meta property=\"og:title\" content=\"Chlor - Chemuza\" \/>\n<meta property=\"og:description\" content=\"Chlor ist ein Halogenidgas, das bei hohen Temperaturen in der Umwelt vorkommt und als das zweitradioaktivste Element dieser Familie gilt. Es macht 0,045 % der Erdkruste aus und kann sich mit organischen Materialien und Metallen vermischen und verschiedene Verbindungen bilden. Dar\u00fcber hinaus kommt es in tierischen Geweben, Pflanzen, Wasser und Salzablagerungen vor. Erfahren Sie alles ... Mehr lesen\" \/>\n<meta property=\"og:url\" content=\"https:\/\/chemuza.org\/de\/chlor\/\" \/>\n<meta property=\"og:site_name\" content=\"Chemuza\" \/>\n<meta name=\"twitter:card\" content=\"summary_large_image\" \/>\n<meta name=\"twitter:label1\" content=\"Gesch\u00e4tzte Lesezeit\" \/>\n\t<meta name=\"twitter:data1\" content=\"4\u00a0Minuten\" \/>\n<script type=\"application\/ld+json\" class=\"yoast-schema-graph\">{\"@context\":\"https:\/\/schema.org\",\"@graph\":[{\"@type\":\"WebPage\",\"@id\":\"https:\/\/chemuza.org\/de\/chlor\/\",\"url\":\"https:\/\/chemuza.org\/de\/chlor\/\",\"name\":\"Chlor - Chemuza\",\"isPartOf\":{\"@id\":\"https:\/\/chemuza.org\/de\/#website\"},\"datePublished\":\"2023-10-25T13:51:14+00:00\",\"dateModified\":\"2023-10-25T13:51:14+00:00\",\"breadcrumb\":{\"@id\":\"https:\/\/chemuza.org\/de\/chlor\/#breadcrumb\"},\"inLanguage\":\"de\",\"potentialAction\":[{\"@type\":\"ReadAction\",\"target\":[\"https:\/\/chemuza.org\/de\/chlor\/\"]}]},{\"@type\":\"BreadcrumbList\",\"@id\":\"https:\/\/chemuza.org\/de\/chlor\/#breadcrumb\",\"itemListElement\":[{\"@type\":\"ListItem\",\"position\":1,\"name\":\"Heim\",\"item\":\"https:\/\/chemuza.org\/de\/\"},{\"@type\":\"ListItem\",\"position\":2,\"name\":\"Chlor\"}]},{\"@type\":\"WebSite\",\"@id\":\"https:\/\/chemuza.org\/de\/#website\",\"url\":\"https:\/\/chemuza.org\/de\/\",\"name\":\"Chemuza\",\"description\":\"Ihr Tor zur chemischen Entdeckung\",\"publisher\":{\"@id\":\"https:\/\/chemuza.org\/de\/#organization\"},\"potentialAction\":[{\"@type\":\"SearchAction\",\"target\":{\"@type\":\"EntryPoint\",\"urlTemplate\":\"https:\/\/chemuza.org\/de\/?s={search_term_string}\"},\"query-input\":\"required name=search_term_string\"}],\"inLanguage\":\"de\"},{\"@type\":\"Organization\",\"@id\":\"https:\/\/chemuza.org\/de\/#organization\",\"name\":\"Chemuza\",\"url\":\"https:\/\/chemuza.org\/de\/\",\"logo\":{\"@type\":\"ImageObject\",\"inLanguage\":\"de\",\"@id\":\"https:\/\/chemuza.org\/de\/#\/schema\/logo\/image\/\",\"url\":\"https:\/\/chemuza.org\/de\/wp-content\/uploads\/2023\/10\/chemuza-logo.png\",\"contentUrl\":\"https:\/\/chemuza.org\/de\/wp-content\/uploads\/2023\/10\/chemuza-logo.png\",\"width\":387,\"height\":70,\"caption\":\"Chemuza\"},\"image\":{\"@id\":\"https:\/\/chemuza.org\/de\/#\/schema\/logo\/image\/\"}}]}<\/script>\n<!-- \/ Yoast SEO plugin. -->","yoast_head_json":{"title":"Chlor - Chemuza","robots":{"index":"index","follow":"follow","max-snippet":"max-snippet:-1","max-image-preview":"max-image-preview:large","max-video-preview":"max-video-preview:-1"},"canonical":"https:\/\/chemuza.org\/de\/chlor\/","og_locale":"de_DE","og_type":"article","og_title":"Chlor - Chemuza","og_description":"Chlor ist ein Halogenidgas, das bei hohen Temperaturen in der Umwelt vorkommt und als das zweitradioaktivste Element dieser Familie gilt. Es macht 0,045 % der Erdkruste aus und kann sich mit organischen Materialien und Metallen vermischen und verschiedene Verbindungen bilden. Dar\u00fcber hinaus kommt es in tierischen Geweben, Pflanzen, Wasser und Salzablagerungen vor. Erfahren Sie alles ... Mehr lesen","og_url":"https:\/\/chemuza.org\/de\/chlor\/","og_site_name":"Chemuza","twitter_card":"summary_large_image","twitter_misc":{"Gesch\u00e4tzte Lesezeit":"4\u00a0Minuten"},"schema":{"@context":"https:\/\/schema.org","@graph":[{"@type":"WebPage","@id":"https:\/\/chemuza.org\/de\/chlor\/","url":"https:\/\/chemuza.org\/de\/chlor\/","name":"Chlor - Chemuza","isPartOf":{"@id":"https:\/\/chemuza.org\/de\/#website"},"datePublished":"2023-10-25T13:51:14+00:00","dateModified":"2023-10-25T13:51:14+00:00","breadcrumb":{"@id":"https:\/\/chemuza.org\/de\/chlor\/#breadcrumb"},"inLanguage":"de","potentialAction":[{"@type":"ReadAction","target":["https:\/\/chemuza.org\/de\/chlor\/"]}]},{"@type":"BreadcrumbList","@id":"https:\/\/chemuza.org\/de\/chlor\/#breadcrumb","itemListElement":[{"@type":"ListItem","position":1,"name":"Heim","item":"https:\/\/chemuza.org\/de\/"},{"@type":"ListItem","position":2,"name":"Chlor"}]},{"@type":"WebSite","@id":"https:\/\/chemuza.org\/de\/#website","url":"https:\/\/chemuza.org\/de\/","name":"Chemuza","description":"Ihr Tor zur chemischen Entdeckung","publisher":{"@id":"https:\/\/chemuza.org\/de\/#organization"},"potentialAction":[{"@type":"SearchAction","target":{"@type":"EntryPoint","urlTemplate":"https:\/\/chemuza.org\/de\/?s={search_term_string}"},"query-input":"required name=search_term_string"}],"inLanguage":"de"},{"@type":"Organization","@id":"https:\/\/chemuza.org\/de\/#organization","name":"Chemuza","url":"https:\/\/chemuza.org\/de\/","logo":{"@type":"ImageObject","inLanguage":"de","@id":"https:\/\/chemuza.org\/de\/#\/schema\/logo\/image\/","url":"https:\/\/chemuza.org\/de\/wp-content\/uploads\/2023\/10\/chemuza-logo.png","contentUrl":"https:\/\/chemuza.org\/de\/wp-content\/uploads\/2023\/10\/chemuza-logo.png","width":387,"height":70,"caption":"Chemuza"},"image":{"@id":"https:\/\/chemuza.org\/de\/#\/schema\/logo\/image\/"}}]}},"yoast_meta":{"yoast_wpseo_title":"","yoast_wpseo_metadesc":"","yoast_wpseo_canonical":""},"_links":{"self":[{"href":"https:\/\/chemuza.org\/de\/wp-json\/wp\/v2\/pages\/1492","targetHints":{"allow":["GET"]}}],"collection":[{"href":"https:\/\/chemuza.org\/de\/wp-json\/wp\/v2\/pages"}],"about":[{"href":"https:\/\/chemuza.org\/de\/wp-json\/wp\/v2\/types\/page"}],"author":[{"embeddable":true,"href":"https:\/\/chemuza.org\/de\/wp-json\/wp\/v2\/users\/1"}],"replies":[{"embeddable":true,"href":"https:\/\/chemuza.org\/de\/wp-json\/wp\/v2\/comments?post=1492"}],"version-history":[{"count":1,"href":"https:\/\/chemuza.org\/de\/wp-json\/wp\/v2\/pages\/1492\/revisions"}],"predecessor-version":[{"id":1616,"href":"https:\/\/chemuza.org\/de\/wp-json\/wp\/v2\/pages\/1492\/revisions\/1616"}],"wp:attachment":[{"href":"https:\/\/chemuza.org\/de\/wp-json\/wp\/v2\/media?parent=1492"}],"curies":[{"name":"wp","href":"https:\/\/api.w.org\/{rel}","templated":true}]}}