{"id":1489,"date":"2023-10-25T13:51:06","date_gmt":"2023-10-25T13:51:06","guid":{"rendered":"https:\/\/chemuza.org\/de\/nickel\/"},"modified":"2023-10-25T13:51:06","modified_gmt":"2023-10-25T13:51:06","slug":"nickel","status":"publish","type":"page","link":"https:\/\/chemuza.org\/de\/nickel\/","title":{"rendered":"Nickel"},"content":{"rendered":"<p>Nickel ist ein h\u00e4ufig vorkommendes Element und macht 0,008 % der Erdkruste und etwa 0,01 % der Gesteine aus. In einigen Meteoriten kommen sie in gro\u00dfen Mengen vor und man geht davon aus, dass sie auch im Erdkern vorkommen. Es wird in Architekturanwendungen, in der chemischen Industrie, in der Luft- und Raumfahrt sowie in Schiffsmotoren eingesetzt. Schauen Sie sich andere Aspekte wie Herkunft, Eigenschaften und t\u00e4gliche Verwendung an.<\/p>\n<h2> <strong>Was ist Nickel?<\/strong><\/h2>\n<p> Es ist ein silberwei\u00dfes Metall, hart, aber flexibel. In der Umwelt kommt es zusammen mit Schwefel oder Sauerstoff in Form von Sulfiden oder Oxiden vor. Normalerweise nimmt es einen hellen, anlaufbest\u00e4ndigen Farbton an.<\/p>\n<h3> <strong>Nickelsymbol<\/strong><\/h3>\n<p> <span class=\"content-chemical-element\" style=\"float: left;width: 65px;height: 65px;border: 3px solid #666; display:flex;\n    justify-content: center;align-items: center;margin-right: 15px;\"><span style=\"font-size: 38px;\">Ni<\/span><\/span> Dieses chemische Element kommt im Periodensystem vor und ist Teil der Gruppe 10, Block d. Seine Ordnungszahl betr\u00e4gt 28 und es geh\u00f6rt zu den \u00dcbergangsmetallen wie Quecksilber, Cadmium und Zink. Dar\u00fcber hinaus enth\u00e4lt es 5 Isotope und ist ein Leichtmetall.<\/p>\n<h2> <strong>Eigenschaften von Nickel<\/strong><\/h2>\n<p> Einige seiner Verbindungen k\u00f6nnen in Wasser gel\u00f6st werden und es hat eine charakteristische gr\u00fcne Farbe. Sie sind geruchs- und geschmacksneutral und k\u00f6nnen mit Kupfer, Zink, Eisen und Chrom kombiniert werden. Dar\u00fcber hinaus befindet es sich bei Raumtemperatur in einem festen Zustand und es gibt weitere Merkmale, die es identifizieren:<\/p>\n<ul>\n<li> <strong>Dichte von Nickel:<\/strong> Sie ist 8,9-mal h\u00f6her als die von Wasser bei 20 \u00b0C.<\/li>\n<li> <strong>Formbarkeit:<\/strong> Es ist duktil und formbar, sodass es leicht gewalzt, poliert und geschmiedet werden kann.<\/li>\n<li> <strong>W\u00e4rmeausdehnung:<\/strong> Sein Koeffizient ist niedrig (13\u00b710 <sup>-6<\/sup> \u00b0C <sup>-1<\/sup> ), wodurch es f\u00fcr die Herstellung von Metallen verwendet werden kann.<\/li>\n<li> <strong>Schmelzen und Sieden<\/strong> : Sie sind sehr hoch und es ist ein guter Strom- und W\u00e4rmeleiter.<\/li>\n<\/ul>\n<h2> <strong>Chemische und physikalische Eigenschaften von Nickel<\/strong><\/h2>\n<ol>\n<li> <strong>Kovalenter Radius (\u00c5):<\/strong> 1,21<\/li>\n<li> <strong>Atomradius:<\/strong> 1,24<\/li>\n<li> <strong>Ionenradius.<\/strong> 0,78<\/li>\n<li> <strong>Valencia:<\/strong> 2, 3<\/li>\n<li> <strong>Oxidationsstufe:<\/strong> +3, +2, 0<\/li>\n<li> <strong>Atommasse (g\/mol):<\/strong> 58,71 <strong>&nbsp;<\/strong><\/li>\n<li> <strong>Siedepunkt (\u00b0C):<\/strong> 2730<\/li>\n<li> <strong>Schmelzpunkt (\u00b0C):<\/strong> 1453<\/li>\n<li> <strong>Elektronische Konfiguration:<\/strong> [Ar]3d <sup>8<\/sup> 4s <sup>2<\/sup><\/li>\n<li> <strong>Erstes Ionisationspotential (eV):<\/strong> 7,68<\/li>\n<li> <strong>Normalzustand:<\/strong> Fest (ferromagnetisch)<\/li>\n<li> <strong>Elektrische Leitf\u00e4higkeit:<\/strong> 14,3 x106S\/m<\/li>\n<li> <strong>W\u00e4rmeleitf\u00e4higkeit:<\/strong> 90,7 W\/(Km)<\/li>\n<li> <strong>Dampfdruck:<\/strong> 237 Pa bei 1726 K<\/li>\n<li> <strong>Verdampfungsenthalpie:<\/strong> 17,47 Kj\/mol<\/li>\n<\/ol>\n<h2> <strong>Herkunft von Nickel<\/strong><\/h2>\n<p> Sein Ursprung geht etwa auf das 4. Jahrhundert v. Chr. zur\u00fcck, n\u00e4mlich auf Kupfer. Die Entdeckung von Nickel erfolgte jedoch 1751 durch den schwedischen Mineralogen und Chemiker Axel Fredrik Cronstedt, der es in Nickelerzen fand, als er versuchte, Kupfer zu gewinnen. Der Name leitet sich vom deutschen Wort Kupfernickel ab, was \u00fcbersetzt \u201efalsches Kupfer\u201c bedeutet, da es in der Antike von schwedischen Mineralogen f\u00fcr den Teufel gehalten wurde. Es wurde sogar das Metall genannt, das nicht bearbeitet werden konnte.<\/p>\n<h2> <strong>Wof\u00fcr wird Nickel verwendet?<\/strong><strong><\/strong><\/h2>\n<p> Nickeloxid und Nickelsulfat werden in Produkten aller Art eingesetzt, einige ihrer Einsatzgebiete werden hier beschrieben:<\/p>\n<h3> <strong>Technologie<\/strong><\/h3>\n<p> Aufgrund seiner magnetischen Eigenschaften ist es ein unverzichtbares Material f\u00fcr die Herstellung von Magneten, wiederaufladbaren Batterien, Computerfestplatten und kann auch zur Herstellung von E-Gitarrensaiten verwendet werden.<\/p>\n<h3> <strong>Industrielle Nutzung<\/strong><\/h3>\n<p> Eine Legierung aus<strong> <\/strong>Nickel und Kupfer werden in Entsalzungsanlagen verwendet, die Meerwasser in S\u00fc\u00dfwasser umwandeln. Dar\u00fcber hinaus wird es zur Panzerung verwendet und andere Legierungen werden zur Herstellung von Turbinenschaufeln und Schiffswellen verwendet. Es wird auch als Katalysator und zur Hydrierung von Pflanzen\u00f6len verwendet.<\/p>\n<h3> <strong>Luft- und Raumfahrtaktivit\u00e4ten<\/strong><\/h3>\n<p> Es ist ideal f\u00fcr die Herstellung von Luftfahrtteilen, Gasturbinen, Motorhalterungen und Komponenten f\u00fcr Raketen- und Bombenger\u00e4te.<\/p>\n<h3> <strong>Alltag<\/strong><\/h3>\n<p> Es wird als Legierungselement von Eisen bei der Herstellung von Edelstahl verwendet. Hier sind Alltagsgegenst\u00e4nde<strong> <\/strong>As<strong> <\/strong>K\u00fcchenutensilien, Werkzeuge und chirurgische Instrumente. Ebenso werden Rohrleitungen, Lagertanks, Uhren, Schmuck und einige Fahrzeugkomponenten hergestellt. Dar\u00fcber hinaus haben Sie vielleicht schon von Nickelm\u00fcnzen, Badezimmerarmaturen, Duschk\u00f6pfen und Mobilger\u00e4ten geh\u00f6rt, die Nickel enthalten.<\/p>\n<h2> <strong>Wo kommt Nickel vor?<\/strong><\/h2>\n<p> Es wird in verschiedenen Metallen wie Meteoriten und Eisen gewonnen. Dar\u00fcber hinaus kommt es im Herzen der Erde vor und bildet zusammen mit Iridium, Osmium und Eisen eine Legierung mit metallischer Struktur. Dar\u00fcber hinaus sind Indonesien, die Philippinen, Neukaledonien, Russland, Australien, Kanada und China die Hauptproduzenten des Metalls. Die anderen L\u00e4nder sind Brasilien, Kuba und Guatemala.<\/p>\n<h2> <strong>Lebensmittel, die Nickel enthalten<\/strong><\/h2>\n<p> Da es sich um ein nat\u00fcrliches Element handelt, ist es sinnvoll, dass es in bestimmten Lebensmitteln vorkommt. Es gibt sogar Menschen, die gegen dieses Metall allergisch sind, daher m\u00fcssen sie vorsichtig sein, wenn sie Produkten ausgesetzt sind, die dieses Metall enthalten. Unter den nickelreichen Lebensmitteln finden Sie:<\/p>\n<ul>\n<li> Lakritze.<\/li>\n<li> Kakao und alle seine Derivate.<\/li>\n<li> N\u00fcsse wie Mandeln, Haseln\u00fcsse, Waln\u00fcsse und Erdn\u00fcsse.<\/li>\n<li> Gem\u00fcse, einschlie\u00dflich Erbsen, Linsen, Sojabohnen und Bohnen.<\/li>\n<li> Fisch und Schalentiere, darunter Muscheln, Lachs und Austern.<\/li>\n<li> Haferflocken, Mais, Bl\u00e4tterteig.<\/li>\n<li> Tropische Fr\u00fcchte wie Birne, Weintrauben, Rosinen, Kiwi und Pfirsich.<\/li>\n<\/ul>\n<p> Zusammenfassend l\u00e4sst sich sagen, dass Nickel in Wasser, bestimmten B\u00f6den und in Lebensmitteln vorhanden ist. Dar\u00fcber hinaus kommt es in metallischen und nichtmetallischen Gegenst\u00e4nden sowie in der Luft- und Raumfahrtindustrie und -aktivit\u00e4ten vor.<\/p>\n","protected":false},"excerpt":{"rendered":"<p>Nickel ist ein h\u00e4ufig vorkommendes Element und macht 0,008 % der Erdkruste und etwa 0,01 % der Gesteine aus. In einigen Meteoriten kommen sie in gro\u00dfen Mengen vor und man geht davon aus, dass sie auch im Erdkern vorkommen. Es wird in Architekturanwendungen, in der chemischen Industrie, in der Luft- und Raumfahrt sowie in Schiffsmotoren &#8230; <a title=\"Nickel\" class=\"read-more\" href=\"https:\/\/chemuza.org\/de\/nickel\/\" aria-label=\"Mehr zu Nickel\">Mehr lesen<\/a><\/p>\n","protected":false},"author":1,"featured_media":0,"parent":0,"menu_order":0,"comment_status":"closed","ping_status":"closed","template":"","meta":{"footnotes":""},"class_list":["post-1489","page","type-page","status-publish"],"yoast_head":"<!-- This site is optimized with the Yoast SEO plugin v21.4 - https:\/\/yoast.com\/wordpress\/plugins\/seo\/ -->\n<title>Nickel - Chemuza<\/title>\n<meta name=\"robots\" content=\"index, follow, max-snippet:-1, max-image-preview:large, max-video-preview:-1\" \/>\n<link rel=\"canonical\" href=\"https:\/\/chemuza.org\/de\/nickel\/\" \/>\n<meta property=\"og:locale\" content=\"de_DE\" \/>\n<meta property=\"og:type\" content=\"article\" \/>\n<meta property=\"og:title\" content=\"Nickel - Chemuza\" \/>\n<meta property=\"og:description\" content=\"Nickel ist ein h\u00e4ufig vorkommendes Element und macht 0,008 % der Erdkruste und etwa 0,01 % der Gesteine aus. In einigen Meteoriten kommen sie in gro\u00dfen Mengen vor und man geht davon aus, dass sie auch im Erdkern vorkommen. Es wird in Architekturanwendungen, in der chemischen Industrie, in der Luft- und Raumfahrt sowie in Schiffsmotoren ... Mehr lesen\" \/>\n<meta property=\"og:url\" content=\"https:\/\/chemuza.org\/de\/nickel\/\" \/>\n<meta property=\"og:site_name\" content=\"Chemuza\" \/>\n<meta name=\"twitter:card\" content=\"summary_large_image\" \/>\n<meta name=\"twitter:label1\" content=\"Gesch\u00e4tzte Lesezeit\" \/>\n\t<meta name=\"twitter:data1\" content=\"4\u00a0Minuten\" \/>\n<script type=\"application\/ld+json\" class=\"yoast-schema-graph\">{\"@context\":\"https:\/\/schema.org\",\"@graph\":[{\"@type\":\"WebPage\",\"@id\":\"https:\/\/chemuza.org\/de\/nickel\/\",\"url\":\"https:\/\/chemuza.org\/de\/nickel\/\",\"name\":\"Nickel - Chemuza\",\"isPartOf\":{\"@id\":\"https:\/\/chemuza.org\/de\/#website\"},\"datePublished\":\"2023-10-25T13:51:06+00:00\",\"dateModified\":\"2023-10-25T13:51:06+00:00\",\"breadcrumb\":{\"@id\":\"https:\/\/chemuza.org\/de\/nickel\/#breadcrumb\"},\"inLanguage\":\"de\",\"potentialAction\":[{\"@type\":\"ReadAction\",\"target\":[\"https:\/\/chemuza.org\/de\/nickel\/\"]}]},{\"@type\":\"BreadcrumbList\",\"@id\":\"https:\/\/chemuza.org\/de\/nickel\/#breadcrumb\",\"itemListElement\":[{\"@type\":\"ListItem\",\"position\":1,\"name\":\"Heim\",\"item\":\"https:\/\/chemuza.org\/de\/\"},{\"@type\":\"ListItem\",\"position\":2,\"name\":\"Nickel\"}]},{\"@type\":\"WebSite\",\"@id\":\"https:\/\/chemuza.org\/de\/#website\",\"url\":\"https:\/\/chemuza.org\/de\/\",\"name\":\"Chemuza\",\"description\":\"Ihr Tor zur chemischen Entdeckung\",\"publisher\":{\"@id\":\"https:\/\/chemuza.org\/de\/#organization\"},\"potentialAction\":[{\"@type\":\"SearchAction\",\"target\":{\"@type\":\"EntryPoint\",\"urlTemplate\":\"https:\/\/chemuza.org\/de\/?s={search_term_string}\"},\"query-input\":\"required name=search_term_string\"}],\"inLanguage\":\"de\"},{\"@type\":\"Organization\",\"@id\":\"https:\/\/chemuza.org\/de\/#organization\",\"name\":\"Chemuza\",\"url\":\"https:\/\/chemuza.org\/de\/\",\"logo\":{\"@type\":\"ImageObject\",\"inLanguage\":\"de\",\"@id\":\"https:\/\/chemuza.org\/de\/#\/schema\/logo\/image\/\",\"url\":\"https:\/\/chemuza.org\/de\/wp-content\/uploads\/2023\/10\/chemuza-logo.png\",\"contentUrl\":\"https:\/\/chemuza.org\/de\/wp-content\/uploads\/2023\/10\/chemuza-logo.png\",\"width\":387,\"height\":70,\"caption\":\"Chemuza\"},\"image\":{\"@id\":\"https:\/\/chemuza.org\/de\/#\/schema\/logo\/image\/\"}}]}<\/script>\n<!-- \/ Yoast SEO plugin. -->","yoast_head_json":{"title":"Nickel - Chemuza","robots":{"index":"index","follow":"follow","max-snippet":"max-snippet:-1","max-image-preview":"max-image-preview:large","max-video-preview":"max-video-preview:-1"},"canonical":"https:\/\/chemuza.org\/de\/nickel\/","og_locale":"de_DE","og_type":"article","og_title":"Nickel - Chemuza","og_description":"Nickel ist ein h\u00e4ufig vorkommendes Element und macht 0,008 % der Erdkruste und etwa 0,01 % der Gesteine aus. In einigen Meteoriten kommen sie in gro\u00dfen Mengen vor und man geht davon aus, dass sie auch im Erdkern vorkommen. Es wird in Architekturanwendungen, in der chemischen Industrie, in der Luft- und Raumfahrt sowie in Schiffsmotoren ... Mehr lesen","og_url":"https:\/\/chemuza.org\/de\/nickel\/","og_site_name":"Chemuza","twitter_card":"summary_large_image","twitter_misc":{"Gesch\u00e4tzte Lesezeit":"4\u00a0Minuten"},"schema":{"@context":"https:\/\/schema.org","@graph":[{"@type":"WebPage","@id":"https:\/\/chemuza.org\/de\/nickel\/","url":"https:\/\/chemuza.org\/de\/nickel\/","name":"Nickel - Chemuza","isPartOf":{"@id":"https:\/\/chemuza.org\/de\/#website"},"datePublished":"2023-10-25T13:51:06+00:00","dateModified":"2023-10-25T13:51:06+00:00","breadcrumb":{"@id":"https:\/\/chemuza.org\/de\/nickel\/#breadcrumb"},"inLanguage":"de","potentialAction":[{"@type":"ReadAction","target":["https:\/\/chemuza.org\/de\/nickel\/"]}]},{"@type":"BreadcrumbList","@id":"https:\/\/chemuza.org\/de\/nickel\/#breadcrumb","itemListElement":[{"@type":"ListItem","position":1,"name":"Heim","item":"https:\/\/chemuza.org\/de\/"},{"@type":"ListItem","position":2,"name":"Nickel"}]},{"@type":"WebSite","@id":"https:\/\/chemuza.org\/de\/#website","url":"https:\/\/chemuza.org\/de\/","name":"Chemuza","description":"Ihr Tor zur chemischen Entdeckung","publisher":{"@id":"https:\/\/chemuza.org\/de\/#organization"},"potentialAction":[{"@type":"SearchAction","target":{"@type":"EntryPoint","urlTemplate":"https:\/\/chemuza.org\/de\/?s={search_term_string}"},"query-input":"required name=search_term_string"}],"inLanguage":"de"},{"@type":"Organization","@id":"https:\/\/chemuza.org\/de\/#organization","name":"Chemuza","url":"https:\/\/chemuza.org\/de\/","logo":{"@type":"ImageObject","inLanguage":"de","@id":"https:\/\/chemuza.org\/de\/#\/schema\/logo\/image\/","url":"https:\/\/chemuza.org\/de\/wp-content\/uploads\/2023\/10\/chemuza-logo.png","contentUrl":"https:\/\/chemuza.org\/de\/wp-content\/uploads\/2023\/10\/chemuza-logo.png","width":387,"height":70,"caption":"Chemuza"},"image":{"@id":"https:\/\/chemuza.org\/de\/#\/schema\/logo\/image\/"}}]}},"yoast_meta":{"yoast_wpseo_title":"","yoast_wpseo_metadesc":"","yoast_wpseo_canonical":""},"_links":{"self":[{"href":"https:\/\/chemuza.org\/de\/wp-json\/wp\/v2\/pages\/1489","targetHints":{"allow":["GET"]}}],"collection":[{"href":"https:\/\/chemuza.org\/de\/wp-json\/wp\/v2\/pages"}],"about":[{"href":"https:\/\/chemuza.org\/de\/wp-json\/wp\/v2\/types\/page"}],"author":[{"embeddable":true,"href":"https:\/\/chemuza.org\/de\/wp-json\/wp\/v2\/users\/1"}],"replies":[{"embeddable":true,"href":"https:\/\/chemuza.org\/de\/wp-json\/wp\/v2\/comments?post=1489"}],"version-history":[{"count":1,"href":"https:\/\/chemuza.org\/de\/wp-json\/wp\/v2\/pages\/1489\/revisions"}],"predecessor-version":[{"id":1661,"href":"https:\/\/chemuza.org\/de\/wp-json\/wp\/v2\/pages\/1489\/revisions\/1661"}],"wp:attachment":[{"href":"https:\/\/chemuza.org\/de\/wp-json\/wp\/v2\/media?parent=1489"}],"curies":[{"name":"wp","href":"https:\/\/api.w.org\/{rel}","templated":true}]}}