{"id":1488,"date":"2023-07-14T23:15:18","date_gmt":"2023-07-14T23:15:18","guid":{"rendered":"https:\/\/chemuza.org\/de\/ubereinstimmen\/"},"modified":"2023-07-14T23:15:18","modified_gmt":"2023-07-14T23:15:18","slug":"ubereinstimmen","status":"publish","type":"page","link":"https:\/\/chemuza.org\/de\/ubereinstimmen\/","title":{"rendered":"\u00dcbereinstimmen"},"content":{"rendered":"<p>Chemische Analysen zeigen, dass Phosphor mehrere chemische Verbindungen sowie Kohlenstoff enthalten kann, wobei Phosphate die grundlegendsten sind. Dar\u00fcber hinaus ist seine Rolle in allen Lebensformen sehr wichtig, beispielsweise enthalten etwa 60 % der Knochen Kalziumphosphat. Erfahren Sie alles \u00fcber dieses Element, seine Funktionen, Eigenschaften und Eigenschaften.<\/p>\n<h2> <strong>Was ist Phosphor?<\/strong><\/h2>\n<p> Das Element Phosphor ist ein essentielles Nichtmetall und in reinem Zustand farblos. Es ist Teil der Gruppe 15 oder Stickstoffatome des Periodensystems, hat mehrere Valenzen und eine gro\u00dfe Reaktivit\u00e4t. Dar\u00fcber hinaus oxidiert es bei Kontakt mit Luftsauerstoff leicht bis zur Emission von Licht. Andererseits kommt es nicht rein in der Natur vor, sondern kommt in lebenden Organismen und in anorganischen Phosphaten vor.<\/p>\n<h3> <strong>Phosphorsymbol<\/strong><\/h3>\n<p> <span class=\"content-chemical-element\" style=\"float: left;width: 65px;height: 65px;border: 3px solid #666; display:flex;\n    justify-content: center;align-items: center;margin-right: 15px;\"><span style=\"font-size: 38px;\">P<\/span><\/span> Der als Symbol zur Identifizierung des Elements verwendete Buchstabe stammt vom lateinischen Wort <em>Phosphor<\/em> . Dies wiederum kommt vom griechischen <em>phosphoros<\/em> , wobei <em>phos<\/em> Licht und <em>phoros<\/em> Carrier, also Tr\u00e4ger des Lichts, bedeutet. Diesen Namen erh\u00e4lt es zu Ehren des antiken Namens des Planeten Venus, da beide Licht aussenden oder im Dunkeln leuchten.<\/p>\n<h2> <strong>Eigenschaften von Phosphor<\/strong><\/h2>\n<p> Eine seiner besonderen Eigenschaften ist seine leichte Entflammbarkeit. Dar\u00fcber hinaus kann es dank des Ph\u00e4nomens der Phosphoreszenz Licht aussenden. Andererseits ist dieses Element im Allgemeinen in Wasser unl\u00f6slich. Schauen Sie sich andere Daten an, die es darstellen:<\/p>\n<ul>\n<li> <strong>Chemische Reaktivit\u00e4t<\/strong> : Reagiert mit fast allen Elementen, ob elektronegativ oder elektropositiv, beispielsweise unter Bildung von Halogeniden mit Halogenen.<\/li>\n<li> <strong>Farbe<\/strong> : Je nach chemischen Ver\u00e4nderungen kann es farblos, leuchtend wei\u00df oder rot sein.<\/li>\n<li> <strong>Schmelzen<\/strong> : Sein Schmelzpunkt ist niedrig.<\/li>\n<li> <strong>Zustand<\/strong> : Seine nat\u00fcrliche Form ist fest und wachsartig, kann sich jedoch in Gas und Fl\u00fcssigkeit verwandeln.<\/li>\n<li> <strong>Modifikationen<\/strong> : Seine Oxidation erfolgt, wenn atmosph\u00e4rische Luft vorhanden ist.<\/li>\n<li> <strong>Geruch<\/strong> : Hat einen unangenehmen gemischten Geruch.<\/li>\n<li> <strong>Magnetische Ordnung<\/strong> : Es ist ein diamagnetisches Element.<\/li>\n<li> <strong>Elektrischer und thermischer Leiter<\/strong> : Es verf\u00fcgt nicht \u00fcber diese Eigenschaften.<\/li>\n<li> <strong>Toxizit\u00e4tsgrad<\/strong> : Abh\u00e4ngig von der allotropen Sorte kann es sehr giftig sein oder auch nicht.<\/li>\n<li> <strong>Zerbrechlichkeit<\/strong> : Es kann nicht zu Dr\u00e4hten gerollt, flachgedr\u00fcckt oder gedehnt werden.<\/li>\n<\/ul>\n<h2> <strong>Chemische und physikalische Eigenschaften von Phosphor<\/strong><\/h2>\n<ol>\n<li> <strong>Ordnungszahl<\/strong> : 15<\/li>\n<li> <strong>Dichte<\/strong> : 1823 kg\/ <sup>m3<\/sup><\/li>\n<li> <strong>Spezifische W\u00e4rme<\/strong> : 769 J\/ (K-kg)<\/li>\n<li> <strong>Kovalenter Radius (\u00c5)<\/strong> : 106 Uhr<\/li>\n<li> <strong>Elektronische Konfiguration<\/strong> : [Ne]3s <sup>2<\/sup> 3p <sup>3<\/sup><\/li>\n<li> <strong>Erstes Ionisierungspotential (eV)<\/strong> : 1011,8 kJ\/mol<\/li>\n<li> <strong>Atommasse (g\/mol)<\/strong> : 30,9737620<\/li>\n<li> <strong>Verdampfungsenthalpie<\/strong> : 12.129 kJ\/mol<\/li>\n<li> <strong>Siedepunkt<\/strong> : 277\u00b0C (550K)<\/li>\n<li> <strong>Fusionsenthalpie<\/strong> : 0,657 kJ\/mol<\/li>\n<li> <strong>Atomradius (\u00c5):<\/strong> 98 pm (Bohr-Radius)<\/li>\n<li> <strong>Schmelzpunkt<\/strong> : 44\u00b0C (317,3K)<\/li>\n<li> <strong>Normalzustand<\/strong> : Fest<\/li>\n<li> <strong>Rost<\/strong> : Leicht sauer<\/li>\n<li> <strong>Elektronen pro Ebene<\/strong> : 2, 8, 5<\/li>\n<li> <strong>Oxidationsstufen<\/strong> : +3,5<\/li>\n<li> <strong>Dampfdruck<\/strong> : 20,8 Pa bei 294 K<\/li>\n<li> <strong>Elektronegativit\u00e4t<\/strong> : 2,19 (Pauling-Skala)<\/li>\n<\/ol>\n<h2> <strong>Herkunft von Phosphor<\/strong><\/h2>\n<p> Die Person, die Phosphor entdeckte, war der Kaufmannsalchemist Hennig Brand im Jahr 1669, eine Entdeckung, die er machte, als er versuchte, den Stein der Weisen zu finden. W\u00e4hrend seiner Expedition destillierte er die Mischung aus verdunstetem Urin und Sand. So erhielt er ein Material, das im Dunkeln brannte und leuchtete.<\/p>\n<p> Diese Substanz wurde nur aus Harnstoff gewonnen, bis der Chemiker Carl Wilhelm Scheele sie ein Jahrhundert sp\u00e4ter aus kalzinierten Knochen herstellte und isolierte. Sp\u00e4ter erhielt es den Namen Phosphor, nachdem Antoine Lavoisier nachweisen konnte, dass es sich um ein Element handelte. Anscheinend hat auch Robert Boyle es entdeckt und einen deutschen Industriellen kontaktiert, der damit begonnen hat, es in London zu beschaffen.<\/p>\n<h2> <strong>Wof\u00fcr wird Phosphor verwendet?<\/strong><\/h2>\n<p> F\u00fcr die Landwirtschaft ist eine Anwendung von konzentrierter Phosphors\u00e4ure als D\u00fcngemittel vorgesehen, da sie die Entwicklung, fr\u00fche Reifung und Produktion von Pflanzen stimuliert. Weitere Verwendungsm\u00f6glichkeiten von Phosphor sind:<\/p>\n<ul>\n<li> Produzieren Sie Bronze und Stahl.<\/li>\n<li> In seiner Monocalciumphosphatform wird es als Backpulver verwendet.<\/li>\n<li> Bei der Herstellung spezieller Kristalle.<\/li>\n<li> Auf der Innenverkleidung Leuchtstofflampen.<\/li>\n<li> Trinatriumphosphat als Reinigungsmittel zur Vorbeugung von Korrosion und zur Wasserenth\u00e4rtung<\/li>\n<li> Wei\u00dfer Phosphor wird h\u00e4ufig in Rauchbomben, Brandbomben und Leuchtspurgeschossen verwendet.<\/li>\n<li> Es kommt h\u00e4ufig bei Feuerwerksk\u00f6rpern, Sicherheitsstreichh\u00f6lzern, Zahnpasta, Reinigungsmitteln, Medikamenten und Lebensmittelzusatzstoffen vor.<\/li>\n<\/ul>\n<h2> <strong>3 Hauptallotrope von Phosphor<\/strong><\/h2>\n<p> Es ist ein chemisches Element, das in seinem festen und elementaren Zustand verschiedene allotrope Formen enth\u00e4lt. Am bekanntesten sind Wei\u00df, Rot und Schwarz, es gibt aber auch Lila und Blau. Jeder von ihnen hat unterschiedliche chemische und physikalische Eigenschaften.<\/p>\n<ul>\n<li> Wei\u00dfer Phosphor: Er hat eine tetraedrische Struktur, ist sehr giftig, brennbar, metastabil und wandelt sich bei Kontakt mit der Hitze der Sonne in roten Phosphor um.<\/li>\n<li> Roter Phosphor: Besteht aus linearen tetraedrischen Ketten und ist weniger reaktiv, fl\u00fcchtig und stabiler. Wird zur Herstellung von Reibungsstreichh\u00f6lzern verwendet.<\/li>\n<li> Schwarzer Phosphor: Wird durch Erhitzen des wei\u00dfen Allotrops bei hohen Temperaturen und Quecksilber als Katalysator gewonnen. Es entz\u00fcndet sich nicht, ist dicht und leitet Strom.<\/li>\n<\/ul>\n<p> Zusammenfassend ist Phosphor ein nichtmetallisches chemisches Element mit guter Reaktivit\u00e4t. Dar\u00fcber hinaus ist es im Normalzustand meist farblos, kann jedoch einen strahlend wei\u00dfen oder violett-roten Farbton aufweisen. Es ist sehr leicht entz\u00fcndlich, weshalb es f\u00fcr Reibstreichh\u00f6lzer und Pyrotechnik verwendet wird. Dar\u00fcber hinaus enth\u00e4lt es verschiedene allotrope Formen.<\/p>\n<h2> Weitere Informationen zu Phosphor<\/h2>\n","protected":false},"excerpt":{"rendered":"<p>Chemische Analysen zeigen, dass Phosphor mehrere chemische Verbindungen sowie Kohlenstoff enthalten kann, wobei Phosphate die grundlegendsten sind. Dar\u00fcber hinaus ist seine Rolle in allen Lebensformen sehr wichtig, beispielsweise enthalten etwa 60 % der Knochen Kalziumphosphat. Erfahren Sie alles \u00fcber dieses Element, seine Funktionen, Eigenschaften und Eigenschaften. Was ist Phosphor? Das Element Phosphor ist ein essentielles &#8230; <a title=\"\u00dcbereinstimmen\" class=\"read-more\" href=\"https:\/\/chemuza.org\/de\/ubereinstimmen\/\" aria-label=\"Mehr zu \u00dcbereinstimmen\">Mehr lesen<\/a><\/p>\n","protected":false},"author":1,"featured_media":0,"parent":0,"menu_order":0,"comment_status":"closed","ping_status":"closed","template":"","meta":{"footnotes":""},"class_list":["post-1488","page","type-page","status-publish"],"yoast_head":"<!-- This site is optimized with the Yoast SEO plugin v21.4 - https:\/\/yoast.com\/wordpress\/plugins\/seo\/ -->\n<title>Spiel \u2013 Chemuza<\/title>\n<meta name=\"robots\" content=\"index, follow, max-snippet:-1, max-image-preview:large, max-video-preview:-1\" \/>\n<link rel=\"canonical\" href=\"https:\/\/chemuza.org\/de\/ubereinstimmen\/\" \/>\n<meta property=\"og:locale\" content=\"de_DE\" \/>\n<meta property=\"og:type\" content=\"article\" \/>\n<meta property=\"og:title\" content=\"Spiel \u2013 Chemuza\" \/>\n<meta property=\"og:description\" content=\"Chemische Analysen zeigen, dass Phosphor mehrere chemische Verbindungen sowie Kohlenstoff enthalten kann, wobei Phosphate die grundlegendsten sind. Dar\u00fcber hinaus ist seine Rolle in allen Lebensformen sehr wichtig, beispielsweise enthalten etwa 60 % der Knochen Kalziumphosphat. Erfahren Sie alles \u00fcber dieses Element, seine Funktionen, Eigenschaften und Eigenschaften. Was ist Phosphor? Das Element Phosphor ist ein essentielles ... Mehr lesen\" \/>\n<meta property=\"og:url\" content=\"https:\/\/chemuza.org\/de\/ubereinstimmen\/\" \/>\n<meta property=\"og:site_name\" content=\"Chemuza\" \/>\n<meta name=\"twitter:card\" content=\"summary_large_image\" \/>\n<meta name=\"twitter:label1\" content=\"Gesch\u00e4tzte Lesezeit\" \/>\n\t<meta name=\"twitter:data1\" content=\"4\u00a0Minuten\" \/>\n<script type=\"application\/ld+json\" class=\"yoast-schema-graph\">{\"@context\":\"https:\/\/schema.org\",\"@graph\":[{\"@type\":\"WebPage\",\"@id\":\"https:\/\/chemuza.org\/de\/ubereinstimmen\/\",\"url\":\"https:\/\/chemuza.org\/de\/ubereinstimmen\/\",\"name\":\"Spiel \u2013 Chemuza\",\"isPartOf\":{\"@id\":\"https:\/\/chemuza.org\/de\/#website\"},\"datePublished\":\"2023-07-14T23:15:18+00:00\",\"dateModified\":\"2023-07-14T23:15:18+00:00\",\"breadcrumb\":{\"@id\":\"https:\/\/chemuza.org\/de\/ubereinstimmen\/#breadcrumb\"},\"inLanguage\":\"de\",\"potentialAction\":[{\"@type\":\"ReadAction\",\"target\":[\"https:\/\/chemuza.org\/de\/ubereinstimmen\/\"]}]},{\"@type\":\"BreadcrumbList\",\"@id\":\"https:\/\/chemuza.org\/de\/ubereinstimmen\/#breadcrumb\",\"itemListElement\":[{\"@type\":\"ListItem\",\"position\":1,\"name\":\"Heim\",\"item\":\"https:\/\/chemuza.org\/de\/\"},{\"@type\":\"ListItem\",\"position\":2,\"name\":\"\u00dcbereinstimmen\"}]},{\"@type\":\"WebSite\",\"@id\":\"https:\/\/chemuza.org\/de\/#website\",\"url\":\"https:\/\/chemuza.org\/de\/\",\"name\":\"Chemuza\",\"description\":\"Ihr Tor zur chemischen Entdeckung\",\"publisher\":{\"@id\":\"https:\/\/chemuza.org\/de\/#organization\"},\"potentialAction\":[{\"@type\":\"SearchAction\",\"target\":{\"@type\":\"EntryPoint\",\"urlTemplate\":\"https:\/\/chemuza.org\/de\/?s={search_term_string}\"},\"query-input\":\"required name=search_term_string\"}],\"inLanguage\":\"de\"},{\"@type\":\"Organization\",\"@id\":\"https:\/\/chemuza.org\/de\/#organization\",\"name\":\"Chemuza\",\"url\":\"https:\/\/chemuza.org\/de\/\",\"logo\":{\"@type\":\"ImageObject\",\"inLanguage\":\"de\",\"@id\":\"https:\/\/chemuza.org\/de\/#\/schema\/logo\/image\/\",\"url\":\"https:\/\/chemuza.org\/de\/wp-content\/uploads\/2023\/10\/chemuza-logo.png\",\"contentUrl\":\"https:\/\/chemuza.org\/de\/wp-content\/uploads\/2023\/10\/chemuza-logo.png\",\"width\":387,\"height\":70,\"caption\":\"Chemuza\"},\"image\":{\"@id\":\"https:\/\/chemuza.org\/de\/#\/schema\/logo\/image\/\"}}]}<\/script>\n<!-- \/ Yoast SEO plugin. -->","yoast_head_json":{"title":"Spiel \u2013 Chemuza","robots":{"index":"index","follow":"follow","max-snippet":"max-snippet:-1","max-image-preview":"max-image-preview:large","max-video-preview":"max-video-preview:-1"},"canonical":"https:\/\/chemuza.org\/de\/ubereinstimmen\/","og_locale":"de_DE","og_type":"article","og_title":"Spiel \u2013 Chemuza","og_description":"Chemische Analysen zeigen, dass Phosphor mehrere chemische Verbindungen sowie Kohlenstoff enthalten kann, wobei Phosphate die grundlegendsten sind. Dar\u00fcber hinaus ist seine Rolle in allen Lebensformen sehr wichtig, beispielsweise enthalten etwa 60 % der Knochen Kalziumphosphat. Erfahren Sie alles \u00fcber dieses Element, seine Funktionen, Eigenschaften und Eigenschaften. Was ist Phosphor? Das Element Phosphor ist ein essentielles ... Mehr lesen","og_url":"https:\/\/chemuza.org\/de\/ubereinstimmen\/","og_site_name":"Chemuza","twitter_card":"summary_large_image","twitter_misc":{"Gesch\u00e4tzte Lesezeit":"4\u00a0Minuten"},"schema":{"@context":"https:\/\/schema.org","@graph":[{"@type":"WebPage","@id":"https:\/\/chemuza.org\/de\/ubereinstimmen\/","url":"https:\/\/chemuza.org\/de\/ubereinstimmen\/","name":"Spiel \u2013 Chemuza","isPartOf":{"@id":"https:\/\/chemuza.org\/de\/#website"},"datePublished":"2023-07-14T23:15:18+00:00","dateModified":"2023-07-14T23:15:18+00:00","breadcrumb":{"@id":"https:\/\/chemuza.org\/de\/ubereinstimmen\/#breadcrumb"},"inLanguage":"de","potentialAction":[{"@type":"ReadAction","target":["https:\/\/chemuza.org\/de\/ubereinstimmen\/"]}]},{"@type":"BreadcrumbList","@id":"https:\/\/chemuza.org\/de\/ubereinstimmen\/#breadcrumb","itemListElement":[{"@type":"ListItem","position":1,"name":"Heim","item":"https:\/\/chemuza.org\/de\/"},{"@type":"ListItem","position":2,"name":"\u00dcbereinstimmen"}]},{"@type":"WebSite","@id":"https:\/\/chemuza.org\/de\/#website","url":"https:\/\/chemuza.org\/de\/","name":"Chemuza","description":"Ihr Tor zur chemischen Entdeckung","publisher":{"@id":"https:\/\/chemuza.org\/de\/#organization"},"potentialAction":[{"@type":"SearchAction","target":{"@type":"EntryPoint","urlTemplate":"https:\/\/chemuza.org\/de\/?s={search_term_string}"},"query-input":"required name=search_term_string"}],"inLanguage":"de"},{"@type":"Organization","@id":"https:\/\/chemuza.org\/de\/#organization","name":"Chemuza","url":"https:\/\/chemuza.org\/de\/","logo":{"@type":"ImageObject","inLanguage":"de","@id":"https:\/\/chemuza.org\/de\/#\/schema\/logo\/image\/","url":"https:\/\/chemuza.org\/de\/wp-content\/uploads\/2023\/10\/chemuza-logo.png","contentUrl":"https:\/\/chemuza.org\/de\/wp-content\/uploads\/2023\/10\/chemuza-logo.png","width":387,"height":70,"caption":"Chemuza"},"image":{"@id":"https:\/\/chemuza.org\/de\/#\/schema\/logo\/image\/"}}]}},"yoast_meta":{"yoast_wpseo_title":"","yoast_wpseo_metadesc":"","yoast_wpseo_canonical":""},"_links":{"self":[{"href":"https:\/\/chemuza.org\/de\/wp-json\/wp\/v2\/pages\/1488","targetHints":{"allow":["GET"]}}],"collection":[{"href":"https:\/\/chemuza.org\/de\/wp-json\/wp\/v2\/pages"}],"about":[{"href":"https:\/\/chemuza.org\/de\/wp-json\/wp\/v2\/types\/page"}],"author":[{"embeddable":true,"href":"https:\/\/chemuza.org\/de\/wp-json\/wp\/v2\/users\/1"}],"replies":[{"embeddable":true,"href":"https:\/\/chemuza.org\/de\/wp-json\/wp\/v2\/comments?post=1488"}],"version-history":[{"count":0,"href":"https:\/\/chemuza.org\/de\/wp-json\/wp\/v2\/pages\/1488\/revisions"}],"wp:attachment":[{"href":"https:\/\/chemuza.org\/de\/wp-json\/wp\/v2\/media?parent=1488"}],"curies":[{"name":"wp","href":"https:\/\/api.w.org\/{rel}","templated":true}]}}