{"id":1487,"date":"2023-07-14T23:41:06","date_gmt":"2023-07-14T23:41:06","guid":{"rendered":"https:\/\/chemuza.org\/de\/scandium\/"},"modified":"2023-07-14T23:41:06","modified_gmt":"2023-07-14T23:41:06","slug":"scandium","status":"publish","type":"page","link":"https:\/\/chemuza.org\/de\/scandium\/","title":{"rendered":"Scandium"},"content":{"rendered":"<p>Ein Element, das die \u00dcbergangsmetalle im Periodensystem dominiert. Es hat jedoch nicht nur Eigenschaften mit diesem Block, sondern auch mit Seltenen Erden gemeinsam. Dar\u00fcber hinaus gilt er als Mitglied beider Serien. Zu seinen vier Hauptkr\u00e4ften z\u00e4hlen Leichtigkeit, St\u00e4rke, H\u00e4rte und Leuchtkraft. Die Rede ist von Scandium und hier erfahren Sie, wof\u00fcr es verwendet wird und welche Eigenschaften es hat.<\/p>\n<h2> <strong>Was ist Scandium?<\/strong><\/h2>\n<p> Es ist ein chemisches Element aus der Reihe der \u00dcbergangsmetalle, bei denen es sich im Allgemeinen um ein sehr leichtes, weiches und eisenhaltiges Metall mit Fluss- und Salpeters\u00e4ure handelt. Dar\u00fcber hinaus weist es eine blasse, wei\u00dfe oder silbrige Farbe auf, obwohl es an der Luft leicht rosa und gelblich erscheinen kann. Andererseits weisen die Eigenschaften von Scandium \u00c4hnlichkeiten mit denen von Yttrium und Lanthaniden auf.<\/p>\n<h3> <strong>Scandium-Symbol<\/strong><\/h3>\n<p> <span class=\"content-chemical-element\" style=\"float: left;width: 65px;height: 65px;border: 3px solid #666; display:flex;\n    justify-content: center;align-items: center;margin-right: 15px;\"><span style=\"font-size: 38px;\">Sc<\/span><\/span> Das chemische Symbol f\u00fcr Scandium stammt vom skandinavischen Wort, dessen etymologischer Ursprung vom lateinischen <em>Scandia<\/em> herr\u00fchrt. Es erh\u00e4lt diesen Namen, weil auf der skandinavischen Halbinsel gro\u00dfe Mengen dieses Elements vorkommen, insbesondere in seinen Mineralien.<\/p>\n<h2> <strong>Eigenschaften von Scandium<\/strong><\/h2>\n<p> Eine davon kann seine Atomstruktur sein, die aus 21 Elektronen, 21 Protonen und 24 Neutronen besteht. Wo seine Elektronen in vier Energieniveaus schwingen. Beim Verbrennen bildet es hingegen eine r\u00f6tlich-gelbliche Flamme. Weitere Beschreibungen dieses Metalls finden Sie unter:<\/p>\n<ul>\n<li> <strong>Chemische Reaktivit\u00e4t<\/strong> : Es ist ein reaktives Element, das proportional zu seiner Atomgr\u00f6\u00dfe zunimmt. Es reagiert mit Wasser, starken S\u00e4uren und allen Halogenen.<\/li>\n<li> <strong>Schmelzen und Kochen<\/strong> : Diese Punkte sind sehr hoch.<\/li>\n<li> <strong>Zustand<\/strong> : Bei Raumtemperatur ist die gew\u00f6hnliche Form fest.<\/li>\n<li> <strong>Ver\u00e4nderungen<\/strong> : Im urspr\u00fcnglichen Zustand hat es eine weiche und glatte Textur, aber wenn es legiert ist, weist es gro\u00dfe Festigkeit und H\u00e4rte auf.<\/li>\n<li> <strong>Temperatur<\/strong> : Es weist eine gute Best\u00e4ndigkeit gegen\u00fcber hohen Temperaturen auf.<\/li>\n<li> <strong>Stabilit\u00e4t<\/strong> : Es ist stabil, zersetzt sich jedoch beim Erhitzen und oxidiert an der Luft.<\/li>\n<li> <strong>Magnetische Ordnung<\/strong> : F\u00fchrt Paramagnetismus ein.<\/li>\n<li> <strong>Toxizit\u00e4tsgrad<\/strong> : Gilt nicht als giftiges Metall.<\/li>\n<li> <strong>Dichte<\/strong> : Es ist im Allgemeinen leicht und hat eine Dichte, die der von Aluminium nahekommt.<\/li>\n<li> <strong>Oxidationsstufe<\/strong> : Am h\u00e4ufigsten wird +3 verwendet, obwohl es auch 0, +1 und +2 gibt.<\/li>\n<\/ul>\n<h2> <strong>Chemische und physikalische Eigenschaften von Scandium<\/strong><\/h2>\n<ol>\n<li> <strong>Ordnungszahl<\/strong> : 21<\/li>\n<li> <strong>Kovalenter Radius (\u00c5)<\/strong> : 1,44<\/li>\n<li> <strong>Atommasse (g\/mol)<\/strong> : 44,955<\/li>\n<li> <strong>Dichte (g\/ml)<\/strong> : 3,0<\/li>\n<li> <strong>Oxidationsstufen<\/strong> : 3<\/li>\n<li> <strong>Elektronegativit\u00e4t<\/strong> : 1,36<\/li>\n<li> <strong>Normalzustand<\/strong> : Fest<\/li>\n<li> <strong>Spezifische W\u00e4rme<\/strong> : 568 J\/(K-kg)<\/li>\n<li> <strong>Verdampfungsenthalpie<\/strong> : 314,2 kJ\/mol<\/li>\n<li> <strong>Elektronische Konfiguration<\/strong> : [Ar]4 s\u00b2 3d <sup>1<\/sup><\/li>\n<li> <strong>Erstes Ionisierungspotential (eV)<\/strong> : 633,1 kJ\/mol<\/li>\n<li> <strong>Schmelzpunkt<\/strong> : 1541 \u00b0C (1814 K)<\/li>\n<li> <strong>Schmelzenthalpie<\/strong> : 14,1 kJ\/mol<\/li>\n<li> <strong>Oxid<\/strong> : Schwache Base<\/li>\n<li> <strong>Atomradius (\u00c5)<\/strong> : 1,84<\/li>\n<li> <strong>Elektronen pro Ebene<\/strong> : 2, 8, 9, 2<\/li>\n<li> <strong>Siedepunkt<\/strong> : 2830 \u00b0C (3103 K)<\/li>\n<li> <strong>Schallgeschwindigkeit<\/strong> : Keine Daten m\/s 293,15 K<\/li>\n<\/ol>\n<h2> <strong>Ursprung von Scandium<\/strong><\/h2>\n<p> Der Entdecker von Scandium war Lars Fredrick Nilson im Jahr 1879, der mit seinem Team eine Spektralanalyse der Mineralien Gadolinit und Ilsenit durchf\u00fchrte. Dies geschah, als ich Seltenerdmetalle erforschte. Um es zu isolieren, begann er, 10 kg Exenit und Reste anderer Elemente zu verarbeiten. Das Endergebnis waren 2 Gramm reines Scandiumoxid.<\/p>\n<p> Allerdings sagte Dmitri Mendelejew 1937 im Voraus die Existenz eines neuen Elements voraus, das \u00e4hnliche Eigenschaften wie Bor haben w\u00fcrde, und nannte es <em>Ekaboro<\/em> . Sp\u00e4ter best\u00e4tigte der Chemiker Per Theodor Cleve, dass Scandiumoxid das vorhergesagte <em>Ekaboro<\/em> war. Anschlie\u00dfend wurde es erstmals durch Elektrolyse isoliert.<\/p>\n<h2> <strong>Wof\u00fcr wird Scandium verwendet?<\/strong><\/h2>\n<p> Obwohl es ein ungew\u00f6hnlicher Gegenstand ist, ist es ein sehr vielseitiges Metall. Tats\u00e4chlich wird es in der Chemie-, Luft- und Raumfahrtindustrie sowie in der Landwirtschaft eingesetzt. Sc2(SO4)3 verbessert beispielsweise die Keimung verschiedener Gem\u00fcsesorten. Entdecken Sie weitere Verwendungsm\u00f6glichkeiten dieses chemischen Inhaltsstoffs:<\/p>\n<ul>\n<li> Es erm\u00f6glicht die Herstellung von Legierungen mit Aluminium, die ihre Leichtigkeit, hohe Temperatur- und Korrosionsbest\u00e4ndigkeit beibehalten und in der Luft- und Raumfahrtindustrie eingesetzt werden.<\/li>\n<li> Sc <sub>2<\/sub> O <sub>3<\/sub> wird bei der Herstellung von Hochleistungslampen verwendet.<\/li>\n<li> Erh\u00f6ht die Qualit\u00e4t des k\u00fcnstlichen Lichts in Quecksilberdampflampen, beispielsweise in Stadien, Sportpl\u00e4tzen, Digitalkameras, Computermonitoren und Fernsehbildschirmen.<\/li>\n<li> Es fungiert als Tracer beim \u00d6lcracken.<\/li>\n<li> In der chemischen Industrie wird es als Katalysator bei der Herstellung von Propanol verwendet und wandelt Dicarbons\u00e4uren in zyklische Verbindungen und Essigs\u00e4ure in Aceton um.<\/li>\n<\/ul>\n<h2> <strong>Wo kommt Scandium vor?<\/strong><\/h2>\n<p> Spuren dieses Elements finden sich in mehr als 800 Mineralien wie Eusenit, Thortveitit und Gadolinit in Schweden, D\u00e4nemark, Norwegen und Madagaskar. Dar\u00fcber hinaus erscheint es als R\u00fcckstand nach dem Wolframitabbau. Am h\u00e4ufigsten kommt es jedoch in der Sonne und in den Riesensternen des galaktischen Zentrums vor.<\/p>\n<p> Zusammenfassend ist Scandium ein chemisches Element, das \u00e4hnliche \u00dcbergangsmetalleigenschaften wie Lanthanoide aufweist. Dar\u00fcber hinaus ist es silberwei\u00df, leicht, langlebig und weich. Es hat eine Atommasse von 44,95 und die Zahl 21. Andererseits werden Aluminiumlegierungen hergestellt, die neben anderen h\u00e4ufigen und seltenen Anwendungen in Flugzeugen verwendet werden.<\/p>\n","protected":false},"excerpt":{"rendered":"<p>Ein Element, das die \u00dcbergangsmetalle im Periodensystem dominiert. Es hat jedoch nicht nur Eigenschaften mit diesem Block, sondern auch mit Seltenen Erden gemeinsam. Dar\u00fcber hinaus gilt er als Mitglied beider Serien. Zu seinen vier Hauptkr\u00e4ften z\u00e4hlen Leichtigkeit, St\u00e4rke, H\u00e4rte und Leuchtkraft. Die Rede ist von Scandium und hier erfahren Sie, wof\u00fcr es verwendet wird und &#8230; <a title=\"Scandium\" class=\"read-more\" href=\"https:\/\/chemuza.org\/de\/scandium\/\" aria-label=\"Mehr zu Scandium\">Mehr lesen<\/a><\/p>\n","protected":false},"author":1,"featured_media":0,"parent":0,"menu_order":0,"comment_status":"closed","ping_status":"closed","template":"","meta":{"footnotes":""},"class_list":["post-1487","page","type-page","status-publish"],"yoast_head":"<!-- This site is optimized with the Yoast SEO plugin v21.4 - https:\/\/yoast.com\/wordpress\/plugins\/seo\/ -->\n<title>Scandium - Chemuza<\/title>\n<meta name=\"robots\" content=\"index, follow, max-snippet:-1, max-image-preview:large, max-video-preview:-1\" \/>\n<link rel=\"canonical\" href=\"https:\/\/chemuza.org\/de\/scandium\/\" \/>\n<meta property=\"og:locale\" content=\"de_DE\" \/>\n<meta property=\"og:type\" content=\"article\" \/>\n<meta property=\"og:title\" content=\"Scandium - Chemuza\" \/>\n<meta property=\"og:description\" content=\"Ein Element, das die \u00dcbergangsmetalle im Periodensystem dominiert. Es hat jedoch nicht nur Eigenschaften mit diesem Block, sondern auch mit Seltenen Erden gemeinsam. Dar\u00fcber hinaus gilt er als Mitglied beider Serien. Zu seinen vier Hauptkr\u00e4ften z\u00e4hlen Leichtigkeit, St\u00e4rke, H\u00e4rte und Leuchtkraft. Die Rede ist von Scandium und hier erfahren Sie, wof\u00fcr es verwendet wird und ... Mehr lesen\" \/>\n<meta property=\"og:url\" content=\"https:\/\/chemuza.org\/de\/scandium\/\" \/>\n<meta property=\"og:site_name\" content=\"Chemuza\" \/>\n<meta name=\"twitter:card\" content=\"summary_large_image\" \/>\n<meta name=\"twitter:label1\" content=\"Gesch\u00e4tzte Lesezeit\" \/>\n\t<meta name=\"twitter:data1\" content=\"4\u00a0Minuten\" \/>\n<script type=\"application\/ld+json\" class=\"yoast-schema-graph\">{\"@context\":\"https:\/\/schema.org\",\"@graph\":[{\"@type\":\"WebPage\",\"@id\":\"https:\/\/chemuza.org\/de\/scandium\/\",\"url\":\"https:\/\/chemuza.org\/de\/scandium\/\",\"name\":\"Scandium - Chemuza\",\"isPartOf\":{\"@id\":\"https:\/\/chemuza.org\/de\/#website\"},\"datePublished\":\"2023-07-14T23:41:06+00:00\",\"dateModified\":\"2023-07-14T23:41:06+00:00\",\"breadcrumb\":{\"@id\":\"https:\/\/chemuza.org\/de\/scandium\/#breadcrumb\"},\"inLanguage\":\"de\",\"potentialAction\":[{\"@type\":\"ReadAction\",\"target\":[\"https:\/\/chemuza.org\/de\/scandium\/\"]}]},{\"@type\":\"BreadcrumbList\",\"@id\":\"https:\/\/chemuza.org\/de\/scandium\/#breadcrumb\",\"itemListElement\":[{\"@type\":\"ListItem\",\"position\":1,\"name\":\"Heim\",\"item\":\"https:\/\/chemuza.org\/de\/\"},{\"@type\":\"ListItem\",\"position\":2,\"name\":\"Scandium\"}]},{\"@type\":\"WebSite\",\"@id\":\"https:\/\/chemuza.org\/de\/#website\",\"url\":\"https:\/\/chemuza.org\/de\/\",\"name\":\"Chemuza\",\"description\":\"Ihr Tor zur chemischen Entdeckung\",\"publisher\":{\"@id\":\"https:\/\/chemuza.org\/de\/#organization\"},\"potentialAction\":[{\"@type\":\"SearchAction\",\"target\":{\"@type\":\"EntryPoint\",\"urlTemplate\":\"https:\/\/chemuza.org\/de\/?s={search_term_string}\"},\"query-input\":\"required name=search_term_string\"}],\"inLanguage\":\"de\"},{\"@type\":\"Organization\",\"@id\":\"https:\/\/chemuza.org\/de\/#organization\",\"name\":\"Chemuza\",\"url\":\"https:\/\/chemuza.org\/de\/\",\"logo\":{\"@type\":\"ImageObject\",\"inLanguage\":\"de\",\"@id\":\"https:\/\/chemuza.org\/de\/#\/schema\/logo\/image\/\",\"url\":\"https:\/\/chemuza.org\/de\/wp-content\/uploads\/2023\/10\/chemuza-logo.png\",\"contentUrl\":\"https:\/\/chemuza.org\/de\/wp-content\/uploads\/2023\/10\/chemuza-logo.png\",\"width\":387,\"height\":70,\"caption\":\"Chemuza\"},\"image\":{\"@id\":\"https:\/\/chemuza.org\/de\/#\/schema\/logo\/image\/\"}}]}<\/script>\n<!-- \/ Yoast SEO plugin. -->","yoast_head_json":{"title":"Scandium - Chemuza","robots":{"index":"index","follow":"follow","max-snippet":"max-snippet:-1","max-image-preview":"max-image-preview:large","max-video-preview":"max-video-preview:-1"},"canonical":"https:\/\/chemuza.org\/de\/scandium\/","og_locale":"de_DE","og_type":"article","og_title":"Scandium - Chemuza","og_description":"Ein Element, das die \u00dcbergangsmetalle im Periodensystem dominiert. Es hat jedoch nicht nur Eigenschaften mit diesem Block, sondern auch mit Seltenen Erden gemeinsam. Dar\u00fcber hinaus gilt er als Mitglied beider Serien. Zu seinen vier Hauptkr\u00e4ften z\u00e4hlen Leichtigkeit, St\u00e4rke, H\u00e4rte und Leuchtkraft. Die Rede ist von Scandium und hier erfahren Sie, wof\u00fcr es verwendet wird und ... Mehr lesen","og_url":"https:\/\/chemuza.org\/de\/scandium\/","og_site_name":"Chemuza","twitter_card":"summary_large_image","twitter_misc":{"Gesch\u00e4tzte Lesezeit":"4\u00a0Minuten"},"schema":{"@context":"https:\/\/schema.org","@graph":[{"@type":"WebPage","@id":"https:\/\/chemuza.org\/de\/scandium\/","url":"https:\/\/chemuza.org\/de\/scandium\/","name":"Scandium - Chemuza","isPartOf":{"@id":"https:\/\/chemuza.org\/de\/#website"},"datePublished":"2023-07-14T23:41:06+00:00","dateModified":"2023-07-14T23:41:06+00:00","breadcrumb":{"@id":"https:\/\/chemuza.org\/de\/scandium\/#breadcrumb"},"inLanguage":"de","potentialAction":[{"@type":"ReadAction","target":["https:\/\/chemuza.org\/de\/scandium\/"]}]},{"@type":"BreadcrumbList","@id":"https:\/\/chemuza.org\/de\/scandium\/#breadcrumb","itemListElement":[{"@type":"ListItem","position":1,"name":"Heim","item":"https:\/\/chemuza.org\/de\/"},{"@type":"ListItem","position":2,"name":"Scandium"}]},{"@type":"WebSite","@id":"https:\/\/chemuza.org\/de\/#website","url":"https:\/\/chemuza.org\/de\/","name":"Chemuza","description":"Ihr Tor zur chemischen Entdeckung","publisher":{"@id":"https:\/\/chemuza.org\/de\/#organization"},"potentialAction":[{"@type":"SearchAction","target":{"@type":"EntryPoint","urlTemplate":"https:\/\/chemuza.org\/de\/?s={search_term_string}"},"query-input":"required name=search_term_string"}],"inLanguage":"de"},{"@type":"Organization","@id":"https:\/\/chemuza.org\/de\/#organization","name":"Chemuza","url":"https:\/\/chemuza.org\/de\/","logo":{"@type":"ImageObject","inLanguage":"de","@id":"https:\/\/chemuza.org\/de\/#\/schema\/logo\/image\/","url":"https:\/\/chemuza.org\/de\/wp-content\/uploads\/2023\/10\/chemuza-logo.png","contentUrl":"https:\/\/chemuza.org\/de\/wp-content\/uploads\/2023\/10\/chemuza-logo.png","width":387,"height":70,"caption":"Chemuza"},"image":{"@id":"https:\/\/chemuza.org\/de\/#\/schema\/logo\/image\/"}}]}},"yoast_meta":{"yoast_wpseo_title":"","yoast_wpseo_metadesc":"","yoast_wpseo_canonical":""},"_links":{"self":[{"href":"https:\/\/chemuza.org\/de\/wp-json\/wp\/v2\/pages\/1487","targetHints":{"allow":["GET"]}}],"collection":[{"href":"https:\/\/chemuza.org\/de\/wp-json\/wp\/v2\/pages"}],"about":[{"href":"https:\/\/chemuza.org\/de\/wp-json\/wp\/v2\/types\/page"}],"author":[{"embeddable":true,"href":"https:\/\/chemuza.org\/de\/wp-json\/wp\/v2\/users\/1"}],"replies":[{"embeddable":true,"href":"https:\/\/chemuza.org\/de\/wp-json\/wp\/v2\/comments?post=1487"}],"version-history":[{"count":0,"href":"https:\/\/chemuza.org\/de\/wp-json\/wp\/v2\/pages\/1487\/revisions"}],"wp:attachment":[{"href":"https:\/\/chemuza.org\/de\/wp-json\/wp\/v2\/media?parent=1487"}],"curies":[{"name":"wp","href":"https:\/\/api.w.org\/{rel}","templated":true}]}}