{"id":1486,"date":"2023-10-25T13:51:17","date_gmt":"2023-10-25T13:51:17","guid":{"rendered":"https:\/\/chemuza.org\/de\/argon\/"},"modified":"2023-10-25T13:51:17","modified_gmt":"2023-10-25T13:51:17","slug":"argon","status":"publish","type":"page","link":"https:\/\/chemuza.org\/de\/argon\/","title":{"rendered":"Argon"},"content":{"rendered":"<p>Argon ist eines der am h\u00e4ufigsten vorkommenden Edelgase in der Atmosph\u00e4re und macht 1 % des Gesamtvolumens aus. Es ist 30 % schwerer als Luft und unabh\u00e4ngig von Temperatur und Druck physikalisch und chemisch stabil. Dank des Isotops K 40 oder Kalium kommt es auch in Mineralpartikeln, Meteoriten und in seinem nat\u00fcrlichen Zustand vor. Erfahren Sie mehr \u00fcber dieses chemische Element.<\/p>\n<h2> <strong>Was ist Argon?<\/strong><\/h2>\n<p> Es ist ein chemisches Element, das zur Gruppe der Edelgase des Periodensystems geh\u00f6rt. Es ist das dritte davon und ein inertes, farbloses und geschmackloses Gas mit einem geringen Prozentsatz an Reaktivit\u00e4t mit anderen Verbindungen. Dar\u00fcber hinaus macht es 0,934 % der trockenen Luft aus, seine Ordnungszahl betr\u00e4gt 18 mit einer einatomigen Struktur,<\/p>\n<h3> <strong>Argon-Symbol<\/strong><\/h3>\n<p> <span class=\"content-chemical-element\" style=\"float: left;width: 65px;height: 65px;border: 3px solid #666; display:flex;\n    justify-content: center;align-items: center;margin-right: 15px;\"><span style=\"font-size: 38px;\">Ar<\/span><\/span> Sein Name leitet sich vom griechischen \u1f00\u03c1\u03b3\u03cc\u03c2 oder argos ab, dessen Bedeutung inaktiv oder nicht reaktiv ist. Im Jahr 1785 beobachtete der Wissenschaftler Henry Cavendish, dass ein stickstoff\u00e4hnliches Element in der Luft reichlich vorhanden war, jedoch eine h\u00f6here Dichte aufwies und keine chemischen Reaktionen ausl\u00f6ste. Aus diesem Grund gilt es als faules Element.<\/p>\n<h2> <strong>Eigenschaften von Argon<\/strong><\/h2>\n<p> Es ist ein chemisches Element, es ist farblos, geruchlos und geschmacklos. Aufgrund seiner geringen negativen Ladung geht es mit Ausnahme von Phenol und Hydrochinon nicht so viele Verbindungen ein wie andere Elemente. Weitere Merkmale des Argon-Periodensystems sind:<\/p>\n<ul>\n<li> <strong>Zustand<\/strong> : Gasf\u00f6rmig, aber wenn es atmosph\u00e4rischem Druck mit einer Temperatur von -186 \u00b0C ausgesetzt wird, kann es fl\u00fcssig werden.<\/li>\n<li> <strong>Toxizit\u00e4t<\/strong> : Argongas ist inert und kann keine toxischen Reaktionen hervorrufen.<\/li>\n<li> <strong>Reaktivit\u00e4t<\/strong> : Null, da es sich um ein Edelgas handelt.<\/li>\n<li> <strong>Struktur<\/strong> : Es ist einatomig, das hei\u00dft, seine Atome im Kern sind vereint, ohne zu fragmentieren. In seinen Valenzschalen hat es 8 Elektronen, alle seine Orbitale sind voller Energie.<\/li>\n<li> <strong>L\u00f6slichkeit<\/strong> : Es ist wasserl\u00f6slich, ohne Geschmack oder Farbstoff.<\/li>\n<li> <strong>Kristallisation<\/strong> : Seine Atome kondensieren, wenn die Temperatur auf -186 \u00b0C sinkt, und bilden kleine Kristalle.<\/li>\n<\/ul>\n<h2> <strong>Chemische und physikalische Eigenschaften von Argon<\/strong><\/h2>\n<ol>\n<li> <strong>Ordnungszahl<\/strong> : 18<\/li>\n<li> <strong>Zeitraum<\/strong> : 3<\/li>\n<li> <strong>Block<\/strong> : P<\/li>\n<li> <strong>Gruppe<\/strong> : 0<\/li>\n<li> <strong>Kovalenter Radius (\u00c5):<\/strong> 97 Uhr<\/li>\n<li> <strong>Dichte:<\/strong> 1.784 kg\/m3<\/li>\n<li> <strong>Siedepunkt: \u2013<\/strong> 185,85\u00b0C<\/li>\n<li> <strong>Schmelzpunkt:<\/strong> -189,35\u00b0C<\/li>\n<li> <strong>Atomradius:<\/strong> 71<\/li>\n<li> <strong>Elektronen pro Schale:<\/strong> 2,8,8<\/li>\n<li> <strong>Elektronegativit\u00e4t:<\/strong> Null<\/li>\n<li> <strong>Spezifische W\u00e4rme:<\/strong> 520 J \/ (K kg)<\/li>\n<li> <strong>Elektronische Konfiguration:<\/strong> [Ne]3s23p6<\/li>\n<li> <strong>Atommasse (g\/mol):<\/strong> 39,948 u<\/li>\n<li> <strong>W\u00e4rmeleitf\u00e4higkeit:<\/strong> (300 K) 0,01772 W \/ (Km)<\/li>\n<li> <strong>Kritischer Druck:<\/strong> 4.898.106<\/li>\n<\/ol>\n<h2> <strong>Ursprung von Argon<\/strong><\/h2>\n<p> Im Jahr 1785 bemerkte der Chemiker Henry Cavendish, dass in der Luft ein weiteres gas\u00e4hnliches Gas vorhanden war, das dem Stickstoff \u00e4hnelte. Es war das Element Argon, viel dichter und weniger reaktiv als das vorherige. Dann, im Jahr 1894, gelang es den Chemikern Ramsey und Rayleigh, es zu isolieren, indem sie Sauerstoff, Kohlendioxid und Stickstoff aus der Luft entfernten.<\/p>\n<p> Dann war es an bestimmten Linien sichtbar, die es w\u00e4hrend der spektroskopischen Untersuchung aussendete. Dies best\u00e4tigte seine Eigenschaften als Verbindung und ordnete es in die Kategorie der Gase mit wenigen chemischen Reaktionen ein. Es war sogar das erste inerte oder seltene Gas, das auf dem Planeten isoliert wurde und keine Inaktivit\u00e4t zeigte.<\/p>\n<h2> <strong>Wof\u00fcr wird Argon verwendet?<\/strong><\/h2>\n<p> Seine Verwendung erstreckt sich auf industrielle, medizinische und wissenschaftliche Bereiche bei der Schaffung nicht reaktiver Atmosph\u00e4ren. Auf diese Weise treten bei den verschiedenen Anwendungen keine toxischen chemischen Wirkungen auf, n\u00e4mlich:<\/p>\n<h3> <strong>Industriell<\/strong><\/h3>\n<p> Es ist n\u00fctzlich bei der Herstellung von Gl\u00fchlampen, da es deren Gl\u00fchf\u00e4den sch\u00fctzt und deren Lebensdauer verl\u00e4ngert. Dar\u00fcber hinaus wird es in neon\u00e4hnlichen Leuchtstoffr\u00f6hren mit Licht zwischen Blau und Violett verwendet. Dar\u00fcber hinaus wird es beim Schwei\u00dfen von Metallen eingesetzt und verhindert so die negative Einwirkung von Sauerstoff und Stickstoff auf diese.<\/p>\n<h3> <strong>Medizin<\/strong><\/h3>\n<p> Im medizinischen Bereich wird es in der Chirurgie zur Entfernung von Krebsgewebe eingesetzt und fungiert als kryogene Fl\u00fcssigkeit. Dar\u00fcber hinaus wird es zur Korrektur von Augenerkrankungen wie Netzhautabl\u00f6sung, Blutungen, Glaukom und Makulaabnutzung eingesetzt.<\/p>\n<h3> <strong>Wissenschaftler<\/strong><\/h3>\n<p> Bei der Herstellung von Laborger\u00e4ten wird h\u00e4ufig Argon mit Helium und Neon gemischt, um Geiger-Beh\u00e4lter mit Radioaktivit\u00e4t zu beschichten. Dar\u00fcber hinaus wird es als Tr\u00e4gergas in der Gaschromatographie oder bei der Verfl\u00fcchtigung chemischer Proben eingesetzt. Auch andere Anwendungen umfassen die Herstellung von Titan und anderen Arten reaktiver Elemente.<\/p>\n<h2> <strong>Woher bekommen wir Argon?<\/strong><\/h2>\n<p> In seiner nat\u00fcrlichen Form wird es dank des in der Natur vorkommenden Kaliumisotops K 40 gewonnen. Dar\u00fcber hinaus wird dies durch die Zerlegung der Luft in speziellen Anlagen erreicht, wobei die entstehende Luft verfl\u00fcssigt und in Fraktionen destilliert wird. Da sein Siedepunkt dem von Stickstoff \u00e4hnelt, wird die reine Probe erhitzt und mit dem Wasserstoff verbrannt, wodurch der Sauerstoff eliminiert wird. Der Prozess endet mit der Destillation, um das Element in seinem reinen Zustand zu isolieren.<\/p>\n<p> Kurz gesagt, Argon ist ein edles und inertes Gas ohne Geschmack und Geruch. Da es keine chemischen Reaktionen ausl\u00f6st, wird es in Industrie, Medizin und Wissenschaft h\u00e4ufig f\u00fcr technologische Fortschritte und die Herstellung leichter Objekte eingesetzt.<\/p>\n","protected":false},"excerpt":{"rendered":"<p>Argon ist eines der am h\u00e4ufigsten vorkommenden Edelgase in der Atmosph\u00e4re und macht 1 % des Gesamtvolumens aus. Es ist 30 % schwerer als Luft und unabh\u00e4ngig von Temperatur und Druck physikalisch und chemisch stabil. Dank des Isotops K 40 oder Kalium kommt es auch in Mineralpartikeln, Meteoriten und in seinem nat\u00fcrlichen Zustand vor. Erfahren &#8230; <a title=\"Argon\" class=\"read-more\" href=\"https:\/\/chemuza.org\/de\/argon\/\" aria-label=\"Mehr zu Argon\">Mehr lesen<\/a><\/p>\n","protected":false},"author":1,"featured_media":0,"parent":0,"menu_order":0,"comment_status":"closed","ping_status":"closed","template":"","meta":{"footnotes":""},"class_list":["post-1486","page","type-page","status-publish"],"yoast_head":"<!-- This site is optimized with the Yoast SEO plugin v21.4 - https:\/\/yoast.com\/wordpress\/plugins\/seo\/ -->\n<title>Argon - Chemuza<\/title>\n<meta name=\"robots\" content=\"index, follow, max-snippet:-1, max-image-preview:large, max-video-preview:-1\" \/>\n<link rel=\"canonical\" href=\"https:\/\/chemuza.org\/de\/argon\/\" \/>\n<meta property=\"og:locale\" content=\"de_DE\" \/>\n<meta property=\"og:type\" content=\"article\" \/>\n<meta property=\"og:title\" content=\"Argon - Chemuza\" \/>\n<meta property=\"og:description\" content=\"Argon ist eines der am h\u00e4ufigsten vorkommenden Edelgase in der Atmosph\u00e4re und macht 1 % des Gesamtvolumens aus. Es ist 30 % schwerer als Luft und unabh\u00e4ngig von Temperatur und Druck physikalisch und chemisch stabil. Dank des Isotops K 40 oder Kalium kommt es auch in Mineralpartikeln, Meteoriten und in seinem nat\u00fcrlichen Zustand vor. Erfahren ... Mehr lesen\" \/>\n<meta property=\"og:url\" content=\"https:\/\/chemuza.org\/de\/argon\/\" \/>\n<meta property=\"og:site_name\" content=\"Chemuza\" \/>\n<meta name=\"twitter:card\" content=\"summary_large_image\" \/>\n<meta name=\"twitter:label1\" content=\"Gesch\u00e4tzte Lesezeit\" \/>\n\t<meta name=\"twitter:data1\" content=\"4\u00a0Minuten\" \/>\n<script type=\"application\/ld+json\" class=\"yoast-schema-graph\">{\"@context\":\"https:\/\/schema.org\",\"@graph\":[{\"@type\":\"WebPage\",\"@id\":\"https:\/\/chemuza.org\/de\/argon\/\",\"url\":\"https:\/\/chemuza.org\/de\/argon\/\",\"name\":\"Argon - Chemuza\",\"isPartOf\":{\"@id\":\"https:\/\/chemuza.org\/de\/#website\"},\"datePublished\":\"2023-10-25T13:51:17+00:00\",\"dateModified\":\"2023-10-25T13:51:17+00:00\",\"breadcrumb\":{\"@id\":\"https:\/\/chemuza.org\/de\/argon\/#breadcrumb\"},\"inLanguage\":\"de\",\"potentialAction\":[{\"@type\":\"ReadAction\",\"target\":[\"https:\/\/chemuza.org\/de\/argon\/\"]}]},{\"@type\":\"BreadcrumbList\",\"@id\":\"https:\/\/chemuza.org\/de\/argon\/#breadcrumb\",\"itemListElement\":[{\"@type\":\"ListItem\",\"position\":1,\"name\":\"Heim\",\"item\":\"https:\/\/chemuza.org\/de\/\"},{\"@type\":\"ListItem\",\"position\":2,\"name\":\"Argon\"}]},{\"@type\":\"WebSite\",\"@id\":\"https:\/\/chemuza.org\/de\/#website\",\"url\":\"https:\/\/chemuza.org\/de\/\",\"name\":\"Chemuza\",\"description\":\"Ihr Tor zur chemischen Entdeckung\",\"publisher\":{\"@id\":\"https:\/\/chemuza.org\/de\/#organization\"},\"potentialAction\":[{\"@type\":\"SearchAction\",\"target\":{\"@type\":\"EntryPoint\",\"urlTemplate\":\"https:\/\/chemuza.org\/de\/?s={search_term_string}\"},\"query-input\":\"required name=search_term_string\"}],\"inLanguage\":\"de\"},{\"@type\":\"Organization\",\"@id\":\"https:\/\/chemuza.org\/de\/#organization\",\"name\":\"Chemuza\",\"url\":\"https:\/\/chemuza.org\/de\/\",\"logo\":{\"@type\":\"ImageObject\",\"inLanguage\":\"de\",\"@id\":\"https:\/\/chemuza.org\/de\/#\/schema\/logo\/image\/\",\"url\":\"https:\/\/chemuza.org\/de\/wp-content\/uploads\/2023\/10\/chemuza-logo.png\",\"contentUrl\":\"https:\/\/chemuza.org\/de\/wp-content\/uploads\/2023\/10\/chemuza-logo.png\",\"width\":387,\"height\":70,\"caption\":\"Chemuza\"},\"image\":{\"@id\":\"https:\/\/chemuza.org\/de\/#\/schema\/logo\/image\/\"}}]}<\/script>\n<!-- \/ Yoast SEO plugin. -->","yoast_head_json":{"title":"Argon - Chemuza","robots":{"index":"index","follow":"follow","max-snippet":"max-snippet:-1","max-image-preview":"max-image-preview:large","max-video-preview":"max-video-preview:-1"},"canonical":"https:\/\/chemuza.org\/de\/argon\/","og_locale":"de_DE","og_type":"article","og_title":"Argon - Chemuza","og_description":"Argon ist eines der am h\u00e4ufigsten vorkommenden Edelgase in der Atmosph\u00e4re und macht 1 % des Gesamtvolumens aus. Es ist 30 % schwerer als Luft und unabh\u00e4ngig von Temperatur und Druck physikalisch und chemisch stabil. Dank des Isotops K 40 oder Kalium kommt es auch in Mineralpartikeln, Meteoriten und in seinem nat\u00fcrlichen Zustand vor. Erfahren ... Mehr lesen","og_url":"https:\/\/chemuza.org\/de\/argon\/","og_site_name":"Chemuza","twitter_card":"summary_large_image","twitter_misc":{"Gesch\u00e4tzte Lesezeit":"4\u00a0Minuten"},"schema":{"@context":"https:\/\/schema.org","@graph":[{"@type":"WebPage","@id":"https:\/\/chemuza.org\/de\/argon\/","url":"https:\/\/chemuza.org\/de\/argon\/","name":"Argon - Chemuza","isPartOf":{"@id":"https:\/\/chemuza.org\/de\/#website"},"datePublished":"2023-10-25T13:51:17+00:00","dateModified":"2023-10-25T13:51:17+00:00","breadcrumb":{"@id":"https:\/\/chemuza.org\/de\/argon\/#breadcrumb"},"inLanguage":"de","potentialAction":[{"@type":"ReadAction","target":["https:\/\/chemuza.org\/de\/argon\/"]}]},{"@type":"BreadcrumbList","@id":"https:\/\/chemuza.org\/de\/argon\/#breadcrumb","itemListElement":[{"@type":"ListItem","position":1,"name":"Heim","item":"https:\/\/chemuza.org\/de\/"},{"@type":"ListItem","position":2,"name":"Argon"}]},{"@type":"WebSite","@id":"https:\/\/chemuza.org\/de\/#website","url":"https:\/\/chemuza.org\/de\/","name":"Chemuza","description":"Ihr Tor zur chemischen Entdeckung","publisher":{"@id":"https:\/\/chemuza.org\/de\/#organization"},"potentialAction":[{"@type":"SearchAction","target":{"@type":"EntryPoint","urlTemplate":"https:\/\/chemuza.org\/de\/?s={search_term_string}"},"query-input":"required name=search_term_string"}],"inLanguage":"de"},{"@type":"Organization","@id":"https:\/\/chemuza.org\/de\/#organization","name":"Chemuza","url":"https:\/\/chemuza.org\/de\/","logo":{"@type":"ImageObject","inLanguage":"de","@id":"https:\/\/chemuza.org\/de\/#\/schema\/logo\/image\/","url":"https:\/\/chemuza.org\/de\/wp-content\/uploads\/2023\/10\/chemuza-logo.png","contentUrl":"https:\/\/chemuza.org\/de\/wp-content\/uploads\/2023\/10\/chemuza-logo.png","width":387,"height":70,"caption":"Chemuza"},"image":{"@id":"https:\/\/chemuza.org\/de\/#\/schema\/logo\/image\/"}}]}},"yoast_meta":{"yoast_wpseo_title":"","yoast_wpseo_metadesc":"","yoast_wpseo_canonical":""},"_links":{"self":[{"href":"https:\/\/chemuza.org\/de\/wp-json\/wp\/v2\/pages\/1486","targetHints":{"allow":["GET"]}}],"collection":[{"href":"https:\/\/chemuza.org\/de\/wp-json\/wp\/v2\/pages"}],"about":[{"href":"https:\/\/chemuza.org\/de\/wp-json\/wp\/v2\/types\/page"}],"author":[{"embeddable":true,"href":"https:\/\/chemuza.org\/de\/wp-json\/wp\/v2\/users\/1"}],"replies":[{"embeddable":true,"href":"https:\/\/chemuza.org\/de\/wp-json\/wp\/v2\/comments?post=1486"}],"version-history":[{"count":1,"href":"https:\/\/chemuza.org\/de\/wp-json\/wp\/v2\/pages\/1486\/revisions"}],"predecessor-version":[{"id":1605,"href":"https:\/\/chemuza.org\/de\/wp-json\/wp\/v2\/pages\/1486\/revisions\/1605"}],"wp:attachment":[{"href":"https:\/\/chemuza.org\/de\/wp-json\/wp\/v2\/media?parent=1486"}],"curies":[{"name":"wp","href":"https:\/\/api.w.org\/{rel}","templated":true}]}}