{"id":1481,"date":"2023-10-25T13:51:30","date_gmt":"2023-10-25T13:51:30","guid":{"rendered":"https:\/\/chemuza.org\/de\/aluminium\/"},"modified":"2023-10-25T13:51:30","modified_gmt":"2023-10-25T13:51:30","slug":"aluminium","status":"publish","type":"page","link":"https:\/\/chemuza.org\/de\/aluminium\/","title":{"rendered":"Aluminium"},"content":{"rendered":"<p>Aluminium ist nach Sauerstoff und Silizium eines der am h\u00e4ufigsten vorkommenden Metalle auf der Erde. Es macht etwas mehr als 8 % der Gesamtmasse der Erdkruste aus und kommt in den meisten Gesteinen und im menschlichen K\u00f6rper vor. Aufgrund seiner hohen chemischen Aktivit\u00e4t kommt es in der Natur jedoch nicht in reiner Form vor. Entdecken Sie seine Eigenschaften, Eigenschaften und Verwendungsm\u00f6glichkeiten.<\/p>\n<h2> <strong>Was ist Aluminium?<\/strong><\/h2>\n<p> Es ist ein metallisches chemisches Element des Periodensystems, dessen nat\u00fcrlicher Zustand in vielen Silikaten wie Glimmer, Feldspat und Plagioklas erreicht wird. Es wird aus Bauxit gewonnen, indem es zun\u00e4chst in Aluminiumoxid und dann durch Elektrolyse in metallisches Aluminium umgewandelt wird.<\/p>\n<h3> <strong>Aluminiumsymbol<\/strong><\/h3>\n<p> <span class=\"content-chemical-element\" style=\"float: left;width: 65px;height: 65px;border: 3px solid #666; display:flex;\n    justify-content: center;align-items: center;margin-right: 15px;\"><span style=\"font-size: 38px;\">Al<\/span><\/span> Symbol, das vom lateinischen alumen kommt und Alaun bedeutet und sich auf ein Doppelsulfat bezieht, das in Farbstoffen und Adstringentien verwendet wird.<\/p>\n<h2> <strong>Eigenschaften von Aluminium<\/strong><\/h2>\n<p> Es handelt sich um ein Metall, das sowohl bei Raumtemperatur als auch bei Minustemperaturen physikalischen Ver\u00e4nderungen wie Schl\u00e4gen, Stichen oder Schnitten standh\u00e4lt. Wenn es jedoch in Form von Legierungen wie Duraluminium vorliegt, erh\u00f6ht sich seine Festigkeit, \u00e4hnlich wie bei Titan oder Stahl, jedoch etwas leichter. Dar\u00fcber hinaus verf\u00fcgt es \u00fcber weitere Funktionen:<\/p>\n<ul>\n<li> <strong>Farbe:<\/strong> Silberwei\u00df und gl\u00e4nzend.<\/li>\n<li> <strong>Wiederverwendung:<\/strong> Seine Legierungen k\u00f6nnen wiederholt geschmolzen werden, ohne dass mechanische Eigenschaften verloren gehen.<\/li>\n<li> <strong>Leichtigkeit:<\/strong> Im Vergleich zu Eisen ist es dreimal leichter und wiegt 2,7 Gramm\/cm\u00b3.<\/li>\n<li> <strong>Leitf\u00e4higkeit:<\/strong> Es ist in der Lage, Elektrizit\u00e4t zu \u00fcbertragen.<\/li>\n<li> <strong>Elastizit\u00e4t:<\/strong> Die Duktilit\u00e4t liegt zwischen Eisen und Silber. Es ist verformbar, sodass Kabel und Leitungen hergestellt werden k\u00f6nnen.<\/li>\n<li> <strong>Formbarkeit:<\/strong> Erm\u00f6glicht das Laminieren in d\u00fcnnen Schichten wie Dosen oder Aluminiumfolie.<\/li>\n<li> <strong>Best\u00e4ndigkeit:<\/strong> Es oxidiert leicht, bildet jedoch eine Oxidschicht, die die Oberfl\u00e4che sch\u00fctzt, wenn sie durch Korrosion angegriffen wird.<\/li>\n<li> <strong>Nicht brennbar:<\/strong> Es brennt nicht und erzeugt keine giftigen Stoffe.<\/li>\n<\/ul>\n<h2> <strong>Chemische und physikalische Eigenschaften von Aluminium<\/strong><\/h2>\n<ol>\n<li> <strong>Ordnungszahl:<\/strong> 13<\/li>\n<li> <strong>Valencia:<\/strong> 3<\/li>\n<li> <strong>Siedepunkt (\u00b0C):<\/strong> 2467<\/li>\n<li> <strong>Schmelzpunkt (\u00b0C):<\/strong> 660<\/li>\n<li> <strong>Elektronegativit\u00e4t:<\/strong> 1,5<\/li>\n<li> <strong>Kovalenter Radius (A):<\/strong> 0,50 (+3)<\/li>\n<li> <strong>Ionenradius (A):<\/strong> 0,535 A<\/li>\n<li> <strong>Atomradius (A):<\/strong> 1,43<\/li>\n<li> <strong>Elektronen:<\/strong> 13 ohne Ladung<\/li>\n<li> <strong>Protonen:<\/strong> 13<\/li>\n<li> <strong>Atomvolumen:<\/strong> 10 cm\u00b3\/mol<\/li>\n<li> <strong>Oxidationsstufe:<\/strong> 3<\/li>\n<li> <strong>Atommasse:<\/strong> 26,9815<\/li>\n<li> <strong>Dichte:<\/strong> 2,70<\/li>\n<li> <strong>Optisches Reflexionsverm\u00f6gen:<\/strong> 71 %<\/li>\n<li> <strong>Elektronische Konfiguration:<\/strong> [Ne] 3s23p <sup>1<\/sup><\/li>\n<li> <strong>Erstes Ionisationspotential<\/strong> (eV): 6,00<\/li>\n<li> <strong>W\u00e4rmeleitf\u00e4higkeit:<\/strong> 2,37 W\/cmk<\/li>\n<li> <strong>Elektrische Leitf\u00e4higkeit:<\/strong> 0,377 10 <sup>6<\/sup> \/cm<\/li>\n<\/ol>\n<h2> <strong>Herkunft von Aluminium<\/strong><\/h2>\n<p> Es wurde 1827 vom deutschen Chemiker Friedrich Wohler entdeckt, der es durch Reaktion von Aluminium und Kaliumchlorid in Pulverform extrahierte. Dann bestimmte er 1845 selbst die Eigenschaften des entdeckten Metalls wie Leichtigkeit und Dichte und zerlegte es in Kugeln.<\/p>\n<h2> <strong>Wof\u00fcr wird Aluminium verwendet?<\/strong><\/h2>\n<p> Seine optischen Eigenschaften werden bei der Herstellung von Haushalts- und Industriespiegeln, beispielsweise Spiegelteleskopen, genutzt. Es wird auch zur Herstellung von Aluminiumfolie, Kosmetika, Medikamenten, Fertiggerichten, Tabak, Kaffee und Impfstoffen verwendet.<\/p>\n<p> Ebenso wird es zur Herstellung von Dosen und Tetra-Briks-Beh\u00e4ltern aus Polyethylen, Pappe und Aluminium verwendet. Dank Metalllegierungen wird es bei der Herstellung von Kesseln und Fahrzeugen sowie architektonischen Strukturen verwendet. Es kommt auch in bestimmten Haushaltsinstrumenten wie K\u00fcchenutensilien vor.<\/p>\n<p> Aufgrund seiner guten Leistung bei niedrigen Temperaturen wird es zur Herstellung von Kryobeh\u00e4ltern verwendet. Aufgrund seiner hohen Reaktivit\u00e4t wird es auch beim aluminothermischen Schwei\u00dfen sowie als explosiver und chemischer Brennstoff verwendet. Aluminiumoxid wird in kristalliner oder amorpher Form verwendet und es kann Korund, ein roter oder blauer Edelstein, der sp\u00e4ter Rubin oder Saphir genannt wird, hergestellt werden.<\/p>\n<h2> <strong>Wie recycelt man Aluminium?<\/strong><\/h2>\n<p> Beim Recycling dieses Metalls handelt es sich um einen Prozess, bei dem alle Abf\u00e4lle in andere Produkte umgewandelt werden. Um dies zu erreichen, wird das Metall umgeschmolzen, was im Gegensatz zur Herstellung von Aluminium durch Elektrolyse von Aluminiumoxid kosteng\u00fcnstiger ist und weniger Energie verbraucht. Die Schritte zum Recycling sind:<\/p>\n<ul>\n<li> Sammle das Metall.<\/li>\n<li> Bringen Sie es zur Recyclinganlage<\/li>\n<li> Trennung und Reinigung.<\/li>\n<li> Bl\u00f6cke entstehen durch Zerkleinern von Material.<\/li>\n<li> Neue Materialbahnen werden zur Verwendung eingeschmolzen.<\/li>\n<\/ul>\n<h2> <strong>Durch Aluminium verursachte Krankheiten<\/strong><\/h2>\n<p> Man geht davon aus, dass es in hohen Mengen schwere Gesundheitssch\u00e4den hervorrufen kann. Es ist jedoch unklar, in welcher H\u00f6he dies zu Sch\u00e4den f\u00fchren kann. Dies wurde mit bestimmten Krankheiten wie der Alzheimer-Krankheit, b\u00f6sartigen Erkrankungen, Nahrungsmittelallergien und Nierenerkrankungen in Verbindung gebracht.<\/p>\n<p> Zusammenfassend l\u00e4sst sich sagen, dass Aluminium das am h\u00e4ufigsten verf\u00fcgbare Metall auf der Erde ist und nach Stahl verwendet wird. Aufgrund seiner Eigenschaften wird es f\u00fcr vielf\u00e4ltige Zwecke verwendet, unter anderem f\u00fcr Transport, Medizin, Bauwesen, Satelliten, Verpackung.<\/p>\n<h2> Weitere Informationen zu Aluminium<\/h2>\n","protected":false},"excerpt":{"rendered":"<p>Aluminium ist nach Sauerstoff und Silizium eines der am h\u00e4ufigsten vorkommenden Metalle auf der Erde. Es macht etwas mehr als 8 % der Gesamtmasse der Erdkruste aus und kommt in den meisten Gesteinen und im menschlichen K\u00f6rper vor. Aufgrund seiner hohen chemischen Aktivit\u00e4t kommt es in der Natur jedoch nicht in reiner Form vor. Entdecken &#8230; <a title=\"Aluminium\" class=\"read-more\" href=\"https:\/\/chemuza.org\/de\/aluminium\/\" aria-label=\"Mehr zu Aluminium\">Mehr lesen<\/a><\/p>\n","protected":false},"author":1,"featured_media":0,"parent":0,"menu_order":0,"comment_status":"closed","ping_status":"closed","template":"","meta":{"footnotes":""},"class_list":["post-1481","page","type-page","status-publish"],"yoast_head":"<!-- This site is optimized with the Yoast SEO plugin v21.4 - https:\/\/yoast.com\/wordpress\/plugins\/seo\/ -->\n<title>Aluminium - Chemuza<\/title>\n<meta name=\"robots\" content=\"index, follow, max-snippet:-1, max-image-preview:large, max-video-preview:-1\" \/>\n<link rel=\"canonical\" href=\"https:\/\/chemuza.org\/de\/aluminium\/\" \/>\n<meta property=\"og:locale\" content=\"de_DE\" \/>\n<meta property=\"og:type\" content=\"article\" \/>\n<meta property=\"og:title\" content=\"Aluminium - Chemuza\" \/>\n<meta property=\"og:description\" content=\"Aluminium ist nach Sauerstoff und Silizium eines der am h\u00e4ufigsten vorkommenden Metalle auf der Erde. Es macht etwas mehr als 8 % der Gesamtmasse der Erdkruste aus und kommt in den meisten Gesteinen und im menschlichen K\u00f6rper vor. Aufgrund seiner hohen chemischen Aktivit\u00e4t kommt es in der Natur jedoch nicht in reiner Form vor. Entdecken ... Mehr lesen\" \/>\n<meta property=\"og:url\" content=\"https:\/\/chemuza.org\/de\/aluminium\/\" \/>\n<meta property=\"og:site_name\" content=\"Chemuza\" \/>\n<meta name=\"twitter:card\" content=\"summary_large_image\" \/>\n<meta name=\"twitter:label1\" content=\"Gesch\u00e4tzte Lesezeit\" \/>\n\t<meta name=\"twitter:data1\" content=\"4\u00a0Minuten\" \/>\n<script type=\"application\/ld+json\" class=\"yoast-schema-graph\">{\"@context\":\"https:\/\/schema.org\",\"@graph\":[{\"@type\":\"WebPage\",\"@id\":\"https:\/\/chemuza.org\/de\/aluminium\/\",\"url\":\"https:\/\/chemuza.org\/de\/aluminium\/\",\"name\":\"Aluminium - Chemuza\",\"isPartOf\":{\"@id\":\"https:\/\/chemuza.org\/de\/#website\"},\"datePublished\":\"2023-10-25T13:51:30+00:00\",\"dateModified\":\"2023-10-25T13:51:30+00:00\",\"breadcrumb\":{\"@id\":\"https:\/\/chemuza.org\/de\/aluminium\/#breadcrumb\"},\"inLanguage\":\"de\",\"potentialAction\":[{\"@type\":\"ReadAction\",\"target\":[\"https:\/\/chemuza.org\/de\/aluminium\/\"]}]},{\"@type\":\"BreadcrumbList\",\"@id\":\"https:\/\/chemuza.org\/de\/aluminium\/#breadcrumb\",\"itemListElement\":[{\"@type\":\"ListItem\",\"position\":1,\"name\":\"Heim\",\"item\":\"https:\/\/chemuza.org\/de\/\"},{\"@type\":\"ListItem\",\"position\":2,\"name\":\"Aluminium\"}]},{\"@type\":\"WebSite\",\"@id\":\"https:\/\/chemuza.org\/de\/#website\",\"url\":\"https:\/\/chemuza.org\/de\/\",\"name\":\"Chemuza\",\"description\":\"Ihr Tor zur chemischen Entdeckung\",\"publisher\":{\"@id\":\"https:\/\/chemuza.org\/de\/#organization\"},\"potentialAction\":[{\"@type\":\"SearchAction\",\"target\":{\"@type\":\"EntryPoint\",\"urlTemplate\":\"https:\/\/chemuza.org\/de\/?s={search_term_string}\"},\"query-input\":\"required name=search_term_string\"}],\"inLanguage\":\"de\"},{\"@type\":\"Organization\",\"@id\":\"https:\/\/chemuza.org\/de\/#organization\",\"name\":\"Chemuza\",\"url\":\"https:\/\/chemuza.org\/de\/\",\"logo\":{\"@type\":\"ImageObject\",\"inLanguage\":\"de\",\"@id\":\"https:\/\/chemuza.org\/de\/#\/schema\/logo\/image\/\",\"url\":\"https:\/\/chemuza.org\/de\/wp-content\/uploads\/2023\/10\/chemuza-logo.png\",\"contentUrl\":\"https:\/\/chemuza.org\/de\/wp-content\/uploads\/2023\/10\/chemuza-logo.png\",\"width\":387,\"height\":70,\"caption\":\"Chemuza\"},\"image\":{\"@id\":\"https:\/\/chemuza.org\/de\/#\/schema\/logo\/image\/\"}}]}<\/script>\n<!-- \/ Yoast SEO plugin. -->","yoast_head_json":{"title":"Aluminium - Chemuza","robots":{"index":"index","follow":"follow","max-snippet":"max-snippet:-1","max-image-preview":"max-image-preview:large","max-video-preview":"max-video-preview:-1"},"canonical":"https:\/\/chemuza.org\/de\/aluminium\/","og_locale":"de_DE","og_type":"article","og_title":"Aluminium - Chemuza","og_description":"Aluminium ist nach Sauerstoff und Silizium eines der am h\u00e4ufigsten vorkommenden Metalle auf der Erde. Es macht etwas mehr als 8 % der Gesamtmasse der Erdkruste aus und kommt in den meisten Gesteinen und im menschlichen K\u00f6rper vor. Aufgrund seiner hohen chemischen Aktivit\u00e4t kommt es in der Natur jedoch nicht in reiner Form vor. Entdecken ... Mehr lesen","og_url":"https:\/\/chemuza.org\/de\/aluminium\/","og_site_name":"Chemuza","twitter_card":"summary_large_image","twitter_misc":{"Gesch\u00e4tzte Lesezeit":"4\u00a0Minuten"},"schema":{"@context":"https:\/\/schema.org","@graph":[{"@type":"WebPage","@id":"https:\/\/chemuza.org\/de\/aluminium\/","url":"https:\/\/chemuza.org\/de\/aluminium\/","name":"Aluminium - Chemuza","isPartOf":{"@id":"https:\/\/chemuza.org\/de\/#website"},"datePublished":"2023-10-25T13:51:30+00:00","dateModified":"2023-10-25T13:51:30+00:00","breadcrumb":{"@id":"https:\/\/chemuza.org\/de\/aluminium\/#breadcrumb"},"inLanguage":"de","potentialAction":[{"@type":"ReadAction","target":["https:\/\/chemuza.org\/de\/aluminium\/"]}]},{"@type":"BreadcrumbList","@id":"https:\/\/chemuza.org\/de\/aluminium\/#breadcrumb","itemListElement":[{"@type":"ListItem","position":1,"name":"Heim","item":"https:\/\/chemuza.org\/de\/"},{"@type":"ListItem","position":2,"name":"Aluminium"}]},{"@type":"WebSite","@id":"https:\/\/chemuza.org\/de\/#website","url":"https:\/\/chemuza.org\/de\/","name":"Chemuza","description":"Ihr Tor zur chemischen Entdeckung","publisher":{"@id":"https:\/\/chemuza.org\/de\/#organization"},"potentialAction":[{"@type":"SearchAction","target":{"@type":"EntryPoint","urlTemplate":"https:\/\/chemuza.org\/de\/?s={search_term_string}"},"query-input":"required name=search_term_string"}],"inLanguage":"de"},{"@type":"Organization","@id":"https:\/\/chemuza.org\/de\/#organization","name":"Chemuza","url":"https:\/\/chemuza.org\/de\/","logo":{"@type":"ImageObject","inLanguage":"de","@id":"https:\/\/chemuza.org\/de\/#\/schema\/logo\/image\/","url":"https:\/\/chemuza.org\/de\/wp-content\/uploads\/2023\/10\/chemuza-logo.png","contentUrl":"https:\/\/chemuza.org\/de\/wp-content\/uploads\/2023\/10\/chemuza-logo.png","width":387,"height":70,"caption":"Chemuza"},"image":{"@id":"https:\/\/chemuza.org\/de\/#\/schema\/logo\/image\/"}}]}},"yoast_meta":{"yoast_wpseo_title":"","yoast_wpseo_metadesc":"","yoast_wpseo_canonical":""},"_links":{"self":[{"href":"https:\/\/chemuza.org\/de\/wp-json\/wp\/v2\/pages\/1481","targetHints":{"allow":["GET"]}}],"collection":[{"href":"https:\/\/chemuza.org\/de\/wp-json\/wp\/v2\/pages"}],"about":[{"href":"https:\/\/chemuza.org\/de\/wp-json\/wp\/v2\/types\/page"}],"author":[{"embeddable":true,"href":"https:\/\/chemuza.org\/de\/wp-json\/wp\/v2\/users\/1"}],"replies":[{"embeddable":true,"href":"https:\/\/chemuza.org\/de\/wp-json\/wp\/v2\/comments?post=1481"}],"version-history":[{"count":1,"href":"https:\/\/chemuza.org\/de\/wp-json\/wp\/v2\/pages\/1481\/revisions"}],"predecessor-version":[{"id":1603,"href":"https:\/\/chemuza.org\/de\/wp-json\/wp\/v2\/pages\/1481\/revisions\/1603"}],"wp:attachment":[{"href":"https:\/\/chemuza.org\/de\/wp-json\/wp\/v2\/media?parent=1481"}],"curies":[{"name":"wp","href":"https:\/\/api.w.org\/{rel}","templated":true}]}}