{"id":1479,"date":"2023-10-25T13:51:03","date_gmt":"2023-10-25T13:51:03","guid":{"rendered":"https:\/\/chemuza.org\/de\/neon\/"},"modified":"2023-10-25T13:51:03","modified_gmt":"2023-10-25T13:51:03","slug":"neon","status":"publish","type":"page","link":"https:\/\/chemuza.org\/de\/neon\/","title":{"rendered":"Neon"},"content":{"rendered":"<p>Die bekannteste Verwendung von Neon auf der Welt betrifft die Verwendung seiner Farben als Werbemittel. Obwohl es ein Element ist, das in der Luft kaum zu finden ist, kommt es im Universum in gro\u00dfen Mengen vor. Erfahren Sie mehr \u00fcber dieses interessante Element, wie seine Eigenschaften, Eigenschaften und Anwendungen.<\/p>\n<h2> <strong>Was ist Neon?<\/strong><\/h2>\n<p> Es ist ein chemisches Element im gasf\u00f6rmigen Zustand und mit der Ordnungszahl 10 das leichteste Gas nach Helium. Es ist geruchs-, geschmacks- und farblos und geh\u00f6rt zur chemischen Reihe der Edelgase. Dar\u00fcber hinaus h\u00e4lt es das W\u00e4rmeniveau eines K\u00f6rpers besser aufrecht als Wasserstoff und verleiht Leuchtstoffr\u00f6hren den orangeroten Farbton.<\/p>\n<h3> <strong>Neonschild<\/strong><\/h3>\n<p> <span class=\"content-chemical-element\" style=\"float: left;width: 65px;height: 65px;border: 3px solid #666; display:flex;\n    justify-content: center;align-items: center;margin-right: 15px;\"><span style=\"font-size: 38px;\">Ne<\/span><\/span> Dieser Name leitet sich vom griechischen Wort <em>Neos<\/em> ab, dessen Bedeutung \u201eNeu\u201c ist. Dieser Begriff wurde nach der Entdeckung von Argon und Krypton f\u00fcr das chemische Element bezeichnet. Aus diesem Grund haben sie die Endung am Ende hinzugef\u00fcgt.<\/p>\n<h2> <strong>Eigenschaften von Neon<\/strong><\/h2>\n<p> Dieses Element zeichnet sich durch seinen isolierten Charakter aus, obwohl es mit weniger inerten Elementen reagieren kann, was jedoch selten vorkommt. Dar\u00fcber hinaus verf\u00fcgt es \u00fcber eine vollst\u00e4ndige elektronische Schicht. Sehen Sie sich weitere Funktionen in dieser Liste an:<\/p>\n<ul>\n<li> <strong>Allotrope<\/strong> : Dieses chemische Element hat keine Allotrope.<\/li>\n<li> <strong>Formbar<\/strong> : Es mangelt ihnen an Duktilit\u00e4t und Formbarkeit.<\/li>\n<li> <strong>Magnetismus<\/strong> : Es ist ein elektrischer Leiter, aber nur, wenn es ionisiert ist.<\/li>\n<li> <strong>H\u00e4rte<\/strong> : Enth\u00e4lt keine Angaben zur Mineralh\u00e4rte auf der Mohs-Skala.<\/li>\n<li> <strong>Farbe<\/strong> : Es ist farblos, aber wenn es ionisiert wird, emittiert es Energiephotonen mit r\u00f6tlichen und orangefarbenen Blitzen.<\/li>\n<li> <strong>Zustand<\/strong> : Die gew\u00f6hnliche Phase ist gasf\u00f6rmig.<\/li>\n<li> <strong>Geschmack und Geruch<\/strong> : Es hat einen geschmacklosen Geschmack und keinen Geruch.<\/li>\n<li> <strong>L\u00f6slichkeit<\/strong> : Ein Element, das nicht l\u00f6slich ist.<\/li>\n<li> <strong>Dichte<\/strong> : Es ist 1,4 weniger dicht als Luft.<\/li>\n<li> <strong>Reaktivit\u00e4t<\/strong> : Seine Reaktivit\u00e4t ist Null, da es weder Elektronen aufnimmt noch abgibt.<\/li>\n<\/ul>\n<h2> <strong>Chemische und physikalische Eigenschaften von Neon<\/strong><\/h2>\n<ol>\n<li> <strong>Ordnungszahl<\/strong> : 10<\/li>\n<li> <strong>Gruppe<\/strong> : 18<\/li>\n<li> <strong>Zeitraum<\/strong> : 2<\/li>\n<li> <strong>Blockieren<\/strong> :p<\/li>\n<li> <strong>Atomgewicht<\/strong> : 20,1797<\/li>\n<li> <strong>Dichte<\/strong> : 0,8999 kg\/m\u00b3<\/li>\n<li> <strong>Status<\/strong> : Gas<\/li>\n<li> <strong>Rust<\/strong> : Nein<\/li>\n<li> <strong>Schmelzpunkt<\/strong> : -249\u00b0C<\/li>\n<li> <strong>Siedepunkt<\/strong> : -246\u00b0C<\/li>\n<li> <strong>Spezifische W\u00e4rme<\/strong> : 103 J\/(K-kg)<\/li>\n<li> <strong>Elektronegativit\u00e4t<\/strong> : Nicht vorhanden<\/li>\n<li> <strong>Durchschnittlicher Radius<\/strong> : Nein<\/li>\n<li> <strong>Kovalenter Radius<\/strong> : 69h<\/li>\n<li> <strong>Atomradius<\/strong> : 38h<\/li>\n<li> <strong>Elektronen pro Schale<\/strong> : 2,8<\/li>\n<li> <strong>Oxidationsstufen<\/strong> : Nein<\/li>\n<li> <strong>Elektronische Konfiguration<\/strong> : [He]2s <sup>2<\/sup> 2p <sup>6<\/sup><\/li>\n<\/ol>\n<h2> <strong>Ursprung von Neon<\/strong><\/h2>\n<p> Die Entdeckung wurde vom schottischen Chemiker Sir William Ramsay im Rahmen einer Zusammenarbeit mit dem Briten Morris William Travers gemacht. Dies geschah kurz nach der Identifizierung und Isolierung von Krypton, Xenon und Helium. Der Geschichte zufolge fand diese Entdeckung 1898 am University College London statt.<\/p>\n<h2> <strong>Wof\u00fcr wird Neon verwendet?<\/strong><\/h2>\n<p> Gro\u00dfe Mengen dieses Elements werden in Verfahren der Hochenergiephysik verwendet. Tats\u00e4chlich werden die Szintillationskammern mit diesem Element gef\u00fcllt und die vorbeiziehenden Kernpartikel werden nachgewiesen. Eine weitere Verwendung von Neon ist seine Wirkung als kryogenes K\u00e4ltemittel im verfl\u00fcssigten Zustand. Ebenso wird es im Allgemeinen in fl\u00fcssigem Zustand f\u00fcr K\u00fchlsysteme verwendet.<\/p>\n<p> Andererseits wird es mit Helium zur Herstellung einer Art Laser verwendet. Dar\u00fcber hinaus k\u00f6nnen Sie damit die ber\u00fchmten gl\u00fchenden Neonr\u00f6hren herstellen, die gebogen werden k\u00f6nnen. Es wird sogar in Lampen verwendet, um Hochspannungsstrom anzuzeigen.<\/p>\n<h2> <strong>Wie bekommt man Neon?<\/strong><\/h2>\n<p> Es ist ein Element, das durch Verfl\u00fcssigung und fraktionierte Destillation gewonnen wird. Bei diesem Prozess wird Luft in einem Beh\u00e4lter eingeschlossen und dann abgek\u00fchlt, bis fl\u00fcssige Luft entsteht. Dann steigt die Temperatur, die die beim Verdampfen der Luft entstehenden Gase trennt.<\/p>\n<p> Anschlie\u00dfend werden alle emittierten Gasproben in Glasr\u00f6hrchen isoliert. Dies ist mit Elektroden an jedem Ende und bei niedrigem Druck, auch Geissler-R\u00f6hren genannt, m\u00f6glich. Neon schlie\u00dflich kommt in Form von intensiven Lilat\u00f6nen daher.<\/p>\n<h2> <strong>Wo finden wir Neon?<\/strong><\/h2>\n<p> In seinem gew\u00f6hnlichen oder nat\u00fcrlichen Zustand, der gasf\u00f6rmig ist, kommt es im Allgemeinen in Mineralien, Meteoriten, Novae, Supernovae und der Erdatmosph\u00e4re vor. Der Anteil dieses Elements in der Erdsph\u00e4re betr\u00e4gt nur 0,0018 %. Im Gegenteil, es tr\u00e4gt den Titel des f\u00fcnfth\u00e4ufigsten Elements im Universum.<\/p>\n<h2> <strong>Auswirkungen von Neon auf die Gesundheit<\/strong><\/h2>\n<p> Es scheint keine Umwelt- oder Umweltsch\u00e4den zu verursachen. Allerdings k\u00f6nnen Organe wie Haut und Augen bei Kontakt mit diesem chemischen Element innerhalb von Sekunden erfrieren. Wenn eine Person dem Element in hohen Konzentrationen durch Einatmen ausgesetzt wird, kann es daher zu \u00dcbelkeit, Schwindel, Erbrechen, Bewusstlosigkeit, Kr\u00e4mpfen, komat\u00f6sem Zustand und sogar zum Tod kommen. Die ersten beobachteten Symptome sind:<\/p>\n<ul>\n<li> Schnelles Atmen.<\/li>\n<li> Atembeschwerden.<\/li>\n<li> Verlust der geistigen Aufmerksamkeit.<\/li>\n<li> Verminderte Muskelkoordination.<\/li>\n<li> Ersch\u00f6pfung.<\/li>\n<li> Bewusstlosigkeit.<\/li>\n<\/ul>\n<p> Zusammenfassend l\u00e4sst sich sagen, dass Neon ein hochinertes Gas ist, das keinerlei Reaktivit\u00e4t, Toxizit\u00e4t, Mineralh\u00e4rte, L\u00f6slichkeit oder Formbarkeit aufweist. Es geh\u00f6rt zu den Edelgasen des Periodensystems mit der Nummer 10, tr\u00e4gt das Symbol Ne und hat eine Atommasse von 20.179. Dar\u00fcber hinaus ist dieses chemische Element farblos, geruchlos und geschmacklos.<\/p>\n","protected":false},"excerpt":{"rendered":"<p>Die bekannteste Verwendung von Neon auf der Welt betrifft die Verwendung seiner Farben als Werbemittel. Obwohl es ein Element ist, das in der Luft kaum zu finden ist, kommt es im Universum in gro\u00dfen Mengen vor. Erfahren Sie mehr \u00fcber dieses interessante Element, wie seine Eigenschaften, Eigenschaften und Anwendungen. Was ist Neon? Es ist ein &#8230; <a title=\"Neon\" class=\"read-more\" href=\"https:\/\/chemuza.org\/de\/neon\/\" aria-label=\"Mehr zu Neon\">Mehr lesen<\/a><\/p>\n","protected":false},"author":1,"featured_media":0,"parent":0,"menu_order":0,"comment_status":"closed","ping_status":"closed","template":"","meta":{"footnotes":""},"class_list":["post-1479","page","type-page","status-publish"],"yoast_head":"<!-- This site is optimized with the Yoast SEO plugin v21.4 - https:\/\/yoast.com\/wordpress\/plugins\/seo\/ -->\n<title>Neon - Chemuza<\/title>\n<meta name=\"robots\" content=\"index, follow, max-snippet:-1, max-image-preview:large, max-video-preview:-1\" \/>\n<link rel=\"canonical\" href=\"https:\/\/chemuza.org\/de\/neon\/\" \/>\n<meta property=\"og:locale\" content=\"de_DE\" \/>\n<meta property=\"og:type\" content=\"article\" \/>\n<meta property=\"og:title\" content=\"Neon - Chemuza\" \/>\n<meta property=\"og:description\" content=\"Die bekannteste Verwendung von Neon auf der Welt betrifft die Verwendung seiner Farben als Werbemittel. Obwohl es ein Element ist, das in der Luft kaum zu finden ist, kommt es im Universum in gro\u00dfen Mengen vor. Erfahren Sie mehr \u00fcber dieses interessante Element, wie seine Eigenschaften, Eigenschaften und Anwendungen. Was ist Neon? Es ist ein ... Mehr lesen\" \/>\n<meta property=\"og:url\" content=\"https:\/\/chemuza.org\/de\/neon\/\" \/>\n<meta property=\"og:site_name\" content=\"Chemuza\" \/>\n<meta name=\"twitter:card\" content=\"summary_large_image\" \/>\n<meta name=\"twitter:label1\" content=\"Gesch\u00e4tzte Lesezeit\" \/>\n\t<meta name=\"twitter:data1\" content=\"4\u00a0Minuten\" \/>\n<script type=\"application\/ld+json\" class=\"yoast-schema-graph\">{\"@context\":\"https:\/\/schema.org\",\"@graph\":[{\"@type\":\"WebPage\",\"@id\":\"https:\/\/chemuza.org\/de\/neon\/\",\"url\":\"https:\/\/chemuza.org\/de\/neon\/\",\"name\":\"Neon - Chemuza\",\"isPartOf\":{\"@id\":\"https:\/\/chemuza.org\/de\/#website\"},\"datePublished\":\"2023-10-25T13:51:03+00:00\",\"dateModified\":\"2023-10-25T13:51:03+00:00\",\"breadcrumb\":{\"@id\":\"https:\/\/chemuza.org\/de\/neon\/#breadcrumb\"},\"inLanguage\":\"de\",\"potentialAction\":[{\"@type\":\"ReadAction\",\"target\":[\"https:\/\/chemuza.org\/de\/neon\/\"]}]},{\"@type\":\"BreadcrumbList\",\"@id\":\"https:\/\/chemuza.org\/de\/neon\/#breadcrumb\",\"itemListElement\":[{\"@type\":\"ListItem\",\"position\":1,\"name\":\"Heim\",\"item\":\"https:\/\/chemuza.org\/de\/\"},{\"@type\":\"ListItem\",\"position\":2,\"name\":\"Neon\"}]},{\"@type\":\"WebSite\",\"@id\":\"https:\/\/chemuza.org\/de\/#website\",\"url\":\"https:\/\/chemuza.org\/de\/\",\"name\":\"Chemuza\",\"description\":\"Ihr Tor zur chemischen Entdeckung\",\"publisher\":{\"@id\":\"https:\/\/chemuza.org\/de\/#organization\"},\"potentialAction\":[{\"@type\":\"SearchAction\",\"target\":{\"@type\":\"EntryPoint\",\"urlTemplate\":\"https:\/\/chemuza.org\/de\/?s={search_term_string}\"},\"query-input\":\"required name=search_term_string\"}],\"inLanguage\":\"de\"},{\"@type\":\"Organization\",\"@id\":\"https:\/\/chemuza.org\/de\/#organization\",\"name\":\"Chemuza\",\"url\":\"https:\/\/chemuza.org\/de\/\",\"logo\":{\"@type\":\"ImageObject\",\"inLanguage\":\"de\",\"@id\":\"https:\/\/chemuza.org\/de\/#\/schema\/logo\/image\/\",\"url\":\"https:\/\/chemuza.org\/de\/wp-content\/uploads\/2023\/10\/chemuza-logo.png\",\"contentUrl\":\"https:\/\/chemuza.org\/de\/wp-content\/uploads\/2023\/10\/chemuza-logo.png\",\"width\":387,\"height\":70,\"caption\":\"Chemuza\"},\"image\":{\"@id\":\"https:\/\/chemuza.org\/de\/#\/schema\/logo\/image\/\"}}]}<\/script>\n<!-- \/ Yoast SEO plugin. -->","yoast_head_json":{"title":"Neon - Chemuza","robots":{"index":"index","follow":"follow","max-snippet":"max-snippet:-1","max-image-preview":"max-image-preview:large","max-video-preview":"max-video-preview:-1"},"canonical":"https:\/\/chemuza.org\/de\/neon\/","og_locale":"de_DE","og_type":"article","og_title":"Neon - Chemuza","og_description":"Die bekannteste Verwendung von Neon auf der Welt betrifft die Verwendung seiner Farben als Werbemittel. Obwohl es ein Element ist, das in der Luft kaum zu finden ist, kommt es im Universum in gro\u00dfen Mengen vor. Erfahren Sie mehr \u00fcber dieses interessante Element, wie seine Eigenschaften, Eigenschaften und Anwendungen. Was ist Neon? Es ist ein ... Mehr lesen","og_url":"https:\/\/chemuza.org\/de\/neon\/","og_site_name":"Chemuza","twitter_card":"summary_large_image","twitter_misc":{"Gesch\u00e4tzte Lesezeit":"4\u00a0Minuten"},"schema":{"@context":"https:\/\/schema.org","@graph":[{"@type":"WebPage","@id":"https:\/\/chemuza.org\/de\/neon\/","url":"https:\/\/chemuza.org\/de\/neon\/","name":"Neon - Chemuza","isPartOf":{"@id":"https:\/\/chemuza.org\/de\/#website"},"datePublished":"2023-10-25T13:51:03+00:00","dateModified":"2023-10-25T13:51:03+00:00","breadcrumb":{"@id":"https:\/\/chemuza.org\/de\/neon\/#breadcrumb"},"inLanguage":"de","potentialAction":[{"@type":"ReadAction","target":["https:\/\/chemuza.org\/de\/neon\/"]}]},{"@type":"BreadcrumbList","@id":"https:\/\/chemuza.org\/de\/neon\/#breadcrumb","itemListElement":[{"@type":"ListItem","position":1,"name":"Heim","item":"https:\/\/chemuza.org\/de\/"},{"@type":"ListItem","position":2,"name":"Neon"}]},{"@type":"WebSite","@id":"https:\/\/chemuza.org\/de\/#website","url":"https:\/\/chemuza.org\/de\/","name":"Chemuza","description":"Ihr Tor zur chemischen Entdeckung","publisher":{"@id":"https:\/\/chemuza.org\/de\/#organization"},"potentialAction":[{"@type":"SearchAction","target":{"@type":"EntryPoint","urlTemplate":"https:\/\/chemuza.org\/de\/?s={search_term_string}"},"query-input":"required name=search_term_string"}],"inLanguage":"de"},{"@type":"Organization","@id":"https:\/\/chemuza.org\/de\/#organization","name":"Chemuza","url":"https:\/\/chemuza.org\/de\/","logo":{"@type":"ImageObject","inLanguage":"de","@id":"https:\/\/chemuza.org\/de\/#\/schema\/logo\/image\/","url":"https:\/\/chemuza.org\/de\/wp-content\/uploads\/2023\/10\/chemuza-logo.png","contentUrl":"https:\/\/chemuza.org\/de\/wp-content\/uploads\/2023\/10\/chemuza-logo.png","width":387,"height":70,"caption":"Chemuza"},"image":{"@id":"https:\/\/chemuza.org\/de\/#\/schema\/logo\/image\/"}}]}},"yoast_meta":{"yoast_wpseo_title":"","yoast_wpseo_metadesc":"","yoast_wpseo_canonical":""},"_links":{"self":[{"href":"https:\/\/chemuza.org\/de\/wp-json\/wp\/v2\/pages\/1479","targetHints":{"allow":["GET"]}}],"collection":[{"href":"https:\/\/chemuza.org\/de\/wp-json\/wp\/v2\/pages"}],"about":[{"href":"https:\/\/chemuza.org\/de\/wp-json\/wp\/v2\/types\/page"}],"author":[{"embeddable":true,"href":"https:\/\/chemuza.org\/de\/wp-json\/wp\/v2\/users\/1"}],"replies":[{"embeddable":true,"href":"https:\/\/chemuza.org\/de\/wp-json\/wp\/v2\/comments?post=1479"}],"version-history":[{"count":1,"href":"https:\/\/chemuza.org\/de\/wp-json\/wp\/v2\/pages\/1479\/revisions"}],"predecessor-version":[{"id":1658,"href":"https:\/\/chemuza.org\/de\/wp-json\/wp\/v2\/pages\/1479\/revisions\/1658"}],"wp:attachment":[{"href":"https:\/\/chemuza.org\/de\/wp-json\/wp\/v2\/media?parent=1479"}],"curies":[{"name":"wp","href":"https:\/\/api.w.org\/{rel}","templated":true}]}}