{"id":1478,"date":"2023-10-25T13:51:15","date_gmt":"2023-10-25T13:51:15","guid":{"rendered":"https:\/\/chemuza.org\/de\/fluor\/"},"modified":"2023-10-25T13:51:15","modified_gmt":"2023-10-25T13:51:15","slug":"fluor","status":"publish","type":"page","link":"https:\/\/chemuza.org\/de\/fluor\/","title":{"rendered":"Fluorit"},"content":{"rendered":"<p>Fluor ist eines der am h\u00e4ufigsten vorkommenden Halogene oder Salze in der Erdkruste. Die h\u00f6chste Konzentration liegt in den Meeren mit einem Anteil von 1,3 ppm. Sein Zustand ist gasf\u00f6rmig, es kommt aber auch als Fluorit oder Calciumfluorid in Form von Kristallen vor, die in Alaska, Kalifornien und Argentinien reichlich vorhanden sind. Erfahren Sie mehr \u00fcber die Eigenschaften dieses Elements und seine Anwendungen.<\/p>\n<h2> <strong>Was ist Fluorid?<\/strong><\/h2>\n<p> Es ist ein chemisches Element, das zur Halogenfamilie des Periodensystems geh\u00f6rt. Es ist bei Raumtemperatur ein Gas mit hellgelbgr\u00fcner Farbe, stark elektronegativ und reaktiv gegen\u00fcber anderen Komponenten. Dar\u00fcber hinaus hat es die Ordnungszahl 9 und ist aus zweiatomigen oder doppelten Teilchen aufgebaut.<\/p>\n<h3> <strong>Fluorit-Symbol<\/strong><\/h3>\n<p> <span class=\"content-chemical-element\" style=\"float: left;width: 65px;height: 65px;border: 3px solid #666; display:flex;\n    justify-content: center;align-items: center;margin-right: 15px;\"><span style=\"font-size: 38px;\">F<\/span><\/span> Es kommt vom lateinischen fluere, dessen Bedeutung \u201eflie\u00dfen\u201c ist. Der Name verdankt es der Schwierigkeit, es aufgrund seiner hohen chemischen Reaktivit\u00e4t von seinen Verbindungen zu trennen. Sp\u00e4ter wurde es vom Chemiker Moissan dank der Elektrolyse von Kaliumfluorid isoliert, eine Aktion, die den Gasfluss erm\u00f6glichte.<\/p>\n<h2> <strong>Eigenschaften von Fluorit<\/strong><\/h2>\n<p> Dieses Element geh\u00f6rt zur Gruppe 17, Periode 3, es ist ein giftiger und reaktiver Stoff, da seine Verbindungen anorganisch sind. Dar\u00fcber hinaus verbindet es sich mit fast allen Elementen, einschlie\u00dflich Radon und Xenon. Weitere Funktionen finden Sie hier:<\/p>\n<ul>\n<li> <strong>Zustand<\/strong> : Gasf\u00f6rmig.<\/li>\n<li> <strong>Farbe<\/strong> : Zeigt einen blassen Farbton zwischen Gelb und Gr\u00fcn.<\/li>\n<li> <strong>Geschmack und Geruch<\/strong> : Es hat einen sehr starken und irritierenden Geruch, geschmacklos.<\/li>\n<li> <strong>Toxizit\u00e4t<\/strong> : Es handelt sich um ein sehr \u00e4tzendes Gas mit hoher Toxizit\u00e4t.<\/li>\n<li> <strong>Zusammensetzung<\/strong> : Die letzte Schicht besteht aus 7 Elektronen, die aufgrund ihrer chemischen Stabilit\u00e4t die Tendenz haben, aufzusteigen.<\/li>\n<li> <strong>Struktur<\/strong> : Es stellt Molek\u00fcle in zweiatomiger oder doppelter Form im selben Atom dar.<\/li>\n<li> <strong>Synthese<\/strong> : Es ist in der Lage, fluorierte organische Verbindungen zu synthetisieren.<\/li>\n<li> <strong>L\u00f6slichkeit<\/strong> : Es ist wasserl\u00f6slich.<\/li>\n<\/ul>\n<h2> <strong>Chemische und physikalische Eigenschaften von Fluor<\/strong><\/h2>\n<ol>\n<li> <strong>Ordnungszahl<\/strong> : 9<\/li>\n<li> <strong>Atomgewicht:<\/strong> 18,9984032 u<\/li>\n<li> <strong>Oxidationsstufe:<\/strong> -1<\/li>\n<li> <strong>Elektronegativit\u00e4t:<\/strong> 3,98<\/li>\n<li> <strong>Elektronen pro Schicht:<\/strong> 2,7<\/li>\n<li> <strong>Gruppe:<\/strong> 17<\/li>\n<li> <strong>Dichte:<\/strong> 1,696 kg\/m3<\/li>\n<li> <strong>Schmelzpunkt:<\/strong> -219,67\u00b0C<\/li>\n<li> <strong>Durchschnittlicher Radius:<\/strong> 50h<\/li>\n<li> <strong>Zeitraum:<\/strong> 3<\/li>\n<li> <strong>Zustand:<\/strong> Gasf\u00f6rmig<\/li>\n<li> <strong>Kovalenter Radius: 71h<\/strong><\/li>\n<li> <strong>Block:<\/strong> P<\/li>\n<li> <strong>Oxid:<\/strong> S\u00e4ure<\/li>\n<li> <strong>Atomradius:<\/strong> 42<\/li>\n<li> <strong>Spezifische W\u00e4rme:<\/strong> 824 J\/(K-kg)<\/li>\n<li> <strong>Siedepunkt:<\/strong> -188,12\u00b0C<\/li>\n<li> <strong>Elektronische Konfiguration:<\/strong> [He] 2s22p5<\/li>\n<\/ol>\n<h2> <strong>Herkunft von Fluorit<\/strong><\/h2>\n<p> Fluor wurde 1529 von Georgius Agricola entdeckt, der es als Flussmittel beschrieb, weil es Mineralien oder Metalle schmelzen kann. Dann, im Jahr 1670, bemerkte der Chemiker Schwandhard, dass er Glas \u00e4tzen oder markieren konnte, wenn es als Fluorit oder S\u00e4ure aufgetragen wurde. Sp\u00e4ter gelang es Henri Moissan im Jahr 1886, es aus seinen Bestandteilen zu isolieren und es begann mit anderen Substanzen zu reagieren.<\/p>\n<p> Zu seinen ersten kommerziellen Anwendungen geh\u00f6rte die Atombombe von Manhattan. Dort wurde Uranhexafluorid gewonnen, eine Methode, die durch die Trennung von Uranisotopen gewonnen wurde. Seitdem wird dieses Element in der Kernenergie und bei der Herstellung von Zahnfluorid eingesetzt.<\/p>\n<h2> <strong>Wof\u00fcr wird Fluorid verwendet?<\/strong><\/h2>\n<p> Seine Verwendung erstreckt sich auf die Produktion von Uran. Dar\u00fcber hinaus enth\u00e4lt es mehr als 100 fluorierte Verbindungen, die bei der Herstellung verschiedener Kunststoffarten verwendet werden. Dar\u00fcber hinaus wird Flusss\u00e4ure zum \u00c4tzen von Materialien wie Glas oder Kristallen verwendet, und Fluorchlorkohlenwasserstoffe werden in Klima- und K\u00fchlger\u00e4ten verwendet. Weitere Einsatzm\u00f6glichkeiten von Fluorid sind:<\/p>\n<ul>\n<li> Die Verbindungen Natriumfluorid, Zinnfluorid und Natriummonofluorphosphat werden zur Herstellung von Zahnpasten verwendet.<\/li>\n<li> Einige seiner Verbindungen werden zur Herstellung von Vollnarkosemitteln verwendet.<\/li>\n<li> Es wird bei der Herstellung von Flachbildschirmen, Plasmabildschirmen und mikroelektromechanischen Mechanismen verwendet.<\/li>\n<li> Es wird bei der Herstellung von Feuerl\u00f6schgasen oder Halonen verwendet.<\/li>\n<li> Es wird bei der Elektrolyse von Aluminium eingesetzt, wodurch dieses v\u00f6llig reine Element gewonnen wird.<\/li>\n<\/ul>\n<h2> <strong>Lebensmittel, die Fluorid enthalten<\/strong><\/h2>\n<p> Es ist ein f\u00fcr den menschlichen K\u00f6rper notwendiger Mineralstoff, da er die Knochenbildung und die Erhaltung des Zahnschmelzes beeinflusst und so die Entstehung von Zahnkaries verhindert. Es kommt im Wasser und auch in folgenden Lebensmitteln vor:<\/p>\n<ul>\n<li> Gr\u00fcnes Gem\u00fcse und gr\u00fcnes Gem\u00fcse wie Salat, Spinat, Sojasprossen und Kohl.<\/li>\n<li> Meeresfr\u00fcchte.<\/li>\n<li> Kr\u00e4utertees.<\/li>\n<li> Obst.<\/li>\n<li> Weizen.<\/li>\n<li> Getreide wie Reis und Hafer.<\/li>\n<\/ul>\n<h2> <strong>Wie sch\u00fctzt Fluorid die Z\u00e4hne?<\/strong><\/h2>\n<p> Da es sich um einen Wirkstoff handelt, bildet es eine Barriere gegen S\u00e4uren und st\u00e4rkt die Z\u00e4hne, um der Bildung von Karies vorzubeugen. Das hei\u00dft, bei Kontakt mit dem Zahnschmelz hemmt das Mineral die Demineralisierung und erh\u00f6ht dadurch die Remineralisierung, was den Z\u00e4hnen Festigkeit verleiht. Selbst wenn der Zahnschmelz bereits geschw\u00e4cht ist, wird er durch die in Zahnpasten enthaltenen Fluoridarten nach und nach wieder aufgebaut und das Auftreten von Karies r\u00fcckg\u00e4ngig gemacht.<\/p>\n<p> Zusammenfassend l\u00e4sst sich sagen, dass Fluor ein hochradioaktives Element ist, das zu den Halogenen geh\u00f6rt. Da es von seinen Hauptbestandteilen isoliert ist, bildet es Hunderte von Verbindungen mit unterschiedlichen kommerziellen Anwendungen. In seinem nat\u00fcrlichen Zustand ist es gasf\u00f6rmig und verbindet sich mit anderen Mineralien in der Erdkruste.<\/p>\n","protected":false},"excerpt":{"rendered":"<p>Fluor ist eines der am h\u00e4ufigsten vorkommenden Halogene oder Salze in der Erdkruste. Die h\u00f6chste Konzentration liegt in den Meeren mit einem Anteil von 1,3 ppm. Sein Zustand ist gasf\u00f6rmig, es kommt aber auch als Fluorit oder Calciumfluorid in Form von Kristallen vor, die in Alaska, Kalifornien und Argentinien reichlich vorhanden sind. Erfahren Sie mehr &#8230; <a title=\"Fluorit\" class=\"read-more\" href=\"https:\/\/chemuza.org\/de\/fluor\/\" aria-label=\"Mehr zu Fluorit\">Mehr lesen<\/a><\/p>\n","protected":false},"author":1,"featured_media":0,"parent":0,"menu_order":0,"comment_status":"closed","ping_status":"closed","template":"","meta":{"footnotes":""},"class_list":["post-1478","page","type-page","status-publish"],"yoast_head":"<!-- This site is optimized with the Yoast SEO plugin v21.4 - https:\/\/yoast.com\/wordpress\/plugins\/seo\/ -->\n<title>Fluorit - Chemuza<\/title>\n<meta name=\"robots\" content=\"index, follow, max-snippet:-1, max-image-preview:large, max-video-preview:-1\" \/>\n<link rel=\"canonical\" href=\"https:\/\/chemuza.org\/de\/fluor\/\" \/>\n<meta property=\"og:locale\" content=\"de_DE\" \/>\n<meta property=\"og:type\" content=\"article\" \/>\n<meta property=\"og:title\" content=\"Fluorit - Chemuza\" \/>\n<meta property=\"og:description\" content=\"Fluor ist eines der am h\u00e4ufigsten vorkommenden Halogene oder Salze in der Erdkruste. Die h\u00f6chste Konzentration liegt in den Meeren mit einem Anteil von 1,3 ppm. Sein Zustand ist gasf\u00f6rmig, es kommt aber auch als Fluorit oder Calciumfluorid in Form von Kristallen vor, die in Alaska, Kalifornien und Argentinien reichlich vorhanden sind. Erfahren Sie mehr ... Mehr lesen\" \/>\n<meta property=\"og:url\" content=\"https:\/\/chemuza.org\/de\/fluor\/\" \/>\n<meta property=\"og:site_name\" content=\"Chemuza\" \/>\n<meta name=\"twitter:card\" content=\"summary_large_image\" \/>\n<meta name=\"twitter:label1\" content=\"Gesch\u00e4tzte Lesezeit\" \/>\n\t<meta name=\"twitter:data1\" content=\"4\u00a0Minuten\" \/>\n<script type=\"application\/ld+json\" class=\"yoast-schema-graph\">{\"@context\":\"https:\/\/schema.org\",\"@graph\":[{\"@type\":\"WebPage\",\"@id\":\"https:\/\/chemuza.org\/de\/fluor\/\",\"url\":\"https:\/\/chemuza.org\/de\/fluor\/\",\"name\":\"Fluorit - Chemuza\",\"isPartOf\":{\"@id\":\"https:\/\/chemuza.org\/de\/#website\"},\"datePublished\":\"2023-10-25T13:51:15+00:00\",\"dateModified\":\"2023-10-25T13:51:15+00:00\",\"breadcrumb\":{\"@id\":\"https:\/\/chemuza.org\/de\/fluor\/#breadcrumb\"},\"inLanguage\":\"de\",\"potentialAction\":[{\"@type\":\"ReadAction\",\"target\":[\"https:\/\/chemuza.org\/de\/fluor\/\"]}]},{\"@type\":\"BreadcrumbList\",\"@id\":\"https:\/\/chemuza.org\/de\/fluor\/#breadcrumb\",\"itemListElement\":[{\"@type\":\"ListItem\",\"position\":1,\"name\":\"Heim\",\"item\":\"https:\/\/chemuza.org\/de\/\"},{\"@type\":\"ListItem\",\"position\":2,\"name\":\"Fluorit\"}]},{\"@type\":\"WebSite\",\"@id\":\"https:\/\/chemuza.org\/de\/#website\",\"url\":\"https:\/\/chemuza.org\/de\/\",\"name\":\"Chemuza\",\"description\":\"Ihr Tor zur chemischen Entdeckung\",\"publisher\":{\"@id\":\"https:\/\/chemuza.org\/de\/#organization\"},\"potentialAction\":[{\"@type\":\"SearchAction\",\"target\":{\"@type\":\"EntryPoint\",\"urlTemplate\":\"https:\/\/chemuza.org\/de\/?s={search_term_string}\"},\"query-input\":\"required name=search_term_string\"}],\"inLanguage\":\"de\"},{\"@type\":\"Organization\",\"@id\":\"https:\/\/chemuza.org\/de\/#organization\",\"name\":\"Chemuza\",\"url\":\"https:\/\/chemuza.org\/de\/\",\"logo\":{\"@type\":\"ImageObject\",\"inLanguage\":\"de\",\"@id\":\"https:\/\/chemuza.org\/de\/#\/schema\/logo\/image\/\",\"url\":\"https:\/\/chemuza.org\/de\/wp-content\/uploads\/2023\/10\/chemuza-logo.png\",\"contentUrl\":\"https:\/\/chemuza.org\/de\/wp-content\/uploads\/2023\/10\/chemuza-logo.png\",\"width\":387,\"height\":70,\"caption\":\"Chemuza\"},\"image\":{\"@id\":\"https:\/\/chemuza.org\/de\/#\/schema\/logo\/image\/\"}}]}<\/script>\n<!-- \/ Yoast SEO plugin. -->","yoast_head_json":{"title":"Fluorit - Chemuza","robots":{"index":"index","follow":"follow","max-snippet":"max-snippet:-1","max-image-preview":"max-image-preview:large","max-video-preview":"max-video-preview:-1"},"canonical":"https:\/\/chemuza.org\/de\/fluor\/","og_locale":"de_DE","og_type":"article","og_title":"Fluorit - Chemuza","og_description":"Fluor ist eines der am h\u00e4ufigsten vorkommenden Halogene oder Salze in der Erdkruste. Die h\u00f6chste Konzentration liegt in den Meeren mit einem Anteil von 1,3 ppm. Sein Zustand ist gasf\u00f6rmig, es kommt aber auch als Fluorit oder Calciumfluorid in Form von Kristallen vor, die in Alaska, Kalifornien und Argentinien reichlich vorhanden sind. Erfahren Sie mehr ... Mehr lesen","og_url":"https:\/\/chemuza.org\/de\/fluor\/","og_site_name":"Chemuza","twitter_card":"summary_large_image","twitter_misc":{"Gesch\u00e4tzte Lesezeit":"4\u00a0Minuten"},"schema":{"@context":"https:\/\/schema.org","@graph":[{"@type":"WebPage","@id":"https:\/\/chemuza.org\/de\/fluor\/","url":"https:\/\/chemuza.org\/de\/fluor\/","name":"Fluorit - Chemuza","isPartOf":{"@id":"https:\/\/chemuza.org\/de\/#website"},"datePublished":"2023-10-25T13:51:15+00:00","dateModified":"2023-10-25T13:51:15+00:00","breadcrumb":{"@id":"https:\/\/chemuza.org\/de\/fluor\/#breadcrumb"},"inLanguage":"de","potentialAction":[{"@type":"ReadAction","target":["https:\/\/chemuza.org\/de\/fluor\/"]}]},{"@type":"BreadcrumbList","@id":"https:\/\/chemuza.org\/de\/fluor\/#breadcrumb","itemListElement":[{"@type":"ListItem","position":1,"name":"Heim","item":"https:\/\/chemuza.org\/de\/"},{"@type":"ListItem","position":2,"name":"Fluorit"}]},{"@type":"WebSite","@id":"https:\/\/chemuza.org\/de\/#website","url":"https:\/\/chemuza.org\/de\/","name":"Chemuza","description":"Ihr Tor zur chemischen Entdeckung","publisher":{"@id":"https:\/\/chemuza.org\/de\/#organization"},"potentialAction":[{"@type":"SearchAction","target":{"@type":"EntryPoint","urlTemplate":"https:\/\/chemuza.org\/de\/?s={search_term_string}"},"query-input":"required name=search_term_string"}],"inLanguage":"de"},{"@type":"Organization","@id":"https:\/\/chemuza.org\/de\/#organization","name":"Chemuza","url":"https:\/\/chemuza.org\/de\/","logo":{"@type":"ImageObject","inLanguage":"de","@id":"https:\/\/chemuza.org\/de\/#\/schema\/logo\/image\/","url":"https:\/\/chemuza.org\/de\/wp-content\/uploads\/2023\/10\/chemuza-logo.png","contentUrl":"https:\/\/chemuza.org\/de\/wp-content\/uploads\/2023\/10\/chemuza-logo.png","width":387,"height":70,"caption":"Chemuza"},"image":{"@id":"https:\/\/chemuza.org\/de\/#\/schema\/logo\/image\/"}}]}},"yoast_meta":{"yoast_wpseo_title":"","yoast_wpseo_metadesc":"","yoast_wpseo_canonical":""},"_links":{"self":[{"href":"https:\/\/chemuza.org\/de\/wp-json\/wp\/v2\/pages\/1478","targetHints":{"allow":["GET"]}}],"collection":[{"href":"https:\/\/chemuza.org\/de\/wp-json\/wp\/v2\/pages"}],"about":[{"href":"https:\/\/chemuza.org\/de\/wp-json\/wp\/v2\/types\/page"}],"author":[{"embeddable":true,"href":"https:\/\/chemuza.org\/de\/wp-json\/wp\/v2\/users\/1"}],"replies":[{"embeddable":true,"href":"https:\/\/chemuza.org\/de\/wp-json\/wp\/v2\/comments?post=1478"}],"version-history":[{"count":1,"href":"https:\/\/chemuza.org\/de\/wp-json\/wp\/v2\/pages\/1478\/revisions"}],"predecessor-version":[{"id":1629,"href":"https:\/\/chemuza.org\/de\/wp-json\/wp\/v2\/pages\/1478\/revisions\/1629"}],"wp:attachment":[{"href":"https:\/\/chemuza.org\/de\/wp-json\/wp\/v2\/media?parent=1478"}],"curies":[{"name":"wp","href":"https:\/\/api.w.org\/{rel}","templated":true}]}}