{"id":1477,"date":"2023-10-25T13:51:18","date_gmt":"2023-10-25T13:51:18","guid":{"rendered":"https:\/\/chemuza.org\/de\/lithium\/"},"modified":"2023-10-25T13:51:18","modified_gmt":"2023-10-25T13:51:18","slug":"lithium","status":"publish","type":"page","link":"https:\/\/chemuza.org\/de\/lithium\/","title":{"rendered":"Lithium"},"content":{"rendered":"<p>Laut wissenschaftlicher Analyse geh\u00f6rt Lithium neben Wasserstoff und Helium zu den fr\u00fchesten Elementen im Universum und seine chemische Zusammensetzung \u00e4hnelt der von Natrium. Dar\u00fcber hinaus kommt es reichlich in Salzw\u00fcsten und Vulkanstra\u00dfen vor, sodass etwa 85 % seiner Reserven in Chile, Bolivien und Argentinien liegen. Erfahren Sie mehr \u00fcber dieses Mineral, seine Eigenschaften, h\u00e4ufigen Verwendungszwecke, Verbindungen und Eigenschaften.<\/p>\n<h2> <strong>Was ist Lithium?<\/strong><\/h2>\n<p> Es ist ein festes, \u00e4u\u00dferst reaktives und leichtes chemisches Element mit der Ordnungszahl 3 und der Gruppe 1 des Periodensystems der sogenannten Alkalimetalle. Andererseits zeigt es eine schnelle Oxidation mit Wasser oder Luft und kommt in der Natur nicht frei vor. Seine reine Metalloptik ist silberwei\u00df, weich und leicht.<\/p>\n<h3> <strong>Lithium-Symbol<\/strong><\/h3>\n<p> <span class=\"content-chemical-element\" style=\"float: left;width: 65px;height: 65px;border: 3px solid #666; display:flex;\n    justify-content: center;align-items: center;margin-right: 15px;\"><span style=\"font-size: 38px;\">Li<\/span><\/span> Dieses Symbol leitet sich von einem griechischen Wort ab, das Kiesel oder kleiner Stein bedeutet. Der Name dieses chemischen Elements geht auf die Tatsache zur\u00fcck, dass es im Gegensatz zu anderen Alkalimetallen, die in Pflanzengeweben vorkommen, in mineralischer Form entdeckt wurde.<\/p>\n<h2> <strong>Eigenschaften von Lithium<\/strong><\/h2>\n<p> Eines seiner Merkmale ist, dass es keine \u00e4hnlichen chemischen und physikalischen Eigenschaften wie seine Gruppe und die Erdalkalimetalle aufweist. Dar\u00fcber hinaus unterliegt es zahlreichen organischen und anorganischen Reaktionen. Ebenso hei\u00dft es auch:<\/p>\n<ul>\n<li> <strong>Allotrop<\/strong> : Abh\u00e4ngig vom Zustand der Umwelt kann es einem anthropogenen Druck ausgesetzt sein.<\/li>\n<li> <strong>Formbar<\/strong> : Es ist ein weiches und duktiles chemisches Element.<\/li>\n<li> <strong>Magnetisch<\/strong> : Es fehlt der Magnetismus, aber es ist ein ausgezeichneter Leiter f\u00fcr Elektrizit\u00e4t und W\u00e4rme.<\/li>\n<li> <strong>H\u00e4rte<\/strong> : Nach der Mohs-Skala hat es eine Mineralh\u00e4rte von 0,6, was die Herstellung widerstandsf\u00e4higer Legierungen erm\u00f6glicht.<\/li>\n<li> <strong>Farbe<\/strong> : Es hat ein silberwei\u00dfes Aussehen.<\/li>\n<li> <strong>Zustand<\/strong> : Seine Phase oder sein gew\u00f6hnlicher Aggregatzustand ist fest.<\/li>\n<li> <strong>Geschmack und Geruch<\/strong> : Es hat keinen Geruch, obwohl es einen metallischen Geschmack enth\u00e4lt.<\/li>\n<li> <strong>L\u00f6slichkeit<\/strong> : Elementar ist in Wasser nicht sehr l\u00f6slich, reagiert jedoch damit, w\u00e4hrend Metall l\u00f6slich und unl\u00f6slich sein kann.<\/li>\n<li> <strong>Entflammbarkeit<\/strong> : Es handelt sich um ein extrem entflammbares und explosives Element.<\/li>\n<\/ul>\n<h2> <strong>Chemische und physikalische Eigenschaften von Lithium<\/strong><\/h2>\n<ol>\n<li> <strong>Ordnungszahl<\/strong> : 3<\/li>\n<li> <strong>Gruppe<\/strong> : 1<\/li>\n<li> <strong>Zeitraum<\/strong> : 2<\/li>\n<li> <strong>Block<\/strong> : s<\/li>\n<li> <strong>Atomgewicht<\/strong> : 6,94174064<\/li>\n<li> <strong>Dichte<\/strong> : 535 kg\/m\u00b3<\/li>\n<li> <strong>Zustand<\/strong> : Solide<\/li>\n<li> <strong>Rost<\/strong> : Grundlegend<\/li>\n<li> <strong>Oxidationsstufen<\/strong> : +1<\/li>\n<li> <strong>Schmelzpunkt<\/strong> : 181\u00b0C<\/li>\n<li> <strong>Spezifische W\u00e4rme<\/strong> : 3582 J\/(K-kg)<\/li>\n<li> <strong>Elektronegativit\u00e4t<\/strong> : 0,98<\/li>\n<li> <strong>Durchschnittlicher Radius<\/strong> : 145 Stunden<\/li>\n<li> <strong>Kovalenter Radius<\/strong> : 134 Uhr<\/li>\n<li> <strong>Atomradius<\/strong> : 167 Uhr<\/li>\n<li> <strong>Elektronen pro Schicht<\/strong> : 2, 1<\/li>\n<li> <strong>Siedepunkt<\/strong> : 1342\u00b0C<\/li>\n<li> <strong>Elektronische Konfiguration<\/strong> : [He]2s <sup>1<\/sup><\/li>\n<\/ol>\n<h2> <strong>Herkunft von Lithium<\/strong><\/h2>\n<p> Der schwedische Chemiker Johann Arfvedson entdeckte dieses Material im Jahr 1817 auf einer schwedischen Insel zwischen Lepidolith und Spodumen aus einer Mine. Sp\u00e4ter, im Jahr 1818, beobachtete Christian Gmelin eine Besonderheit von Lithiumsalzen, die die Flamme in ein leuchtendes Rot verwandelten.<\/p>\n<p> Es gelang jedoch keinem von beiden, das chemische Element aus seinen Salzen zu isolieren, obwohl sie es beide versuchten. Sp\u00e4ter gelang dies den Chemikern William Thomas Brande und Sir Humphrey Davy. Um es zu gewinnen, verwendeten sie Lithiumoxid durch Elektrolyse.<\/p>\n<h2> <strong>Wof\u00fcr wird Lithium verwendet?<\/strong><\/h2>\n<p> Es wird in der Psychiatrie zur Stimmungsstabilisierung, zur Hemmung manischer Episoden und zur Vorbeugung von Depressionen im Zusammenhang mit Stimmungsst\u00f6rungen und bipolaren Erkrankungen eingesetzt. Andererseits werden einige seiner Verbindungen h\u00e4ufig als Trockenmittel eingesetzt, das hei\u00dft, sie absorbieren Luftfeuchtigkeit und trocknen die Luft in geschlossenen R\u00e4umen.<\/p>\n<p> In der Industrie fungiert es als Reiniger, um der Luft Kohlendioxid zu entziehen. Es wird auch in Raumfahrzeugen und U-Booten verwendet. Dar\u00fcber hinaus wird es in Legierungen mit Cadmium, Aluminium, Mangan und Kupfer zur Herstellung von Linsen, Keramik und im Flugzeugbau verwendet.<\/p>\n<p> Ebenso werden bestimmte Salze von Lithium und Stearins\u00e4ure bei hohen Temperaturen zur Herstellung von Schmiermitteln verwendet. Dar\u00fcber hinaus wird es bei der Batterieherstellung verwendet, da es ein ideales elektrochemisches Potenzial f\u00fcr die Anode bzw. den Pluspol elektrischer Batterien aufweist.<\/p>\n<h2> <strong>Lithium im menschlichen K\u00f6rper<\/strong><\/h2>\n<p> Kommt der Gegenstand mit der Haut in Ber\u00fchrung, kann es zu Verbrennungen kommen, da er Feuchtigkeit schnell entzieht. Andererseits verursacht ein l\u00e4ngerer und \u00fcberm\u00e4\u00dfiger Verzehr seiner Verbindungen eine gro\u00dffl\u00e4chige Toxizit\u00e4t, da es Natrium in den Zellmembranen ersetzt.<\/p>\n<h2> Weitere Informationen zu Lithium<\/h2>\n<h2> <strong>Wo kommt Lithium vor?<\/strong><\/h2>\n<p> Im Meerwasser liegt eine Konzentration von 0,1 ppm vor. Ebenso macht es etwa 0,002 % der Erdkruste aus. Die gr\u00f6\u00dften Gruppen finden sich jedoch in Mineralien, da es sich nicht um ein freies Element handelt, wie z. B. Petalit, Pegmatit, Spodumen, Amblygonit und Lepidolit.<\/p>\n<h2> <strong>Lithiumverbindungen<\/strong><\/h2>\n<p> Einige k\u00f6nnen Chlorid als hervorragendes Trocknungsmittel, Bromid und Lithiumnitrat sein. Es gibt auch Carbonat als Stimmungsstabilisator. Ebenso finden Sie Stearat, Hydroxid als CO\u2082-Luftreiniger und Lithiumhydrid.<\/p>\n<p> Zusammenfassend l\u00e4sst sich sagen, dass Lithium ein chemisches Element metallischen Typs ist, alkalisch, leicht, weich, reaktiv, duktil, fest und mit einem strahlend wei\u00dfen Aussehen. Dar\u00fcber hinaus findet es n\u00fctzliche Anwendungsm\u00f6glichkeiten bei der Behandlung von depressiven oder psychischen Erkrankungen.<\/p>\n","protected":false},"excerpt":{"rendered":"<p>Laut wissenschaftlicher Analyse geh\u00f6rt Lithium neben Wasserstoff und Helium zu den fr\u00fchesten Elementen im Universum und seine chemische Zusammensetzung \u00e4hnelt der von Natrium. Dar\u00fcber hinaus kommt es reichlich in Salzw\u00fcsten und Vulkanstra\u00dfen vor, sodass etwa 85 % seiner Reserven in Chile, Bolivien und Argentinien liegen. Erfahren Sie mehr \u00fcber dieses Mineral, seine Eigenschaften, h\u00e4ufigen Verwendungszwecke, &#8230; <a title=\"Lithium\" class=\"read-more\" href=\"https:\/\/chemuza.org\/de\/lithium\/\" aria-label=\"Mehr zu Lithium\">Mehr lesen<\/a><\/p>\n","protected":false},"author":1,"featured_media":0,"parent":0,"menu_order":0,"comment_status":"closed","ping_status":"closed","template":"","meta":{"footnotes":""},"class_list":["post-1477","page","type-page","status-publish"],"yoast_head":"<!-- This site is optimized with the Yoast SEO plugin v21.4 - https:\/\/yoast.com\/wordpress\/plugins\/seo\/ -->\n<title>Lithium - Chemuza<\/title>\n<meta name=\"robots\" content=\"index, follow, max-snippet:-1, max-image-preview:large, max-video-preview:-1\" \/>\n<link rel=\"canonical\" href=\"https:\/\/chemuza.org\/de\/lithium\/\" \/>\n<meta property=\"og:locale\" content=\"de_DE\" \/>\n<meta property=\"og:type\" content=\"article\" \/>\n<meta property=\"og:title\" content=\"Lithium - Chemuza\" \/>\n<meta property=\"og:description\" content=\"Laut wissenschaftlicher Analyse geh\u00f6rt Lithium neben Wasserstoff und Helium zu den fr\u00fchesten Elementen im Universum und seine chemische Zusammensetzung \u00e4hnelt der von Natrium. Dar\u00fcber hinaus kommt es reichlich in Salzw\u00fcsten und Vulkanstra\u00dfen vor, sodass etwa 85 % seiner Reserven in Chile, Bolivien und Argentinien liegen. Erfahren Sie mehr \u00fcber dieses Mineral, seine Eigenschaften, h\u00e4ufigen Verwendungszwecke, ... Mehr lesen\" \/>\n<meta property=\"og:url\" content=\"https:\/\/chemuza.org\/de\/lithium\/\" \/>\n<meta property=\"og:site_name\" content=\"Chemuza\" \/>\n<meta name=\"twitter:card\" content=\"summary_large_image\" \/>\n<meta name=\"twitter:label1\" content=\"Gesch\u00e4tzte Lesezeit\" \/>\n\t<meta name=\"twitter:data1\" content=\"4\u00a0Minuten\" \/>\n<script type=\"application\/ld+json\" class=\"yoast-schema-graph\">{\"@context\":\"https:\/\/schema.org\",\"@graph\":[{\"@type\":\"WebPage\",\"@id\":\"https:\/\/chemuza.org\/de\/lithium\/\",\"url\":\"https:\/\/chemuza.org\/de\/lithium\/\",\"name\":\"Lithium - Chemuza\",\"isPartOf\":{\"@id\":\"https:\/\/chemuza.org\/de\/#website\"},\"datePublished\":\"2023-10-25T13:51:18+00:00\",\"dateModified\":\"2023-10-25T13:51:18+00:00\",\"breadcrumb\":{\"@id\":\"https:\/\/chemuza.org\/de\/lithium\/#breadcrumb\"},\"inLanguage\":\"de\",\"potentialAction\":[{\"@type\":\"ReadAction\",\"target\":[\"https:\/\/chemuza.org\/de\/lithium\/\"]}]},{\"@type\":\"BreadcrumbList\",\"@id\":\"https:\/\/chemuza.org\/de\/lithium\/#breadcrumb\",\"itemListElement\":[{\"@type\":\"ListItem\",\"position\":1,\"name\":\"Heim\",\"item\":\"https:\/\/chemuza.org\/de\/\"},{\"@type\":\"ListItem\",\"position\":2,\"name\":\"Lithium\"}]},{\"@type\":\"WebSite\",\"@id\":\"https:\/\/chemuza.org\/de\/#website\",\"url\":\"https:\/\/chemuza.org\/de\/\",\"name\":\"Chemuza\",\"description\":\"Ihr Tor zur chemischen Entdeckung\",\"publisher\":{\"@id\":\"https:\/\/chemuza.org\/de\/#organization\"},\"potentialAction\":[{\"@type\":\"SearchAction\",\"target\":{\"@type\":\"EntryPoint\",\"urlTemplate\":\"https:\/\/chemuza.org\/de\/?s={search_term_string}\"},\"query-input\":\"required name=search_term_string\"}],\"inLanguage\":\"de\"},{\"@type\":\"Organization\",\"@id\":\"https:\/\/chemuza.org\/de\/#organization\",\"name\":\"Chemuza\",\"url\":\"https:\/\/chemuza.org\/de\/\",\"logo\":{\"@type\":\"ImageObject\",\"inLanguage\":\"de\",\"@id\":\"https:\/\/chemuza.org\/de\/#\/schema\/logo\/image\/\",\"url\":\"https:\/\/chemuza.org\/de\/wp-content\/uploads\/2023\/10\/chemuza-logo.png\",\"contentUrl\":\"https:\/\/chemuza.org\/de\/wp-content\/uploads\/2023\/10\/chemuza-logo.png\",\"width\":387,\"height\":70,\"caption\":\"Chemuza\"},\"image\":{\"@id\":\"https:\/\/chemuza.org\/de\/#\/schema\/logo\/image\/\"}}]}<\/script>\n<!-- \/ Yoast SEO plugin. -->","yoast_head_json":{"title":"Lithium - Chemuza","robots":{"index":"index","follow":"follow","max-snippet":"max-snippet:-1","max-image-preview":"max-image-preview:large","max-video-preview":"max-video-preview:-1"},"canonical":"https:\/\/chemuza.org\/de\/lithium\/","og_locale":"de_DE","og_type":"article","og_title":"Lithium - Chemuza","og_description":"Laut wissenschaftlicher Analyse geh\u00f6rt Lithium neben Wasserstoff und Helium zu den fr\u00fchesten Elementen im Universum und seine chemische Zusammensetzung \u00e4hnelt der von Natrium. Dar\u00fcber hinaus kommt es reichlich in Salzw\u00fcsten und Vulkanstra\u00dfen vor, sodass etwa 85 % seiner Reserven in Chile, Bolivien und Argentinien liegen. Erfahren Sie mehr \u00fcber dieses Mineral, seine Eigenschaften, h\u00e4ufigen Verwendungszwecke, ... Mehr lesen","og_url":"https:\/\/chemuza.org\/de\/lithium\/","og_site_name":"Chemuza","twitter_card":"summary_large_image","twitter_misc":{"Gesch\u00e4tzte Lesezeit":"4\u00a0Minuten"},"schema":{"@context":"https:\/\/schema.org","@graph":[{"@type":"WebPage","@id":"https:\/\/chemuza.org\/de\/lithium\/","url":"https:\/\/chemuza.org\/de\/lithium\/","name":"Lithium - Chemuza","isPartOf":{"@id":"https:\/\/chemuza.org\/de\/#website"},"datePublished":"2023-10-25T13:51:18+00:00","dateModified":"2023-10-25T13:51:18+00:00","breadcrumb":{"@id":"https:\/\/chemuza.org\/de\/lithium\/#breadcrumb"},"inLanguage":"de","potentialAction":[{"@type":"ReadAction","target":["https:\/\/chemuza.org\/de\/lithium\/"]}]},{"@type":"BreadcrumbList","@id":"https:\/\/chemuza.org\/de\/lithium\/#breadcrumb","itemListElement":[{"@type":"ListItem","position":1,"name":"Heim","item":"https:\/\/chemuza.org\/de\/"},{"@type":"ListItem","position":2,"name":"Lithium"}]},{"@type":"WebSite","@id":"https:\/\/chemuza.org\/de\/#website","url":"https:\/\/chemuza.org\/de\/","name":"Chemuza","description":"Ihr Tor zur chemischen Entdeckung","publisher":{"@id":"https:\/\/chemuza.org\/de\/#organization"},"potentialAction":[{"@type":"SearchAction","target":{"@type":"EntryPoint","urlTemplate":"https:\/\/chemuza.org\/de\/?s={search_term_string}"},"query-input":"required name=search_term_string"}],"inLanguage":"de"},{"@type":"Organization","@id":"https:\/\/chemuza.org\/de\/#organization","name":"Chemuza","url":"https:\/\/chemuza.org\/de\/","logo":{"@type":"ImageObject","inLanguage":"de","@id":"https:\/\/chemuza.org\/de\/#\/schema\/logo\/image\/","url":"https:\/\/chemuza.org\/de\/wp-content\/uploads\/2023\/10\/chemuza-logo.png","contentUrl":"https:\/\/chemuza.org\/de\/wp-content\/uploads\/2023\/10\/chemuza-logo.png","width":387,"height":70,"caption":"Chemuza"},"image":{"@id":"https:\/\/chemuza.org\/de\/#\/schema\/logo\/image\/"}}]}},"yoast_meta":{"yoast_wpseo_title":"","yoast_wpseo_metadesc":"","yoast_wpseo_canonical":""},"_links":{"self":[{"href":"https:\/\/chemuza.org\/de\/wp-json\/wp\/v2\/pages\/1477","targetHints":{"allow":["GET"]}}],"collection":[{"href":"https:\/\/chemuza.org\/de\/wp-json\/wp\/v2\/pages"}],"about":[{"href":"https:\/\/chemuza.org\/de\/wp-json\/wp\/v2\/types\/page"}],"author":[{"embeddable":true,"href":"https:\/\/chemuza.org\/de\/wp-json\/wp\/v2\/users\/1"}],"replies":[{"embeddable":true,"href":"https:\/\/chemuza.org\/de\/wp-json\/wp\/v2\/comments?post=1477"}],"version-history":[{"count":1,"href":"https:\/\/chemuza.org\/de\/wp-json\/wp\/v2\/pages\/1477\/revisions"}],"predecessor-version":[{"id":1649,"href":"https:\/\/chemuza.org\/de\/wp-json\/wp\/v2\/pages\/1477\/revisions\/1649"}],"wp:attachment":[{"href":"https:\/\/chemuza.org\/de\/wp-json\/wp\/v2\/media?parent=1477"}],"curies":[{"name":"wp","href":"https:\/\/api.w.org\/{rel}","templated":true}]}}