{"id":1476,"date":"2023-10-25T13:51:15","date_gmt":"2023-10-25T13:51:15","guid":{"rendered":"https:\/\/chemuza.org\/de\/helium\/"},"modified":"2023-10-25T13:51:15","modified_gmt":"2023-10-25T13:51:15","slug":"helium","status":"publish","type":"page","link":"https:\/\/chemuza.org\/de\/helium\/","title":{"rendered":"Helium"},"content":{"rendered":"<p>Helium ist eines der vielseitigsten nat\u00fcrlichen Elemente in der Stahlindustrie und wird in der Medizin beim Betrieb nuklearer Diagnoseger\u00e4te eingesetzt. Auch in der Raumfahrt, beim Betrieb von Strahlungsmonitoren und Teleskopen spielt es eine wichtige Rolle.<\/p>\n<h2> <strong>Was ist Helium?<\/strong><\/h2>\n<p> Dieses Gas ist siebenmal leichter als Luft, hat keinen Geschmack und Geruch und ist farblos. Es ist in geringen Konzentrationen von nur 5 ppm suspendiert. Es ist inert, das hei\u00dft, es reagiert nicht (mit einigen Ausnahmen), es ist weniger l\u00f6slich als andere Gase in Fl\u00fcssigkeiten und es ist nicht brennbar. Sein Siedepunkt ist der niedrigste unter den chemischen Elementen, au\u00dferdem gefriert es nicht und erstarrt nur unter starkem Druck. Nach Wasserstoff kommt es im Universum am h\u00e4ufigsten vor.<\/p>\n<h3> <strong>Helium-Symbol<\/strong><\/h3>\n<p> <span class=\"content-chemical-element\" style=\"float: left; width: 65px; height: 65px; border: 3px solid #666; display: flex; justify-content: center; align-items: center; margin-right: 15px;\"><span style=\"font-size: 38px;\">Es ist<\/span><\/span> ein gasf\u00f6rmiges chemisches Element und geh\u00f6rt zur Gruppe O. Es wurde als einatomig mit der Nummer 2 und dem Standardgewicht 4,0026 nachgewiesen. Helium belegt im Periodensystem den 18. Platz neben Wasserstoff, allerdings im p-Block, und wird aufgrund seines vollen Energieniveaus als Edelgas identifiziert.<\/p>\n<h2> <strong>Eigenschaften von Helium<\/strong><\/h2>\n<p> Es handelt sich um ein Gas, dessen Arten sehr spezifisch sind und im Folgenden beschrieben werden:<\/p>\n<ul>\n<li> <strong>Chemische Reaktivit\u00e4t<\/strong> : Niedrig oder sogar Null, da die letzte elektronische Schicht vollst\u00e4ndig ist.<\/li>\n<li> <strong>Schmelzen und Sieden<\/strong> : Seine spezifische W\u00e4rme ist sehr hoch und sein Dampf ist sehr dicht, er dehnt sich bei Raumtemperatur schnell aus.<\/li>\n<li> <strong>Zustand<\/strong> : Meistens gasf\u00f6rmig.<\/li>\n<li> <strong>Modifikationen<\/strong> : Es kann unter einem Druck von -248,15 \u00b0C kristallisieren und bei ganz bestimmten Temperaturen fl\u00fcssig werden.<\/li>\n<li> <strong>Temperatur<\/strong> : 1 atm und 0\u00b0C, da seine Partikel nicht interagieren.<\/li>\n<li> <strong>Kritischer Punkt<\/strong> : 5,19 K.<\/li>\n<li> <strong>Volumen<\/strong> : Nur in 3He- und 4He-Feststoffen mit zunehmendem Druck.<\/li>\n<\/ul>\n<h2> <strong>Chemische und physikalische Eigenschaften von Helium<\/strong><\/h2>\n<ol>\n<li> <strong>Ordnungszahl<\/strong> : 2<\/li>\n<li> <strong>Kovalenter Radius (\u00c5):<\/strong> 0,93<\/li>\n<li> <strong>Elektronische Konfiguration:<\/strong> 1 s\u00b2<\/li>\n<li> <strong>Atommasse (g\/mol):<\/strong> 4,0026<\/li>\n<li> <strong>Erste Ionisierungsleistung (eV):<\/strong> 24,73<\/li>\n<li> <strong>Relative Dichte zu Luft:<\/strong> 0,138 (15 \u00b0C)<\/li>\n<li> <strong>Siedepunkt:<\/strong> -268,9\u00b0C (4,22K)<\/li>\n<li> <strong>Schmelzpunkt:<\/strong> -272,2 \u00b0C (0,95 K) (26 atm)<\/li>\n<li> <strong>Normalzustand:<\/strong> Gas<\/li>\n<li> <strong>Verdampfungsenthalpie:<\/strong> 0,0835 kJ\/mol<\/li>\n<li> <strong>Schmelzenthalpie:<\/strong> 5,23 Kj\/mol<\/li>\n<li> <strong>Schallgeschwindigkeit:<\/strong> 970 m\/s bei 293,15 K<\/li>\n<li> <strong>Molekulargewicht:<\/strong> 4,00026 g\/mol<\/li>\n<\/ol>\n<h2> <strong>Herkunft von Helium<\/strong><\/h2>\n<p> Das Wort f\u00fcr dieses Element kommt vom griechischen Helios, was Sonne bedeutet. Tats\u00e4chlich wurde es 1868 im Spektrum der Sonnenkorona entdeckt, w\u00e4hrend eine Sonnenfinsternis stattfand. Die Astronomen Pierre Janssen und Norman Lockyer aus England und Schweden best\u00e4tigten seine Existenz, indem sie eine gelbe Linie \u00fcber Indien bemerkten.<\/p>\n<p> Im Jahr 1895 wurde das gasf\u00f6rmige Element Helium vom Chemiker William Ramsay auf der Erde entdeckt und isoliert, dank der Sammlung von Claveit (Uranerz), das mit bestimmten anorganischen S\u00e4uren reagiert. William Crookes und Lockyer best\u00e4tigten ihrerseits das neue Element mit einer Wellenl\u00e4nge von 587,49 nm. Fast zeitgleich gelang es den Chemikern Per Theodor Cleve und Nils Langlet, es unabh\u00e4ngig von Claveit zu isolieren.<\/p>\n<h2> <strong>Wof\u00fcr wird Helium verwendet?<\/strong><\/h2>\n<p> Es ist vielseitig einsetzbar, vom gr\u00f6\u00dften bis zum allt\u00e4glichen Gebrauch, auch wenn Sie es nicht bemerken. Es wird im Allgemeinen in folgenden Bereichen eingesetzt:<\/p>\n<h3> <strong>Wissenschaft und Technik<\/strong><\/h3>\n<p> Es wurde zum Bau von Mikroskopen und supraleitenden Magneten, zur Erstellung von Magnetresonanzbildern und f\u00fcr Anwendungen in der Nanotechnologie verwendet.<\/p>\n<h3> <strong>Luft- und Raumfahrtaktivit\u00e4ten<\/strong><\/h3>\n<p> Mit diesem Element werden Satellitenteile gewartet, Treibstoff produziert und Raketentriebwerke gereinigt. Dar\u00fcber hinaus wurde es zur K\u00fchlung von fl\u00fcssigem Wasserstoff und Sauerstoff auf der Apollo-Raumsonde der NASA eingesetzt.<\/p>\n<h3> <strong>Kernenergie<\/strong><\/h3>\n<p> Einige L\u00e4nder wie China wollen die Sonnenwirkung oder die Kernfusion nachahmen, wobei Helium eine f\u00fchrende Rolle spielt. Ziel ist es, saubere und nahezu unersch\u00f6pfliche Energie zu erzeugen. Sie verf\u00fcgen bereits \u00fcber ein sehr fortschrittliches Ger\u00e4t oder Tokamak, bekannt als HL-2M, also eine k\u00fcnstliche Sonne.<\/p>\n<h3> <strong>Industrielle Nutzung<\/strong><\/h3>\n<p> Es wird verwendet, um Lecks mithilfe von Druck-, Vakuum- und Ultravakuumtechniken zu entdecken, wenn hydraulisches Eintauchen oder Drucktests nicht ausreichen. Ebenso wie Argon wird es h\u00e4ufig beim Lichtbogenschwei\u00dfen verwendet, da es inert ist.<\/p>\n<p> Seine hohe Ionisierungskapazit\u00e4t erm\u00f6glicht einen gr\u00f6\u00dferen W\u00e4rmeeintrag und erm\u00f6glicht Ar\/He-Mischungen beim Schwei\u00dfen von Aluminium und anderen dicken Materialien. Andererseits ist es auch ein Schutzgas bei der Herstellung von Germanium-, Silizium-, Titan- und Zirkoniumkristallen.<\/p>\n<h3> <strong>Alltagsleben<\/strong><\/h3>\n<p> Kommerzielle Kassenbarcodes bestehen aus Helium und Neon. Es wird auch in Tauchflaschenmischungen verwendet. Dar\u00fcber hinaus dient es zum Bef\u00fcllen von Luftschiffen und den ber\u00fchmten Partyballons.<\/p>\n<h2> Weitere Informationen zu Helium<\/h2>\n<h2> <strong>Wo findet man Helium?<\/strong><\/h2>\n<p> Es stammt aus der Gewinnung von Erdgas und ist somit ein Nebenprodukt des Erdgases. Dieses Gas allein ist schwierig zu speichern und der Prozess ist extrem teuer. Die Produktionsl\u00e4nder dieses Elements sind die Vereinigten Staaten, Algerien, Katar und Russland.<\/p>\n<p> Zusammenfassend l\u00e4sst sich sagen, dass Helium das zweitleichteste Gas der Welt ist. Dieser Zustand macht es zu einem der nat\u00fcrlichen Elemente, die vom Aussterben bedroht sind.<\/p>\n","protected":false},"excerpt":{"rendered":"<p>Helium ist eines der vielseitigsten nat\u00fcrlichen Elemente in der Stahlindustrie und wird in der Medizin beim Betrieb nuklearer Diagnoseger\u00e4te eingesetzt. Auch in der Raumfahrt, beim Betrieb von Strahlungsmonitoren und Teleskopen spielt es eine wichtige Rolle. Was ist Helium? Dieses Gas ist siebenmal leichter als Luft, hat keinen Geschmack und Geruch und ist farblos. Es ist &#8230; <a title=\"Helium\" class=\"read-more\" href=\"https:\/\/chemuza.org\/de\/helium\/\" aria-label=\"Mehr zu Helium\">Mehr lesen<\/a><\/p>\n","protected":false},"author":1,"featured_media":0,"parent":0,"menu_order":0,"comment_status":"closed","ping_status":"closed","template":"","meta":{"footnotes":""},"class_list":["post-1476","page","type-page","status-publish"],"yoast_head":"<!-- This site is optimized with the Yoast SEO plugin v21.4 - https:\/\/yoast.com\/wordpress\/plugins\/seo\/ -->\n<title>Helium - Chemuza<\/title>\n<meta name=\"robots\" content=\"index, follow, max-snippet:-1, max-image-preview:large, max-video-preview:-1\" \/>\n<link rel=\"canonical\" href=\"https:\/\/chemuza.org\/de\/helium\/\" \/>\n<meta property=\"og:locale\" content=\"de_DE\" \/>\n<meta property=\"og:type\" content=\"article\" \/>\n<meta property=\"og:title\" content=\"Helium - Chemuza\" \/>\n<meta property=\"og:description\" content=\"Helium ist eines der vielseitigsten nat\u00fcrlichen Elemente in der Stahlindustrie und wird in der Medizin beim Betrieb nuklearer Diagnoseger\u00e4te eingesetzt. Auch in der Raumfahrt, beim Betrieb von Strahlungsmonitoren und Teleskopen spielt es eine wichtige Rolle. Was ist Helium? Dieses Gas ist siebenmal leichter als Luft, hat keinen Geschmack und Geruch und ist farblos. Es ist ... Mehr lesen\" \/>\n<meta property=\"og:url\" content=\"https:\/\/chemuza.org\/de\/helium\/\" \/>\n<meta property=\"og:site_name\" content=\"Chemuza\" \/>\n<meta name=\"twitter:card\" content=\"summary_large_image\" \/>\n<meta name=\"twitter:label1\" content=\"Gesch\u00e4tzte Lesezeit\" \/>\n\t<meta name=\"twitter:data1\" content=\"4\u00a0Minuten\" \/>\n<script type=\"application\/ld+json\" class=\"yoast-schema-graph\">{\"@context\":\"https:\/\/schema.org\",\"@graph\":[{\"@type\":\"WebPage\",\"@id\":\"https:\/\/chemuza.org\/de\/helium\/\",\"url\":\"https:\/\/chemuza.org\/de\/helium\/\",\"name\":\"Helium - Chemuza\",\"isPartOf\":{\"@id\":\"https:\/\/chemuza.org\/de\/#website\"},\"datePublished\":\"2023-10-25T13:51:15+00:00\",\"dateModified\":\"2023-10-25T13:51:15+00:00\",\"breadcrumb\":{\"@id\":\"https:\/\/chemuza.org\/de\/helium\/#breadcrumb\"},\"inLanguage\":\"de\",\"potentialAction\":[{\"@type\":\"ReadAction\",\"target\":[\"https:\/\/chemuza.org\/de\/helium\/\"]}]},{\"@type\":\"BreadcrumbList\",\"@id\":\"https:\/\/chemuza.org\/de\/helium\/#breadcrumb\",\"itemListElement\":[{\"@type\":\"ListItem\",\"position\":1,\"name\":\"Heim\",\"item\":\"https:\/\/chemuza.org\/de\/\"},{\"@type\":\"ListItem\",\"position\":2,\"name\":\"Helium\"}]},{\"@type\":\"WebSite\",\"@id\":\"https:\/\/chemuza.org\/de\/#website\",\"url\":\"https:\/\/chemuza.org\/de\/\",\"name\":\"Chemuza\",\"description\":\"Ihr Tor zur chemischen Entdeckung\",\"publisher\":{\"@id\":\"https:\/\/chemuza.org\/de\/#organization\"},\"potentialAction\":[{\"@type\":\"SearchAction\",\"target\":{\"@type\":\"EntryPoint\",\"urlTemplate\":\"https:\/\/chemuza.org\/de\/?s={search_term_string}\"},\"query-input\":\"required name=search_term_string\"}],\"inLanguage\":\"de\"},{\"@type\":\"Organization\",\"@id\":\"https:\/\/chemuza.org\/de\/#organization\",\"name\":\"Chemuza\",\"url\":\"https:\/\/chemuza.org\/de\/\",\"logo\":{\"@type\":\"ImageObject\",\"inLanguage\":\"de\",\"@id\":\"https:\/\/chemuza.org\/de\/#\/schema\/logo\/image\/\",\"url\":\"https:\/\/chemuza.org\/de\/wp-content\/uploads\/2023\/10\/chemuza-logo.png\",\"contentUrl\":\"https:\/\/chemuza.org\/de\/wp-content\/uploads\/2023\/10\/chemuza-logo.png\",\"width\":387,\"height\":70,\"caption\":\"Chemuza\"},\"image\":{\"@id\":\"https:\/\/chemuza.org\/de\/#\/schema\/logo\/image\/\"}}]}<\/script>\n<!-- \/ Yoast SEO plugin. -->","yoast_head_json":{"title":"Helium - Chemuza","robots":{"index":"index","follow":"follow","max-snippet":"max-snippet:-1","max-image-preview":"max-image-preview:large","max-video-preview":"max-video-preview:-1"},"canonical":"https:\/\/chemuza.org\/de\/helium\/","og_locale":"de_DE","og_type":"article","og_title":"Helium - Chemuza","og_description":"Helium ist eines der vielseitigsten nat\u00fcrlichen Elemente in der Stahlindustrie und wird in der Medizin beim Betrieb nuklearer Diagnoseger\u00e4te eingesetzt. Auch in der Raumfahrt, beim Betrieb von Strahlungsmonitoren und Teleskopen spielt es eine wichtige Rolle. Was ist Helium? Dieses Gas ist siebenmal leichter als Luft, hat keinen Geschmack und Geruch und ist farblos. Es ist ... Mehr lesen","og_url":"https:\/\/chemuza.org\/de\/helium\/","og_site_name":"Chemuza","twitter_card":"summary_large_image","twitter_misc":{"Gesch\u00e4tzte Lesezeit":"4\u00a0Minuten"},"schema":{"@context":"https:\/\/schema.org","@graph":[{"@type":"WebPage","@id":"https:\/\/chemuza.org\/de\/helium\/","url":"https:\/\/chemuza.org\/de\/helium\/","name":"Helium - Chemuza","isPartOf":{"@id":"https:\/\/chemuza.org\/de\/#website"},"datePublished":"2023-10-25T13:51:15+00:00","dateModified":"2023-10-25T13:51:15+00:00","breadcrumb":{"@id":"https:\/\/chemuza.org\/de\/helium\/#breadcrumb"},"inLanguage":"de","potentialAction":[{"@type":"ReadAction","target":["https:\/\/chemuza.org\/de\/helium\/"]}]},{"@type":"BreadcrumbList","@id":"https:\/\/chemuza.org\/de\/helium\/#breadcrumb","itemListElement":[{"@type":"ListItem","position":1,"name":"Heim","item":"https:\/\/chemuza.org\/de\/"},{"@type":"ListItem","position":2,"name":"Helium"}]},{"@type":"WebSite","@id":"https:\/\/chemuza.org\/de\/#website","url":"https:\/\/chemuza.org\/de\/","name":"Chemuza","description":"Ihr Tor zur chemischen Entdeckung","publisher":{"@id":"https:\/\/chemuza.org\/de\/#organization"},"potentialAction":[{"@type":"SearchAction","target":{"@type":"EntryPoint","urlTemplate":"https:\/\/chemuza.org\/de\/?s={search_term_string}"},"query-input":"required name=search_term_string"}],"inLanguage":"de"},{"@type":"Organization","@id":"https:\/\/chemuza.org\/de\/#organization","name":"Chemuza","url":"https:\/\/chemuza.org\/de\/","logo":{"@type":"ImageObject","inLanguage":"de","@id":"https:\/\/chemuza.org\/de\/#\/schema\/logo\/image\/","url":"https:\/\/chemuza.org\/de\/wp-content\/uploads\/2023\/10\/chemuza-logo.png","contentUrl":"https:\/\/chemuza.org\/de\/wp-content\/uploads\/2023\/10\/chemuza-logo.png","width":387,"height":70,"caption":"Chemuza"},"image":{"@id":"https:\/\/chemuza.org\/de\/#\/schema\/logo\/image\/"}}]}},"yoast_meta":{"yoast_wpseo_title":"","yoast_wpseo_metadesc":"","yoast_wpseo_canonical":""},"_links":{"self":[{"href":"https:\/\/chemuza.org\/de\/wp-json\/wp\/v2\/pages\/1476","targetHints":{"allow":["GET"]}}],"collection":[{"href":"https:\/\/chemuza.org\/de\/wp-json\/wp\/v2\/pages"}],"about":[{"href":"https:\/\/chemuza.org\/de\/wp-json\/wp\/v2\/types\/page"}],"author":[{"embeddable":true,"href":"https:\/\/chemuza.org\/de\/wp-json\/wp\/v2\/users\/1"}],"replies":[{"embeddable":true,"href":"https:\/\/chemuza.org\/de\/wp-json\/wp\/v2\/comments?post=1476"}],"version-history":[{"count":1,"href":"https:\/\/chemuza.org\/de\/wp-json\/wp\/v2\/pages\/1476\/revisions"}],"predecessor-version":[{"id":1638,"href":"https:\/\/chemuza.org\/de\/wp-json\/wp\/v2\/pages\/1476\/revisions\/1638"}],"wp:attachment":[{"href":"https:\/\/chemuza.org\/de\/wp-json\/wp\/v2\/media?parent=1476"}],"curies":[{"name":"wp","href":"https:\/\/api.w.org\/{rel}","templated":true}]}}