{"id":1473,"date":"2023-10-25T13:51:16","date_gmt":"2023-10-25T13:51:16","guid":{"rendered":"https:\/\/chemuza.org\/de\/beryllium\/"},"modified":"2023-10-25T13:51:16","modified_gmt":"2023-10-25T13:51:16","slug":"beryllium","status":"publish","type":"page","link":"https:\/\/chemuza.org\/de\/beryllium\/","title":{"rendered":"Beryllium"},"content":{"rendered":"<p>Beryllium ist ein nat\u00fcrliches Element, das in Kohle, \u00d6l, Gestein, Vulkanstaub und B\u00f6den vorkommt. Es ist nach Lithium das leichteste Metall im Periodensystem. Derzeit wird der Gro\u00dfteil dieses Minerals in verschiedenen Legierungen zur Herstellung elektronischer und elektrischer Komponenten verwendet. Entdecken Sie noch heute mehr \u00fcber seine Eigenschaften, Eigenschaften und Verwendungsm\u00f6glichkeiten.<\/p>\n<h2> <strong>Was ist Beryllium?<\/strong><\/h2>\n<p> Es ist ein chemisches Element, das zu den \u00dcbergangsmetallen des Periodensystems geh\u00f6rt. Es ist eines der seltenen Mineralien und geh\u00f6rt zur Gruppe der Erdalkalimetalle. Seine Dichte betr\u00e4gt etwa ein Drittel der von Aluminium, es ist grau, spr\u00f6de und hart.<\/p>\n<h3> <strong>Beryllium-Symbol<\/strong><\/h3>\n<p> <span class=\"content-chemical-element\" style=\"float: left;width: 65px;height: 65px;border: 3px solid #666; display:flex;\n    justify-content: center;align-items: center;margin-right: 15px;\"><span style=\"font-size: 38px;\">Be<\/span><\/span> Das Symbol zur Identifizierung von Beryllium ist Be und die Ordnungszahl 4. Sein Name kommt vom griechischen beryllos und dem tamilischen veiruor, was wei\u00df oder blass bedeutet. Der Name dieses Elements ist also indisch. Dar\u00fcber hinaus ist Beryll sein Hauptmineral, ein Silikat zwischen Aluminium und Beryll.<\/p>\n<h2> <strong>Eigenschaften von Beryllium<\/strong><\/h2>\n<p> Es kommt in Periode und Gruppe 2 vor und ist ein giftiges Metall, insbesondere wenn es in Pulverform vorliegt. Dar\u00fcber hinaus reagiert es mit Wasser und S\u00e4uren unter Bildung von Wasserstoffgas. Erfahren Sie mehr \u00fcber seine Funktionen:<\/p>\n<ul>\n<li> <strong>Zustand:<\/strong> Von Natur aus ist seine Form massiv oder diamagnetisch. <strong>&nbsp;<\/strong><\/li>\n<li> <strong>H\u00e4rte:<\/strong> Es ist sehr zerbrechlich.<\/li>\n<li> <strong>Farbe:<\/strong> Grau<\/li>\n<li> <strong>Oxidation:<\/strong> Bei Kontakt mit Luft oxidiert es schnell und bildet eine d\u00fcnne Schicht.<\/li>\n<li> <strong>L\u00f6slichkeit:<\/strong> Einige Bestandteile sind wasserl\u00f6slich.<\/li>\n<li> <strong>Formbarkeit:<\/strong> Wenn es rein ist, ist es formbar, in Gegenwart von Silizium- oder Eisenverunreinigungen kann es jedoch spr\u00f6de werden.<\/li>\n<\/ul>\n<h2> <strong>Chemische und physikalische Eigenschaften von Beryllium<\/strong><\/h2>\n<ol>\n<li> <strong>Dichte:<\/strong> 1,85 g\/cm\u00b3<\/li>\n<li> <strong>Ordnungszahl<\/strong> : 4<\/li>\n<li> <strong>Valencia:<\/strong> 2<\/li>\n<li> <strong>Oxidationsstufen:<\/strong> +2<\/li>\n<li> <strong>Elektronegativit\u00e4t:<\/strong> 1,5<\/li>\n<li> <strong>Schmelzpunkt:<\/strong> 1277<\/li>\n<li> <strong>Atommasse: 9,0122<\/strong><\/li>\n<li> <strong>Elektronen pro Ebene:<\/strong> 2,2<\/li>\n<li> <strong>Oxidationsstufe:<\/strong> +2<\/li>\n<li> <strong>Siedepunkt (\u00b0C):<\/strong> 2770<\/li>\n<li> <strong>Kovalenter Radius:<\/strong> 0,90<\/li>\n<li> <strong>Atomradius:<\/strong> 1,12<\/li>\n<li> <strong>Ionenradius:<\/strong> 0,31<\/li>\n<li> <strong>Kristallstruktur:<\/strong> sechseckig<\/li>\n<li> <strong>Erstes Ionisationspotential:<\/strong> 9,38<\/li>\n<\/ol>\n<h2> <strong>Herkunft von Beryllium<\/strong><\/h2>\n<p> Seine Entdeckung erfolgte 1798 in Frankreich durch Louis Nicolas Vauquelin in Form von Berylloxid und Smaragd. Dann, im Jahr 1828, isolierten Antoine Bussy und Friedrich Wohler das Metall, indem sie Berylliumchlorid mit Kalium umsetzten.<\/p>\n<h2> <strong>Wof\u00fcr wird Beryllium verwendet?<\/strong><\/h2>\n<p> Es wird vor allem in Legierungen verwendet, die wie reines Kupfer Strom und W\u00e4rme leiten k\u00f6nnen. Diese werden typischerweise in Radarger\u00e4ten, Computern, Automobilen, Flugzeuglandesystemen, \u00d6l- und Gasbohrmaschinen, Leiterplatten und Haushaltsger\u00e4ten verwendet.<\/p>\n<p> Ebenso wird es zur R\u00f6ntgendiagnostik eingesetzt, da d\u00fcnne Berylliumschichten zur Filterung sichtbarer Strahlung verwendet werden. Da es steif, leicht und formstabil ist, wird es beim Bau von Ger\u00e4ten wie Gyroskopen, Uhrfedern und verschiedenen Instrumenten verwendet.<\/p>\n<p> Andererseits sind Beryllium und Aluminium in der Lage, ein sehr starkes Material herzustellen, das in Hitzeschilden wie \u00dcberschallflugzeugen, Raketen, Satellitenkommunikation und Raumfahrzeugen verwendet wird. Dar\u00fcber hinaus wird Berylliumoxid zur Herstellung von Keramik verwendet und zusammen mit Nickel zur Herstellung eines Materials mit gro\u00dfer H\u00e4rte verwendet.<\/p>\n<h2> <strong>Elektronische Konfiguration von Beryllium<\/strong><\/h2>\n<p> Mit dem Moeller-Diagramm k\u00f6nnen Sie die Konfiguration aller Elemente des Periodensystems kennen. In diesem Fall ist Beryllium Be 1s <sup>2<\/sup> 2s <sup>2<\/sup> , da seine Ordnungszahl 4 ist.<\/p>\n<h2> <strong>Wirkung von Beryllium auf den menschlichen K\u00f6rper<\/strong><\/h2>\n<p> Dabei handelt es sich um ein Metall, das beim Einatmen sch\u00e4dlich sein und Lungensch\u00e4den sowie eine Lungenentz\u00fcndung verursachen kann. Eine der bekanntesten Auswirkungen ist die Berylliose, eine schwere Atemwegserkrankung, die sogar andere Organe, wie zum Beispiel das Herz, sch\u00e4digt.<\/p>\n<p> Dar\u00fcber hinaus k\u00f6nnen Menschen, die sehr empfindlich auf Chemikalien reagieren, allergische Reaktionen entwickeln. Dar\u00fcber hinaus erh\u00f6ht dieses Metall die M\u00f6glichkeit, irreversible DNA-Sch\u00e4den zu entwickeln und somit das Wachstum von Krebszellen im Menschen zu verursachen.<\/p>\n<h2> <strong>Wie man Berylliose heilt<\/strong><\/h2>\n<p> Obwohl es keine Heilung f\u00fcr Berylliose gibt, kann sie mit inhalativen Kortikosteroiden zusammen mit einem Bronchodilatator behandelt werden. Personen mit fortgeschrittener Erkrankung und Atembeschwerden ben\u00f6tigen m\u00f6glicherweise Sauerstoff. Tats\u00e4chlich kann in den schwersten F\u00e4llen sogar eine Lungentransplantation als dauerhafte L\u00f6sung notwendig sein.<\/p>\n<p> Kurz gesagt, Beryllium ist ein graues chemisches Element und das leichteste im Periodensystem. Die Anwendungen in der Welt der Elektronik und Industrie reichen unter anderem von Computern \u00fcber \u00d6lquellen und R\u00f6ntgenplatten bis hin zu Luftfahrtunternehmen. Es ist jedoch ein f\u00fcr den Menschen giftiges Metall und kann Berylliose verursachen.<\/p>\n","protected":false},"excerpt":{"rendered":"<p>Beryllium ist ein nat\u00fcrliches Element, das in Kohle, \u00d6l, Gestein, Vulkanstaub und B\u00f6den vorkommt. Es ist nach Lithium das leichteste Metall im Periodensystem. Derzeit wird der Gro\u00dfteil dieses Minerals in verschiedenen Legierungen zur Herstellung elektronischer und elektrischer Komponenten verwendet. Entdecken Sie noch heute mehr \u00fcber seine Eigenschaften, Eigenschaften und Verwendungsm\u00f6glichkeiten. Was ist Beryllium? Es ist &#8230; <a title=\"Beryllium\" class=\"read-more\" href=\"https:\/\/chemuza.org\/de\/beryllium\/\" aria-label=\"Mehr zu Beryllium\">Mehr lesen<\/a><\/p>\n","protected":false},"author":1,"featured_media":0,"parent":0,"menu_order":0,"comment_status":"closed","ping_status":"closed","template":"","meta":{"footnotes":""},"class_list":["post-1473","page","type-page","status-publish"],"yoast_head":"<!-- This site is optimized with the Yoast SEO plugin v21.4 - https:\/\/yoast.com\/wordpress\/plugins\/seo\/ -->\n<title>Beryllium - Chemuza<\/title>\n<meta name=\"robots\" content=\"index, follow, max-snippet:-1, max-image-preview:large, max-video-preview:-1\" \/>\n<link rel=\"canonical\" href=\"https:\/\/chemuza.org\/de\/beryllium\/\" \/>\n<meta property=\"og:locale\" content=\"de_DE\" \/>\n<meta property=\"og:type\" content=\"article\" \/>\n<meta property=\"og:title\" content=\"Beryllium - Chemuza\" \/>\n<meta property=\"og:description\" content=\"Beryllium ist ein nat\u00fcrliches Element, das in Kohle, \u00d6l, Gestein, Vulkanstaub und B\u00f6den vorkommt. Es ist nach Lithium das leichteste Metall im Periodensystem. Derzeit wird der Gro\u00dfteil dieses Minerals in verschiedenen Legierungen zur Herstellung elektronischer und elektrischer Komponenten verwendet. Entdecken Sie noch heute mehr \u00fcber seine Eigenschaften, Eigenschaften und Verwendungsm\u00f6glichkeiten. Was ist Beryllium? Es ist ... Mehr lesen\" \/>\n<meta property=\"og:url\" content=\"https:\/\/chemuza.org\/de\/beryllium\/\" \/>\n<meta property=\"og:site_name\" content=\"Chemuza\" \/>\n<meta name=\"twitter:card\" content=\"summary_large_image\" \/>\n<meta name=\"twitter:label1\" content=\"Gesch\u00e4tzte Lesezeit\" \/>\n\t<meta name=\"twitter:data1\" content=\"3\u00a0Minuten\" \/>\n<script type=\"application\/ld+json\" class=\"yoast-schema-graph\">{\"@context\":\"https:\/\/schema.org\",\"@graph\":[{\"@type\":\"WebPage\",\"@id\":\"https:\/\/chemuza.org\/de\/beryllium\/\",\"url\":\"https:\/\/chemuza.org\/de\/beryllium\/\",\"name\":\"Beryllium - Chemuza\",\"isPartOf\":{\"@id\":\"https:\/\/chemuza.org\/de\/#website\"},\"datePublished\":\"2023-10-25T13:51:16+00:00\",\"dateModified\":\"2023-10-25T13:51:16+00:00\",\"breadcrumb\":{\"@id\":\"https:\/\/chemuza.org\/de\/beryllium\/#breadcrumb\"},\"inLanguage\":\"de\",\"potentialAction\":[{\"@type\":\"ReadAction\",\"target\":[\"https:\/\/chemuza.org\/de\/beryllium\/\"]}]},{\"@type\":\"BreadcrumbList\",\"@id\":\"https:\/\/chemuza.org\/de\/beryllium\/#breadcrumb\",\"itemListElement\":[{\"@type\":\"ListItem\",\"position\":1,\"name\":\"Heim\",\"item\":\"https:\/\/chemuza.org\/de\/\"},{\"@type\":\"ListItem\",\"position\":2,\"name\":\"Beryllium\"}]},{\"@type\":\"WebSite\",\"@id\":\"https:\/\/chemuza.org\/de\/#website\",\"url\":\"https:\/\/chemuza.org\/de\/\",\"name\":\"Chemuza\",\"description\":\"Ihr Tor zur chemischen Entdeckung\",\"publisher\":{\"@id\":\"https:\/\/chemuza.org\/de\/#organization\"},\"potentialAction\":[{\"@type\":\"SearchAction\",\"target\":{\"@type\":\"EntryPoint\",\"urlTemplate\":\"https:\/\/chemuza.org\/de\/?s={search_term_string}\"},\"query-input\":\"required name=search_term_string\"}],\"inLanguage\":\"de\"},{\"@type\":\"Organization\",\"@id\":\"https:\/\/chemuza.org\/de\/#organization\",\"name\":\"Chemuza\",\"url\":\"https:\/\/chemuza.org\/de\/\",\"logo\":{\"@type\":\"ImageObject\",\"inLanguage\":\"de\",\"@id\":\"https:\/\/chemuza.org\/de\/#\/schema\/logo\/image\/\",\"url\":\"https:\/\/chemuza.org\/de\/wp-content\/uploads\/2023\/10\/chemuza-logo.png\",\"contentUrl\":\"https:\/\/chemuza.org\/de\/wp-content\/uploads\/2023\/10\/chemuza-logo.png\",\"width\":387,\"height\":70,\"caption\":\"Chemuza\"},\"image\":{\"@id\":\"https:\/\/chemuza.org\/de\/#\/schema\/logo\/image\/\"}}]}<\/script>\n<!-- \/ Yoast SEO plugin. -->","yoast_head_json":{"title":"Beryllium - Chemuza","robots":{"index":"index","follow":"follow","max-snippet":"max-snippet:-1","max-image-preview":"max-image-preview:large","max-video-preview":"max-video-preview:-1"},"canonical":"https:\/\/chemuza.org\/de\/beryllium\/","og_locale":"de_DE","og_type":"article","og_title":"Beryllium - Chemuza","og_description":"Beryllium ist ein nat\u00fcrliches Element, das in Kohle, \u00d6l, Gestein, Vulkanstaub und B\u00f6den vorkommt. Es ist nach Lithium das leichteste Metall im Periodensystem. Derzeit wird der Gro\u00dfteil dieses Minerals in verschiedenen Legierungen zur Herstellung elektronischer und elektrischer Komponenten verwendet. Entdecken Sie noch heute mehr \u00fcber seine Eigenschaften, Eigenschaften und Verwendungsm\u00f6glichkeiten. Was ist Beryllium? Es ist ... Mehr lesen","og_url":"https:\/\/chemuza.org\/de\/beryllium\/","og_site_name":"Chemuza","twitter_card":"summary_large_image","twitter_misc":{"Gesch\u00e4tzte Lesezeit":"3\u00a0Minuten"},"schema":{"@context":"https:\/\/schema.org","@graph":[{"@type":"WebPage","@id":"https:\/\/chemuza.org\/de\/beryllium\/","url":"https:\/\/chemuza.org\/de\/beryllium\/","name":"Beryllium - Chemuza","isPartOf":{"@id":"https:\/\/chemuza.org\/de\/#website"},"datePublished":"2023-10-25T13:51:16+00:00","dateModified":"2023-10-25T13:51:16+00:00","breadcrumb":{"@id":"https:\/\/chemuza.org\/de\/beryllium\/#breadcrumb"},"inLanguage":"de","potentialAction":[{"@type":"ReadAction","target":["https:\/\/chemuza.org\/de\/beryllium\/"]}]},{"@type":"BreadcrumbList","@id":"https:\/\/chemuza.org\/de\/beryllium\/#breadcrumb","itemListElement":[{"@type":"ListItem","position":1,"name":"Heim","item":"https:\/\/chemuza.org\/de\/"},{"@type":"ListItem","position":2,"name":"Beryllium"}]},{"@type":"WebSite","@id":"https:\/\/chemuza.org\/de\/#website","url":"https:\/\/chemuza.org\/de\/","name":"Chemuza","description":"Ihr Tor zur chemischen Entdeckung","publisher":{"@id":"https:\/\/chemuza.org\/de\/#organization"},"potentialAction":[{"@type":"SearchAction","target":{"@type":"EntryPoint","urlTemplate":"https:\/\/chemuza.org\/de\/?s={search_term_string}"},"query-input":"required name=search_term_string"}],"inLanguage":"de"},{"@type":"Organization","@id":"https:\/\/chemuza.org\/de\/#organization","name":"Chemuza","url":"https:\/\/chemuza.org\/de\/","logo":{"@type":"ImageObject","inLanguage":"de","@id":"https:\/\/chemuza.org\/de\/#\/schema\/logo\/image\/","url":"https:\/\/chemuza.org\/de\/wp-content\/uploads\/2023\/10\/chemuza-logo.png","contentUrl":"https:\/\/chemuza.org\/de\/wp-content\/uploads\/2023\/10\/chemuza-logo.png","width":387,"height":70,"caption":"Chemuza"},"image":{"@id":"https:\/\/chemuza.org\/de\/#\/schema\/logo\/image\/"}}]}},"yoast_meta":{"yoast_wpseo_title":"","yoast_wpseo_metadesc":"","yoast_wpseo_canonical":""},"_links":{"self":[{"href":"https:\/\/chemuza.org\/de\/wp-json\/wp\/v2\/pages\/1473","targetHints":{"allow":["GET"]}}],"collection":[{"href":"https:\/\/chemuza.org\/de\/wp-json\/wp\/v2\/pages"}],"about":[{"href":"https:\/\/chemuza.org\/de\/wp-json\/wp\/v2\/types\/page"}],"author":[{"embeddable":true,"href":"https:\/\/chemuza.org\/de\/wp-json\/wp\/v2\/users\/1"}],"replies":[{"embeddable":true,"href":"https:\/\/chemuza.org\/de\/wp-json\/wp\/v2\/comments?post=1473"}],"version-history":[{"count":1,"href":"https:\/\/chemuza.org\/de\/wp-json\/wp\/v2\/pages\/1473\/revisions"}],"predecessor-version":[{"id":1609,"href":"https:\/\/chemuza.org\/de\/wp-json\/wp\/v2\/pages\/1473\/revisions\/1609"}],"wp:attachment":[{"href":"https:\/\/chemuza.org\/de\/wp-json\/wp\/v2\/media?parent=1473"}],"curies":[{"name":"wp","href":"https:\/\/api.w.org\/{rel}","templated":true}]}}