{"id":1471,"date":"2023-10-25T13:51:17","date_gmt":"2023-10-25T13:51:17","guid":{"rendered":"https:\/\/chemuza.org\/de\/kohlenstoff\/"},"modified":"2023-10-25T13:51:17","modified_gmt":"2023-10-25T13:51:17","slug":"kohlenstoff","status":"publish","type":"page","link":"https:\/\/chemuza.org\/de\/kohlenstoff\/","title":{"rendered":"Kohlenstoff"},"content":{"rendered":"<p>Kohlenstoff ist eines der wichtigsten Elemente im Periodensystem, da es vom Menschen h\u00e4ufig verwendet wird. Tats\u00e4chlich atmen Sie jedes Mal, wenn Sie einatmen, Kohlendioxid aus. Au\u00dferdem kommt es in allen Gasen vor, die von Automotoren ausgesto\u00dfen werden. Erfahren Sie mehr \u00fcber diese Chemikalie, ihre Eigenschaften, Eigenschaften und Anwendungen.<\/p>\n<h2> <strong>Was ist Kohlenstoff?<\/strong><\/h2>\n<p> Es ist ein einzigartiges chemisches Element, das normalerweise in fester Form vorkommt. Abh\u00e4ngig von seinen Entstehungsbedingungen kann es in der Natur in kristalliner Form, in Form von Graphit oder Diamant, vorkommen. Da es sich um ein hartes Material handelt, ist es f\u00fcr andere Metalle wie Stahl oder Aluminium unm\u00f6glich, es aufzunehmen.<\/p>\n<h3> <strong>Kohlenstoffsymbol<\/strong><\/h3>\n<p> <span class=\"content-chemical-element\" style=\"float: left; width: 65px; height: 65px; border: 3px solid #666; display: flex; justify-content: center; align-items: center; margin-right: 15px;\"><span style=\"font-size: 38px;\">C<\/span><\/span> Das Symbol Kohlenstoff ist der Buchstabe C und hat die Ordnungszahl 6. Das bedeutet, dass im Atomkern dieses Elements 6 Protonen und in der Elektronenh\u00fclle 6 Protonen vorhanden sind. Dar\u00fcber hinaus ist es der Hauptbestandteil aller Kohlenwasserstoffe wie \u00d6le und Benzine.<\/p>\n<h2> <strong>Kohlenstoffeigenschaften<\/strong><\/h2>\n<p> Kohlenstoff im Periodensystem Es geh\u00f6rt zu den Carbonoiden, ist ein elektrischer Leiter und ein metallisches Element. Dar\u00fcber hinaus ist es bei Raumtemperatur fest, kann sich jedoch bei Temperaturen \u00fcber 3600 \u00b0C umwandeln und gasf\u00f6rmig werden. Abgesehen davon lassen sich seine Hauptmerkmale wie folgt zusammenfassen:<\/p>\n<ul>\n<li> <strong>Graphit:<\/strong> Es ist schwarz, weich und undurchsichtig und hat die Eigenschaft, Flecken zu hinterlassen, weshalb es als F\u00fcllstoff in Bleistiften zum Zeichnen und Schreiben verwendet wird.<\/li>\n<li> <strong>Nanor\u00f6hren:<\/strong> Dabei handelt es sich um zu Zylindern gerollte Graphitschichten, die an den Enden mit Halbkugeln aus Kohlenstoff gekr\u00f6nt sind.<\/li>\n<li> <strong>Diamant:<\/strong> Sie haben das gleiche Kohlenstoffatom, aber eine andere Struktur, da Diamant ein harter und transparenter Stein ist.<\/li>\n<li> <strong>Gewehre:<\/strong> Es ist ein elektrisch neutrales und einwertiges Atom.<\/li>\n<li> <strong>Fullerene:<\/strong> Dies sind 60 Kohlenstoffatome, die f\u00fcnfeckig oder siebeneckig aufgebaut sind, was ihnen ein kugelf\u00f6rmiges Aussehen verleiht.<\/li>\n<\/ul>\n<h2> <strong>Chemische und physikalische Eigenschaften von Kohlenstoff<\/strong><\/h2>\n<ol>\n<li> <strong>Ordnungszahl:<\/strong> 6<\/li>\n<li> <strong>Oxidationsstufe:<\/strong> +4<\/li>\n<li> <strong>Valencia:<\/strong> 2, +4,-4<\/li>\n<li> <strong>Elektronegativit\u00e4t:<\/strong> 2,5<\/li>\n<li> <strong>Atomradius (A):<\/strong> 0,914<\/li>\n<li> <strong>Kovalenter Radius (A):<\/strong> 0,77<\/li>\n<li> <strong>Ionenradius (A):<\/strong> 0,15<\/li>\n<li> <strong>Atommasse:<\/strong> 12,01115<\/li>\n<li> <strong>Farbe<\/strong> : Transparent und Schwarz<\/li>\n<li> <strong>Zustand:<\/strong> Solide.<\/li>\n<li> <strong>Siedepunkt:<\/strong> 3825\u00b0C<\/li>\n<li> <strong>Schmelzpunkt:<\/strong> 3550\u00b0C<\/li>\n<li> <strong>Atomgewicht<\/strong> : 12.011<\/li>\n<li> <strong>Neutronen im Isotop:<\/strong> 6<\/li>\n<li> <strong>Protonen:<\/strong> 6<\/li>\n<li> <strong>Elektronen:<\/strong> 6<\/li>\n<li> <strong>Elektronische Konfiguration:<\/strong> 1s <sup>2<\/sup> 2s <sup>2<\/sup> 2p <sup>2<\/sup><\/li>\n<li> <strong>Erstes Ionisationspotential (ev):<\/strong> 11,34<\/li>\n<li> <strong>Dichte bei 20 \u00b0C:<\/strong> 2,267 g\/cm\u00b3 (gr), 3,513 g\/cm <sup>3<\/sup> (id)<\/li>\n<\/ol>\n<h2> <strong>Herkunft des Kohlenstoffs<\/strong><\/h2>\n<p> Kohle wurde in der Vorgeschichte entdeckt und diente in der Antike zur Herstellung durch unvollst\u00e4ndige Verbrennung anorganischer Materialien. Fullerene wiederum wurden in den 1980er Jahren bei bestimmten Experimenten mit molekularen Gasen als Nebenprodukte entdeckt.<\/p>\n<h2> <strong>Wof\u00fcr wird Kohlenstoff verwendet?<\/strong><\/h2>\n<p> Es ist eine grundlegende Chemikalie in Lebewesen, da es von Enzymen im Organsystem manipuliert und verwendet wird. Man geht davon aus, dass organisches Leben auf der Erde auf Kohlenstoff angewiesen ist, sowohl f\u00fcr die Bildung von Komponenten wie Kohlenhydraten und Proteinen als auch f\u00fcr die physiologische Funktion des Organismus.<\/p>\n<p> Aus Cellulose, einem Kohlenstoffpolymer, stellen wir Fasern wie Hanf, Baumwolle und Leinen her. Dar\u00fcber hinaus gibt es synthetische Polymere, die zur Herstellung von Kunststoffgegenst\u00e4nden verwendet werden. Andererseits wird Graphit zur Herstellung von Schmiermitteln und Pigmenten verwendet, die mit Ton kombiniert werden, um andere Gegenst\u00e4nde herzustellen.<\/p>\n<p> Holzkohle wird auch zum Kochen von Fleisch verwendet, das allgemein als Barbecue bezeichnet wird. Aktivkohle wird auch in Wasserreinigungsfiltern, K\u00fcchenabzugshauben und Gasmasken verwendet. Schlie\u00dflich wird Diamant, eine Form von Kohlenstoff, in Schmuck verwendet. Es ist im industriellen Bereich n\u00fctzlich und wird zum Bohren, Polieren und Schneiden von Steinen und Metallen verwendet.<\/p>\n<h2> <strong>Wo kommt Kohlenstoff vor?<\/strong><\/h2>\n<p> Es ist in der Natur weit verbreitet und macht vermutlich 0,032 % der Erdkruste aus. In seiner freien Form kommt es in gro\u00dfen Lagerst\u00e4tten wie Kohle vor, einer amorphen Form des Elements mit Stickstoff und Wasserstoff. Reiner kristalliner Kohlenstoff findet sich hingegen in Diamanten und Graphiten.<\/p>\n<h2> <strong>Was ist der Kohlenstoffkreislauf?<\/strong><\/h2>\n<p> Dies setzt den nat\u00fcrlichen Weg voraus, auf dem dieses Element durch geologische, physikalische, biologische und chemische Prozesse in den Ozeanen, der Atmosph\u00e4re und der Erdoberfl\u00e4che zirkuliert. Dieser Kreislauf ist grundlegend f\u00fcr die Ern\u00e4hrung, Erneuerung und das \u00dcberleben von Lebewesen und Materialien.<\/p>\n<p> Kohlendioxid in der Atmosph\u00e4re wird von Pflanzen mithilfe von Sonnenlicht in einem Vorgang namens Photosynthese absorbiert. Hunderte Jahre nach dem Absterben der Vegetation wird Kohle in \u00d6l, Fl\u00fcssiggas und Erdgas umgewandelt, die dann f\u00fcr die industrielle Nutzung durch die Menschheit verarbeitet werden. Wenn die Brennstoffe schlie\u00dflich genutzt werden, wird der Kohlenstoff wieder umgewandelt und der Kreislauf geht weiter.<\/p>\n<p> Zusammenfassend l\u00e4sst sich sagen, dass Kohlenstoff eines der Elemente im Periodensystem ist und f\u00fcr Lebewesen n\u00fctzlich ist. Einige seiner Anwendungen liegen unter anderem in den Bereichen Schmuck, Herstellung von W\u00e4sche, Kunststoffbeh\u00e4ltern, Baumwolle, Schmiermitteln und Bleistiften.<\/p>\n<h2> Weitere Informationen zum Thema Kohlenstoff<\/h2>\n","protected":false},"excerpt":{"rendered":"<p>Kohlenstoff ist eines der wichtigsten Elemente im Periodensystem, da es vom Menschen h\u00e4ufig verwendet wird. Tats\u00e4chlich atmen Sie jedes Mal, wenn Sie einatmen, Kohlendioxid aus. Au\u00dferdem kommt es in allen Gasen vor, die von Automotoren ausgesto\u00dfen werden. Erfahren Sie mehr \u00fcber diese Chemikalie, ihre Eigenschaften, Eigenschaften und Anwendungen. Was ist Kohlenstoff? Es ist ein einzigartiges &#8230; <a title=\"Kohlenstoff\" class=\"read-more\" href=\"https:\/\/chemuza.org\/de\/kohlenstoff\/\" aria-label=\"Mehr zu Kohlenstoff\">Mehr lesen<\/a><\/p>\n","protected":false},"author":1,"featured_media":0,"parent":0,"menu_order":0,"comment_status":"closed","ping_status":"closed","template":"","meta":{"footnotes":""},"class_list":["post-1471","page","type-page","status-publish"],"yoast_head":"<!-- This site is optimized with the Yoast SEO plugin v21.4 - https:\/\/yoast.com\/wordpress\/plugins\/seo\/ -->\n<title>Kohlenstoff - Chemuza<\/title>\n<meta name=\"robots\" content=\"index, follow, max-snippet:-1, max-image-preview:large, max-video-preview:-1\" \/>\n<link rel=\"canonical\" href=\"https:\/\/chemuza.org\/de\/kohlenstoff\/\" \/>\n<meta property=\"og:locale\" content=\"de_DE\" \/>\n<meta property=\"og:type\" content=\"article\" \/>\n<meta property=\"og:title\" content=\"Kohlenstoff - Chemuza\" \/>\n<meta property=\"og:description\" content=\"Kohlenstoff ist eines der wichtigsten Elemente im Periodensystem, da es vom Menschen h\u00e4ufig verwendet wird. Tats\u00e4chlich atmen Sie jedes Mal, wenn Sie einatmen, Kohlendioxid aus. Au\u00dferdem kommt es in allen Gasen vor, die von Automotoren ausgesto\u00dfen werden. Erfahren Sie mehr \u00fcber diese Chemikalie, ihre Eigenschaften, Eigenschaften und Anwendungen. Was ist Kohlenstoff? Es ist ein einzigartiges ... Mehr lesen\" \/>\n<meta property=\"og:url\" content=\"https:\/\/chemuza.org\/de\/kohlenstoff\/\" \/>\n<meta property=\"og:site_name\" content=\"Chemuza\" \/>\n<meta name=\"twitter:card\" content=\"summary_large_image\" \/>\n<meta name=\"twitter:label1\" content=\"Gesch\u00e4tzte Lesezeit\" \/>\n\t<meta name=\"twitter:data1\" content=\"4\u00a0Minuten\" \/>\n<script type=\"application\/ld+json\" class=\"yoast-schema-graph\">{\"@context\":\"https:\/\/schema.org\",\"@graph\":[{\"@type\":\"WebPage\",\"@id\":\"https:\/\/chemuza.org\/de\/kohlenstoff\/\",\"url\":\"https:\/\/chemuza.org\/de\/kohlenstoff\/\",\"name\":\"Kohlenstoff - Chemuza\",\"isPartOf\":{\"@id\":\"https:\/\/chemuza.org\/de\/#website\"},\"datePublished\":\"2023-10-25T13:51:17+00:00\",\"dateModified\":\"2023-10-25T13:51:17+00:00\",\"breadcrumb\":{\"@id\":\"https:\/\/chemuza.org\/de\/kohlenstoff\/#breadcrumb\"},\"inLanguage\":\"de\",\"potentialAction\":[{\"@type\":\"ReadAction\",\"target\":[\"https:\/\/chemuza.org\/de\/kohlenstoff\/\"]}]},{\"@type\":\"BreadcrumbList\",\"@id\":\"https:\/\/chemuza.org\/de\/kohlenstoff\/#breadcrumb\",\"itemListElement\":[{\"@type\":\"ListItem\",\"position\":1,\"name\":\"Heim\",\"item\":\"https:\/\/chemuza.org\/de\/\"},{\"@type\":\"ListItem\",\"position\":2,\"name\":\"Kohlenstoff\"}]},{\"@type\":\"WebSite\",\"@id\":\"https:\/\/chemuza.org\/de\/#website\",\"url\":\"https:\/\/chemuza.org\/de\/\",\"name\":\"Chemuza\",\"description\":\"Ihr Tor zur chemischen Entdeckung\",\"publisher\":{\"@id\":\"https:\/\/chemuza.org\/de\/#organization\"},\"potentialAction\":[{\"@type\":\"SearchAction\",\"target\":{\"@type\":\"EntryPoint\",\"urlTemplate\":\"https:\/\/chemuza.org\/de\/?s={search_term_string}\"},\"query-input\":\"required name=search_term_string\"}],\"inLanguage\":\"de\"},{\"@type\":\"Organization\",\"@id\":\"https:\/\/chemuza.org\/de\/#organization\",\"name\":\"Chemuza\",\"url\":\"https:\/\/chemuza.org\/de\/\",\"logo\":{\"@type\":\"ImageObject\",\"inLanguage\":\"de\",\"@id\":\"https:\/\/chemuza.org\/de\/#\/schema\/logo\/image\/\",\"url\":\"https:\/\/chemuza.org\/de\/wp-content\/uploads\/2023\/10\/chemuza-logo.png\",\"contentUrl\":\"https:\/\/chemuza.org\/de\/wp-content\/uploads\/2023\/10\/chemuza-logo.png\",\"width\":387,\"height\":70,\"caption\":\"Chemuza\"},\"image\":{\"@id\":\"https:\/\/chemuza.org\/de\/#\/schema\/logo\/image\/\"}}]}<\/script>\n<!-- \/ Yoast SEO plugin. -->","yoast_head_json":{"title":"Kohlenstoff - Chemuza","robots":{"index":"index","follow":"follow","max-snippet":"max-snippet:-1","max-image-preview":"max-image-preview:large","max-video-preview":"max-video-preview:-1"},"canonical":"https:\/\/chemuza.org\/de\/kohlenstoff\/","og_locale":"de_DE","og_type":"article","og_title":"Kohlenstoff - Chemuza","og_description":"Kohlenstoff ist eines der wichtigsten Elemente im Periodensystem, da es vom Menschen h\u00e4ufig verwendet wird. Tats\u00e4chlich atmen Sie jedes Mal, wenn Sie einatmen, Kohlendioxid aus. Au\u00dferdem kommt es in allen Gasen vor, die von Automotoren ausgesto\u00dfen werden. Erfahren Sie mehr \u00fcber diese Chemikalie, ihre Eigenschaften, Eigenschaften und Anwendungen. Was ist Kohlenstoff? Es ist ein einzigartiges ... Mehr lesen","og_url":"https:\/\/chemuza.org\/de\/kohlenstoff\/","og_site_name":"Chemuza","twitter_card":"summary_large_image","twitter_misc":{"Gesch\u00e4tzte Lesezeit":"4\u00a0Minuten"},"schema":{"@context":"https:\/\/schema.org","@graph":[{"@type":"WebPage","@id":"https:\/\/chemuza.org\/de\/kohlenstoff\/","url":"https:\/\/chemuza.org\/de\/kohlenstoff\/","name":"Kohlenstoff - Chemuza","isPartOf":{"@id":"https:\/\/chemuza.org\/de\/#website"},"datePublished":"2023-10-25T13:51:17+00:00","dateModified":"2023-10-25T13:51:17+00:00","breadcrumb":{"@id":"https:\/\/chemuza.org\/de\/kohlenstoff\/#breadcrumb"},"inLanguage":"de","potentialAction":[{"@type":"ReadAction","target":["https:\/\/chemuza.org\/de\/kohlenstoff\/"]}]},{"@type":"BreadcrumbList","@id":"https:\/\/chemuza.org\/de\/kohlenstoff\/#breadcrumb","itemListElement":[{"@type":"ListItem","position":1,"name":"Heim","item":"https:\/\/chemuza.org\/de\/"},{"@type":"ListItem","position":2,"name":"Kohlenstoff"}]},{"@type":"WebSite","@id":"https:\/\/chemuza.org\/de\/#website","url":"https:\/\/chemuza.org\/de\/","name":"Chemuza","description":"Ihr Tor zur chemischen Entdeckung","publisher":{"@id":"https:\/\/chemuza.org\/de\/#organization"},"potentialAction":[{"@type":"SearchAction","target":{"@type":"EntryPoint","urlTemplate":"https:\/\/chemuza.org\/de\/?s={search_term_string}"},"query-input":"required name=search_term_string"}],"inLanguage":"de"},{"@type":"Organization","@id":"https:\/\/chemuza.org\/de\/#organization","name":"Chemuza","url":"https:\/\/chemuza.org\/de\/","logo":{"@type":"ImageObject","inLanguage":"de","@id":"https:\/\/chemuza.org\/de\/#\/schema\/logo\/image\/","url":"https:\/\/chemuza.org\/de\/wp-content\/uploads\/2023\/10\/chemuza-logo.png","contentUrl":"https:\/\/chemuza.org\/de\/wp-content\/uploads\/2023\/10\/chemuza-logo.png","width":387,"height":70,"caption":"Chemuza"},"image":{"@id":"https:\/\/chemuza.org\/de\/#\/schema\/logo\/image\/"}}]}},"yoast_meta":{"yoast_wpseo_title":"","yoast_wpseo_metadesc":"","yoast_wpseo_canonical":""},"_links":{"self":[{"href":"https:\/\/chemuza.org\/de\/wp-json\/wp\/v2\/pages\/1471","targetHints":{"allow":["GET"]}}],"collection":[{"href":"https:\/\/chemuza.org\/de\/wp-json\/wp\/v2\/pages"}],"about":[{"href":"https:\/\/chemuza.org\/de\/wp-json\/wp\/v2\/types\/page"}],"author":[{"embeddable":true,"href":"https:\/\/chemuza.org\/de\/wp-json\/wp\/v2\/users\/1"}],"replies":[{"embeddable":true,"href":"https:\/\/chemuza.org\/de\/wp-json\/wp\/v2\/comments?post=1471"}],"version-history":[{"count":1,"href":"https:\/\/chemuza.org\/de\/wp-json\/wp\/v2\/pages\/1471\/revisions"}],"predecessor-version":[{"id":1645,"href":"https:\/\/chemuza.org\/de\/wp-json\/wp\/v2\/pages\/1471\/revisions\/1645"}],"wp:attachment":[{"href":"https:\/\/chemuza.org\/de\/wp-json\/wp\/v2\/media?parent=1471"}],"curies":[{"name":"wp","href":"https:\/\/api.w.org\/{rel}","templated":true}]}}