{"id":1470,"date":"2023-07-15T18:27:36","date_gmt":"2023-07-15T18:27:36","guid":{"rendered":"https:\/\/chemuza.org\/de\/natrium\/"},"modified":"2023-07-15T18:27:36","modified_gmt":"2023-07-15T18:27:36","slug":"natrium","status":"publish","type":"page","link":"https:\/\/chemuza.org\/de\/natrium\/","title":{"rendered":"Natrium"},"content":{"rendered":"<p>Eine Studie der Europ\u00e4ischen S\u00fcdsternwarte ergab, dass ein Stern explodieren kann, wenn die Natriummenge in seinem Kern sehr gering ist. Es ist daher nicht verwunderlich, dass dieses Element als das sechsth\u00e4ufigste Element in der Planetenmasse gilt. Dar\u00fcber hinaus liegen bis zu 80 % im Ozean in ionischer Form vor. Erfahren Sie mehr \u00fcber seine Funktionen, Eigenschaften und modernen Anwendungen.<\/p>\n<h2> <strong>Was ist Natrium?<\/strong><\/h2>\n<p> Im Grunde handelt es sich um ein weiches, geschmeidiges, butterartiges Alkalimetall mit silbernem Farbton, das in der Natur reichlich vorhanden ist. Das h\u00e4ufigste Beispiel f\u00fcr Natrium ist das Speisesalz in Ihrem Haushalt. Es weist eine hohe Reaktivit\u00e4t auf, da es in Gegenwart von Wasser, Sauerstoff, Chlor, Kohlenstoff und Stickstoff spontan mit einer gelblichen Flamme reagiert.<\/p>\n<h3> <strong>Natriumsymbol<\/strong><\/h3>\n<p> <span class=\"content-chemical-element\" style=\"float: left;width: 65px;height: 65px;border: 3px solid #666; display:flex;\n    justify-content: center;align-items: center;margin-right: 15px;\"><span style=\"font-size: 38px;\">Na<\/span><\/span> Das Symbol f\u00fcr Natrium ist Na, das vom Wort Natron stammt, das aus dem Lateinischen <em>Natrium<\/em> und <em>Nitron<\/em> aus dem Griechischen stammt, dem etymologischen Namen f\u00fcr Natriumcarbonat. Tats\u00e4chlich wurde im mittelalterlichen Europa eine Verbindung namens <em>Sodanum<\/em> als Heilmittel gegen Migr\u00e4ne verwendet.<\/p>\n<h2> <strong>Eigenschaften von Natrium<\/strong><\/h2>\n<p> Kommerziell ist es das wichtigste Alkalimetall, obwohl es in der Natur nicht frei vorkommt. Andererseits weist es ein H\u00e4rtedefizit auf, da es nach der Mohs-Skala einen Wert von 1,2 aufweist. Weitere Funktionen sind:<\/p>\n<ul>\n<li> <strong>Farbe<\/strong> : Es hat ein gl\u00e4nzendes silbrigwei\u00dfes Aussehen, das bei Kontakt mit der Luft gr\u00e4ulich wird.<\/li>\n<li> <strong>Zustand<\/strong> : Unter nat\u00fcrlichen Bedingungen ist es solide.<\/li>\n<li> <strong>Metalltyp:<\/strong> Paramagnetisch.<\/li>\n<li> <strong>Leitf\u00e4higkeit<\/strong> : Hervorragende thermische und elektrische Leitf\u00e4higkeit.<\/li>\n<li> <strong>Allotrop<\/strong> : Es hat diese Eigenschaft nicht.<\/li>\n<li> <strong>Wechselwirkung<\/strong> : Bildet heftige Explosionen mit w\u00e4ssrigen L\u00f6sungen wie Wasser, Schnee, Eis und anderen.<\/li>\n<li> <strong>Zus\u00e4tzliche Mineralien:<\/strong> Sie sind von einer Schicht aus Chlorid, Oxid oder Carbonat umgeben.<\/li>\n<li> <strong>Formbarkeit:<\/strong> Gut.<\/li>\n<li> <strong>Volumen:<\/strong> Das Na+-Kation h\u00e4lt das Volumen und die Osmolarit\u00e4t der extrazellul\u00e4ren Fl\u00fcssigkeit aufrecht.<\/li>\n<\/ul>\n<h2> <strong>Chemische und physikalische Eigenschaften von Natrium<\/strong><\/h2>\n<ol>\n<li> <strong>Ordnungszahl<\/strong> : 11<\/li>\n<li> <strong>Gruppe<\/strong> : 1<\/li>\n<li> <strong>Zeitraum<\/strong> : 3<\/li>\n<li> <strong>Block<\/strong> : s<\/li>\n<li> <strong>Atomgewicht<\/strong> : 22,98976928(2)<\/li>\n<li> <strong>Dichte<\/strong> : 968 kg\/m\u00b3<\/li>\n<li> <strong>Zustand<\/strong> : Solide<\/li>\n<li> <strong>Oxid<\/strong> : Na2O<\/li>\n<li> <strong>Oxidationsstufen<\/strong> : +1<\/li>\n<li> <strong>Schmelzpunkt<\/strong> : 98\u00b0C<\/li>\n<li> <strong>Siedepunkt<\/strong> : 883\u00b0C<\/li>\n<li> <strong>Spezifische W\u00e4rme<\/strong> : 1230 J\/(K-kg)<\/li>\n<li> <strong>Elektronegativit\u00e4t<\/strong> : 0,93<\/li>\n<li> <strong>Durchschnittlicher Radius<\/strong> : 180 Stunden<\/li>\n<li> <strong>Kovalenter Radius<\/strong> : 154 Uhr<\/li>\n<li> <strong>Atomradius<\/strong> : 190 Uhr<\/li>\n<li> <strong>Elektronen pro Schicht<\/strong> : 2, 8, 1<\/li>\n<li> <strong>Elektronische Konfiguration<\/strong> : [Ne]3s1<\/li>\n<\/ol>\n<h2> <strong>Herkunft von Natrium<\/strong><\/h2>\n<p> Wenn Sie sich fragen, wer Natrium entdeckt hat: Es war der britische Chemiker Sir Humphrey Davy im Jahr 1807. Der Wissenschaftler isolierte einige Gramm des Elements mithilfe von Natronlauge durch Elektrolyse. So konnte er ihre chemischen Reaktionen beobachten. Sp\u00e4ter, im Jahr 1814, erfand oder gab J\u00f6ns Jakob den Ausdruck Na. Schlie\u00dflich wurde die auf <em>Natrium<\/em> bezogene Symbologie in das chemische Symbolsystem integriert.<\/p>\n<h2> <strong>Wof\u00fcr wird Natrium verwendet?<\/strong><\/h2>\n<p> Es kommt in Lebensmitteln und anderen chemischen Prozessen in Organismen vor. Natriumchlorid ern\u00e4hrt beispielsweise viele Lebewesen. Andererseits gibt es in der Industrie Produkte, die dieses Element enthalten, um Glas, \u00d6l, Papier und Metalle herzustellen.<\/p>\n<p> Weitere Verwendungszwecke sind au\u00dferdem die Herstellung von Textil-, Chemie-, Reinigungs- und Hygieneprodukten wie Deodorants, Waschmitteln, Seifen, Antiseptika und anderen. In geringerem Umfang wird es in Metalllegierungen, bei medizinischen Behandlungen und seltsamerweise in bestimmten K\u00e4sesorten verwendet.<\/p>\n<h2> <strong>10 Natriumverbindungen und ihre Verwendung<\/strong><\/h2>\n<p> Als chemisches Element besteht es aus weiteren Verbindungen, die sowohl in der Industrie als auch im Haushalt verwendet werden. Jeder erf\u00fcllt bestimmte Funktionen:<\/p>\n<ul>\n<li> <strong>Backpulver<\/strong> : Es wird h\u00e4ufig zu Hause zur Bek\u00e4mpfung von Sodbrennen oder als Anti-Fett-Mittel verwendet.<\/li>\n<li> <strong>Natriumcarbonat<\/strong> : Wird bei der Herstellung von Glas, Seifen und Farbstoffen verwendet.<\/li>\n<li> <strong>Natriumpolyacrylat<\/strong> : Wird zum Aufsaugen von Fl\u00fcssigkeiten verwendet, die in Hygieneprodukten wie Babywindeln, Feuchtt\u00fcchern, Damenbinden oder anderen enthalten sind.<\/li>\n<li> <strong>Natriumhydroxid<\/strong> : Oder Natronlauge, die in Reinigungsmitteln wie Abflussreinigern, Ofenentfettern und Seifen verwendet wird.<\/li>\n<li> <strong>Natriumcitrat<\/strong> : Es wird zur Regulierung der Magens\u00e4ure, zur Konservierung von Lebensmitteln und Getr\u00e4nken und als \u00d6lemulgator verwendet.<\/li>\n<li> <strong>Natriumnitrat<\/strong> : Wirkt als Lebensmittelkonservierungsmittel, D\u00fcngemittel, Zementzusatz und bei der Abwasserbehandlung.<\/li>\n<li> <strong>Natriumjodid<\/strong> : Es wird zur Behandlung von Asthma, Bronchitis und Schilddr\u00fcse, als Nahrungserg\u00e4nzungsmittel und in der Veterin\u00e4rmedizin eingesetzt.<\/li>\n<li> <strong>Borax<\/strong> : Wird in Weichsp\u00fclern, Waschmitteln, Desinfektionsmitteln, Seifen und Pestiziden sowie zur Herstellung von Glasuren, Schleim, Glas und Keramik verwendet.<\/li>\n<li> <strong>Natriumerythorbat<\/strong> : Wird auf alle Fleischsorten und zur Konservierung alkoholfreier Getr\u00e4nke angewendet.<\/li>\n<li> <strong>Natriumtriphosphat<\/strong> : Wird zur Herstellung von Desinfektionsprodukten wie Waschmittel oder Seife und zum Enth\u00e4rten von hartem Wasser verwendet.<\/li>\n<\/ul>\n<h2> <strong>Holen Sie sich Natrium<\/strong><\/h2>\n<p> Der wirtschaftlichste Weg, es zu extrahieren, ist die Natriumchlorid-Elektrolyse, auch bekannt als Downs-Verfahren, bei der es in geschmolzenem Zustand elektrolysiert wird. Ein weiteres Verfahren ist Castner-Kellner, obwohl dieses industrielle Verfahren teurer ist als das vorherige.<\/p>\n<p> Zusammenfassend l\u00e4sst sich sagen, dass Natrium ein Alkalimetall ist, das ein festes, weiches und silbriges Aussehen hat. Dar\u00fcber hinaus weist es eine hohe Reaktivit\u00e4t auf und kommt in ionischer Form und anderen Verbindungen in gro\u00dfen Mengen in den Ozeanen vor. Heute k\u00f6nnen daraus Reinigungs-, Hygiene-, Chemie- und Textilprodukte hergestellt werden.<\/p>\n<h2> Weitere Informationen zu Natrium<\/h2>\n","protected":false},"excerpt":{"rendered":"<p>Eine Studie der Europ\u00e4ischen S\u00fcdsternwarte ergab, dass ein Stern explodieren kann, wenn die Natriummenge in seinem Kern sehr gering ist. Es ist daher nicht verwunderlich, dass dieses Element als das sechsth\u00e4ufigste Element in der Planetenmasse gilt. Dar\u00fcber hinaus liegen bis zu 80 % im Ozean in ionischer Form vor. Erfahren Sie mehr \u00fcber seine Funktionen, &#8230; <a title=\"Natrium\" class=\"read-more\" href=\"https:\/\/chemuza.org\/de\/natrium\/\" aria-label=\"Mehr zu Natrium\">Mehr lesen<\/a><\/p>\n","protected":false},"author":1,"featured_media":0,"parent":0,"menu_order":0,"comment_status":"closed","ping_status":"closed","template":"","meta":{"footnotes":""},"class_list":["post-1470","page","type-page","status-publish"],"yoast_head":"<!-- This site is optimized with the Yoast SEO plugin v21.4 - https:\/\/yoast.com\/wordpress\/plugins\/seo\/ -->\n<title>Natrium - Chemuza<\/title>\n<meta name=\"robots\" content=\"index, follow, max-snippet:-1, max-image-preview:large, max-video-preview:-1\" \/>\n<link rel=\"canonical\" href=\"https:\/\/chemuza.org\/de\/natrium\/\" \/>\n<meta property=\"og:locale\" content=\"de_DE\" \/>\n<meta property=\"og:type\" content=\"article\" \/>\n<meta property=\"og:title\" content=\"Natrium - Chemuza\" \/>\n<meta property=\"og:description\" content=\"Eine Studie der Europ\u00e4ischen S\u00fcdsternwarte ergab, dass ein Stern explodieren kann, wenn die Natriummenge in seinem Kern sehr gering ist. Es ist daher nicht verwunderlich, dass dieses Element als das sechsth\u00e4ufigste Element in der Planetenmasse gilt. Dar\u00fcber hinaus liegen bis zu 80 % im Ozean in ionischer Form vor. Erfahren Sie mehr \u00fcber seine Funktionen, ... Mehr lesen\" \/>\n<meta property=\"og:url\" content=\"https:\/\/chemuza.org\/de\/natrium\/\" \/>\n<meta property=\"og:site_name\" content=\"Chemuza\" \/>\n<meta name=\"twitter:card\" content=\"summary_large_image\" \/>\n<meta name=\"twitter:label1\" content=\"Gesch\u00e4tzte Lesezeit\" \/>\n\t<meta name=\"twitter:data1\" content=\"4\u00a0Minuten\" \/>\n<script type=\"application\/ld+json\" class=\"yoast-schema-graph\">{\"@context\":\"https:\/\/schema.org\",\"@graph\":[{\"@type\":\"WebPage\",\"@id\":\"https:\/\/chemuza.org\/de\/natrium\/\",\"url\":\"https:\/\/chemuza.org\/de\/natrium\/\",\"name\":\"Natrium - Chemuza\",\"isPartOf\":{\"@id\":\"https:\/\/chemuza.org\/de\/#website\"},\"datePublished\":\"2023-07-15T18:27:36+00:00\",\"dateModified\":\"2023-07-15T18:27:36+00:00\",\"breadcrumb\":{\"@id\":\"https:\/\/chemuza.org\/de\/natrium\/#breadcrumb\"},\"inLanguage\":\"de\",\"potentialAction\":[{\"@type\":\"ReadAction\",\"target\":[\"https:\/\/chemuza.org\/de\/natrium\/\"]}]},{\"@type\":\"BreadcrumbList\",\"@id\":\"https:\/\/chemuza.org\/de\/natrium\/#breadcrumb\",\"itemListElement\":[{\"@type\":\"ListItem\",\"position\":1,\"name\":\"Heim\",\"item\":\"https:\/\/chemuza.org\/de\/\"},{\"@type\":\"ListItem\",\"position\":2,\"name\":\"Natrium\"}]},{\"@type\":\"WebSite\",\"@id\":\"https:\/\/chemuza.org\/de\/#website\",\"url\":\"https:\/\/chemuza.org\/de\/\",\"name\":\"Chemuza\",\"description\":\"Ihr Tor zur chemischen Entdeckung\",\"publisher\":{\"@id\":\"https:\/\/chemuza.org\/de\/#organization\"},\"potentialAction\":[{\"@type\":\"SearchAction\",\"target\":{\"@type\":\"EntryPoint\",\"urlTemplate\":\"https:\/\/chemuza.org\/de\/?s={search_term_string}\"},\"query-input\":\"required name=search_term_string\"}],\"inLanguage\":\"de\"},{\"@type\":\"Organization\",\"@id\":\"https:\/\/chemuza.org\/de\/#organization\",\"name\":\"Chemuza\",\"url\":\"https:\/\/chemuza.org\/de\/\",\"logo\":{\"@type\":\"ImageObject\",\"inLanguage\":\"de\",\"@id\":\"https:\/\/chemuza.org\/de\/#\/schema\/logo\/image\/\",\"url\":\"https:\/\/chemuza.org\/de\/wp-content\/uploads\/2023\/10\/chemuza-logo.png\",\"contentUrl\":\"https:\/\/chemuza.org\/de\/wp-content\/uploads\/2023\/10\/chemuza-logo.png\",\"width\":387,\"height\":70,\"caption\":\"Chemuza\"},\"image\":{\"@id\":\"https:\/\/chemuza.org\/de\/#\/schema\/logo\/image\/\"}}]}<\/script>\n<!-- \/ Yoast SEO plugin. -->","yoast_head_json":{"title":"Natrium - Chemuza","robots":{"index":"index","follow":"follow","max-snippet":"max-snippet:-1","max-image-preview":"max-image-preview:large","max-video-preview":"max-video-preview:-1"},"canonical":"https:\/\/chemuza.org\/de\/natrium\/","og_locale":"de_DE","og_type":"article","og_title":"Natrium - Chemuza","og_description":"Eine Studie der Europ\u00e4ischen S\u00fcdsternwarte ergab, dass ein Stern explodieren kann, wenn die Natriummenge in seinem Kern sehr gering ist. Es ist daher nicht verwunderlich, dass dieses Element als das sechsth\u00e4ufigste Element in der Planetenmasse gilt. Dar\u00fcber hinaus liegen bis zu 80 % im Ozean in ionischer Form vor. Erfahren Sie mehr \u00fcber seine Funktionen, ... Mehr lesen","og_url":"https:\/\/chemuza.org\/de\/natrium\/","og_site_name":"Chemuza","twitter_card":"summary_large_image","twitter_misc":{"Gesch\u00e4tzte Lesezeit":"4\u00a0Minuten"},"schema":{"@context":"https:\/\/schema.org","@graph":[{"@type":"WebPage","@id":"https:\/\/chemuza.org\/de\/natrium\/","url":"https:\/\/chemuza.org\/de\/natrium\/","name":"Natrium - Chemuza","isPartOf":{"@id":"https:\/\/chemuza.org\/de\/#website"},"datePublished":"2023-07-15T18:27:36+00:00","dateModified":"2023-07-15T18:27:36+00:00","breadcrumb":{"@id":"https:\/\/chemuza.org\/de\/natrium\/#breadcrumb"},"inLanguage":"de","potentialAction":[{"@type":"ReadAction","target":["https:\/\/chemuza.org\/de\/natrium\/"]}]},{"@type":"BreadcrumbList","@id":"https:\/\/chemuza.org\/de\/natrium\/#breadcrumb","itemListElement":[{"@type":"ListItem","position":1,"name":"Heim","item":"https:\/\/chemuza.org\/de\/"},{"@type":"ListItem","position":2,"name":"Natrium"}]},{"@type":"WebSite","@id":"https:\/\/chemuza.org\/de\/#website","url":"https:\/\/chemuza.org\/de\/","name":"Chemuza","description":"Ihr Tor zur chemischen Entdeckung","publisher":{"@id":"https:\/\/chemuza.org\/de\/#organization"},"potentialAction":[{"@type":"SearchAction","target":{"@type":"EntryPoint","urlTemplate":"https:\/\/chemuza.org\/de\/?s={search_term_string}"},"query-input":"required name=search_term_string"}],"inLanguage":"de"},{"@type":"Organization","@id":"https:\/\/chemuza.org\/de\/#organization","name":"Chemuza","url":"https:\/\/chemuza.org\/de\/","logo":{"@type":"ImageObject","inLanguage":"de","@id":"https:\/\/chemuza.org\/de\/#\/schema\/logo\/image\/","url":"https:\/\/chemuza.org\/de\/wp-content\/uploads\/2023\/10\/chemuza-logo.png","contentUrl":"https:\/\/chemuza.org\/de\/wp-content\/uploads\/2023\/10\/chemuza-logo.png","width":387,"height":70,"caption":"Chemuza"},"image":{"@id":"https:\/\/chemuza.org\/de\/#\/schema\/logo\/image\/"}}]}},"yoast_meta":{"yoast_wpseo_title":"","yoast_wpseo_metadesc":"","yoast_wpseo_canonical":""},"_links":{"self":[{"href":"https:\/\/chemuza.org\/de\/wp-json\/wp\/v2\/pages\/1470","targetHints":{"allow":["GET"]}}],"collection":[{"href":"https:\/\/chemuza.org\/de\/wp-json\/wp\/v2\/pages"}],"about":[{"href":"https:\/\/chemuza.org\/de\/wp-json\/wp\/v2\/types\/page"}],"author":[{"embeddable":true,"href":"https:\/\/chemuza.org\/de\/wp-json\/wp\/v2\/users\/1"}],"replies":[{"embeddable":true,"href":"https:\/\/chemuza.org\/de\/wp-json\/wp\/v2\/comments?post=1470"}],"version-history":[{"count":0,"href":"https:\/\/chemuza.org\/de\/wp-json\/wp\/v2\/pages\/1470\/revisions"}],"wp:attachment":[{"href":"https:\/\/chemuza.org\/de\/wp-json\/wp\/v2\/media?parent=1470"}],"curies":[{"name":"wp","href":"https:\/\/api.w.org\/{rel}","templated":true}]}}