{"id":1469,"date":"2023-07-15T19:28:04","date_gmt":"2023-07-15T19:28:04","guid":{"rendered":"https:\/\/chemuza.org\/de\/silizium\/"},"modified":"2023-07-15T19:28:04","modified_gmt":"2023-07-15T19:28:04","slug":"silizium","status":"publish","type":"page","link":"https:\/\/chemuza.org\/de\/silizium\/","title":{"rendered":"Silizium"},"content":{"rendered":"<p>Wussten Sie, dass Silizium nach Sauerstoff das am h\u00e4ufigsten vorkommende chemische Element in der Erdkruste ist? Allerdings liegt es nicht in reinem Zustand vor. Es kommt vielmehr in Form von Sand, Staub, Planeten und Planetoiden sowie verschiedenen Strukturen oder Silikaten vor. Schauen Sie sich seinen Ursprung an, wer es entdeckt hat, welche Eigenschaften es hat und wie wir es erhalten.<\/p>\n<h2> <strong>Was ist Silizium?<\/strong><\/h2>\n<p> Es ist ein metalloides oder halbmetallisches chemisches Element, das sich in der 14. Gruppe des Periodensystems befindet. Es liegt in kristallisierter und amorpher Form vor, wobei die erste eine gr\u00e4uliche Farbe hat, w\u00e4hrend die zweite in Form eines br\u00e4unlichen Pulvers vorliegt. Es verf\u00fcgt \u00fcber eine geringe Tr\u00e4gheit, was bedeutet, dass es relativ inaktiv ist. Dar\u00fcber hinaus ver\u00e4ndern die meisten S\u00e4uren es nicht. Andererseits kommt es in der Struktur von Lebewesen in mineralischer Form vor.<\/p>\n<h3> <strong>Siliziumsymbol<\/strong><\/h3>\n<p> <span class=\"content-chemical-element\" style=\"float: left;width: 65px;height: 65px;border: 3px solid #666; display:flex;\n    justify-content: center;align-items: center;margin-right: 15px;\"><span style=\"font-size: 38px;\">Si<\/span><\/span> Die Symbologie des chemischen Elements Silizium ist Si, ein Symbol, das vom lateinischen Wort silicis oder Feuerstein stammt. Der Begriff bedeutet Feuerstein und ist ein Name f\u00fcr pr\u00e4historische Werkzeuge und Waffen, die aus verschiedenen Verbindungen des Elements hergestellt wurden.<\/p>\n<h2> <strong>Siliziumeigenschaften<\/strong><\/h2>\n<p> Seine Struktur weist Zwischeneigenschaften auf, also zwischen Metallen und Nichtmetallen. Im Allgemeinen sind seine Verbindungen vierwertig, es gibt jedoch auch zweiwertige F\u00e4lle. Sein chemisches Verhalten ist elektropositiv. Entdecken Sie weitere Funktionen:<\/p>\n<ul>\n<li> <strong>Farbe<\/strong> : Pr\u00e4sentiert eine gr\u00e4ulich-metallisch gl\u00e4nzende Farbe.<\/li>\n<li> <strong>Aggregationsstatus:<\/strong> Solide.<\/li>\n<li> <strong>Aussehen:<\/strong> Hart, kristallin, spr\u00f6de und oktaederf\u00f6rmig.<\/li>\n<li> <strong>Form:<\/strong> Es gibt zwei allotrope Formen, die metallische, kristalline und die pulverf\u00f6rmige.<\/li>\n<li> <strong>Leitf\u00e4higer Draht:<\/strong> Es ist ein schlechter Stromleiter.<\/li>\n<li> <strong>H\u00e4rte<\/strong> : Es hat eine H\u00e4rte von 7 nach der Mohs-Skala.<\/li>\n<li> <strong>Verbindungen<\/strong> : Seine intermetallischen Verbindungen werden als Legierungsbestandteile in verschiedenen Metallen verwendet.<\/li>\n<li> <strong>Formbarkeit<\/strong> : Es ist kein formbares Element.<\/li>\n<li> <strong>L\u00f6slichkeit<\/strong> : Schwer l\u00f6slich.<\/li>\n<li> <strong>\u00dcbertragungskapazit\u00e4t:<\/strong> Mehr als 95 % der Wellenl\u00e4ngen bzw. Raumperioden der Infrarotstrahlung.<\/li>\n<\/ul>\n<h2> <strong>Chemische und physikalische Eigenschaften von Silizium<\/strong><\/h2>\n<ol>\n<li> Ordnungszahl: 14<\/li>\n<li> Gruppe: 14<\/li>\n<li> Zeitraum: 3<\/li>\n<li> Block:S<\/li>\n<li> Atomgewicht: 28.085<\/li>\n<li> Dichte: 2330 kg\/m\u00b3<\/li>\n<li> Fester Zustand<\/li>\n<li> Rost: amphoter<\/li>\n<li> Oxidationsstufen: +4<\/li>\n<li> Schmelzpunkt (\u00b0C): 1414<\/li>\n<li> Siedepunkt (\u00b0C): 3265<\/li>\n<li> Spezifische W\u00e4rme: 700 J\/(K-kg)<\/li>\n<li> Elektronegativit\u00e4t: 1,9<\/li>\n<li> Radiodurchschnitt: 120h<\/li>\n<li> Kovalenter Radius: 231 h<\/li>\n<li> Atomradius: 23:00 Uhr<\/li>\n<li> Elektronen pro Schale: 2, 8, 4<\/li>\n<li> Elektronische Konfiguration: [Ne]3 s2 3p2<\/li>\n<\/ol>\n<h2> <strong>Ursprung von Silizium<\/strong><\/h2>\n<p> Antoine Lavoisier identifizierte es erstmals 1787, doch es war der Schwede J\u00f6ns Jacob Berzelius, der 1823 Silizium in reiner und isolierter Form entdeckte. Dieser Chemiker stellte amorphes Silizium her, nachdem er metallisches Kalium mit Siliziumtetrafluorid erhitzt hatte. Allerdings wurde dieses chemische Element bereits 1811 in amorpher und unreiner Form entdeckt. Der Geschichte zufolge wurde diese Arbeit von den Franzosen Gay Lussac und Louis Jacques Th\u00e9nard ausgef\u00fchrt.<\/p>\n<h2> <strong>Wof\u00fcr wird Silizium verwendet?<\/strong><\/h2>\n<p> Der Mensch nutzt dieses chemische Element st\u00e4ndig und reichlich, weil es n\u00fctzlich und wirtschaftlich ist. Eine der Funktionen von Silizium ist beispielsweise seine Rolle bei der Herstellung von Ziegeln, Beton, Emaille, Keramik und anderen Bauprodukten. Es wird auch bei der Herstellung von Stahl und verschiedenen Glasarten verwendet.<\/p>\n<p> Andere Anwendungen umfassen die Bildung einer Art Element, aus dem Solarzellen, Transistoren, Gleichrichter und andere Ger\u00e4te bestehen, die in der Raumfahrttechnik und der Elektronikindustrie verwendet werden, beispielsweise Chips. Dar\u00fcber hinaus werden Silikone zur Herstellung von Gleitmitteln, Spielzeugen, wasserfesten Folien und Implantaten f\u00fcr Sch\u00f6nheitsoperationen verwendet.<\/p>\n<h2> <strong>Wie wird Silizium gewonnen?<\/strong><\/h2>\n<p> Es kann durch Aluminothermie aus Siliziumoxid gewonnen werden, w\u00e4hrend es mit Salzs\u00e4ure behandelt wird. Eine andere M\u00f6glichkeit besteht darin, Kiesels\u00e4ure mit Calciumcarbid oder Kohlenstoff in einem mit Kohlenstoffelektroden gef\u00fcllten Lichtbogenofen zu reduzieren.<\/p>\n<p> Ebenso nutzen wir die Reduktion von Siliziumtetrachlorid mit dem Element Wasserstoff, um es rein zu gewinnen. Schlie\u00dflich wird hochreines Silizium durch die thermische Reduktion von Trichlorsilan, den sogenannten Siemens-Prozess, gewonnen. Dank der Wasserstoffatmosph\u00e4re in riesigen Vakuumkammern wird h\u00f6chste Reinheit erreicht.<\/p>\n<h2> <strong>Silizium und Biologie<\/strong><\/h2>\n<p> Obwohl es leicht in Form von Silikaten, Mineralien aus Silizium und Sauerstoff, vorkommt, nutzen es nur wenige Organismen direkt. Tats\u00e4chlich verwenden Radiolarien, Kieselalgen und Glasschw\u00e4mme biogene Kiesels\u00e4ure f\u00fcr den Aufbau ihres Skeletts. Dar\u00fcber hinaus ben\u00f6tigen einige Pflanzen dieses Element f\u00fcr ihre Ern\u00e4hrung und ihr Wachstum, beispielsweise Reis.<\/p>\n<h2> <strong>Gesundheitliche Auswirkungen von Silizium<\/strong><\/h2>\n<p> Dieses Element kann Nebenwirkungen auf die Lunge und die Atmung haben, die sogar eine Silikose verursachen k\u00f6nnen. Dar\u00fcber hinaus reizt es Haut und Augen und f\u00fchrt zu Tr\u00e4nenfluss, R\u00f6tung, Krustenbildung und Juckreiz. Verschiedene Studien bringen Lungenkrebs, Nierenerkrankungen und mykobakterielle Infektionen mit einer st\u00e4ndigen Siliziumbelastung in Verbindung.<\/p>\n<p> Zusammenfassend l\u00e4sst sich sagen, dass dieses chemische Element vom Halbmetalltyp bei der Herstellung von Bauprodukten wie Ziegeln, Keramik und Emaille verwendet wird. Au\u00dferdem wird es in der Elektronik-, Raumfahrt- und Kosmetikindustrie zur Herstellung von Schmiermitteln, Kontaktlinsen oder Brustimplantaten verwendet.<\/p>\n","protected":false},"excerpt":{"rendered":"<p>Wussten Sie, dass Silizium nach Sauerstoff das am h\u00e4ufigsten vorkommende chemische Element in der Erdkruste ist? Allerdings liegt es nicht in reinem Zustand vor. Es kommt vielmehr in Form von Sand, Staub, Planeten und Planetoiden sowie verschiedenen Strukturen oder Silikaten vor. Schauen Sie sich seinen Ursprung an, wer es entdeckt hat, welche Eigenschaften es hat &#8230; <a title=\"Silizium\" class=\"read-more\" href=\"https:\/\/chemuza.org\/de\/silizium\/\" aria-label=\"Mehr zu Silizium\">Mehr lesen<\/a><\/p>\n","protected":false},"author":1,"featured_media":0,"parent":0,"menu_order":0,"comment_status":"closed","ping_status":"closed","template":"","meta":{"footnotes":""},"class_list":["post-1469","page","type-page","status-publish"],"yoast_head":"<!-- This site is optimized with the Yoast SEO plugin v21.4 - https:\/\/yoast.com\/wordpress\/plugins\/seo\/ -->\n<title>Silizium - Chemuza<\/title>\n<meta name=\"robots\" content=\"index, follow, max-snippet:-1, max-image-preview:large, max-video-preview:-1\" \/>\n<link rel=\"canonical\" href=\"https:\/\/chemuza.org\/de\/silizium\/\" \/>\n<meta property=\"og:locale\" content=\"de_DE\" \/>\n<meta property=\"og:type\" content=\"article\" \/>\n<meta property=\"og:title\" content=\"Silizium - Chemuza\" \/>\n<meta property=\"og:description\" content=\"Wussten Sie, dass Silizium nach Sauerstoff das am h\u00e4ufigsten vorkommende chemische Element in der Erdkruste ist? Allerdings liegt es nicht in reinem Zustand vor. Es kommt vielmehr in Form von Sand, Staub, Planeten und Planetoiden sowie verschiedenen Strukturen oder Silikaten vor. Schauen Sie sich seinen Ursprung an, wer es entdeckt hat, welche Eigenschaften es hat ... Mehr lesen\" \/>\n<meta property=\"og:url\" content=\"https:\/\/chemuza.org\/de\/silizium\/\" \/>\n<meta property=\"og:site_name\" content=\"Chemuza\" \/>\n<meta name=\"twitter:card\" content=\"summary_large_image\" \/>\n<meta name=\"twitter:label1\" content=\"Gesch\u00e4tzte Lesezeit\" \/>\n\t<meta name=\"twitter:data1\" content=\"4\u00a0Minuten\" \/>\n<script type=\"application\/ld+json\" class=\"yoast-schema-graph\">{\"@context\":\"https:\/\/schema.org\",\"@graph\":[{\"@type\":\"WebPage\",\"@id\":\"https:\/\/chemuza.org\/de\/silizium\/\",\"url\":\"https:\/\/chemuza.org\/de\/silizium\/\",\"name\":\"Silizium - Chemuza\",\"isPartOf\":{\"@id\":\"https:\/\/chemuza.org\/de\/#website\"},\"datePublished\":\"2023-07-15T19:28:04+00:00\",\"dateModified\":\"2023-07-15T19:28:04+00:00\",\"breadcrumb\":{\"@id\":\"https:\/\/chemuza.org\/de\/silizium\/#breadcrumb\"},\"inLanguage\":\"de\",\"potentialAction\":[{\"@type\":\"ReadAction\",\"target\":[\"https:\/\/chemuza.org\/de\/silizium\/\"]}]},{\"@type\":\"BreadcrumbList\",\"@id\":\"https:\/\/chemuza.org\/de\/silizium\/#breadcrumb\",\"itemListElement\":[{\"@type\":\"ListItem\",\"position\":1,\"name\":\"Heim\",\"item\":\"https:\/\/chemuza.org\/de\/\"},{\"@type\":\"ListItem\",\"position\":2,\"name\":\"Silizium\"}]},{\"@type\":\"WebSite\",\"@id\":\"https:\/\/chemuza.org\/de\/#website\",\"url\":\"https:\/\/chemuza.org\/de\/\",\"name\":\"Chemuza\",\"description\":\"Ihr Tor zur chemischen Entdeckung\",\"publisher\":{\"@id\":\"https:\/\/chemuza.org\/de\/#organization\"},\"potentialAction\":[{\"@type\":\"SearchAction\",\"target\":{\"@type\":\"EntryPoint\",\"urlTemplate\":\"https:\/\/chemuza.org\/de\/?s={search_term_string}\"},\"query-input\":\"required name=search_term_string\"}],\"inLanguage\":\"de\"},{\"@type\":\"Organization\",\"@id\":\"https:\/\/chemuza.org\/de\/#organization\",\"name\":\"Chemuza\",\"url\":\"https:\/\/chemuza.org\/de\/\",\"logo\":{\"@type\":\"ImageObject\",\"inLanguage\":\"de\",\"@id\":\"https:\/\/chemuza.org\/de\/#\/schema\/logo\/image\/\",\"url\":\"https:\/\/chemuza.org\/de\/wp-content\/uploads\/2023\/10\/chemuza-logo.png\",\"contentUrl\":\"https:\/\/chemuza.org\/de\/wp-content\/uploads\/2023\/10\/chemuza-logo.png\",\"width\":387,\"height\":70,\"caption\":\"Chemuza\"},\"image\":{\"@id\":\"https:\/\/chemuza.org\/de\/#\/schema\/logo\/image\/\"}}]}<\/script>\n<!-- \/ Yoast SEO plugin. -->","yoast_head_json":{"title":"Silizium - Chemuza","robots":{"index":"index","follow":"follow","max-snippet":"max-snippet:-1","max-image-preview":"max-image-preview:large","max-video-preview":"max-video-preview:-1"},"canonical":"https:\/\/chemuza.org\/de\/silizium\/","og_locale":"de_DE","og_type":"article","og_title":"Silizium - Chemuza","og_description":"Wussten Sie, dass Silizium nach Sauerstoff das am h\u00e4ufigsten vorkommende chemische Element in der Erdkruste ist? Allerdings liegt es nicht in reinem Zustand vor. Es kommt vielmehr in Form von Sand, Staub, Planeten und Planetoiden sowie verschiedenen Strukturen oder Silikaten vor. Schauen Sie sich seinen Ursprung an, wer es entdeckt hat, welche Eigenschaften es hat ... Mehr lesen","og_url":"https:\/\/chemuza.org\/de\/silizium\/","og_site_name":"Chemuza","twitter_card":"summary_large_image","twitter_misc":{"Gesch\u00e4tzte Lesezeit":"4\u00a0Minuten"},"schema":{"@context":"https:\/\/schema.org","@graph":[{"@type":"WebPage","@id":"https:\/\/chemuza.org\/de\/silizium\/","url":"https:\/\/chemuza.org\/de\/silizium\/","name":"Silizium - Chemuza","isPartOf":{"@id":"https:\/\/chemuza.org\/de\/#website"},"datePublished":"2023-07-15T19:28:04+00:00","dateModified":"2023-07-15T19:28:04+00:00","breadcrumb":{"@id":"https:\/\/chemuza.org\/de\/silizium\/#breadcrumb"},"inLanguage":"de","potentialAction":[{"@type":"ReadAction","target":["https:\/\/chemuza.org\/de\/silizium\/"]}]},{"@type":"BreadcrumbList","@id":"https:\/\/chemuza.org\/de\/silizium\/#breadcrumb","itemListElement":[{"@type":"ListItem","position":1,"name":"Heim","item":"https:\/\/chemuza.org\/de\/"},{"@type":"ListItem","position":2,"name":"Silizium"}]},{"@type":"WebSite","@id":"https:\/\/chemuza.org\/de\/#website","url":"https:\/\/chemuza.org\/de\/","name":"Chemuza","description":"Ihr Tor zur chemischen Entdeckung","publisher":{"@id":"https:\/\/chemuza.org\/de\/#organization"},"potentialAction":[{"@type":"SearchAction","target":{"@type":"EntryPoint","urlTemplate":"https:\/\/chemuza.org\/de\/?s={search_term_string}"},"query-input":"required name=search_term_string"}],"inLanguage":"de"},{"@type":"Organization","@id":"https:\/\/chemuza.org\/de\/#organization","name":"Chemuza","url":"https:\/\/chemuza.org\/de\/","logo":{"@type":"ImageObject","inLanguage":"de","@id":"https:\/\/chemuza.org\/de\/#\/schema\/logo\/image\/","url":"https:\/\/chemuza.org\/de\/wp-content\/uploads\/2023\/10\/chemuza-logo.png","contentUrl":"https:\/\/chemuza.org\/de\/wp-content\/uploads\/2023\/10\/chemuza-logo.png","width":387,"height":70,"caption":"Chemuza"},"image":{"@id":"https:\/\/chemuza.org\/de\/#\/schema\/logo\/image\/"}}]}},"yoast_meta":{"yoast_wpseo_title":"","yoast_wpseo_metadesc":"","yoast_wpseo_canonical":""},"_links":{"self":[{"href":"https:\/\/chemuza.org\/de\/wp-json\/wp\/v2\/pages\/1469","targetHints":{"allow":["GET"]}}],"collection":[{"href":"https:\/\/chemuza.org\/de\/wp-json\/wp\/v2\/pages"}],"about":[{"href":"https:\/\/chemuza.org\/de\/wp-json\/wp\/v2\/types\/page"}],"author":[{"embeddable":true,"href":"https:\/\/chemuza.org\/de\/wp-json\/wp\/v2\/users\/1"}],"replies":[{"embeddable":true,"href":"https:\/\/chemuza.org\/de\/wp-json\/wp\/v2\/comments?post=1469"}],"version-history":[{"count":0,"href":"https:\/\/chemuza.org\/de\/wp-json\/wp\/v2\/pages\/1469\/revisions"}],"wp:attachment":[{"href":"https:\/\/chemuza.org\/de\/wp-json\/wp\/v2\/media?parent=1469"}],"curies":[{"name":"wp","href":"https:\/\/api.w.org\/{rel}","templated":true}]}}