{"id":1466,"date":"2023-10-25T04:37:40","date_gmt":"2023-10-25T04:37:40","guid":{"rendered":"https:\/\/chemuza.org\/de\/um\/"},"modified":"2023-10-26T11:46:40","modified_gmt":"2023-10-26T11:46:40","slug":"um","status":"publish","type":"page","link":"https:\/\/chemuza.org\/de\/um\/","title":{"rendered":"\u00dcber uns"},"content":{"rendered":"<p>Bei Chemuza beginnen die Abenteuer in der Welt der Elemente!<\/p>\n<p>Es liegt uns am Herzen, ein tiefes Verst\u00e4ndnis und eine Wertsch\u00e4tzung f\u00fcr die faszinierende Welt der Chemie zu f\u00f6rdern. Unser Bildungsblog widmet sich der Bereitstellung bereichernder Inhalte, die es den Lesern erm\u00f6glichen, die Wunder dieser wissenschaftlichen Disziplin zu entdecken und sinnvolle Verbindungen zur Welt um sie herum herzustellen.<\/p>\n<h3>Wer wir sind<\/h3>\n<p>Wir sind ein Team engagierter Chemiker, P\u00e4dagogen und Wissenschaftsbegeisterter, die ein gemeinsames Ziel verfolgen: Chemie f\u00fcr Lernende jeden Alters zug\u00e4nglich, unterhaltsam und relevant zu machen. Unsere vielf\u00e4ltigen Hintergr\u00fcnde erm\u00f6glichen es uns, komplexe Konzepte mit Klarheit und Kreativit\u00e4t anzugehen und sicherzustellen, dass die Lernreise sowohl ansprechend als auch bereichernd ist.<\/p>\n<h3>Unsere Aufgabe<\/h3>\n<p>Unsere Mission ist einfach, aber tiefgreifend: den Funken der Neugier zu entfachen und eine lebenslange Liebe zum Erlernen der Chemie zu wecken. Wir glauben, dass Wissen ein m\u00e4chtiges Werkzeug ist, und durch die Bereitstellung einer soliden Grundlage in der Chemie m\u00f6chten wir unseren Lesern die F\u00e4higkeiten und die Denkweise vermitteln, um sich in einer sich st\u00e4ndig ver\u00e4ndernden Welt zurechtzufinden.<\/p>\n<h3>Was wir anbieten<\/h3>\n<p>Durch unsere sorgf\u00e4ltig gestalteten Artikel, ansprechenden Infografiken, ansprechenden Videos und interaktiven Quizfragen m\u00f6chten wir die Barrieren abbauen, die die Erforschung der Chemie behindern k\u00f6nnen. Egal, ob Sie ein Student sind, der in seinen Pr\u00fcfungen hervorragende Leistungen erbringen m\u00f6chte, oder ein neugieriger Geist, der die Grundbausteine des Fachs erforschen m\u00f6chte, Chemuza ist Ihre zentrale Anlaufstelle.<\/p>\n<h3>Unsere Inhalte<\/h3>\n<p>Von den Grundlagen von Atomen und Molek\u00fclen bis hin zu den Komplexit\u00e4ten der organischen Chemie und dar\u00fcber hinaus decken wir ein breites Themenspektrum ab, das f\u00fcr Lernende mit unterschiedlichem Fachwissen geeignet ist. Unsere Inhalte sind auf die Bed\u00fcrfnisse von Studenten, P\u00e4dagogen und Enthusiasten zugeschnitten und pr\u00e4sentieren Informationen klar, pr\u00e4gnant und leicht verst\u00e4ndlich.<\/p>\n<h3>Warum Chemuza w\u00e4hlen?<\/h3>\n<p>Wenn Sie bei anderen Bildungsplattformen verwirrt sind, sollten Sie sich f\u00fcr Chemuza entscheiden:<\/p>\n<ul>\n<li><strong>Vertrauensw\u00fcrdige Informationen<\/strong> Unsere Inhalte werden sorgf\u00e4ltig recherchiert und \u00fcberpr\u00fcft, um Genauigkeit und Glaubw\u00fcrdigkeit zu gew\u00e4hrleisten.<\/li>\n<li><strong>Fesselnde Lernerfahrung<\/strong> Wir glauben, dass Lernen Spa\u00df machen und interaktiv sein sollte. Unser multimedialer Ansatz fesselt die Leser und macht sie neugierig, tiefer in die Welt der Chemie einzutauchen.<\/li>\n<li><strong>Pers\u00f6nliche Unterst\u00fctzung<\/strong> Bei Chemuza legen wir Wert auf unsere Leser und ihre Lernreise. Wir f\u00f6rdern eine offene und unterst\u00fctzende Plattform, auf der Fragen willkommen sind und Wissen geteilt wird.<\/li>\n<li><strong>Kostenlose Plattform<\/strong> Chemuza ist und bleibt vor allem f\u00fcr Studenten und alle Arten unserer Leser kostenlos, unabh\u00e4ngig von ihrem geografischen Standort.<\/li>\n<\/ul>\n<p>Wir laden Sie ein, uns auf dieser informativen Reise durch die faszinierenden Gefilde der Chemie zu begleiten. Egal, ob Sie Student, Lehrer oder einfach nur neugierig auf die Geheimnisse der Materie sind, Chemistry Connects ist hier, um die L\u00fccke zwischen Neugier und Verst\u00e4ndnis zu schlie\u00dfen.<\/p>\n<p>Lassen Sie uns gemeinsam die Magie und Bedeutung der Chemie f\u00fcr die Gestaltung unserer Welt erkunden!<\/p>\n","protected":false},"excerpt":{"rendered":"<p>Bei Chemuza beginnen die Abenteuer in der Welt der Elemente! Es liegt uns am Herzen, ein tiefes Verst\u00e4ndnis und eine Wertsch\u00e4tzung f\u00fcr die faszinierende Welt der Chemie zu f\u00f6rdern. Unser Bildungsblog widmet sich der Bereitstellung bereichernder Inhalte, die es den Lesern erm\u00f6glichen, die Wunder dieser wissenschaftlichen Disziplin zu entdecken und sinnvolle Verbindungen zur Welt um &#8230; <a title=\"\u00dcber uns\" class=\"read-more\" href=\"https:\/\/chemuza.org\/de\/um\/\" aria-label=\"Mehr zu \u00dcber uns\">Mehr lesen<\/a><\/p>\n","protected":false},"author":1,"featured_media":0,"parent":0,"menu_order":0,"comment_status":"closed","ping_status":"closed","template":"","meta":{"footnotes":""},"class_list":["post-1466","page","type-page","status-publish"],"yoast_head":"<!-- This site is optimized with the Yoast SEO plugin v21.4 - https:\/\/yoast.com\/wordpress\/plugins\/seo\/ -->\n<title>\u00dcber uns - Chemuza<\/title>\n<meta name=\"description\" content=\"Chemuza widmet sich der Bereitstellung bereichernder Inhalte, die es den Lesern erm\u00f6glichen, die Wunder dieser wissenschaftlichen Disziplin zu\" \/>\n<meta name=\"robots\" content=\"index, follow, max-snippet:-1, max-image-preview:large, max-video-preview:-1\" \/>\n<link rel=\"canonical\" href=\"https:\/\/chemuza.org\/de\/um\/\" \/>\n<meta property=\"og:locale\" content=\"de_DE\" \/>\n<meta property=\"og:type\" content=\"article\" \/>\n<meta property=\"og:title\" content=\"\u00dcber uns - Chemuza\" \/>\n<meta property=\"og:description\" content=\"Chemuza widmet sich der Bereitstellung bereichernder Inhalte, die es den Lesern erm\u00f6glichen, die Wunder dieser wissenschaftlichen Disziplin zu\" \/>\n<meta property=\"og:url\" content=\"https:\/\/chemuza.org\/de\/um\/\" \/>\n<meta property=\"og:site_name\" content=\"Chemuza\" \/>\n<meta property=\"article:modified_time\" content=\"2023-10-26T11:46:40+00:00\" \/>\n<meta name=\"twitter:card\" content=\"summary_large_image\" \/>\n<meta name=\"twitter:label1\" content=\"Gesch\u00e4tzte Lesezeit\" \/>\n\t<meta name=\"twitter:data1\" content=\"2\u00a0Minuten\" \/>\n<script type=\"application\/ld+json\" class=\"yoast-schema-graph\">{\"@context\":\"https:\/\/schema.org\",\"@graph\":[{\"@type\":\"WebPage\",\"@id\":\"https:\/\/chemuza.org\/de\/um\/\",\"url\":\"https:\/\/chemuza.org\/de\/um\/\",\"name\":\"\u00dcber uns - Chemuza\",\"isPartOf\":{\"@id\":\"https:\/\/chemuza.org\/de\/#website\"},\"datePublished\":\"2023-10-25T04:37:40+00:00\",\"dateModified\":\"2023-10-26T11:46:40+00:00\",\"description\":\"Chemuza widmet sich der Bereitstellung bereichernder Inhalte, die es den Lesern erm\u00f6glichen, die Wunder dieser wissenschaftlichen Disziplin zu\",\"breadcrumb\":{\"@id\":\"https:\/\/chemuza.org\/de\/um\/#breadcrumb\"},\"inLanguage\":\"de\",\"potentialAction\":[{\"@type\":\"ReadAction\",\"target\":[\"https:\/\/chemuza.org\/de\/um\/\"]}]},{\"@type\":\"BreadcrumbList\",\"@id\":\"https:\/\/chemuza.org\/de\/um\/#breadcrumb\",\"itemListElement\":[{\"@type\":\"ListItem\",\"position\":1,\"name\":\"Heim\",\"item\":\"https:\/\/chemuza.org\/de\/\"},{\"@type\":\"ListItem\",\"position\":2,\"name\":\"\u00dcber uns\"}]},{\"@type\":\"WebSite\",\"@id\":\"https:\/\/chemuza.org\/de\/#website\",\"url\":\"https:\/\/chemuza.org\/de\/\",\"name\":\"Chemuza\",\"description\":\"Ihr Tor zur chemischen Entdeckung\",\"publisher\":{\"@id\":\"https:\/\/chemuza.org\/de\/#organization\"},\"potentialAction\":[{\"@type\":\"SearchAction\",\"target\":{\"@type\":\"EntryPoint\",\"urlTemplate\":\"https:\/\/chemuza.org\/de\/?s={search_term_string}\"},\"query-input\":\"required name=search_term_string\"}],\"inLanguage\":\"de\"},{\"@type\":\"Organization\",\"@id\":\"https:\/\/chemuza.org\/de\/#organization\",\"name\":\"Chemuza\",\"url\":\"https:\/\/chemuza.org\/de\/\",\"logo\":{\"@type\":\"ImageObject\",\"inLanguage\":\"de\",\"@id\":\"https:\/\/chemuza.org\/de\/#\/schema\/logo\/image\/\",\"url\":\"https:\/\/chemuza.org\/de\/wp-content\/uploads\/2023\/10\/chemuza-logo.png\",\"contentUrl\":\"https:\/\/chemuza.org\/de\/wp-content\/uploads\/2023\/10\/chemuza-logo.png\",\"width\":387,\"height\":70,\"caption\":\"Chemuza\"},\"image\":{\"@id\":\"https:\/\/chemuza.org\/de\/#\/schema\/logo\/image\/\"}}]}<\/script>\n<!-- \/ Yoast SEO plugin. -->","yoast_head_json":{"title":"\u00dcber uns - Chemuza","description":"Chemuza widmet sich der Bereitstellung bereichernder Inhalte, die es den Lesern erm\u00f6glichen, die Wunder dieser wissenschaftlichen Disziplin zu","robots":{"index":"index","follow":"follow","max-snippet":"max-snippet:-1","max-image-preview":"max-image-preview:large","max-video-preview":"max-video-preview:-1"},"canonical":"https:\/\/chemuza.org\/de\/um\/","og_locale":"de_DE","og_type":"article","og_title":"\u00dcber uns - Chemuza","og_description":"Chemuza widmet sich der Bereitstellung bereichernder Inhalte, die es den Lesern erm\u00f6glichen, die Wunder dieser wissenschaftlichen Disziplin zu","og_url":"https:\/\/chemuza.org\/de\/um\/","og_site_name":"Chemuza","article_modified_time":"2023-10-26T11:46:40+00:00","twitter_card":"summary_large_image","twitter_misc":{"Gesch\u00e4tzte Lesezeit":"2\u00a0Minuten"},"schema":{"@context":"https:\/\/schema.org","@graph":[{"@type":"WebPage","@id":"https:\/\/chemuza.org\/de\/um\/","url":"https:\/\/chemuza.org\/de\/um\/","name":"\u00dcber uns - Chemuza","isPartOf":{"@id":"https:\/\/chemuza.org\/de\/#website"},"datePublished":"2023-10-25T04:37:40+00:00","dateModified":"2023-10-26T11:46:40+00:00","description":"Chemuza widmet sich der Bereitstellung bereichernder Inhalte, die es den Lesern erm\u00f6glichen, die Wunder dieser wissenschaftlichen Disziplin zu","breadcrumb":{"@id":"https:\/\/chemuza.org\/de\/um\/#breadcrumb"},"inLanguage":"de","potentialAction":[{"@type":"ReadAction","target":["https:\/\/chemuza.org\/de\/um\/"]}]},{"@type":"BreadcrumbList","@id":"https:\/\/chemuza.org\/de\/um\/#breadcrumb","itemListElement":[{"@type":"ListItem","position":1,"name":"Heim","item":"https:\/\/chemuza.org\/de\/"},{"@type":"ListItem","position":2,"name":"\u00dcber uns"}]},{"@type":"WebSite","@id":"https:\/\/chemuza.org\/de\/#website","url":"https:\/\/chemuza.org\/de\/","name":"Chemuza","description":"Ihr Tor zur chemischen Entdeckung","publisher":{"@id":"https:\/\/chemuza.org\/de\/#organization"},"potentialAction":[{"@type":"SearchAction","target":{"@type":"EntryPoint","urlTemplate":"https:\/\/chemuza.org\/de\/?s={search_term_string}"},"query-input":"required name=search_term_string"}],"inLanguage":"de"},{"@type":"Organization","@id":"https:\/\/chemuza.org\/de\/#organization","name":"Chemuza","url":"https:\/\/chemuza.org\/de\/","logo":{"@type":"ImageObject","inLanguage":"de","@id":"https:\/\/chemuza.org\/de\/#\/schema\/logo\/image\/","url":"https:\/\/chemuza.org\/de\/wp-content\/uploads\/2023\/10\/chemuza-logo.png","contentUrl":"https:\/\/chemuza.org\/de\/wp-content\/uploads\/2023\/10\/chemuza-logo.png","width":387,"height":70,"caption":"Chemuza"},"image":{"@id":"https:\/\/chemuza.org\/de\/#\/schema\/logo\/image\/"}}]}},"yoast_meta":{"yoast_wpseo_title":"","yoast_wpseo_metadesc":"","yoast_wpseo_canonical":""},"_links":{"self":[{"href":"https:\/\/chemuza.org\/de\/wp-json\/wp\/v2\/pages\/1466","targetHints":{"allow":["GET"]}}],"collection":[{"href":"https:\/\/chemuza.org\/de\/wp-json\/wp\/v2\/pages"}],"about":[{"href":"https:\/\/chemuza.org\/de\/wp-json\/wp\/v2\/types\/page"}],"author":[{"embeddable":true,"href":"https:\/\/chemuza.org\/de\/wp-json\/wp\/v2\/users\/1"}],"replies":[{"embeddable":true,"href":"https:\/\/chemuza.org\/de\/wp-json\/wp\/v2\/comments?post=1466"}],"version-history":[{"count":2,"href":"https:\/\/chemuza.org\/de\/wp-json\/wp\/v2\/pages\/1466\/revisions"}],"predecessor-version":[{"id":1673,"href":"https:\/\/chemuza.org\/de\/wp-json\/wp\/v2\/pages\/1466\/revisions\/1673"}],"wp:attachment":[{"href":"https:\/\/chemuza.org\/de\/wp-json\/wp\/v2\/media?parent=1466"}],"curies":[{"name":"wp","href":"https:\/\/api.w.org\/{rel}","templated":true}]}}