{"id":1465,"date":"2023-09-02T04:43:49","date_gmt":"2023-09-02T04:43:49","guid":{"rendered":"https:\/\/chemuza.org\/de\/impressum\/"},"modified":"2023-10-26T11:57:45","modified_gmt":"2023-10-26T11:57:45","slug":"impressum","status":"publish","type":"page","link":"https:\/\/chemuza.org\/de\/impressum\/","title":{"rendered":"Impressum"},"content":{"rendered":"<p>Bei dieser Website handelt es sich um einen Online-Kommunikationsdienst, der von Enthusiasten ver\u00f6ffentlicht wird und keinem Unternehmen oder Unternehmen zugeordnet ist.<\/p>\n<p>Das Ziel von chemuza.org ist es, durch schriftliche Artikel, ansprechende Infografiken, ansprechende Videos und interaktive Quizze bereichernde Inhalte bereitzustellen, die es den Lesern erm\u00f6glichen, die Wunder dieser wissenschaftlichen Disziplin zu entdecken.<\/p>\n<h2>Datenschutzrichtlinie<\/h2>\n<p>Bei chemuza.org ist uns die Privatsph\u00e4re unserer Besucher \u00e4u\u00dferst wichtig. In diesem Datenschutzrichtliniendokument werden die Arten personenbezogener Daten beschrieben, die von der Domain empfangen und erfasst werden, sowie deren Verwendung.<br \/>\nDatenerfassung<\/p>\n<h3>1. Kommentare<\/h3>\n<p>Die von uns gesammelten Informationen h\u00e4ngen davon ab, wie der Benutzer auf der Website kommentiert. Im Allgemeinen umfassen sie jedoch die IP-Adresse, den Benutzeragenten, den Referrer und die Website-URL des Kommentators (sowie andere direkt vom Kommentator bereitgestellte Informationen wie Name, Benutzername und E-Mail-Adresse). ). , und der Kommentar selbst).<\/p>\n<h3>2. Kontaktformular<\/h3>\n<p>Wenn Sie mit uns Kontakt aufnehmen, verwenden wir Ihren Namen und Ihre E-Mail-Adresse zur Beantwortung Ihrer Anfrage und geben diese Informationen nicht an Dritte weiter.<\/p>\n<h3>3. Cookies und Web-Beacons<\/h3>\n<p>Die Website verwendet Cookies, um Informationen \u00fcber die Pr\u00e4ferenzen der Besucher zu speichern, benutzerspezifische Informationen dar\u00fcber aufzuzeichnen, welche Seiten sie aufrufen oder besuchen, den Inhalt von Webseiten basierend auf dem Browsertyp des Besuchers oder anderen Informationen, die der Besucher an seinen Browser sendet, zu personalisieren.<\/p>\n<p>Mithilfe von Cookies k\u00f6nnen wir Inhalte und Anzeigen personalisieren, Funktionen f\u00fcr soziale Medien bereitstellen und unseren Datenverkehr analysieren. Wir geben Informationen \u00fcber Ihre Nutzung unserer Website auch an unsere Partner f\u00fcr soziale Medien, Werbung und Analysen weiter, die diese m\u00f6glicherweise mit anderen Informationen kombinieren, die Sie ihnen bereitgestellt haben oder die sie im Rahmen Ihrer Nutzung ihrer Dienste gesammelt haben.<\/p>\n<h3>4. Analyse<\/h3>\n<p>Diese Website nutzt Google Analytics, einen Webanalysedienst der Google Inc. Dabei werden \u201eCookies\u201c verwendet, Textdateien, die auf Ihrem Computer gespeichert werden und die eine Analyse der Benutzung der Website durch Sie erm\u00f6glichen. Die durch den Cookie erzeugten Informationen \u00fcber Ihre Benutzung dieser Website werden in der Regel an einen Server von Google in den USA \u00fcbertragen und dort gespeichert.<\/p>\n<p>Im Falle der Aktivierung der IP-Anonymisierung auf dieser Website wird Ihre IP-Adresse von Google jedoch in allen Vertragsstaaten des Abkommens \u00fcber den Europ\u00e4ischen Wirtschaftsraum zuvor gek\u00fcrzt.<\/p>\n<p>Sie k\u00f6nnen die Speicherung der Cookies verhindern, indem Sie Ihre Browser-Software entsprechend einstellen. Bitte beachten Sie jedoch, dass Sie in diesem Fall gegebenenfalls nicht s\u00e4mtliche Funktionen dieser Website vollumf\u00e4nglich werden nutzen k\u00f6nnen.<\/p>\n<h2>Datenverbrauch<\/h2>\n<p>Die Website nutzt die erhobenen Daten f\u00fcr verschiedene Zwecke:<\/p>\n<ul>\n<li>Bereitstellung und Aufrechterhaltung des Dienstes<\/li>\n<li>Um Sie \u00fcber \u00c4nderungen an unserem Service zu informieren<\/li>\n<li>Um Ihnen die Teilnahme an interaktiven Funktionen unseres Dienstes zu erm\u00f6glichen, wenn Sie dies w\u00fcnschen<\/li>\n<li>Bieten Sie Kunden Hilfe und Support<\/li>\n<li>Bereitstellung von Analysen oder n\u00fctzlichen Informationen zur Verbesserung des Dienstes<\/li>\n<li>\u00dcberwachen Sie die Servicenutzung<\/li>\n<li>Erkennen, verhindern und beheben Sie technische Probleme<\/li>\n<\/ul>\n<h3>Datentransfer<\/h3>\n<p>Ihre Informationen, einschlie\u00dflich Ihrer personenbezogenen Daten, k\u00f6nnen an Computer \u00fcbertragen und dort gespeichert werden, die sich au\u00dferhalb Ihres Staates, Ihrer Provinz, Ihres Landes oder einer anderen staatlichen Gerichtsbarkeit befinden, wo die Datenschutzgesetze von denen in Ihrer Gerichtsbarkeit abweichen k\u00f6nnen.<\/p>\n<p>Ihre Zustimmung zu dieser Datenschutzrichtlinie und die anschlie\u00dfende \u00dcbermittlung dieser Informationen stellen Ihr Einverst\u00e4ndnis mit dieser \u00dcbertragung dar.<\/p>\n<h3>Datensicherheit<\/h3>\n<p>Die Sicherheit Ihrer Daten ist uns wichtig, aber denken Sie daran, dass keine Methode der \u00dcbertragung \u00fcber das Internet oder Methode der elektronischen Speicherung 100 % sicher ist. Obwohl wir uns bem\u00fchen, Ihre pers\u00f6nlichen Daten mit kommerziell akzeptablen Mitteln zu sch\u00fctzen, k\u00f6nnen wir deren absolute Sicherheit nicht garantieren.<\/p>\n<h2>Kontaktieren Sie den Herausgeber<\/h2>\n<p>Wenn Sie den Herausgeber f\u00fcr Kommentare oder Anfragen jeglicher Art kontaktieren m\u00f6chten, k\u00f6nnen Sie Ihre Fragen hier senden: <a href=\"https:\/\/chemuza.org\/de\/kontakt\/\">Kontakt zum Herausgeber<\/a><\/p>\n","protected":false},"excerpt":{"rendered":"<p>Bei dieser Website handelt es sich um einen Online-Kommunikationsdienst, der von Enthusiasten ver\u00f6ffentlicht wird und keinem Unternehmen oder Unternehmen zugeordnet ist. Das Ziel von chemuza.org ist es, durch schriftliche Artikel, ansprechende Infografiken, ansprechende Videos und interaktive Quizze bereichernde Inhalte bereitzustellen, die es den Lesern erm\u00f6glichen, die Wunder dieser wissenschaftlichen Disziplin zu entdecken. Datenschutzrichtlinie Bei chemuza.org &#8230; <a title=\"Impressum\" class=\"read-more\" href=\"https:\/\/chemuza.org\/de\/impressum\/\" aria-label=\"Mehr zu Impressum\">Mehr lesen<\/a><\/p>\n","protected":false},"author":1,"featured_media":0,"parent":0,"menu_order":0,"comment_status":"closed","ping_status":"closed","template":"","meta":{"footnotes":""},"class_list":["post-1465","page","type-page","status-publish"],"yoast_head":"<!-- This site is optimized with the Yoast SEO plugin v21.4 - https:\/\/yoast.com\/wordpress\/plugins\/seo\/ -->\n<title>Rechtliche Hinweise \u2013 Chemuza<\/title>\n<meta name=\"description\" content=\"Das Ziel von chemuza.org ist es, bereichernde Inhalte durch schriftliche Artikel, ansprechende Infografiken und Videos anzubieten\" \/>\n<meta name=\"robots\" content=\"noindex, nofollow\" \/>\n<meta property=\"og:locale\" content=\"de_DE\" \/>\n<meta property=\"og:type\" content=\"article\" \/>\n<meta property=\"og:title\" content=\"Rechtliche Hinweise \u2013 Chemuza\" \/>\n<meta property=\"og:description\" content=\"Das Ziel von chemuza.org ist es, bereichernde Inhalte durch schriftliche Artikel, ansprechende Infografiken und Videos anzubieten\" \/>\n<meta property=\"og:url\" content=\"https:\/\/chemuza.org\/de\/impressum\/\" \/>\n<meta property=\"og:site_name\" content=\"Chemuza\" \/>\n<meta property=\"article:modified_time\" content=\"2023-10-26T11:57:45+00:00\" \/>\n<meta name=\"twitter:card\" content=\"summary_large_image\" \/>\n<meta name=\"twitter:label1\" content=\"Gesch\u00e4tzte Lesezeit\" \/>\n\t<meta name=\"twitter:data1\" content=\"3\u00a0Minuten\" \/>\n<script type=\"application\/ld+json\" class=\"yoast-schema-graph\">{\"@context\":\"https:\/\/schema.org\",\"@graph\":[{\"@type\":\"WebPage\",\"@id\":\"https:\/\/chemuza.org\/de\/impressum\/\",\"url\":\"https:\/\/chemuza.org\/de\/impressum\/\",\"name\":\"Rechtliche Hinweise \u2013 Chemuza\",\"isPartOf\":{\"@id\":\"https:\/\/chemuza.org\/de\/#website\"},\"datePublished\":\"2023-09-02T04:43:49+00:00\",\"dateModified\":\"2023-10-26T11:57:45+00:00\",\"description\":\"Das Ziel von chemuza.org ist es, bereichernde Inhalte durch schriftliche Artikel, ansprechende Infografiken und Videos anzubieten\",\"breadcrumb\":{\"@id\":\"https:\/\/chemuza.org\/de\/impressum\/#breadcrumb\"},\"inLanguage\":\"de\",\"potentialAction\":[{\"@type\":\"ReadAction\",\"target\":[\"https:\/\/chemuza.org\/de\/impressum\/\"]}]},{\"@type\":\"BreadcrumbList\",\"@id\":\"https:\/\/chemuza.org\/de\/impressum\/#breadcrumb\",\"itemListElement\":[{\"@type\":\"ListItem\",\"position\":1,\"name\":\"Heim\",\"item\":\"https:\/\/chemuza.org\/de\/\"},{\"@type\":\"ListItem\",\"position\":2,\"name\":\"Impressum\"}]},{\"@type\":\"WebSite\",\"@id\":\"https:\/\/chemuza.org\/de\/#website\",\"url\":\"https:\/\/chemuza.org\/de\/\",\"name\":\"Chemuza\",\"description\":\"Ihr Tor zur chemischen Entdeckung\",\"publisher\":{\"@id\":\"https:\/\/chemuza.org\/de\/#organization\"},\"potentialAction\":[{\"@type\":\"SearchAction\",\"target\":{\"@type\":\"EntryPoint\",\"urlTemplate\":\"https:\/\/chemuza.org\/de\/?s={search_term_string}\"},\"query-input\":\"required name=search_term_string\"}],\"inLanguage\":\"de\"},{\"@type\":\"Organization\",\"@id\":\"https:\/\/chemuza.org\/de\/#organization\",\"name\":\"Chemuza\",\"url\":\"https:\/\/chemuza.org\/de\/\",\"logo\":{\"@type\":\"ImageObject\",\"inLanguage\":\"de\",\"@id\":\"https:\/\/chemuza.org\/de\/#\/schema\/logo\/image\/\",\"url\":\"https:\/\/chemuza.org\/de\/wp-content\/uploads\/2023\/10\/chemuza-logo.png\",\"contentUrl\":\"https:\/\/chemuza.org\/de\/wp-content\/uploads\/2023\/10\/chemuza-logo.png\",\"width\":387,\"height\":70,\"caption\":\"Chemuza\"},\"image\":{\"@id\":\"https:\/\/chemuza.org\/de\/#\/schema\/logo\/image\/\"}}]}<\/script>\n<!-- \/ Yoast SEO plugin. -->","yoast_head_json":{"title":"Rechtliche Hinweise \u2013 Chemuza","description":"Das Ziel von chemuza.org ist es, bereichernde Inhalte durch schriftliche Artikel, ansprechende Infografiken und Videos anzubieten","robots":{"index":"noindex","follow":"nofollow"},"og_locale":"de_DE","og_type":"article","og_title":"Rechtliche Hinweise \u2013 Chemuza","og_description":"Das Ziel von chemuza.org ist es, bereichernde Inhalte durch schriftliche Artikel, ansprechende Infografiken und Videos anzubieten","og_url":"https:\/\/chemuza.org\/de\/impressum\/","og_site_name":"Chemuza","article_modified_time":"2023-10-26T11:57:45+00:00","twitter_card":"summary_large_image","twitter_misc":{"Gesch\u00e4tzte Lesezeit":"3\u00a0Minuten"},"schema":{"@context":"https:\/\/schema.org","@graph":[{"@type":"WebPage","@id":"https:\/\/chemuza.org\/de\/impressum\/","url":"https:\/\/chemuza.org\/de\/impressum\/","name":"Rechtliche Hinweise \u2013 Chemuza","isPartOf":{"@id":"https:\/\/chemuza.org\/de\/#website"},"datePublished":"2023-09-02T04:43:49+00:00","dateModified":"2023-10-26T11:57:45+00:00","description":"Das Ziel von chemuza.org ist es, bereichernde Inhalte durch schriftliche Artikel, ansprechende Infografiken und Videos anzubieten","breadcrumb":{"@id":"https:\/\/chemuza.org\/de\/impressum\/#breadcrumb"},"inLanguage":"de","potentialAction":[{"@type":"ReadAction","target":["https:\/\/chemuza.org\/de\/impressum\/"]}]},{"@type":"BreadcrumbList","@id":"https:\/\/chemuza.org\/de\/impressum\/#breadcrumb","itemListElement":[{"@type":"ListItem","position":1,"name":"Heim","item":"https:\/\/chemuza.org\/de\/"},{"@type":"ListItem","position":2,"name":"Impressum"}]},{"@type":"WebSite","@id":"https:\/\/chemuza.org\/de\/#website","url":"https:\/\/chemuza.org\/de\/","name":"Chemuza","description":"Ihr Tor zur chemischen Entdeckung","publisher":{"@id":"https:\/\/chemuza.org\/de\/#organization"},"potentialAction":[{"@type":"SearchAction","target":{"@type":"EntryPoint","urlTemplate":"https:\/\/chemuza.org\/de\/?s={search_term_string}"},"query-input":"required name=search_term_string"}],"inLanguage":"de"},{"@type":"Organization","@id":"https:\/\/chemuza.org\/de\/#organization","name":"Chemuza","url":"https:\/\/chemuza.org\/de\/","logo":{"@type":"ImageObject","inLanguage":"de","@id":"https:\/\/chemuza.org\/de\/#\/schema\/logo\/image\/","url":"https:\/\/chemuza.org\/de\/wp-content\/uploads\/2023\/10\/chemuza-logo.png","contentUrl":"https:\/\/chemuza.org\/de\/wp-content\/uploads\/2023\/10\/chemuza-logo.png","width":387,"height":70,"caption":"Chemuza"},"image":{"@id":"https:\/\/chemuza.org\/de\/#\/schema\/logo\/image\/"}}]}},"yoast_meta":{"yoast_wpseo_title":"","yoast_wpseo_metadesc":"","yoast_wpseo_canonical":""},"_links":{"self":[{"href":"https:\/\/chemuza.org\/de\/wp-json\/wp\/v2\/pages\/1465","targetHints":{"allow":["GET"]}}],"collection":[{"href":"https:\/\/chemuza.org\/de\/wp-json\/wp\/v2\/pages"}],"about":[{"href":"https:\/\/chemuza.org\/de\/wp-json\/wp\/v2\/types\/page"}],"author":[{"embeddable":true,"href":"https:\/\/chemuza.org\/de\/wp-json\/wp\/v2\/users\/1"}],"replies":[{"embeddable":true,"href":"https:\/\/chemuza.org\/de\/wp-json\/wp\/v2\/comments?post=1465"}],"version-history":[{"count":2,"href":"https:\/\/chemuza.org\/de\/wp-json\/wp\/v2\/pages\/1465\/revisions"}],"predecessor-version":[{"id":1675,"href":"https:\/\/chemuza.org\/de\/wp-json\/wp\/v2\/pages\/1465\/revisions\/1675"}],"wp:attachment":[{"href":"https:\/\/chemuza.org\/de\/wp-json\/wp\/v2\/media?parent=1465"}],"curies":[{"name":"wp","href":"https:\/\/api.w.org\/{rel}","templated":true}]}}